{"id":29586,"date":"2025-05-26T09:13:51","date_gmt":"2025-05-26T07:13:51","guid":{"rendered":"https:\/\/impactup.niou.dev\/?page_id=29586"},"modified":"2025-05-26T09:13:51","modified_gmt":"2025-05-26T07:13:51","slug":"reseau-de-franchise-en-recrutement","status":"publish","type":"page","link":"https:\/\/impactup.com\/en\/glossaire\/reseau-de-franchise-en-recrutement\/","title":{"rendered":"Rejoignez notre un r\u00e9seau de franchise en recrutement"},"content":{"rendered":"<div class=\"wpb-content-wrapper\"><p>[vc_row][vc_column width=&#8221;1\/3&#8243;][vc_btn title=&#8221;Voir notre offre&#8221; color=&#8221;secondarycolor&#8221; align=&#8221;center&#8221; css=&#8221;&#8221; link=&#8221;url:https%3A%2F%2Fimpactup.com%2Frecrutement%2F&#8221;][\/vc_column][vc_column width=&#8221;1\/3&#8243;][vc_btn title=&#8221;Confiez-nous votre projet&#8221; color=&#8221;secondarycolor&#8221; align=&#8221;center&#8221; css=&#8221;&#8221; link=&#8221;url:https%3A%2F%2Fimpactup.com%2Fetude-personnalisee%2F&#8221;][\/vc_column][vc_column width=&#8221;1\/3&#8243;][vc_btn title=&#8221;Contactez-nous&#8221; color=&#8221;secondarycolor&#8221; align=&#8221;center&#8221; css=&#8221;&#8221; link=&#8221;url:https%3A%2F%2Fimpactup.com%2Fcontact%2F&#8221;][\/vc_column][\/vc_row][vc_row css=&#8221;.vc_custom_1717658386032{padding-top: 40px !important;padding-bottom: 20px !important;}&#8221;][vc_column][vc_column_text css=&#8221;&#8221;]<\/p>\n<section style=\"text-align: justify;\">\n<h2>Rejoignez notre un r\u00e9seau de franchise en recrutement<\/h2>\n<p><a href=\"https:\/\/impactup.com\/glossaire\/franchise-cabinet-de-recrutement\"><strong>R\u00e9seau de franchise en recrutement<\/strong><\/a> \u00e0 l\u2019expertise \u00e9prouv\u00e9e, ImpactUp offre un mod\u00e8le solide \u00e0 ceux qui souhaitent entreprendre dans un secteur en pleine mutation. Fort de plus de 20\u00a0ans d\u2019exp\u00e9rience, notre cabinet accompagne les professionnels du recrutement dans la cr\u00e9ation et le d\u00e9veloppement de leur propre cabinet, tout en leur apportant des outils performants, une m\u00e9thodologie rigoureuse et une pr\u00e9sence nationale. Alliant autonomie entrepreneuriale et force d\u2019un collectif structur\u00e9, <strong>ImpactUp<\/strong> se distingue par sa sp\u00e9cialisation dans les fonctions commerciales et marketing.<\/p>\n<\/section>\n<p>[\/vc_column_text][\/vc_column][\/vc_row][vc_row][vc_column width=&#8221;1\/3&#8243;][vc_btn title=&#8221;Voir notre offre&#8221; color=&#8221;secondarycolor&#8221; align=&#8221;center&#8221; css=&#8221;&#8221; link=&#8221;url:https%3A%2F%2Fimpactup.com%2Frecrutement%2F&#8221;][\/vc_column][vc_column width=&#8221;1\/3&#8243;][vc_btn title=&#8221;Confiez-nous votre projet&#8221; color=&#8221;secondarycolor&#8221; align=&#8221;center&#8221; css=&#8221;&#8221; link=&#8221;url:https%3A%2F%2Fimpactup.com%2Fetude-personnalisee%2F&#8221;][\/vc_column][vc_column width=&#8221;1\/3&#8243;][vc_btn title=&#8221;Contactez-nous&#8221; color=&#8221;secondarycolor&#8221; align=&#8221;center&#8221; css=&#8221;&#8221; link=&#8221;url:https%3A%2F%2Fimpactup.com%2Fcontact%2F&#8221;][\/vc_column][\/vc_row][vc_row css=&#8221;.vc_custom_1717658445522{padding-top: 40px !important;}&#8221;][vc_column][vc_column_text css=&#8221;&#8221;]<\/p>\n<section style=\"text-align: justify;\">\n<h2>Franchise recrutement, un mod\u00e8le gagnant sur un march\u00e9 tendu<\/h2>\n<p>Dans un environnement o\u00f9 l\u2019identification des talents devient un levier strat\u00e9gique pour les entreprises, le secteur du recrutement est confront\u00e9 \u00e0 une intensification de la concurrence. Trouver des profils qualifi\u00e9s, en particulier dans les fonctions commerciales et marketing, exige aujourd\u2019hui bien plus que la diffusion d\u2019annonces.<\/p>\n<p>Il s\u2019agit de capter des comp\u00e9tences rares, d\u2019\u00e9valuer finement les candidatures et de b\u00e2tir une relation de confiance avec les entreprises clientes. Ce contexte impose aux recruteurs une mont\u00e9e en comp\u00e9tence constante, une sp\u00e9cialisation accrue et des outils adapt\u00e9s pour r\u00e9pondre aux exigences du march\u00e9.<\/p>\n<p>C\u2019est dans cette logique qu\u2019<a href=\"https:\/\/impactup.com\/\"><strong>ImpactUp<\/strong><\/a> d\u00e9ploie depuis plus de 20\u00a0ans une approche fond\u00e9e sur la pr\u00e9cision, l\u2019engagement et la performance. Sp\u00e9cialiste du recrutement commercial et marketing, le cabinet s\u2019appuie sur une \u00e9quipe de consultants exp\u00e9riment\u00e9s, dot\u00e9s d\u2019une connaissance terrain aiguis\u00e9e et d\u2019un sens aff\u00fbt\u00e9 de l\u2019analyse des profils.<\/p>\n<p>Leur m\u00e9thodologie rigoureuse, construite autour d\u2019un diagnostic approfondi des besoins des entreprises, permet de recommander des candidats non seulement comp\u00e9tents, mais aussi en parfaite ad\u00e9quation avec la culture et les enjeux des organisations. \u00c0 cette expertise sectorielle s\u2019ajoute une r\u00e9elle capacit\u00e9 d\u2019accompagnement, incluant des conseils personnalis\u00e9s en structuration d\u2019\u00e9quipes et en strat\u00e9gie commerciale.<\/p>\n<p>ImpactUp se distingue \u00e9galement par la puissance de son <a href=\"https:\/\/impactup.com\/glossaire\/franchise-recrutement\"><strong>r\u00e9seau de franchise en recrutement<\/strong><\/a>. Pr\u00e9sent dans plusieurs grandes villes fran\u00e7aises, ce r\u00e9seau offre un cadre structur\u00e9 \u00e0 ceux qui souhaitent ouvrir leur propre cabinet tout en s\u2019appuyant sur une marque reconnue, des outils performants et un accompagnement op\u00e9rationnel.<\/p>\n<p>Notre organisation f\u00e9d\u00e8re des entrepreneurs engag\u00e9s, b\u00e9n\u00e9ficiant de l\u2019agilit\u00e9 d\u2019une structure ind\u00e9pendante alli\u00e9e \u00e0 la force d\u2019un r\u00e9seau collaboratif. Rejoindre le r\u00e9seau <strong>ImpactUp<\/strong>, c\u2019est faire le choix d\u2019un mod\u00e8le \u00e9prouv\u00e9 qui conjugue expertise m\u00e9tier, proximit\u00e9 client et dynamisme entrepreneurial.<\/p>\n<h2>ImpactUp, un partenaire \u00e0 vos c\u00f4t\u00e9s<\/h2>\n<p>Face \u00e0 un march\u00e9 du recrutement en constante \u00e9volution, les consultants et cabinets ind\u00e9pendants sont de plus en plus nombreux \u00e0 rechercher un cadre structurant pour d\u00e9velopper durablement leur activit\u00e9. Le <a href=\"https:\/\/impactup.com\/glossaire\/franchise-rh\"><strong>r\u00e9seau de franchise en recrutement<\/strong><\/a> propos\u00e9 par ImpactUp leur apporte une solution compl\u00e8te, pens\u00e9e pour conjuguer autonomie entrepreneuriale et soutien op\u00e9rationnel de haut niveau.<\/p>\n<p>Notre cabinet a construit un mod\u00e8le d\u2019accompagnement solide, ax\u00e9 sur la sp\u00e9cialisation commerciale et marketing. Les membres de son r\u00e9seau b\u00e9n\u00e9ficient d\u2019outils performants, d\u2019une m\u00e9thodologie \u00e9prouv\u00e9e, d\u2019un acc\u00e8s \u00e0 des ressources mutualis\u00e9es ainsi que d\u2019un appui quotidien dans le pilotage de leur activit\u00e9. Un tel dispositif permet \u00e0 chaque franchis\u00e9 de se concentrer pleinement sur son c\u0153ur de m\u00e9tier\u00a0: la recherche et la s\u00e9lection de profils pertinents pour ses clients.<\/p>\n<p>Int\u00e9grer le r\u00e9seau <strong>ImpactUp<\/strong>, c\u2019est \u00e9galement rejoindre une communaut\u00e9 de professionnels engag\u00e9s, qui partagent leurs bonnes pratiques, avancent ensemble et capitalisent sur une marque reconnue pour son efficacit\u00e9 et sa pertinence sectorielle.<\/p>\n<\/section>\n<p>[\/vc_column_text][\/vc_column][\/vc_row]<\/p>\n<\/div>","protected":false},"excerpt":{"rendered":"<p>[vc_row][vc_column width=&#8221;1\/3&#8243;][vc_btn title=&#8221;Voir notre offre&#8221; color=&#8221;secondarycolor&#8221; align=&#8221;center&#8221; css=&#8221;&#8221; link=&#8221;url:https%3A%2F%2Fimpactup.com%2Frecrutement%2F&#8221;][\/vc_column][vc_column width=&#8221;1\/3&#8243;][vc_btn title=&#8221;Confiez-nous votre projet&#8221; color=&#8221;secondarycolor&#8221; align=&#8221;center&#8221; css=&#8221;&#8221; link=&#8221;url:https%3A%2F%2Fimpactup.com%2Fetude-personnalisee%2F&#8221;][\/vc_column][vc_column width=&#8221;1\/3&#8243;][vc_btn title=&#8221;Contactez-nous&#8221; color=&#8221;secondarycolor&#8221; align=&#8221;center&#8221; css=&#8221;&#8221; link=&#8221;url:https%3A%2F%2Fimpactup.com%2Fcontact%2F&#8221;][\/vc_column][\/vc_row][vc_row css=&#8221;.vc_custom_1717658386032{padding-top: 40px !important;padding-bottom: 20px !important;}&#8221;][vc_column][vc_column_text css=&#8221;&#8221;] Rejoignez notre un r\u00e9seau de franchise en recrutement R\u00e9seau de franchise en recrutement \u00e0 l\u2019expertise \u00e9prouv\u00e9e, ImpactUp offre un mod\u00e8le solide \u00e0 ceux qui souhaitent entreprendre [&hellip;]<\/p>\n","protected":false},"author":4,"featured_media":0,"parent":17218,"menu_order":0,"comment_status":"closed","ping_status":"closed","template":"","meta":{"_monsterinsights_skip_tracking":false,"_monsterinsights_sitenote_active":false,"_monsterinsights_sitenote_note":"","_monsterinsights_sitenote_category":0,"footnotes":""},"class_list":["post-29586","page","type-page","status-publish","hentry"],"yoast_head":"<!-- This site is optimized with the Yoast SEO plugin v27.0 - https:\/\/yoast.com\/product\/yoast-seo-wordpress\/ -->\n<title>Un r\u00e9seau de franchise en recrutement au service de votre performance<\/title>\n<meta name=\"description\" content=\"Profitez de notre r\u00e9seau de franchise en recrutement pour d\u00e9nicher les meilleurs talents. D\u00e9couvrez le r\u00e9seau de franchise en recrutement d\u2019ImpactUp.\" \/>\n<meta name=\"robots\" content=\"index, follow, max-snippet:-1, max-image-preview:large, max-video-preview:-1\" \/>\n<link rel=\"canonical\" href=\"https:\/\/impactup.com\/en\/glossaire\/reseau-de-franchise-en-recrutement\/\" \/>\n<meta property=\"og:locale\" content=\"en_US\" \/>\n<meta property=\"og:type\" content=\"article\" \/>\n<meta property=\"og:title\" content=\"Un r\u00e9seau de franchise en recrutement au service de votre performance\" \/>\n<meta property=\"og:description\" content=\"Profitez de notre r\u00e9seau de franchise en recrutement pour d\u00e9nicher les meilleurs talents. D\u00e9couvrez le r\u00e9seau de franchise en recrutement d\u2019ImpactUp.\" \/>\n<meta property=\"og:url\" content=\"https:\/\/impactup.com\/en\/glossaire\/reseau-de-franchise-en-recrutement\/\" \/>\n<meta property=\"og:site_name\" content=\"ImpactUp\" \/>\n<meta property=\"og:image\" content=\"https:\/\/impactup.com\/wp-content\/uploads\/2021\/01\/og.jpg\" \/>\n\t<meta property=\"og:image:width\" content=\"1067\" \/>\n\t<meta property=\"og:image:height\" content=\"600\" \/>\n\t<meta property=\"og:image:type\" content=\"image\/jpeg\" \/>\n<meta name=\"twitter:card\" content=\"summary_large_image\" \/>\n<meta name=\"twitter:label1\" content=\"Est. reading time\" \/>\n\t<meta name=\"twitter:data1\" content=\"4 minutes\" \/>\n<script type=\"application\/ld+json\" class=\"yoast-schema-graph\">{\"@context\":\"https:\/\/schema.org\",\"@graph\":[{\"@type\":\"WebPage\",\"@id\":\"https:\/\/impactup.com\/en\/glossaire\/reseau-de-franchise-en-recrutement\/\",\"url\":\"https:\/\/impactup.com\/en\/glossaire\/reseau-de-franchise-en-recrutement\/\",\"name\":\"Un r\u00e9seau de franchise en recrutement au service de votre performance\",\"isPartOf\":{\"@id\":\"https:\/\/impactup.com\/en\/#website\"},\"datePublished\":\"2025-05-26T07:13:51+00:00\",\"description\":\"Profitez de notre r\u00e9seau de franchise en recrutement pour d\u00e9nicher les meilleurs talents. D\u00e9couvrez le r\u00e9seau de franchise en recrutement d\u2019ImpactUp.\",\"breadcrumb\":{\"@id\":\"https:\/\/impactup.com\/en\/glossaire\/reseau-de-franchise-en-recrutement\/#breadcrumb\"},\"inLanguage\":\"en-US\",\"potentialAction\":[{\"@type\":\"ReadAction\",\"target\":[\"https:\/\/impactup.com\/en\/glossaire\/reseau-de-franchise-en-recrutement\/\"]}]},{\"@type\":\"BreadcrumbList\",\"@id\":\"https:\/\/impactup.com\/en\/glossaire\/reseau-de-franchise-en-recrutement\/#breadcrumb\",\"itemListElement\":[{\"@type\":\"ListItem\",\"position\":1,\"name\":\"Accueil\",\"item\":\"https:\/\/impactup.com\/en\/\"},{\"@type\":\"ListItem\",\"position\":2,\"name\":\"Glossaire\",\"item\":\"https:\/\/impactup.com\/en\/glossaire\/\"},{\"@type\":\"ListItem\",\"position\":3,\"name\":\"Rejoignez notre un r\u00e9seau de franchise en recrutement\"}]},{\"@type\":\"WebSite\",\"@id\":\"https:\/\/impactup.com\/en\/#website\",\"url\":\"https:\/\/impactup.com\/en\/\",\"name\":\"ImpactUp\",\"description\":\"Recrutement commerciaux, directions commerciales et fonctions marketing\",\"potentialAction\":[{\"@type\":\"SearchAction\",\"target\":{\"@type\":\"EntryPoint\",\"urlTemplate\":\"https:\/\/impactup.com\/en\/?s={search_term_string}\"},\"query-input\":{\"@type\":\"PropertyValueSpecification\",\"valueRequired\":true,\"valueName\":\"search_term_string\"}}],\"inLanguage\":\"en-US\"}]}<\/script>\n<!-- \/ Yoast SEO plugin. -->","yoast_head_json":{"title":"Un r\u00e9seau de franchise en recrutement au service de votre performance","description":"Profitez de notre r\u00e9seau de franchise en recrutement pour d\u00e9nicher les meilleurs talents. D\u00e9couvrez le r\u00e9seau de franchise en recrutement d\u2019ImpactUp.","robots":{"index":"index","follow":"follow","max-snippet":"max-snippet:-1","max-image-preview":"max-image-preview:large","max-video-preview":"max-video-preview:-1"},"canonical":"https:\/\/impactup.com\/en\/glossaire\/reseau-de-franchise-en-recrutement\/","og_locale":"en_US","og_type":"article","og_title":"Un r\u00e9seau de franchise en recrutement au service de votre performance","og_description":"Profitez de notre r\u00e9seau de franchise en recrutement pour d\u00e9nicher les meilleurs talents. D\u00e9couvrez le r\u00e9seau de franchise en recrutement d\u2019ImpactUp.","og_url":"https:\/\/impactup.com\/en\/glossaire\/reseau-de-franchise-en-recrutement\/","og_site_name":"ImpactUp","og_image":[{"width":1067,"height":600,"url":"https:\/\/impactup.com\/wp-content\/uploads\/2021\/01\/og.jpg","type":"image\/jpeg"}],"twitter_card":"summary_large_image","twitter_misc":{"Est. reading time":"4 minutes"},"schema":{"@context":"https:\/\/schema.org","@graph":[{"@type":"WebPage","@id":"https:\/\/impactup.com\/en\/glossaire\/reseau-de-franchise-en-recrutement\/","url":"https:\/\/impactup.com\/en\/glossaire\/reseau-de-franchise-en-recrutement\/","name":"Un r\u00e9seau de franchise en recrutement au service de votre performance","isPartOf":{"@id":"https:\/\/impactup.com\/en\/#website"},"datePublished":"2025-05-26T07:13:51+00:00","description":"Profitez de notre r\u00e9seau de franchise en recrutement pour d\u00e9nicher les meilleurs talents. D\u00e9couvrez le r\u00e9seau de franchise en recrutement d\u2019ImpactUp.","breadcrumb":{"@id":"https:\/\/impactup.com\/en\/glossaire\/reseau-de-franchise-en-recrutement\/#breadcrumb"},"inLanguage":"en-US","potentialAction":[{"@type":"ReadAction","target":["https:\/\/impactup.com\/en\/glossaire\/reseau-de-franchise-en-recrutement\/"]}]},{"@type":"BreadcrumbList","@id":"https:\/\/impactup.com\/en\/glossaire\/reseau-de-franchise-en-recrutement\/#breadcrumb","itemListElement":[{"@type":"ListItem","position":1,"name":"Accueil","item":"https:\/\/impactup.com\/en\/"},{"@type":"ListItem","position":2,"name":"Glossaire","item":"https:\/\/impactup.com\/en\/glossaire\/"},{"@type":"ListItem","position":3,"name":"Rejoignez notre un r\u00e9seau de franchise en recrutement"}]},{"@type":"WebSite","@id":"https:\/\/impactup.com\/en\/#website","url":"https:\/\/impactup.com\/en\/","name":"ImpactUp","description":"Recrutement commerciaux, directions commerciales et fonctions marketing","potentialAction":[{"@type":"SearchAction","target":{"@type":"EntryPoint","urlTemplate":"https:\/\/impactup.com\/en\/?s={search_term_string}"},"query-input":{"@type":"PropertyValueSpecification","valueRequired":true,"valueName":"search_term_string"}}],"inLanguage":"en-US"}]}},"_links":{"self":[{"href":"https:\/\/impactup.com\/en\/wp-json\/wp\/v2\/pages\/29586","targetHints":{"allow":["GET"]}}],"collection":[{"href":"https:\/\/impactup.com\/en\/wp-json\/wp\/v2\/pages"}],"about":[{"href":"https:\/\/impactup.com\/en\/wp-json\/wp\/v2\/types\/page"}],"author":[{"embeddable":true,"href":"https:\/\/impactup.com\/en\/wp-json\/wp\/v2\/users\/4"}],"replies":[{"embeddable":true,"href":"https:\/\/impactup.com\/en\/wp-json\/wp\/v2\/comments?post=29586"}],"version-history":[{"count":2,"href":"https:\/\/impactup.com\/en\/wp-json\/wp\/v2\/pages\/29586\/revisions"}],"predecessor-version":[{"id":29588,"href":"https:\/\/impactup.com\/en\/wp-json\/wp\/v2\/pages\/29586\/revisions\/29588"}],"up":[{"embeddable":true,"href":"https:\/\/impactup.com\/en\/wp-json\/wp\/v2\/pages\/17218"}],"wp:attachment":[{"href":"https:\/\/impactup.com\/en\/wp-json\/wp\/v2\/media?parent=29586"}],"curies":[{"name":"wp","href":"https:\/\/api.w.org\/{rel}","templated":true}]}}