{"id":29581,"date":"2025-05-26T08:59:12","date_gmt":"2025-05-26T06:59:12","guid":{"rendered":"https:\/\/impactup.niou.dev\/?page_id=29581"},"modified":"2025-05-26T08:59:12","modified_gmt":"2025-05-26T06:59:12","slug":"ouvrir-son-cabinet-de-recrutement-2","status":"publish","type":"page","link":"https:\/\/impactup.com\/en\/glossaire\/ouvrir-son-cabinet-de-recrutement-2\/","title":{"rendered":"Ouvrir son cabinet de recrutement avec un expert"},"content":{"rendered":"<div class=\"wpb-content-wrapper\"><p>[vc_row][vc_column width=&#8221;1\/3&#8243;][vc_btn title=&#8221;Voir notre offre&#8221; color=&#8221;secondarycolor&#8221; align=&#8221;center&#8221; css=&#8221;&#8221; link=&#8221;url:https%3A%2F%2Fimpactup.com%2Frecrutement%2F&#8221;][\/vc_column][vc_column width=&#8221;1\/3&#8243;][vc_btn title=&#8221;Confiez-nous votre projet&#8221; color=&#8221;secondarycolor&#8221; align=&#8221;center&#8221; css=&#8221;&#8221; link=&#8221;url:https%3A%2F%2Fimpactup.com%2Fetude-personnalisee%2F&#8221;][\/vc_column][vc_column width=&#8221;1\/3&#8243;][vc_btn title=&#8221;Contactez-nous&#8221; color=&#8221;secondarycolor&#8221; align=&#8221;center&#8221; css=&#8221;&#8221; link=&#8221;url:https%3A%2F%2Fimpactup.com%2Fcontact%2F&#8221;][\/vc_column][\/vc_row][vc_row css=&#8221;.vc_custom_1717658386032{padding-top: 40px !important;padding-bottom: 20px !important;}&#8221;][vc_column][vc_column_text css=&#8221;&#8221;]<\/p>\n<section style=\"text-align: justify;\">\n<h2>Ouvrir son cabinet de recrutement avec un expert<\/h2>\n<p><a href=\"https:\/\/impactup.com\/glossaire\/ouvrir-son-cabinet-de-recrutement\/\"><strong>Ouvrir son cabinet de recrutement<\/strong><\/a> est une d\u00e9marche strat\u00e9gique qui allie ind\u00e9pendance et expertise. Toutefois, ce projet exige une solide ma\u00eetrise des processus d\u2019acquisition de talents ainsi qu\u2019une gestion efficace de l\u2019activit\u00e9 commerciale. <strong>ImpactUp<\/strong> propose un accompagnement complet pour r\u00e9ussir cette aventure. Gr\u00e2ce \u00e0 son expertise reconnue, son r\u00e9seau \u00e9tendu et ses formations sur mesure, notre cabinet est en mesure de fournir \u00e0 ses partenaires les ressources n\u00e9cessaires pour s\u2019implanter rapidement, optimiser leur activit\u00e9 et se diff\u00e9rencier sur le march\u00e9 concurrentiel du recrutement.<\/p>\n<\/section>\n<p>[\/vc_column_text][\/vc_column][\/vc_row][vc_row][vc_column width=&#8221;1\/3&#8243;][vc_btn title=&#8221;Voir notre offre&#8221; color=&#8221;secondarycolor&#8221; align=&#8221;center&#8221; css=&#8221;&#8221; link=&#8221;url:https%3A%2F%2Fimpactup.com%2Frecrutement%2F&#8221;][\/vc_column][vc_column width=&#8221;1\/3&#8243;][vc_btn title=&#8221;Confiez-nous votre projet&#8221; color=&#8221;secondarycolor&#8221; align=&#8221;center&#8221; css=&#8221;&#8221; link=&#8221;url:https%3A%2F%2Fimpactup.com%2Fetude-personnalisee%2F&#8221;][\/vc_column][vc_column width=&#8221;1\/3&#8243;][vc_btn title=&#8221;Contactez-nous&#8221; color=&#8221;secondarycolor&#8221; align=&#8221;center&#8221; css=&#8221;&#8221; link=&#8221;url:https%3A%2F%2Fimpactup.com%2Fcontact%2F&#8221;][\/vc_column][\/vc_row][vc_row css=&#8221;.vc_custom_1717658445522{padding-top: 40px !important;}&#8221;][vc_column][vc_column_text css=&#8221;&#8221;]<\/p>\n<section style=\"text-align: justify;\">\n<h2>Les cabinets de recrutement \u00e0 l\u2019\u00e9preuve des d\u00e9fis contemporains<\/h2>\n<p>Le secteur du recrutement est plus comp\u00e9titif que jamais. Face \u00e0 la digitalisation, \u00e0 l\u2019\u00e9volution des attentes des entreprises et des candidats, ainsi qu\u2019\u00e0 la diversit\u00e9 des m\u00e9tiers, les recruteurs \u00e9voluent dans un environnement dynamique et exigeant.<\/p>\n<p>Leur mission s\u2019av\u00e8re aujourd\u2019hui d\u00e9terminante\u00a0: satisfaire les demandes de comp\u00e9tences pointues, soutenir l\u2019expansion des organisations et d\u00e9celer les talents porteurs de valeur ajout\u00e9e. Pour atteindre ces objectifs, une simple ma\u00eetrise des techniques d\u2019embauche ne suffit plus\u00a0: une diff\u00e9renciation marqu\u00e9e est indispensable. L\u2019aptitude \u00e0 saisir les complexit\u00e9s des m\u00e9tiers, \u00e0 sugg\u00e9rer des approches novatrices et \u00e0 fournir un service sur mesure constitue un imp\u00e9ratif pour \u00e9tablir sa r\u00e9putation et assurer la long\u00e9vit\u00e9 de son entreprise.<\/p>\n<p>Face \u00e0 ces imp\u00e9ratifs, s\u2019associer \u00e0 un r\u00e9seau \u00e9tabli tel qu\u2019<strong>ImpactUp<\/strong> repr\u00e9sente une opportunit\u00e9 strat\u00e9gique pour <a href=\"https:\/\/impactup.com\/glossaire\/licence-de-marque-recrutement\"><strong>ouvrir son propre cabinet de recrutement<\/strong><\/a> et assurer sa p\u00e9rennit\u00e9. Fort de son exp\u00e9rience \u00e9prouv\u00e9e dans l\u2019acquisition de talents commerciaux et marketing, notre cabinet offre un cadre structurant et un accompagnement sur mesure aux entrepreneurs ambitieux. Int\u00e9grer ce r\u00e9seau permet de b\u00e9n\u00e9ficier d\u2019une notori\u00e9t\u00e9 de marque reconnue, d\u2019un acc\u00e8s \u00e0 un vivier de candidats qualifi\u00e9s et d\u2019outils op\u00e9rationnels performants.<\/p>\n<h2>Un parcours facilit\u00e9 gr\u00e2ce \u00e0 l\u2019accompagnement ImpactUp<\/h2>\n<p>ImpactUp est un cabinet de recrutement de premier plan, reconnu pour son savoir-faire dans la recherche et le placement de talents. Notre compr\u00e9hension approfondie des dynamiques du march\u00e9 et des imp\u00e9ratifs sp\u00e9cifiques des entreprises constitue le fondement d\u2019un accompagnement sur mesure, con\u00e7u pour transformer votre vision en une r\u00e9alit\u00e9 florissante. <a href=\"https:\/\/impactup.com\/glossaire\/formation-consultant-en-recrutement\"><strong>Ouvrir son cabinet de recrutement<\/strong><\/a> avec le soutien d\u2019<strong>ImpactUp<\/strong> repr\u00e9sente une d\u00e9marche strat\u00e9gique pour s\u2019implanter durablement dans un secteur en constante \u00e9volution.<\/p>\n<p>S\u2019associer \u00e0 notre r\u00e9seau procure une multitude d\u2019avantages concrets d\u00e8s les premiers instants de votre projet. Vous b\u00e9n\u00e9ficiez de la notori\u00e9t\u00e9 d\u2019une marque \u00e9tablie, synonyme de confiance et de professionnalisme aupr\u00e8s des entreprises et des candidats. L\u2019acc\u00e8s \u00e0 nos outils technologiques performants, incluant une plateforme de gestion des candidatures optimis\u00e9e et des supports marketing percutants, vous permet de gagner en efficacit\u00e9 et d\u2019accro\u00eetre votre visibilit\u00e9.<\/p>\n<p>Au-del\u00e0 de cette phase de lancement, <a href=\"https:\/\/impactup.com\/\"><strong>ImpactUp<\/strong><\/a> s\u2019engage \u00e0 vos c\u00f4t\u00e9s par un soutien continu, un partage de connaissances au sein d\u2019une communaut\u00e9 dynamique et un accompagnement personnalis\u00e9 pour d\u00e9velopper votre portefeuille de client\u00e8le et optimiser vos op\u00e9rations. Cette synergie entre votre ambition entrepreneuriale et notre expertise sectorielle constitue un atout majeur pour prosp\u00e9rer dans l\u2019univers comp\u00e9titif du recrutement. N\u2019h\u00e9sitez pas \u00e0 nous contacter pour de plus amples informations.<\/p>\n<\/section>\n<p>[\/vc_column_text][\/vc_column][\/vc_row]<\/p>\n<\/div>","protected":false},"excerpt":{"rendered":"<p>[vc_row][vc_column width=&#8221;1\/3&#8243;][vc_btn title=&#8221;Voir notre offre&#8221; color=&#8221;secondarycolor&#8221; align=&#8221;center&#8221; css=&#8221;&#8221; link=&#8221;url:https%3A%2F%2Fimpactup.com%2Frecrutement%2F&#8221;][\/vc_column][vc_column width=&#8221;1\/3&#8243;][vc_btn title=&#8221;Confiez-nous votre projet&#8221; color=&#8221;secondarycolor&#8221; align=&#8221;center&#8221; css=&#8221;&#8221; link=&#8221;url:https%3A%2F%2Fimpactup.com%2Fetude-personnalisee%2F&#8221;][\/vc_column][vc_column width=&#8221;1\/3&#8243;][vc_btn title=&#8221;Contactez-nous&#8221; color=&#8221;secondarycolor&#8221; align=&#8221;center&#8221; css=&#8221;&#8221; link=&#8221;url:https%3A%2F%2Fimpactup.com%2Fcontact%2F&#8221;][\/vc_column][\/vc_row][vc_row css=&#8221;.vc_custom_1717658386032{padding-top: 40px !important;padding-bottom: 20px !important;}&#8221;][vc_column][vc_column_text css=&#8221;&#8221;] Ouvrir son cabinet de recrutement avec un expert Ouvrir son cabinet de recrutement est une d\u00e9marche strat\u00e9gique qui allie ind\u00e9pendance et expertise. Toutefois, ce projet exige [&hellip;]<\/p>\n","protected":false},"author":4,"featured_media":0,"parent":17218,"menu_order":0,"comment_status":"closed","ping_status":"closed","template":"","meta":{"_monsterinsights_skip_tracking":false,"_monsterinsights_sitenote_active":false,"_monsterinsights_sitenote_note":"","_monsterinsights_sitenote_category":0,"footnotes":""},"class_list":["post-29581","page","type-page","status-publish","hentry"],"yoast_head":"<!-- This site is optimized with the Yoast SEO plugin v27.0 - https:\/\/yoast.com\/product\/yoast-seo-wordpress\/ -->\n<title>Ouvrir son propre cabinet de recrutement, un d\u00e9fi stimulant<\/title>\n<meta name=\"description\" content=\"Ouvrir son cabinet de recrutement offre une opportunit\u00e9 id\u00e9ale pour allier autonomie et expertise. Comment ouvrir son cabinet de recrutement avec l\u2019aide d\u2019ImpactUp\" \/>\n<meta name=\"robots\" content=\"index, follow, max-snippet:-1, max-image-preview:large, max-video-preview:-1\" \/>\n<link rel=\"canonical\" href=\"https:\/\/impactup.com\/en\/glossaire\/ouvrir-son-cabinet-de-recrutement-2\/\" \/>\n<meta property=\"og:locale\" content=\"en_US\" \/>\n<meta property=\"og:type\" content=\"article\" \/>\n<meta property=\"og:title\" content=\"Ouvrir son propre cabinet de recrutement, un d\u00e9fi stimulant\" \/>\n<meta property=\"og:description\" content=\"Ouvrir son cabinet de recrutement offre une opportunit\u00e9 id\u00e9ale pour allier autonomie et expertise. Comment ouvrir son cabinet de recrutement avec l\u2019aide d\u2019ImpactUp\" \/>\n<meta property=\"og:url\" content=\"https:\/\/impactup.com\/en\/glossaire\/ouvrir-son-cabinet-de-recrutement-2\/\" \/>\n<meta property=\"og:site_name\" content=\"ImpactUp\" \/>\n<meta property=\"og:image\" content=\"https:\/\/impactup.com\/wp-content\/uploads\/2021\/01\/og.jpg\" \/>\n\t<meta property=\"og:image:width\" content=\"1067\" \/>\n\t<meta property=\"og:image:height\" content=\"600\" \/>\n\t<meta property=\"og:image:type\" content=\"image\/jpeg\" \/>\n<meta name=\"twitter:card\" content=\"summary_large_image\" \/>\n<meta name=\"twitter:label1\" content=\"Est. reading time\" \/>\n\t<meta name=\"twitter:data1\" content=\"3 minutes\" \/>\n<script type=\"application\/ld+json\" class=\"yoast-schema-graph\">{\"@context\":\"https:\/\/schema.org\",\"@graph\":[{\"@type\":\"WebPage\",\"@id\":\"https:\/\/impactup.com\/en\/glossaire\/ouvrir-son-cabinet-de-recrutement-2\/\",\"url\":\"https:\/\/impactup.com\/en\/glossaire\/ouvrir-son-cabinet-de-recrutement-2\/\",\"name\":\"Ouvrir son propre cabinet de recrutement, un d\u00e9fi stimulant\",\"isPartOf\":{\"@id\":\"https:\/\/impactup.com\/en\/#website\"},\"datePublished\":\"2025-05-26T06:59:12+00:00\",\"description\":\"Ouvrir son cabinet de recrutement offre une opportunit\u00e9 id\u00e9ale pour allier autonomie et expertise. Comment ouvrir son cabinet de recrutement avec l\u2019aide d\u2019ImpactUp\",\"breadcrumb\":{\"@id\":\"https:\/\/impactup.com\/en\/glossaire\/ouvrir-son-cabinet-de-recrutement-2\/#breadcrumb\"},\"inLanguage\":\"en-US\",\"potentialAction\":[{\"@type\":\"ReadAction\",\"target\":[\"https:\/\/impactup.com\/en\/glossaire\/ouvrir-son-cabinet-de-recrutement-2\/\"]}]},{\"@type\":\"BreadcrumbList\",\"@id\":\"https:\/\/impactup.com\/en\/glossaire\/ouvrir-son-cabinet-de-recrutement-2\/#breadcrumb\",\"itemListElement\":[{\"@type\":\"ListItem\",\"position\":1,\"name\":\"Accueil\",\"item\":\"https:\/\/impactup.com\/en\/\"},{\"@type\":\"ListItem\",\"position\":2,\"name\":\"Glossaire\",\"item\":\"https:\/\/impactup.com\/en\/glossaire\/\"},{\"@type\":\"ListItem\",\"position\":3,\"name\":\"Ouvrir son cabinet de recrutement avec un expert\"}]},{\"@type\":\"WebSite\",\"@id\":\"https:\/\/impactup.com\/en\/#website\",\"url\":\"https:\/\/impactup.com\/en\/\",\"name\":\"ImpactUp\",\"description\":\"Recrutement commerciaux, directions commerciales et fonctions marketing\",\"potentialAction\":[{\"@type\":\"SearchAction\",\"target\":{\"@type\":\"EntryPoint\",\"urlTemplate\":\"https:\/\/impactup.com\/en\/?s={search_term_string}\"},\"query-input\":{\"@type\":\"PropertyValueSpecification\",\"valueRequired\":true,\"valueName\":\"search_term_string\"}}],\"inLanguage\":\"en-US\"}]}<\/script>\n<!-- \/ Yoast SEO plugin. -->","yoast_head_json":{"title":"Ouvrir son propre cabinet de recrutement, un d\u00e9fi stimulant","description":"Ouvrir son cabinet de recrutement offre une opportunit\u00e9 id\u00e9ale pour allier autonomie et expertise. Comment ouvrir son cabinet de recrutement avec l\u2019aide d\u2019ImpactUp","robots":{"index":"index","follow":"follow","max-snippet":"max-snippet:-1","max-image-preview":"max-image-preview:large","max-video-preview":"max-video-preview:-1"},"canonical":"https:\/\/impactup.com\/en\/glossaire\/ouvrir-son-cabinet-de-recrutement-2\/","og_locale":"en_US","og_type":"article","og_title":"Ouvrir son propre cabinet de recrutement, un d\u00e9fi stimulant","og_description":"Ouvrir son cabinet de recrutement offre une opportunit\u00e9 id\u00e9ale pour allier autonomie et expertise. Comment ouvrir son cabinet de recrutement avec l\u2019aide d\u2019ImpactUp","og_url":"https:\/\/impactup.com\/en\/glossaire\/ouvrir-son-cabinet-de-recrutement-2\/","og_site_name":"ImpactUp","og_image":[{"width":1067,"height":600,"url":"https:\/\/impactup.com\/wp-content\/uploads\/2021\/01\/og.jpg","type":"image\/jpeg"}],"twitter_card":"summary_large_image","twitter_misc":{"Est. reading time":"3 minutes"},"schema":{"@context":"https:\/\/schema.org","@graph":[{"@type":"WebPage","@id":"https:\/\/impactup.com\/en\/glossaire\/ouvrir-son-cabinet-de-recrutement-2\/","url":"https:\/\/impactup.com\/en\/glossaire\/ouvrir-son-cabinet-de-recrutement-2\/","name":"Ouvrir son propre cabinet de recrutement, un d\u00e9fi stimulant","isPartOf":{"@id":"https:\/\/impactup.com\/en\/#website"},"datePublished":"2025-05-26T06:59:12+00:00","description":"Ouvrir son cabinet de recrutement offre une opportunit\u00e9 id\u00e9ale pour allier autonomie et expertise. Comment ouvrir son cabinet de recrutement avec l\u2019aide d\u2019ImpactUp","breadcrumb":{"@id":"https:\/\/impactup.com\/en\/glossaire\/ouvrir-son-cabinet-de-recrutement-2\/#breadcrumb"},"inLanguage":"en-US","potentialAction":[{"@type":"ReadAction","target":["https:\/\/impactup.com\/en\/glossaire\/ouvrir-son-cabinet-de-recrutement-2\/"]}]},{"@type":"BreadcrumbList","@id":"https:\/\/impactup.com\/en\/glossaire\/ouvrir-son-cabinet-de-recrutement-2\/#breadcrumb","itemListElement":[{"@type":"ListItem","position":1,"name":"Accueil","item":"https:\/\/impactup.com\/en\/"},{"@type":"ListItem","position":2,"name":"Glossaire","item":"https:\/\/impactup.com\/en\/glossaire\/"},{"@type":"ListItem","position":3,"name":"Ouvrir son cabinet de recrutement avec un expert"}]},{"@type":"WebSite","@id":"https:\/\/impactup.com\/en\/#website","url":"https:\/\/impactup.com\/en\/","name":"ImpactUp","description":"Recrutement commerciaux, directions commerciales et fonctions marketing","potentialAction":[{"@type":"SearchAction","target":{"@type":"EntryPoint","urlTemplate":"https:\/\/impactup.com\/en\/?s={search_term_string}"},"query-input":{"@type":"PropertyValueSpecification","valueRequired":true,"valueName":"search_term_string"}}],"inLanguage":"en-US"}]}},"_links":{"self":[{"href":"https:\/\/impactup.com\/en\/wp-json\/wp\/v2\/pages\/29581","targetHints":{"allow":["GET"]}}],"collection":[{"href":"https:\/\/impactup.com\/en\/wp-json\/wp\/v2\/pages"}],"about":[{"href":"https:\/\/impactup.com\/en\/wp-json\/wp\/v2\/types\/page"}],"author":[{"embeddable":true,"href":"https:\/\/impactup.com\/en\/wp-json\/wp\/v2\/users\/4"}],"replies":[{"embeddable":true,"href":"https:\/\/impactup.com\/en\/wp-json\/wp\/v2\/comments?post=29581"}],"version-history":[{"count":1,"href":"https:\/\/impactup.com\/en\/wp-json\/wp\/v2\/pages\/29581\/revisions"}],"predecessor-version":[{"id":29582,"href":"https:\/\/impactup.com\/en\/wp-json\/wp\/v2\/pages\/29581\/revisions\/29582"}],"up":[{"embeddable":true,"href":"https:\/\/impactup.com\/en\/wp-json\/wp\/v2\/pages\/17218"}],"wp:attachment":[{"href":"https:\/\/impactup.com\/en\/wp-json\/wp\/v2\/media?parent=29581"}],"curies":[{"name":"wp","href":"https:\/\/api.w.org\/{rel}","templated":true}]}}