{"id":29579,"date":"2025-05-26T08:53:38","date_gmt":"2025-05-26T06:53:38","guid":{"rendered":"https:\/\/impactup.niou.dev\/?page_id=29579"},"modified":"2025-05-26T08:54:45","modified_gmt":"2025-05-26T06:54:45","slug":"licence-de-marque-recrutement","status":"publish","type":"page","link":"https:\/\/impactup.com\/en\/glossaire\/licence-de-marque-recrutement\/","title":{"rendered":"D\u00e9veloppez votre activit\u00e9 gr\u00e2ce \u00e0 une licence de marque en recrutement"},"content":{"rendered":"<div class=\"wpb-content-wrapper\"><p>[vc_row][vc_column width=&#8221;1\/3&#8243;][vc_btn title=&#8221;Voir notre offre&#8221; color=&#8221;secondarycolor&#8221; align=&#8221;center&#8221; css=&#8221;&#8221; link=&#8221;url:https%3A%2F%2Fimpactup.com%2Frecrutement%2F&#8221;][\/vc_column][vc_column width=&#8221;1\/3&#8243;][vc_btn title=&#8221;Confiez-nous votre projet&#8221; color=&#8221;secondarycolor&#8221; align=&#8221;center&#8221; css=&#8221;&#8221; link=&#8221;url:https%3A%2F%2Fimpactup.com%2Fetude-personnalisee%2F&#8221;][\/vc_column][vc_column width=&#8221;1\/3&#8243;][vc_btn title=&#8221;Contactez-nous&#8221; color=&#8221;secondarycolor&#8221; align=&#8221;center&#8221; css=&#8221;&#8221; link=&#8221;url:https%3A%2F%2Fimpactup.com%2Fcontact%2F&#8221;][\/vc_column][\/vc_row][vc_row css=&#8221;.vc_custom_1717658386032{padding-top: 40px !important;padding-bottom: 20px !important;}&#8221;][vc_column][vc_column_text css=&#8221;&#8221;]<\/p>\n<section style=\"text-align: justify;\">\n<h2>D\u00e9veloppez votre activit\u00e9 gr\u00e2ce \u00e0 une licence de marque en recrutement<\/h2>\n<p>Vous \u00eates un professionnel du recrutement d\u00e9sireux de franchir une nouvelle \u00e9tape\u2009? La <a href=\"https:\/\/impactup.com\/glossaire\/creer-une-agence-de-recrutement-independant\"><strong>licence de marque recrutement<\/strong><\/a> ImpactUp vous ouvre les portes d\u2019un mod\u00e8le \u00e9prouv\u00e9, adoss\u00e9 \u00e0 une solide expertise dans l\u2019acquisition de talents commerciaux et marketing. Lancez votre propre cabinet en vous appuyant sur notre notori\u00e9t\u00e9, nos outils performants et un accompagnement sur mesure. Notre mod\u00e8le vous offre un cadre structurant pour une croissance soutenue, tout en vous laissant l\u2019autonomie n\u00e9cessaire pour piloter votre succ\u00e8s.<\/p>\n<\/section>\n<p>[\/vc_column_text][\/vc_column][\/vc_row][vc_row][vc_column width=&#8221;1\/3&#8243;][vc_btn title=&#8221;Voir notre offre&#8221; color=&#8221;secondarycolor&#8221; align=&#8221;center&#8221; css=&#8221;&#8221; link=&#8221;url:https%3A%2F%2Fimpactup.com%2Frecrutement%2F&#8221;][\/vc_column][vc_column width=&#8221;1\/3&#8243;][vc_btn title=&#8221;Confiez-nous votre projet&#8221; color=&#8221;secondarycolor&#8221; align=&#8221;center&#8221; css=&#8221;&#8221; link=&#8221;url:https%3A%2F%2Fimpactup.com%2Fetude-personnalisee%2F&#8221;][\/vc_column][vc_column width=&#8221;1\/3&#8243;][vc_btn title=&#8221;Contactez-nous&#8221; color=&#8221;secondarycolor&#8221; align=&#8221;center&#8221; css=&#8221;&#8221; link=&#8221;url:https%3A%2F%2Fimpactup.com%2Fcontact%2F&#8221;][\/vc_column][\/vc_row][vc_row css=&#8221;.vc_custom_1717658445522{padding-top: 40px !important;}&#8221;][vc_column][vc_column_text css=&#8221;&#8221;]<\/p>\n<section style=\"text-align: justify;\">\n<h2>La licence de marque en recrutement, un catalyseur de r\u00e9ussite<\/h2>\n<p>Le m\u00e9tier de consultant en recrutement repose sur un \u00e9quilibre exigeant entre expertise m\u00e9tier, sens commercial et capacit\u00e9 d\u2019analyse. Ce professionnel intervient \u00e0 la crois\u00e9e des besoins des entreprises et des aspirations des talents. Identifier les bons profils, comprendre les enjeux des clients, instaurer un climat de confiance et suivre les int\u00e9grations sont autant de missions strat\u00e9giques. \u00c0 cela s\u2019ajoute un d\u00e9fi de taille\u00a0: d\u00e9velopper une activit\u00e9 p\u00e9renne dans un environnement concurrentiel et en constante \u00e9volution.<\/p>\n<p>Dans ce contexte, la <a href=\"https:\/\/impactup.com\/glossaire\/devenir-consultant-en-recrutement-2\"><strong>licence de marque<\/strong> <strong>en<\/strong> <strong>recrutement<\/strong><\/a> se r\u00e9v\u00e8le particuli\u00e8rement pertinente. Elle offre aux consultants ind\u00e9pendants la possibilit\u00e9 de d\u00e9velopper leur activit\u00e9 en toute confiance, en s\u2019adossant \u00e0 une enseigne reconnue, \u00e0 des outils performants et \u00e0 un accompagnement structur\u00e9.<\/p>\n<p>Sp\u00e9cialiste du recrutement dans les fonctions commerciales et marketing, ImpactUp met \u00e0 la disposition des consultants un mod\u00e8le entrepreneurial structurant, pens\u00e9 pour ceux qui souhaitent d\u00e9velopper leur activit\u00e9 en toute ind\u00e9pendance tout en s\u2019int\u00e9grant \u00e0 une organisation collaborative.<\/p>\n<p>Rejoindre notre r\u00e9seau, c\u2019est b\u00e9n\u00e9ficier imm\u00e9diatement d\u2019une cr\u00e9dibilit\u00e9 renforc\u00e9e, de processus \u00e9prouv\u00e9s et d\u2019une base de clients multisectorielle. Les partenaires disposent d\u2019un acc\u00e8s complet \u00e0 des ressources m\u00e9tiers\u00a0: logiciels sp\u00e9cialis\u00e9s, supports commerciaux, outils d\u2019\u00e9valuation, formations continues et assistance d\u00e9di\u00e9e. Ce cadre leur permet de se concentrer pleinement sur leur c\u0153ur de m\u00e9tier\u00a0: accompagner les entreprises dans leurs recrutements et offrir une exp\u00e9rience de qualit\u00e9 aux candidats.<\/p>\n<h2>Une solution strat\u00e9gique pour les consultants en recrutement<\/h2>\n<p>Dans un environnement o\u00f9 les enjeux du recrutement deviennent toujours plus complexes, entre exigence de performance et raret\u00e9 des talents, il devient essentiel pour les consultants ind\u00e9pendants et les cabinets en d\u00e9veloppement de s\u2019appuyer sur des ressources solides. C\u2019est pr\u00e9cis\u00e9ment ce que propose <strong>ImpactUp<\/strong> \u00e0 travers un dispositif de partenariat structurant.<\/p>\n<p>Notre <a href=\"https:\/\/impactup.com\/glossaire\/rejoindre-un-reseau-de-recruteurs-independant\"><strong>licence de marque<\/strong> <strong>en<\/strong> <strong>recrutement<\/strong><\/a> repose sur un mod\u00e8le unique, permettant aux consultants de profiter d\u2019un cadre d\u2019action solide tout en cultivant leur autonomie. En s\u2019appuyant sur l\u2019expertise de notre cabinet, les partenaires ont acc\u00e8s \u00e0 un accompagnement sur mesure, comprenant une formation initiale approfondie et continue, des outils de sourcing de pointe, ainsi qu\u2019une plateforme technologique performante.<\/p>\n<p>Cet accompagnement favorise non seulement une mont\u00e9e en comp\u00e9tences rapide, mais aussi une optimisation des processus de recrutement. Il permet \u00e9galement d\u2019apporter des r\u00e9ponses flexibles et pertinentes aux attentes des entreprises.<\/p>\n<p>L\u2019approche collective constitue l\u2019un des atouts majeurs de cette formule. En int\u00e9grant le r\u00e9seau <a href=\"https:\/\/impactup.com\/\"><strong>ImpactUp<\/strong><\/a>, les consultants b\u00e9n\u00e9ficient de l\u2019attractivit\u00e9 d\u2019une marque reconnue, d\u2019un acc\u00e8s \u00e0 un portefeuille de clients qualifi\u00e9s ainsi que de la possibilit\u00e9 de partager des exp\u00e9riences et de bonnes pratiques au sein d\u2019une communaut\u00e9 active.<\/p>\n<\/section>\n<p>[\/vc_column_text][\/vc_column][\/vc_row]<\/p>\n<\/div>","protected":false},"excerpt":{"rendered":"<p>[vc_row][vc_column width=&#8221;1\/3&#8243;][vc_btn title=&#8221;Voir notre offre&#8221; color=&#8221;secondarycolor&#8221; align=&#8221;center&#8221; css=&#8221;&#8221; link=&#8221;url:https%3A%2F%2Fimpactup.com%2Frecrutement%2F&#8221;][\/vc_column][vc_column width=&#8221;1\/3&#8243;][vc_btn title=&#8221;Confiez-nous votre projet&#8221; color=&#8221;secondarycolor&#8221; align=&#8221;center&#8221; css=&#8221;&#8221; link=&#8221;url:https%3A%2F%2Fimpactup.com%2Fetude-personnalisee%2F&#8221;][\/vc_column][vc_column width=&#8221;1\/3&#8243;][vc_btn title=&#8221;Contactez-nous&#8221; color=&#8221;secondarycolor&#8221; align=&#8221;center&#8221; css=&#8221;&#8221; link=&#8221;url:https%3A%2F%2Fimpactup.com%2Fcontact%2F&#8221;][\/vc_column][\/vc_row][vc_row css=&#8221;.vc_custom_1717658386032{padding-top: 40px !important;padding-bottom: 20px !important;}&#8221;][vc_column][vc_column_text css=&#8221;&#8221;] D\u00e9veloppez votre activit\u00e9 gr\u00e2ce \u00e0 une licence de marque en recrutement Vous \u00eates un professionnel du recrutement d\u00e9sireux de franchir une nouvelle \u00e9tape\u2009? La licence de [&hellip;]<\/p>\n","protected":false},"author":4,"featured_media":0,"parent":17218,"menu_order":0,"comment_status":"closed","ping_status":"closed","template":"","meta":{"_monsterinsights_skip_tracking":false,"_monsterinsights_sitenote_active":false,"_monsterinsights_sitenote_note":"","_monsterinsights_sitenote_category":0,"footnotes":""},"class_list":["post-29579","page","type-page","status-publish","hentry"],"yoast_head":"<!-- This site is optimized with the Yoast SEO plugin v27.0 - https:\/\/yoast.com\/product\/yoast-seo-wordpress\/ -->\n<title>Rejoignez un r\u00e9seau d\u2019experts gr\u00e2ce \u00e0 notre licence de marque recrutement<\/title>\n<meta name=\"description\" content=\"Entreprendre dans le recrutement avec une licence de marque reconnue. Donnez un nouvel \u00e9lan \u00e0 votre carri\u00e8re gr\u00e2ce \u00e0 la licence de marque en recrutement d\u2019ImpactUp.\" \/>\n<meta name=\"robots\" content=\"index, follow, max-snippet:-1, max-image-preview:large, max-video-preview:-1\" \/>\n<link rel=\"canonical\" href=\"https:\/\/impactup.com\/en\/glossaire\/licence-de-marque-recrutement\/\" \/>\n<meta property=\"og:locale\" content=\"en_US\" \/>\n<meta property=\"og:type\" content=\"article\" \/>\n<meta property=\"og:title\" content=\"Rejoignez un r\u00e9seau d\u2019experts gr\u00e2ce \u00e0 notre licence de marque recrutement\" \/>\n<meta property=\"og:description\" content=\"Entreprendre dans le recrutement avec une licence de marque reconnue. Donnez un nouvel \u00e9lan \u00e0 votre carri\u00e8re gr\u00e2ce \u00e0 la licence de marque en recrutement d\u2019ImpactUp.\" \/>\n<meta property=\"og:url\" content=\"https:\/\/impactup.com\/en\/glossaire\/licence-de-marque-recrutement\/\" \/>\n<meta property=\"og:site_name\" content=\"ImpactUp\" \/>\n<meta property=\"article:modified_time\" content=\"2025-05-26T06:54:45+00:00\" \/>\n<meta property=\"og:image\" content=\"https:\/\/impactup.com\/wp-content\/uploads\/2021\/01\/og.jpg\" \/>\n\t<meta property=\"og:image:width\" content=\"1067\" \/>\n\t<meta property=\"og:image:height\" content=\"600\" \/>\n\t<meta property=\"og:image:type\" content=\"image\/jpeg\" \/>\n<meta name=\"twitter:card\" content=\"summary_large_image\" \/>\n<meta name=\"twitter:label1\" content=\"Est. reading time\" \/>\n\t<meta name=\"twitter:data1\" content=\"3 minutes\" \/>\n<script type=\"application\/ld+json\" class=\"yoast-schema-graph\">{\"@context\":\"https:\/\/schema.org\",\"@graph\":[{\"@type\":\"WebPage\",\"@id\":\"https:\/\/impactup.com\/en\/glossaire\/licence-de-marque-recrutement\/\",\"url\":\"https:\/\/impactup.com\/en\/glossaire\/licence-de-marque-recrutement\/\",\"name\":\"Rejoignez un r\u00e9seau d\u2019experts gr\u00e2ce \u00e0 notre licence de marque recrutement\",\"isPartOf\":{\"@id\":\"https:\/\/impactup.com\/en\/#website\"},\"datePublished\":\"2025-05-26T06:53:38+00:00\",\"dateModified\":\"2025-05-26T06:54:45+00:00\",\"description\":\"Entreprendre dans le recrutement avec une licence de marque reconnue. Donnez un nouvel \u00e9lan \u00e0 votre carri\u00e8re gr\u00e2ce \u00e0 la licence de marque en recrutement d\u2019ImpactUp.\",\"breadcrumb\":{\"@id\":\"https:\/\/impactup.com\/en\/glossaire\/licence-de-marque-recrutement\/#breadcrumb\"},\"inLanguage\":\"en-US\",\"potentialAction\":[{\"@type\":\"ReadAction\",\"target\":[\"https:\/\/impactup.com\/en\/glossaire\/licence-de-marque-recrutement\/\"]}]},{\"@type\":\"BreadcrumbList\",\"@id\":\"https:\/\/impactup.com\/en\/glossaire\/licence-de-marque-recrutement\/#breadcrumb\",\"itemListElement\":[{\"@type\":\"ListItem\",\"position\":1,\"name\":\"Accueil\",\"item\":\"https:\/\/impactup.com\/en\/\"},{\"@type\":\"ListItem\",\"position\":2,\"name\":\"Glossaire\",\"item\":\"https:\/\/impactup.com\/en\/glossaire\/\"},{\"@type\":\"ListItem\",\"position\":3,\"name\":\"D\u00e9veloppez votre activit\u00e9 gr\u00e2ce \u00e0 une licence de marque en recrutement\"}]},{\"@type\":\"WebSite\",\"@id\":\"https:\/\/impactup.com\/en\/#website\",\"url\":\"https:\/\/impactup.com\/en\/\",\"name\":\"ImpactUp\",\"description\":\"Recrutement commerciaux, directions commerciales et fonctions marketing\",\"potentialAction\":[{\"@type\":\"SearchAction\",\"target\":{\"@type\":\"EntryPoint\",\"urlTemplate\":\"https:\/\/impactup.com\/en\/?s={search_term_string}\"},\"query-input\":{\"@type\":\"PropertyValueSpecification\",\"valueRequired\":true,\"valueName\":\"search_term_string\"}}],\"inLanguage\":\"en-US\"}]}<\/script>\n<!-- \/ Yoast SEO plugin. -->","yoast_head_json":{"title":"Rejoignez un r\u00e9seau d\u2019experts gr\u00e2ce \u00e0 notre licence de marque recrutement","description":"Entreprendre dans le recrutement avec une licence de marque reconnue. Donnez un nouvel \u00e9lan \u00e0 votre carri\u00e8re gr\u00e2ce \u00e0 la licence de marque en recrutement d\u2019ImpactUp.","robots":{"index":"index","follow":"follow","max-snippet":"max-snippet:-1","max-image-preview":"max-image-preview:large","max-video-preview":"max-video-preview:-1"},"canonical":"https:\/\/impactup.com\/en\/glossaire\/licence-de-marque-recrutement\/","og_locale":"en_US","og_type":"article","og_title":"Rejoignez un r\u00e9seau d\u2019experts gr\u00e2ce \u00e0 notre licence de marque recrutement","og_description":"Entreprendre dans le recrutement avec une licence de marque reconnue. Donnez un nouvel \u00e9lan \u00e0 votre carri\u00e8re gr\u00e2ce \u00e0 la licence de marque en recrutement d\u2019ImpactUp.","og_url":"https:\/\/impactup.com\/en\/glossaire\/licence-de-marque-recrutement\/","og_site_name":"ImpactUp","article_modified_time":"2025-05-26T06:54:45+00:00","og_image":[{"width":1067,"height":600,"url":"https:\/\/impactup.com\/wp-content\/uploads\/2021\/01\/og.jpg","type":"image\/jpeg"}],"twitter_card":"summary_large_image","twitter_misc":{"Est. reading time":"3 minutes"},"schema":{"@context":"https:\/\/schema.org","@graph":[{"@type":"WebPage","@id":"https:\/\/impactup.com\/en\/glossaire\/licence-de-marque-recrutement\/","url":"https:\/\/impactup.com\/en\/glossaire\/licence-de-marque-recrutement\/","name":"Rejoignez un r\u00e9seau d\u2019experts gr\u00e2ce \u00e0 notre licence de marque recrutement","isPartOf":{"@id":"https:\/\/impactup.com\/en\/#website"},"datePublished":"2025-05-26T06:53:38+00:00","dateModified":"2025-05-26T06:54:45+00:00","description":"Entreprendre dans le recrutement avec une licence de marque reconnue. Donnez un nouvel \u00e9lan \u00e0 votre carri\u00e8re gr\u00e2ce \u00e0 la licence de marque en recrutement d\u2019ImpactUp.","breadcrumb":{"@id":"https:\/\/impactup.com\/en\/glossaire\/licence-de-marque-recrutement\/#breadcrumb"},"inLanguage":"en-US","potentialAction":[{"@type":"ReadAction","target":["https:\/\/impactup.com\/en\/glossaire\/licence-de-marque-recrutement\/"]}]},{"@type":"BreadcrumbList","@id":"https:\/\/impactup.com\/en\/glossaire\/licence-de-marque-recrutement\/#breadcrumb","itemListElement":[{"@type":"ListItem","position":1,"name":"Accueil","item":"https:\/\/impactup.com\/en\/"},{"@type":"ListItem","position":2,"name":"Glossaire","item":"https:\/\/impactup.com\/en\/glossaire\/"},{"@type":"ListItem","position":3,"name":"D\u00e9veloppez votre activit\u00e9 gr\u00e2ce \u00e0 une licence de marque en recrutement"}]},{"@type":"WebSite","@id":"https:\/\/impactup.com\/en\/#website","url":"https:\/\/impactup.com\/en\/","name":"ImpactUp","description":"Recrutement commerciaux, directions commerciales et fonctions marketing","potentialAction":[{"@type":"SearchAction","target":{"@type":"EntryPoint","urlTemplate":"https:\/\/impactup.com\/en\/?s={search_term_string}"},"query-input":{"@type":"PropertyValueSpecification","valueRequired":true,"valueName":"search_term_string"}}],"inLanguage":"en-US"}]}},"_links":{"self":[{"href":"https:\/\/impactup.com\/en\/wp-json\/wp\/v2\/pages\/29579","targetHints":{"allow":["GET"]}}],"collection":[{"href":"https:\/\/impactup.com\/en\/wp-json\/wp\/v2\/pages"}],"about":[{"href":"https:\/\/impactup.com\/en\/wp-json\/wp\/v2\/types\/page"}],"author":[{"embeddable":true,"href":"https:\/\/impactup.com\/en\/wp-json\/wp\/v2\/users\/4"}],"replies":[{"embeddable":true,"href":"https:\/\/impactup.com\/en\/wp-json\/wp\/v2\/comments?post=29579"}],"version-history":[{"count":1,"href":"https:\/\/impactup.com\/en\/wp-json\/wp\/v2\/pages\/29579\/revisions"}],"predecessor-version":[{"id":29580,"href":"https:\/\/impactup.com\/en\/wp-json\/wp\/v2\/pages\/29579\/revisions\/29580"}],"up":[{"embeddable":true,"href":"https:\/\/impactup.com\/en\/wp-json\/wp\/v2\/pages\/17218"}],"wp:attachment":[{"href":"https:\/\/impactup.com\/en\/wp-json\/wp\/v2\/media?parent=29579"}],"curies":[{"name":"wp","href":"https:\/\/api.w.org\/{rel}","templated":true}]}}