{"id":29577,"date":"2025-05-26T08:49:41","date_gmt":"2025-05-26T06:49:41","guid":{"rendered":"https:\/\/impactup.niou.dev\/?page_id=29577"},"modified":"2025-05-26T08:49:41","modified_gmt":"2025-05-26T06:49:41","slug":"franchise-rh","status":"publish","type":"page","link":"https:\/\/impactup.com\/en\/glossaire\/franchise-rh\/","title":{"rendered":"Cr\u00e9er son cabinet de recrutement : une aventure entrepreneuriale dans la franchise RH"},"content":{"rendered":"<div class=\"wpb-content-wrapper\"><p>[vc_row][vc_column width=&#8221;1\/3&#8243;][vc_btn title=&#8221;Voir notre offre&#8221; color=&#8221;secondarycolor&#8221; align=&#8221;center&#8221; css=&#8221;&#8221; link=&#8221;url:https%3A%2F%2Fimpactup.com%2Frecrutement%2F&#8221;][\/vc_column][vc_column width=&#8221;1\/3&#8243;][vc_btn title=&#8221;Confiez-nous votre projet&#8221; color=&#8221;secondarycolor&#8221; align=&#8221;center&#8221; css=&#8221;&#8221; link=&#8221;url:https%3A%2F%2Fimpactup.com%2Fetude-personnalisee%2F&#8221;][\/vc_column][vc_column width=&#8221;1\/3&#8243;][vc_btn title=&#8221;Contactez-nous&#8221; color=&#8221;secondarycolor&#8221; align=&#8221;center&#8221; css=&#8221;&#8221; link=&#8221;url:https%3A%2F%2Fimpactup.com%2Fcontact%2F&#8221;][\/vc_column][\/vc_row][vc_row css=&#8221;.vc_custom_1717658386032{padding-top: 40px !important;padding-bottom: 20px !important;}&#8221;][vc_column][vc_column_text css=&#8221;&#8221;]<\/p>\n<section style=\"text-align: justify;\">\n<h2>Cr\u00e9er son cabinet de recrutement : une aventure entrepreneuriale dans la franchise RH<\/h2>\n<p>L\u2019univers du recrutement attire de nombreux professionnels d\u00e9sireux d\u2019allier expertise humaine et ind\u00e9pendance professionnelle. Ouvrir son propre cabinet repr\u00e9sente une \u00e9tape ambitieuse qui demande rigueur, strat\u00e9gie et connaissance du march\u00e9. Int\u00e9grer une <a href=\"https:\/\/impactup.com\/glossaire\/franchise-cabinet-de-recrutement\"><strong>franchise RH<\/strong><\/a> peut alors offrir un cadre structur\u00e9 et un accompagnement pr\u00e9cieux pour r\u00e9ussir dans ce secteur tr\u00e8s concurrentiel. Ce mod\u00e8le entrepreneurial s\u00e9duit de plus en plus de consultants qui souhaitent se lancer avec le soutien d\u2019un r\u00e9seau \u00e9tabli.<\/p>\n<\/section>\n<p>[\/vc_column_text][\/vc_column][\/vc_row][vc_row][vc_column width=&#8221;1\/3&#8243;][vc_btn title=&#8221;Voir notre offre&#8221; color=&#8221;secondarycolor&#8221; align=&#8221;center&#8221; css=&#8221;&#8221; link=&#8221;url:https%3A%2F%2Fimpactup.com%2Frecrutement%2F&#8221;][\/vc_column][vc_column width=&#8221;1\/3&#8243;][vc_btn title=&#8221;Confiez-nous votre projet&#8221; color=&#8221;secondarycolor&#8221; align=&#8221;center&#8221; css=&#8221;&#8221; link=&#8221;url:https%3A%2F%2Fimpactup.com%2Fetude-personnalisee%2F&#8221;][\/vc_column][vc_column width=&#8221;1\/3&#8243;][vc_btn title=&#8221;Contactez-nous&#8221; color=&#8221;secondarycolor&#8221; align=&#8221;center&#8221; css=&#8221;&#8221; link=&#8221;url:https%3A%2F%2Fimpactup.com%2Fcontact%2F&#8221;][\/vc_column][\/vc_row][vc_row css=&#8221;.vc_custom_1717658445522{padding-top: 40px !important;}&#8221;][vc_column][vc_column_text css=&#8221;&#8221;]<\/p>\n<section style=\"text-align: justify;\">\n<h2>Les premi\u00e8res \u00e9tapes cl\u00e9s pour se lancer en tant que consultant ind\u00e9pendant<\/h2>\n<p>Avant de cr\u00e9er un cabinet \u00e0 part enti\u00e8re, de nombreux professionnels choisissent d\u2019exercer en tant que recruteurs ind\u00e9pendants. Cette premi\u00e8re phase permet de tester son mod\u00e8le \u00e9conomique tout en construisant son portefeuille de clients. Le statut de micro-entrepreneur est souvent privil\u00e9gi\u00e9 pour d\u00e9marrer, puisqu\u2019il offre une gestion simplifi\u00e9e tant sur le plan administratif que fiscal.<\/p>\n<p>Cependant, l\u2019exercice du m\u00e9tier de consultant en recrutement ne s\u2019improvise pas. Il est recommand\u00e9 de disposer d\u2019un dipl\u00f4me de niveau\u00a0Bac+3 minimum, avec une sp\u00e9cialisation en ressources humaines, psychologie, commerce ou sciences sociales.<\/p>\n<p>Mais au-del\u00e0, une exp\u00e9rience solide dans le secteur du recrutement (en cabinet ou en entreprise) constitue un v\u00e9ritable socle de l\u00e9gitimit\u00e9. Cela permet d\u2019affiner sa capacit\u00e9 \u00e0 identifier les talents, conduire des entretiens et accompagner efficacement les clients.<\/p>\n<p>Pour confirmer son expertise, suivre des formations compl\u00e9mentaires peut faire la diff\u00e9rence, notamment sur des th\u00e9matiques comme le sourcing digital, les entretiens structur\u00e9s ou la cr\u00e9ation d\u2019entreprise. Ces comp\u00e9tences sont pr\u00e9cieuses pour construire une activit\u00e9 autonome et performante.<\/p>\n<h2>Structurer et faire cro\u00eetre son cabinet de recrutement<\/h2>\n<p>Transformer une activit\u00e9 freelance en cabinet de recrutement structur\u00e9 implique de ma\u00eetriser \u00e0 la fois la dimension commerciale et le savoir-faire technique du m\u00e9tier. D\u2019un c\u00f4t\u00e9, il faut \u00e9laborer une strat\u00e9gie de prospection solide\u00a0: exploiter son r\u00e9seau, d\u00e9marcher des entreprises, d\u00e9velopper une pr\u00e9sence digitale (LinkedIn, webinaires, contenus experts, etc.). De l\u2019autre, il est \u00e9galement essentiel de construire une m\u00e9thode de sourcing efficace, fond\u00e9e sur l\u2019exploitation des outils num\u00e9riques et des plateformes professionnelles.<\/p>\n<p>Pour asseoir la viabilit\u00e9 de son projet, l\u2019\u00e9laboration d\u2019un business plan d\u00e9taill\u00e9 est fortement conseill\u00e9e. Celui-ci doit int\u00e9grer une \u00e9tude de march\u00e9, des projections financi\u00e8res et une strat\u00e9gie marketing claire. Cette rigueur constitue un atout, que le professionnel se lance seul ou au sein d\u2019une <a href=\"https:\/\/impactup.com\/glossaire\/franchise-recrutement\"><strong>franchise RH<\/strong><\/a>, et o\u00f9 les outils, l\u2019accompagnement et la notori\u00e9t\u00e9 du r\u00e9seau peuvent grandement acc\u00e9l\u00e9rer la croissance du cabinet.<\/p>\n<h2>Pourquoi ouvrir un cabinet de recrutement RH en franchise avec ImpactUp\u00a0?<\/h2>\n<p>Choisir <a href=\"https:\/\/impactup.com\/\"><strong>ImpactUp<\/strong><\/a> pour ouvrir un cabinet de recrutement <strong>RH<\/strong> <strong>en<\/strong> <strong>franchise<\/strong>, c\u2019est s\u2019appuyer sur un cabinet reconnu pour son excellence en recrutement commercial et marketing. Depuis 2005, cette structure \u00e0 taille humaine conjugue expertise m\u00e9tier et accompagnement personnalis\u00e9.<\/p>\n<p>Forts de leurs parcours solides au sein de la direction commerciale, les fondateurs ont b\u00e2ti un r\u00e9seau national performant, pr\u00e9sent dans six grandes villes fran\u00e7aises. <strong>ImpactUp<\/strong> offre \u00e0 ses franchis\u00e9s une m\u00e9thode \u00e9prouv\u00e9e, fond\u00e9e sur le pragmatisme, la proximit\u00e9 et la culture du r\u00e9sultat.<\/p>\n<p>En rejoignant le r\u00e9seau, vous b\u00e9n\u00e9ficiez d\u2019outils innovants, d\u2019une marque prim\u00e9e et d\u2019un coaching continu. Vous int\u00e9grez \u00e9galement une \u00e9quipe de consultants issus du terrain, capables de transmettre une r\u00e9elle expertise m\u00e9tier. Avec plus de 2\u2009000\u00a0managers et commerciaux recrut\u00e9s, la <a href=\"https:\/\/impactup.com\/glossaire\/reseau-de-franchise-en-recrutement\"><strong>franchise<\/strong><\/a> ImpactUp est un partenaire de confiance pour entreprendre en <a href=\"https:\/\/impactup.com\/glossaire\/reseau-de-franchise-en-recrutement\"><strong>RH<\/strong><\/a>.<\/p>\n<\/section>\n<p>[\/vc_column_text][\/vc_column][\/vc_row]<\/p>\n<\/div>","protected":false},"excerpt":{"rendered":"<p>[vc_row][vc_column width=&#8221;1\/3&#8243;][vc_btn title=&#8221;Voir notre offre&#8221; color=&#8221;secondarycolor&#8221; align=&#8221;center&#8221; css=&#8221;&#8221; link=&#8221;url:https%3A%2F%2Fimpactup.com%2Frecrutement%2F&#8221;][\/vc_column][vc_column width=&#8221;1\/3&#8243;][vc_btn title=&#8221;Confiez-nous votre projet&#8221; color=&#8221;secondarycolor&#8221; align=&#8221;center&#8221; css=&#8221;&#8221; link=&#8221;url:https%3A%2F%2Fimpactup.com%2Fetude-personnalisee%2F&#8221;][\/vc_column][vc_column width=&#8221;1\/3&#8243;][vc_btn title=&#8221;Contactez-nous&#8221; color=&#8221;secondarycolor&#8221; align=&#8221;center&#8221; css=&#8221;&#8221; link=&#8221;url:https%3A%2F%2Fimpactup.com%2Fcontact%2F&#8221;][\/vc_column][\/vc_row][vc_row css=&#8221;.vc_custom_1717658386032{padding-top: 40px !important;padding-bottom: 20px !important;}&#8221;][vc_column][vc_column_text css=&#8221;&#8221;] Cr\u00e9er son cabinet de recrutement : une aventure entrepreneuriale dans la franchise RH L\u2019univers du recrutement attire de nombreux professionnels d\u00e9sireux d\u2019allier expertise humaine et ind\u00e9pendance [&hellip;]<\/p>\n","protected":false},"author":4,"featured_media":0,"parent":17218,"menu_order":0,"comment_status":"closed","ping_status":"closed","template":"","meta":{"_monsterinsights_skip_tracking":false,"_monsterinsights_sitenote_active":false,"_monsterinsights_sitenote_note":"","_monsterinsights_sitenote_category":0,"footnotes":""},"class_list":["post-29577","page","type-page","status-publish","hentry"],"yoast_head":"<!-- This site is optimized with the Yoast SEO plugin v27.0 - https:\/\/yoast.com\/product\/yoast-seo-wordpress\/ -->\n<title>Franchise RH - Comment rejoindre une franchise en tant que recruteur RH<\/title>\n<meta name=\"description\" content=\"Int\u00e9grer une franchise pour cr\u00e9er son cabinet de recrutement RH pr\u00e9sente des avantages ind\u00e9niables. ImpactUp est un r\u00e9seau de cabinets de recrutement RH en franchise renomm\u00e9.\" \/>\n<meta name=\"robots\" content=\"index, follow, max-snippet:-1, max-image-preview:large, max-video-preview:-1\" \/>\n<link rel=\"canonical\" href=\"https:\/\/impactup.com\/en\/glossaire\/franchise-rh\/\" \/>\n<meta property=\"og:locale\" content=\"en_US\" \/>\n<meta property=\"og:type\" content=\"article\" \/>\n<meta property=\"og:title\" content=\"Franchise RH - Comment rejoindre une franchise en tant que recruteur RH\" \/>\n<meta property=\"og:description\" content=\"Int\u00e9grer une franchise pour cr\u00e9er son cabinet de recrutement RH pr\u00e9sente des avantages ind\u00e9niables. ImpactUp est un r\u00e9seau de cabinets de recrutement RH en franchise renomm\u00e9.\" \/>\n<meta property=\"og:url\" content=\"https:\/\/impactup.com\/en\/glossaire\/franchise-rh\/\" \/>\n<meta property=\"og:site_name\" content=\"ImpactUp\" \/>\n<meta property=\"og:image\" content=\"https:\/\/impactup.com\/wp-content\/uploads\/2021\/01\/og.jpg\" \/>\n\t<meta property=\"og:image:width\" content=\"1067\" \/>\n\t<meta property=\"og:image:height\" content=\"600\" \/>\n\t<meta property=\"og:image:type\" content=\"image\/jpeg\" \/>\n<meta name=\"twitter:card\" content=\"summary_large_image\" \/>\n<meta name=\"twitter:label1\" content=\"Est. reading time\" \/>\n\t<meta name=\"twitter:data1\" content=\"4 minutes\" \/>\n<script type=\"application\/ld+json\" class=\"yoast-schema-graph\">{\"@context\":\"https:\/\/schema.org\",\"@graph\":[{\"@type\":\"WebPage\",\"@id\":\"https:\/\/impactup.com\/en\/glossaire\/franchise-rh\/\",\"url\":\"https:\/\/impactup.com\/en\/glossaire\/franchise-rh\/\",\"name\":\"Franchise RH - Comment rejoindre une franchise en tant que recruteur RH\",\"isPartOf\":{\"@id\":\"https:\/\/impactup.com\/en\/#website\"},\"datePublished\":\"2025-05-26T06:49:41+00:00\",\"description\":\"Int\u00e9grer une franchise pour cr\u00e9er son cabinet de recrutement RH pr\u00e9sente des avantages ind\u00e9niables. ImpactUp est un r\u00e9seau de cabinets de recrutement RH en franchise renomm\u00e9.\",\"breadcrumb\":{\"@id\":\"https:\/\/impactup.com\/en\/glossaire\/franchise-rh\/#breadcrumb\"},\"inLanguage\":\"en-US\",\"potentialAction\":[{\"@type\":\"ReadAction\",\"target\":[\"https:\/\/impactup.com\/en\/glossaire\/franchise-rh\/\"]}]},{\"@type\":\"BreadcrumbList\",\"@id\":\"https:\/\/impactup.com\/en\/glossaire\/franchise-rh\/#breadcrumb\",\"itemListElement\":[{\"@type\":\"ListItem\",\"position\":1,\"name\":\"Accueil\",\"item\":\"https:\/\/impactup.com\/en\/\"},{\"@type\":\"ListItem\",\"position\":2,\"name\":\"Glossaire\",\"item\":\"https:\/\/impactup.com\/en\/glossaire\/\"},{\"@type\":\"ListItem\",\"position\":3,\"name\":\"Cr\u00e9er son cabinet de recrutement : une aventure entrepreneuriale dans la franchise RH\"}]},{\"@type\":\"WebSite\",\"@id\":\"https:\/\/impactup.com\/en\/#website\",\"url\":\"https:\/\/impactup.com\/en\/\",\"name\":\"ImpactUp\",\"description\":\"Recrutement commerciaux, directions commerciales et fonctions marketing\",\"potentialAction\":[{\"@type\":\"SearchAction\",\"target\":{\"@type\":\"EntryPoint\",\"urlTemplate\":\"https:\/\/impactup.com\/en\/?s={search_term_string}\"},\"query-input\":{\"@type\":\"PropertyValueSpecification\",\"valueRequired\":true,\"valueName\":\"search_term_string\"}}],\"inLanguage\":\"en-US\"}]}<\/script>\n<!-- \/ Yoast SEO plugin. -->","yoast_head_json":{"title":"Franchise RH - Comment rejoindre une franchise en tant que recruteur RH","description":"Int\u00e9grer une franchise pour cr\u00e9er son cabinet de recrutement RH pr\u00e9sente des avantages ind\u00e9niables. ImpactUp est un r\u00e9seau de cabinets de recrutement RH en franchise renomm\u00e9.","robots":{"index":"index","follow":"follow","max-snippet":"max-snippet:-1","max-image-preview":"max-image-preview:large","max-video-preview":"max-video-preview:-1"},"canonical":"https:\/\/impactup.com\/en\/glossaire\/franchise-rh\/","og_locale":"en_US","og_type":"article","og_title":"Franchise RH - Comment rejoindre une franchise en tant que recruteur RH","og_description":"Int\u00e9grer une franchise pour cr\u00e9er son cabinet de recrutement RH pr\u00e9sente des avantages ind\u00e9niables. ImpactUp est un r\u00e9seau de cabinets de recrutement RH en franchise renomm\u00e9.","og_url":"https:\/\/impactup.com\/en\/glossaire\/franchise-rh\/","og_site_name":"ImpactUp","og_image":[{"width":1067,"height":600,"url":"https:\/\/impactup.com\/wp-content\/uploads\/2021\/01\/og.jpg","type":"image\/jpeg"}],"twitter_card":"summary_large_image","twitter_misc":{"Est. reading time":"4 minutes"},"schema":{"@context":"https:\/\/schema.org","@graph":[{"@type":"WebPage","@id":"https:\/\/impactup.com\/en\/glossaire\/franchise-rh\/","url":"https:\/\/impactup.com\/en\/glossaire\/franchise-rh\/","name":"Franchise RH - Comment rejoindre une franchise en tant que recruteur RH","isPartOf":{"@id":"https:\/\/impactup.com\/en\/#website"},"datePublished":"2025-05-26T06:49:41+00:00","description":"Int\u00e9grer une franchise pour cr\u00e9er son cabinet de recrutement RH pr\u00e9sente des avantages ind\u00e9niables. ImpactUp est un r\u00e9seau de cabinets de recrutement RH en franchise renomm\u00e9.","breadcrumb":{"@id":"https:\/\/impactup.com\/en\/glossaire\/franchise-rh\/#breadcrumb"},"inLanguage":"en-US","potentialAction":[{"@type":"ReadAction","target":["https:\/\/impactup.com\/en\/glossaire\/franchise-rh\/"]}]},{"@type":"BreadcrumbList","@id":"https:\/\/impactup.com\/en\/glossaire\/franchise-rh\/#breadcrumb","itemListElement":[{"@type":"ListItem","position":1,"name":"Accueil","item":"https:\/\/impactup.com\/en\/"},{"@type":"ListItem","position":2,"name":"Glossaire","item":"https:\/\/impactup.com\/en\/glossaire\/"},{"@type":"ListItem","position":3,"name":"Cr\u00e9er son cabinet de recrutement : une aventure entrepreneuriale dans la franchise RH"}]},{"@type":"WebSite","@id":"https:\/\/impactup.com\/en\/#website","url":"https:\/\/impactup.com\/en\/","name":"ImpactUp","description":"Recrutement commerciaux, directions commerciales et fonctions marketing","potentialAction":[{"@type":"SearchAction","target":{"@type":"EntryPoint","urlTemplate":"https:\/\/impactup.com\/en\/?s={search_term_string}"},"query-input":{"@type":"PropertyValueSpecification","valueRequired":true,"valueName":"search_term_string"}}],"inLanguage":"en-US"}]}},"_links":{"self":[{"href":"https:\/\/impactup.com\/en\/wp-json\/wp\/v2\/pages\/29577","targetHints":{"allow":["GET"]}}],"collection":[{"href":"https:\/\/impactup.com\/en\/wp-json\/wp\/v2\/pages"}],"about":[{"href":"https:\/\/impactup.com\/en\/wp-json\/wp\/v2\/types\/page"}],"author":[{"embeddable":true,"href":"https:\/\/impactup.com\/en\/wp-json\/wp\/v2\/users\/4"}],"replies":[{"embeddable":true,"href":"https:\/\/impactup.com\/en\/wp-json\/wp\/v2\/comments?post=29577"}],"version-history":[{"count":1,"href":"https:\/\/impactup.com\/en\/wp-json\/wp\/v2\/pages\/29577\/revisions"}],"predecessor-version":[{"id":29578,"href":"https:\/\/impactup.com\/en\/wp-json\/wp\/v2\/pages\/29577\/revisions\/29578"}],"up":[{"embeddable":true,"href":"https:\/\/impactup.com\/en\/wp-json\/wp\/v2\/pages\/17218"}],"wp:attachment":[{"href":"https:\/\/impactup.com\/en\/wp-json\/wp\/v2\/media?parent=29577"}],"curies":[{"name":"wp","href":"https:\/\/api.w.org\/{rel}","templated":true}]}}