{"id":29573,"date":"2025-05-26T08:37:25","date_gmt":"2025-05-26T06:37:25","guid":{"rendered":"https:\/\/impactup.niou.dev\/?page_id=29573"},"modified":"2025-05-26T08:37:25","modified_gmt":"2025-05-26T06:37:25","slug":"franchise-cabinet-de-recrutement-2","status":"publish","type":"page","link":"https:\/\/impactup.com\/en\/glossaire\/franchise-cabinet-de-recrutement-2\/","title":{"rendered":"Lancez votre cabinet de recrutement en franchise avec ImpactUp"},"content":{"rendered":"<div class=\"wpb-content-wrapper\"><p>[vc_row][vc_column width=&#8221;1\/3&#8243;][vc_btn title=&#8221;Voir notre offre&#8221; color=&#8221;secondarycolor&#8221; align=&#8221;center&#8221; css=&#8221;&#8221; link=&#8221;url:https%3A%2F%2Fimpactup.com%2Frecrutement%2F&#8221;][\/vc_column][vc_column width=&#8221;1\/3&#8243;][vc_btn title=&#8221;Confiez-nous votre projet&#8221; color=&#8221;secondarycolor&#8221; align=&#8221;center&#8221; css=&#8221;&#8221; link=&#8221;url:https%3A%2F%2Fimpactup.com%2Fetude-personnalisee%2F&#8221;][\/vc_column][vc_column width=&#8221;1\/3&#8243;][vc_btn title=&#8221;Contactez-nous&#8221; color=&#8221;secondarycolor&#8221; align=&#8221;center&#8221; css=&#8221;&#8221; link=&#8221;url:https%3A%2F%2Fimpactup.com%2Fcontact%2F&#8221;][\/vc_column][\/vc_row][vc_row css=&#8221;.vc_custom_1717658386032{padding-top: 40px !important;padding-bottom: 20px !important;}&#8221;][vc_column][vc_column_text css=&#8221;&#8221;]<\/p>\n<section style=\"text-align: justify;\">\n<h2>Lancez votre cabinet de recrutement en franchise avec ImpactUp<\/h2>\n<p>Le march\u00e9 du recrutement pr\u00e9sente des perspectives florissantes pour les entrepreneurs ambitieux. La <a href=\"https:\/\/impactup.com\/glossaire\/franchise-rh\"><strong>franchise de cabinet de recrutement<\/strong><\/a> <strong>ImpactUp<\/strong> vous permet de capitaliser sur notre vaste r\u00e9seau de clients et de candidats, fruit de nombreuses ann\u00e9es d\u2019exp\u00e9rience. Int\u00e9grez une structure qui valorise l\u2019expertise et l\u2019innovation, tout en conservant votre autonomie. Notre mod\u00e8le de franchise vous fournit les fondations solides, la formation pointue et les ressources n\u00e9cessaires pour b\u00e2tir une entreprise prosp\u00e8re dans le conseil en acquisition de talents.<\/p>\n<\/section>\n<p>[\/vc_column_text][\/vc_column][\/vc_row][vc_row][vc_column width=&#8221;1\/3&#8243;][vc_btn title=&#8221;Voir notre offre&#8221; color=&#8221;secondarycolor&#8221; align=&#8221;center&#8221; css=&#8221;&#8221; link=&#8221;url:https%3A%2F%2Fimpactup.com%2Frecrutement%2F&#8221;][\/vc_column][vc_column width=&#8221;1\/3&#8243;][vc_btn title=&#8221;Confiez-nous votre projet&#8221; color=&#8221;secondarycolor&#8221; align=&#8221;center&#8221; css=&#8221;&#8221; link=&#8221;url:https%3A%2F%2Fimpactup.com%2Fetude-personnalisee%2F&#8221;][\/vc_column][vc_column width=&#8221;1\/3&#8243;][vc_btn title=&#8221;Contactez-nous&#8221; color=&#8221;secondarycolor&#8221; align=&#8221;center&#8221; css=&#8221;&#8221; link=&#8221;url:https%3A%2F%2Fimpactup.com%2Fcontact%2F&#8221;][\/vc_column][\/vc_row][vc_row css=&#8221;.vc_custom_1717658445522{padding-top: 40px !important;}&#8221;][vc_column][vc_column_text css=&#8221;&#8221;]<\/p>\n<section style=\"text-align: justify;\">\n<h2>La franchise de recrutement<\/h2>\n<p>Le march\u00e9 du recrutement \u00e9volue dans un environnement de plus en plus comp\u00e9titif, marqu\u00e9 par une \u00e9conomie en constante transformation et une lutte acharn\u00e9e pour attirer les meilleurs talents. Dans ce contexte globalis\u00e9, les organisations s\u2019efforcent de se d\u00e9marquer tout en surmontant des difficult\u00e9s croissantes pour l\u2019acquisition de personnel.<\/p>\n<p>L\u2019identification des comp\u00e9tences appropri\u00e9es et l\u2019am\u00e9lioration des m\u00e9thodes de s\u00e9lection constituent des imp\u00e9ratifs majeurs. Les cabinets de recrutement jouent ainsi un r\u00f4le cl\u00e9 en apportant expertise et approches novatrices. Cependant, entreprendre cette activit\u00e9 de mani\u00e8re ind\u00e9pendante peut s\u2019av\u00e9rer complexe, surtout face \u00e0 des structures d\u00e9j\u00e0 bien \u00e9tablies.<\/p>\n<p>Rejoindre une <a href=\"https:\/\/impactup.com\/glossaire\/franchise-recrutement\"><strong>franchise<\/strong><strong> de cabinet de recrutement<\/strong><\/a> constitue une r\u00e9ponse pertinente \u00e0 ces d\u00e9fis. Ce mod\u00e8le entrepreneurial permet \u00e0 des ind\u00e9pendants ou \u00e0 des consultants de s\u2019int\u00e9grer \u00e0 un r\u00e9seau \u00e9prouv\u00e9, en capitalisant sur l\u2019exp\u00e9rience, les outils et la notori\u00e9t\u00e9 d\u2019un franchiseur.<\/p>\n<p>Dans ce cadre, le franchis\u00e9 op\u00e8re sous l\u2019\u00e9gide d\u2019une marque reconnue, tout en tirant parti de son savoir-faire valid\u00e9. Cette association strat\u00e9gique diminue consid\u00e9rablement les al\u00e9as li\u00e9s \u00e0 la cr\u00e9ation d\u2019une entreprise de recrutement, tout en pr\u00e9servant une autonomie appr\u00e9ciable dans la gestion des op\u00e9rations.<\/p>\n<p>Ainsi, le franchis\u00e9 peut se concentrer sur l\u2019essentiel\u00a0: l\u2019expansion de son portefeuille de client\u00e8le, la conduite du processus d\u2019embauche et la fourniture de services adapt\u00e9s aux imp\u00e9ratifs sp\u00e9cifiques de chaque entreprise.<\/p>\n<p>Fort d\u2019une exp\u00e9rience significative dans l\u2019accompagnement des entreprises sur leurs enjeux d\u2019acquisition de talents, <a href=\"https:\/\/impactup.com\/\"><strong>ImpactUp<\/strong><\/a> propose un mod\u00e8le de collaboration avantageux. Les franchis\u00e9s b\u00e9n\u00e9ficient d\u2019une formation initiale compl\u00e8te, d\u2019un soutien continu dans leurs op\u00e9rations quotidiennes, d\u2019un acc\u00e8s \u00e0 des outils performants et d\u2019une int\u00e9gration \u00e0 un r\u00e9seau \u00e9tendu.<\/p>\n<h2>D\u00e9veloppez votre activit\u00e9 avec ImpactUp<\/h2>\n<p>Dans un secteur o\u00f9 l\u2019agilit\u00e9, la compr\u00e9hension des enjeux m\u00e9tier et l\u2019identification des talents cl\u00e9s sont essentielles, int\u00e9grer une <strong>franchise<\/strong> <strong>de<\/strong> <strong>cabinet de<\/strong> <strong>recrutement<\/strong> n\u00e9cessite bien plus qu\u2019une bonne volont\u00e9. C\u2019est pourquoi <strong>ImpactUp<\/strong> propose un mod\u00e8le structur\u00e9, con\u00e7u pour les professionnels d\u00e9sireux de cr\u00e9er ou d\u00e9velopper leur activit\u00e9 en s\u2019appuyant sur une marque solide, experte des fonctions commerciales, marketing et manag\u00e9riales.<\/p>\n<p>Rejoindre le r\u00e9seau <strong>ImpactUp<\/strong>, c\u2019est b\u00e9n\u00e9ficier d\u2019un accompagnement op\u00e9rationnel solide d\u00e8s les premi\u00e8res \u00e9tapes. Chaque cabinet franchis\u00e9 acc\u00e8de \u00e0 un parcours de formation approfondi, \u00e0 des outils de sourcing performants, \u00e0 une base de talents qualifi\u00e9s et \u00e0 un appui strat\u00e9gique constant.<\/p>\n<p>Notre objectif\u00a0: permettre une mont\u00e9e en comp\u00e9tence rapide et un lancement d\u2019activit\u00e9 dans des conditions optimales. En parall\u00e8le, les partenaires conservent leur ind\u00e9pendance dans la gestion de leur activit\u00e9 et le d\u00e9veloppement de leur portefeuille clients.<\/p>\n<p>Le cadre contractuel garantit un \u00e9quilibre entre libert\u00e9 d\u2019action et force d\u2019un collectif. La notori\u00e9t\u00e9 de la <a href=\"https:\/\/impactup.com\/glossaire\/reseau-de-franchise-en-recrutement\"><strong>franchise<\/strong> <strong>de cabinet de recrutement<\/strong><\/a>, alli\u00e9e \u00e0 une pr\u00e9sence affirm\u00e9e sur le march\u00e9, ouvre l\u2019acc\u00e8s \u00e0 un r\u00e9seau de clients actifs, facilitant la prospection et la fid\u00e9lisation.<\/p>\n<\/section>\n<p>[\/vc_column_text][\/vc_column][\/vc_row]<\/p>\n<\/div>","protected":false},"excerpt":{"rendered":"<p>[vc_row][vc_column width=&#8221;1\/3&#8243;][vc_btn title=&#8221;Voir notre offre&#8221; color=&#8221;secondarycolor&#8221; align=&#8221;center&#8221; css=&#8221;&#8221; link=&#8221;url:https%3A%2F%2Fimpactup.com%2Frecrutement%2F&#8221;][\/vc_column][vc_column width=&#8221;1\/3&#8243;][vc_btn title=&#8221;Confiez-nous votre projet&#8221; color=&#8221;secondarycolor&#8221; align=&#8221;center&#8221; css=&#8221;&#8221; link=&#8221;url:https%3A%2F%2Fimpactup.com%2Fetude-personnalisee%2F&#8221;][\/vc_column][vc_column width=&#8221;1\/3&#8243;][vc_btn title=&#8221;Contactez-nous&#8221; color=&#8221;secondarycolor&#8221; align=&#8221;center&#8221; css=&#8221;&#8221; link=&#8221;url:https%3A%2F%2Fimpactup.com%2Fcontact%2F&#8221;][\/vc_column][\/vc_row][vc_row css=&#8221;.vc_custom_1717658386032{padding-top: 40px !important;padding-bottom: 20px !important;}&#8221;][vc_column][vc_column_text css=&#8221;&#8221;] Lancez votre cabinet de recrutement en franchise avec ImpactUp Le march\u00e9 du recrutement pr\u00e9sente des perspectives florissantes pour les entrepreneurs ambitieux. La franchise de cabinet de [&hellip;]<\/p>\n","protected":false},"author":4,"featured_media":0,"parent":17218,"menu_order":0,"comment_status":"closed","ping_status":"closed","template":"","meta":{"_monsterinsights_skip_tracking":false,"_monsterinsights_sitenote_active":false,"_monsterinsights_sitenote_note":"","_monsterinsights_sitenote_category":0,"footnotes":""},"class_list":["post-29573","page","type-page","status-publish","hentry"],"yoast_head":"<!-- This site is optimized with the Yoast SEO plugin v27.0 - https:\/\/yoast.com\/product\/yoast-seo-wordpress\/ -->\n<title>Rejoignez la franchise cabinet de recrutement ImpactUp<\/title>\n<meta name=\"description\" content=\"La franchise permet \u00e0 un cabinet ind\u00e9pendant d\u2019exploiter un mod\u00e8le \u00e9prouv\u00e9 dans le domaine du recrutement. D\u00e9veloppez votre potentiel avec le soutien de la franchise cabinet de recrutement ImpactUp.\" \/>\n<meta name=\"robots\" content=\"index, follow, max-snippet:-1, max-image-preview:large, max-video-preview:-1\" \/>\n<link rel=\"canonical\" href=\"https:\/\/impactup.com\/en\/glossaire\/franchise-cabinet-de-recrutement-2\/\" \/>\n<meta property=\"og:locale\" content=\"en_US\" \/>\n<meta property=\"og:type\" content=\"article\" \/>\n<meta property=\"og:title\" content=\"Rejoignez la franchise cabinet de recrutement ImpactUp\" \/>\n<meta property=\"og:description\" content=\"La franchise permet \u00e0 un cabinet ind\u00e9pendant d\u2019exploiter un mod\u00e8le \u00e9prouv\u00e9 dans le domaine du recrutement. D\u00e9veloppez votre potentiel avec le soutien de la franchise cabinet de recrutement ImpactUp.\" \/>\n<meta property=\"og:url\" content=\"https:\/\/impactup.com\/en\/glossaire\/franchise-cabinet-de-recrutement-2\/\" \/>\n<meta property=\"og:site_name\" content=\"ImpactUp\" \/>\n<meta property=\"og:image\" content=\"https:\/\/impactup.com\/wp-content\/uploads\/2021\/01\/og.jpg\" \/>\n\t<meta property=\"og:image:width\" content=\"1067\" \/>\n\t<meta property=\"og:image:height\" content=\"600\" \/>\n\t<meta property=\"og:image:type\" content=\"image\/jpeg\" \/>\n<meta name=\"twitter:card\" content=\"summary_large_image\" \/>\n<meta name=\"twitter:label1\" content=\"Est. reading time\" \/>\n\t<meta name=\"twitter:data1\" content=\"4 minutes\" \/>\n<script type=\"application\/ld+json\" class=\"yoast-schema-graph\">{\"@context\":\"https:\/\/schema.org\",\"@graph\":[{\"@type\":\"WebPage\",\"@id\":\"https:\/\/impactup.com\/en\/glossaire\/franchise-cabinet-de-recrutement-2\/\",\"url\":\"https:\/\/impactup.com\/en\/glossaire\/franchise-cabinet-de-recrutement-2\/\",\"name\":\"Rejoignez la franchise cabinet de recrutement ImpactUp\",\"isPartOf\":{\"@id\":\"https:\/\/impactup.com\/en\/#website\"},\"datePublished\":\"2025-05-26T06:37:25+00:00\",\"description\":\"La franchise permet \u00e0 un cabinet ind\u00e9pendant d\u2019exploiter un mod\u00e8le \u00e9prouv\u00e9 dans le domaine du recrutement. D\u00e9veloppez votre potentiel avec le soutien de la franchise cabinet de recrutement ImpactUp.\",\"breadcrumb\":{\"@id\":\"https:\/\/impactup.com\/en\/glossaire\/franchise-cabinet-de-recrutement-2\/#breadcrumb\"},\"inLanguage\":\"en-US\",\"potentialAction\":[{\"@type\":\"ReadAction\",\"target\":[\"https:\/\/impactup.com\/en\/glossaire\/franchise-cabinet-de-recrutement-2\/\"]}]},{\"@type\":\"BreadcrumbList\",\"@id\":\"https:\/\/impactup.com\/en\/glossaire\/franchise-cabinet-de-recrutement-2\/#breadcrumb\",\"itemListElement\":[{\"@type\":\"ListItem\",\"position\":1,\"name\":\"Accueil\",\"item\":\"https:\/\/impactup.com\/en\/\"},{\"@type\":\"ListItem\",\"position\":2,\"name\":\"Glossaire\",\"item\":\"https:\/\/impactup.com\/en\/glossaire\/\"},{\"@type\":\"ListItem\",\"position\":3,\"name\":\"Lancez votre cabinet de recrutement en franchise avec ImpactUp\"}]},{\"@type\":\"WebSite\",\"@id\":\"https:\/\/impactup.com\/en\/#website\",\"url\":\"https:\/\/impactup.com\/en\/\",\"name\":\"ImpactUp\",\"description\":\"Recrutement commerciaux, directions commerciales et fonctions marketing\",\"potentialAction\":[{\"@type\":\"SearchAction\",\"target\":{\"@type\":\"EntryPoint\",\"urlTemplate\":\"https:\/\/impactup.com\/en\/?s={search_term_string}\"},\"query-input\":{\"@type\":\"PropertyValueSpecification\",\"valueRequired\":true,\"valueName\":\"search_term_string\"}}],\"inLanguage\":\"en-US\"}]}<\/script>\n<!-- \/ Yoast SEO plugin. -->","yoast_head_json":{"title":"Rejoignez la franchise cabinet de recrutement ImpactUp","description":"La franchise permet \u00e0 un cabinet ind\u00e9pendant d\u2019exploiter un mod\u00e8le \u00e9prouv\u00e9 dans le domaine du recrutement. D\u00e9veloppez votre potentiel avec le soutien de la franchise cabinet de recrutement ImpactUp.","robots":{"index":"index","follow":"follow","max-snippet":"max-snippet:-1","max-image-preview":"max-image-preview:large","max-video-preview":"max-video-preview:-1"},"canonical":"https:\/\/impactup.com\/en\/glossaire\/franchise-cabinet-de-recrutement-2\/","og_locale":"en_US","og_type":"article","og_title":"Rejoignez la franchise cabinet de recrutement ImpactUp","og_description":"La franchise permet \u00e0 un cabinet ind\u00e9pendant d\u2019exploiter un mod\u00e8le \u00e9prouv\u00e9 dans le domaine du recrutement. D\u00e9veloppez votre potentiel avec le soutien de la franchise cabinet de recrutement ImpactUp.","og_url":"https:\/\/impactup.com\/en\/glossaire\/franchise-cabinet-de-recrutement-2\/","og_site_name":"ImpactUp","og_image":[{"width":1067,"height":600,"url":"https:\/\/impactup.com\/wp-content\/uploads\/2021\/01\/og.jpg","type":"image\/jpeg"}],"twitter_card":"summary_large_image","twitter_misc":{"Est. reading time":"4 minutes"},"schema":{"@context":"https:\/\/schema.org","@graph":[{"@type":"WebPage","@id":"https:\/\/impactup.com\/en\/glossaire\/franchise-cabinet-de-recrutement-2\/","url":"https:\/\/impactup.com\/en\/glossaire\/franchise-cabinet-de-recrutement-2\/","name":"Rejoignez la franchise cabinet de recrutement ImpactUp","isPartOf":{"@id":"https:\/\/impactup.com\/en\/#website"},"datePublished":"2025-05-26T06:37:25+00:00","description":"La franchise permet \u00e0 un cabinet ind\u00e9pendant d\u2019exploiter un mod\u00e8le \u00e9prouv\u00e9 dans le domaine du recrutement. D\u00e9veloppez votre potentiel avec le soutien de la franchise cabinet de recrutement ImpactUp.","breadcrumb":{"@id":"https:\/\/impactup.com\/en\/glossaire\/franchise-cabinet-de-recrutement-2\/#breadcrumb"},"inLanguage":"en-US","potentialAction":[{"@type":"ReadAction","target":["https:\/\/impactup.com\/en\/glossaire\/franchise-cabinet-de-recrutement-2\/"]}]},{"@type":"BreadcrumbList","@id":"https:\/\/impactup.com\/en\/glossaire\/franchise-cabinet-de-recrutement-2\/#breadcrumb","itemListElement":[{"@type":"ListItem","position":1,"name":"Accueil","item":"https:\/\/impactup.com\/en\/"},{"@type":"ListItem","position":2,"name":"Glossaire","item":"https:\/\/impactup.com\/en\/glossaire\/"},{"@type":"ListItem","position":3,"name":"Lancez votre cabinet de recrutement en franchise avec ImpactUp"}]},{"@type":"WebSite","@id":"https:\/\/impactup.com\/en\/#website","url":"https:\/\/impactup.com\/en\/","name":"ImpactUp","description":"Recrutement commerciaux, directions commerciales et fonctions marketing","potentialAction":[{"@type":"SearchAction","target":{"@type":"EntryPoint","urlTemplate":"https:\/\/impactup.com\/en\/?s={search_term_string}"},"query-input":{"@type":"PropertyValueSpecification","valueRequired":true,"valueName":"search_term_string"}}],"inLanguage":"en-US"}]}},"_links":{"self":[{"href":"https:\/\/impactup.com\/en\/wp-json\/wp\/v2\/pages\/29573","targetHints":{"allow":["GET"]}}],"collection":[{"href":"https:\/\/impactup.com\/en\/wp-json\/wp\/v2\/pages"}],"about":[{"href":"https:\/\/impactup.com\/en\/wp-json\/wp\/v2\/types\/page"}],"author":[{"embeddable":true,"href":"https:\/\/impactup.com\/en\/wp-json\/wp\/v2\/users\/4"}],"replies":[{"embeddable":true,"href":"https:\/\/impactup.com\/en\/wp-json\/wp\/v2\/comments?post=29573"}],"version-history":[{"count":1,"href":"https:\/\/impactup.com\/en\/wp-json\/wp\/v2\/pages\/29573\/revisions"}],"predecessor-version":[{"id":29574,"href":"https:\/\/impactup.com\/en\/wp-json\/wp\/v2\/pages\/29573\/revisions\/29574"}],"up":[{"embeddable":true,"href":"https:\/\/impactup.com\/en\/wp-json\/wp\/v2\/pages\/17218"}],"wp:attachment":[{"href":"https:\/\/impactup.com\/en\/wp-json\/wp\/v2\/media?parent=29573"}],"curies":[{"name":"wp","href":"https:\/\/api.w.org\/{rel}","templated":true}]}}