{"id":29571,"date":"2025-05-26T08:23:33","date_gmt":"2025-05-26T06:23:33","guid":{"rendered":"https:\/\/impactup.niou.dev\/?page_id=29571"},"modified":"2025-05-26T08:24:11","modified_gmt":"2025-05-26T06:24:11","slug":"formation-consultant-en-recrutement","status":"publish","type":"page","link":"https:\/\/impactup.com\/en\/glossaire\/formation-consultant-en-recrutement\/","title":{"rendered":"ImpactUp lance sa formation consultant en recrutement"},"content":{"rendered":"<div class=\"wpb-content-wrapper\"><p>[vc_row][vc_column width=&#8221;1\/3&#8243;][vc_btn title=&#8221;Voir notre offre&#8221; color=&#8221;secondarycolor&#8221; align=&#8221;center&#8221; css=&#8221;&#8221; link=&#8221;url:https%3A%2F%2Fimpactup.com%2Frecrutement%2F&#8221;][\/vc_column][vc_column width=&#8221;1\/3&#8243;][vc_btn title=&#8221;Confiez-nous votre projet&#8221; color=&#8221;secondarycolor&#8221; align=&#8221;center&#8221; css=&#8221;&#8221; link=&#8221;url:https%3A%2F%2Fimpactup.com%2Fetude-personnalisee%2F&#8221;][\/vc_column][vc_column width=&#8221;1\/3&#8243;][vc_btn title=&#8221;Contactez-nous&#8221; color=&#8221;secondarycolor&#8221; align=&#8221;center&#8221; css=&#8221;&#8221; link=&#8221;url:https%3A%2F%2Fimpactup.com%2Fcontact%2F&#8221;][\/vc_column][\/vc_row][vc_row css=&#8221;.vc_custom_1717658386032{padding-top: 40px !important;padding-bottom: 20px !important;}&#8221;][vc_column][vc_column_text css=&#8221;&#8221;]<\/p>\n<section style=\"text-align: justify;\">\n<h2>ImpactUp lance sa formation consultant en recrutement<\/h2>\n<p>Fort de 20\u00a0ann\u00e9es d\u2019expertise dans l\u2019univers de l\u2019acquisition de talents et du conseil commercial, <strong>ImpactUp<\/strong> propose une <a href=\"https:\/\/impactup.com\/glossaire\/devenir-consultant-en-recrutement-2\"><strong>formation consultant en recrutement<\/strong><\/a> pens\u00e9e pour r\u00e9pondre aux besoins concrets du march\u00e9. Cette formation professionnalisante s\u2019adresse \u00e0 des profils vari\u00e9s d\u00e9sireux d\u2019\u00e9voluer dans le domaine des ressources humaines. Elle permet de ma\u00eetriser les \u00e9tapes cl\u00e9s du recrutement, de la d\u00e9finition du besoin jusqu\u2019\u00e0 la relation client, tout en s\u2019appuyant sur une p\u00e9dagogie active. En rejoignant ce programme, les participants acc\u00e8dent \u00e0 des outils \u00e9prouv\u00e9s, un accompagnement individualis\u00e9 et la possibilit\u00e9 d\u2019int\u00e9grer un r\u00e9seau dynamique et structur\u00e9.<\/p>\n<\/section>\n<p>[\/vc_column_text][\/vc_column][\/vc_row][vc_row][vc_column width=&#8221;1\/3&#8243;][vc_btn title=&#8221;Voir notre offre&#8221; color=&#8221;secondarycolor&#8221; align=&#8221;center&#8221; css=&#8221;&#8221; link=&#8221;url:https%3A%2F%2Fimpactup.com%2Frecrutement%2F&#8221;][\/vc_column][vc_column width=&#8221;1\/3&#8243;][vc_btn title=&#8221;Confiez-nous votre projet&#8221; color=&#8221;secondarycolor&#8221; align=&#8221;center&#8221; css=&#8221;&#8221; link=&#8221;url:https%3A%2F%2Fimpactup.com%2Fetude-personnalisee%2F&#8221;][\/vc_column][vc_column width=&#8221;1\/3&#8243;][vc_btn title=&#8221;Contactez-nous&#8221; color=&#8221;secondarycolor&#8221; align=&#8221;center&#8221; css=&#8221;&#8221; link=&#8221;url:https%3A%2F%2Fimpactup.com%2Fcontact%2F&#8221;][\/vc_column][\/vc_row][vc_row css=&#8221;.vc_custom_1717658445522{padding-top: 40px !important;}&#8221;][vc_column][vc_column_text css=&#8221;&#8221;]<\/p>\n<section style=\"text-align: justify;\">\n<h2>Le consultant en recrutement, un acteur strat\u00e9gique au c\u0153ur des enjeux RH<\/h2>\n<p>Dans un contexte de mutation profonde du monde du travail, les entreprises font face \u00e0 une \u00e9quation complexe\u00a0: attirer des profils rares, fid\u00e9liser des collaborateurs aux aspirations \u00e9volutives, tout en conservant leur comp\u00e9titivit\u00e9 sur un march\u00e9 tendu.<\/p>\n<p>La simple diffusion d\u2019offres d\u2019emploi ne suffit plus\u00a0: le recrutement est devenu un acte strat\u00e9gique \u00e0 part enti\u00e8re, exigeant expertise, discernement et proactivit\u00e9. La pression s\u2019intensifie\u00a0: les bons candidats sont courtis\u00e9s, les comp\u00e9tences \u00e9voluent rapidement, et la r\u00e9putation employeur se construit autant dans les processus de recrutement que dans les pratiques internes.<\/p>\n<p>Dans cette r\u00e9alit\u00e9 exigeante, le consultant en recrutement s\u2019impose comme un acteur structurant, \u00e0 la fois analyste, prospecteur et conseiller. Son r\u00f4le d\u00e9passe largement la recherche de candidats\u00a0: il \u00e9claire les employeurs sur leurs besoins r\u00e9els, anticipe les \u00e9volutions des fonctions, met en \u0153uvre des m\u00e9thodes avanc\u00e9es de sourcing, et valorise chaque rencontre professionnelle comme un levier de transformation.<\/p>\n<p>En cultivant une posture d\u2019\u00e9coute, de rigueur et de vision strat\u00e9gique, il devient le trait d\u2019union entre les enjeux RH et la dynamique de croissance de l\u2019entreprise. Sa valeur ajout\u00e9e se mesure dans sa capacit\u00e9 \u00e0 faire converger performance \u00e9conomique et intelligence humaine.<\/p>\n<p>Fort de pr\u00e8s de deux d\u00e9cennies d\u2019exp\u00e9rience dans l\u2019accompagnement des entreprises dans leur qu\u00eate de talents, <strong>ImpactUp<\/strong> a d\u00e9velopp\u00e9 une expertise reconnue dans la formation des futurs professionnels du secteur. Notre <a href=\"https:\/\/impactup.com\/glossaire\/creer-une-agence-de-recrutement-independant\"><strong>formation consultant en recrutement<\/strong><\/a> est con\u00e7ue pour doter les participants des comp\u00e9tences techniques, m\u00e9thodologiques et relationnelles indispensables pour exceller dans ce m\u00e9tier exigeant.<\/p>\n<p>En s\u2019appuyant sur une approche pragmatique et orient\u00e9e r\u00e9sultats, <a href=\"https:\/\/impactup.com\/\"><strong>ImpactUp<\/strong><\/a> forme des consultants ma\u00eetrisant l\u2019\u00e9cosyst\u00e8me complexe du recrutement et capables de devenir de v\u00e9ritables partenaires de croissance pour les entreprises.<\/p>\n<h2>Une formation cibl\u00e9e pour une expertise imm\u00e9diatement op\u00e9rationnelle<\/h2>\n<p>Rejoindre le secteur du recrutement exige bien plus qu\u2019une connaissance th\u00e9orique des RH\u00a0: il s\u2019agit d\u2019un m\u00e9tier de pr\u00e9cision, au croisement de l\u2019analyse, du conseil et de la strat\u00e9gie commerciale. <strong>ImpactUp<\/strong> a con\u00e7u une <a href=\"https:\/\/impactup.com\/glossaire\/rejoindre-un-reseau-de-recruteurs-independant\"><strong>formation<\/strong><\/a> intensive sp\u00e9cifiquement destin\u00e9e aux futurs <a href=\"https:\/\/impactup.com\/glossaire\/rejoindre-un-reseau-de-recruteurs-independant\"><strong>consultants en recrutement<\/strong><\/a>.<\/p>\n<p>Organis\u00e9e sur une dur\u00e9e de trois jours, cette session s\u2019adresse \u00e0 un public vari\u00e9\u00a0: salari\u00e9s en reconversion, consultants souhaitant int\u00e9grer un r\u00e9seau structur\u00e9 ou professionnels d\u00e9j\u00e0 actifs dans le secteur du conseil.<\/p>\n<p>Son objectif\u00a0: transmettre les m\u00e9thodes et les outils indispensables pour g\u00e9rer l\u2019ensemble d\u2019un processus de recrutement, de la compr\u00e9hension fine des besoins d\u2019un client \u00e0 la s\u00e9lection des meilleurs profils, en passant par la gestion des outils num\u00e9riques d\u00e9di\u00e9s.<\/p>\n<p>L\u2019approche p\u00e9dagogique se veut pragmatique\u00a0: pratiques de sourcing, crit\u00e8res d\u2019\u00e9valuation pertinents, ma\u00eetrise des logiciels sp\u00e9cialis\u00e9s, techniques d\u2019approche directe et strat\u00e9gies de d\u00e9veloppement commercial sont au c\u0153ur du programme.<\/p>\n<p>Le format volontairement restreint \u2014 cinq participants maximum \u2014 garantit un accompagnement sur mesure. Le cadre p\u00e9dagogique alterne pr\u00e9sentations structur\u00e9es, mises en situation, exercices pratiques et retours d\u2019exp\u00e9rience. L\u2019interactivit\u00e9 est constante et favorise ainsi l\u2019ancrage des comp\u00e9tences dans des logiques de terrain. Parfaitement \u00e9quip\u00e9, le plateau technique permet une ma\u00eetrise fluide des outils num\u00e9riques int\u00e9gr\u00e9s au m\u00e9tier.<\/p>\n<\/section>\n<p>[\/vc_column_text][\/vc_column][\/vc_row]<\/p>\n<\/div>","protected":false},"excerpt":{"rendered":"<p>[vc_row][vc_column width=&#8221;1\/3&#8243;][vc_btn title=&#8221;Voir notre offre&#8221; color=&#8221;secondarycolor&#8221; align=&#8221;center&#8221; css=&#8221;&#8221; link=&#8221;url:https%3A%2F%2Fimpactup.com%2Frecrutement%2F&#8221;][\/vc_column][vc_column width=&#8221;1\/3&#8243;][vc_btn title=&#8221;Confiez-nous votre projet&#8221; color=&#8221;secondarycolor&#8221; align=&#8221;center&#8221; css=&#8221;&#8221; link=&#8221;url:https%3A%2F%2Fimpactup.com%2Fetude-personnalisee%2F&#8221;][\/vc_column][vc_column width=&#8221;1\/3&#8243;][vc_btn title=&#8221;Contactez-nous&#8221; color=&#8221;secondarycolor&#8221; align=&#8221;center&#8221; css=&#8221;&#8221; link=&#8221;url:https%3A%2F%2Fimpactup.com%2Fcontact%2F&#8221;][\/vc_column][\/vc_row][vc_row css=&#8221;.vc_custom_1717658386032{padding-top: 40px !important;padding-bottom: 20px !important;}&#8221;][vc_column][vc_column_text css=&#8221;&#8221;] ImpactUp lance sa formation consultant en recrutement Fort de 20\u00a0ann\u00e9es d\u2019expertise dans l\u2019univers de l\u2019acquisition de talents et du conseil commercial, ImpactUp propose une formation consultant [&hellip;]<\/p>\n","protected":false},"author":4,"featured_media":0,"parent":17218,"menu_order":0,"comment_status":"closed","ping_status":"closed","template":"","meta":{"_monsterinsights_skip_tracking":false,"_monsterinsights_sitenote_active":false,"_monsterinsights_sitenote_note":"","_monsterinsights_sitenote_category":0,"footnotes":""},"class_list":["post-29571","page","type-page","status-publish","hentry"],"yoast_head":"<!-- This site is optimized with the Yoast SEO plugin v27.0 - https:\/\/yoast.com\/product\/yoast-seo-wordpress\/ -->\n<title>Rejoignez la formation consultant en recrutement sign\u00e9e ImpactUp<\/title>\n<meta name=\"description\" content=\"Formation consultant en recrutement pour int\u00e9grer le r\u00e9seau ImpactUp. Devenez un expert du talent gr\u00e2ce \u00e0 notre formation consultant en recrutement.\" \/>\n<meta name=\"robots\" content=\"index, follow, max-snippet:-1, max-image-preview:large, max-video-preview:-1\" \/>\n<link rel=\"canonical\" href=\"https:\/\/impactup.com\/en\/glossaire\/formation-consultant-en-recrutement\/\" \/>\n<meta property=\"og:locale\" content=\"en_US\" \/>\n<meta property=\"og:type\" content=\"article\" \/>\n<meta property=\"og:title\" content=\"Rejoignez la formation consultant en recrutement sign\u00e9e ImpactUp\" \/>\n<meta property=\"og:description\" content=\"Formation consultant en recrutement pour int\u00e9grer le r\u00e9seau ImpactUp. Devenez un expert du talent gr\u00e2ce \u00e0 notre formation consultant en recrutement.\" \/>\n<meta property=\"og:url\" content=\"https:\/\/impactup.com\/en\/glossaire\/formation-consultant-en-recrutement\/\" \/>\n<meta property=\"og:site_name\" content=\"ImpactUp\" \/>\n<meta property=\"article:modified_time\" content=\"2025-05-26T06:24:11+00:00\" \/>\n<meta property=\"og:image\" content=\"https:\/\/impactup.com\/wp-content\/uploads\/2021\/01\/og.jpg\" \/>\n\t<meta property=\"og:image:width\" content=\"1067\" \/>\n\t<meta property=\"og:image:height\" content=\"600\" \/>\n\t<meta property=\"og:image:type\" content=\"image\/jpeg\" \/>\n<meta name=\"twitter:card\" content=\"summary_large_image\" \/>\n<meta name=\"twitter:label1\" content=\"Est. reading time\" \/>\n\t<meta name=\"twitter:data1\" content=\"4 minutes\" \/>\n<script type=\"application\/ld+json\" class=\"yoast-schema-graph\">{\"@context\":\"https:\/\/schema.org\",\"@graph\":[{\"@type\":\"WebPage\",\"@id\":\"https:\/\/impactup.com\/en\/glossaire\/formation-consultant-en-recrutement\/\",\"url\":\"https:\/\/impactup.com\/en\/glossaire\/formation-consultant-en-recrutement\/\",\"name\":\"Rejoignez la formation consultant en recrutement sign\u00e9e ImpactUp\",\"isPartOf\":{\"@id\":\"https:\/\/impactup.com\/en\/#website\"},\"datePublished\":\"2025-05-26T06:23:33+00:00\",\"dateModified\":\"2025-05-26T06:24:11+00:00\",\"description\":\"Formation consultant en recrutement pour int\u00e9grer le r\u00e9seau ImpactUp. Devenez un expert du talent gr\u00e2ce \u00e0 notre formation consultant en recrutement.\",\"breadcrumb\":{\"@id\":\"https:\/\/impactup.com\/en\/glossaire\/formation-consultant-en-recrutement\/#breadcrumb\"},\"inLanguage\":\"en-US\",\"potentialAction\":[{\"@type\":\"ReadAction\",\"target\":[\"https:\/\/impactup.com\/en\/glossaire\/formation-consultant-en-recrutement\/\"]}]},{\"@type\":\"BreadcrumbList\",\"@id\":\"https:\/\/impactup.com\/en\/glossaire\/formation-consultant-en-recrutement\/#breadcrumb\",\"itemListElement\":[{\"@type\":\"ListItem\",\"position\":1,\"name\":\"Accueil\",\"item\":\"https:\/\/impactup.com\/en\/\"},{\"@type\":\"ListItem\",\"position\":2,\"name\":\"Glossaire\",\"item\":\"https:\/\/impactup.com\/en\/glossaire\/\"},{\"@type\":\"ListItem\",\"position\":3,\"name\":\"ImpactUp lance sa formation consultant en recrutement\"}]},{\"@type\":\"WebSite\",\"@id\":\"https:\/\/impactup.com\/en\/#website\",\"url\":\"https:\/\/impactup.com\/en\/\",\"name\":\"ImpactUp\",\"description\":\"Recrutement commerciaux, directions commerciales et fonctions marketing\",\"potentialAction\":[{\"@type\":\"SearchAction\",\"target\":{\"@type\":\"EntryPoint\",\"urlTemplate\":\"https:\/\/impactup.com\/en\/?s={search_term_string}\"},\"query-input\":{\"@type\":\"PropertyValueSpecification\",\"valueRequired\":true,\"valueName\":\"search_term_string\"}}],\"inLanguage\":\"en-US\"}]}<\/script>\n<!-- \/ Yoast SEO plugin. -->","yoast_head_json":{"title":"Rejoignez la formation consultant en recrutement sign\u00e9e ImpactUp","description":"Formation consultant en recrutement pour int\u00e9grer le r\u00e9seau ImpactUp. Devenez un expert du talent gr\u00e2ce \u00e0 notre formation consultant en recrutement.","robots":{"index":"index","follow":"follow","max-snippet":"max-snippet:-1","max-image-preview":"max-image-preview:large","max-video-preview":"max-video-preview:-1"},"canonical":"https:\/\/impactup.com\/en\/glossaire\/formation-consultant-en-recrutement\/","og_locale":"en_US","og_type":"article","og_title":"Rejoignez la formation consultant en recrutement sign\u00e9e ImpactUp","og_description":"Formation consultant en recrutement pour int\u00e9grer le r\u00e9seau ImpactUp. Devenez un expert du talent gr\u00e2ce \u00e0 notre formation consultant en recrutement.","og_url":"https:\/\/impactup.com\/en\/glossaire\/formation-consultant-en-recrutement\/","og_site_name":"ImpactUp","article_modified_time":"2025-05-26T06:24:11+00:00","og_image":[{"width":1067,"height":600,"url":"https:\/\/impactup.com\/wp-content\/uploads\/2021\/01\/og.jpg","type":"image\/jpeg"}],"twitter_card":"summary_large_image","twitter_misc":{"Est. reading time":"4 minutes"},"schema":{"@context":"https:\/\/schema.org","@graph":[{"@type":"WebPage","@id":"https:\/\/impactup.com\/en\/glossaire\/formation-consultant-en-recrutement\/","url":"https:\/\/impactup.com\/en\/glossaire\/formation-consultant-en-recrutement\/","name":"Rejoignez la formation consultant en recrutement sign\u00e9e ImpactUp","isPartOf":{"@id":"https:\/\/impactup.com\/en\/#website"},"datePublished":"2025-05-26T06:23:33+00:00","dateModified":"2025-05-26T06:24:11+00:00","description":"Formation consultant en recrutement pour int\u00e9grer le r\u00e9seau ImpactUp. Devenez un expert du talent gr\u00e2ce \u00e0 notre formation consultant en recrutement.","breadcrumb":{"@id":"https:\/\/impactup.com\/en\/glossaire\/formation-consultant-en-recrutement\/#breadcrumb"},"inLanguage":"en-US","potentialAction":[{"@type":"ReadAction","target":["https:\/\/impactup.com\/en\/glossaire\/formation-consultant-en-recrutement\/"]}]},{"@type":"BreadcrumbList","@id":"https:\/\/impactup.com\/en\/glossaire\/formation-consultant-en-recrutement\/#breadcrumb","itemListElement":[{"@type":"ListItem","position":1,"name":"Accueil","item":"https:\/\/impactup.com\/en\/"},{"@type":"ListItem","position":2,"name":"Glossaire","item":"https:\/\/impactup.com\/en\/glossaire\/"},{"@type":"ListItem","position":3,"name":"ImpactUp lance sa formation consultant en recrutement"}]},{"@type":"WebSite","@id":"https:\/\/impactup.com\/en\/#website","url":"https:\/\/impactup.com\/en\/","name":"ImpactUp","description":"Recrutement commerciaux, directions commerciales et fonctions marketing","potentialAction":[{"@type":"SearchAction","target":{"@type":"EntryPoint","urlTemplate":"https:\/\/impactup.com\/en\/?s={search_term_string}"},"query-input":{"@type":"PropertyValueSpecification","valueRequired":true,"valueName":"search_term_string"}}],"inLanguage":"en-US"}]}},"_links":{"self":[{"href":"https:\/\/impactup.com\/en\/wp-json\/wp\/v2\/pages\/29571","targetHints":{"allow":["GET"]}}],"collection":[{"href":"https:\/\/impactup.com\/en\/wp-json\/wp\/v2\/pages"}],"about":[{"href":"https:\/\/impactup.com\/en\/wp-json\/wp\/v2\/types\/page"}],"author":[{"embeddable":true,"href":"https:\/\/impactup.com\/en\/wp-json\/wp\/v2\/users\/4"}],"replies":[{"embeddable":true,"href":"https:\/\/impactup.com\/en\/wp-json\/wp\/v2\/comments?post=29571"}],"version-history":[{"count":1,"href":"https:\/\/impactup.com\/en\/wp-json\/wp\/v2\/pages\/29571\/revisions"}],"predecessor-version":[{"id":29572,"href":"https:\/\/impactup.com\/en\/wp-json\/wp\/v2\/pages\/29571\/revisions\/29572"}],"up":[{"embeddable":true,"href":"https:\/\/impactup.com\/en\/wp-json\/wp\/v2\/pages\/17218"}],"wp:attachment":[{"href":"https:\/\/impactup.com\/en\/wp-json\/wp\/v2\/media?parent=29571"}],"curies":[{"name":"wp","href":"https:\/\/api.w.org\/{rel}","templated":true}]}}