{"id":29569,"date":"2025-05-26T08:18:05","date_gmt":"2025-05-26T06:18:05","guid":{"rendered":"https:\/\/impactup.niou.dev\/?page_id=29569"},"modified":"2025-05-26T08:18:49","modified_gmt":"2025-05-26T06:18:49","slug":"devenir-consultant-en-recrutement-2","status":"publish","type":"page","link":"https:\/\/impactup.com\/en\/glossaire\/devenir-consultant-en-recrutement-2\/","title":{"rendered":"Devenir consultant en recrutement autonome avec le r\u00e9seau ImpactUp"},"content":{"rendered":"<div class=\"wpb-content-wrapper\"><p>[vc_row][vc_column width=&#8221;1\/3&#8243;][vc_btn title=&#8221;Voir notre offre&#8221; color=&#8221;secondarycolor&#8221; align=&#8221;center&#8221; css=&#8221;&#8221; link=&#8221;url:https%3A%2F%2Fimpactup.com%2Frecrutement%2F&#8221;][\/vc_column][vc_column width=&#8221;1\/3&#8243;][vc_btn title=&#8221;Confiez-nous votre projet&#8221; color=&#8221;secondarycolor&#8221; align=&#8221;center&#8221; css=&#8221;&#8221; link=&#8221;url:https%3A%2F%2Fimpactup.com%2Fetude-personnalisee%2F&#8221;][\/vc_column][vc_column width=&#8221;1\/3&#8243;][vc_btn title=&#8221;Contactez-nous&#8221; color=&#8221;secondarycolor&#8221; align=&#8221;center&#8221; css=&#8221;&#8221; link=&#8221;url:https%3A%2F%2Fimpactup.com%2Fcontact%2F&#8221;][\/vc_column][\/vc_row][vc_row css=&#8221;.vc_custom_1717658386032{padding-top: 40px !important;padding-bottom: 20px !important;}&#8221;][vc_column][vc_column_text css=&#8221;&#8221;]<\/p>\n<section style=\"text-align: justify;\">\n<h2>Devenir consultant en recrutement autonome avec le r\u00e9seau ImpactUp<\/h2>\n<p><a href=\"https:\/\/impactup.com\/glossaire\/devenir-consultant-en-recrutement\/\"><strong>Devenir consultant en recrutement <\/strong><\/a>avec <strong>ImpactUp<\/strong>, c\u2019est l\u2019opportunit\u00e9 de b\u00e2tir votre propre entreprise tout en b\u00e9n\u00e9ficiant d\u2019un accompagnement strat\u00e9gique. Gr\u00e2ce \u00e0 notre mod\u00e8le de licence de marque, vous acc\u00e9dez \u00e0 une expertise de pointe et \u00e0 un r\u00e9seau solide pour vous aider \u00e0 r\u00e9ussir dans vos missions. Si vous \u00eates motiv\u00e9 par l\u2019id\u00e9e d\u2019allier autonomie et performance dans le domaine du recrutement, <strong>ImpactUp<\/strong> met \u00e0 votre disposition tous les outils n\u00e9cessaires pour faire de cette aventure un succ\u00e8s.<\/p>\n<\/section>\n<p>[\/vc_column_text][\/vc_column][\/vc_row][vc_row][vc_column width=&#8221;1\/3&#8243;][vc_btn title=&#8221;Voir notre offre&#8221; color=&#8221;secondarycolor&#8221; align=&#8221;center&#8221; css=&#8221;&#8221; link=&#8221;url:https%3A%2F%2Fimpactup.com%2Frecrutement%2F&#8221;][\/vc_column][vc_column width=&#8221;1\/3&#8243;][vc_btn title=&#8221;Confiez-nous votre projet&#8221; color=&#8221;secondarycolor&#8221; align=&#8221;center&#8221; css=&#8221;&#8221; link=&#8221;url:https%3A%2F%2Fimpactup.com%2Fetude-personnalisee%2F&#8221;][\/vc_column][vc_column width=&#8221;1\/3&#8243;][vc_btn title=&#8221;Contactez-nous&#8221; color=&#8221;secondarycolor&#8221; align=&#8221;center&#8221; css=&#8221;&#8221; link=&#8221;url:https%3A%2F%2Fimpactup.com%2Fcontact%2F&#8221;][\/vc_column][\/vc_row][vc_row css=&#8221;.vc_custom_1717658445522{padding-top: 40px !important;}&#8221;][vc_column][vc_column_text css=&#8221;&#8221;]<\/p>\n<section style=\"text-align: justify;\">\n<h2>Le m\u00e9tier de consultant en recrutement \u00e0 l\u2019\u00e8re de la collaboration<\/h2>\n<p>Le r\u00f4le de consultant en recrutement est devenu central dans le monde du travail moderne. Expert de l\u2019acquisition de talents, il est charg\u00e9 d\u2019identifier, attirer et s\u00e9lectionner les candidats les plus qualifi\u00e9s en fonction des besoins sp\u00e9cifiques des entreprises.<\/p>\n<p>Ce m\u00e9tier requiert une compr\u00e9hension fine des exigences des clients, une connaissance approfondie des secteurs d\u2019activit\u00e9 et un sens aigu du march\u00e9 du travail. Toutefois, <a href=\"https:\/\/impactup.com\/glossaire\/creer-une-agence-de-recrutement-independant\"><strong>devenir consultant en recrutement<\/strong><\/a> implique de faire face \u00e0 de nombreux d\u00e9fis, particuli\u00e8rement dans un environnement o\u00f9 la comp\u00e9tition pour les profils sp\u00e9cialis\u00e9s s\u2019intensifie chaque ann\u00e9e.<\/p>\n<p>Les consultants doivent constamment s\u2019adapter aux transformations rapides du march\u00e9 de l\u2019emploi, aux \u00e9volutions technologiques et \u00e0 la mont\u00e9e des attentes des candidats. L\u2019acc\u00e8s \u00e0 des outils modernes de sourcing, la gestion des demandes clients toujours plus sp\u00e9cifiques, et la pression pour d\u00e9livrer rapidement des r\u00e9sultats sont autant de d\u00e9fis quotidiens.<\/p>\n<p><strong>ImpactUp<\/strong> se positionne comme un alli\u00e9 de choix pour les consultants en recrutement ind\u00e9pendants. En rejoignant son r\u00e9seau sous licence de marque, les professionnels b\u00e9n\u00e9ficient d\u2019un \u00e9cosyst\u00e8me \u00e9prouv\u00e9, forg\u00e9 par des ann\u00e9es d\u2019expertise dans le recrutement des fonctions commerciales et marketing.<\/p>\n<p>L\u2019accompagnement propos\u00e9 par notre cabinet englobe une formation initiale approfondie, un acc\u00e8s \u00e0 une base de donn\u00e9es qualifi\u00e9e de candidats et d\u2019entreprises, ainsi qu\u2019un soutien continu par une \u00e9quipe exp\u00e9riment\u00e9e. Cette collaboration permet aux consultants de se concentrer sur leur c\u0153ur de m\u00e9tier \u2014 la cr\u00e9ation de liens entre les talents et les opportunit\u00e9s \u2014 tout en s\u2019appuyant sur la notori\u00e9t\u00e9 d\u2019une marque reconnue et une infrastructure rod\u00e9e.<\/p>\n<h2>Devenir consultant en recrutement\u00a0: que propose ImpactUp\u2009?<\/h2>\n<p>Embrasser une carri\u00e8re enrichissante o\u00f9 votre sens du relationnel et votre perspicacit\u00e9 contribuent directement \u00e0 l\u2019essor des entreprises\u2009? <strong>ImpactUp<\/strong> offre une opportunit\u00e9 structur\u00e9e pour <a href=\"https:\/\/impactup.com\/glossaire\/licence-de-marque-recrutement\"><strong>devenir consultant<\/strong> <strong>en recrutement<\/strong><\/a> ind\u00e9pendant et prosp\u00e8re. Notre mod\u00e8le d\u2019accompagnement unique permet aux professionnels ambitieux de lancer leur propre activit\u00e9 tout en s\u2019appuyant sur la solidit\u00e9 et la notori\u00e9t\u00e9 d\u2019une marque sp\u00e9cialis\u00e9e dans l\u2019acquisition de talents commerciaux et marketing.<\/p>\n<p>D\u00e8s votre int\u00e9gration, vous b\u00e9n\u00e9ficiez d\u2019une formation initiale immersive, con\u00e7ue pour vous familiariser avec nos m\u00e9thodologies \u00e9prouv\u00e9es et nos outils performants. Vous acc\u00e9dez \u00e9galement \u00e0 une base de donn\u00e9es de candidats et \u00e0 des ressources marketing pour dynamiser votre activit\u00e9.<\/p>\n<p>L\u2019atout distinctif d\u2019<a href=\"https:\/\/impactup.com\/\"><strong>ImpactUp<\/strong><\/a> r\u00e9side dans son expertise pointue du recrutement dans les secteurs commerciaux et marketing. Fort d\u2019une connaissance approfondie des sp\u00e9cificit\u00e9s de ces fonctions, des comp\u00e9tences recherch\u00e9es et des dynamiques du march\u00e9, notre cabinet a d\u00e9velopp\u00e9 une approche cibl\u00e9e et efficace. En rejoignant notre r\u00e9seau, vous capitalisez sur cette ma\u00eetrise sectorielle, vous permettant d\u2019adresser des besoins pr\u00e9cis avec pertinence et d\u2019attirer des profils \u00e0 forte valeur ajout\u00e9e.<\/p>\n<\/section>\n<p>[\/vc_column_text][\/vc_column][\/vc_row]<\/p>\n<\/div>","protected":false},"excerpt":{"rendered":"<p>[vc_row][vc_column width=&#8221;1\/3&#8243;][vc_btn title=&#8221;Voir notre offre&#8221; color=&#8221;secondarycolor&#8221; align=&#8221;center&#8221; css=&#8221;&#8221; link=&#8221;url:https%3A%2F%2Fimpactup.com%2Frecrutement%2F&#8221;][\/vc_column][vc_column width=&#8221;1\/3&#8243;][vc_btn title=&#8221;Confiez-nous votre projet&#8221; color=&#8221;secondarycolor&#8221; align=&#8221;center&#8221; css=&#8221;&#8221; link=&#8221;url:https%3A%2F%2Fimpactup.com%2Fetude-personnalisee%2F&#8221;][\/vc_column][vc_column width=&#8221;1\/3&#8243;][vc_btn title=&#8221;Contactez-nous&#8221; color=&#8221;secondarycolor&#8221; align=&#8221;center&#8221; css=&#8221;&#8221; link=&#8221;url:https%3A%2F%2Fimpactup.com%2Fcontact%2F&#8221;][\/vc_column][\/vc_row][vc_row css=&#8221;.vc_custom_1717658386032{padding-top: 40px !important;padding-bottom: 20px !important;}&#8221;][vc_column][vc_column_text css=&#8221;&#8221;] Devenir consultant en recrutement autonome avec le r\u00e9seau ImpactUp Devenir consultant en recrutement avec ImpactUp, c\u2019est l\u2019opportunit\u00e9 de b\u00e2tir votre propre entreprise tout en b\u00e9n\u00e9ficiant d\u2019un [&hellip;]<\/p>\n","protected":false},"author":4,"featured_media":0,"parent":17218,"menu_order":0,"comment_status":"closed","ping_status":"closed","template":"","meta":{"_monsterinsights_skip_tracking":false,"_monsterinsights_sitenote_active":false,"_monsterinsights_sitenote_note":"","_monsterinsights_sitenote_category":0,"footnotes":""},"class_list":["post-29569","page","type-page","status-publish","hentry"],"yoast_head":"<!-- This site is optimized with the Yoast SEO plugin v27.0 - https:\/\/yoast.com\/product\/yoast-seo-wordpress\/ -->\n<title>Devenir consultant en recrutement, un m\u00e9tier d\u2019impact<\/title>\n<meta name=\"description\" content=\"Devenir consultant en recrutement ouvre les portes d\u2019une carri\u00e8re stimulante au c\u0153ur du d\u00e9veloppement des entreprises. Chez ImpactUp, nous offrons une voie privil\u00e9gi\u00e9e pour devenir consultant en recrutement.\" \/>\n<meta name=\"robots\" content=\"index, follow, max-snippet:-1, max-image-preview:large, max-video-preview:-1\" \/>\n<link rel=\"canonical\" href=\"https:\/\/impactup.com\/en\/glossaire\/devenir-consultant-en-recrutement-2\/\" \/>\n<meta property=\"og:locale\" content=\"en_US\" \/>\n<meta property=\"og:type\" content=\"article\" \/>\n<meta property=\"og:title\" content=\"Devenir consultant en recrutement, un m\u00e9tier d\u2019impact\" \/>\n<meta property=\"og:description\" content=\"Devenir consultant en recrutement ouvre les portes d\u2019une carri\u00e8re stimulante au c\u0153ur du d\u00e9veloppement des entreprises. Chez ImpactUp, nous offrons une voie privil\u00e9gi\u00e9e pour devenir consultant en recrutement.\" \/>\n<meta property=\"og:url\" content=\"https:\/\/impactup.com\/en\/glossaire\/devenir-consultant-en-recrutement-2\/\" \/>\n<meta property=\"og:site_name\" content=\"ImpactUp\" \/>\n<meta property=\"article:modified_time\" content=\"2025-05-26T06:18:49+00:00\" \/>\n<meta property=\"og:image\" content=\"https:\/\/impactup.com\/wp-content\/uploads\/2021\/01\/og.jpg\" \/>\n\t<meta property=\"og:image:width\" content=\"1067\" \/>\n\t<meta property=\"og:image:height\" content=\"600\" \/>\n\t<meta property=\"og:image:type\" content=\"image\/jpeg\" \/>\n<meta name=\"twitter:card\" content=\"summary_large_image\" \/>\n<meta name=\"twitter:label1\" content=\"Est. reading time\" \/>\n\t<meta name=\"twitter:data1\" content=\"3 minutes\" \/>\n<script type=\"application\/ld+json\" class=\"yoast-schema-graph\">{\"@context\":\"https:\/\/schema.org\",\"@graph\":[{\"@type\":\"WebPage\",\"@id\":\"https:\/\/impactup.com\/en\/glossaire\/devenir-consultant-en-recrutement-2\/\",\"url\":\"https:\/\/impactup.com\/en\/glossaire\/devenir-consultant-en-recrutement-2\/\",\"name\":\"Devenir consultant en recrutement, un m\u00e9tier d\u2019impact\",\"isPartOf\":{\"@id\":\"https:\/\/impactup.com\/en\/#website\"},\"datePublished\":\"2025-05-26T06:18:05+00:00\",\"dateModified\":\"2025-05-26T06:18:49+00:00\",\"description\":\"Devenir consultant en recrutement ouvre les portes d\u2019une carri\u00e8re stimulante au c\u0153ur du d\u00e9veloppement des entreprises. Chez ImpactUp, nous offrons une voie privil\u00e9gi\u00e9e pour devenir consultant en recrutement.\",\"breadcrumb\":{\"@id\":\"https:\/\/impactup.com\/en\/glossaire\/devenir-consultant-en-recrutement-2\/#breadcrumb\"},\"inLanguage\":\"en-US\",\"potentialAction\":[{\"@type\":\"ReadAction\",\"target\":[\"https:\/\/impactup.com\/en\/glossaire\/devenir-consultant-en-recrutement-2\/\"]}]},{\"@type\":\"BreadcrumbList\",\"@id\":\"https:\/\/impactup.com\/en\/glossaire\/devenir-consultant-en-recrutement-2\/#breadcrumb\",\"itemListElement\":[{\"@type\":\"ListItem\",\"position\":1,\"name\":\"Accueil\",\"item\":\"https:\/\/impactup.com\/en\/\"},{\"@type\":\"ListItem\",\"position\":2,\"name\":\"Glossaire\",\"item\":\"https:\/\/impactup.com\/en\/glossaire\/\"},{\"@type\":\"ListItem\",\"position\":3,\"name\":\"Devenir consultant en recrutement autonome avec le r\u00e9seau ImpactUp\"}]},{\"@type\":\"WebSite\",\"@id\":\"https:\/\/impactup.com\/en\/#website\",\"url\":\"https:\/\/impactup.com\/en\/\",\"name\":\"ImpactUp\",\"description\":\"Recrutement commerciaux, directions commerciales et fonctions marketing\",\"potentialAction\":[{\"@type\":\"SearchAction\",\"target\":{\"@type\":\"EntryPoint\",\"urlTemplate\":\"https:\/\/impactup.com\/en\/?s={search_term_string}\"},\"query-input\":{\"@type\":\"PropertyValueSpecification\",\"valueRequired\":true,\"valueName\":\"search_term_string\"}}],\"inLanguage\":\"en-US\"}]}<\/script>\n<!-- \/ Yoast SEO plugin. -->","yoast_head_json":{"title":"Devenir consultant en recrutement, un m\u00e9tier d\u2019impact","description":"Devenir consultant en recrutement ouvre les portes d\u2019une carri\u00e8re stimulante au c\u0153ur du d\u00e9veloppement des entreprises. Chez ImpactUp, nous offrons une voie privil\u00e9gi\u00e9e pour devenir consultant en recrutement.","robots":{"index":"index","follow":"follow","max-snippet":"max-snippet:-1","max-image-preview":"max-image-preview:large","max-video-preview":"max-video-preview:-1"},"canonical":"https:\/\/impactup.com\/en\/glossaire\/devenir-consultant-en-recrutement-2\/","og_locale":"en_US","og_type":"article","og_title":"Devenir consultant en recrutement, un m\u00e9tier d\u2019impact","og_description":"Devenir consultant en recrutement ouvre les portes d\u2019une carri\u00e8re stimulante au c\u0153ur du d\u00e9veloppement des entreprises. Chez ImpactUp, nous offrons une voie privil\u00e9gi\u00e9e pour devenir consultant en recrutement.","og_url":"https:\/\/impactup.com\/en\/glossaire\/devenir-consultant-en-recrutement-2\/","og_site_name":"ImpactUp","article_modified_time":"2025-05-26T06:18:49+00:00","og_image":[{"width":1067,"height":600,"url":"https:\/\/impactup.com\/wp-content\/uploads\/2021\/01\/og.jpg","type":"image\/jpeg"}],"twitter_card":"summary_large_image","twitter_misc":{"Est. reading time":"3 minutes"},"schema":{"@context":"https:\/\/schema.org","@graph":[{"@type":"WebPage","@id":"https:\/\/impactup.com\/en\/glossaire\/devenir-consultant-en-recrutement-2\/","url":"https:\/\/impactup.com\/en\/glossaire\/devenir-consultant-en-recrutement-2\/","name":"Devenir consultant en recrutement, un m\u00e9tier d\u2019impact","isPartOf":{"@id":"https:\/\/impactup.com\/en\/#website"},"datePublished":"2025-05-26T06:18:05+00:00","dateModified":"2025-05-26T06:18:49+00:00","description":"Devenir consultant en recrutement ouvre les portes d\u2019une carri\u00e8re stimulante au c\u0153ur du d\u00e9veloppement des entreprises. Chez ImpactUp, nous offrons une voie privil\u00e9gi\u00e9e pour devenir consultant en recrutement.","breadcrumb":{"@id":"https:\/\/impactup.com\/en\/glossaire\/devenir-consultant-en-recrutement-2\/#breadcrumb"},"inLanguage":"en-US","potentialAction":[{"@type":"ReadAction","target":["https:\/\/impactup.com\/en\/glossaire\/devenir-consultant-en-recrutement-2\/"]}]},{"@type":"BreadcrumbList","@id":"https:\/\/impactup.com\/en\/glossaire\/devenir-consultant-en-recrutement-2\/#breadcrumb","itemListElement":[{"@type":"ListItem","position":1,"name":"Accueil","item":"https:\/\/impactup.com\/en\/"},{"@type":"ListItem","position":2,"name":"Glossaire","item":"https:\/\/impactup.com\/en\/glossaire\/"},{"@type":"ListItem","position":3,"name":"Devenir consultant en recrutement autonome avec le r\u00e9seau ImpactUp"}]},{"@type":"WebSite","@id":"https:\/\/impactup.com\/en\/#website","url":"https:\/\/impactup.com\/en\/","name":"ImpactUp","description":"Recrutement commerciaux, directions commerciales et fonctions marketing","potentialAction":[{"@type":"SearchAction","target":{"@type":"EntryPoint","urlTemplate":"https:\/\/impactup.com\/en\/?s={search_term_string}"},"query-input":{"@type":"PropertyValueSpecification","valueRequired":true,"valueName":"search_term_string"}}],"inLanguage":"en-US"}]}},"_links":{"self":[{"href":"https:\/\/impactup.com\/en\/wp-json\/wp\/v2\/pages\/29569","targetHints":{"allow":["GET"]}}],"collection":[{"href":"https:\/\/impactup.com\/en\/wp-json\/wp\/v2\/pages"}],"about":[{"href":"https:\/\/impactup.com\/en\/wp-json\/wp\/v2\/types\/page"}],"author":[{"embeddable":true,"href":"https:\/\/impactup.com\/en\/wp-json\/wp\/v2\/users\/4"}],"replies":[{"embeddable":true,"href":"https:\/\/impactup.com\/en\/wp-json\/wp\/v2\/comments?post=29569"}],"version-history":[{"count":1,"href":"https:\/\/impactup.com\/en\/wp-json\/wp\/v2\/pages\/29569\/revisions"}],"predecessor-version":[{"id":29570,"href":"https:\/\/impactup.com\/en\/wp-json\/wp\/v2\/pages\/29569\/revisions\/29570"}],"up":[{"embeddable":true,"href":"https:\/\/impactup.com\/en\/wp-json\/wp\/v2\/pages\/17218"}],"wp:attachment":[{"href":"https:\/\/impactup.com\/en\/wp-json\/wp\/v2\/media?parent=29569"}],"curies":[{"name":"wp","href":"https:\/\/api.w.org\/{rel}","templated":true}]}}