{"id":29567,"date":"2025-05-26T08:06:30","date_gmt":"2025-05-26T06:06:30","guid":{"rendered":"https:\/\/impactup.niou.dev\/?page_id=29567"},"modified":"2025-05-26T08:06:30","modified_gmt":"2025-05-26T06:06:30","slug":"creer-une-agence-de-recrutement-independant","status":"publish","type":"page","link":"https:\/\/impactup.com\/en\/glossaire\/creer-une-agence-de-recrutement-independant\/","title":{"rendered":"Cr\u00e9ez votre agence de recrutement ind\u00e9pendant avec ImpactUp"},"content":{"rendered":"<div class=\"wpb-content-wrapper\"><p>[vc_row][vc_column width=&#8221;1\/3&#8243;][vc_btn title=&#8221;Voir notre offre&#8221; color=&#8221;secondarycolor&#8221; align=&#8221;center&#8221; css=&#8221;&#8221; link=&#8221;url:https%3A%2F%2Fimpactup.com%2Frecrutement%2F&#8221;][\/vc_column][vc_column width=&#8221;1\/3&#8243;][vc_btn title=&#8221;Confiez-nous votre projet&#8221; color=&#8221;secondarycolor&#8221; align=&#8221;center&#8221; css=&#8221;&#8221; link=&#8221;url:https%3A%2F%2Fimpactup.com%2Fetude-personnalisee%2F&#8221;][\/vc_column][vc_column width=&#8221;1\/3&#8243;][vc_btn title=&#8221;Contactez-nous&#8221; color=&#8221;secondarycolor&#8221; align=&#8221;center&#8221; css=&#8221;&#8221; link=&#8221;url:https%3A%2F%2Fimpactup.com%2Fcontact%2F&#8221;][\/vc_column][\/vc_row][vc_row css=&#8221;.vc_custom_1717658386032{padding-top: 40px !important;padding-bottom: 20px !important;}&#8221;][vc_column][vc_column_text css=&#8221;&#8221;]<\/p>\n<section style=\"text-align: justify;\">\n<h2>Cr\u00e9ez votre agence de recrutement ind\u00e9pendant avec ImpactUp<\/h2>\n<p><a href=\"https:\/\/impactup.com\/glossaire\/devenir-consultant-en-recrutement-2\"><strong>Cr\u00e9er une agence de recrutement ind\u00e9pendant<\/strong><\/a> s\u00e9duit de plus en plus de professionnels en qu\u00eate d\u2019autonomie, de libert\u00e9 d\u2019action et de missions \u00e0 forte valeur ajout\u00e9e. Dans un march\u00e9 dynamique, cette d\u00e9marche entrepreneuriale requiert \u00e0 la fois des comp\u00e9tences m\u00e9tier, une approche structur\u00e9e et des ressources \u00e9prouv\u00e9es. Fort de pr\u00e8s de vingt ans d\u2019exp\u00e9rience, <strong>ImpactUp<\/strong> accompagne les consultants qui souhaitent se lancer, en leur offrant un cadre solide, une notori\u00e9t\u00e9 reconnue et un appui constant.<\/p>\n<\/section>\n<p>[\/vc_column_text][\/vc_column][\/vc_row][vc_row][vc_column width=&#8221;1\/3&#8243;][vc_btn title=&#8221;Voir notre offre&#8221; color=&#8221;secondarycolor&#8221; align=&#8221;center&#8221; css=&#8221;&#8221; link=&#8221;url:https%3A%2F%2Fimpactup.com%2Frecrutement%2F&#8221;][\/vc_column][vc_column width=&#8221;1\/3&#8243;][vc_btn title=&#8221;Confiez-nous votre projet&#8221; color=&#8221;secondarycolor&#8221; align=&#8221;center&#8221; css=&#8221;&#8221; link=&#8221;url:https%3A%2F%2Fimpactup.com%2Fetude-personnalisee%2F&#8221;][\/vc_column][vc_column width=&#8221;1\/3&#8243;][vc_btn title=&#8221;Contactez-nous&#8221; color=&#8221;secondarycolor&#8221; align=&#8221;center&#8221; css=&#8221;&#8221; link=&#8221;url:https%3A%2F%2Fimpactup.com%2Fcontact%2F&#8221;][\/vc_column][\/vc_row][vc_row css=&#8221;.vc_custom_1717658445522{padding-top: 40px !important;}&#8221;][vc_column][vc_column_text css=&#8221;&#8221;]<\/p>\n<section style=\"text-align: justify;\">\n<h2>Cabinets de recrutement, des catalyseurs de performance RH<\/h2>\n<p>Dans un contexte \u00e9conomique o\u00f9 les transformations s\u2019acc\u00e9l\u00e8rent et les exigences des entreprises \u00e9voluent, le recrutement devient un levier de comp\u00e9titivit\u00e9 majeur. Les organisations ne cherchent plus simplement \u00e0 pourvoir un poste, mais \u00e0 identifier des profils capables de s\u2019int\u00e9grer durablement, d\u2019adh\u00e9rer \u00e0 la culture d\u2019entreprise et de g\u00e9n\u00e9rer de la valeur. Cette complexit\u00e9 croissante aliment\u00e9e par la p\u00e9nurie de talents qualifi\u00e9s dans certains secteurs et l\u2019\u00e9volution des attentes des candidats impose une approche plus fine, rigoureuse et experte.<\/p>\n<p>Face \u00e0 ces enjeux, les <a href=\"https:\/\/impactup.com\/glossaire\/licence-de-marque-recrutement\"><strong>agences de recrutement sp\u00e9cialis\u00e9es<\/strong><\/a> se positionnent comme des partenaires cl\u00e9s. Leur r\u00f4le ne se limite pas \u00e0 diffuser des offres et \u00e0 pr\u00e9s\u00e9lectionner des CV\u00a0: elles s\u2019attachent \u00e0 comprendre les besoins profonds des entreprises, \u00e0 anticiper les mutations sectorielles et \u00e0 d\u00e9nicher des talents strat\u00e9giques dans des d\u00e9lais ma\u00eetris\u00e9s.<\/p>\n<p>Leur savoir-faire repose sur une connaissance pointue des m\u00e9tiers, une ma\u00eetrise des techniques d\u2019\u00e9valuation ainsi qu\u2019une capacit\u00e9 \u00e0 construire une relation de confiance durable entre recruteurs et candidats.<\/p>\n<p>C\u2019est dans cette logique d\u2019expertise cibl\u00e9e qu\u2019<strong>ImpactUp<\/strong> s\u2019inscrit depuis 2005. Sp\u00e9cialis\u00e9 dans les fonctions commerciales et marketing, le cabinet intervient aupr\u00e8s de PME et de grands groupes pour identifier des profils \u00e0 fort potentiel, capables d\u2019accompagner la croissance et la transformation des organisations.<\/p>\n<p>Loin des approches standardis\u00e9es, <strong>ImpactUp<\/strong> s\u2019appuie sur des consultants exp\u00e9riment\u00e9s, qui connaissent intimement les m\u00e9tiers pour lesquels ils recrutent, pour conduire des recrutements sur mesure, \u00e0 haute valeur ajout\u00e9e. Cette posture de proximit\u00e9, conjugu\u00e9e \u00e0 une exigence de r\u00e9sultat, permet au cabinet de fournir \u00e0 ses clients des solutions adapt\u00e9es, performantes et durables, au c\u0153ur des enjeux commerciaux et strat\u00e9giques contemporains.<\/p>\n<h2><strong>ImpactUp, un partenaire \u00e0 vos c\u00f4t\u00e9s<\/strong><\/h2>\n<p><a href=\"https:\/\/impactup.com\/glossaire\/rejoindre-un-reseau-de-recruteurs-independant\"><strong>Cr\u00e9er<\/strong> <strong>une agence de recrutement en ind\u00e9pendant<\/strong><\/a> repr\u00e9sente une aventure entrepreneuriale exigeante, mais profond\u00e9ment stimulante. La r\u00e9ussite d\u2019une telle initiative repose sur la capacit\u00e9 \u00e0 conjuguer autonomie, expertise m\u00e9tier et cr\u00e9dibilit\u00e9 commerciale. Toutefois, sans appui solide, d\u00e9velopper son activit\u00e9 peut vite devenir un parcours sem\u00e9 d\u2019obstacles\u00a0: visibilit\u00e9 insuffisante, difficult\u00e9 \u00e0 acc\u00e9der aux bons outils ou isolement professionnel.<\/p>\n<p>C\u2019est pour r\u00e9pondre \u00e0 ces enjeux que le cabinet ImpactUp propose une offre structur\u00e9e aux consultants souhaitant se lancer. Sp\u00e9cialiste reconnu du recrutement dans les domaines commerciaux et marketing, notre structure met \u00e0 leur disposition un mod\u00e8le pens\u00e9 pour conjuguer libert\u00e9 d\u2019entreprendre et puissance d\u2019un r\u00e9seau \u00e9tabli.<\/p>\n<p>Gr\u00e2ce \u00e0 une formation initiale compl\u00e8te, un accompagnement permanent et des outils performants (ATS, bases de donn\u00e9es qualifi\u00e9es, supports commerciaux), les partenaires <a href=\"https:\/\/impactup.com\/\"><strong>ImpactUp<\/strong><\/a> peuvent d\u00e9marrer rapidement et sereinement leur activit\u00e9.<\/p>\n<p>Au-del\u00e0 de la m\u00e9thodologie et des ressources, l\u2019accompagnement propos\u00e9 repose sur une vraie culture de la proximit\u00e9 et de l\u2019exigence. L\u2019objectif n\u2019est pas de dupliquer un mod\u00e8le, mais de permettre \u00e0 chaque consultant de construire une agence \u00e0 son image, tout en capitalisant sur l\u2019exp\u00e9rience, la notori\u00e9t\u00e9 et l\u2019\u00e9cosyst\u00e8me du cabinet.<\/p>\n<\/section>\n<p>[\/vc_column_text][\/vc_column][\/vc_row]<\/p>\n<\/div>","protected":false},"excerpt":{"rendered":"<p>[vc_row][vc_column width=&#8221;1\/3&#8243;][vc_btn title=&#8221;Voir notre offre&#8221; color=&#8221;secondarycolor&#8221; align=&#8221;center&#8221; css=&#8221;&#8221; link=&#8221;url:https%3A%2F%2Fimpactup.com%2Frecrutement%2F&#8221;][\/vc_column][vc_column width=&#8221;1\/3&#8243;][vc_btn title=&#8221;Confiez-nous votre projet&#8221; color=&#8221;secondarycolor&#8221; align=&#8221;center&#8221; css=&#8221;&#8221; link=&#8221;url:https%3A%2F%2Fimpactup.com%2Fetude-personnalisee%2F&#8221;][\/vc_column][vc_column width=&#8221;1\/3&#8243;][vc_btn title=&#8221;Contactez-nous&#8221; color=&#8221;secondarycolor&#8221; align=&#8221;center&#8221; css=&#8221;&#8221; link=&#8221;url:https%3A%2F%2Fimpactup.com%2Fcontact%2F&#8221;][\/vc_column][\/vc_row][vc_row css=&#8221;.vc_custom_1717658386032{padding-top: 40px !important;padding-bottom: 20px !important;}&#8221;][vc_column][vc_column_text css=&#8221;&#8221;] Cr\u00e9ez votre agence de recrutement ind\u00e9pendant avec ImpactUp Cr\u00e9er une agence de recrutement ind\u00e9pendant s\u00e9duit de plus en plus de professionnels en qu\u00eate d\u2019autonomie, de libert\u00e9 [&hellip;]<\/p>\n","protected":false},"author":4,"featured_media":0,"parent":17218,"menu_order":0,"comment_status":"closed","ping_status":"closed","template":"","meta":{"_monsterinsights_skip_tracking":false,"_monsterinsights_sitenote_active":false,"_monsterinsights_sitenote_note":"","_monsterinsights_sitenote_category":0,"footnotes":""},"class_list":["post-29567","page","type-page","status-publish","hentry"],"yoast_head":"<!-- This site is optimized with the Yoast SEO plugin v27.0 - https:\/\/yoast.com\/product\/yoast-seo-wordpress\/ -->\n<title>Comment cr\u00e9er une agence de recrutement ind\u00e9pendant<\/title>\n<meta name=\"description\" content=\"Cr\u00e9ez votre propre agence de recrutement ind\u00e9pendant avec le soutien d\u2019un r\u00e9seau solide. Lancez votre agence de recrutement ImpactUp en tant que consultant ind\u00e9pendant.\" \/>\n<meta name=\"robots\" content=\"index, follow, max-snippet:-1, max-image-preview:large, max-video-preview:-1\" \/>\n<link rel=\"canonical\" href=\"https:\/\/impactup.com\/en\/glossaire\/creer-une-agence-de-recrutement-independant\/\" \/>\n<meta property=\"og:locale\" content=\"en_US\" \/>\n<meta property=\"og:type\" content=\"article\" \/>\n<meta property=\"og:title\" content=\"Comment cr\u00e9er une agence de recrutement ind\u00e9pendant\" \/>\n<meta property=\"og:description\" content=\"Cr\u00e9ez votre propre agence de recrutement ind\u00e9pendant avec le soutien d\u2019un r\u00e9seau solide. Lancez votre agence de recrutement ImpactUp en tant que consultant ind\u00e9pendant.\" \/>\n<meta property=\"og:url\" content=\"https:\/\/impactup.com\/en\/glossaire\/creer-une-agence-de-recrutement-independant\/\" \/>\n<meta property=\"og:site_name\" content=\"ImpactUp\" \/>\n<meta property=\"og:image\" content=\"https:\/\/impactup.com\/wp-content\/uploads\/2021\/01\/og.jpg\" \/>\n\t<meta property=\"og:image:width\" content=\"1067\" \/>\n\t<meta property=\"og:image:height\" content=\"600\" \/>\n\t<meta property=\"og:image:type\" content=\"image\/jpeg\" \/>\n<meta name=\"twitter:card\" content=\"summary_large_image\" \/>\n<meta name=\"twitter:label1\" content=\"Est. reading time\" \/>\n\t<meta name=\"twitter:data1\" content=\"4 minutes\" \/>\n<script type=\"application\/ld+json\" class=\"yoast-schema-graph\">{\"@context\":\"https:\/\/schema.org\",\"@graph\":[{\"@type\":\"WebPage\",\"@id\":\"https:\/\/impactup.com\/en\/glossaire\/creer-une-agence-de-recrutement-independant\/\",\"url\":\"https:\/\/impactup.com\/en\/glossaire\/creer-une-agence-de-recrutement-independant\/\",\"name\":\"Comment cr\u00e9er une agence de recrutement ind\u00e9pendant\",\"isPartOf\":{\"@id\":\"https:\/\/impactup.com\/en\/#website\"},\"datePublished\":\"2025-05-26T06:06:30+00:00\",\"description\":\"Cr\u00e9ez votre propre agence de recrutement ind\u00e9pendant avec le soutien d\u2019un r\u00e9seau solide. Lancez votre agence de recrutement ImpactUp en tant que consultant ind\u00e9pendant.\",\"breadcrumb\":{\"@id\":\"https:\/\/impactup.com\/en\/glossaire\/creer-une-agence-de-recrutement-independant\/#breadcrumb\"},\"inLanguage\":\"en-US\",\"potentialAction\":[{\"@type\":\"ReadAction\",\"target\":[\"https:\/\/impactup.com\/en\/glossaire\/creer-une-agence-de-recrutement-independant\/\"]}]},{\"@type\":\"BreadcrumbList\",\"@id\":\"https:\/\/impactup.com\/en\/glossaire\/creer-une-agence-de-recrutement-independant\/#breadcrumb\",\"itemListElement\":[{\"@type\":\"ListItem\",\"position\":1,\"name\":\"Accueil\",\"item\":\"https:\/\/impactup.com\/en\/\"},{\"@type\":\"ListItem\",\"position\":2,\"name\":\"Glossaire\",\"item\":\"https:\/\/impactup.com\/en\/glossaire\/\"},{\"@type\":\"ListItem\",\"position\":3,\"name\":\"Cr\u00e9ez votre agence de recrutement ind\u00e9pendant avec ImpactUp\"}]},{\"@type\":\"WebSite\",\"@id\":\"https:\/\/impactup.com\/en\/#website\",\"url\":\"https:\/\/impactup.com\/en\/\",\"name\":\"ImpactUp\",\"description\":\"Recrutement commerciaux, directions commerciales et fonctions marketing\",\"potentialAction\":[{\"@type\":\"SearchAction\",\"target\":{\"@type\":\"EntryPoint\",\"urlTemplate\":\"https:\/\/impactup.com\/en\/?s={search_term_string}\"},\"query-input\":{\"@type\":\"PropertyValueSpecification\",\"valueRequired\":true,\"valueName\":\"search_term_string\"}}],\"inLanguage\":\"en-US\"}]}<\/script>\n<!-- \/ Yoast SEO plugin. -->","yoast_head_json":{"title":"Comment cr\u00e9er une agence de recrutement ind\u00e9pendant","description":"Cr\u00e9ez votre propre agence de recrutement ind\u00e9pendant avec le soutien d\u2019un r\u00e9seau solide. Lancez votre agence de recrutement ImpactUp en tant que consultant ind\u00e9pendant.","robots":{"index":"index","follow":"follow","max-snippet":"max-snippet:-1","max-image-preview":"max-image-preview:large","max-video-preview":"max-video-preview:-1"},"canonical":"https:\/\/impactup.com\/en\/glossaire\/creer-une-agence-de-recrutement-independant\/","og_locale":"en_US","og_type":"article","og_title":"Comment cr\u00e9er une agence de recrutement ind\u00e9pendant","og_description":"Cr\u00e9ez votre propre agence de recrutement ind\u00e9pendant avec le soutien d\u2019un r\u00e9seau solide. Lancez votre agence de recrutement ImpactUp en tant que consultant ind\u00e9pendant.","og_url":"https:\/\/impactup.com\/en\/glossaire\/creer-une-agence-de-recrutement-independant\/","og_site_name":"ImpactUp","og_image":[{"width":1067,"height":600,"url":"https:\/\/impactup.com\/wp-content\/uploads\/2021\/01\/og.jpg","type":"image\/jpeg"}],"twitter_card":"summary_large_image","twitter_misc":{"Est. reading time":"4 minutes"},"schema":{"@context":"https:\/\/schema.org","@graph":[{"@type":"WebPage","@id":"https:\/\/impactup.com\/en\/glossaire\/creer-une-agence-de-recrutement-independant\/","url":"https:\/\/impactup.com\/en\/glossaire\/creer-une-agence-de-recrutement-independant\/","name":"Comment cr\u00e9er une agence de recrutement ind\u00e9pendant","isPartOf":{"@id":"https:\/\/impactup.com\/en\/#website"},"datePublished":"2025-05-26T06:06:30+00:00","description":"Cr\u00e9ez votre propre agence de recrutement ind\u00e9pendant avec le soutien d\u2019un r\u00e9seau solide. Lancez votre agence de recrutement ImpactUp en tant que consultant ind\u00e9pendant.","breadcrumb":{"@id":"https:\/\/impactup.com\/en\/glossaire\/creer-une-agence-de-recrutement-independant\/#breadcrumb"},"inLanguage":"en-US","potentialAction":[{"@type":"ReadAction","target":["https:\/\/impactup.com\/en\/glossaire\/creer-une-agence-de-recrutement-independant\/"]}]},{"@type":"BreadcrumbList","@id":"https:\/\/impactup.com\/en\/glossaire\/creer-une-agence-de-recrutement-independant\/#breadcrumb","itemListElement":[{"@type":"ListItem","position":1,"name":"Accueil","item":"https:\/\/impactup.com\/en\/"},{"@type":"ListItem","position":2,"name":"Glossaire","item":"https:\/\/impactup.com\/en\/glossaire\/"},{"@type":"ListItem","position":3,"name":"Cr\u00e9ez votre agence de recrutement ind\u00e9pendant avec ImpactUp"}]},{"@type":"WebSite","@id":"https:\/\/impactup.com\/en\/#website","url":"https:\/\/impactup.com\/en\/","name":"ImpactUp","description":"Recrutement commerciaux, directions commerciales et fonctions marketing","potentialAction":[{"@type":"SearchAction","target":{"@type":"EntryPoint","urlTemplate":"https:\/\/impactup.com\/en\/?s={search_term_string}"},"query-input":{"@type":"PropertyValueSpecification","valueRequired":true,"valueName":"search_term_string"}}],"inLanguage":"en-US"}]}},"_links":{"self":[{"href":"https:\/\/impactup.com\/en\/wp-json\/wp\/v2\/pages\/29567","targetHints":{"allow":["GET"]}}],"collection":[{"href":"https:\/\/impactup.com\/en\/wp-json\/wp\/v2\/pages"}],"about":[{"href":"https:\/\/impactup.com\/en\/wp-json\/wp\/v2\/types\/page"}],"author":[{"embeddable":true,"href":"https:\/\/impactup.com\/en\/wp-json\/wp\/v2\/users\/4"}],"replies":[{"embeddable":true,"href":"https:\/\/impactup.com\/en\/wp-json\/wp\/v2\/comments?post=29567"}],"version-history":[{"count":1,"href":"https:\/\/impactup.com\/en\/wp-json\/wp\/v2\/pages\/29567\/revisions"}],"predecessor-version":[{"id":29568,"href":"https:\/\/impactup.com\/en\/wp-json\/wp\/v2\/pages\/29567\/revisions\/29568"}],"up":[{"embeddable":true,"href":"https:\/\/impactup.com\/en\/wp-json\/wp\/v2\/pages\/17218"}],"wp:attachment":[{"href":"https:\/\/impactup.com\/en\/wp-json\/wp\/v2\/media?parent=29567"}],"curies":[{"name":"wp","href":"https:\/\/api.w.org\/{rel}","templated":true}]}}