{"id":26522,"date":"2024-06-12T15:43:45","date_gmt":"2024-06-12T13:43:45","guid":{"rendered":"https:\/\/impactup.niou.dev\/?page_id=26522"},"modified":"2024-06-12T16:20:34","modified_gmt":"2024-06-12T14:20:34","slug":"cabinet-de-recrutement-marketing-toulouse","status":"publish","type":"page","link":"https:\/\/impactup.com\/en\/glossaire\/cabinet-de-recrutement-marketing-toulouse\/","title":{"rendered":"Pour le recrutement de profils marketing \u00e0 Toulouse, faites appel \u00e0 un cabinet sp\u00e9cialis\u00e9"},"content":{"rendered":"<div class=\"wpb-content-wrapper\"><p>[vc_row][vc_column width=&#8221;1\/3&#8243;][vc_btn title=&#8221;Voir notre offre&#8221; color=&#8221;secondarycolor&#8221; align=&#8221;center&#8221; css=&#8221;&#8221; link=&#8221;url:https%3A%2F%2Fimpactup.com%2Frecrutement%2F&#8221;][\/vc_column][vc_column width=&#8221;1\/3&#8243;][vc_btn title=&#8221;Confiez-nous votre projet&#8221; color=&#8221;secondarycolor&#8221; align=&#8221;center&#8221; css=&#8221;&#8221; link=&#8221;url:https%3A%2F%2Fimpactup.com%2Fetude-personnalisee%2F&#8221;][\/vc_column][vc_column width=&#8221;1\/3&#8243;][vc_btn title=&#8221;Contactez-nous&#8221; color=&#8221;secondarycolor&#8221; align=&#8221;center&#8221; css=&#8221;&#8221; link=&#8221;url:https%3A%2F%2Fimpactup.com%2Fcontact%2F&#8221;][\/vc_column][\/vc_row][vc_row css=&#8221;.vc_custom_1717658386032{padding-top: 40px !important;padding-bottom: 20px !important;}&#8221;][vc_column][vc_column_text css=&#8221;&#8221;]<\/p>\n<section style=\"text-align: justify;\">\n<h2>Pour le recrutement de profils marketing\u00a0\u00e0 Toulouse, faites appel \u00e0 un cabinet sp\u00e9cialis\u00e9<\/h2>\n<p>\u00c0 <a href=\"https:\/\/impactup.com\/glossaire\/cabinet-de-recrutement-directeur-commercial-toulouse\"><strong>Toulouse<\/strong><\/a>, trouver un responsable <a href=\"https:\/\/impactup.com\/glossaire\/cabinet-de-recrutement-directeur-commercial-toulouse\"><strong>marketing<\/strong><\/a> comp\u00e9tent est un d\u00e9fi de taille dans un march\u00e9 concurrentiel. C\u2019est pourquoi il est essentiel de faire appel \u00e0 un <a href=\"https:\/\/impactup.com\/glossaire\/cabinet-de-recrutement-directeur-commercial-toulouse\"><strong>cabinet de recrutement<\/strong><\/a> sp\u00e9cialis\u00e9. ImpactUp, agence experte dans les fonctions commerciales, propose une approche \u00e9prouv\u00e9e pour d\u00e9nicher les talents les plus prometteurs. Nous disposons d\u2019une m\u00e9thodologie sp\u00e9cifique et d\u2019un\u00a0 vaste r\u00e9seau nous permettant de vous pr\u00e9senter des candidats qualifi\u00e9s qui correspondent parfaitement \u00e0 vos besoins en mati\u00e8re de marketing.<\/p>\n<\/section>\n<p>[\/vc_column_text][\/vc_column][\/vc_row][vc_row][vc_column width=&#8221;1\/3&#8243;][vc_btn title=&#8221;Voir notre offre&#8221; color=&#8221;secondarycolor&#8221; align=&#8221;center&#8221; css=&#8221;&#8221; link=&#8221;url:https%3A%2F%2Fimpactup.com%2Frecrutement%2F&#8221;][\/vc_column][vc_column width=&#8221;1\/3&#8243;][vc_btn title=&#8221;Confiez-nous votre projet&#8221; color=&#8221;secondarycolor&#8221; align=&#8221;center&#8221; css=&#8221;&#8221; link=&#8221;url:https%3A%2F%2Fimpactup.com%2Fetude-personnalisee%2F&#8221;][\/vc_column][vc_column width=&#8221;1\/3&#8243;][vc_btn title=&#8221;Contactez-nous&#8221; color=&#8221;secondarycolor&#8221; align=&#8221;center&#8221; css=&#8221;&#8221; link=&#8221;url:https%3A%2F%2Fimpactup.com%2Fcontact%2F&#8221;][\/vc_column][\/vc_row][vc_row css=&#8221;.vc_custom_1717658445522{padding-top: 40px !important;}&#8221;][vc_column][vc_column_text css=&#8221;&#8221;]<\/p>\n<section style=\"text-align: justify;\">\n<h2><strong>Comment ImpactUp peut-il \u00eatre une aide \u00e0 votre entreprise\u00a0?<\/strong><\/h2>\n<p>Toulouse abrite de nombreux talents issus des grandes \u00e9coles locales. \u00c9tant donn\u00e9 la pr\u00e9sence de nombreuses firmes nationales et internationales dans la ville rose, il est tr\u00e8s difficile, voire impossible d\u2019attirer les meilleurs \u00e9l\u00e9ments chez vous, sans vous ruiner avec des salaires faramineux.<\/p>\n<p>ImpactUp est familier avec le contexte et pourra trouver pour vous une solution au meilleur rapport qualit\u00e9\/prix. Business developer, Responsable de vente ou Directeur commercial\u00a0: peu importe la d\u00e9nomination du poste, tant qu\u2019elle fait r\u00e9f\u00e9rence \u00e0 une fonction commerciale, le cabinet de recrutement ImpactUp pourra mettre \u00e0 votre disposition son expertise.<\/p>\n<p>Fort de 15\u00a0ann\u00e9es d\u2019exp\u00e9rience dans la chasse de t\u00eate, ImpactUp dispose d\u2019une parfaite connaissance du march\u00e9 de l\u2019emploi toulousain et sera en mesure de d\u00e9nicher le candidat id\u00e9al. S\u2019allier avec cet expert ne pourra donc \u00eatre que b\u00e9n\u00e9fique pour les entreprises, notamment pour celles bas\u00e9es \u00e0 <a href=\"https:\/\/impactup.com\/glossaire\/cabinet-de-recrutement-business-developer-toulouse\"><strong>Toulouse<\/strong><\/a>, car la ville rose n\u2019est autre qu\u2019un \u00ab\u2009terrain de jeux\u00a0\u00bb pour ce <a href=\"https:\/\/impactup.com\/glossaire\/cabinet-de-recrutement-business-developer-toulouse\"><strong>cabinet de recrutement<\/strong> <strong>sp\u00e9cialis\u00e9 dans le commercial et le marketing<\/strong><\/a>.<\/p>\n<h2><strong>Le marketing, la cl\u00e9 de voute de la croissance de votre soci\u00e9t\u00e9<\/strong><\/h2>\n<p>La solution ImpactUp est n\u00e9e du simple constat que bon nombre d\u2019entreprises, quelle que soit leur taille, ont souvent des difficult\u00e9s \u00e0 recruter un expert de la vente.<\/p>\n<p>Or, les commerciaux et profils marketing repr\u00e9sentent des collaborateurs cruciaux pour le d\u00e9veloppement d\u2019une entreprise. De bons vendeurs permettent d\u2019augmenter le chiffre d\u2019affaires sur le court et le moyen terme, tout en aidant \u00e0 p\u00e9renniser l\u2019activit\u00e9 et \u00e0 cr\u00e9er des offres innovantes gr\u00e2ce \u00e0 une relation client\u00e8le soign\u00e9e. Le cabinet s\u2019est alors mis comme principal objectif d\u2019aider ces structures \u00e0 d\u00e9nicher leurs nouvelles forces de vente.<\/p>\n<p>De plus, partant du principe qu\u2019avoir un politique marketing solide, c\u2019est garantir le d\u00e9veloppement de l\u2019entreprise, la mission du cabinet est de s\u2019assurer que le capital humain soit \u00e0 la hauteur de ce d\u00e9fi. En effet, la strat\u00e9gie marketing se trouve au c\u0153ur de la croissance d\u2019une soci\u00e9t\u00e9. Elle d\u00e9finit son positionnement, sa fa\u00e7on de se d\u00e9marquer face \u00e0 la concurrence, sa strat\u00e9gie de communication, ses canaux de vente\u2026 bref, la d\u00e9finition de ses cibles et la mise en place des moyens les plus efficaces pour la toucher gr\u00e2ce \u00e0 des produits cr\u00e9\u00e9s selon les besoins de cette cible. Outre cette mission g\u00e9n\u00e9rale, le responsable marketing peut pr\u00e9senter des sp\u00e9cialisations selon le domaine d\u2019activit\u00e9 (production industrielle, vente au d\u00e9tail, commerce ou services de luxe, etc.), le secteur concern\u00e9 (textile, tourisme, agroalimentaire, etc.) ou encore le domaine d\u2019action (marketing digital, gestion de portefeuille B2B, etc.) Le recrutement d\u2019un responsable marketing tient compte de tous ces d\u00e9tails, ainsi que d\u2019autres \u00e9l\u00e9ments comme l\u2019environnement et les conditions de travail (ex\u00a0: entreprise multiculturelle, possibilit\u00e9 de travailler en nomade)<\/p>\n<p>\u00c0 <a href=\"https:\/\/impactup.com\/glossaire\/cabinet-de-recrutement-commercial-export-toulouse\"><strong>Toulouse<\/strong><\/a>, comme dans d\u2019autres villes de France, le <a href=\"https:\/\/impactup.com\/glossaire\/cabinet-de-recrutement-commercial-export-toulouse\"><strong>cabinet de recrutement<\/strong><\/a> ImpactUp a plac\u00e9 des experts en <a href=\"https:\/\/impactup.com\/glossaire\/cabinet-de-recrutement-commercial-export-toulouse\"><strong>marketing<\/strong><\/a> pour accompagner les entreprises dans leur croissance.<\/p>\n<p>En effet, nos consultants en recrutement et nos chasseurs de t\u00eate sont tous issus des m\u00e9tiers de la vente et du marketing. Outre leur expertise commerciale, ils justifient d\u2019une grande exp\u00e9rience dans diff\u00e9rents secteurs, et peuvent donc intervenir dans ces domaines d\u2019activit\u00e9 qu\u2019ils connaissent parfaitement, afin de d\u00e9nicher des candidats de talent.<\/p>\n<h2><strong>ImpactUp\u00a0: un cabinet qui a fait du recrutement sa sp\u00e9cialit\u00e9<\/strong><\/h2>\n<p><strong>ImpactUp<\/strong> se d\u00e9marque par une \u00e9quipe \u00e0 taille humaine, o\u00f9 chaque consultant est sp\u00e9cialis\u00e9 dans ses fonctions. Depuis 2005, nous excellons dans les domaines commerciaux et marketing, proposant des services de recrutement aussi bien aux grandes entreprises qu\u2019aux PME. Notre mission est claire\u00a0: rechercher et \u00e9valuer les talents qui permettront \u00e0 nos clients de renforcer leur position sur le march\u00e9.<\/p>\n<p>Fond\u00e9 par Pascal Larue en 2005, et enrichi par l\u2019expertise d\u2019Emmanuel Laquerri\u00e8re en 2014, notre cabinet s\u2019engage \u00e0 garantir un recrutement efficace, une proximit\u00e9 avec nos clients et une culture orient\u00e9e vers les r\u00e9sultats. Nous agissons comme une direction commerciale externalis\u00e9e, traitant \u00e0 la fois les aspects strat\u00e9giques et op\u00e9rationnels du d\u00e9veloppement commercial, et nous int\u00e9grons une part variable li\u00e9e aux r\u00e9sultats dans notre tarification. De la recherche de managers aux postes de terrain et s\u00e9dentaires, en passant par les professionnels du marketing, notre expertise couvre tous les aspects du recrutement commercial.<\/p>\n<h2><strong>ImpactUp, plus qu\u2019un simple cabinet de recrutement<\/strong><\/h2>\n<p>Avec un process centr\u00e9 sur l\u2019homme, <a href=\"https:\/\/impactup.com\"><strong>ImpactUp<\/strong><\/a> d\u00e9montre une consid\u00e9ration \u00e9gale pour la motivation et les personnalit\u00e9s d\u2019un candidat que pour ses comp\u00e9tences techniques. \u00catre le plus dipl\u00f4m\u00e9 parmi les candidats c\u2019est bien, mais \u00eatre taill\u00e9 pour le poste, c\u2019est mieux.<\/p>\n<p>Pour ses placements sur Toulouse ou dans les autres sites o\u00f9 il op\u00e8re, ImpactUp cherche pour ses clients, non pas le plus qualifi\u00e9, mais celui qui pourra apporter le plus de valeur ajout\u00e9e \u00e0 la soci\u00e9t\u00e9 pour laquelle il travaille. Chaque recrutement se subdivise en 07 \u00e9tapes cl\u00e9s\u00a0:<\/p>\n<ul>\n<li>D\u00e9finition du besoin aupr\u00e8s du client<\/li>\n<li>R\u00e9daction des documents cl\u00e9s (description du poste)<\/li>\n<li>Int\u00e9gration de l\u2019offre sur le site<\/li>\n<li>Pr\u00e9s\u00e9lection (analyse edes CV, entretien t\u00e9l\u00e9phonique)<\/li>\n<li>S\u00e9lection (entretien physique, test, prises de r\u00e9f\u00e9rences)<\/li>\n<li>\u00c9tablissement de la shortlist<\/li>\n<li>Suivi du candidat jusqu\u2019\u00e0 son premier jour de travail<\/li>\n<\/ul>\n<p>Afin d\u2019optimiser l\u2019ad\u00e9quation du profil du candidat au poste envisag\u00e9, ImpactUp utilise plusieurs tests de personnalit\u00e9 et de comp\u00e9tence destin\u00e9s \u00e0 \u00e9valuer toutes les aptitudes cl\u00e9s de chaque candidat. Ainsi, nous utilisons des tests bas\u00e9s scientifiquement, et ayant fait leurs preuves afin de conna\u00eetre les valeurs et motivation de l\u2019individu, d\u2019appr\u00e9cier ses capacit\u00e9s cognitives, et d\u2019\u00e9valuer son niveau linguistique. Pour compl\u00e9ter le profil de chaque pr\u00e9tendant, nous mettons aussi en place un test de culture g\u00e9n\u00e9rale.<\/p>\n<p>Si vos postes \u00e0 Toulouse n\u00e9cessitent des candidats talentueux disposant de capacit\u00e9s linguistiques particuli\u00e8res (ex\u00a0: parler l\u2019espagnol, le chinois ou l\u2019arabe), nous travaillons avec un leader du test en ligne pour \u00e9valuer leur niveau. Tout est mis en place selon les normes CECRL.<\/p>\n<h2><strong>Prestations compl\u00e9mentaires<\/strong><\/h2>\n<p>Outre le fait que vous pouvez choisir, pour le <strong>recrutement<\/strong> d\u2019un cadre <strong>marketing <\/strong>\u00e0 <strong>Toulouse<\/strong>,<strong> de<\/strong> ne faire appel au <strong>cabinet <\/strong>que pour une partie de la prestation d\u00e9taill\u00e9e pr\u00e9c\u00e9demment (uniquement pour la d\u00e9finition du besoin et la r\u00e9daction et diffusion des documents ou uniquement \u00e0 partir des pr\u00e9s\u00e9lections ou s\u00e9lections par exemple), ImpactUp propose \u00e9galement des prestations compl\u00e9mentaires.<\/p>\n<p>Pour affiner encore plus la s\u00e9lection et vous assurer que le candidat sera rapidement op\u00e9rationnel, nous pouvons mettre en place l\u2019assessment center afin de tester les candidats encore en liste sur des situations professionnelles.<\/p>\n<p>Nous proposons aussi des prestations sp\u00e9cifiques concernant le recrutement en nombre, en situation d\u2019urgence ou de mani\u00e8re r\u00e9currente avec un accompagnement complet comprenant un manager, un chef de projet, cinq charg\u00e9s de recherches de candidats sp\u00e9cialis\u00e9s dans le recrutement en grand nombre et un suivi avec bilans.<\/p>\n<p>Une offre de conseil en d\u00e9veloppement commercial portant sur la strat\u00e9gie commerciale, l\u2019organisation commerciale, la motivation des \u00e9quipes commerciales et le pilotage.<\/p>\n<p>Et toute une gamme de formation li\u00e9e au recrutement (instaurer un process de recrutement et le piloter), le style comportemental (am\u00e9liorer le comportement de ses vendeurs, de ses \u00e9quipes et de ses managers) et le management pour former au management ou pour am\u00e9liorer les pratiques de management).<\/p>\n<\/section>\n<p>[\/vc_column_text][\/vc_column][\/vc_row]<\/p>\n<\/div>","protected":false},"excerpt":{"rendered":"<p>[vc_row][vc_column width=&#8221;1\/3&#8243;][vc_btn title=&#8221;Voir notre offre&#8221; color=&#8221;secondarycolor&#8221; align=&#8221;center&#8221; css=&#8221;&#8221; link=&#8221;url:https%3A%2F%2Fimpactup.com%2Frecrutement%2F&#8221;][\/vc_column][vc_column width=&#8221;1\/3&#8243;][vc_btn title=&#8221;Confiez-nous votre projet&#8221; color=&#8221;secondarycolor&#8221; align=&#8221;center&#8221; css=&#8221;&#8221; link=&#8221;url:https%3A%2F%2Fimpactup.com%2Fetude-personnalisee%2F&#8221;][\/vc_column][vc_column width=&#8221;1\/3&#8243;][vc_btn title=&#8221;Contactez-nous&#8221; color=&#8221;secondarycolor&#8221; align=&#8221;center&#8221; css=&#8221;&#8221; link=&#8221;url:https%3A%2F%2Fimpactup.com%2Fcontact%2F&#8221;][\/vc_column][\/vc_row][vc_row css=&#8221;.vc_custom_1717658386032{padding-top: 40px !important;padding-bottom: 20px !important;}&#8221;][vc_column][vc_column_text css=&#8221;&#8221;] Pour le recrutement de profils marketing\u00a0\u00e0 Toulouse, faites appel \u00e0 un cabinet sp\u00e9cialis\u00e9 \u00c0 Toulouse, trouver un responsable marketing comp\u00e9tent est un d\u00e9fi de taille dans [&hellip;]<\/p>\n","protected":false},"author":4,"featured_media":0,"parent":17218,"menu_order":0,"comment_status":"closed","ping_status":"closed","template":"","meta":{"_monsterinsights_skip_tracking":false,"_monsterinsights_sitenote_active":false,"_monsterinsights_sitenote_note":"","_monsterinsights_sitenote_category":0,"footnotes":""},"class_list":["post-26522","page","type-page","status-publish","hentry"],"yoast_head":"<!-- This site is optimized with the Yoast SEO plugin v27.0 - https:\/\/yoast.com\/product\/yoast-seo-wordpress\/ -->\n<title>Recrutement marketing \u00e0 Toulouse avec un cabinet sp\u00e9cialis\u00e9<\/title>\n<meta name=\"description\" content=\"Un cabinet de recrutement pour trouver un responsable marketing \u00e0 Toulouse. ImpactUp est un cabinet sp\u00e9cialis\u00e9 dans le recrutement de profils marketing.\" \/>\n<meta name=\"robots\" content=\"index, follow, max-snippet:-1, max-image-preview:large, max-video-preview:-1\" \/>\n<link rel=\"canonical\" href=\"https:\/\/impactup.com\/en\/glossaire\/cabinet-de-recrutement-marketing-toulouse\/\" \/>\n<meta property=\"og:locale\" content=\"en_US\" \/>\n<meta property=\"og:type\" content=\"article\" \/>\n<meta property=\"og:title\" content=\"Recrutement marketing \u00e0 Toulouse avec un cabinet sp\u00e9cialis\u00e9\" \/>\n<meta property=\"og:description\" content=\"Un cabinet de recrutement pour trouver un responsable marketing \u00e0 Toulouse. ImpactUp est un cabinet sp\u00e9cialis\u00e9 dans le recrutement de profils marketing.\" \/>\n<meta property=\"og:url\" content=\"https:\/\/impactup.com\/en\/glossaire\/cabinet-de-recrutement-marketing-toulouse\/\" \/>\n<meta property=\"og:site_name\" content=\"ImpactUp\" \/>\n<meta property=\"article:modified_time\" content=\"2024-06-12T14:20:34+00:00\" \/>\n<meta property=\"og:image\" content=\"https:\/\/impactup.com\/wp-content\/uploads\/2021\/01\/og.jpg\" \/>\n\t<meta property=\"og:image:width\" content=\"1067\" \/>\n\t<meta property=\"og:image:height\" content=\"600\" \/>\n\t<meta property=\"og:image:type\" content=\"image\/jpeg\" \/>\n<meta name=\"twitter:card\" content=\"summary_large_image\" \/>\n<meta name=\"twitter:label1\" content=\"Est. reading time\" \/>\n\t<meta name=\"twitter:data1\" content=\"7 minutes\" \/>\n<script type=\"application\/ld+json\" class=\"yoast-schema-graph\">{\"@context\":\"https:\/\/schema.org\",\"@graph\":[{\"@type\":\"WebPage\",\"@id\":\"https:\/\/impactup.com\/en\/glossaire\/cabinet-de-recrutement-marketing-toulouse\/\",\"url\":\"https:\/\/impactup.com\/en\/glossaire\/cabinet-de-recrutement-marketing-toulouse\/\",\"name\":\"Recrutement marketing \u00e0 Toulouse avec un cabinet sp\u00e9cialis\u00e9\",\"isPartOf\":{\"@id\":\"https:\/\/impactup.com\/en\/#website\"},\"datePublished\":\"2024-06-12T13:43:45+00:00\",\"dateModified\":\"2024-06-12T14:20:34+00:00\",\"description\":\"Un cabinet de recrutement pour trouver un responsable marketing \u00e0 Toulouse. ImpactUp est un cabinet sp\u00e9cialis\u00e9 dans le recrutement de profils marketing.\",\"breadcrumb\":{\"@id\":\"https:\/\/impactup.com\/en\/glossaire\/cabinet-de-recrutement-marketing-toulouse\/#breadcrumb\"},\"inLanguage\":\"en-US\",\"potentialAction\":[{\"@type\":\"ReadAction\",\"target\":[\"https:\/\/impactup.com\/en\/glossaire\/cabinet-de-recrutement-marketing-toulouse\/\"]}]},{\"@type\":\"BreadcrumbList\",\"@id\":\"https:\/\/impactup.com\/en\/glossaire\/cabinet-de-recrutement-marketing-toulouse\/#breadcrumb\",\"itemListElement\":[{\"@type\":\"ListItem\",\"position\":1,\"name\":\"Accueil\",\"item\":\"https:\/\/impactup.com\/en\/\"},{\"@type\":\"ListItem\",\"position\":2,\"name\":\"Glossaire\",\"item\":\"https:\/\/impactup.com\/en\/glossaire\/\"},{\"@type\":\"ListItem\",\"position\":3,\"name\":\"Pour le recrutement de profils marketing \u00e0 Toulouse, faites appel \u00e0 un cabinet sp\u00e9cialis\u00e9\"}]},{\"@type\":\"WebSite\",\"@id\":\"https:\/\/impactup.com\/en\/#website\",\"url\":\"https:\/\/impactup.com\/en\/\",\"name\":\"ImpactUp\",\"description\":\"Recrutement commerciaux, directions commerciales et fonctions marketing\",\"potentialAction\":[{\"@type\":\"SearchAction\",\"target\":{\"@type\":\"EntryPoint\",\"urlTemplate\":\"https:\/\/impactup.com\/en\/?s={search_term_string}\"},\"query-input\":{\"@type\":\"PropertyValueSpecification\",\"valueRequired\":true,\"valueName\":\"search_term_string\"}}],\"inLanguage\":\"en-US\"}]}<\/script>\n<!-- \/ Yoast SEO plugin. -->","yoast_head_json":{"title":"Recrutement marketing \u00e0 Toulouse avec un cabinet sp\u00e9cialis\u00e9","description":"Un cabinet de recrutement pour trouver un responsable marketing \u00e0 Toulouse. ImpactUp est un cabinet sp\u00e9cialis\u00e9 dans le recrutement de profils marketing.","robots":{"index":"index","follow":"follow","max-snippet":"max-snippet:-1","max-image-preview":"max-image-preview:large","max-video-preview":"max-video-preview:-1"},"canonical":"https:\/\/impactup.com\/en\/glossaire\/cabinet-de-recrutement-marketing-toulouse\/","og_locale":"en_US","og_type":"article","og_title":"Recrutement marketing \u00e0 Toulouse avec un cabinet sp\u00e9cialis\u00e9","og_description":"Un cabinet de recrutement pour trouver un responsable marketing \u00e0 Toulouse. ImpactUp est un cabinet sp\u00e9cialis\u00e9 dans le recrutement de profils marketing.","og_url":"https:\/\/impactup.com\/en\/glossaire\/cabinet-de-recrutement-marketing-toulouse\/","og_site_name":"ImpactUp","article_modified_time":"2024-06-12T14:20:34+00:00","og_image":[{"width":1067,"height":600,"url":"https:\/\/impactup.com\/wp-content\/uploads\/2021\/01\/og.jpg","type":"image\/jpeg"}],"twitter_card":"summary_large_image","twitter_misc":{"Est. reading time":"7 minutes"},"schema":{"@context":"https:\/\/schema.org","@graph":[{"@type":"WebPage","@id":"https:\/\/impactup.com\/en\/glossaire\/cabinet-de-recrutement-marketing-toulouse\/","url":"https:\/\/impactup.com\/en\/glossaire\/cabinet-de-recrutement-marketing-toulouse\/","name":"Recrutement marketing \u00e0 Toulouse avec un cabinet sp\u00e9cialis\u00e9","isPartOf":{"@id":"https:\/\/impactup.com\/en\/#website"},"datePublished":"2024-06-12T13:43:45+00:00","dateModified":"2024-06-12T14:20:34+00:00","description":"Un cabinet de recrutement pour trouver un responsable marketing \u00e0 Toulouse. ImpactUp est un cabinet sp\u00e9cialis\u00e9 dans le recrutement de profils marketing.","breadcrumb":{"@id":"https:\/\/impactup.com\/en\/glossaire\/cabinet-de-recrutement-marketing-toulouse\/#breadcrumb"},"inLanguage":"en-US","potentialAction":[{"@type":"ReadAction","target":["https:\/\/impactup.com\/en\/glossaire\/cabinet-de-recrutement-marketing-toulouse\/"]}]},{"@type":"BreadcrumbList","@id":"https:\/\/impactup.com\/en\/glossaire\/cabinet-de-recrutement-marketing-toulouse\/#breadcrumb","itemListElement":[{"@type":"ListItem","position":1,"name":"Accueil","item":"https:\/\/impactup.com\/en\/"},{"@type":"ListItem","position":2,"name":"Glossaire","item":"https:\/\/impactup.com\/en\/glossaire\/"},{"@type":"ListItem","position":3,"name":"Pour le recrutement de profils marketing \u00e0 Toulouse, faites appel \u00e0 un cabinet sp\u00e9cialis\u00e9"}]},{"@type":"WebSite","@id":"https:\/\/impactup.com\/en\/#website","url":"https:\/\/impactup.com\/en\/","name":"ImpactUp","description":"Recrutement commerciaux, directions commerciales et fonctions marketing","potentialAction":[{"@type":"SearchAction","target":{"@type":"EntryPoint","urlTemplate":"https:\/\/impactup.com\/en\/?s={search_term_string}"},"query-input":{"@type":"PropertyValueSpecification","valueRequired":true,"valueName":"search_term_string"}}],"inLanguage":"en-US"}]}},"_links":{"self":[{"href":"https:\/\/impactup.com\/en\/wp-json\/wp\/v2\/pages\/26522","targetHints":{"allow":["GET"]}}],"collection":[{"href":"https:\/\/impactup.com\/en\/wp-json\/wp\/v2\/pages"}],"about":[{"href":"https:\/\/impactup.com\/en\/wp-json\/wp\/v2\/types\/page"}],"author":[{"embeddable":true,"href":"https:\/\/impactup.com\/en\/wp-json\/wp\/v2\/users\/4"}],"replies":[{"embeddable":true,"href":"https:\/\/impactup.com\/en\/wp-json\/wp\/v2\/comments?post=26522"}],"version-history":[{"count":4,"href":"https:\/\/impactup.com\/en\/wp-json\/wp\/v2\/pages\/26522\/revisions"}],"predecessor-version":[{"id":26526,"href":"https:\/\/impactup.com\/en\/wp-json\/wp\/v2\/pages\/26522\/revisions\/26526"}],"up":[{"embeddable":true,"href":"https:\/\/impactup.com\/en\/wp-json\/wp\/v2\/pages\/17218"}],"wp:attachment":[{"href":"https:\/\/impactup.com\/en\/wp-json\/wp\/v2\/media?parent=26522"}],"curies":[{"name":"wp","href":"https:\/\/api.w.org\/{rel}","templated":true}]}}