{"id":26502,"date":"2024-06-12T14:30:31","date_gmt":"2024-06-12T12:30:31","guid":{"rendered":"https:\/\/impactup.niou.dev\/?page_id=26502"},"modified":"2024-06-12T16:34:50","modified_gmt":"2024-06-12T14:34:50","slug":"cabinet-recrutement-commercial-cosmetique","status":"publish","type":"page","link":"https:\/\/impactup.com\/en\/glossaire\/cabinet-recrutement-commercial-cosmetique\/","title":{"rendered":"ImpactUp, le cabinet de recrutement sp\u00e9cialis\u00e9 dans le poste de commercial sp\u00e9cifique tel que commercial cosm\u00e9tique"},"content":{"rendered":"<div class=\"wpb-content-wrapper\"><p>[vc_row][vc_column width=&#8221;1\/3&#8243;][vc_btn title=&#8221;Voir notre offre&#8221; color=&#8221;secondarycolor&#8221; align=&#8221;center&#8221; css=&#8221;&#8221; link=&#8221;url:https%3A%2F%2Fimpactup.com%2Frecrutement%2F&#8221;][\/vc_column][vc_column width=&#8221;1\/3&#8243;][vc_btn title=&#8221;Confiez-nous votre projet&#8221; color=&#8221;secondarycolor&#8221; align=&#8221;center&#8221; css=&#8221;&#8221; link=&#8221;url:https%3A%2F%2Fimpactup.com%2Fetude-personnalisee%2F&#8221;][\/vc_column][vc_column width=&#8221;1\/3&#8243;][vc_btn title=&#8221;Contactez-nous&#8221; color=&#8221;secondarycolor&#8221; align=&#8221;center&#8221; css=&#8221;&#8221; link=&#8221;url:https%3A%2F%2Fimpactup.com%2Fcontact%2F&#8221;][\/vc_column][\/vc_row][vc_row css=&#8221;.vc_custom_1717658386032{padding-top: 40px !important;padding-bottom: 20px !important;}&#8221;][vc_column][vc_column_text css=&#8221;&#8221;]<\/p>\n<h2>ImpactUp, le cabinet de recrutement sp\u00e9cialis\u00e9 dans le poste de commercial sp\u00e9cifique tel que commercial cosm\u00e9tique<\/h2>\n<p>\u00c9tant sp\u00e9cialis\u00e9 dans le recrutement des fonctions commerciales et marketing, le <a href=\"https:\/\/impactup.com\/glossaire\/cabinet-de-recrutement-cosmetique-paris\"><strong>cabinet de recrutement ImpactUp trouvera le commercial en produits cosm\u00e9tiques<\/strong><\/a> qui correspondra \u00e0 vos attentes.[\/vc_column_text][\/vc_column][\/vc_row][vc_row][vc_column width=&#8221;1\/3&#8243;][vc_btn title=&#8221;Voir notre offre&#8221; color=&#8221;secondarycolor&#8221; align=&#8221;center&#8221; css=&#8221;&#8221; link=&#8221;url:https%3A%2F%2Fimpactup.com%2Frecrutement%2F&#8221;][\/vc_column][vc_column width=&#8221;1\/3&#8243;][vc_btn title=&#8221;Confiez-nous votre projet&#8221; color=&#8221;secondarycolor&#8221; align=&#8221;center&#8221; css=&#8221;&#8221; link=&#8221;url:https%3A%2F%2Fimpactup.com%2Fetude-personnalisee%2F&#8221;][\/vc_column][vc_column width=&#8221;1\/3&#8243;][vc_btn title=&#8221;Contactez-nous&#8221; color=&#8221;secondarycolor&#8221; align=&#8221;center&#8221; css=&#8221;&#8221; link=&#8221;url:https%3A%2F%2Fimpactup.com%2Fcontact%2F&#8221;][\/vc_column][\/vc_row][vc_row css=&#8221;.vc_custom_1717658445522{padding-top: 40px !important;}&#8221;][vc_column][vc_column_text css=&#8221;&#8221;]<\/p>\n<h2><strong>Vente de cosm\u00e9tique\u00a0: comment bien recruter\u00a0? <\/strong><\/h2>\n<p>Conseiller les clients et vendre des produits cosm\u00e9tiques exigent des comp\u00e9tences techniques et commerciales av\u00e9r\u00e9es ainsi qu\u2019une r\u00e9elle connaissance du march\u00e9. De ce fait, recruter un technico-<strong>commercial cosm\u00e9tique<\/strong> ou un conseiller-vendeur implique un processus rigoureux, car les cons\u00e9quences d\u2019un mauvais recrutement ne sont pas seulement de nature financi\u00e8re\u00a0: elles impactent directement l\u2019image d\u2019une entreprise. Afin d\u2019\u00e9viter les risques d\u2019erreur, les entreprises du secteur font appel \u00e0 des cabinets sp\u00e9cialis\u00e9s tels qu\u2019ImpactUp qui ma\u00eetrisent les enjeux du recrutement dans ce domaine.<\/p>\n<p>Le m\u00e9tier de conseiller(\u00e8re) de vente en cosm\u00e9tique requiert logiquement des connaissances solides en mati\u00e8re de cosm\u00e9tique et d\u2019esth\u00e9tique. Il ou elle doit conna\u00eetre parfaitement la ligne de produits propos\u00e9e par son enseigne et savoir mettre en avant ses points forts pour renseigner au mieux sa client\u00e8le. Au-del\u00e0 des comp\u00e9tences commerciales indispensables, des qualit\u00e9s personnelles telles que l\u2019empathie, le sens de l\u2019accueil et de l\u2019organisation, la force de conviction sont essentielles pour l\u2019exercice du m\u00e9tier. Chez <a href=\"https:\/\/impactup.com\"><strong>ImpactUp<\/strong><\/a>, nous comprenons que vous ne cherchiez pas simplement \u00e0 pourvoir un poste de vendeur, mais bien \u00e0 recruter un talent commercial qui apporte de la valeur ajout\u00e9e \u00e0 votre entreprise. C\u2019est la raison pour laquelle nous mettons au service de vos projets de recrutement des consultants-recruteurs issus des fonctions pour lesquelles ils interviennent.<\/p>\n<h2><strong>Faites appel \u00e0 un expert pour trouver le candidat id\u00e9al<\/strong><\/h2>\n<p>Le cabinet <strong>ImpactUp<\/strong> a d\u00e9velopp\u00e9 une expertise fine dans le ciblage et la s\u00e9lection des talents de haut niveau \u00e9voluant dans les secteurs commerciaux et marketing. Nous b\u00e9n\u00e9ficions d\u2019une exp\u00e9rience valid\u00e9e par plus de 15 ans de m\u00e9tier. Nous avons accompagn\u00e9 avec succ\u00e8s de nombreuses entreprises, grands comptes comme PME, dans leur qu\u00eate de collaborateurs op\u00e9rationnels et chevronn\u00e9s capables de porter leur croissance.<\/p>\n<p>Pour recruter votre futur <a href=\"https:\/\/impactup.com\/glossaire\/agence-de-recrutement-commerciaux\"><strong>technico-commercial cosm\u00e9tique, notre cabinet de recrutement <\/strong><\/a>intervient en amont pour comprendre vos besoins et d\u00e9terminer, ensemble, les missions, objectifs et qualit\u00e9s que vous attendez de votre recrue. Notre \u00e9quipe s\u2019occupe par la suite de r\u00e9diger les documents cl\u00e9s, \u00e0 savoir la description du poste et l\u2019offre d\u2019emploi, avant d\u2019entamer la recherche de candidats via diff\u00e9rents canaux\u00a0: base de donn\u00e9es actualis\u00e9e, r\u00e9seau professionnel, mais aussi par approche directe.\u00a0Lors de la pr\u00e9-s\u00e9lection, nos consultants experts analysent et s\u00e9lectionnent les CV sur la base de crit\u00e8res objectifs et font passer des entretiens t\u00e9l\u00e9phoniques \u00e0 chaque candidat. Nous prenons \u00e9galement en charge l\u2019organisation des entretiens et des tests d\u2019embauche de rigueur.<\/p>\n<p>\u00c0 l\u2019issue de ces \u00e9tapes, nous \u00e9tablissons une short-list des candidats retenus avec dossier et recommandations, parmi lesquels vous aurez \u00e0 choisir.\u00a0Enfin, nous veillons \u00e0 assurer le suivi du candidat jusqu\u2019\u00e0 l\u2019embauche d\u00e9finitive.<\/p>\n<h2><strong>Prestations de recrutement sur mesure<\/strong><\/h2>\n<p>Pour le recrutement de votre commercial cosm\u00e9tique, le cabinet propose, outre les entretiens et exercices de mise en situation, la mise \u00e0 disposition d\u2019outils d\u2019\u00e9valuation des capacit\u00e9s et soft skills des candidats portant sur les capacit\u00e9s cognitives, l\u2019analyse de la personnalit\u00e9, l\u2019\u00e9valuation des comp\u00e9tences et les capacit\u00e9s en langues \u00e9trang\u00e8res.<\/p>\n<p>Il s\u2019agit de tests de comp\u00e9tences avec\u00a0:<\/p>\n<ul>\n<li>Profil Vente-R qui \u00e9value le potentiel commercial et les motivations des candidats sur 4 th\u00e8mes\u00a0: les aptitudes \u00e0 la prospection et \u00e0 l\u2019approche client, les aptitudes relationnelles et de fid\u00e9lisation client, les aptitudes en n\u00e9gociation et en persuasion et les aptitudes en jeu commercial avec \u00e9valuation de l\u2019affirmation et du contr\u00f4le de soi<\/li>\n<li>CTPI-R qui \u00e9value le potentiel manag\u00e9rial, les comp\u00e9tences comportementales et le mode de fonctionnement des candidats\u00a0:<\/li>\n<li>De tests de personnalit\u00e9 et de tests projectifs.<\/li>\n<li>Et de tests d\u2019aptitudes verbales, num\u00e9riques et cognitives.<\/li>\n<li>Nous pouvons \u00e9galement appliquer l\u2019assessment center.<\/li>\n<\/ul>\n<p>Et enfin, pour offrir un accompagnement complet de nos clients, nous proposons \u00e9galement le <a href=\"https:\/\/impactup.com\/glossaire\/conseil-recrutement-commercial\"><strong>conseil en d\u00e9veloppement commercial<\/strong><\/a> sous forme d\u2019externalisation de votre direction commerciale pour le d\u00e9veloppement d\u2019une strat\u00e9gie commerciale pertinente et efficace et des formations sur le recrutement, le style comportemental et le management destin\u00e9es aux \u00e9quipes commerciales et des ressources humaines.[\/vc_column_text][\/vc_column][\/vc_row]<\/p>\n<\/div>","protected":false},"excerpt":{"rendered":"<p>[vc_row][vc_column width=&#8221;1\/3&#8243;][vc_btn title=&#8221;Voir notre offre&#8221; color=&#8221;secondarycolor&#8221; align=&#8221;center&#8221; css=&#8221;&#8221; link=&#8221;url:https%3A%2F%2Fimpactup.com%2Frecrutement%2F&#8221;][\/vc_column][vc_column width=&#8221;1\/3&#8243;][vc_btn title=&#8221;Confiez-nous votre projet&#8221; color=&#8221;secondarycolor&#8221; align=&#8221;center&#8221; css=&#8221;&#8221; link=&#8221;url:https%3A%2F%2Fimpactup.com%2Fetude-personnalisee%2F&#8221;][\/vc_column][vc_column width=&#8221;1\/3&#8243;][vc_btn title=&#8221;Contactez-nous&#8221; color=&#8221;secondarycolor&#8221; align=&#8221;center&#8221; css=&#8221;&#8221; link=&#8221;url:https%3A%2F%2Fimpactup.com%2Fcontact%2F&#8221;][\/vc_column][\/vc_row][vc_row css=&#8221;.vc_custom_1717658386032{padding-top: 40px !important;padding-bottom: 20px !important;}&#8221;][vc_column][vc_column_text css=&#8221;&#8221;] ImpactUp, le cabinet de recrutement sp\u00e9cialis\u00e9 dans le poste de commercial sp\u00e9cifique tel que commercial cosm\u00e9tique \u00c9tant sp\u00e9cialis\u00e9 dans le recrutement des fonctions commerciales et marketing, [&hellip;]<\/p>\n","protected":false},"author":4,"featured_media":0,"parent":17218,"menu_order":0,"comment_status":"closed","ping_status":"closed","template":"","meta":{"_monsterinsights_skip_tracking":false,"_monsterinsights_sitenote_active":false,"_monsterinsights_sitenote_note":"","_monsterinsights_sitenote_category":0,"footnotes":""},"class_list":["post-26502","page","type-page","status-publish","hentry"],"yoast_head":"<!-- This site is optimized with the Yoast SEO plugin v27.0 - https:\/\/yoast.com\/product\/yoast-seo-wordpress\/ -->\n<title>Cabinet recrutement commercial cosm\u00e9tique - Quel cabinet pour le recrutement d\u2019un commercial en produits cosm\u00e9tiques qualifi\u00e9<\/title>\n<meta name=\"description\" content=\"Externaliser avec un cabinet de recrutement pour l\u2019embauche d\u2019un commercial en produits cosm\u00e9tiques. ImpactUp, le cabinet sp\u00e9cialiste du recrutement de commercial sp\u00e9cialis\u00e9 pour le recrutement d\u2019un commercial en produits cosm\u00e9tiques.\" \/>\n<meta name=\"robots\" content=\"index, follow, max-snippet:-1, max-image-preview:large, max-video-preview:-1\" \/>\n<link rel=\"canonical\" href=\"https:\/\/impactup.com\/en\/glossaire\/cabinet-recrutement-commercial-cosmetique\/\" \/>\n<meta property=\"og:locale\" content=\"en_US\" \/>\n<meta property=\"og:type\" content=\"article\" \/>\n<meta property=\"og:title\" content=\"Cabinet recrutement commercial cosm\u00e9tique - Quel cabinet pour le recrutement d\u2019un commercial en produits cosm\u00e9tiques qualifi\u00e9\" \/>\n<meta property=\"og:description\" content=\"Externaliser avec un cabinet de recrutement pour l\u2019embauche d\u2019un commercial en produits cosm\u00e9tiques. ImpactUp, le cabinet sp\u00e9cialiste du recrutement de commercial sp\u00e9cialis\u00e9 pour le recrutement d\u2019un commercial en produits cosm\u00e9tiques.\" \/>\n<meta property=\"og:url\" content=\"https:\/\/impactup.com\/en\/glossaire\/cabinet-recrutement-commercial-cosmetique\/\" \/>\n<meta property=\"og:site_name\" content=\"ImpactUp\" \/>\n<meta property=\"article:modified_time\" content=\"2024-06-12T14:34:50+00:00\" \/>\n<meta property=\"og:image\" content=\"https:\/\/impactup.com\/wp-content\/uploads\/2021\/01\/og.jpg\" \/>\n\t<meta property=\"og:image:width\" content=\"1067\" \/>\n\t<meta property=\"og:image:height\" content=\"600\" \/>\n\t<meta property=\"og:image:type\" content=\"image\/jpeg\" \/>\n<meta name=\"twitter:card\" content=\"summary_large_image\" \/>\n<meta name=\"twitter:label1\" content=\"Est. reading time\" \/>\n\t<meta name=\"twitter:data1\" content=\"4 minutes\" \/>\n<script type=\"application\/ld+json\" class=\"yoast-schema-graph\">{\"@context\":\"https:\/\/schema.org\",\"@graph\":[{\"@type\":\"WebPage\",\"@id\":\"https:\/\/impactup.com\/en\/glossaire\/cabinet-recrutement-commercial-cosmetique\/\",\"url\":\"https:\/\/impactup.com\/en\/glossaire\/cabinet-recrutement-commercial-cosmetique\/\",\"name\":\"Cabinet recrutement commercial cosm\u00e9tique - Quel cabinet pour le recrutement d\u2019un commercial en produits cosm\u00e9tiques qualifi\u00e9\",\"isPartOf\":{\"@id\":\"https:\/\/impactup.com\/en\/#website\"},\"datePublished\":\"2024-06-12T12:30:31+00:00\",\"dateModified\":\"2024-06-12T14:34:50+00:00\",\"description\":\"Externaliser avec un cabinet de recrutement pour l\u2019embauche d\u2019un commercial en produits cosm\u00e9tiques. ImpactUp, le cabinet sp\u00e9cialiste du recrutement de commercial sp\u00e9cialis\u00e9 pour le recrutement d\u2019un commercial en produits cosm\u00e9tiques.\",\"breadcrumb\":{\"@id\":\"https:\/\/impactup.com\/en\/glossaire\/cabinet-recrutement-commercial-cosmetique\/#breadcrumb\"},\"inLanguage\":\"en-US\",\"potentialAction\":[{\"@type\":\"ReadAction\",\"target\":[\"https:\/\/impactup.com\/en\/glossaire\/cabinet-recrutement-commercial-cosmetique\/\"]}]},{\"@type\":\"BreadcrumbList\",\"@id\":\"https:\/\/impactup.com\/en\/glossaire\/cabinet-recrutement-commercial-cosmetique\/#breadcrumb\",\"itemListElement\":[{\"@type\":\"ListItem\",\"position\":1,\"name\":\"Accueil\",\"item\":\"https:\/\/impactup.com\/en\/\"},{\"@type\":\"ListItem\",\"position\":2,\"name\":\"Glossaire\",\"item\":\"https:\/\/impactup.com\/en\/glossaire\/\"},{\"@type\":\"ListItem\",\"position\":3,\"name\":\"ImpactUp, le cabinet de recrutement sp\u00e9cialis\u00e9 dans le poste de commercial sp\u00e9cifique tel que commercial cosm\u00e9tique\"}]},{\"@type\":\"WebSite\",\"@id\":\"https:\/\/impactup.com\/en\/#website\",\"url\":\"https:\/\/impactup.com\/en\/\",\"name\":\"ImpactUp\",\"description\":\"Recrutement commerciaux, directions commerciales et fonctions marketing\",\"potentialAction\":[{\"@type\":\"SearchAction\",\"target\":{\"@type\":\"EntryPoint\",\"urlTemplate\":\"https:\/\/impactup.com\/en\/?s={search_term_string}\"},\"query-input\":{\"@type\":\"PropertyValueSpecification\",\"valueRequired\":true,\"valueName\":\"search_term_string\"}}],\"inLanguage\":\"en-US\"}]}<\/script>\n<!-- \/ Yoast SEO plugin. -->","yoast_head_json":{"title":"Cabinet recrutement commercial cosm\u00e9tique - Quel cabinet pour le recrutement d\u2019un commercial en produits cosm\u00e9tiques qualifi\u00e9","description":"Externaliser avec un cabinet de recrutement pour l\u2019embauche d\u2019un commercial en produits cosm\u00e9tiques. ImpactUp, le cabinet sp\u00e9cialiste du recrutement de commercial sp\u00e9cialis\u00e9 pour le recrutement d\u2019un commercial en produits cosm\u00e9tiques.","robots":{"index":"index","follow":"follow","max-snippet":"max-snippet:-1","max-image-preview":"max-image-preview:large","max-video-preview":"max-video-preview:-1"},"canonical":"https:\/\/impactup.com\/en\/glossaire\/cabinet-recrutement-commercial-cosmetique\/","og_locale":"en_US","og_type":"article","og_title":"Cabinet recrutement commercial cosm\u00e9tique - Quel cabinet pour le recrutement d\u2019un commercial en produits cosm\u00e9tiques qualifi\u00e9","og_description":"Externaliser avec un cabinet de recrutement pour l\u2019embauche d\u2019un commercial en produits cosm\u00e9tiques. ImpactUp, le cabinet sp\u00e9cialiste du recrutement de commercial sp\u00e9cialis\u00e9 pour le recrutement d\u2019un commercial en produits cosm\u00e9tiques.","og_url":"https:\/\/impactup.com\/en\/glossaire\/cabinet-recrutement-commercial-cosmetique\/","og_site_name":"ImpactUp","article_modified_time":"2024-06-12T14:34:50+00:00","og_image":[{"width":1067,"height":600,"url":"https:\/\/impactup.com\/wp-content\/uploads\/2021\/01\/og.jpg","type":"image\/jpeg"}],"twitter_card":"summary_large_image","twitter_misc":{"Est. reading time":"4 minutes"},"schema":{"@context":"https:\/\/schema.org","@graph":[{"@type":"WebPage","@id":"https:\/\/impactup.com\/en\/glossaire\/cabinet-recrutement-commercial-cosmetique\/","url":"https:\/\/impactup.com\/en\/glossaire\/cabinet-recrutement-commercial-cosmetique\/","name":"Cabinet recrutement commercial cosm\u00e9tique - Quel cabinet pour le recrutement d\u2019un commercial en produits cosm\u00e9tiques qualifi\u00e9","isPartOf":{"@id":"https:\/\/impactup.com\/en\/#website"},"datePublished":"2024-06-12T12:30:31+00:00","dateModified":"2024-06-12T14:34:50+00:00","description":"Externaliser avec un cabinet de recrutement pour l\u2019embauche d\u2019un commercial en produits cosm\u00e9tiques. ImpactUp, le cabinet sp\u00e9cialiste du recrutement de commercial sp\u00e9cialis\u00e9 pour le recrutement d\u2019un commercial en produits cosm\u00e9tiques.","breadcrumb":{"@id":"https:\/\/impactup.com\/en\/glossaire\/cabinet-recrutement-commercial-cosmetique\/#breadcrumb"},"inLanguage":"en-US","potentialAction":[{"@type":"ReadAction","target":["https:\/\/impactup.com\/en\/glossaire\/cabinet-recrutement-commercial-cosmetique\/"]}]},{"@type":"BreadcrumbList","@id":"https:\/\/impactup.com\/en\/glossaire\/cabinet-recrutement-commercial-cosmetique\/#breadcrumb","itemListElement":[{"@type":"ListItem","position":1,"name":"Accueil","item":"https:\/\/impactup.com\/en\/"},{"@type":"ListItem","position":2,"name":"Glossaire","item":"https:\/\/impactup.com\/en\/glossaire\/"},{"@type":"ListItem","position":3,"name":"ImpactUp, le cabinet de recrutement sp\u00e9cialis\u00e9 dans le poste de commercial sp\u00e9cifique tel que commercial cosm\u00e9tique"}]},{"@type":"WebSite","@id":"https:\/\/impactup.com\/en\/#website","url":"https:\/\/impactup.com\/en\/","name":"ImpactUp","description":"Recrutement commerciaux, directions commerciales et fonctions marketing","potentialAction":[{"@type":"SearchAction","target":{"@type":"EntryPoint","urlTemplate":"https:\/\/impactup.com\/en\/?s={search_term_string}"},"query-input":{"@type":"PropertyValueSpecification","valueRequired":true,"valueName":"search_term_string"}}],"inLanguage":"en-US"}]}},"_links":{"self":[{"href":"https:\/\/impactup.com\/en\/wp-json\/wp\/v2\/pages\/26502","targetHints":{"allow":["GET"]}}],"collection":[{"href":"https:\/\/impactup.com\/en\/wp-json\/wp\/v2\/pages"}],"about":[{"href":"https:\/\/impactup.com\/en\/wp-json\/wp\/v2\/types\/page"}],"author":[{"embeddable":true,"href":"https:\/\/impactup.com\/en\/wp-json\/wp\/v2\/users\/4"}],"replies":[{"embeddable":true,"href":"https:\/\/impactup.com\/en\/wp-json\/wp\/v2\/comments?post=26502"}],"version-history":[{"count":4,"href":"https:\/\/impactup.com\/en\/wp-json\/wp\/v2\/pages\/26502\/revisions"}],"predecessor-version":[{"id":26556,"href":"https:\/\/impactup.com\/en\/wp-json\/wp\/v2\/pages\/26502\/revisions\/26556"}],"up":[{"embeddable":true,"href":"https:\/\/impactup.com\/en\/wp-json\/wp\/v2\/pages\/17218"}],"wp:attachment":[{"href":"https:\/\/impactup.com\/en\/wp-json\/wp\/v2\/media?parent=26502"}],"curies":[{"name":"wp","href":"https:\/\/api.w.org\/{rel}","templated":true}]}}