{"id":26423,"date":"2024-06-11T15:52:37","date_gmt":"2024-06-11T13:52:37","guid":{"rendered":"https:\/\/impactup.niou.dev\/?page_id=26423"},"modified":"2024-06-12T13:34:53","modified_gmt":"2024-06-12T11:34:53","slug":"recrutement-directeur-regional","status":"publish","type":"page","link":"https:\/\/impactup.com\/en\/glossaire\/recrutement-directeur-regional\/","title":{"rendered":"Recrutement de directeur r\u00e9gional des ventes : misez sur l\u2019expertise ImpactUp"},"content":{"rendered":"<div class=\"wpb-content-wrapper\"><p>[vc_row][vc_column width=&#8221;1\/3&#8243;][vc_btn title=&#8221;Voir notre offre&#8221; color=&#8221;secondarycolor&#8221; align=&#8221;center&#8221; css=&#8221;&#8221; link=&#8221;url:https%3A%2F%2Fimpactup.com%2Frecrutement%2F&#8221;][\/vc_column][vc_column width=&#8221;1\/3&#8243;][vc_btn title=&#8221;Confiez-nous votre projet&#8221; color=&#8221;secondarycolor&#8221; align=&#8221;center&#8221; css=&#8221;&#8221; link=&#8221;url:https%3A%2F%2Fimpactup.com%2Fetude-personnalisee%2F&#8221;][\/vc_column][vc_column width=&#8221;1\/3&#8243;][vc_btn title=&#8221;Contactez-nous&#8221; color=&#8221;secondarycolor&#8221; align=&#8221;center&#8221; css=&#8221;&#8221; link=&#8221;url:https%3A%2F%2Fimpactup.com%2Fcontact%2F&#8221;][\/vc_column][\/vc_row][vc_row css=&#8221;.vc_custom_1717658386032{padding-top: 40px !important;padding-bottom: 20px !important;}&#8221;][vc_column][vc_column_text css=&#8221;&#8221;]<\/p>\n<section style=\"text-align: justify;\">\n<h2>Recrutement du directeur r\u00e9gional\u00a0des ventes\u00a0: optez pour ImpactUp<\/h2>\n<p>Mener \u00e0 bien un projet de<a href=\"https:\/\/impactup.com\/glossaire\/cabinet-de-recrutement-fonction-commerciale\"><strong> recrutement <\/strong><\/a>n\u2019est pas une mince affaire surtout lorsqu\u2019il s\u2019agit d\u2019occuper un poste strat\u00e9gique et \u00e0 forte valeur ajout\u00e9e comme celui d\u2019un<a href=\"https:\/\/impactup.com\/glossaire\/cabinet-de-recrutement-fonction-commerciale\"><strong> directeur r\u00e9gional <\/strong><\/a>des ventes. De ce fait, il est pr\u00e9f\u00e9rable, voire indispensable, de recourir aux services d\u2019un expert en la mati\u00e8re. Agence de recrutement sp\u00e9cialis\u00e9e et reconnue dans les fonctions commerciales et de marketing, <strong>ImpactUp<\/strong> est un prestataire de r\u00e9f\u00e9rence \u00e0 votre service.<\/p>\n<\/section>\n<p>[\/vc_column_text][\/vc_column][\/vc_row][vc_row][vc_column width=&#8221;1\/3&#8243;][vc_btn title=&#8221;Voir notre offre&#8221; color=&#8221;secondarycolor&#8221; align=&#8221;center&#8221; css=&#8221;&#8221; link=&#8221;url:https%3A%2F%2Fimpactup.com%2Frecrutement%2F&#8221;][\/vc_column][vc_column width=&#8221;1\/3&#8243;][vc_btn title=&#8221;Confiez-nous votre projet&#8221; color=&#8221;secondarycolor&#8221; align=&#8221;center&#8221; css=&#8221;&#8221; link=&#8221;url:https%3A%2F%2Fimpactup.com%2Fetude-personnalisee%2F&#8221;][\/vc_column][vc_column width=&#8221;1\/3&#8243;][vc_btn title=&#8221;Contactez-nous&#8221; color=&#8221;secondarycolor&#8221; align=&#8221;center&#8221; css=&#8221;&#8221; link=&#8221;url:https%3A%2F%2Fimpactup.com%2Fcontact%2F&#8221;][\/vc_column][\/vc_row][vc_row css=&#8221;.vc_custom_1717658445522{padding-top: 40px !important;}&#8221;][vc_column][vc_column_text css=&#8221;&#8221;]<\/p>\n<section style=\"text-align: justify;\">\n<h2><strong>Fonctions commerciales\u00a0: un levier de taille pour les entreprises<\/strong><\/h2>\n<p>Quels que soient les produits et services propos\u00e9s par une entreprise, elle ne peut esp\u00e9rer un d\u00e9veloppement rapide et p\u00e9renne sans une strat\u00e9gie commerciale efficace et adapt\u00e9e ainsi qu\u2019un personnel comp\u00e9tent et qualifi\u00e9.<\/p>\n<p>Il convient de noter que la mission principale des commerciaux est d\u2019assurer le bon fonctionnement des activit\u00e9s au sein de leur soci\u00e9t\u00e9 et d\u2019apporter de la rentabilit\u00e9. Dans l\u2019exercice de leurs fonctions, ils peuvent \u00eatre amen\u00e9s \u00e0 rechercher et \u00e0 identifier les prospects, \u00e0 promouvoir une gamme d\u2019articles ou de services, \u00e0 conseiller les clients, \u00e0 vendre des produits ou encore \u00e0 fid\u00e9liser la client\u00e8le.<\/p>\n<p>Les cadres occupent \u00e9galement un r\u00f4le important notamment dans le d\u00e9veloppement de la relation client et l\u2019optimisation de la performance globale. Leurs qualit\u00e9s de bon n\u00e9gociateur, leur force de persuasion et de pers\u00e9v\u00e9rance ainsi que leur sens relationnel constituent de pr\u00e9cieux atouts pour leur entreprise.<\/p>\n<p>Compte tenu des enjeux des fonctions commerciales, les employeurs peuvent passer \u00e0 c\u00f4t\u00e9 de r\u00e9elles opportunit\u00e9s de d\u00e9veloppement en excluant le recours aux services d\u2019une \u00e9quipe commerciale\u00a0: cadre commercial, forces de vente, marketeurs, technico-commercial, etc.<\/p>\n<p>Il s\u2019agit, en effet, d\u2019une erreur monumentale qui peut leur co\u00fbter cher \u00e9tant donn\u00e9 que les commerciaux contribuent de mani\u00e8re significative \u00e0 la croissance de leur entreprise dans ses zones d\u2019intervention.<\/p>\n<p>Ils sont responsables de la gestion des relations avec les clients et contribuent directement ou indirectement \u00e0 l\u2019\u00e9laboration des plans strat\u00e9giques visant \u00e0 d\u00e9velopper les meilleures solutions pour r\u00e9soudre les probl\u00e8mes des clients et \u00e0 augmenter le chiffre d\u2019affaires, parfois m\u00eame de deux \u00e0 trois fois.<\/p>\n<p>Cabinet de <a href=\"https:\/\/impactup.com\/glossaire\/sp%C3%A9cialiste-fonctions-commerciales\"><strong>recrutement<\/strong> <\/a>sp\u00e9cialis\u00e9 dans les fonctions commerciales et marketing, <strong>ImpactUp<\/strong> dispose des moyens techniques et humains n\u00e9cessaires pour mener \u00e0 bien votre projet d\u2019embauche de <a href=\"https:\/\/impactup.com\/glossaire\/sp%C3%A9cialiste-fonctions-commerciales\"><strong>directeur r\u00e9gional<\/strong><\/a> ou autres profils commerciaux.<\/p>\n<h2><strong>Un directeur r\u00e9gional pour piloter le d\u00e9veloppement local des ventes<\/strong><\/h2>\n<p>Le succ\u00e8s d\u2019une entreprise s\u2019estime principalement au niveau de ses performances de ventes. Dans le cas d\u2019une large repr\u00e9sentation territoriale, il est d\u2019usage d\u2019assurer une certaine d\u00e9centralisation de la gestion des activit\u00e9s pour adapter autant que possible sa strat\u00e9gie aux sp\u00e9cificit\u00e9s, mais aussi pour \u00eatre plus r\u00e9actif.<\/p>\n<p>Dans ce contexte, le recrutement d\u2019un directeur r\u00e9gional parfaitement qualifi\u00e9 est d\u00e9terminant pour assurer une gestion efficace des ventes. D\u2019ailleurs, il s\u2019agit d\u2019un poste strat\u00e9gique, car la personne recrut\u00e9e sera charg\u00e9e de mettre en \u0153uvre la strat\u00e9gie de l\u2019entreprise sur une zone g\u00e9ographique pr\u00e9cise. Les pouvoirs relatifs \u00e0 ce poste sont consid\u00e9rables, ce qui exige que le candidat retenu soit non seulement comp\u00e9tent, mais \u00e9galement digne de confiance.<\/p>\n<p>Compte tenu de l\u2019importance de ses attributions, il devra \u00e9galement disposer de certaines qualit\u00e9s humaines. Il devra en effet travailler en \u00e9troite collaboration avec les \u00e9quipes locales. Ainsi, la capacit\u00e9 d\u2019int\u00e9gration et de communication, en plus des talents de leadership, sera exig\u00e9e.<\/p>\n<p>Sp\u00e9cialiste des profils professionnels du domaine commercial et marketing, <strong>ImpactUp<\/strong> est un cabinet d\u2019exp\u00e9rience pour le <strong>recrutement<\/strong> d\u2019un <strong>directeur r\u00e9gional<\/strong>.<\/p>\n<h2><strong>Pourquoi externaliser le recrutement d\u2019un directeur r\u00e9gional\u00a0?<\/strong><\/h2>\n<p>Une proc\u00e9dure de recrutement est toujours un processus fastidieux et d\u00e9licat, surtout pour trouver la personne ad\u00e9quate pour occuper un poste crucial. Recourir aux services d\u2019un cabinet sp\u00e9cialis\u00e9 est ainsi une solution \u00e0 laquelle de plus en plus d\u2019entreprises optent afin de maximiser leurs chances de trouver le bon candidat.<\/p>\n<p>D\u2019une part, cela permet d\u2019acc\u00e9der plus rapidement \u00e0 une grande base de candidats potentiels sans avoir \u00e0 poster des annonces et trier soi-m\u00eame des centaines de CV, notamment gr\u00e2ce \u00e0 un r\u00e9seau particuli\u00e8rement \u00e9tendu.<\/p>\n<p>D\u2019autre part, cela facilite \u00e9galement le contact en toute discr\u00e9tion avec d\u2019\u00e9ventuels profils en poste aupr\u00e8s des concurrents. En d\u00e9l\u00e9guant les \u00e9tapes les plus fastidieuses du <a href=\"https:\/\/impactup.com\/glossaire\/cabinet-de-recrutement-consultant-commercial\"><strong>recrutement de directeur r\u00e9gional<\/strong><\/a> \u00e0 des professionnels sp\u00e9cialis\u00e9s, une entreprise optimise ainsi son temps et pourra se concentrer sur la s\u00e9lection finale parmi les quelques candidats les plus prometteurs.<\/p>\n<p>Par ailleurs, pour un poste d\u00e9localis\u00e9 comme celui de directeur r\u00e9gional, il pourrait \u00eatre int\u00e9ressant de recruter sur place, autrement dit dans la zone concern\u00e9e. Un \u00ab\u00a0local\u00a0\u00bb serait plus \u00e0 m\u00eame de comprendre les march\u00e9s, les besoins et les attentes de la client\u00e8le cible et de concevoir puis appliquer des strat\u00e9gies adapt\u00e9es.<\/p>\n<p>Pour le <strong>recrutement<\/strong> d\u2019un <strong>directeur r\u00e9gional<\/strong>, faire appel \u00e0 ImpactUp vous permet donc de b\u00e9n\u00e9ficier de plus de 15 ans d\u2019exp\u00e9rience dans la recherche de talents pour les fonctions commerciales et marketing. Pour votre d\u00e9veloppement international, nous disposons d\u2019ailleurs d\u2019un partenariat avec un cabinet allemand de renom.<\/p>\n<h2><strong>ImpactUp, le bon cabinet pour recruter votre directeur r\u00e9gional<\/strong><\/h2>\n<p>Si l\u2019externalisation de la gestion des ressources humaines est de plus en plus courante, il est aussi recommand\u00e9 de confier le <strong>recrutement<\/strong> des cadres dirigeants \u00e0 des experts sp\u00e9cialis\u00e9s. Entre autres, trouver un <strong>directeur<\/strong> <strong>r\u00e9gional<\/strong> requiert une certaine exp\u00e9rience en la mati\u00e8re.<\/p>\n<p>Depuis\u00a02005, <strong>ImpactUp<\/strong> se propose d\u2019accompagner les entreprises dans leur recherche des meilleurs talents aptes \u00e0 piloter leur d\u00e9veloppement commercial. Nous prenons en charge l\u2019int\u00e9gralit\u00e9 du processus et utilisons une large vari\u00e9t\u00e9 de techniques de recrutement \u00e9prouv\u00e9es.<\/p>\n<p>Pour une collaboration optimale et personnalis\u00e9e, chaque client se voit attribuer un interlocuteur unique qui sera \u00e0 ses c\u00f4t\u00e9s de la d\u00e9finition des besoins \u00e0 l\u2019embauche finale.<\/p>\n<p>Les consultants au sein d\u2019<a href=\"https:\/\/impactup.com\"><strong>ImpactUp<\/strong><\/a> justifient d\u2019une exp\u00e9rience confirm\u00e9e dans le recrutement de profils de haut niveau et experts m\u00e9tiers sur des p\u00f4les d\u2019expertise li\u00e9s au marketing et au commerce\u00a0:<\/p>\n<ul>\n<li>marchandiseur(euse)\u00a0;<\/li>\n<li>business developer\u00a0;<\/li>\n<li>d\u00e9l\u00e9gu\u00e9 commercial\u00a0;<\/li>\n<li>ing\u00e9nieur commercial\u00a0;<\/li>\n<li>category manager\u00a0;<\/li>\n<li>responsable de promotion des ventes\u00a0;<\/li>\n<li>charg\u00e9(e) de marketing direct.<\/li>\n<\/ul>\n<p>Ainsi qu\u2019\u00e0 toutes les fonctions-cl\u00e9s de l\u2019entreprise\u00a0:<\/p>\n<ul>\n<li>keyaccount manager\u00a0;<\/li>\n<li>directeur(trice) de magasin\u00a0;<\/li>\n<li>directeur(trice) commercial(e)\u00a0;<\/li>\n<li>sales administrator\u00a0;<\/li>\n<li>directeur(trice) de la relation client\u00a0;<\/li>\n<li><\/li>\n<\/ul>\n<p>Le coaching des candidats est un autre des domaines de comp\u00e9tences d\u2019ImpactUp. Cet accompagnement leur permet de trouver le poste qui leur plait et qui correspond \u00e0 leur plan de carri\u00e8re.<\/p>\n<p>Pour les entreprises recruteuses, nous mettons en \u0153uvre diff\u00e9rentes techniques afin de les aider \u00e0 d\u00e9nicher rapidement de nouveaux talents\u00a0:<\/p>\n<ul>\n<li>un outil en ligne SaaS permettant d\u2019\u00e9valuer la ma\u00eetrise d\u2019une langue \u00e9trang\u00e8re. Cette solution a \u00e9t\u00e9 con\u00e7ue en partenariat avec Pipplet ;<\/li>\n<li>une plateforme d\u2019\u00e9valuation qui comporte 4 types d\u2019outils : TalentRelation\u00ae, TalentBusiness\u00ae, TalentAttitude\u00ae et TalentInitial\u00ae.<\/li>\n<\/ul>\n<p>Notre liste de clients inclut des entreprises de grande envergure en France comme \u00e0 l\u2019\u00e9tranger, convaincues par la fiabilit\u00e9 de notre approche.<\/p>\n<h2><strong>ImpactUp, bien plus que du recrutement<\/strong><\/h2>\n<p>L\u2019embauche est notre comp\u00e9tence premi\u00e8re. Effectivement, c\u2019est notre mission de pr\u00e9dilection. De plus, outre les m\u00e9thodes traditionnelles, nous r\u00e9alisons \u00e9galement des campagnes de chasse de t\u00eate.<\/p>\n<p>Nous disposons \u00e0 cet effet d\u2019une \u00e9quipe de consultants et de chasseurs de t\u00eate qualifi\u00e9e et exp\u00e9riment\u00e9e. Intervenant sur tout le territoire national et \u00e0 l\u2019\u00e9tranger, elle a pour mission principale de rechercher et d\u2019\u00e9valuer les profils qui r\u00e9pondent au mieux aux besoins des recruteurs ainsi qu\u2019aux sp\u00e9cificit\u00e9s du secteur et du march\u00e9.<\/p>\n<p>Notre m\u00e9thode de recrutement se diff\u00e9rencie des approches classiques, car nos chasseurs de t\u00eate utilisent une m\u00e9thode directe en contactant directement les candidats potentiels de notre base de donn\u00e9es, ce qui permet d\u2019optimiser et d\u2019acc\u00e9l\u00e9rer le processus de recrutement. Cela nous permet d\u2019avoir une expertise compl\u00e8te en mati\u00e8re de recrutement, mais nos services ne se limitent pas \u00e0 cela.<\/p>\n<p>Nous accompagnons \u00e9galement nos clients, qu\u2019ils soient des PME ou des grandes entreprises, dans le renforcement de leurs capacit\u00e9s \u00e0 travers une vari\u00e9t\u00e9 de formations. Parmi les th\u00e8mes que nous proposons figurent le management, le d\u00e9veloppement de comp\u00e9tences comportementales et bien s\u00fbr, le recrutement. Ces formations sont dispens\u00e9es par des consultants de haut niveau, issus de divers horizons professionnels.<\/p>\n<p>Le conseil fait aussi partie de notre domaine d\u2019expertise. Pour nous, il s\u2019agit d\u2019une suite logique de notre activit\u00e9. Apr\u00e8s le recrutement et la formation, nous partageons notre savoir-faire avec nos clients gr\u00e2ce \u00e0 nos conseils d\u2019experts. Dans ce cadre, nous jouons un r\u00f4le de conseil aupr\u00e8s de nos clients, et nous nous posons ainsi en tant que v\u00e9ritable direction commerciale externalis\u00e9e, \u00e0 travers diff\u00e9rents points, tels que la strat\u00e9gie et l\u2019organisation commerciale, la motivation des \u00e9quipes commerciales et le pilotage op\u00e9rationnel, notamment dans le cadre de projets CRM.<\/p>\n<p>En outre, nous sommes en mesure d\u2019assurer l\u2019\u00e9laboration de plans de formation, de plans d\u2019adressage, de plans de r\u00e9mun\u00e9ration, de programme d\u2019incentive, etc. Avec un service ax\u00e9 essentiellement sur le d\u00e9veloppement commercial et la satisfaction client, nous int\u00e9grons toujours dans notre tarification une part variable li\u00e9e aux r\u00e9sultats.<\/p>\n<p>Par ailleurs, ImpactUp est \u00e9galement au service des demandeurs d\u2019emploi dans les domaines du marketing, de la vente et du commerce. Ces derniers trouveront sur notre site des offres d\u2019emploi, r\u00e9guli\u00e8rement mises \u00e0 jour. Les candidats retenus pourront b\u00e9n\u00e9ficier d\u2019un accompagnement pour le processus d\u2019embauche.<\/p>\n<p>Pour toute demande sp\u00e9cifique, notre \u00e9quipe reste \u00e0 votre disposition pour r\u00e9pondre \u00e0 vos requ\u00eates.<\/p>\n<\/section>\n<p>[\/vc_column_text][\/vc_column][\/vc_row]<\/p>\n<\/div>","protected":false},"excerpt":{"rendered":"<p>[vc_row][vc_column width=&#8221;1\/3&#8243;][vc_btn title=&#8221;Voir notre offre&#8221; color=&#8221;secondarycolor&#8221; align=&#8221;center&#8221; css=&#8221;&#8221; link=&#8221;url:https%3A%2F%2Fimpactup.com%2Frecrutement%2F&#8221;][\/vc_column][vc_column width=&#8221;1\/3&#8243;][vc_btn title=&#8221;Confiez-nous votre projet&#8221; color=&#8221;secondarycolor&#8221; align=&#8221;center&#8221; css=&#8221;&#8221; link=&#8221;url:https%3A%2F%2Fimpactup.com%2Fetude-personnalisee%2F&#8221;][\/vc_column][vc_column width=&#8221;1\/3&#8243;][vc_btn title=&#8221;Contactez-nous&#8221; color=&#8221;secondarycolor&#8221; align=&#8221;center&#8221; css=&#8221;&#8221; link=&#8221;url:https%3A%2F%2Fimpactup.com%2Fcontact%2F&#8221;][\/vc_column][\/vc_row][vc_row css=&#8221;.vc_custom_1717658386032{padding-top: 40px !important;padding-bottom: 20px !important;}&#8221;][vc_column][vc_column_text css=&#8221;&#8221;] Recrutement du directeur r\u00e9gional\u00a0des ventes\u00a0: optez pour ImpactUp Mener \u00e0 bien un projet de recrutement n\u2019est pas une mince affaire surtout lorsqu\u2019il s\u2019agit d\u2019occuper un poste [&hellip;]<\/p>\n","protected":false},"author":4,"featured_media":0,"parent":17218,"menu_order":0,"comment_status":"closed","ping_status":"closed","template":"","meta":{"_monsterinsights_skip_tracking":false,"_monsterinsights_sitenote_active":false,"_monsterinsights_sitenote_note":"","_monsterinsights_sitenote_category":0,"footnotes":""},"class_list":["post-26423","page","type-page","status-publish","hentry"],"yoast_head":"<!-- This site is optimized with the Yoast SEO plugin v27.0 - https:\/\/yoast.com\/product\/yoast-seo-wordpress\/ -->\n<title>Recrutement d\u2019un directeur r\u00e9gional des ventes<\/title>\n<meta name=\"description\" content=\"Confier le recrutement du directeur r\u00e9gional des ventes \u00e0 un cabinet expert. ImpactUp est un partenaire fiable pour le recrutement de votre directeur r\u00e9gional des ventes.\" \/>\n<meta name=\"robots\" content=\"index, follow, max-snippet:-1, max-image-preview:large, max-video-preview:-1\" \/>\n<link rel=\"canonical\" href=\"https:\/\/impactup.com\/en\/glossaire\/recrutement-directeur-regional\/\" \/>\n<meta property=\"og:locale\" content=\"en_US\" \/>\n<meta property=\"og:type\" content=\"article\" \/>\n<meta property=\"og:title\" content=\"Recrutement d\u2019un directeur r\u00e9gional des ventes\" \/>\n<meta property=\"og:description\" content=\"Confier le recrutement du directeur r\u00e9gional des ventes \u00e0 un cabinet expert. ImpactUp est un partenaire fiable pour le recrutement de votre directeur r\u00e9gional des ventes.\" \/>\n<meta property=\"og:url\" content=\"https:\/\/impactup.com\/en\/glossaire\/recrutement-directeur-regional\/\" \/>\n<meta property=\"og:site_name\" content=\"ImpactUp\" \/>\n<meta property=\"article:modified_time\" content=\"2024-06-12T11:34:53+00:00\" \/>\n<meta property=\"og:image\" content=\"https:\/\/impactup.com\/wp-content\/uploads\/2021\/01\/og.jpg\" \/>\n\t<meta property=\"og:image:width\" content=\"1067\" \/>\n\t<meta property=\"og:image:height\" content=\"600\" \/>\n\t<meta property=\"og:image:type\" content=\"image\/jpeg\" \/>\n<meta name=\"twitter:card\" content=\"summary_large_image\" \/>\n<meta name=\"twitter:label1\" content=\"Est. reading time\" \/>\n\t<meta name=\"twitter:data1\" content=\"8 minutes\" \/>\n<script type=\"application\/ld+json\" class=\"yoast-schema-graph\">{\"@context\":\"https:\/\/schema.org\",\"@graph\":[{\"@type\":\"WebPage\",\"@id\":\"https:\/\/impactup.com\/en\/glossaire\/recrutement-directeur-regional\/\",\"url\":\"https:\/\/impactup.com\/en\/glossaire\/recrutement-directeur-regional\/\",\"name\":\"Recrutement d\u2019un directeur r\u00e9gional des ventes\",\"isPartOf\":{\"@id\":\"https:\/\/impactup.com\/en\/#website\"},\"datePublished\":\"2024-06-11T13:52:37+00:00\",\"dateModified\":\"2024-06-12T11:34:53+00:00\",\"description\":\"Confier le recrutement du directeur r\u00e9gional des ventes \u00e0 un cabinet expert. ImpactUp est un partenaire fiable pour le recrutement de votre directeur r\u00e9gional des ventes.\",\"breadcrumb\":{\"@id\":\"https:\/\/impactup.com\/en\/glossaire\/recrutement-directeur-regional\/#breadcrumb\"},\"inLanguage\":\"en-US\",\"potentialAction\":[{\"@type\":\"ReadAction\",\"target\":[\"https:\/\/impactup.com\/en\/glossaire\/recrutement-directeur-regional\/\"]}]},{\"@type\":\"BreadcrumbList\",\"@id\":\"https:\/\/impactup.com\/en\/glossaire\/recrutement-directeur-regional\/#breadcrumb\",\"itemListElement\":[{\"@type\":\"ListItem\",\"position\":1,\"name\":\"Accueil\",\"item\":\"https:\/\/impactup.com\/en\/\"},{\"@type\":\"ListItem\",\"position\":2,\"name\":\"Glossaire\",\"item\":\"https:\/\/impactup.com\/en\/glossaire\/\"},{\"@type\":\"ListItem\",\"position\":3,\"name\":\"Recrutement de directeur r\u00e9gional des ventes : misez sur l\u2019expertise ImpactUp\"}]},{\"@type\":\"WebSite\",\"@id\":\"https:\/\/impactup.com\/en\/#website\",\"url\":\"https:\/\/impactup.com\/en\/\",\"name\":\"ImpactUp\",\"description\":\"Recrutement commerciaux, directions commerciales et fonctions marketing\",\"potentialAction\":[{\"@type\":\"SearchAction\",\"target\":{\"@type\":\"EntryPoint\",\"urlTemplate\":\"https:\/\/impactup.com\/en\/?s={search_term_string}\"},\"query-input\":{\"@type\":\"PropertyValueSpecification\",\"valueRequired\":true,\"valueName\":\"search_term_string\"}}],\"inLanguage\":\"en-US\"}]}<\/script>\n<!-- \/ Yoast SEO plugin. -->","yoast_head_json":{"title":"Recrutement d\u2019un directeur r\u00e9gional des ventes","description":"Confier le recrutement du directeur r\u00e9gional des ventes \u00e0 un cabinet expert. ImpactUp est un partenaire fiable pour le recrutement de votre directeur r\u00e9gional des ventes.","robots":{"index":"index","follow":"follow","max-snippet":"max-snippet:-1","max-image-preview":"max-image-preview:large","max-video-preview":"max-video-preview:-1"},"canonical":"https:\/\/impactup.com\/en\/glossaire\/recrutement-directeur-regional\/","og_locale":"en_US","og_type":"article","og_title":"Recrutement d\u2019un directeur r\u00e9gional des ventes","og_description":"Confier le recrutement du directeur r\u00e9gional des ventes \u00e0 un cabinet expert. ImpactUp est un partenaire fiable pour le recrutement de votre directeur r\u00e9gional des ventes.","og_url":"https:\/\/impactup.com\/en\/glossaire\/recrutement-directeur-regional\/","og_site_name":"ImpactUp","article_modified_time":"2024-06-12T11:34:53+00:00","og_image":[{"width":1067,"height":600,"url":"https:\/\/impactup.com\/wp-content\/uploads\/2021\/01\/og.jpg","type":"image\/jpeg"}],"twitter_card":"summary_large_image","twitter_misc":{"Est. reading time":"8 minutes"},"schema":{"@context":"https:\/\/schema.org","@graph":[{"@type":"WebPage","@id":"https:\/\/impactup.com\/en\/glossaire\/recrutement-directeur-regional\/","url":"https:\/\/impactup.com\/en\/glossaire\/recrutement-directeur-regional\/","name":"Recrutement d\u2019un directeur r\u00e9gional des ventes","isPartOf":{"@id":"https:\/\/impactup.com\/en\/#website"},"datePublished":"2024-06-11T13:52:37+00:00","dateModified":"2024-06-12T11:34:53+00:00","description":"Confier le recrutement du directeur r\u00e9gional des ventes \u00e0 un cabinet expert. ImpactUp est un partenaire fiable pour le recrutement de votre directeur r\u00e9gional des ventes.","breadcrumb":{"@id":"https:\/\/impactup.com\/en\/glossaire\/recrutement-directeur-regional\/#breadcrumb"},"inLanguage":"en-US","potentialAction":[{"@type":"ReadAction","target":["https:\/\/impactup.com\/en\/glossaire\/recrutement-directeur-regional\/"]}]},{"@type":"BreadcrumbList","@id":"https:\/\/impactup.com\/en\/glossaire\/recrutement-directeur-regional\/#breadcrumb","itemListElement":[{"@type":"ListItem","position":1,"name":"Accueil","item":"https:\/\/impactup.com\/en\/"},{"@type":"ListItem","position":2,"name":"Glossaire","item":"https:\/\/impactup.com\/en\/glossaire\/"},{"@type":"ListItem","position":3,"name":"Recrutement de directeur r\u00e9gional des ventes : misez sur l\u2019expertise ImpactUp"}]},{"@type":"WebSite","@id":"https:\/\/impactup.com\/en\/#website","url":"https:\/\/impactup.com\/en\/","name":"ImpactUp","description":"Recrutement commerciaux, directions commerciales et fonctions marketing","potentialAction":[{"@type":"SearchAction","target":{"@type":"EntryPoint","urlTemplate":"https:\/\/impactup.com\/en\/?s={search_term_string}"},"query-input":{"@type":"PropertyValueSpecification","valueRequired":true,"valueName":"search_term_string"}}],"inLanguage":"en-US"}]}},"_links":{"self":[{"href":"https:\/\/impactup.com\/en\/wp-json\/wp\/v2\/pages\/26423","targetHints":{"allow":["GET"]}}],"collection":[{"href":"https:\/\/impactup.com\/en\/wp-json\/wp\/v2\/pages"}],"about":[{"href":"https:\/\/impactup.com\/en\/wp-json\/wp\/v2\/types\/page"}],"author":[{"embeddable":true,"href":"https:\/\/impactup.com\/en\/wp-json\/wp\/v2\/users\/4"}],"replies":[{"embeddable":true,"href":"https:\/\/impactup.com\/en\/wp-json\/wp\/v2\/comments?post=26423"}],"version-history":[{"count":5,"href":"https:\/\/impactup.com\/en\/wp-json\/wp\/v2\/pages\/26423\/revisions"}],"predecessor-version":[{"id":26480,"href":"https:\/\/impactup.com\/en\/wp-json\/wp\/v2\/pages\/26423\/revisions\/26480"}],"up":[{"embeddable":true,"href":"https:\/\/impactup.com\/en\/wp-json\/wp\/v2\/pages\/17218"}],"wp:attachment":[{"href":"https:\/\/impactup.com\/en\/wp-json\/wp\/v2\/media?parent=26423"}],"curies":[{"name":"wp","href":"https:\/\/api.w.org\/{rel}","templated":true}]}}