{"id":26416,"date":"2024-06-11T15:37:01","date_gmt":"2024-06-11T13:37:01","guid":{"rendered":"https:\/\/impactup.niou.dev\/?page_id=26416"},"modified":"2025-06-02T14:44:05","modified_gmt":"2025-06-02T12:44:05","slug":"cabinet-de-recrutement-marketing-nantes","status":"publish","type":"page","link":"https:\/\/impactup.com\/en\/glossaire\/cabinet-de-recrutement-marketing-nantes\/","title":{"rendered":"Recrutement de collaborateurs marketing \u00e0 Nantes, faites-vous accompagner par le cabinet ImpactUp"},"content":{"rendered":"<div class=\"wpb-content-wrapper\"><p>[vc_row][vc_column width=&#8221;1\/3&#8243;][vc_btn title=&#8221;Voir notre offre&#8221; color=&#8221;secondarycolor&#8221; align=&#8221;center&#8221; css=&#8221;&#8221; link=&#8221;url:https%3A%2F%2Fimpactup.com%2Frecrutement%2F&#8221;][\/vc_column][vc_column width=&#8221;1\/3&#8243;][vc_btn title=&#8221;Confiez-nous votre projet&#8221; color=&#8221;secondarycolor&#8221; align=&#8221;center&#8221; css=&#8221;&#8221; link=&#8221;url:https%3A%2F%2Fimpactup.com%2Fetude-personnalisee%2F&#8221;][\/vc_column][vc_column width=&#8221;1\/3&#8243;][vc_btn title=&#8221;Contactez-nous&#8221; color=&#8221;secondarycolor&#8221; align=&#8221;center&#8221; css=&#8221;&#8221; link=&#8221;url:https%3A%2F%2Fimpactup.com%2Fcontact%2F&#8221;][\/vc_column][\/vc_row][vc_row css=&#8221;.vc_custom_1717658386032{padding-top: 40px !important;padding-bottom: 20px !important;}&#8221;][vc_column][vc_column_text css=&#8221;&#8221;]<\/p>\n<section style=\"text-align: justify;\">\n<h2><strong>Recrutement de collaborateurs marketing \u00e0 Nantes, faites-vous accompagner par le cabinet ImpactUp<\/strong><\/h2>\n<p style=\"text-align: justify;\">Pour votre projet de <a href=\"https:\/\/impactup.com\/glossaire\/cabinet-de-recrutement-directeur-commercial-nantes\"><strong>recrutement<\/strong> <strong>de profils marketing \u00e0<\/strong> <strong>Nantes<\/strong><\/a>, n\u2019h\u00e9sitez pas \u00e0 faire appel \u00e0 un <a href=\"https:\/\/impactup.com\/glossaire\/cabinet-de-recrutement-directeur-commercial-nantes\"><strong>cabinet <\/strong><\/a>expert dans ce domaine. Ayant d\u00e9j\u00e0 accompagn\u00e9 de nombreuses entreprises de toutes tailles depuis 2005, <strong>ImpactUp<\/strong>, sp\u00e9cialiste des fonctions commerciales et marketing, peut vous aider \u00e0 trouver les profils qui peuvent vous aider \u00e0 booster la croissance de votre entreprise. Avec notre cabinet, vous pourrez b\u00e9n\u00e9ficier des solutions de recrutement personnalis\u00e9es avec conseils, formations et accompagnement.<\/p>\n<\/section>\n<p>[\/vc_column_text][\/vc_column][\/vc_row][vc_row][vc_column width=&#8221;1\/3&#8243;][vc_btn title=&#8221;Voir notre offre&#8221; color=&#8221;secondarycolor&#8221; align=&#8221;center&#8221; css=&#8221;&#8221; link=&#8221;url:https%3A%2F%2Fimpactup.com%2Frecrutement%2F&#8221;][\/vc_column][vc_column width=&#8221;1\/3&#8243;][vc_btn title=&#8221;Confiez-nous votre projet&#8221; color=&#8221;secondarycolor&#8221; align=&#8221;center&#8221; css=&#8221;&#8221; link=&#8221;url:https%3A%2F%2Fimpactup.com%2Fetude-personnalisee%2F&#8221;][\/vc_column][vc_column width=&#8221;1\/3&#8243;][vc_btn title=&#8221;Contactez-nous&#8221; color=&#8221;secondarycolor&#8221; align=&#8221;center&#8221; css=&#8221;&#8221; link=&#8221;url:https%3A%2F%2Fimpactup.com%2Fcontact%2F&#8221;][\/vc_column][\/vc_row][vc_row css=&#8221;.vc_custom_1717658445522{padding-top: 40px !important;}&#8221;][vc_column][vc_column_text css=&#8221;&#8221;]<\/p>\n<h2 style=\"text-align: justify;\"><strong>S\u2019adresser \u00e0 un cabinet de recrutement sp\u00e9cialis\u00e9\u00a0: les avantages<\/strong><\/h2>\n<p style=\"text-align: justify;\">En recourant au service de notre <a href=\"https:\/\/impactup.com\/glossaire\/cabinet-de-recrutement-commercial-export-nantes\"><strong>cabinet de recrutement<\/strong> <strong>sp\u00e9cialiste du marketing \u00e0<\/strong> <strong>Nantes<\/strong><\/a>, vous pourrez acc\u00e9der facilement aux meilleurs talents, d\u2019autant plus que notre \u00e9quipe poss\u00e8de une parfaite connaissance des m\u00e9tiers du marketing et du march\u00e9 de l\u2019emploi dans cette ville.<\/p>\n<p style=\"text-align: justify;\">Non seulement votre entreprise b\u00e9n\u00e9ficie de l\u2019accompagnement d\u2019une agence experte, mais vous n\u2019avez pas \u00e0 vous soucier des d\u00e9marches li\u00e9es au recrutement de nouveaux collaborateurs. En fonction de vos besoins, nos consultants peuvent se charger tout ou une partie du processus d\u2019embauche. Dans tous les cas, nous nous engageons \u00e0 mobiliser les moyens humains et mat\u00e9riels n\u00e9cessaires pour trouver et attirer les profils recherch\u00e9s.<\/p>\n<p style=\"text-align: justify;\">Pour s\u00e9lectionner les candidats, les recruteurs d\u2019<strong>ImpactUp<\/strong> recourent \u00e0 une m\u00e9thodologie pr\u00e9cise qui combine des recrutements par annonce et des actions de chasse.<\/p>\n<p style=\"text-align: justify;\">Dans les d\u00e9tails, nous assurons\u00a0:<\/p>\n<ul style=\"text-align: justify;\">\n<li>la d\u00e9finition de vos besoins\u2009;<\/li>\n<li>la r\u00e9daction des documents indispensables pour lancer la campagne de recrutement\u2009;<\/li>\n<li>la recherche gr\u00e2ce aux annonces sur divers supports, mais \u00e9galement par l\u2019approche directe de la chasse de t\u00eate\u2009;<\/li>\n<li>la pr\u00e9s\u00e9lection des candidats apr\u00e8s l\u2019examen des CV\u2009;<\/li>\n<li>la s\u00e9lection gr\u00e2ce aux tests et entretiens\u2009;<\/li>\n<li>la pr\u00e9sentation d\u2019un shortlist pour choisir le candidat final \u00e0 embaucher\u2009;<\/li>\n<li>suivi du candidat jusqu\u2019\u00e0 l\u2019embauche, notamment en ce qui concerne son int\u00e9gration dans son nouvel environnement professionnel.<\/li>\n<\/ul>\n<p style=\"text-align: justify;\">Nous pourrons ainsi prendre en charge la proc\u00e9dure de recrutement de A \u00e0 Z et dans les r\u00e8gles de l\u2019art. Quant \u00e0 la liste des meilleurs candidats, elle vous sera soumise \u00e0 l\u2019issue des \u00e9valuations et des entretiens. Si vous validez les propositions, l\u2019agence peut aussi s\u2019occuper des d\u00e9marches d\u2019embauche.<\/p>\n<h2 style=\"text-align: justify;\"><strong>ImpactUp, partenaire en recrutement de cadres marketing et commerciaux de haut niveau<\/strong><\/h2>\n<p style=\"text-align: justify;\">Sp\u00e9cialiste en recherche de cadres de haut niveau pour les m\u00e9tiers du commerce, de la vente et du marketing, <a href=\"https:\/\/impactup.com\/\"><strong>ImpactUp<\/strong><\/a> propose ses services aux grandes structures de m\u00eame qu\u2019aux PME et TPE. Notre efficacit\u00e9 repose sur une \u00e9quipe form\u00e9e de consultants issus de ces secteurs, ainsi que sur des techniques d\u2019\u00e9valuation des candidats reposant sur les technologies digitales.<\/p>\n<p style=\"text-align: justify;\">Notre <strong>cabinet de recrutement<\/strong> \u00e9valuera les candidats pour des fonctions <strong>marketing <\/strong>\u00e0 <strong>Nantes<\/strong> \u00e0 l\u2019aide de diff\u00e9rents outils. L\u2019objectif est de tester en premier lieu leurs comp\u00e9tences et motivations dans ce domaine, et pour cela, notre \u00e9quipe s\u2019appuie sur Profil Vente-R, lequel permet de mesures les capacit\u00e9s des candidats \u00e0 prospecter, n\u00e9gocier et \u00e0 fid\u00e9liser les clients.<\/p>\n<p style=\"text-align: justify;\">Ensuite, nous \u00e9valuerons leurs capacit\u00e9s manag\u00e9riales avec CTPI-R, et leur personnalit\u00e9 avec BF5 et Profil Pro\u00a02. Ces tests couvrent \u00e0 la fois les traits de personnalit\u00e9, les valeurs ainsi que les motivations, et aident les recruteurs \u00e0 s\u00e9lectionner les profils les plus adapt\u00e9s au poste.<\/p>\n<p style=\"text-align: justify;\">Mais ce n\u2019est pas tout, tous les postulants sont soumis \u00e0 un test de raisonnement et \u00e0 un test de culture g\u00e9n\u00e9rale. Le premier servira \u00e0 d\u00e9terminer leurs capacit\u00e9s cognitives et v\u00e9rifier s\u2019ils sont aptes \u00e0 r\u00e9aliser des t\u00e2ches complexes n\u00e9cessitant un mode raisonnement avanc\u00e9. En revanche, le second s\u2019int\u00e9resse \u00e0 6\u00a0grandes th\u00e9matiques (\u00c9conomie, Histoire et Politique, Arts et Culture, Actualit\u00e9, G\u00e9ographie et Civilisation, et Langue Fran\u00e7aise).<\/p>\n<p style=\"text-align: justify;\">Par ailleurs, nous soumettons le pr\u00e9s\u00e9lectionn\u00e9 \u00e0 un test de fran\u00e7ais \u00e9crit et un test en ligne pour conna\u00eetre son niveau dans une langue donn\u00e9e, selon les besoins du poste \u00e0 pourvoir. Nous travaillons avec un leader mondial du test linguistique, qui propose des \u00e9valuations sur 30\u00a0langues diff\u00e9rentes en respectant les normes europ\u00e9ennes du CECRL. Par exemple, si votre secteur marketing \u00e0 Nantes a besoin d\u2019un directeur parlant le portugais ou l\u2019espagnol, nous nous chargeons d\u2019\u00e9valuer le niveau des candidats dans ces langues.<\/p>\n<p style=\"text-align: justify;\">Vous pouvez \u00e9galement compl\u00e9ter notre offre classique de recrutement avec notre solution d\u2019assessment center qui permet d\u2019aller encore plus loin dans l\u2019\u00e9valuation du candidat en le mettant en situation professionnelle. Cette d\u00e9marche est bas\u00e9e sur l\u2019analyse des comp\u00e9tences comportementales (dimension humaine, softskills, motivations, valeurs) et permet de d\u00e9finir avec pr\u00e9cision le potentiel des candidats \u00e0 r\u00e9ussir dans des fonctions de management ou de direction.<\/p>\n<p style=\"text-align: justify;\">L\u2019\u00e9valuation porte cette fois sur 7\u00a0fondamentaux\u00a0:<\/p>\n<ol style=\"text-align: justify;\">\n<li>vision strat\u00e9gique, capacit\u00e9 d\u2019abstraction et de prise de hauteur\u2009;<\/li>\n<li>leadership, capacit\u00e9 de mobilisation et d\u2019entra\u00eenement\u2009;<\/li>\n<li>ind\u00e9pendance d\u2019esprit et cr\u00e9ativit\u00e9\u2009;<\/li>\n<li>sens de l\u2019objectif et du r\u00e9sultat\u2009;<\/li>\n<li>communication, habilet\u00e9 \u00e0 convaincre, capacit\u00e9 d\u2019\u00e9coute\u2009;<\/li>\n<li>adaptabilit\u00e9, agilit\u00e9, capacit\u00e9 de r\u00e9silience et de rebond\u2009;<\/li>\n<li>gestion du temps et des priorit\u00e9s, sens de l\u2019organisation.<\/li>\n<\/ol>\n<p style=\"text-align: justify;\">L\u2019assessment permet ainsi de prendre une d\u00e9cision \u00e9clair\u00e9e et de limiter les risques d\u2019erreur dans le choix du candidat, \u00e9tant donn\u00e9 que la s\u00e9lection s\u2019effectue sur des crit\u00e8res objectifs et en toute transparence.<\/p>\n<p style=\"text-align: justify;\">Nous accompagnons \u00e9galement les entreprises commerciales \u00e9trang\u00e8res qui souhaitent s\u2019implanter en France ou renforcer leurs \u00e9quipes sur place. Outre notre antenne sur Nantes, nous sommes pr\u00e9sents en r\u00e9gion parisienne, \u00e0 Lyon, Lille, Toulouse, Bordeaux et La Rochelle.<\/p>\n<h2 style=\"text-align: justify;\"><strong>Recruter pour le secteur du marketing\u00a0: une t\u00e2che complexe<\/strong><\/h2>\n<p style=\"text-align: justify;\">Le marketing est \u00e0 la base des performances commerciales de l\u2019entreprise. Chaque strat\u00e9gie dans ce domaine a des objectifs pr\u00e9cis\u00a0: gagner de nouveaux clients et\/ou fid\u00e9liser ceux d\u00e9j\u00e0 acquis, booster le volume des ventes et maximiser le chiffre d\u2019affaires, cr\u00e9er et prendre soin de l\u2019image et de la r\u00e9putation de l\u2019entreprise, de ses marques ou de ses produits, gagner des parts de march\u00e9, etc., ou tout cela \u00e0 la fois.<\/p>\n<p style=\"text-align: justify;\">Cette discipline englobe de ce fait diverses sp\u00e9cialit\u00e9s, chacune ayant ses sp\u00e9cificit\u00e9s et n\u00e9cessitant des comp\u00e9tences particuli\u00e8res. Embaucher des cadres de haut niveau experts dans ce domaine ne sera ainsi pas facile, d\u2019autant plus que les enjeux des comp\u00e9tences des candidats sont \u00e9normes. Voil\u00e0 pourquoi de nombreuses entreprises pr\u00e9f\u00e8rent d\u00e9l\u00e9guer la recherche de leurs collaborateurs \u00e0 des professionnels.<\/p>\n<p style=\"text-align: justify;\"><strong>ImpactUp<\/strong> est le <strong>cabinet de recrutement<\/strong> pour embaucher dans le domaine du <strong>marketing \u00e0<\/strong> <strong>Nantes<\/strong> qu\u2019il vous faut. Nous vous aiderons \u00e0 trouver des personnes parfaitement taill\u00e9es pour les postes \u00e0 pourvoir au sein de votre entreprise.<\/p>\n<h2 style=\"text-align: justify;\"><strong>Offres de recrutement personnalis\u00e9es<\/strong><\/h2>\n<p style=\"text-align: justify;\">Notre prestation en recrutement est enti\u00e8rement personnalisable en fonction de vos besoins. D\u2019ailleurs, nous affectons un interlocuteur unique pour chacun de nos clients. Pour trouver vos futurs collaborateurs <a href=\"https:\/\/impactup.com\/glossaire\/cabinet-de-recrutement-business-developer-nantes\"><strong>marketing \u00e0<\/strong> <strong>Nantes<\/strong><\/a>, vous pouvez faire confiance \u00e0 notre <a href=\"https:\/\/impactup.com\/glossaire\/cabinet-de-recrutement-business-developer-nantes\"><strong>cabinet de recrutement<\/strong><\/a>. Nos consultants experts peuvent \u00e0 la fois acc\u00e9l\u00e9rer le processus et s\u00e9curiser vos d\u00e9cisions, et ce, quels que soient la taille et le secteur d\u2019activit\u00e9 de votre entreprise.<\/p>\n<p style=\"text-align: justify;\">Nous proposons aussi le recrutement volumique et le RPO pour les p\u00e9riodes exceptionnelles ou r\u00e9currentes d\u2019augmentation du volume de travail, pour le lancement d\u2019un nouveau produit ou service\u2026 Pour cette prestation, nous vous affectons un manager, un chef de projet, cinq charg\u00e9(e)s de recherche sp\u00e9cialis\u00e9(e)s dans le recrutement en grand nombre avec un accompagnement tout au long de la p\u00e9riode de campagne ou de suractivit\u00e9 pour d\u2019\u00e9ventuels r\u00e9ajustements en temps r\u00e9el.<\/p>\n<p style=\"text-align: justify;\">Enfin, nous pouvons r\u00e9aliser pour vous une prestation de conseils sur\u00a0:<\/p>\n<ul>\n<li style=\"text-align: justify;\">La strat\u00e9gie commerciale avec un audit du potentiel, une analyse SWOT, l\u2019\u00e9laboration d\u2019un business plan et d\u2019un plan d\u2019adressage march\u00e9 et la d\u00e9finition d\u2019objectifs cl\u00e9s et de plans d\u2019action marketing.<\/li>\n<li style=\"text-align: justify;\">L\u2019organisation commerciale avec un plan de recrutement, la formation et l\u2019int\u00e9gration des recrues et la recherche de partenaires et\/ou distributeurs.<\/li>\n<li style=\"text-align: justify;\">La motivation des \u00e9quipes marketing avec des plans de r\u00e9mun\u00e9rations, des s\u00e9minaires et incentives et du teambuilding.<\/li>\n<li style=\"text-align: justify;\">Le pilotage avec la d\u00e9finition d\u2019indicateurs de performances, la mise en \u0153uvre d\u2019outils de CRM, l\u2019analyse comportementale Disc et l\u2019efficacit\u00e9 personnelle.<\/li>\n<\/ul>\n<p>[\/vc_column_text][\/vc_column][\/vc_row]<\/p>\n<\/div>","protected":false},"excerpt":{"rendered":"<p>[vc_row][vc_column width=&#8221;1\/3&#8243;][vc_btn title=&#8221;Voir notre offre&#8221; color=&#8221;secondarycolor&#8221; align=&#8221;center&#8221; css=&#8221;&#8221; link=&#8221;url:https%3A%2F%2Fimpactup.com%2Frecrutement%2F&#8221;][\/vc_column][vc_column width=&#8221;1\/3&#8243;][vc_btn title=&#8221;Confiez-nous votre projet&#8221; color=&#8221;secondarycolor&#8221; align=&#8221;center&#8221; css=&#8221;&#8221; link=&#8221;url:https%3A%2F%2Fimpactup.com%2Fetude-personnalisee%2F&#8221;][\/vc_column][vc_column width=&#8221;1\/3&#8243;][vc_btn title=&#8221;Contactez-nous&#8221; color=&#8221;secondarycolor&#8221; align=&#8221;center&#8221; css=&#8221;&#8221; link=&#8221;url:https%3A%2F%2Fimpactup.com%2Fcontact%2F&#8221;][\/vc_column][\/vc_row][vc_row css=&#8221;.vc_custom_1717658386032{padding-top: 40px !important;padding-bottom: 20px !important;}&#8221;][vc_column][vc_column_text css=&#8221;&#8221;] Recrutement de collaborateurs marketing \u00e0 Nantes, faites-vous accompagner par le cabinet ImpactUp Pour votre projet de recrutement de profils marketing \u00e0 Nantes, n\u2019h\u00e9sitez pas \u00e0 faire [&hellip;]<\/p>\n","protected":false},"author":4,"featured_media":0,"parent":17218,"menu_order":0,"comment_status":"closed","ping_status":"closed","template":"","meta":{"_monsterinsights_skip_tracking":false,"_monsterinsights_sitenote_active":false,"_monsterinsights_sitenote_note":"","_monsterinsights_sitenote_category":0,"footnotes":""},"class_list":["post-26416","page","type-page","status-publish","hentry"],"yoast_head":"<!-- This site is optimized with the Yoast SEO plugin v27.0 - https:\/\/yoast.com\/product\/yoast-seo-wordpress\/ -->\n<title>ImpactUp, le cabinet de recrutement en marketing partenaire des entreprises \u00e0 Nantes<\/title>\n<meta name=\"description\" content=\"Notre cabinet de recrutement en marketing poss\u00e8de un bureau \u00e0 Nantes. ImpactUp est un cabinet sp\u00e9cialiste du recrutement des talents marketing \u00e0 Nantes.\" \/>\n<meta name=\"robots\" content=\"index, follow, max-snippet:-1, max-image-preview:large, max-video-preview:-1\" \/>\n<link rel=\"canonical\" href=\"https:\/\/impactup.com\/en\/glossaire\/cabinet-de-recrutement-marketing-nantes\/\" \/>\n<meta property=\"og:locale\" content=\"en_US\" \/>\n<meta property=\"og:type\" content=\"article\" \/>\n<meta property=\"og:title\" content=\"ImpactUp, le cabinet de recrutement en marketing partenaire des entreprises \u00e0 Nantes\" \/>\n<meta property=\"og:description\" content=\"Notre cabinet de recrutement en marketing poss\u00e8de un bureau \u00e0 Nantes. ImpactUp est un cabinet sp\u00e9cialiste du recrutement des talents marketing \u00e0 Nantes.\" \/>\n<meta property=\"og:url\" content=\"https:\/\/impactup.com\/en\/glossaire\/cabinet-de-recrutement-marketing-nantes\/\" \/>\n<meta property=\"og:site_name\" content=\"ImpactUp\" \/>\n<meta property=\"article:modified_time\" content=\"2025-06-02T12:44:05+00:00\" \/>\n<meta property=\"og:image\" content=\"https:\/\/impactup.com\/wp-content\/uploads\/2021\/01\/og.jpg\" \/>\n\t<meta property=\"og:image:width\" content=\"1067\" \/>\n\t<meta property=\"og:image:height\" content=\"600\" \/>\n\t<meta property=\"og:image:type\" content=\"image\/jpeg\" \/>\n<meta name=\"twitter:card\" content=\"summary_large_image\" \/>\n<meta name=\"twitter:label1\" content=\"Est. reading time\" \/>\n\t<meta name=\"twitter:data1\" content=\"6 minutes\" \/>\n<script type=\"application\/ld+json\" class=\"yoast-schema-graph\">{\"@context\":\"https:\/\/schema.org\",\"@graph\":[{\"@type\":\"WebPage\",\"@id\":\"https:\/\/impactup.com\/en\/glossaire\/cabinet-de-recrutement-marketing-nantes\/\",\"url\":\"https:\/\/impactup.com\/en\/glossaire\/cabinet-de-recrutement-marketing-nantes\/\",\"name\":\"ImpactUp, le cabinet de recrutement en marketing partenaire des entreprises \u00e0 Nantes\",\"isPartOf\":{\"@id\":\"https:\/\/impactup.com\/en\/#website\"},\"datePublished\":\"2024-06-11T13:37:01+00:00\",\"dateModified\":\"2025-06-02T12:44:05+00:00\",\"description\":\"Notre cabinet de recrutement en marketing poss\u00e8de un bureau \u00e0 Nantes. ImpactUp est un cabinet sp\u00e9cialiste du recrutement des talents marketing \u00e0 Nantes.\",\"breadcrumb\":{\"@id\":\"https:\/\/impactup.com\/en\/glossaire\/cabinet-de-recrutement-marketing-nantes\/#breadcrumb\"},\"inLanguage\":\"en-US\",\"potentialAction\":[{\"@type\":\"ReadAction\",\"target\":[\"https:\/\/impactup.com\/en\/glossaire\/cabinet-de-recrutement-marketing-nantes\/\"]}]},{\"@type\":\"BreadcrumbList\",\"@id\":\"https:\/\/impactup.com\/en\/glossaire\/cabinet-de-recrutement-marketing-nantes\/#breadcrumb\",\"itemListElement\":[{\"@type\":\"ListItem\",\"position\":1,\"name\":\"Accueil\",\"item\":\"https:\/\/impactup.com\/en\/\"},{\"@type\":\"ListItem\",\"position\":2,\"name\":\"Glossaire\",\"item\":\"https:\/\/impactup.com\/en\/glossaire\/\"},{\"@type\":\"ListItem\",\"position\":3,\"name\":\"Recrutement de collaborateurs marketing \u00e0 Nantes, faites-vous accompagner par le cabinet ImpactUp\"}]},{\"@type\":\"WebSite\",\"@id\":\"https:\/\/impactup.com\/en\/#website\",\"url\":\"https:\/\/impactup.com\/en\/\",\"name\":\"ImpactUp\",\"description\":\"Recrutement commerciaux, directions commerciales et fonctions marketing\",\"potentialAction\":[{\"@type\":\"SearchAction\",\"target\":{\"@type\":\"EntryPoint\",\"urlTemplate\":\"https:\/\/impactup.com\/en\/?s={search_term_string}\"},\"query-input\":{\"@type\":\"PropertyValueSpecification\",\"valueRequired\":true,\"valueName\":\"search_term_string\"}}],\"inLanguage\":\"en-US\"}]}<\/script>\n<!-- \/ Yoast SEO plugin. -->","yoast_head_json":{"title":"ImpactUp, le cabinet de recrutement en marketing partenaire des entreprises \u00e0 Nantes","description":"Notre cabinet de recrutement en marketing poss\u00e8de un bureau \u00e0 Nantes. ImpactUp est un cabinet sp\u00e9cialiste du recrutement des talents marketing \u00e0 Nantes.","robots":{"index":"index","follow":"follow","max-snippet":"max-snippet:-1","max-image-preview":"max-image-preview:large","max-video-preview":"max-video-preview:-1"},"canonical":"https:\/\/impactup.com\/en\/glossaire\/cabinet-de-recrutement-marketing-nantes\/","og_locale":"en_US","og_type":"article","og_title":"ImpactUp, le cabinet de recrutement en marketing partenaire des entreprises \u00e0 Nantes","og_description":"Notre cabinet de recrutement en marketing poss\u00e8de un bureau \u00e0 Nantes. ImpactUp est un cabinet sp\u00e9cialiste du recrutement des talents marketing \u00e0 Nantes.","og_url":"https:\/\/impactup.com\/en\/glossaire\/cabinet-de-recrutement-marketing-nantes\/","og_site_name":"ImpactUp","article_modified_time":"2025-06-02T12:44:05+00:00","og_image":[{"width":1067,"height":600,"url":"https:\/\/impactup.com\/wp-content\/uploads\/2021\/01\/og.jpg","type":"image\/jpeg"}],"twitter_card":"summary_large_image","twitter_misc":{"Est. reading time":"6 minutes"},"schema":{"@context":"https:\/\/schema.org","@graph":[{"@type":"WebPage","@id":"https:\/\/impactup.com\/en\/glossaire\/cabinet-de-recrutement-marketing-nantes\/","url":"https:\/\/impactup.com\/en\/glossaire\/cabinet-de-recrutement-marketing-nantes\/","name":"ImpactUp, le cabinet de recrutement en marketing partenaire des entreprises \u00e0 Nantes","isPartOf":{"@id":"https:\/\/impactup.com\/en\/#website"},"datePublished":"2024-06-11T13:37:01+00:00","dateModified":"2025-06-02T12:44:05+00:00","description":"Notre cabinet de recrutement en marketing poss\u00e8de un bureau \u00e0 Nantes. ImpactUp est un cabinet sp\u00e9cialiste du recrutement des talents marketing \u00e0 Nantes.","breadcrumb":{"@id":"https:\/\/impactup.com\/en\/glossaire\/cabinet-de-recrutement-marketing-nantes\/#breadcrumb"},"inLanguage":"en-US","potentialAction":[{"@type":"ReadAction","target":["https:\/\/impactup.com\/en\/glossaire\/cabinet-de-recrutement-marketing-nantes\/"]}]},{"@type":"BreadcrumbList","@id":"https:\/\/impactup.com\/en\/glossaire\/cabinet-de-recrutement-marketing-nantes\/#breadcrumb","itemListElement":[{"@type":"ListItem","position":1,"name":"Accueil","item":"https:\/\/impactup.com\/en\/"},{"@type":"ListItem","position":2,"name":"Glossaire","item":"https:\/\/impactup.com\/en\/glossaire\/"},{"@type":"ListItem","position":3,"name":"Recrutement de collaborateurs marketing \u00e0 Nantes, faites-vous accompagner par le cabinet ImpactUp"}]},{"@type":"WebSite","@id":"https:\/\/impactup.com\/en\/#website","url":"https:\/\/impactup.com\/en\/","name":"ImpactUp","description":"Recrutement commerciaux, directions commerciales et fonctions marketing","potentialAction":[{"@type":"SearchAction","target":{"@type":"EntryPoint","urlTemplate":"https:\/\/impactup.com\/en\/?s={search_term_string}"},"query-input":{"@type":"PropertyValueSpecification","valueRequired":true,"valueName":"search_term_string"}}],"inLanguage":"en-US"}]}},"_links":{"self":[{"href":"https:\/\/impactup.com\/en\/wp-json\/wp\/v2\/pages\/26416","targetHints":{"allow":["GET"]}}],"collection":[{"href":"https:\/\/impactup.com\/en\/wp-json\/wp\/v2\/pages"}],"about":[{"href":"https:\/\/impactup.com\/en\/wp-json\/wp\/v2\/types\/page"}],"author":[{"embeddable":true,"href":"https:\/\/impactup.com\/en\/wp-json\/wp\/v2\/users\/4"}],"replies":[{"embeddable":true,"href":"https:\/\/impactup.com\/en\/wp-json\/wp\/v2\/comments?post=26416"}],"version-history":[{"count":5,"href":"https:\/\/impactup.com\/en\/wp-json\/wp\/v2\/pages\/26416\/revisions"}],"predecessor-version":[{"id":29673,"href":"https:\/\/impactup.com\/en\/wp-json\/wp\/v2\/pages\/26416\/revisions\/29673"}],"up":[{"embeddable":true,"href":"https:\/\/impactup.com\/en\/wp-json\/wp\/v2\/pages\/17218"}],"wp:attachment":[{"href":"https:\/\/impactup.com\/en\/wp-json\/wp\/v2\/media?parent=26416"}],"curies":[{"name":"wp","href":"https:\/\/api.w.org\/{rel}","templated":true}]}}