{"id":26410,"date":"2024-06-11T15:26:35","date_gmt":"2024-06-11T13:26:35","guid":{"rendered":"https:\/\/impactup.niou.dev\/?page_id=26410"},"modified":"2024-06-11T15:34:06","modified_gmt":"2024-06-11T13:34:06","slug":"cabinet-de-recrutement-beaute-commercial","status":"publish","type":"page","link":"https:\/\/impactup.com\/en\/glossaire\/cabinet-de-recrutement-beaute-commercial\/","title":{"rendered":"Un cabinet de recrutement pour faciliter la recherche d\u2019un commercial sp\u00e9cialis\u00e9 dans le secteur de la beaut\u00e9"},"content":{"rendered":"<div class=\"wpb-content-wrapper\"><p>[vc_row][vc_column width=&#8221;1\/3&#8243;][vc_btn title=&#8221;Voir notre offre&#8221; color=&#8221;secondarycolor&#8221; align=&#8221;center&#8221; css=&#8221;&#8221; link=&#8221;url:https%3A%2F%2Fimpactup.com%2Frecrutement%2F&#8221;][\/vc_column][vc_column width=&#8221;1\/3&#8243;][vc_btn title=&#8221;Confiez-nous votre projet&#8221; color=&#8221;secondarycolor&#8221; align=&#8221;center&#8221; css=&#8221;&#8221; link=&#8221;url:https%3A%2F%2Fimpactup.com%2Fetude-personnalisee%2F&#8221;][\/vc_column][vc_column width=&#8221;1\/3&#8243;][vc_btn title=&#8221;Contactez-nous&#8221; color=&#8221;secondarycolor&#8221; align=&#8221;center&#8221; css=&#8221;&#8221; link=&#8221;url:https%3A%2F%2Fimpactup.com%2Fcontact%2F&#8221;][\/vc_column][\/vc_row][vc_row css=&#8221;.vc_custom_1717658386032{padding-top: 40px !important;padding-bottom: 20px !important;}&#8221;][vc_column][vc_column_text css=&#8221;&#8221;]<\/p>\n<section style=\"text-align: justify;\">\n<h2>Un cabinet de recrutement pour faciliter la recherche d\u2019un commercial sp\u00e9cialis\u00e9 dans le secteur de la beaut\u00e9<\/h2>\n<p>Comme pour toutes les entreprises \u00e9voluant dans le milieu du commerce, l\u2019industrie de la mode et du luxe mise essentiellement sur les comp\u00e9tences des professionnels de la vente pour promouvoir leurs produits. Il est toutefois difficile de trouver un profil <a href=\"https:\/\/impactup.com\/glossaire\/cabinet-chasse-de-t%C3%AAte-beaut%C3%A9-paris\"><strong>commercial<\/strong><\/a> qualifi\u00e9 et exp\u00e9riment\u00e9 dans le domaine de la <a href=\"https:\/\/impactup.com\/glossaire\/cabinet-chasse-de-t%C3%AAte-beaut%C3%A9-paris\"><strong>beaut\u00e9<\/strong><\/a> d\u2019o\u00f9 l\u2019int\u00e9r\u00eat de faire appel \u00e0 un <a href=\"https:\/\/impactup.com\/glossaire\/cabinet-chasse-de-t%C3%AAte-beaut%C3%A9-paris\"><strong>cabinet de recrutement<\/strong><\/a> comme ImpactUp. Ce dernier propose des services \u00e0 la hauteur de vos attentes ainsi qu\u2019un accompagnement optimal tout au long du processus d\u2019embauche.<\/p>\n<\/section>\n<p>[\/vc_column_text][\/vc_column][\/vc_row][vc_row][vc_column width=&#8221;1\/3&#8243;][vc_btn title=&#8221;Voir notre offre&#8221; color=&#8221;secondarycolor&#8221; align=&#8221;center&#8221; css=&#8221;&#8221; link=&#8221;url:https%3A%2F%2Fimpactup.com%2Frecrutement%2F&#8221;][\/vc_column][vc_column width=&#8221;1\/3&#8243;][vc_btn title=&#8221;Confiez-nous votre projet&#8221; color=&#8221;secondarycolor&#8221; align=&#8221;center&#8221; css=&#8221;&#8221; link=&#8221;url:https%3A%2F%2Fimpactup.com%2Fetude-personnalisee%2F&#8221;][\/vc_column][vc_column width=&#8221;1\/3&#8243;][vc_btn title=&#8221;Contactez-nous&#8221; color=&#8221;secondarycolor&#8221; align=&#8221;center&#8221; css=&#8221;&#8221; link=&#8221;url:https%3A%2F%2Fimpactup.com%2Fcontact%2F&#8221;][\/vc_column][\/vc_row][vc_row css=&#8221;.vc_custom_1717658445522{padding-top: 40px !important;}&#8221;][vc_column][vc_column_text css=&#8221;&#8221;]<\/p>\n<section style=\"text-align: justify;\">\n<h2>Les commerciaux efficaces pour le secteur de la beaut\u00e9 ne courent pas les rues<\/h2>\n<p>L\u2019univers de la mode et de la beaut\u00e9 est un monde \u00e0 part, complexe et fascinant. Trouver des professionnels qui en ma\u00eetrisent les sp\u00e9cificit\u00e9s et le mode de fonctionnement est loin d\u2019\u00eatre une t\u00e2che ais\u00e9e. De plus, vendre des produits ou des accessoires de beaut\u00e9 n\u00e9cessite un minimum de connaissance de leur usage. Outre un dipl\u00f4me relatif aux m\u00e9tiers du commerce et de la vente, les candidats doivent \u00eatre dot\u00e9s d\u2019autres aptitudes comme le sens de la communication, la capacit\u00e9 \u00e0 convaincre, le charisme, des capacit\u00e9s \u00e0 bien s\u2019organiser, etc.<\/p>\n<p>La d\u00e9licatesse de l\u2019op\u00e9ration ne peut qu\u2019inciter \u00e0 s\u2019adresser \u00e0 un <a href=\"https:\/\/impactup.com\/glossaire\/cabinet-de-recrutement-beaute-paris\"><strong>cabinet de recrutement<\/strong><\/a> pour embaucher un <a href=\"https:\/\/impactup.com\/glossaire\/cabinet-de-recrutement-beaute-paris\"><strong>commercial<\/strong><\/a> en produits de<a href=\"https:\/\/impactup.com\/glossaire\/cabinet-de-recrutement-beaute-paris\"><strong> beaut\u00e9<\/strong><\/a> et accessoires. Experte dans la recherche de cadres comp\u00e9tents et taill\u00e9s pour les professions de la vente, du commerce et du marketing, l\u2019agence ImpactUp vous accompagnera efficacement dans la prospection de la personne dont le profil r\u00e9pondra parfaitement \u00e0 vos attentes et aux exigences du poste qui lui sera confi\u00e9.<\/p>\n<h2>Les avantages du recours \u00e0 une agence de recrutement sp\u00e9cialis\u00e9e<\/h2>\n<p>Laisser un<strong> cabinet<\/strong> sp\u00e9cialis\u00e9 s\u2019occuper du <strong>recrutement de<\/strong> votre <strong>commercial <\/strong>pour produits de <strong>beaut\u00e9 <\/strong>vous fera b\u00e9n\u00e9ficier de nombreux avantages. \u00c0 commencer par la possibilit\u00e9 de vous atteler \u00e0 des t\u00e2ches plus productives au lieu de devoir mettre en place tout un processus de recrutement en interne, avec les investissements en temps et en ressources humaines que cette op\u00e9ration implique.<\/p>\n<p>En effet, la r\u00e9alisation des diff\u00e9rentes t\u00e2ches\u00a0(la pr\u00e9paration du projet, la d\u00e9finition des cibles, la r\u00e9daction et la publication de l\u2019offre d\u2019emploi, la s\u00e9lection des dossiers, l\u2019entretien ainsi que le choix d\u2019un candidat) demande beaucoup de temps. De m\u00eame, il faut pr\u00e9voir un budget assez cons\u00e9quent pour ces diverses op\u00e9rations sans parler du manque \u00e0 gagner pendant la campagne de recrutement jusqu\u2019\u00e0 ce que le poste vacant soit de nouveau occup\u00e9 par le candidat retenu. En faisant appel \u00e0 une agence de recrutement sp\u00e9cialis\u00e9e, cette derni\u00e8re prend en charge les recherches de A \u00e0 Z et vous proposera uniquement des profils de valeur. Dans certains cas, elle pourra m\u00eame effectuer les proc\u00e9dures d\u2019embauche \u00e0 votre place.<\/p>\n<p>Par ailleurs, s\u2019adresser \u00e0 des professionnels repr\u00e9sente un moyen d\u2019optimiser vos chances de tomber sur la perle rare. Depuis plus de quinze ans, ImpactUp est au service des entreprises commerciales qui souhaitent booster leurs forces de vente locales, itin\u00e9rantes ou d\u00e9localis\u00e9es. Vous y profiterez de l\u2019expertise de recruteurs chevronn\u00e9s. L\u2019agence poss\u00e8de plusieurs antennes en France notamment \u00e0 Paris, Nantes, Bordeaux, Lyon, La Rochelle, Lille et Toulouse.<\/p>\n<h2>Une approche diff\u00e9rente pour un recrutement efficace<\/h2>\n<p>Depuis sa cr\u00e9ation en 2005, <a href=\"https:\/\/impactup.com\"><strong>ImpactUp<\/strong><\/a> n\u2019a jamais cess\u00e9 d\u2019innover sa d\u00e9marche. Le monde professionnel \u00e9tant en constante \u00e9volution, \u00e0 l\u2019image des avanc\u00e9es techniques et technologiques, le processus de recrutement doit aussi suivre le pas.<\/p>\n<p>L\u2019\u00e9quipe d\u2019ImpactUp n\u2019a que 3 mots d\u2019ordre\u00a0: pragmatisme, proximit\u00e9 et r\u00e9sultat.<\/p>\n<ul>\n<li>Le pragmatisme : Notre d\u00e9marche est purement empirique. Nous disposons des comp\u00e9tences issues de nos exp\u00e9riences sur terrain et d\u2019une expertise allant au-del\u00e0 des connaissances th\u00e9oriques.<\/li>\n<li>La proximit\u00e9 : Nous veillons \u00e0 ce que notre relation avec nos partenaires, nos clients ainsi que nos candidats soit la plus sinc\u00e8re possible. Ainsi, nous prodiguons une assistance personnalis\u00e9e \u00e0 chacun de nos collaborateurs.<\/li>\n<li>Le r\u00e9sultat\u00a0: ImpactUp met un point d\u2019honneur sur la satisfaction de ses clients. Cette approche ax\u00e9e sur le r\u00e9sultat nous pousse \u00e0 nous adapter \u00e0 chaque situation.<\/li>\n<\/ul>\n<h2>ImpactUp, le partenaire fiable des entreprises commerciales pour le recrutement<\/h2>\n<p>Si vous cherchez un <a href=\"https:\/\/impactup.com\/glossaire\/cabinet-de-recrutement-cosmetique-paris\"><strong>cabinet pour le recrutement de commercial en produits et accessoires de beaut\u00e9<\/strong><\/a>, ImpactUp est une agence active depuis plus d\u2019une quinzaine d\u2019ann\u00e9es dans l\u2019Hexagone. Notre efficacit\u00e9 repose sur nos \u00e9quipes et nos m\u00e9thodes adapt\u00e9es aux besoins et aux exigences actuelles des m\u00e9tiers du commerce, de la vente et du marketing. Par exemple, nous utilisons TalentInitial\u00ae, TalentAttitude\u00ae, TalentBusiness\u00ae et TalentRelation\u00ae pour \u00e9valuer les aptitudes professionnelles et personnelles des candidats et Pipplet pour leur niveau en langues \u00e9trang\u00e8res. Et si par hasard, les proc\u00e9dures classiques ne donnent pas de r\u00e9sultats satisfaisants, nos recruteurs peuvent se transformer en chasseurs de t\u00eates. Ces derniers peuvent entreprendre des recherches plus approfondies et trouver la perle rare ailleurs que parmi les demandes qu\u2019ils auront re\u00e7ues. Dans tous les cas, nous sommes en mesure de proposer pour vous les bons candidats ayant les comp\u00e9tences requises et r\u00e9pondant \u00e0 toutes vos attentes.<\/p>\n<\/section>\n<p>[\/vc_column_text][\/vc_column][\/vc_row]<\/p>\n<\/div>","protected":false},"excerpt":{"rendered":"<p>[vc_row][vc_column width=&#8221;1\/3&#8243;][vc_btn title=&#8221;Voir notre offre&#8221; color=&#8221;secondarycolor&#8221; align=&#8221;center&#8221; css=&#8221;&#8221; link=&#8221;url:https%3A%2F%2Fimpactup.com%2Frecrutement%2F&#8221;][\/vc_column][vc_column width=&#8221;1\/3&#8243;][vc_btn title=&#8221;Confiez-nous votre projet&#8221; color=&#8221;secondarycolor&#8221; align=&#8221;center&#8221; css=&#8221;&#8221; link=&#8221;url:https%3A%2F%2Fimpactup.com%2Fetude-personnalisee%2F&#8221;][\/vc_column][vc_column width=&#8221;1\/3&#8243;][vc_btn title=&#8221;Contactez-nous&#8221; color=&#8221;secondarycolor&#8221; align=&#8221;center&#8221; css=&#8221;&#8221; link=&#8221;url:https%3A%2F%2Fimpactup.com%2Fcontact%2F&#8221;][\/vc_column][\/vc_row][vc_row css=&#8221;.vc_custom_1717658386032{padding-top: 40px !important;padding-bottom: 20px !important;}&#8221;][vc_column][vc_column_text css=&#8221;&#8221;] Un cabinet de recrutement pour faciliter la recherche d\u2019un commercial sp\u00e9cialis\u00e9 dans le secteur de la beaut\u00e9 Comme pour toutes les entreprises \u00e9voluant dans le milieu [&hellip;]<\/p>\n","protected":false},"author":4,"featured_media":0,"parent":17218,"menu_order":0,"comment_status":"closed","ping_status":"closed","template":"","meta":{"_monsterinsights_skip_tracking":false,"_monsterinsights_sitenote_active":false,"_monsterinsights_sitenote_note":"","_monsterinsights_sitenote_category":0,"footnotes":""},"class_list":["post-26410","page","type-page","status-publish","hentry"],"yoast_head":"<!-- This site is optimized with the Yoast SEO plugin v27.0 - https:\/\/yoast.com\/product\/yoast-seo-wordpress\/ -->\n<title>Secteur beaut\u00e9 : cabinet sp\u00e9cialis\u00e9 dans le recrutement de commercial<\/title>\n<meta name=\"description\" content=\"Un cabinet de recrutement pour d\u00e9nicher un commercial qualifi\u00e9 dans le domaine de la beaut\u00e9. ImpactUp est un cabinet de recrutement de commercial au service de l\u2019industrie de la beaut\u00e9.\" \/>\n<meta name=\"robots\" content=\"index, follow, max-snippet:-1, max-image-preview:large, max-video-preview:-1\" \/>\n<link rel=\"canonical\" href=\"https:\/\/impactup.com\/en\/glossaire\/cabinet-de-recrutement-beaute-commercial\/\" \/>\n<meta property=\"og:locale\" content=\"en_US\" \/>\n<meta property=\"og:type\" content=\"article\" \/>\n<meta property=\"og:title\" content=\"Secteur beaut\u00e9 : cabinet sp\u00e9cialis\u00e9 dans le recrutement de commercial\" \/>\n<meta property=\"og:description\" content=\"Un cabinet de recrutement pour d\u00e9nicher un commercial qualifi\u00e9 dans le domaine de la beaut\u00e9. ImpactUp est un cabinet de recrutement de commercial au service de l\u2019industrie de la beaut\u00e9.\" \/>\n<meta property=\"og:url\" content=\"https:\/\/impactup.com\/en\/glossaire\/cabinet-de-recrutement-beaute-commercial\/\" \/>\n<meta property=\"og:site_name\" content=\"ImpactUp\" \/>\n<meta property=\"article:modified_time\" content=\"2024-06-11T13:34:06+00:00\" \/>\n<meta property=\"og:image\" content=\"https:\/\/impactup.com\/wp-content\/uploads\/2021\/01\/og.jpg\" \/>\n\t<meta property=\"og:image:width\" content=\"1067\" \/>\n\t<meta property=\"og:image:height\" content=\"600\" \/>\n\t<meta property=\"og:image:type\" content=\"image\/jpeg\" \/>\n<meta name=\"twitter:card\" content=\"summary_large_image\" \/>\n<meta name=\"twitter:label1\" content=\"Est. reading time\" \/>\n\t<meta name=\"twitter:data1\" content=\"5 minutes\" \/>\n<script type=\"application\/ld+json\" class=\"yoast-schema-graph\">{\"@context\":\"https:\/\/schema.org\",\"@graph\":[{\"@type\":\"WebPage\",\"@id\":\"https:\/\/impactup.com\/en\/glossaire\/cabinet-de-recrutement-beaute-commercial\/\",\"url\":\"https:\/\/impactup.com\/en\/glossaire\/cabinet-de-recrutement-beaute-commercial\/\",\"name\":\"Secteur beaut\u00e9 : cabinet sp\u00e9cialis\u00e9 dans le recrutement de commercial\",\"isPartOf\":{\"@id\":\"https:\/\/impactup.com\/en\/#website\"},\"datePublished\":\"2024-06-11T13:26:35+00:00\",\"dateModified\":\"2024-06-11T13:34:06+00:00\",\"description\":\"Un cabinet de recrutement pour d\u00e9nicher un commercial qualifi\u00e9 dans le domaine de la beaut\u00e9. ImpactUp est un cabinet de recrutement de commercial au service de l\u2019industrie de la beaut\u00e9.\",\"breadcrumb\":{\"@id\":\"https:\/\/impactup.com\/en\/glossaire\/cabinet-de-recrutement-beaute-commercial\/#breadcrumb\"},\"inLanguage\":\"en-US\",\"potentialAction\":[{\"@type\":\"ReadAction\",\"target\":[\"https:\/\/impactup.com\/en\/glossaire\/cabinet-de-recrutement-beaute-commercial\/\"]}]},{\"@type\":\"BreadcrumbList\",\"@id\":\"https:\/\/impactup.com\/en\/glossaire\/cabinet-de-recrutement-beaute-commercial\/#breadcrumb\",\"itemListElement\":[{\"@type\":\"ListItem\",\"position\":1,\"name\":\"Accueil\",\"item\":\"https:\/\/impactup.com\/en\/\"},{\"@type\":\"ListItem\",\"position\":2,\"name\":\"Glossaire\",\"item\":\"https:\/\/impactup.com\/en\/glossaire\/\"},{\"@type\":\"ListItem\",\"position\":3,\"name\":\"Un cabinet de recrutement pour faciliter la recherche d\u2019un commercial sp\u00e9cialis\u00e9 dans le secteur de la beaut\u00e9\"}]},{\"@type\":\"WebSite\",\"@id\":\"https:\/\/impactup.com\/en\/#website\",\"url\":\"https:\/\/impactup.com\/en\/\",\"name\":\"ImpactUp\",\"description\":\"Recrutement commerciaux, directions commerciales et fonctions marketing\",\"potentialAction\":[{\"@type\":\"SearchAction\",\"target\":{\"@type\":\"EntryPoint\",\"urlTemplate\":\"https:\/\/impactup.com\/en\/?s={search_term_string}\"},\"query-input\":{\"@type\":\"PropertyValueSpecification\",\"valueRequired\":true,\"valueName\":\"search_term_string\"}}],\"inLanguage\":\"en-US\"}]}<\/script>\n<!-- \/ Yoast SEO plugin. -->","yoast_head_json":{"title":"Secteur beaut\u00e9 : cabinet sp\u00e9cialis\u00e9 dans le recrutement de commercial","description":"Un cabinet de recrutement pour d\u00e9nicher un commercial qualifi\u00e9 dans le domaine de la beaut\u00e9. ImpactUp est un cabinet de recrutement de commercial au service de l\u2019industrie de la beaut\u00e9.","robots":{"index":"index","follow":"follow","max-snippet":"max-snippet:-1","max-image-preview":"max-image-preview:large","max-video-preview":"max-video-preview:-1"},"canonical":"https:\/\/impactup.com\/en\/glossaire\/cabinet-de-recrutement-beaute-commercial\/","og_locale":"en_US","og_type":"article","og_title":"Secteur beaut\u00e9 : cabinet sp\u00e9cialis\u00e9 dans le recrutement de commercial","og_description":"Un cabinet de recrutement pour d\u00e9nicher un commercial qualifi\u00e9 dans le domaine de la beaut\u00e9. ImpactUp est un cabinet de recrutement de commercial au service de l\u2019industrie de la beaut\u00e9.","og_url":"https:\/\/impactup.com\/en\/glossaire\/cabinet-de-recrutement-beaute-commercial\/","og_site_name":"ImpactUp","article_modified_time":"2024-06-11T13:34:06+00:00","og_image":[{"width":1067,"height":600,"url":"https:\/\/impactup.com\/wp-content\/uploads\/2021\/01\/og.jpg","type":"image\/jpeg"}],"twitter_card":"summary_large_image","twitter_misc":{"Est. reading time":"5 minutes"},"schema":{"@context":"https:\/\/schema.org","@graph":[{"@type":"WebPage","@id":"https:\/\/impactup.com\/en\/glossaire\/cabinet-de-recrutement-beaute-commercial\/","url":"https:\/\/impactup.com\/en\/glossaire\/cabinet-de-recrutement-beaute-commercial\/","name":"Secteur beaut\u00e9 : cabinet sp\u00e9cialis\u00e9 dans le recrutement de commercial","isPartOf":{"@id":"https:\/\/impactup.com\/en\/#website"},"datePublished":"2024-06-11T13:26:35+00:00","dateModified":"2024-06-11T13:34:06+00:00","description":"Un cabinet de recrutement pour d\u00e9nicher un commercial qualifi\u00e9 dans le domaine de la beaut\u00e9. ImpactUp est un cabinet de recrutement de commercial au service de l\u2019industrie de la beaut\u00e9.","breadcrumb":{"@id":"https:\/\/impactup.com\/en\/glossaire\/cabinet-de-recrutement-beaute-commercial\/#breadcrumb"},"inLanguage":"en-US","potentialAction":[{"@type":"ReadAction","target":["https:\/\/impactup.com\/en\/glossaire\/cabinet-de-recrutement-beaute-commercial\/"]}]},{"@type":"BreadcrumbList","@id":"https:\/\/impactup.com\/en\/glossaire\/cabinet-de-recrutement-beaute-commercial\/#breadcrumb","itemListElement":[{"@type":"ListItem","position":1,"name":"Accueil","item":"https:\/\/impactup.com\/en\/"},{"@type":"ListItem","position":2,"name":"Glossaire","item":"https:\/\/impactup.com\/en\/glossaire\/"},{"@type":"ListItem","position":3,"name":"Un cabinet de recrutement pour faciliter la recherche d\u2019un commercial sp\u00e9cialis\u00e9 dans le secteur de la beaut\u00e9"}]},{"@type":"WebSite","@id":"https:\/\/impactup.com\/en\/#website","url":"https:\/\/impactup.com\/en\/","name":"ImpactUp","description":"Recrutement commerciaux, directions commerciales et fonctions marketing","potentialAction":[{"@type":"SearchAction","target":{"@type":"EntryPoint","urlTemplate":"https:\/\/impactup.com\/en\/?s={search_term_string}"},"query-input":{"@type":"PropertyValueSpecification","valueRequired":true,"valueName":"search_term_string"}}],"inLanguage":"en-US"}]}},"_links":{"self":[{"href":"https:\/\/impactup.com\/en\/wp-json\/wp\/v2\/pages\/26410","targetHints":{"allow":["GET"]}}],"collection":[{"href":"https:\/\/impactup.com\/en\/wp-json\/wp\/v2\/pages"}],"about":[{"href":"https:\/\/impactup.com\/en\/wp-json\/wp\/v2\/types\/page"}],"author":[{"embeddable":true,"href":"https:\/\/impactup.com\/en\/wp-json\/wp\/v2\/users\/4"}],"replies":[{"embeddable":true,"href":"https:\/\/impactup.com\/en\/wp-json\/wp\/v2\/comments?post=26410"}],"version-history":[{"count":4,"href":"https:\/\/impactup.com\/en\/wp-json\/wp\/v2\/pages\/26410\/revisions"}],"predecessor-version":[{"id":26415,"href":"https:\/\/impactup.com\/en\/wp-json\/wp\/v2\/pages\/26410\/revisions\/26415"}],"up":[{"embeddable":true,"href":"https:\/\/impactup.com\/en\/wp-json\/wp\/v2\/pages\/17218"}],"wp:attachment":[{"href":"https:\/\/impactup.com\/en\/wp-json\/wp\/v2\/media?parent=26410"}],"curies":[{"name":"wp","href":"https:\/\/api.w.org\/{rel}","templated":true}]}}