{"id":26405,"date":"2024-06-11T15:14:47","date_gmt":"2024-06-11T13:14:47","guid":{"rendered":"https:\/\/impactup.niou.dev\/?page_id=26405"},"modified":"2024-06-12T15:22:30","modified_gmt":"2024-06-12T13:22:30","slug":"cabinet-de-recrutement-directeur-commercial-paris","status":"publish","type":"page","link":"https:\/\/impactup.com\/en\/glossaire\/cabinet-de-recrutement-directeur-commercial-paris\/","title":{"rendered":"Recrutement de directeur commercial \u00e0 Paris : adressez-vous \u00e0 un cabinet sp\u00e9cialis\u00e9"},"content":{"rendered":"<div class=\"wpb-content-wrapper\"><p>[vc_row][vc_column width=&#8221;1\/3&#8243;][vc_btn title=&#8221;Voir notre offre&#8221; color=&#8221;secondarycolor&#8221; align=&#8221;center&#8221; css=&#8221;&#8221; link=&#8221;url:https%3A%2F%2Fimpactup.com%2Frecrutement%2F&#8221;][\/vc_column][vc_column width=&#8221;1\/3&#8243;][vc_btn title=&#8221;Confiez-nous votre projet&#8221; color=&#8221;secondarycolor&#8221; align=&#8221;center&#8221; css=&#8221;&#8221; link=&#8221;url:https%3A%2F%2Fimpactup.com%2Fetude-personnalisee%2F&#8221;][\/vc_column][vc_column width=&#8221;1\/3&#8243;][vc_btn title=&#8221;Contactez-nous&#8221; color=&#8221;secondarycolor&#8221; align=&#8221;center&#8221; css=&#8221;&#8221; link=&#8221;url:https%3A%2F%2Fimpactup.com%2Fcontact%2F&#8221;][\/vc_column][\/vc_row][vc_row css=&#8221;.vc_custom_1717658386032{padding-top: 40px !important;padding-bottom: 20px !important;}&#8221;][vc_column][vc_column_text css=&#8221;&#8221;]<\/p>\n<section style=\"text-align: justify;\">\n<h2>Recrutement de directeur commercial \u00e0 Paris\u00a0: adressez-vous \u00e0 un cabinet sp\u00e9cialis\u00e9<\/h2>\n<p>Les cadres dirigeants constituent les acteurs principaux au sein d\u2019une entreprise. De ce fait, l\u2019embauche de ce profil n\u2019est pas \u00e0 prendre la l\u00e9g\u00e8re et n\u00e9cessite un sp\u00e9cialiste en la mati\u00e8re. Si vous cherchez un <a href=\"https:\/\/impactup.com\/cabinet-de-recrutement-cosmetique-paris\"><strong>cabinet de recrutement \u00e0 Paris<\/strong><\/a> pour vous accompagner dans la recherche de votre futur <a href=\"https:\/\/impactup.com\/cabinet-de-recrutement-cosmetique-paris\"><strong>directeur commercial<\/strong><\/a>, ImpactUp propose les meilleurs candidats correspondant \u00e0 toutes vos attentes.<\/p>\n<\/section>\n<p>[\/vc_column_text][\/vc_column][\/vc_row][vc_row][vc_column width=&#8221;1\/3&#8243;][vc_btn title=&#8221;Voir notre offre&#8221; color=&#8221;secondarycolor&#8221; align=&#8221;center&#8221; css=&#8221;&#8221; link=&#8221;url:https%3A%2F%2Fimpactup.com%2Frecrutement%2F&#8221;][\/vc_column][vc_column width=&#8221;1\/3&#8243;][vc_btn title=&#8221;Confiez-nous votre projet&#8221; color=&#8221;secondarycolor&#8221; align=&#8221;center&#8221; css=&#8221;&#8221; link=&#8221;url:https%3A%2F%2Fimpactup.com%2Fetude-personnalisee%2F&#8221;][\/vc_column][vc_column width=&#8221;1\/3&#8243;][vc_btn title=&#8221;Contactez-nous&#8221; color=&#8221;secondarycolor&#8221; align=&#8221;center&#8221; css=&#8221;&#8221; link=&#8221;url:https%3A%2F%2Fimpactup.com%2Fcontact%2F&#8221;][\/vc_column][\/vc_row][vc_row css=&#8221;.vc_custom_1717658445522{padding-top: 40px !important;}&#8221;][vc_column][vc_column_text css=&#8221;&#8221;]<\/p>\n<section style=\"text-align: justify;\">\n<h2><strong>R\u00f4le d\u2019un cabinet dans le recrutement d\u2019un cadre commercial \u00e0 Paris<\/strong><\/h2>\n<p>Un cabinet de recrutement a pour mission principale d\u2019assister les entreprises dans la prospection et la s\u00e9lection d\u2019un collaborateur correspondant au profil exig\u00e9 pour le poste \u00e0 pourvoir. Il joue ainsi le r\u00f4le d\u2019interm\u00e9diaire entre les soci\u00e9t\u00e9s en qu\u00eate de collaborateurs qualifi\u00e9s et les candidats \u00e0 la recherche d\u2019un emploi ou d\u2019une opportunit\u00e9.<\/p>\n<p>Un manager commercial est appel\u00e9 \u00e0 d\u00e9finir les axes strat\u00e9giques de la politique commerciale d\u2019une entreprise et, par cons\u00e9quent, \u00e0 optimiser les chiffres d\u2019affaires. \u00c0 ce titre et pour \u00e9viter les erreurs de casting qui pourraient vous co\u00fbter cher, il serait pr\u00e9f\u00e9rable de d\u00e9l\u00e9guer l\u2019embauche de votre <a href=\"https:\/\/impactup.com\/cabinet-de-recrutement-export-paris\"><strong>directeur commercial \u00e0 un cabinet de recrutement sp\u00e9cialis\u00e9 \u00e0 Paris<\/strong><\/a>.<\/p>\n<p>ImpactUp, avec son \u00e9quipe, met \u00e0 votre service son expertise et vous accompagne tout au long du processus de recrutement de votre cadre commercial hautement qualifi\u00e9.<\/p>\n<h2><strong>Pourquoi recourir \u00e0 un cabinet de recrutement \u00e0 Paris\u00a0?<\/strong><\/h2>\n<p>Un cabinet de recrutement est g\u00e9n\u00e9ralement compos\u00e9 d\u2019une \u00e9quipe de consultants ayant des comp\u00e9tences sp\u00e9cifiques dans leur domaine d\u2019intervention respectif. Recruter un cadre dirigeant tel que les directeurs commerciaux n\u2019est pas toujours facile compte tenu de la complexit\u00e9 du profil. C\u2019est la raison pour laquelle certaines directions des ressources humaines se sont dessaisies de cette lourde mission et ont ainsi d\u00e9cid\u00e9 de confier les \u00e9tapes du recrutement \u00e0 un cabinet d\u2019experts.<\/p>\n<p>Nombreux sont les avantages que vous pourrez avoir en mandatant un <a href=\"https:\/\/impactup.com\/cabinet-de-recrutement-en-france\"><strong>cabinet de recrutement \u00e0 Paris pour d\u00e9nicher votre directeur commercial<\/strong><\/a>. En premier lieu, les sp\u00e9cialistes vous garantissent une totale discr\u00e9tion dans les d\u00e9marches de recrutement. Votre identit\u00e9 ne sera d\u00e9voil\u00e9e qu\u2019au moment de l\u2019entretien final avec le candidat retenu.<\/p>\n<p>L\u2019exp\u00e9rience et le savoir-faire des recruteurs vous donnent \u00e9galement le privil\u00e8ge de disposer d\u2019un salari\u00e9 dont le profil est en parfaite ad\u00e9quation avec le poste propos\u00e9. \u00c0 l\u2019issue des diverses \u00e9tapes de s\u00e9lection, le cabinet de recrutement ne retiendra que les candidatures de haut niveau.<\/p>\n<p>Pour vos besoins en personnel, ImpactUp, le sp\u00e9cialiste du recrutement s\u2019engage \u00e0 vous pr\u00e9senter dans les meilleurs d\u00e9lais des candidats de valeur qui correspondent exactement au profil recherch\u00e9.<\/p>\n<h2><strong>Choisissez Impactup, le sp\u00e9cialiste des fonctions commerciales<\/strong><\/h2>\n<p>Fort de ses dix ann\u00e9es d\u2019exp\u00e9rience en mati\u00e8re de recrutement de collaborateurs d\u00e9di\u00e9s aux activit\u00e9s commerciales, le cabinet de recrutement <strong>ImpactUp<\/strong> est le partenaire exclusif des entreprises d\u00e9sireuses d\u2019avoir parmi leurs staffs des salari\u00e9s qualifi\u00e9s.<\/p>\n<p>Pr\u00e9sente dans plusieurs villes, dont Paris, ImpactUp pourra se charger de toutes les formalit\u00e9s inh\u00e9rentes au recrutement de votre directeur commercial. Nous mettons en place des dispositifs particuliers pour vous trouver un candidat d\u2019exception qui saura d\u00e9velopper les ventes et augmenter les r\u00e9sultats financiers de votre entreprise.<\/p>\n<p>Notre approche est bas\u00e9e essentiellement sur le pragmatisme, la proximit\u00e9 et l\u2019exigence de r\u00e9sultat. Dans ce sens, nous disposons d\u2019une \u00e9quipe comp\u00e9tente et des outils de travail performants. <a href=\"https:\/\/impactup.com\/\"><strong>ImpactUP<\/strong><\/a> propose, en effet, des solutions innovantes et personnalis\u00e9es afin de trouver le profil id\u00e9al, conform\u00e9ment aux attentes de l\u2019entreprise. Nous disposons d\u2019un service en ligne SaaS d\u2019\u00e9valuation permettant de jauger le niveau en langue \u00e9trang\u00e8re du candidat ainsi que d\u2019une plateforme d\u2019\u00e9valuation reposant sur 4 gammes d\u2019outils : TalentInitial\u00ae, TalentAttitude\u00ae, TalentBusiness\u00ae et TalentRelation\u00ae.<\/p>\n<p>De plus, nous proposons des offres de conseils et de d\u00e9veloppement commercial pour les PME et les grandes entreprises. Nos conseillers sur le site sont disponibles en temps r\u00e9el pour vous assister et r\u00e9pondre \u00e0 toutes les demandes sp\u00e9cifiques.<\/p>\n<p>Donner enti\u00e8re satisfaction \u00e0 la client\u00e8le est la devise de notre <strong>cabinet sp\u00e9cialis\u00e9 dans le recrutement de directeur commercial<\/strong> et autres professionnels du marketing et commerce \u00e0 <strong>Paris. <\/strong>Nous proposons des prestations personnalis\u00e9es adapt\u00e9es aux besoins de chacun.<\/p>\n<p><strong>Pour avoir plus d&#8217;informations :<\/strong><\/p>\n<p><a href=\"https:\/\/impactup.com\/glossaire\/cabinet-de-recrutement-directeur-commercial-paris\">Cabinet de recrutement directeur commercial Paris<\/a><br \/>\n<a href=\"https:\/\/impactup.com\/glossaire\/cabinet-de-recrutement-directeur-commercial-bordeaux\">Cabinet de recrutement directeur commercial Bordeaux<\/a><br \/>\n<a href=\"https:\/\/impactup.com\/glossaire\/cabinet-de-recrutement-directeur-commercial-nantes\">Cabinet de recrutement directeur commercial Nantes<\/a><br \/>\n<a href=\"https:\/\/impactup.com\/glossaire\/cabinet-de-recrutement-directeur-commercial-toulouse\">Cabinet de recrutement directeur commercial Toulouse<\/a><br \/>\n<a href=\"https:\/\/impactup.com\/glossaire\/cabinet-de-recrutement-marketing-paris\">Cabinet de recrutement marketing Paris<\/a><br \/>\n<a href=\"https:\/\/impactup.com\/glossaire\/cabinet-de-recrutement-marketing-toulouse\">Cabinet de recrutement marketing Toulouse<\/a><\/p>\n<\/section>\n<p>[\/vc_column_text][\/vc_column][\/vc_row]<\/p>\n<\/div>","protected":false},"excerpt":{"rendered":"<p>[vc_row][vc_column width=&#8221;1\/3&#8243;][vc_btn title=&#8221;Voir notre offre&#8221; color=&#8221;secondarycolor&#8221; align=&#8221;center&#8221; css=&#8221;&#8221; link=&#8221;url:https%3A%2F%2Fimpactup.com%2Frecrutement%2F&#8221;][\/vc_column][vc_column width=&#8221;1\/3&#8243;][vc_btn title=&#8221;Confiez-nous votre projet&#8221; color=&#8221;secondarycolor&#8221; align=&#8221;center&#8221; css=&#8221;&#8221; link=&#8221;url:https%3A%2F%2Fimpactup.com%2Fetude-personnalisee%2F&#8221;][\/vc_column][vc_column width=&#8221;1\/3&#8243;][vc_btn title=&#8221;Contactez-nous&#8221; color=&#8221;secondarycolor&#8221; align=&#8221;center&#8221; css=&#8221;&#8221; link=&#8221;url:https%3A%2F%2Fimpactup.com%2Fcontact%2F&#8221;][\/vc_column][\/vc_row][vc_row css=&#8221;.vc_custom_1717658386032{padding-top: 40px !important;padding-bottom: 20px !important;}&#8221;][vc_column][vc_column_text css=&#8221;&#8221;] Recrutement de directeur commercial \u00e0 Paris\u00a0: adressez-vous \u00e0 un cabinet sp\u00e9cialis\u00e9 Les cadres dirigeants constituent les acteurs principaux au sein d\u2019une entreprise. De ce fait, l\u2019embauche [&hellip;]<\/p>\n","protected":false},"author":4,"featured_media":0,"parent":17218,"menu_order":0,"comment_status":"closed","ping_status":"closed","template":"","meta":{"_monsterinsights_skip_tracking":false,"_monsterinsights_sitenote_active":false,"_monsterinsights_sitenote_note":"","_monsterinsights_sitenote_category":0,"footnotes":""},"class_list":["post-26405","page","type-page","status-publish","hentry"],"yoast_head":"<!-- This site is optimized with the Yoast SEO plugin v27.0 - https:\/\/yoast.com\/product\/yoast-seo-wordpress\/ -->\n<title>Cabinet sp\u00e9cialis\u00e9 dans le recrutement de directeur commercial \u00e0 Paris<\/title>\n<meta name=\"description\" content=\"Le recours \u00e0 un cabinet de recrutement est recommand\u00e9 pour la recherche d\u2019un directeur commercial \u00e0 Paris. ImpactUp est le cabinet de recrutement de r\u00e9f\u00e9rence pour l\u2019embauche de directeur commercial \u00e0 Paris.\" \/>\n<meta name=\"robots\" content=\"index, follow, max-snippet:-1, max-image-preview:large, max-video-preview:-1\" \/>\n<link rel=\"canonical\" href=\"https:\/\/impactup.com\/en\/glossaire\/cabinet-de-recrutement-directeur-commercial-paris\/\" \/>\n<meta property=\"og:locale\" content=\"en_US\" \/>\n<meta property=\"og:type\" content=\"article\" \/>\n<meta property=\"og:title\" content=\"Cabinet sp\u00e9cialis\u00e9 dans le recrutement de directeur commercial \u00e0 Paris\" \/>\n<meta property=\"og:description\" content=\"Le recours \u00e0 un cabinet de recrutement est recommand\u00e9 pour la recherche d\u2019un directeur commercial \u00e0 Paris. ImpactUp est le cabinet de recrutement de r\u00e9f\u00e9rence pour l\u2019embauche de directeur commercial \u00e0 Paris.\" \/>\n<meta property=\"og:url\" content=\"https:\/\/impactup.com\/en\/glossaire\/cabinet-de-recrutement-directeur-commercial-paris\/\" \/>\n<meta property=\"og:site_name\" content=\"ImpactUp\" \/>\n<meta property=\"article:modified_time\" content=\"2024-06-12T13:22:30+00:00\" \/>\n<meta property=\"og:image\" content=\"https:\/\/impactup.com\/wp-content\/uploads\/2021\/01\/og.jpg\" \/>\n\t<meta property=\"og:image:width\" content=\"1067\" \/>\n\t<meta property=\"og:image:height\" content=\"600\" \/>\n\t<meta property=\"og:image:type\" content=\"image\/jpeg\" \/>\n<meta name=\"twitter:card\" content=\"summary_large_image\" \/>\n<meta name=\"twitter:label1\" content=\"Est. reading time\" \/>\n\t<meta name=\"twitter:data1\" content=\"4 minutes\" \/>\n<script type=\"application\/ld+json\" class=\"yoast-schema-graph\">{\"@context\":\"https:\/\/schema.org\",\"@graph\":[{\"@type\":\"WebPage\",\"@id\":\"https:\/\/impactup.com\/en\/glossaire\/cabinet-de-recrutement-directeur-commercial-paris\/\",\"url\":\"https:\/\/impactup.com\/en\/glossaire\/cabinet-de-recrutement-directeur-commercial-paris\/\",\"name\":\"Cabinet sp\u00e9cialis\u00e9 dans le recrutement de directeur commercial \u00e0 Paris\",\"isPartOf\":{\"@id\":\"https:\/\/impactup.com\/en\/#website\"},\"datePublished\":\"2024-06-11T13:14:47+00:00\",\"dateModified\":\"2024-06-12T13:22:30+00:00\",\"description\":\"Le recours \u00e0 un cabinet de recrutement est recommand\u00e9 pour la recherche d\u2019un directeur commercial \u00e0 Paris. ImpactUp est le cabinet de recrutement de r\u00e9f\u00e9rence pour l\u2019embauche de directeur commercial \u00e0 Paris.\",\"breadcrumb\":{\"@id\":\"https:\/\/impactup.com\/en\/glossaire\/cabinet-de-recrutement-directeur-commercial-paris\/#breadcrumb\"},\"inLanguage\":\"en-US\",\"potentialAction\":[{\"@type\":\"ReadAction\",\"target\":[\"https:\/\/impactup.com\/en\/glossaire\/cabinet-de-recrutement-directeur-commercial-paris\/\"]}]},{\"@type\":\"BreadcrumbList\",\"@id\":\"https:\/\/impactup.com\/en\/glossaire\/cabinet-de-recrutement-directeur-commercial-paris\/#breadcrumb\",\"itemListElement\":[{\"@type\":\"ListItem\",\"position\":1,\"name\":\"Accueil\",\"item\":\"https:\/\/impactup.com\/en\/\"},{\"@type\":\"ListItem\",\"position\":2,\"name\":\"Glossaire\",\"item\":\"https:\/\/impactup.com\/en\/glossaire\/\"},{\"@type\":\"ListItem\",\"position\":3,\"name\":\"Recrutement de directeur commercial \u00e0 Paris : adressez-vous \u00e0 un cabinet sp\u00e9cialis\u00e9\"}]},{\"@type\":\"WebSite\",\"@id\":\"https:\/\/impactup.com\/en\/#website\",\"url\":\"https:\/\/impactup.com\/en\/\",\"name\":\"ImpactUp\",\"description\":\"Recrutement commerciaux, directions commerciales et fonctions marketing\",\"potentialAction\":[{\"@type\":\"SearchAction\",\"target\":{\"@type\":\"EntryPoint\",\"urlTemplate\":\"https:\/\/impactup.com\/en\/?s={search_term_string}\"},\"query-input\":{\"@type\":\"PropertyValueSpecification\",\"valueRequired\":true,\"valueName\":\"search_term_string\"}}],\"inLanguage\":\"en-US\"}]}<\/script>\n<!-- \/ Yoast SEO plugin. -->","yoast_head_json":{"title":"Cabinet sp\u00e9cialis\u00e9 dans le recrutement de directeur commercial \u00e0 Paris","description":"Le recours \u00e0 un cabinet de recrutement est recommand\u00e9 pour la recherche d\u2019un directeur commercial \u00e0 Paris. ImpactUp est le cabinet de recrutement de r\u00e9f\u00e9rence pour l\u2019embauche de directeur commercial \u00e0 Paris.","robots":{"index":"index","follow":"follow","max-snippet":"max-snippet:-1","max-image-preview":"max-image-preview:large","max-video-preview":"max-video-preview:-1"},"canonical":"https:\/\/impactup.com\/en\/glossaire\/cabinet-de-recrutement-directeur-commercial-paris\/","og_locale":"en_US","og_type":"article","og_title":"Cabinet sp\u00e9cialis\u00e9 dans le recrutement de directeur commercial \u00e0 Paris","og_description":"Le recours \u00e0 un cabinet de recrutement est recommand\u00e9 pour la recherche d\u2019un directeur commercial \u00e0 Paris. ImpactUp est le cabinet de recrutement de r\u00e9f\u00e9rence pour l\u2019embauche de directeur commercial \u00e0 Paris.","og_url":"https:\/\/impactup.com\/en\/glossaire\/cabinet-de-recrutement-directeur-commercial-paris\/","og_site_name":"ImpactUp","article_modified_time":"2024-06-12T13:22:30+00:00","og_image":[{"width":1067,"height":600,"url":"https:\/\/impactup.com\/wp-content\/uploads\/2021\/01\/og.jpg","type":"image\/jpeg"}],"twitter_card":"summary_large_image","twitter_misc":{"Est. reading time":"4 minutes"},"schema":{"@context":"https:\/\/schema.org","@graph":[{"@type":"WebPage","@id":"https:\/\/impactup.com\/en\/glossaire\/cabinet-de-recrutement-directeur-commercial-paris\/","url":"https:\/\/impactup.com\/en\/glossaire\/cabinet-de-recrutement-directeur-commercial-paris\/","name":"Cabinet sp\u00e9cialis\u00e9 dans le recrutement de directeur commercial \u00e0 Paris","isPartOf":{"@id":"https:\/\/impactup.com\/en\/#website"},"datePublished":"2024-06-11T13:14:47+00:00","dateModified":"2024-06-12T13:22:30+00:00","description":"Le recours \u00e0 un cabinet de recrutement est recommand\u00e9 pour la recherche d\u2019un directeur commercial \u00e0 Paris. ImpactUp est le cabinet de recrutement de r\u00e9f\u00e9rence pour l\u2019embauche de directeur commercial \u00e0 Paris.","breadcrumb":{"@id":"https:\/\/impactup.com\/en\/glossaire\/cabinet-de-recrutement-directeur-commercial-paris\/#breadcrumb"},"inLanguage":"en-US","potentialAction":[{"@type":"ReadAction","target":["https:\/\/impactup.com\/en\/glossaire\/cabinet-de-recrutement-directeur-commercial-paris\/"]}]},{"@type":"BreadcrumbList","@id":"https:\/\/impactup.com\/en\/glossaire\/cabinet-de-recrutement-directeur-commercial-paris\/#breadcrumb","itemListElement":[{"@type":"ListItem","position":1,"name":"Accueil","item":"https:\/\/impactup.com\/en\/"},{"@type":"ListItem","position":2,"name":"Glossaire","item":"https:\/\/impactup.com\/en\/glossaire\/"},{"@type":"ListItem","position":3,"name":"Recrutement de directeur commercial \u00e0 Paris : adressez-vous \u00e0 un cabinet sp\u00e9cialis\u00e9"}]},{"@type":"WebSite","@id":"https:\/\/impactup.com\/en\/#website","url":"https:\/\/impactup.com\/en\/","name":"ImpactUp","description":"Recrutement commerciaux, directions commerciales et fonctions marketing","potentialAction":[{"@type":"SearchAction","target":{"@type":"EntryPoint","urlTemplate":"https:\/\/impactup.com\/en\/?s={search_term_string}"},"query-input":{"@type":"PropertyValueSpecification","valueRequired":true,"valueName":"search_term_string"}}],"inLanguage":"en-US"}]}},"_links":{"self":[{"href":"https:\/\/impactup.com\/en\/wp-json\/wp\/v2\/pages\/26405","targetHints":{"allow":["GET"]}}],"collection":[{"href":"https:\/\/impactup.com\/en\/wp-json\/wp\/v2\/pages"}],"about":[{"href":"https:\/\/impactup.com\/en\/wp-json\/wp\/v2\/types\/page"}],"author":[{"embeddable":true,"href":"https:\/\/impactup.com\/en\/wp-json\/wp\/v2\/users\/4"}],"replies":[{"embeddable":true,"href":"https:\/\/impactup.com\/en\/wp-json\/wp\/v2\/comments?post=26405"}],"version-history":[{"count":5,"href":"https:\/\/impactup.com\/en\/wp-json\/wp\/v2\/pages\/26405\/revisions"}],"predecessor-version":[{"id":26514,"href":"https:\/\/impactup.com\/en\/wp-json\/wp\/v2\/pages\/26405\/revisions\/26514"}],"up":[{"embeddable":true,"href":"https:\/\/impactup.com\/en\/wp-json\/wp\/v2\/pages\/17218"}],"wp:attachment":[{"href":"https:\/\/impactup.com\/en\/wp-json\/wp\/v2\/media?parent=26405"}],"curies":[{"name":"wp","href":"https:\/\/api.w.org\/{rel}","templated":true}]}}