{"id":26403,"date":"2024-06-11T15:06:39","date_gmt":"2024-06-11T13:06:39","guid":{"rendered":"https:\/\/impactup.niou.dev\/?page_id=26403"},"modified":"2024-06-12T10:32:36","modified_gmt":"2024-06-12T08:32:36","slug":"cabinet-de-recrutement-cadre-commercial-grenoble-38","status":"publish","type":"page","link":"https:\/\/impactup.com\/en\/glossaire\/cabinet-de-recrutement-cadre-commercial-grenoble-38\/","title":{"rendered":"ImpactUp, un cabinet de recrutement de cadre commercial dans le 38 \u00e0 votre service"},"content":{"rendered":"<div class=\"wpb-content-wrapper\"><p>[vc_row][vc_column width=&#8221;1\/3&#8243;][vc_btn title=&#8221;Voir notre offre&#8221; color=&#8221;secondarycolor&#8221; align=&#8221;center&#8221; css=&#8221;&#8221; link=&#8221;url:https%3A%2F%2Fimpactup.com%2Frecrutement%2F&#8221;][\/vc_column][vc_column width=&#8221;1\/3&#8243;][vc_btn title=&#8221;Confiez-nous votre projet&#8221; color=&#8221;secondarycolor&#8221; align=&#8221;center&#8221; css=&#8221;&#8221; link=&#8221;url:https%3A%2F%2Fimpactup.com%2Fetude-personnalisee%2F&#8221;][\/vc_column][vc_column width=&#8221;1\/3&#8243;][vc_btn title=&#8221;Contactez-nous&#8221; color=&#8221;secondarycolor&#8221; align=&#8221;center&#8221; css=&#8221;&#8221; link=&#8221;url:https%3A%2F%2Fimpactup.com%2Fcontact%2F&#8221;][\/vc_column][\/vc_row][vc_row css=&#8221;.vc_custom_1717658386032{padding-top: 40px !important;padding-bottom: 20px !important;}&#8221;][vc_column][vc_column_text css=&#8221;&#8221;]<\/p>\n<section style=\"text-align: justify;\">\n<h2>ImpactUp, un cabinet de recrutement de cadre commercial dans le 38 \u00e0 votre service<\/h2>\n<p>Il est souvent difficile pour les recruteurs de d\u00e9nicher de nouveaux talents surtout pour des postes cl\u00e9s o\u00f9 les comp\u00e9tences et l\u2019exp\u00e9rience sont des crit\u00e8res indispensables. Pour vous aider et pour mener \u00e0 bien votre campagne de<a href=\"https:\/\/impactup.com\/glossaire\/cabinet-de-recrutement-commerciaux-grenoble-38\/\"><strong> recrutement<\/strong> <strong>de cadre commercial ou autres profils \u00e0<\/strong> <strong>Grenoble<\/strong><\/a>, adressez-vous \u00e0 un <a href=\"https:\/\/impactup.com\/glossaire\/cabinet-de-recrutement-commerciaux-grenoble-38\/\"><strong>cabinet<\/strong><\/a> qualifi\u00e9 et reconnu \u00e0 l\u2019instar d\u2019<a href=\"https:\/\/impactup.com\"><strong>ImpactUp<\/strong><\/a>.<\/p>\n<\/section>\n<p>[\/vc_column_text][\/vc_column][\/vc_row][vc_row][vc_column width=&#8221;1\/3&#8243;][vc_btn title=&#8221;Voir notre offre&#8221; color=&#8221;secondarycolor&#8221; align=&#8221;center&#8221; css=&#8221;&#8221; link=&#8221;url:https%3A%2F%2Fimpactup.com%2Frecrutement%2F&#8221;][\/vc_column][vc_column width=&#8221;1\/3&#8243;][vc_btn title=&#8221;Confiez-nous votre projet&#8221; color=&#8221;secondarycolor&#8221; align=&#8221;center&#8221; css=&#8221;&#8221; link=&#8221;url:https%3A%2F%2Fimpactup.com%2Fetude-personnalisee%2F&#8221;][\/vc_column][vc_column width=&#8221;1\/3&#8243;][vc_btn title=&#8221;Contactez-nous&#8221; color=&#8221;secondarycolor&#8221; align=&#8221;center&#8221; css=&#8221;&#8221; link=&#8221;url:https%3A%2F%2Fimpactup.com%2Fcontact%2F&#8221;][\/vc_column][\/vc_row][vc_row css=&#8221;.vc_custom_1717658445522{padding-top: 40px !important;}&#8221;][vc_column][vc_column_text css=&#8221;&#8221;]<\/p>\n<section style=\"text-align: justify;\">\n<h2><strong>Pourquoi recourir \u00e0 <\/strong><strong>un cabinet de recrutement de cadre commercial \u00e0 Grenoble ?<\/strong><\/h2>\n<p>Le cadre commercial joue un r\u00f4le crucial au sein de l\u2019entreprise. En effet, ses missions visent entre autres \u00e0 d\u00e9velopper la relation client et \u00e0 optimiser la performance globale de cette derni\u00e8re. \u00c0 ce titre, il est en contact direct avec les clients en leur proposant des produits et services, en menant les n\u00e9gociations et en s\u2019assurant de la satisfaction client\u00e8le sur le long terme.<\/p>\n<p>De m\u00eame, il est charg\u00e9 de la prospection commerciale et utilise divers moyens et techniques (campagnes d\u2019emailing, prospection t\u00e9l\u00e9phonique, outils digitaux, salons professionnels, etc.) pour identifier et attirer les prospects. Il ma\u00eetrise parfaitement l\u2019art de la n\u00e9gociation, la prospection et l\u2019orientation r\u00e9sultat pour assurer la croissance de son entreprise.<\/p>\n<p>Compte tenu des comp\u00e9tences et des qualit\u00e9s de ce professionnel, il n\u2019est pas surprenant si ce type de profil est tr\u00e8s recherch\u00e9 et sollicit\u00e9. D\u2019ailleurs, la plupart des cadres commerciaux re\u00e7oivent souvent des propositions de poste sans m\u00eame avoir entrepris des recherches ou des demandes d\u2019emploi.<\/p>\n<p>Comme ils sont en quelque sorte en position de force, trouver des candidats pour occuper ce poste peut vite devenir un v\u00e9ritable casse-t\u00eate pour les recruteurs. De plus, ils doivent tenir compte de l\u2019\u00e9volution du march\u00e9, des exigences du secteur et de la concurrence. Pour ces diverses raisons, le recours \u00e0 un <a href=\"https:\/\/impactup.com\/glossaire\/cabinet-de-recrutement-commercial-grenoble-38\/\"><strong>cabinet de recrutement de cadre commercial dans le 38<\/strong><\/a> comme <strong>ImpactUp<\/strong> constitue la meilleure option pour d\u00e9nicher et recruter facilement et rapidement de nouveaux talents.<\/p>\n<h2><strong>ImpactUp, un partenaire de choix pour la recherche de cadre commercial dans le 38<\/strong><\/h2>\n<p>Une campagne de recrutement reste un processus \u00e0 la fois complexe et d\u00e9licat. Il est donc vivement recommand\u00e9 de faire appel \u00e0 un expert en la mati\u00e8re, dont les services permettent d\u2019optimiser les chances de trouver des personnes ayant les comp\u00e9tences et les qualit\u00e9s requises pour occuper le poste \u00e0 pourvoir. Des candidats qui seront en mesure d\u2019assurer les diff\u00e9rentes missions \u00e0 entreprendre et de satisfaire les exigences de l\u2019entreprise. Chez <strong>ImpactUp<\/strong>, <a href=\"https:\/\/impactup.com\/glossaire\/chasseur-de-tete-commerciaux-grenoble-38\/\"><strong>cabinet sp\u00e9cialis\u00e9 dans le recrutement de cadre commercial \u00e0<\/strong> <strong>Grenoble<\/strong><\/a> et dans l\u2019Is\u00e8re (<a href=\"https:\/\/impactup.com\/glossaire\/chasseur-de-tete-commerciaux-grenoble-38\/\"><strong>38<\/strong><\/a>), nous regroupons des professionnels qualifi\u00e9s et exp\u00e9riment\u00e9s, dont des chasseurs de t\u00eates aguerris.<\/p>\n<p>Outre Grenoble, nous intervenons dans plusieurs autres villes fran\u00e7aises (Paris, Lyon, Toulouse, Nantes, etc.) et \u00e0 l\u2019\u00e9tranger. Gr\u00e2ce \u00e0 notre expertise, votre projet sera entre de bonnes mains. Nous disposons, \u00e0 cet effet, d\u2019une base de donn\u00e9es compl\u00e8te pour faciliter la recherche de candidats potentiels ainsi qu\u2019un outil en ligne SaaS d\u2019\u00e9valuation (en partenariat avec Pipplet) permettant d\u2019\u00e9valuer le niveau en langue \u00e9trang\u00e8re. De m\u00eame, nous utilisons une plateforme d\u2019\u00e9valuation compos\u00e9e de 4 familles d\u2019outils : TalentInitial\u00ae, TalentAttitude\u00ae, TalentRelation\u00ae et TalentBusiness\u00ae.<\/p>\n<\/section>\n<p>[\/vc_column_text][\/vc_column][\/vc_row]<\/p>\n<\/div>","protected":false},"excerpt":{"rendered":"<p>[vc_row][vc_column width=&#8221;1\/3&#8243;][vc_btn title=&#8221;Voir notre offre&#8221; color=&#8221;secondarycolor&#8221; align=&#8221;center&#8221; css=&#8221;&#8221; link=&#8221;url:https%3A%2F%2Fimpactup.com%2Frecrutement%2F&#8221;][\/vc_column][vc_column width=&#8221;1\/3&#8243;][vc_btn title=&#8221;Confiez-nous votre projet&#8221; color=&#8221;secondarycolor&#8221; align=&#8221;center&#8221; css=&#8221;&#8221; link=&#8221;url:https%3A%2F%2Fimpactup.com%2Fetude-personnalisee%2F&#8221;][\/vc_column][vc_column width=&#8221;1\/3&#8243;][vc_btn title=&#8221;Contactez-nous&#8221; color=&#8221;secondarycolor&#8221; align=&#8221;center&#8221; css=&#8221;&#8221; link=&#8221;url:https%3A%2F%2Fimpactup.com%2Fcontact%2F&#8221;][\/vc_column][\/vc_row][vc_row css=&#8221;.vc_custom_1717658386032{padding-top: 40px !important;padding-bottom: 20px !important;}&#8221;][vc_column][vc_column_text css=&#8221;&#8221;] ImpactUp, un cabinet de recrutement de cadre commercial dans le 38 \u00e0 votre service Il est souvent difficile pour les recruteurs de d\u00e9nicher de nouveaux talents [&hellip;]<\/p>\n","protected":false},"author":4,"featured_media":0,"parent":17218,"menu_order":0,"comment_status":"closed","ping_status":"closed","template":"","meta":{"_monsterinsights_skip_tracking":false,"_monsterinsights_sitenote_active":false,"_monsterinsights_sitenote_note":"","_monsterinsights_sitenote_category":0,"footnotes":""},"class_list":["post-26403","page","type-page","status-publish","hentry"],"yoast_head":"<!-- This site is optimized with the Yoast SEO plugin v27.0 - https:\/\/yoast.com\/product\/yoast-seo-wordpress\/ -->\n<title>Cabinet de recrutement de cadre commercial \u00e0 Grenoble<\/title>\n<meta name=\"description\" content=\"Faites appel \u00e0 un cabinet sp\u00e9cialis\u00e9 pour le recrutement de votre futur cadre commercial dans le 38. Intervenant \u00e0 Grenoble, ImpactUp est un cabinet disposant des moyens techniques et humains n\u00e9cessaires pour le recrutement de cadre commercial.\" \/>\n<meta name=\"robots\" content=\"index, follow, max-snippet:-1, max-image-preview:large, max-video-preview:-1\" \/>\n<link rel=\"canonical\" href=\"https:\/\/impactup.com\/en\/glossaire\/cabinet-de-recrutement-cadre-commercial-grenoble-38\/\" \/>\n<meta property=\"og:locale\" content=\"en_US\" \/>\n<meta property=\"og:type\" content=\"article\" \/>\n<meta property=\"og:title\" content=\"Cabinet de recrutement de cadre commercial \u00e0 Grenoble\" \/>\n<meta property=\"og:description\" content=\"Faites appel \u00e0 un cabinet sp\u00e9cialis\u00e9 pour le recrutement de votre futur cadre commercial dans le 38. Intervenant \u00e0 Grenoble, ImpactUp est un cabinet disposant des moyens techniques et humains n\u00e9cessaires pour le recrutement de cadre commercial.\" \/>\n<meta property=\"og:url\" content=\"https:\/\/impactup.com\/en\/glossaire\/cabinet-de-recrutement-cadre-commercial-grenoble-38\/\" \/>\n<meta property=\"og:site_name\" content=\"ImpactUp\" \/>\n<meta property=\"article:modified_time\" content=\"2024-06-12T08:32:36+00:00\" \/>\n<meta property=\"og:image\" content=\"https:\/\/impactup.com\/wp-content\/uploads\/2021\/01\/og.jpg\" \/>\n\t<meta property=\"og:image:width\" content=\"1067\" \/>\n\t<meta property=\"og:image:height\" content=\"600\" \/>\n\t<meta property=\"og:image:type\" content=\"image\/jpeg\" \/>\n<meta name=\"twitter:card\" content=\"summary_large_image\" \/>\n<meta name=\"twitter:label1\" content=\"Est. reading time\" \/>\n\t<meta name=\"twitter:data1\" content=\"3 minutes\" \/>\n<script type=\"application\/ld+json\" class=\"yoast-schema-graph\">{\"@context\":\"https:\/\/schema.org\",\"@graph\":[{\"@type\":\"WebPage\",\"@id\":\"https:\/\/impactup.com\/en\/glossaire\/cabinet-de-recrutement-cadre-commercial-grenoble-38\/\",\"url\":\"https:\/\/impactup.com\/en\/glossaire\/cabinet-de-recrutement-cadre-commercial-grenoble-38\/\",\"name\":\"Cabinet de recrutement de cadre commercial \u00e0 Grenoble\",\"isPartOf\":{\"@id\":\"https:\/\/impactup.com\/en\/#website\"},\"datePublished\":\"2024-06-11T13:06:39+00:00\",\"dateModified\":\"2024-06-12T08:32:36+00:00\",\"description\":\"Faites appel \u00e0 un cabinet sp\u00e9cialis\u00e9 pour le recrutement de votre futur cadre commercial dans le 38. Intervenant \u00e0 Grenoble, ImpactUp est un cabinet disposant des moyens techniques et humains n\u00e9cessaires pour le recrutement de cadre commercial.\",\"breadcrumb\":{\"@id\":\"https:\/\/impactup.com\/en\/glossaire\/cabinet-de-recrutement-cadre-commercial-grenoble-38\/#breadcrumb\"},\"inLanguage\":\"en-US\",\"potentialAction\":[{\"@type\":\"ReadAction\",\"target\":[\"https:\/\/impactup.com\/en\/glossaire\/cabinet-de-recrutement-cadre-commercial-grenoble-38\/\"]}]},{\"@type\":\"BreadcrumbList\",\"@id\":\"https:\/\/impactup.com\/en\/glossaire\/cabinet-de-recrutement-cadre-commercial-grenoble-38\/#breadcrumb\",\"itemListElement\":[{\"@type\":\"ListItem\",\"position\":1,\"name\":\"Accueil\",\"item\":\"https:\/\/impactup.com\/en\/\"},{\"@type\":\"ListItem\",\"position\":2,\"name\":\"Glossaire\",\"item\":\"https:\/\/impactup.com\/en\/glossaire\/\"},{\"@type\":\"ListItem\",\"position\":3,\"name\":\"ImpactUp, un cabinet de recrutement de cadre commercial dans le 38 \u00e0 votre service\"}]},{\"@type\":\"WebSite\",\"@id\":\"https:\/\/impactup.com\/en\/#website\",\"url\":\"https:\/\/impactup.com\/en\/\",\"name\":\"ImpactUp\",\"description\":\"Recrutement commerciaux, directions commerciales et fonctions marketing\",\"potentialAction\":[{\"@type\":\"SearchAction\",\"target\":{\"@type\":\"EntryPoint\",\"urlTemplate\":\"https:\/\/impactup.com\/en\/?s={search_term_string}\"},\"query-input\":{\"@type\":\"PropertyValueSpecification\",\"valueRequired\":true,\"valueName\":\"search_term_string\"}}],\"inLanguage\":\"en-US\"}]}<\/script>\n<!-- \/ Yoast SEO plugin. -->","yoast_head_json":{"title":"Cabinet de recrutement de cadre commercial \u00e0 Grenoble","description":"Faites appel \u00e0 un cabinet sp\u00e9cialis\u00e9 pour le recrutement de votre futur cadre commercial dans le 38. Intervenant \u00e0 Grenoble, ImpactUp est un cabinet disposant des moyens techniques et humains n\u00e9cessaires pour le recrutement de cadre commercial.","robots":{"index":"index","follow":"follow","max-snippet":"max-snippet:-1","max-image-preview":"max-image-preview:large","max-video-preview":"max-video-preview:-1"},"canonical":"https:\/\/impactup.com\/en\/glossaire\/cabinet-de-recrutement-cadre-commercial-grenoble-38\/","og_locale":"en_US","og_type":"article","og_title":"Cabinet de recrutement de cadre commercial \u00e0 Grenoble","og_description":"Faites appel \u00e0 un cabinet sp\u00e9cialis\u00e9 pour le recrutement de votre futur cadre commercial dans le 38. Intervenant \u00e0 Grenoble, ImpactUp est un cabinet disposant des moyens techniques et humains n\u00e9cessaires pour le recrutement de cadre commercial.","og_url":"https:\/\/impactup.com\/en\/glossaire\/cabinet-de-recrutement-cadre-commercial-grenoble-38\/","og_site_name":"ImpactUp","article_modified_time":"2024-06-12T08:32:36+00:00","og_image":[{"width":1067,"height":600,"url":"https:\/\/impactup.com\/wp-content\/uploads\/2021\/01\/og.jpg","type":"image\/jpeg"}],"twitter_card":"summary_large_image","twitter_misc":{"Est. reading time":"3 minutes"},"schema":{"@context":"https:\/\/schema.org","@graph":[{"@type":"WebPage","@id":"https:\/\/impactup.com\/en\/glossaire\/cabinet-de-recrutement-cadre-commercial-grenoble-38\/","url":"https:\/\/impactup.com\/en\/glossaire\/cabinet-de-recrutement-cadre-commercial-grenoble-38\/","name":"Cabinet de recrutement de cadre commercial \u00e0 Grenoble","isPartOf":{"@id":"https:\/\/impactup.com\/en\/#website"},"datePublished":"2024-06-11T13:06:39+00:00","dateModified":"2024-06-12T08:32:36+00:00","description":"Faites appel \u00e0 un cabinet sp\u00e9cialis\u00e9 pour le recrutement de votre futur cadre commercial dans le 38. Intervenant \u00e0 Grenoble, ImpactUp est un cabinet disposant des moyens techniques et humains n\u00e9cessaires pour le recrutement de cadre commercial.","breadcrumb":{"@id":"https:\/\/impactup.com\/en\/glossaire\/cabinet-de-recrutement-cadre-commercial-grenoble-38\/#breadcrumb"},"inLanguage":"en-US","potentialAction":[{"@type":"ReadAction","target":["https:\/\/impactup.com\/en\/glossaire\/cabinet-de-recrutement-cadre-commercial-grenoble-38\/"]}]},{"@type":"BreadcrumbList","@id":"https:\/\/impactup.com\/en\/glossaire\/cabinet-de-recrutement-cadre-commercial-grenoble-38\/#breadcrumb","itemListElement":[{"@type":"ListItem","position":1,"name":"Accueil","item":"https:\/\/impactup.com\/en\/"},{"@type":"ListItem","position":2,"name":"Glossaire","item":"https:\/\/impactup.com\/en\/glossaire\/"},{"@type":"ListItem","position":3,"name":"ImpactUp, un cabinet de recrutement de cadre commercial dans le 38 \u00e0 votre service"}]},{"@type":"WebSite","@id":"https:\/\/impactup.com\/en\/#website","url":"https:\/\/impactup.com\/en\/","name":"ImpactUp","description":"Recrutement commerciaux, directions commerciales et fonctions marketing","potentialAction":[{"@type":"SearchAction","target":{"@type":"EntryPoint","urlTemplate":"https:\/\/impactup.com\/en\/?s={search_term_string}"},"query-input":{"@type":"PropertyValueSpecification","valueRequired":true,"valueName":"search_term_string"}}],"inLanguage":"en-US"}]}},"_links":{"self":[{"href":"https:\/\/impactup.com\/en\/wp-json\/wp\/v2\/pages\/26403","targetHints":{"allow":["GET"]}}],"collection":[{"href":"https:\/\/impactup.com\/en\/wp-json\/wp\/v2\/pages"}],"about":[{"href":"https:\/\/impactup.com\/en\/wp-json\/wp\/v2\/types\/page"}],"author":[{"embeddable":true,"href":"https:\/\/impactup.com\/en\/wp-json\/wp\/v2\/users\/4"}],"replies":[{"embeddable":true,"href":"https:\/\/impactup.com\/en\/wp-json\/wp\/v2\/comments?post=26403"}],"version-history":[{"count":1,"href":"https:\/\/impactup.com\/en\/wp-json\/wp\/v2\/pages\/26403\/revisions"}],"predecessor-version":[{"id":26404,"href":"https:\/\/impactup.com\/en\/wp-json\/wp\/v2\/pages\/26403\/revisions\/26404"}],"up":[{"embeddable":true,"href":"https:\/\/impactup.com\/en\/wp-json\/wp\/v2\/pages\/17218"}],"wp:attachment":[{"href":"https:\/\/impactup.com\/en\/wp-json\/wp\/v2\/media?parent=26403"}],"curies":[{"name":"wp","href":"https:\/\/api.w.org\/{rel}","templated":true}]}}