{"id":26401,"date":"2024-06-11T14:58:58","date_gmt":"2024-06-11T12:58:58","guid":{"rendered":"https:\/\/impactup.niou.dev\/?page_id=26401"},"modified":"2024-06-11T16:39:12","modified_gmt":"2024-06-11T14:39:12","slug":"cabinet-de-recrutement-commerciaux-grenoble-38","status":"publish","type":"page","link":"https:\/\/impactup.com\/en\/glossaire\/cabinet-de-recrutement-commerciaux-grenoble-38\/","title":{"rendered":"Recrutement de commerciaux dans le 38 : b\u00e9n\u00e9ficier de l\u2019accompagnement d\u2019un cabinet sp\u00e9cialis\u00e9"},"content":{"rendered":"<div class=\"wpb-content-wrapper\"><p>[vc_row][vc_column width=&#8221;1\/3&#8243;][vc_btn title=&#8221;Voir notre offre&#8221; color=&#8221;secondarycolor&#8221; align=&#8221;center&#8221; css=&#8221;&#8221; link=&#8221;url:https%3A%2F%2Fimpactup.com%2Frecrutement%2F&#8221;][\/vc_column][vc_column width=&#8221;1\/3&#8243;][vc_btn title=&#8221;Confiez-nous votre projet&#8221; color=&#8221;secondarycolor&#8221; align=&#8221;center&#8221; css=&#8221;&#8221; link=&#8221;url:https%3A%2F%2Fimpactup.com%2Fetude-personnalisee%2F&#8221;][\/vc_column][vc_column width=&#8221;1\/3&#8243;][vc_btn title=&#8221;Contactez-nous&#8221; color=&#8221;secondarycolor&#8221; align=&#8221;center&#8221; css=&#8221;&#8221; link=&#8221;url:https%3A%2F%2Fimpactup.com%2Fcontact%2F&#8221;][\/vc_column][\/vc_row][vc_row css=&#8221;.vc_custom_1717658386032{padding-top: 40px !important;padding-bottom: 20px !important;}&#8221;][vc_column][vc_column_text css=&#8221;&#8221;]<\/p>\n<section style=\"text-align: justify;\">\n<h2>Recrutement de commerciaux dans le 38 : b\u00e9n\u00e9ficier de l\u2019accompagnement d\u2019un cabinet sp\u00e9cialis\u00e9<\/h2>\n<p>Solliciter l\u2019aide d\u2019un <a href=\"https:\/\/impactup.com\/glossaire\/cabinet-de-recrutement-cadre-commercial-grenoble-38\/\"><strong>cabinet de recrutement de commerciaux pour une entreprise \u00e0<\/strong> <strong>Grenoble <\/strong><\/a>est important. Et pour cause ? La r\u00e9alisation d\u2019un bon chiffre d\u2019affaires d\u00e9pend en grande partie des comp\u00e9tences et de la performance des commerciaux. Ainsi, ces professionnels constituent une v\u00e9ritable force de vente pour les diff\u00e9rentes structures. Trouver les meilleurs profils pour occuper les fonctions commerciales n\u2019est pas chose \u00e9vidente pour les dirigeants, d\u2019o\u00f9 l\u2019int\u00e9r\u00eat de faire appel \u00e0 une aide sp\u00e9cialis\u00e9e.<\/p>\n<\/section>\n<p>[\/vc_column_text][\/vc_column][\/vc_row][vc_row][vc_column width=&#8221;1\/3&#8243;][vc_btn title=&#8221;Voir notre offre&#8221; color=&#8221;secondarycolor&#8221; align=&#8221;center&#8221; css=&#8221;&#8221; link=&#8221;url:https%3A%2F%2Fimpactup.com%2Frecrutement%2F&#8221;][\/vc_column][vc_column width=&#8221;1\/3&#8243;][vc_btn title=&#8221;Confiez-nous votre projet&#8221; color=&#8221;secondarycolor&#8221; align=&#8221;center&#8221; css=&#8221;&#8221; link=&#8221;url:https%3A%2F%2Fimpactup.com%2Fetude-personnalisee%2F&#8221;][\/vc_column][vc_column width=&#8221;1\/3&#8243;][vc_btn title=&#8221;Contactez-nous&#8221; color=&#8221;secondarycolor&#8221; align=&#8221;center&#8221; css=&#8221;&#8221; link=&#8221;url:https%3A%2F%2Fimpactup.com%2Fcontact%2F&#8221;][\/vc_column][\/vc_row][vc_row css=&#8221;.vc_custom_1717658445522{padding-top: 40px !important;}&#8221;][vc_column][vc_column_text css=&#8221;&#8221;]<\/p>\n<section style=\"text-align: justify;\">\n<h2><strong>Recrutement de commerciaux : une t\u00e2che complexe<\/strong><\/h2>\n<p>Sur le territoire national, plus d\u2019un million de profils commerciaux remplissent le march\u00e9 de l\u2019emploi. Il devient alors difficile pour les recruteurs de trouver les candidats les plus qualifi\u00e9s pour les postes \u00e0 pourvoir. Pourtant, les commerciaux contribuent activement \u00e0 la croissance des structures pour lesquelles ils travaillent en optimisant et en entretenant les portefeuilles clients tout au long de l\u2019ann\u00e9e. Ils v\u00e9hiculent aussi une image positive des entreprises gr\u00e2ce \u00e0 leurs qualit\u00e9s relationnelles et \u00e0 leurs arguments de vente.<\/p>\n<p>Si vous ne disposez pas de service RH au sein de votre entreprise, mieux vaut confier le <a href=\"https:\/\/impactup.com\/glossaire\/cabinet-de-recrutement-commercial-grenoble-38\/\"><strong>recrutement de commerciaux \u00e0 Grenoble \u00e0 un cabinet <\/strong><\/a>sp\u00e9cialis\u00e9 dans le domaine. C\u2019est la meilleure solution pour avoir la garantie de prendre les meilleures d\u00e9cisions pour le d\u00e9veloppement de votre entreprise. Ce professionnel va, en effet, vous accompagner dans l\u2019\u00e9valuation des qualit\u00e9s que vous recherchez chez vos futurs collaborateurs.<\/p>\n<p>Pour ce faire, il peut soumettre les candidats aux tests de personnalit\u00e9 ou r\u00e9aliser des entretiens situationnels. Cette solution vous permettra aussi de gagner un temps pr\u00e9cieux et l\u2019utiliser pour vous focaliser sur le c\u0153ur de votre activit\u00e9.<\/p>\n<h2><strong>Comment choisir votre futur partenaire RH ?<\/strong><\/h2>\n<p>Toutes les agences de recrutement ne se valent pas. Pour disposer des meilleurs profils de commerciaux dans les plus brefs d\u00e9lais, voici les crit\u00e8res \u00e0 consid\u00e9rer pour bien choisir votre futur partenaire RH externe :<\/p>\n<ul>\n<li>Un cabinet sp\u00e9cialis\u00e9 dans votre secteur<\/li>\n<\/ul>\n<p>Le consultant qui vous accompagnera doit parfaitement ma\u00eetriser votre secteur d\u2019activit\u00e9, mais aussi vos valeurs et votre probl\u00e9matique. De m\u00eame, son r\u00e9seau doit \u00eatre adapt\u00e9 \u00e0 votre secteur, sans quoi il ne sera pas en mesure de cibler les bons candidats.<\/p>\n<ul>\n<li>Le d\u00e9lai de recrutement<\/li>\n<\/ul>\n<p>Une entreprise qui sollicite l\u2019aide d\u2019un <a href=\"https:\/\/impactup.com\/glossaire\/cabinet-de-developpement-commercial-grenoble-38\/\"><strong>cabinet de recrutement de commerciaux dans le 38<\/strong><\/a> cherche \u00e0 optimiser son temps. Si c\u2019est aussi votre cas, il est primordial de v\u00e9rifier les d\u00e9lais de recrutement.<\/p>\n<ul>\n<li>Les garanties propos\u00e9es<\/li>\n<\/ul>\n<p>Il est tout aussi essentiel de savoir si l\u2019agence propose des garanties telles que la garantie de pr\u00e9sentation de candidats, la garantie de remplacement ou de remboursement en cas d\u2019\u00e9chec d\u2019int\u00e9gration.<\/p>\n<p>Si vous \u00eates \u00e0 la recherche d\u2019un <strong>cabinet<\/strong> <strong>de recrutement de commerciaux<\/strong> \u00e0 <strong>Grenoble<\/strong> et plus g\u00e9n\u00e9ralement dans l\u2019Is\u00e8re <strong>(38)<\/strong>, vous pouvez faire confiance \u00e0 <a href=\"https:\/\/impactup.com\"><strong>ImpactUp<\/strong><\/a>. Nous sommes sp\u00e9cialis\u00e9s dans les fonctions commerciales et marketing et ma\u00eetrisons parfaitement les contraintes et les fondamentaux de chaque m\u00e9tier. Nous nous distinguons des autres cabinets par notre culture du r\u00e9sultat et notre approche pragmatique.<\/p>\n<p>Aussi, n\u2019h\u00e9sitez pas \u00e0 nous contacter pour trouver les collaborateurs qui vous aideront \u00e0 d\u00e9velopper vos parts de march\u00e9. Notre exp\u00e9rience de plus d\u2019une quinzaine d\u2019ann\u00e9es dans le domaine ainsi que notre expertise constituent un gage pour la r\u00e9ussite de votre projet.<\/p>\n<\/section>\n<p>[\/vc_column_text][\/vc_column][\/vc_row]<\/p>\n<\/div>","protected":false},"excerpt":{"rendered":"<p>[vc_row][vc_column width=&#8221;1\/3&#8243;][vc_btn title=&#8221;Voir notre offre&#8221; color=&#8221;secondarycolor&#8221; align=&#8221;center&#8221; css=&#8221;&#8221; link=&#8221;url:https%3A%2F%2Fimpactup.com%2Frecrutement%2F&#8221;][\/vc_column][vc_column width=&#8221;1\/3&#8243;][vc_btn title=&#8221;Confiez-nous votre projet&#8221; color=&#8221;secondarycolor&#8221; align=&#8221;center&#8221; css=&#8221;&#8221; link=&#8221;url:https%3A%2F%2Fimpactup.com%2Fetude-personnalisee%2F&#8221;][\/vc_column][vc_column width=&#8221;1\/3&#8243;][vc_btn title=&#8221;Contactez-nous&#8221; color=&#8221;secondarycolor&#8221; align=&#8221;center&#8221; css=&#8221;&#8221; link=&#8221;url:https%3A%2F%2Fimpactup.com%2Fcontact%2F&#8221;][\/vc_column][\/vc_row][vc_row css=&#8221;.vc_custom_1717658386032{padding-top: 40px !important;padding-bottom: 20px !important;}&#8221;][vc_column][vc_column_text css=&#8221;&#8221;] Recrutement de commerciaux dans le 38 : b\u00e9n\u00e9ficier de l\u2019accompagnement d\u2019un cabinet sp\u00e9cialis\u00e9 Solliciter l\u2019aide d\u2019un cabinet de recrutement de commerciaux pour une entreprise \u00e0 Grenoble [&hellip;]<\/p>\n","protected":false},"author":4,"featured_media":0,"parent":17218,"menu_order":0,"comment_status":"closed","ping_status":"closed","template":"","meta":{"_monsterinsights_skip_tracking":false,"_monsterinsights_sitenote_active":false,"_monsterinsights_sitenote_note":"","_monsterinsights_sitenote_category":0,"footnotes":""},"class_list":["post-26401","page","type-page","status-publish","hentry"],"yoast_head":"<!-- This site is optimized with the Yoast SEO plugin v27.0 - https:\/\/yoast.com\/product\/yoast-seo-wordpress\/ -->\n<title>Comment contacter un cabinet de recrutement de commerciaux dans le 38 ?<\/title>\n<meta name=\"description\" content=\"Quelle strat\u00e9gie utilise un cabinet de recrutement de commerciaux dans le 38 ? ImpactUp est un cabinet de recrutement de commerciaux \u00e0 Grenoble.\" \/>\n<meta name=\"robots\" content=\"index, follow, max-snippet:-1, max-image-preview:large, max-video-preview:-1\" \/>\n<link rel=\"canonical\" href=\"https:\/\/impactup.com\/en\/glossaire\/cabinet-de-recrutement-commerciaux-grenoble-38\/\" \/>\n<meta property=\"og:locale\" content=\"en_US\" \/>\n<meta property=\"og:type\" content=\"article\" \/>\n<meta property=\"og:title\" content=\"Comment contacter un cabinet de recrutement de commerciaux dans le 38 ?\" \/>\n<meta property=\"og:description\" content=\"Quelle strat\u00e9gie utilise un cabinet de recrutement de commerciaux dans le 38 ? ImpactUp est un cabinet de recrutement de commerciaux \u00e0 Grenoble.\" \/>\n<meta property=\"og:url\" content=\"https:\/\/impactup.com\/en\/glossaire\/cabinet-de-recrutement-commerciaux-grenoble-38\/\" \/>\n<meta property=\"og:site_name\" content=\"ImpactUp\" \/>\n<meta property=\"article:modified_time\" content=\"2024-06-11T14:39:12+00:00\" \/>\n<meta property=\"og:image\" content=\"https:\/\/impactup.com\/wp-content\/uploads\/2021\/01\/og.jpg\" \/>\n\t<meta property=\"og:image:width\" content=\"1067\" \/>\n\t<meta property=\"og:image:height\" content=\"600\" \/>\n\t<meta property=\"og:image:type\" content=\"image\/jpeg\" \/>\n<meta name=\"twitter:card\" content=\"summary_large_image\" \/>\n<meta name=\"twitter:label1\" content=\"Est. reading time\" \/>\n\t<meta name=\"twitter:data1\" content=\"4 minutes\" \/>\n<script type=\"application\/ld+json\" class=\"yoast-schema-graph\">{\"@context\":\"https:\/\/schema.org\",\"@graph\":[{\"@type\":\"WebPage\",\"@id\":\"https:\/\/impactup.com\/en\/glossaire\/cabinet-de-recrutement-commerciaux-grenoble-38\/\",\"url\":\"https:\/\/impactup.com\/en\/glossaire\/cabinet-de-recrutement-commerciaux-grenoble-38\/\",\"name\":\"Comment contacter un cabinet de recrutement de commerciaux dans le 38 ?\",\"isPartOf\":{\"@id\":\"https:\/\/impactup.com\/en\/#website\"},\"datePublished\":\"2024-06-11T12:58:58+00:00\",\"dateModified\":\"2024-06-11T14:39:12+00:00\",\"description\":\"Quelle strat\u00e9gie utilise un cabinet de recrutement de commerciaux dans le 38 ? ImpactUp est un cabinet de recrutement de commerciaux \u00e0 Grenoble.\",\"breadcrumb\":{\"@id\":\"https:\/\/impactup.com\/en\/glossaire\/cabinet-de-recrutement-commerciaux-grenoble-38\/#breadcrumb\"},\"inLanguage\":\"en-US\",\"potentialAction\":[{\"@type\":\"ReadAction\",\"target\":[\"https:\/\/impactup.com\/en\/glossaire\/cabinet-de-recrutement-commerciaux-grenoble-38\/\"]}]},{\"@type\":\"BreadcrumbList\",\"@id\":\"https:\/\/impactup.com\/en\/glossaire\/cabinet-de-recrutement-commerciaux-grenoble-38\/#breadcrumb\",\"itemListElement\":[{\"@type\":\"ListItem\",\"position\":1,\"name\":\"Accueil\",\"item\":\"https:\/\/impactup.com\/en\/\"},{\"@type\":\"ListItem\",\"position\":2,\"name\":\"Glossaire\",\"item\":\"https:\/\/impactup.com\/en\/glossaire\/\"},{\"@type\":\"ListItem\",\"position\":3,\"name\":\"Recrutement de commerciaux dans le 38 : b\u00e9n\u00e9ficier de l\u2019accompagnement d\u2019un cabinet sp\u00e9cialis\u00e9\"}]},{\"@type\":\"WebSite\",\"@id\":\"https:\/\/impactup.com\/en\/#website\",\"url\":\"https:\/\/impactup.com\/en\/\",\"name\":\"ImpactUp\",\"description\":\"Recrutement commerciaux, directions commerciales et fonctions marketing\",\"potentialAction\":[{\"@type\":\"SearchAction\",\"target\":{\"@type\":\"EntryPoint\",\"urlTemplate\":\"https:\/\/impactup.com\/en\/?s={search_term_string}\"},\"query-input\":{\"@type\":\"PropertyValueSpecification\",\"valueRequired\":true,\"valueName\":\"search_term_string\"}}],\"inLanguage\":\"en-US\"}]}<\/script>\n<!-- \/ Yoast SEO plugin. -->","yoast_head_json":{"title":"Comment contacter un cabinet de recrutement de commerciaux dans le 38 ?","description":"Quelle strat\u00e9gie utilise un cabinet de recrutement de commerciaux dans le 38 ? ImpactUp est un cabinet de recrutement de commerciaux \u00e0 Grenoble.","robots":{"index":"index","follow":"follow","max-snippet":"max-snippet:-1","max-image-preview":"max-image-preview:large","max-video-preview":"max-video-preview:-1"},"canonical":"https:\/\/impactup.com\/en\/glossaire\/cabinet-de-recrutement-commerciaux-grenoble-38\/","og_locale":"en_US","og_type":"article","og_title":"Comment contacter un cabinet de recrutement de commerciaux dans le 38 ?","og_description":"Quelle strat\u00e9gie utilise un cabinet de recrutement de commerciaux dans le 38 ? ImpactUp est un cabinet de recrutement de commerciaux \u00e0 Grenoble.","og_url":"https:\/\/impactup.com\/en\/glossaire\/cabinet-de-recrutement-commerciaux-grenoble-38\/","og_site_name":"ImpactUp","article_modified_time":"2024-06-11T14:39:12+00:00","og_image":[{"width":1067,"height":600,"url":"https:\/\/impactup.com\/wp-content\/uploads\/2021\/01\/og.jpg","type":"image\/jpeg"}],"twitter_card":"summary_large_image","twitter_misc":{"Est. reading time":"4 minutes"},"schema":{"@context":"https:\/\/schema.org","@graph":[{"@type":"WebPage","@id":"https:\/\/impactup.com\/en\/glossaire\/cabinet-de-recrutement-commerciaux-grenoble-38\/","url":"https:\/\/impactup.com\/en\/glossaire\/cabinet-de-recrutement-commerciaux-grenoble-38\/","name":"Comment contacter un cabinet de recrutement de commerciaux dans le 38 ?","isPartOf":{"@id":"https:\/\/impactup.com\/en\/#website"},"datePublished":"2024-06-11T12:58:58+00:00","dateModified":"2024-06-11T14:39:12+00:00","description":"Quelle strat\u00e9gie utilise un cabinet de recrutement de commerciaux dans le 38 ? ImpactUp est un cabinet de recrutement de commerciaux \u00e0 Grenoble.","breadcrumb":{"@id":"https:\/\/impactup.com\/en\/glossaire\/cabinet-de-recrutement-commerciaux-grenoble-38\/#breadcrumb"},"inLanguage":"en-US","potentialAction":[{"@type":"ReadAction","target":["https:\/\/impactup.com\/en\/glossaire\/cabinet-de-recrutement-commerciaux-grenoble-38\/"]}]},{"@type":"BreadcrumbList","@id":"https:\/\/impactup.com\/en\/glossaire\/cabinet-de-recrutement-commerciaux-grenoble-38\/#breadcrumb","itemListElement":[{"@type":"ListItem","position":1,"name":"Accueil","item":"https:\/\/impactup.com\/en\/"},{"@type":"ListItem","position":2,"name":"Glossaire","item":"https:\/\/impactup.com\/en\/glossaire\/"},{"@type":"ListItem","position":3,"name":"Recrutement de commerciaux dans le 38 : b\u00e9n\u00e9ficier de l\u2019accompagnement d\u2019un cabinet sp\u00e9cialis\u00e9"}]},{"@type":"WebSite","@id":"https:\/\/impactup.com\/en\/#website","url":"https:\/\/impactup.com\/en\/","name":"ImpactUp","description":"Recrutement commerciaux, directions commerciales et fonctions marketing","potentialAction":[{"@type":"SearchAction","target":{"@type":"EntryPoint","urlTemplate":"https:\/\/impactup.com\/en\/?s={search_term_string}"},"query-input":{"@type":"PropertyValueSpecification","valueRequired":true,"valueName":"search_term_string"}}],"inLanguage":"en-US"}]}},"_links":{"self":[{"href":"https:\/\/impactup.com\/en\/wp-json\/wp\/v2\/pages\/26401","targetHints":{"allow":["GET"]}}],"collection":[{"href":"https:\/\/impactup.com\/en\/wp-json\/wp\/v2\/pages"}],"about":[{"href":"https:\/\/impactup.com\/en\/wp-json\/wp\/v2\/types\/page"}],"author":[{"embeddable":true,"href":"https:\/\/impactup.com\/en\/wp-json\/wp\/v2\/users\/4"}],"replies":[{"embeddable":true,"href":"https:\/\/impactup.com\/en\/wp-json\/wp\/v2\/comments?post=26401"}],"version-history":[{"count":2,"href":"https:\/\/impactup.com\/en\/wp-json\/wp\/v2\/pages\/26401\/revisions"}],"predecessor-version":[{"id":26447,"href":"https:\/\/impactup.com\/en\/wp-json\/wp\/v2\/pages\/26401\/revisions\/26447"}],"up":[{"embeddable":true,"href":"https:\/\/impactup.com\/en\/wp-json\/wp\/v2\/pages\/17218"}],"wp:attachment":[{"href":"https:\/\/impactup.com\/en\/wp-json\/wp\/v2\/media?parent=26401"}],"curies":[{"name":"wp","href":"https:\/\/api.w.org\/{rel}","templated":true}]}}