{"id":26397,"date":"2024-06-11T14:50:20","date_gmt":"2024-06-11T12:50:20","guid":{"rendered":"https:\/\/impactup.niou.dev\/?page_id=26397"},"modified":"2024-06-11T16:37:30","modified_gmt":"2024-06-11T14:37:30","slug":"cabinet-de-recrutement-commercial-grenoble-38","status":"publish","type":"page","link":"https:\/\/impactup.com\/en\/glossaire\/cabinet-de-recrutement-commercial-grenoble-38\/","title":{"rendered":"Cabinet de recrutement sp\u00e9cialis\u00e9 dans l\u2019embauche d\u2019un commercial \u00e0 Grenoble (38)"},"content":{"rendered":"<div class=\"wpb-content-wrapper\"><p>[vc_row][vc_column width=&#8221;1\/3&#8243;][vc_btn title=&#8221;Voir notre offre&#8221; color=&#8221;secondarycolor&#8221; align=&#8221;center&#8221; css=&#8221;&#8221; link=&#8221;url:https%3A%2F%2Fimpactup.com%2Frecrutement%2F&#8221;][\/vc_column][vc_column width=&#8221;1\/3&#8243;][vc_btn title=&#8221;Confiez-nous votre projet&#8221; color=&#8221;secondarycolor&#8221; align=&#8221;center&#8221; css=&#8221;&#8221; link=&#8221;url:https%3A%2F%2Fimpactup.com%2Fetude-personnalisee%2F&#8221;][\/vc_column][vc_column width=&#8221;1\/3&#8243;][vc_btn title=&#8221;Contactez-nous&#8221; color=&#8221;secondarycolor&#8221; align=&#8221;center&#8221; css=&#8221;&#8221; link=&#8221;url:https%3A%2F%2Fimpactup.com%2Fcontact%2F&#8221;][\/vc_column][\/vc_row][vc_row css=&#8221;.vc_custom_1717658386032{padding-top: 40px !important;padding-bottom: 20px !important;}&#8221;][vc_column][vc_column_text css=&#8221;&#8221;]<\/p>\n<section style=\"text-align: justify;\">\n<h2>Cabinet de recrutement sp\u00e9cialis\u00e9 dans l\u2019embauche d\u2019un commercial \u00e0 Grenoble (38)<\/h2>\n<p>Les forces de vente constituent un pilier central de la croissance d\u2019une entreprise, car elles permettent \u00e0 la fois de conqu\u00e9rir de nouveaux march\u00e9s et de d\u00e9velopper un portefeuille existant, ce qui se traduit par une augmentation du chiffre d\u2019affaires de la soci\u00e9t\u00e9. Par cons\u00e9quent, l\u2019embauche d\u2019un commercial doit \u00eatre g\u00e9r\u00e9e efficacement afin d\u2019int\u00e9grer un profil talentueux. <strong>ImpactUp<\/strong> est un <a href=\"https:\/\/impactup.com\/glossaire\/chasseur-de-tete-commerciaux-grenoble-38\/\"><strong>cabinet<\/strong> <strong>sp\u00e9cialis\u00e9 dans le<\/strong> <strong>recrutement<\/strong> <strong>de profil commercial \u00e0 Grenoble et dans l\u2019Is\u00e8re<\/strong> <strong>(38)<\/strong><\/a>, qui vous accompagne dans la recherche et l\u2019embauche de commerciaux talentueux.<\/p>\n<\/section>\n<p>[\/vc_column_text][\/vc_column][\/vc_row][vc_row][vc_column width=&#8221;1\/3&#8243;][vc_btn title=&#8221;Voir notre offre&#8221; color=&#8221;secondarycolor&#8221; align=&#8221;center&#8221; css=&#8221;&#8221; link=&#8221;url:https%3A%2F%2Fimpactup.com%2Frecrutement%2F&#8221;][\/vc_column][vc_column width=&#8221;1\/3&#8243;][vc_btn title=&#8221;Confiez-nous votre projet&#8221; color=&#8221;secondarycolor&#8221; align=&#8221;center&#8221; css=&#8221;&#8221; link=&#8221;url:https%3A%2F%2Fimpactup.com%2Fetude-personnalisee%2F&#8221;][\/vc_column][vc_column width=&#8221;1\/3&#8243;][vc_btn title=&#8221;Contactez-nous&#8221; color=&#8221;secondarycolor&#8221; align=&#8221;center&#8221; css=&#8221;&#8221; link=&#8221;url:https%3A%2F%2Fimpactup.com%2Fcontact%2F&#8221;][\/vc_column][\/vc_row][vc_row css=&#8221;.vc_custom_1717658445522{padding-top: 40px !important;}&#8221;][vc_column][vc_column_text css=&#8221;&#8221;]<\/p>\n<section style=\"text-align: justify;\">\n<h2><strong>Pourquoi recourir \u00e0 un cabinet de recrutement pour trouver un commercial ?<\/strong><\/h2>\n<p>Le recrutement d\u2019un commercial prend en moyenne 3 mois et mobilise diff\u00e9rentes ressources et personnes. R\u00e9alis\u00e9 en interne, le processus s\u2019av\u00e8re long, fastidieux et co\u00fbteux. En effet, vos collaborateurs devraient plut\u00f4t se concentrer sur des t\u00e2ches strat\u00e9giques, \u00e0 forte valeur ajout\u00e9e.<\/p>\n<p>En outre, les responsables du recrutement ne disposent pas forc\u00e9ment de l\u2019expertise n\u00e9cessaire pour la recherche de ces profils particuliers.<\/p>\n<p>Sp\u00e9cialis\u00e9 dans les fonctions commerciales et marketing, notre <a href=\"https:\/\/impactup.com\/glossaire\/cabinet-de-developpement-commercial-grenoble-38\/\"><strong>cabinet de recrutement<\/strong><\/a> vous accompagne dans la recherche d\u2019un <a href=\"https:\/\/impactup.com\/glossaire\/cabinet-de-developpement-commercial-grenoble-38\/\"><strong>commercial<\/strong> <strong>de talent sur<\/strong> <strong>Grenoble<\/strong><\/a>. En travaillant avec nous, vous b\u00e9n\u00e9ficiez des avantages d\u2019une collaboration experte :<\/p>\n<ul>\n<li>Une d\u00e9finition claire de vos besoins, qui permet de valoriser votre entreprise aupr\u00e8s des candidats tout en assurant un ciblage pertinent ;<\/li>\n<li>La r\u00e9daction de documents efficaces, qu\u2019il s\u2019agisse de la fiche de poste ou de l\u2019annonce d\u2019offre d\u2019emploi ;<\/li>\n<li>Une s\u00e9lection rigoureuse et non discriminatoire, permettant d\u2019acc\u00e9der rapidement \u00e0 une liste des meilleurs profils ;<\/li>\n<li>La conduite d\u2019entretien par des consultants exp\u00e9riment\u00e9s, disposant \u00e0 la fois de connaissances pointues en ressources humaines et sur les m\u00e9tiers de la vente ;<\/li>\n<li>Le suivi de l\u2019int\u00e9gration du candidat pour \u00e9viter les ruptures de contrat pr\u00e9coces, tr\u00e8s pr\u00e9judiciables aux entreprises ;<\/li>\n<li>Une approche centr\u00e9e sur le client, c\u2019est-\u00e0-dire que tout est mis en \u0153uvre pour vous permettre de trouver la perle rare qui contribuera \u00e0 d\u00e9velopper vos parts de march\u00e9.<\/li>\n<\/ul>\n<h2><strong>ImpactUp, cabinet sp\u00e9cialis\u00e9 dans le recrutement des fonctions commerciales<\/strong><\/h2>\n<p>Notre <a href=\"https:\/\/impactup.com\/glossaire\/cabinet-de-recrutement-commerciaux-grenoble-38\/\"><strong>cabinet de recrutement<\/strong> <strong>sp\u00e9cialiste du profil<\/strong> <strong>commercial<\/strong><\/a> depuis 2005 dispose d\u2019une antenne \u00e0 <a href=\"https:\/\/impactup.com\/glossaire\/cabinet-de-recrutement-commerciaux-grenoble-38\/\"><strong>Grenoble<\/strong><\/a>. Nous pouvons donc aider les entreprises \u00e9tablies dans l\u2019Is\u00e8re (<a href=\"https:\/\/impactup.com\/glossaire\/cabinet-de-recrutement-commerciaux-grenoble-38\/\"><strong>38<\/strong><\/a>) pour constituer ou \u00e9toffer leurs forces de vente.<\/p>\n<p>En travaillant avec <a href=\"https:\/\/impactup.com\"><strong>ImpactUp<\/strong><\/a>, vous allez pouvoir mettre la main sur un commercial talentueux et tous les avantages qui en d\u00e9coulent :<\/p>\n<ul>\n<li>De meilleurs r\u00e9sultats de vente gr\u00e2ce aux performances de votre vendeur ;<\/li>\n<li>Une image positive de votre entreprise, v\u00e9hicul\u00e9e par un commercial enthousiaste ;<\/li>\n<li>Une croissance mesurable d\u00e9coulant des r\u00e9sultats obtenus ;<\/li>\n<li>Des opportunit\u00e9s d\u2019innovations rentables gr\u00e2ce \u00e0 une meilleure \u00e9coute de la client\u00e8le.<\/li>\n<\/ul>\n<p>En effet, notre cabinet est constitu\u00e9 de consultants sp\u00e9cialis\u00e9s dans les m\u00e9tiers de la vente, pour la bonne raison qu\u2019ils sont eux-m\u00eames issus de cet univers. Ils connaissent donc parfaitement les enjeux des fonctions commerciales et marketing, ainsi que les r\u00e9alit\u00e9s actuelles sur le march\u00e9 du travail. Si vous dirigez une PME ou une compagnie souhaitant proc\u00e9der au <strong>recrutement<\/strong> <strong>d\u2019un commercial \u00e0<\/strong> <strong>Grenoble<\/strong>, n\u2019h\u00e9sitez pas \u00e0 vous adresser \u00e0 notre <strong>cabinet<\/strong>.<\/p>\n<\/section>\n<p>[\/vc_column_text][\/vc_column][\/vc_row]<\/p>\n<\/div>","protected":false},"excerpt":{"rendered":"<p>[vc_row][vc_column width=&#8221;1\/3&#8243;][vc_btn title=&#8221;Voir notre offre&#8221; color=&#8221;secondarycolor&#8221; align=&#8221;center&#8221; css=&#8221;&#8221; link=&#8221;url:https%3A%2F%2Fimpactup.com%2Frecrutement%2F&#8221;][\/vc_column][vc_column width=&#8221;1\/3&#8243;][vc_btn title=&#8221;Confiez-nous votre projet&#8221; color=&#8221;secondarycolor&#8221; align=&#8221;center&#8221; css=&#8221;&#8221; link=&#8221;url:https%3A%2F%2Fimpactup.com%2Fetude-personnalisee%2F&#8221;][\/vc_column][vc_column width=&#8221;1\/3&#8243;][vc_btn title=&#8221;Contactez-nous&#8221; color=&#8221;secondarycolor&#8221; align=&#8221;center&#8221; css=&#8221;&#8221; link=&#8221;url:https%3A%2F%2Fimpactup.com%2Fcontact%2F&#8221;][\/vc_column][\/vc_row][vc_row css=&#8221;.vc_custom_1717658386032{padding-top: 40px !important;padding-bottom: 20px !important;}&#8221;][vc_column][vc_column_text css=&#8221;&#8221;] Cabinet de recrutement sp\u00e9cialis\u00e9 dans l\u2019embauche d\u2019un commercial \u00e0 Grenoble (38) Les forces de vente constituent un pilier central de la croissance d\u2019une entreprise, car elles [&hellip;]<\/p>\n","protected":false},"author":4,"featured_media":0,"parent":17218,"menu_order":0,"comment_status":"closed","ping_status":"closed","template":"","meta":{"_monsterinsights_skip_tracking":false,"_monsterinsights_sitenote_active":false,"_monsterinsights_sitenote_note":"","_monsterinsights_sitenote_category":0,"footnotes":""},"class_list":["post-26397","page","type-page","status-publish","hentry"],"yoast_head":"<!-- This site is optimized with the Yoast SEO plugin v27.0 - https:\/\/yoast.com\/product\/yoast-seo-wordpress\/ -->\n<title>Cabinet de recrutement sp\u00e9cialis\u00e9 en profils commerciaux \u00e0 Grenoble (38)<\/title>\n<meta name=\"description\" content=\"Cabinet sp\u00e9cialis\u00e9 dans le recrutement de profil commercial \u00e0 Grenoble, ImpactUp vous accompagne dans le recrutement d\u2019un commercial talentueux dans l\u2019Is\u00e8re (38).\" \/>\n<meta name=\"robots\" content=\"index, follow, max-snippet:-1, max-image-preview:large, max-video-preview:-1\" \/>\n<link rel=\"canonical\" href=\"https:\/\/impactup.com\/en\/glossaire\/cabinet-de-recrutement-commercial-grenoble-38\/\" \/>\n<meta property=\"og:locale\" content=\"en_US\" \/>\n<meta property=\"og:type\" content=\"article\" \/>\n<meta property=\"og:title\" content=\"Cabinet de recrutement sp\u00e9cialis\u00e9 en profils commerciaux \u00e0 Grenoble (38)\" \/>\n<meta property=\"og:description\" content=\"Cabinet sp\u00e9cialis\u00e9 dans le recrutement de profil commercial \u00e0 Grenoble, ImpactUp vous accompagne dans le recrutement d\u2019un commercial talentueux dans l\u2019Is\u00e8re (38).\" \/>\n<meta property=\"og:url\" content=\"https:\/\/impactup.com\/en\/glossaire\/cabinet-de-recrutement-commercial-grenoble-38\/\" \/>\n<meta property=\"og:site_name\" content=\"ImpactUp\" \/>\n<meta property=\"article:modified_time\" content=\"2024-06-11T14:37:30+00:00\" \/>\n<meta property=\"og:image\" content=\"https:\/\/impactup.com\/wp-content\/uploads\/2021\/01\/og.jpg\" \/>\n\t<meta property=\"og:image:width\" content=\"1067\" \/>\n\t<meta property=\"og:image:height\" content=\"600\" \/>\n\t<meta property=\"og:image:type\" content=\"image\/jpeg\" \/>\n<meta name=\"twitter:card\" content=\"summary_large_image\" \/>\n<meta name=\"twitter:label1\" content=\"Est. reading time\" \/>\n\t<meta name=\"twitter:data1\" content=\"3 minutes\" \/>\n<script type=\"application\/ld+json\" class=\"yoast-schema-graph\">{\"@context\":\"https:\/\/schema.org\",\"@graph\":[{\"@type\":\"WebPage\",\"@id\":\"https:\/\/impactup.com\/en\/glossaire\/cabinet-de-recrutement-commercial-grenoble-38\/\",\"url\":\"https:\/\/impactup.com\/en\/glossaire\/cabinet-de-recrutement-commercial-grenoble-38\/\",\"name\":\"Cabinet de recrutement sp\u00e9cialis\u00e9 en profils commerciaux \u00e0 Grenoble (38)\",\"isPartOf\":{\"@id\":\"https:\/\/impactup.com\/en\/#website\"},\"datePublished\":\"2024-06-11T12:50:20+00:00\",\"dateModified\":\"2024-06-11T14:37:30+00:00\",\"description\":\"Cabinet sp\u00e9cialis\u00e9 dans le recrutement de profil commercial \u00e0 Grenoble, ImpactUp vous accompagne dans le recrutement d\u2019un commercial talentueux dans l\u2019Is\u00e8re (38).\",\"breadcrumb\":{\"@id\":\"https:\/\/impactup.com\/en\/glossaire\/cabinet-de-recrutement-commercial-grenoble-38\/#breadcrumb\"},\"inLanguage\":\"en-US\",\"potentialAction\":[{\"@type\":\"ReadAction\",\"target\":[\"https:\/\/impactup.com\/en\/glossaire\/cabinet-de-recrutement-commercial-grenoble-38\/\"]}]},{\"@type\":\"BreadcrumbList\",\"@id\":\"https:\/\/impactup.com\/en\/glossaire\/cabinet-de-recrutement-commercial-grenoble-38\/#breadcrumb\",\"itemListElement\":[{\"@type\":\"ListItem\",\"position\":1,\"name\":\"Accueil\",\"item\":\"https:\/\/impactup.com\/en\/\"},{\"@type\":\"ListItem\",\"position\":2,\"name\":\"Glossaire\",\"item\":\"https:\/\/impactup.com\/en\/glossaire\/\"},{\"@type\":\"ListItem\",\"position\":3,\"name\":\"Cabinet de recrutement sp\u00e9cialis\u00e9 dans l\u2019embauche d\u2019un commercial \u00e0 Grenoble (38)\"}]},{\"@type\":\"WebSite\",\"@id\":\"https:\/\/impactup.com\/en\/#website\",\"url\":\"https:\/\/impactup.com\/en\/\",\"name\":\"ImpactUp\",\"description\":\"Recrutement commerciaux, directions commerciales et fonctions marketing\",\"potentialAction\":[{\"@type\":\"SearchAction\",\"target\":{\"@type\":\"EntryPoint\",\"urlTemplate\":\"https:\/\/impactup.com\/en\/?s={search_term_string}\"},\"query-input\":{\"@type\":\"PropertyValueSpecification\",\"valueRequired\":true,\"valueName\":\"search_term_string\"}}],\"inLanguage\":\"en-US\"}]}<\/script>\n<!-- \/ Yoast SEO plugin. -->","yoast_head_json":{"title":"Cabinet de recrutement sp\u00e9cialis\u00e9 en profils commerciaux \u00e0 Grenoble (38)","description":"Cabinet sp\u00e9cialis\u00e9 dans le recrutement de profil commercial \u00e0 Grenoble, ImpactUp vous accompagne dans le recrutement d\u2019un commercial talentueux dans l\u2019Is\u00e8re (38).","robots":{"index":"index","follow":"follow","max-snippet":"max-snippet:-1","max-image-preview":"max-image-preview:large","max-video-preview":"max-video-preview:-1"},"canonical":"https:\/\/impactup.com\/en\/glossaire\/cabinet-de-recrutement-commercial-grenoble-38\/","og_locale":"en_US","og_type":"article","og_title":"Cabinet de recrutement sp\u00e9cialis\u00e9 en profils commerciaux \u00e0 Grenoble (38)","og_description":"Cabinet sp\u00e9cialis\u00e9 dans le recrutement de profil commercial \u00e0 Grenoble, ImpactUp vous accompagne dans le recrutement d\u2019un commercial talentueux dans l\u2019Is\u00e8re (38).","og_url":"https:\/\/impactup.com\/en\/glossaire\/cabinet-de-recrutement-commercial-grenoble-38\/","og_site_name":"ImpactUp","article_modified_time":"2024-06-11T14:37:30+00:00","og_image":[{"width":1067,"height":600,"url":"https:\/\/impactup.com\/wp-content\/uploads\/2021\/01\/og.jpg","type":"image\/jpeg"}],"twitter_card":"summary_large_image","twitter_misc":{"Est. reading time":"3 minutes"},"schema":{"@context":"https:\/\/schema.org","@graph":[{"@type":"WebPage","@id":"https:\/\/impactup.com\/en\/glossaire\/cabinet-de-recrutement-commercial-grenoble-38\/","url":"https:\/\/impactup.com\/en\/glossaire\/cabinet-de-recrutement-commercial-grenoble-38\/","name":"Cabinet de recrutement sp\u00e9cialis\u00e9 en profils commerciaux \u00e0 Grenoble (38)","isPartOf":{"@id":"https:\/\/impactup.com\/en\/#website"},"datePublished":"2024-06-11T12:50:20+00:00","dateModified":"2024-06-11T14:37:30+00:00","description":"Cabinet sp\u00e9cialis\u00e9 dans le recrutement de profil commercial \u00e0 Grenoble, ImpactUp vous accompagne dans le recrutement d\u2019un commercial talentueux dans l\u2019Is\u00e8re (38).","breadcrumb":{"@id":"https:\/\/impactup.com\/en\/glossaire\/cabinet-de-recrutement-commercial-grenoble-38\/#breadcrumb"},"inLanguage":"en-US","potentialAction":[{"@type":"ReadAction","target":["https:\/\/impactup.com\/en\/glossaire\/cabinet-de-recrutement-commercial-grenoble-38\/"]}]},{"@type":"BreadcrumbList","@id":"https:\/\/impactup.com\/en\/glossaire\/cabinet-de-recrutement-commercial-grenoble-38\/#breadcrumb","itemListElement":[{"@type":"ListItem","position":1,"name":"Accueil","item":"https:\/\/impactup.com\/en\/"},{"@type":"ListItem","position":2,"name":"Glossaire","item":"https:\/\/impactup.com\/en\/glossaire\/"},{"@type":"ListItem","position":3,"name":"Cabinet de recrutement sp\u00e9cialis\u00e9 dans l\u2019embauche d\u2019un commercial \u00e0 Grenoble (38)"}]},{"@type":"WebSite","@id":"https:\/\/impactup.com\/en\/#website","url":"https:\/\/impactup.com\/en\/","name":"ImpactUp","description":"Recrutement commerciaux, directions commerciales et fonctions marketing","potentialAction":[{"@type":"SearchAction","target":{"@type":"EntryPoint","urlTemplate":"https:\/\/impactup.com\/en\/?s={search_term_string}"},"query-input":{"@type":"PropertyValueSpecification","valueRequired":true,"valueName":"search_term_string"}}],"inLanguage":"en-US"}]}},"_links":{"self":[{"href":"https:\/\/impactup.com\/en\/wp-json\/wp\/v2\/pages\/26397","targetHints":{"allow":["GET"]}}],"collection":[{"href":"https:\/\/impactup.com\/en\/wp-json\/wp\/v2\/pages"}],"about":[{"href":"https:\/\/impactup.com\/en\/wp-json\/wp\/v2\/types\/page"}],"author":[{"embeddable":true,"href":"https:\/\/impactup.com\/en\/wp-json\/wp\/v2\/users\/4"}],"replies":[{"embeddable":true,"href":"https:\/\/impactup.com\/en\/wp-json\/wp\/v2\/comments?post=26397"}],"version-history":[{"count":2,"href":"https:\/\/impactup.com\/en\/wp-json\/wp\/v2\/pages\/26397\/revisions"}],"predecessor-version":[{"id":26445,"href":"https:\/\/impactup.com\/en\/wp-json\/wp\/v2\/pages\/26397\/revisions\/26445"}],"up":[{"embeddable":true,"href":"https:\/\/impactup.com\/en\/wp-json\/wp\/v2\/pages\/17218"}],"wp:attachment":[{"href":"https:\/\/impactup.com\/en\/wp-json\/wp\/v2\/media?parent=26397"}],"curies":[{"name":"wp","href":"https:\/\/api.w.org\/{rel}","templated":true}]}}