{"id":26334,"date":"2024-06-11T10:47:05","date_gmt":"2024-06-11T08:47:05","guid":{"rendered":"https:\/\/impactup.niou.dev\/?page_id=26334"},"modified":"2024-06-13T11:48:07","modified_gmt":"2024-06-13T09:48:07","slug":"cabinet-de-recrutement-ingenieur-commercial","status":"publish","type":"page","link":"https:\/\/impactup.com\/en\/glossaire\/cabinet-de-recrutement-ingenieur-commercial\/","title":{"rendered":"Recrutement ing\u00e9nieur commercial avec le cabinet ImpactUp"},"content":{"rendered":"<div class=\"wpb-content-wrapper\"><p>[vc_row][vc_column width=&#8221;1\/3&#8243;][vc_btn title=&#8221;Voir notre offre&#8221; color=&#8221;secondarycolor&#8221; align=&#8221;center&#8221; css=&#8221;&#8221; link=&#8221;url:https%3A%2F%2Fimpactup.com%2Frecrutement%2F&#8221;][\/vc_column][vc_column width=&#8221;1\/3&#8243;][vc_btn title=&#8221;Confiez-nous votre projet&#8221; color=&#8221;secondarycolor&#8221; align=&#8221;center&#8221; css=&#8221;&#8221; link=&#8221;url:https%3A%2F%2Fimpactup.com%2Fetude-personnalisee%2F&#8221;][\/vc_column][vc_column width=&#8221;1\/3&#8243;][vc_btn title=&#8221;Contactez-nous&#8221; color=&#8221;secondarycolor&#8221; align=&#8221;center&#8221; css=&#8221;&#8221; link=&#8221;url:https%3A%2F%2Fimpactup.com%2Fcontact%2F&#8221;][\/vc_column][\/vc_row][vc_row css=&#8221;.vc_custom_1717658386032{padding-top: 40px !important;padding-bottom: 20px !important;}&#8221;][vc_column][vc_column_text css=&#8221;&#8221;]<\/p>\n<section style=\"text-align: justify;\">\n<h2><strong>Recrutement ing\u00e9nieur commercial avec le cabinet ImpactUp<\/strong><\/h2>\n<p>Aller au contact direct du client, comprendre ses besoins, faire des propositions commerciales\u2026 L\u2019ing\u00e9nieur commercial apporte son expertise en n\u00e9gociation commerciale et conseils techniques au service de l\u2019entreprise. Recruter ce type de profil peut parfois s\u2019av\u00e9rer complexe,\u00a0en raison principalement de la forte demande des employeurs.\u00a0La solution\u00a0pour trouver un <a href=\"https:\/\/impactup.com\/glossaire\/cabinet-de-recrutement-ing%C3%A9nieur-commercial-b-b\"><strong>ing\u00e9nieur commercial ? Faire appel \u00e0 un<\/strong> <strong>cabinet de recrutement<\/strong><\/a> sp\u00e9cialiste des fonctions commerciales comme qu\u2019<strong>ImpactUp<\/strong>.<\/p>\n<\/section>\n<p>[\/vc_column_text][\/vc_column][\/vc_row][vc_row][vc_column width=&#8221;1\/3&#8243;][vc_btn title=&#8221;Voir notre offre&#8221; color=&#8221;secondarycolor&#8221; align=&#8221;center&#8221; css=&#8221;&#8221; link=&#8221;url:https%3A%2F%2Fimpactup.com%2Frecrutement%2F&#8221;][\/vc_column][vc_column width=&#8221;1\/3&#8243;][vc_btn title=&#8221;Confiez-nous votre projet&#8221; color=&#8221;secondarycolor&#8221; align=&#8221;center&#8221; css=&#8221;&#8221; link=&#8221;url:https%3A%2F%2Fimpactup.com%2Fetude-personnalisee%2F&#8221;][\/vc_column][vc_column width=&#8221;1\/3&#8243;][vc_btn title=&#8221;Contactez-nous&#8221; color=&#8221;secondarycolor&#8221; align=&#8221;center&#8221; css=&#8221;&#8221; link=&#8221;url:https%3A%2F%2Fimpactup.com%2Fcontact%2F&#8221;][\/vc_column][\/vc_row][vc_row css=&#8221;.vc_custom_1717658445522{padding-top: 40px !important;}&#8221;][vc_column][vc_column_text css=&#8221;&#8221;]<\/p>\n<section style=\"text-align: justify;\">\n<h2><strong>Les r\u00f4les et missions d\u2019un ing\u00e9nieur commercial en entreprise<\/strong><\/h2>\n<p>L\u2019ing\u00e9nieur commercial travaille le plus souvent pour une entreprise de production et\/ou d\u2019installation de biens et d\u2019\u00e9quipements \u00e0 usage industriel. Il est surtout sp\u00e9cialis\u00e9 dans les <strong>services B to B<\/strong>. Bien que ses missions s\u2019apparentent de tr\u00e8s pr\u00e8s \u00e0 celles de l\u2019agent et de l\u2019attach\u00e9 commercial qui consistent en la prospection et la fid\u00e9lisation de clients ainsi qu\u2019en l\u2019optimisation des chiffres de vente. La diff\u00e9rence essentielle se trouve toutefois dans le fait que les t\u00e2ches de l\u2019ing\u00e9nieur commercial sont beaucoup plus techniques, puisque le processus de vente devient alors ins\u00e9parable des prestations de conseils et recommandations diverses se rapportant \u00e0 l\u2019aspect technique et technologique des produits et biens qu\u2019il propose.<\/p>\n<p>Il faut savoir que la fonction d\u2019ing\u00e9nieur commercial comporte un volet technique et un volet commercial. Ce n\u2019est d\u2019ailleurs pas un hasard si ce professionnel intervient principalement pour le compte d\u2019un secteur d\u2019activit\u00e9 ou d\u2019un march\u00e9 pr\u00e9cis. C\u2019est ainsi que l\u2019on retrouve fr\u00e9quemment dans les entreprises de haute technologie telles que les \u00e9diteurs de logiciels ou les Soci\u00e9t\u00e9 de services et d&#8217;ing\u00e9nierie en informatique (SSII). Si la mission principale de l\u2019ing\u00e9nieur commercial consiste \u00e0 d\u00e9velopper le chiffre d\u2019affaires de son entreprise, dans la pratique, il est amen\u00e9 \u00e0 faire de la prospection commerciale, d\u00e9tecter les projets, rencontrer le client, analyser ses probl\u00e9matiques et proposer les solutions ad\u00e9quates. L\u2019exercice du m\u00e9tier exige des qualifications techniques av\u00e9r\u00e9es compl\u00e9t\u00e9es par une exp\u00e9rience commerciale sur terrain. Car il ne s\u2019agit pas simplement de vendre un produit\u00a0: il faut \u00eatre capable d\u2019expliquer dans les d\u00e9tails ses caract\u00e9ristiques, savoir mettre en avant ses atouts dans le contexte du client.<\/p>\n<p>Compte tenu de la complexit\u00e9 de ses travaux et des responsabilit\u00e9s qui lui reviennent, il est plus que recommand\u00e9 de confier le <a href=\"https:\/\/impactup.com\/glossaire\/cabinet-de-recrutement-fonction-commerciale\"><strong>recrutement de<\/strong> <strong>votre<\/strong> <strong>ing\u00e9nieur commercial<\/strong><\/a> \u00e0 un cabinet professionnel ou \u00e0 une agence de chasseurs de t\u00eate. En effet, son profil va au-del\u00e0 des classiques qualifications et laisse une bonne place \u00e0 l\u2019exp\u00e9rience et aux aptitudes personnelles. Trouver le bon candidat demande donc du temps et une analyse approfondie du parcours professionnel. Une connaissance \u00e9lev\u00e9e du produit et du march\u00e9 reste aussi indispensable<\/p>\n<h2><strong>Recourir \u00e0 un cabinet de recrutement\u00a0: les avantages<\/strong><\/h2>\n<p>Proc\u00e9der au <strong>recrutement<\/strong> <strong>d\u2019un ing\u00e9nieur commercial sans l\u2019aide d\u2019un<\/strong> <strong>cabinet<\/strong> sp\u00e9cialis\u00e9 est assez risqu\u00e9. En effet, l\u2019embauche d\u2019un cadre dont l\u2019efficacit\u00e9 et les comp\u00e9tences peuvent \u00eatre cruciales pour la sant\u00e9 financi\u00e8re de votre entreprise ne doit pas se faire \u00e0 la l\u00e9g\u00e8re. Des enjeux aussi importants requi\u00e8rent donc que l\u2019on confie cette t\u00e2che \u00e0 des experts sp\u00e9cialis\u00e9s.<\/p>\n<p>En vous adressant \u00e0 une agence bien rod\u00e9e dans ce domaine, vous b\u00e9n\u00e9ficierez du savoir-faire de recruteurs aguerris, mais \u00e9galement d\u2019une \u00e9quipe de chasseurs de t\u00eates confirm\u00e9s qui mettront tout en \u0153uvre pour vous fournir le collaborateur parfait.<\/p>\n<p>D\u00e9nicher des candidats de valeur reste une condition sine qua non pour la r\u00e9ussite de toute organisation. \u00c0 aucun moment, aucune \u00e9tape du recrutement, depuis la publication des annonces jusqu\u2019\u00e0 la signature du contrat de travail, ne doit \u00eatre n\u00e9glig\u00e9e. Un cabinet sp\u00e9cialis\u00e9 vous d\u00e9gage des d\u00e9marches fastidieuses relatives au recrutement et vous laisse par ailleurs le temps de vous consacrer \u00e0 votre activit\u00e9<\/p>\n<p>Outre les avantages pratiques, une optimisation des co\u00fbts est \u00e9galement un int\u00e9r\u00eat de cette solution. Vous payez ponctuellement et uniquement quand le service vous est n\u00e9cessaire, ce qui est plus rentable que de prendre en charge en permanence des \u00e9quipes en interne.<\/p>\n<p>ImpactUP compte de nombreuses entreprises fran\u00e7aises et \u00e9trang\u00e8res parmi ses clients. De plus, notre cabinet fait profiter les candidats de conseils d\u2019experts pour les aider \u00e0 trouver un poste adapt\u00e9 \u00e0 leurs comp\u00e9tences et \u00e0 leurs exp\u00e9riences.<\/p>\n<h2><strong>Les prestations propos\u00e9es par un cabinet sp\u00e9cialis\u00e9 en recrutement<\/strong><\/h2>\n<p>Les attributions d\u2019un cabinet de recrutement concernent la publication des offres d\u2019emploi, l\u2019analyse et l\u2019\u00e9tude des CV, mais surtout l\u2019entretien des candidats retenus pour le poste. Il prend donc en charge la majeure partie du processus de recrutement en amont, vous d\u00e9chargeant de toutes les t\u00e2ches fastidieuses pour vous concentrer sur la d\u00e9cision finale. Il dispose d\u2019une expertise \u00e9prouv\u00e9e dans ces domaines. Ses exp\u00e9riences seront un v\u00e9ritable atout pour r\u00e9ussir chacune de ces \u00e9tapes.<\/p>\n<p>En outre, le cabinet fonctionne en cherchant des candidatures dans les bases de donn\u00e9es qui restent un outil incontournable dans la d\u00e9marche d\u2019embauche. En ayant acc\u00e8s \u00e0 un grand nombre de dossiers, le <strong>cabinet de recrutement<\/strong> pourra d\u00e9nicher plus facilement le profil (cadre, <strong>ing\u00e9nieur commercial<\/strong>, etc.) en ad\u00e9quation avec vos exigences et vos besoins.<\/p>\n<p>Un cabinet chasseur de t\u00eates vous permettra d\u2019\u00e9conomiser du temps. En un rien de temps, vous pourrez disposer d\u2019un personnel performant. Vous profiterez \u00e9galement de l\u2019expertise de chasseurs de t\u00eates exp\u00e9riment\u00e9s dans le choix des meilleurs candidats. Certaines agences pourront aussi vous aider dans la d\u00e9finition de votre strat\u00e9gie marketing ou commerciale.<\/p>\n<h2><strong>ImpactUp, une d\u00e9marche divis\u00e9e en 7 \u00e9tapes<\/strong><\/h2>\n<p>Au fil des ann\u00e9es, <a href=\"https:\/\/impactup.com\"><strong>ImpactUp<\/strong><\/a> a peaufin\u00e9 son approche pour garantir son efficacit\u00e9 et, ainsi, optimiser les r\u00e9sultats. C\u2019est \u00e0 la suite de m\u00e9ticuleuses observations que l\u2019\u00e9quipe ImpactUp a pu fignoler ses m\u00e9thodes, en l\u2019occurrence, le processus de recrutement \u00e0 7 \u00e9tapes. Pour faire court, c\u2019est notre ligne directrice pour chaque projet d\u2019embauche.<\/p>\n<p>1 \u2014 D\u00e9finition des besoins\u00a0: d\u00e9termination du profil recherch\u00e9 et des diverses conditions du recrutement<br \/>\n2 \u2014 R\u00e9daction des documents: \u00e9laboration de l\u2019offre d\u2019emploi et de la description du poste \u00e0 pourvoir<br \/>\n3 \u2014 Recherche\u00a0: diffusion de l\u2019annonce sur diverses plateformes, approche directe (chasse de t\u00eate) si besoin<br \/>\n4 \u2014 Pr\u00e9-s\u00e9lection\u00a0: s\u00e9lection de CV et entretien par t\u00e9l\u00e9phone<br \/>\n5 \u2014 S\u00e9lection\u00a0: entretien physique et tests avec nos sp\u00e9cialistes<br \/>\n6 \u2014 Shortlist\u00a0: pr\u00e9sentation au client d\u2019une liste succincte des meilleurs profils.<br \/>\n7 \u2014 Suivi du candidat\u00a0: signature du contrat et suivi de l\u2019int\u00e9gration de l\u2019agent<\/p>\n<h2><strong>ImpactUP, un cabinet de recrutement de confiance<\/strong><\/h2>\n<p>InpactUp est un <a href=\"https:\/\/impactup.com\/glossaire\/recrutement-commercial\"><strong>cabinet de recrutement sp\u00e9cialis\u00e9 dans la recherche de profils commerciaux (ing\u00e9nieurs<\/strong><\/a> agents technico-commerciaux, etc.) et marketing. Nous nous tenons \u00e0 votre disposition pour vous aider dans toutes les \u00e9tapes de votre projet d\u2019embauche. Nous nous d\u00e9marquons par une politique de recrutement largement \u00e9prouv\u00e9e et nous faisons preuve d\u2019une grande int\u00e9grit\u00e9 dans la s\u00e9lection des candidatures. Nous n\u2019aurons besoin que de quelques semaines pour trouver le candidat id\u00e9al tout en prenant en compte de vos crit\u00e8res de recherche.<\/p>\n<p><strong>ImpactUP<\/strong> d\u00e9ploie des solutions v\u00e9ritablement personnalis\u00e9es pour placer le candidat id\u00e9al, conform\u00e9ment aux exigences du recruteur :<\/p>\n<ul>\n<li>un service en ligne SaaS d&#8217;\u00e9valuation qui permet de jauger les bases d\u2019les comp\u00e9tences dans une langue \u00e9trang\u00e8re et ainsi de renforcer ses capacit\u00e9s en langues \u00e9trang\u00e8res propos\u00e9 en collaboration avec Pipplet ;<\/li>\n<li>une plateforme d\u2019\u00e9valuation qui repose sur 4 types d\u2019outils : TalentBusiness\u00ae, TalentInitial\u00ae, TalentRelation\u00ae et TalentAttitude\u00ae.<\/li>\n<\/ul>\n<p>Notre cabinet dispose de bureaux \u00e0 Paris et dans diff\u00e9rentes villes de France, ce qui nous donne la possibilit\u00e9 d\u2019intervenir sur l\u2019ensemble du territoire. Nous proposons \u00e9galement des services de conseils et d\u2019accompagnement pour vous aider \u00e0 optimiser votre gestion RH sur le volet commercial et marketing.<\/p>\n<\/section>\n<p>[\/vc_column_text][\/vc_column][\/vc_row]<\/p>\n<\/div>","protected":false},"excerpt":{"rendered":"<p>[vc_row][vc_column width=&#8221;1\/3&#8243;][vc_btn title=&#8221;Voir notre offre&#8221; color=&#8221;secondarycolor&#8221; align=&#8221;center&#8221; css=&#8221;&#8221; link=&#8221;url:https%3A%2F%2Fimpactup.com%2Frecrutement%2F&#8221;][\/vc_column][vc_column width=&#8221;1\/3&#8243;][vc_btn title=&#8221;Confiez-nous votre projet&#8221; color=&#8221;secondarycolor&#8221; align=&#8221;center&#8221; css=&#8221;&#8221; link=&#8221;url:https%3A%2F%2Fimpactup.com%2Fetude-personnalisee%2F&#8221;][\/vc_column][vc_column width=&#8221;1\/3&#8243;][vc_btn title=&#8221;Contactez-nous&#8221; color=&#8221;secondarycolor&#8221; align=&#8221;center&#8221; css=&#8221;&#8221; link=&#8221;url:https%3A%2F%2Fimpactup.com%2Fcontact%2F&#8221;][\/vc_column][\/vc_row][vc_row css=&#8221;.vc_custom_1717658386032{padding-top: 40px !important;padding-bottom: 20px !important;}&#8221;][vc_column][vc_column_text css=&#8221;&#8221;] Recrutement ing\u00e9nieur commercial avec le cabinet ImpactUp Aller au contact direct du client, comprendre ses besoins, faire des propositions commerciales\u2026 L\u2019ing\u00e9nieur commercial apporte son expertise en [&hellip;]<\/p>\n","protected":false},"author":4,"featured_media":0,"parent":17218,"menu_order":0,"comment_status":"closed","ping_status":"closed","template":"","meta":{"_monsterinsights_skip_tracking":false,"_monsterinsights_sitenote_active":false,"_monsterinsights_sitenote_note":"","_monsterinsights_sitenote_category":0,"footnotes":""},"class_list":["post-26334","page","type-page","status-publish","hentry"],"yoast_head":"<!-- This site is optimized with the Yoast SEO plugin v27.0 - https:\/\/yoast.com\/product\/yoast-seo-wordpress\/ -->\n<title>Cabinet de recrutement ing\u00e9nieur commercial<\/title>\n<meta name=\"description\" content=\"Trouver cabinet de recrutement d\u2019ing\u00e9nieur commercial. Confiez le recrutement de votre ing\u00e9nieur commercial \u00e0 un cabinet sp\u00e9cialis\u00e9.\" \/>\n<meta name=\"robots\" content=\"index, follow, max-snippet:-1, max-image-preview:large, max-video-preview:-1\" \/>\n<link rel=\"canonical\" href=\"https:\/\/impactup.com\/en\/glossaire\/cabinet-de-recrutement-ingenieur-commercial\/\" \/>\n<meta property=\"og:locale\" content=\"en_US\" \/>\n<meta property=\"og:type\" content=\"article\" \/>\n<meta property=\"og:title\" content=\"Cabinet de recrutement ing\u00e9nieur commercial\" \/>\n<meta property=\"og:description\" content=\"Trouver cabinet de recrutement d\u2019ing\u00e9nieur commercial. Confiez le recrutement de votre ing\u00e9nieur commercial \u00e0 un cabinet sp\u00e9cialis\u00e9.\" \/>\n<meta property=\"og:url\" content=\"https:\/\/impactup.com\/en\/glossaire\/cabinet-de-recrutement-ingenieur-commercial\/\" \/>\n<meta property=\"og:site_name\" content=\"ImpactUp\" \/>\n<meta property=\"article:modified_time\" content=\"2024-06-13T09:48:07+00:00\" \/>\n<meta property=\"og:image\" content=\"https:\/\/impactup.com\/wp-content\/uploads\/2021\/01\/og.jpg\" \/>\n\t<meta property=\"og:image:width\" content=\"1067\" \/>\n\t<meta property=\"og:image:height\" content=\"600\" \/>\n\t<meta property=\"og:image:type\" content=\"image\/jpeg\" \/>\n<meta name=\"twitter:card\" content=\"summary_large_image\" \/>\n<meta name=\"twitter:label1\" content=\"Est. reading time\" \/>\n\t<meta name=\"twitter:data1\" content=\"7 minutes\" \/>\n<script type=\"application\/ld+json\" class=\"yoast-schema-graph\">{\"@context\":\"https:\/\/schema.org\",\"@graph\":[{\"@type\":\"WebPage\",\"@id\":\"https:\/\/impactup.com\/en\/glossaire\/cabinet-de-recrutement-ingenieur-commercial\/\",\"url\":\"https:\/\/impactup.com\/en\/glossaire\/cabinet-de-recrutement-ingenieur-commercial\/\",\"name\":\"Cabinet de recrutement ing\u00e9nieur commercial\",\"isPartOf\":{\"@id\":\"https:\/\/impactup.com\/en\/#website\"},\"datePublished\":\"2024-06-11T08:47:05+00:00\",\"dateModified\":\"2024-06-13T09:48:07+00:00\",\"description\":\"Trouver cabinet de recrutement d\u2019ing\u00e9nieur commercial. Confiez le recrutement de votre ing\u00e9nieur commercial \u00e0 un cabinet sp\u00e9cialis\u00e9.\",\"breadcrumb\":{\"@id\":\"https:\/\/impactup.com\/en\/glossaire\/cabinet-de-recrutement-ingenieur-commercial\/#breadcrumb\"},\"inLanguage\":\"en-US\",\"potentialAction\":[{\"@type\":\"ReadAction\",\"target\":[\"https:\/\/impactup.com\/en\/glossaire\/cabinet-de-recrutement-ingenieur-commercial\/\"]}]},{\"@type\":\"BreadcrumbList\",\"@id\":\"https:\/\/impactup.com\/en\/glossaire\/cabinet-de-recrutement-ingenieur-commercial\/#breadcrumb\",\"itemListElement\":[{\"@type\":\"ListItem\",\"position\":1,\"name\":\"Accueil\",\"item\":\"https:\/\/impactup.com\/en\/\"},{\"@type\":\"ListItem\",\"position\":2,\"name\":\"Glossaire\",\"item\":\"https:\/\/impactup.com\/en\/glossaire\/\"},{\"@type\":\"ListItem\",\"position\":3,\"name\":\"Recrutement ing\u00e9nieur commercial avec le cabinet ImpactUp\"}]},{\"@type\":\"WebSite\",\"@id\":\"https:\/\/impactup.com\/en\/#website\",\"url\":\"https:\/\/impactup.com\/en\/\",\"name\":\"ImpactUp\",\"description\":\"Recrutement commerciaux, directions commerciales et fonctions marketing\",\"potentialAction\":[{\"@type\":\"SearchAction\",\"target\":{\"@type\":\"EntryPoint\",\"urlTemplate\":\"https:\/\/impactup.com\/en\/?s={search_term_string}\"},\"query-input\":{\"@type\":\"PropertyValueSpecification\",\"valueRequired\":true,\"valueName\":\"search_term_string\"}}],\"inLanguage\":\"en-US\"}]}<\/script>\n<!-- \/ Yoast SEO plugin. -->","yoast_head_json":{"title":"Cabinet de recrutement ing\u00e9nieur commercial","description":"Trouver cabinet de recrutement d\u2019ing\u00e9nieur commercial. Confiez le recrutement de votre ing\u00e9nieur commercial \u00e0 un cabinet sp\u00e9cialis\u00e9.","robots":{"index":"index","follow":"follow","max-snippet":"max-snippet:-1","max-image-preview":"max-image-preview:large","max-video-preview":"max-video-preview:-1"},"canonical":"https:\/\/impactup.com\/en\/glossaire\/cabinet-de-recrutement-ingenieur-commercial\/","og_locale":"en_US","og_type":"article","og_title":"Cabinet de recrutement ing\u00e9nieur commercial","og_description":"Trouver cabinet de recrutement d\u2019ing\u00e9nieur commercial. Confiez le recrutement de votre ing\u00e9nieur commercial \u00e0 un cabinet sp\u00e9cialis\u00e9.","og_url":"https:\/\/impactup.com\/en\/glossaire\/cabinet-de-recrutement-ingenieur-commercial\/","og_site_name":"ImpactUp","article_modified_time":"2024-06-13T09:48:07+00:00","og_image":[{"width":1067,"height":600,"url":"https:\/\/impactup.com\/wp-content\/uploads\/2021\/01\/og.jpg","type":"image\/jpeg"}],"twitter_card":"summary_large_image","twitter_misc":{"Est. reading time":"7 minutes"},"schema":{"@context":"https:\/\/schema.org","@graph":[{"@type":"WebPage","@id":"https:\/\/impactup.com\/en\/glossaire\/cabinet-de-recrutement-ingenieur-commercial\/","url":"https:\/\/impactup.com\/en\/glossaire\/cabinet-de-recrutement-ingenieur-commercial\/","name":"Cabinet de recrutement ing\u00e9nieur commercial","isPartOf":{"@id":"https:\/\/impactup.com\/en\/#website"},"datePublished":"2024-06-11T08:47:05+00:00","dateModified":"2024-06-13T09:48:07+00:00","description":"Trouver cabinet de recrutement d\u2019ing\u00e9nieur commercial. Confiez le recrutement de votre ing\u00e9nieur commercial \u00e0 un cabinet sp\u00e9cialis\u00e9.","breadcrumb":{"@id":"https:\/\/impactup.com\/en\/glossaire\/cabinet-de-recrutement-ingenieur-commercial\/#breadcrumb"},"inLanguage":"en-US","potentialAction":[{"@type":"ReadAction","target":["https:\/\/impactup.com\/en\/glossaire\/cabinet-de-recrutement-ingenieur-commercial\/"]}]},{"@type":"BreadcrumbList","@id":"https:\/\/impactup.com\/en\/glossaire\/cabinet-de-recrutement-ingenieur-commercial\/#breadcrumb","itemListElement":[{"@type":"ListItem","position":1,"name":"Accueil","item":"https:\/\/impactup.com\/en\/"},{"@type":"ListItem","position":2,"name":"Glossaire","item":"https:\/\/impactup.com\/en\/glossaire\/"},{"@type":"ListItem","position":3,"name":"Recrutement ing\u00e9nieur commercial avec le cabinet ImpactUp"}]},{"@type":"WebSite","@id":"https:\/\/impactup.com\/en\/#website","url":"https:\/\/impactup.com\/en\/","name":"ImpactUp","description":"Recrutement commerciaux, directions commerciales et fonctions marketing","potentialAction":[{"@type":"SearchAction","target":{"@type":"EntryPoint","urlTemplate":"https:\/\/impactup.com\/en\/?s={search_term_string}"},"query-input":{"@type":"PropertyValueSpecification","valueRequired":true,"valueName":"search_term_string"}}],"inLanguage":"en-US"}]}},"_links":{"self":[{"href":"https:\/\/impactup.com\/en\/wp-json\/wp\/v2\/pages\/26334","targetHints":{"allow":["GET"]}}],"collection":[{"href":"https:\/\/impactup.com\/en\/wp-json\/wp\/v2\/pages"}],"about":[{"href":"https:\/\/impactup.com\/en\/wp-json\/wp\/v2\/types\/page"}],"author":[{"embeddable":true,"href":"https:\/\/impactup.com\/en\/wp-json\/wp\/v2\/users\/4"}],"replies":[{"embeddable":true,"href":"https:\/\/impactup.com\/en\/wp-json\/wp\/v2\/comments?post=26334"}],"version-history":[{"count":3,"href":"https:\/\/impactup.com\/en\/wp-json\/wp\/v2\/pages\/26334\/revisions"}],"predecessor-version":[{"id":26475,"href":"https:\/\/impactup.com\/en\/wp-json\/wp\/v2\/pages\/26334\/revisions\/26475"}],"up":[{"embeddable":true,"href":"https:\/\/impactup.com\/en\/wp-json\/wp\/v2\/pages\/17218"}],"wp:attachment":[{"href":"https:\/\/impactup.com\/en\/wp-json\/wp\/v2\/media?parent=26334"}],"curies":[{"name":"wp","href":"https:\/\/api.w.org\/{rel}","templated":true}]}}