{"id":26328,"date":"2024-06-11T09:53:10","date_gmt":"2024-06-11T07:53:10","guid":{"rendered":"https:\/\/impactup.niou.dev\/?page_id=26328"},"modified":"2024-06-12T10:54:08","modified_gmt":"2024-06-12T08:54:08","slug":"cabinet-de-recrutement-beaute-paris","status":"publish","type":"page","link":"https:\/\/impactup.com\/en\/glossaire\/cabinet-de-recrutement-beaute-paris\/","title":{"rendered":"\u00c0 la recherche d\u2019un cabinet de recrutement d\u00e9di\u00e9 \u00e0 l\u2019industrie de la beaut\u00e9 \u00e0 Paris ?"},"content":{"rendered":"<div class=\"wpb-content-wrapper\"><p>[vc_row][vc_column width=&#8221;1\/3&#8243;][vc_btn title=&#8221;Voir notre offre&#8221; color=&#8221;secondarycolor&#8221; align=&#8221;center&#8221; css=&#8221;&#8221; link=&#8221;url:https%3A%2F%2Fimpactup.com%2Frecrutement%2F&#8221;][\/vc_column][vc_column width=&#8221;1\/3&#8243;][vc_btn title=&#8221;Confiez-nous votre projet&#8221; color=&#8221;secondarycolor&#8221; align=&#8221;center&#8221; css=&#8221;&#8221; link=&#8221;url:https%3A%2F%2Fimpactup.com%2Fetude-personnalisee%2F&#8221;][\/vc_column][vc_column width=&#8221;1\/3&#8243;][vc_btn title=&#8221;Contactez-nous&#8221; color=&#8221;secondarycolor&#8221; align=&#8221;center&#8221; css=&#8221;&#8221; link=&#8221;url:https%3A%2F%2Fimpactup.com%2Fcontact%2F&#8221;][\/vc_column][\/vc_row][vc_row css=&#8221;.vc_custom_1717658386032{padding-top: 40px !important;padding-bottom: 20px !important;}&#8221;][vc_column][vc_column_text css=&#8221;&#8221;]<\/p>\n<section style=\"text-align: justify;\">\n<h2><strong>\u00c0 la recherche d\u2019un cabinet de recrutement d\u00e9di\u00e9 \u00e0 l\u2019industrie de la beaut\u00e9 \u00e0 Paris\u00a0?<\/strong><\/h2>\n<p>Trouver des profils qualifi\u00e9s dans le domaine de la mode et du cosm\u00e9tique peut s\u2019av\u00e9rer difficile. En effet, travailler dans l\u2019<a href=\"https:\/\/impactup.com\/glossaire\/cabinet-chasse-de-t%C3%AAte-beaut%C3%A9-paris\"><strong>univers de la beaut\u00e9<\/strong><\/a> exige des comp\u00e9tences et des qualit\u00e9s sp\u00e9cifiques d\u2019o\u00f9 l\u2019int\u00e9r\u00eat de recourir \u00e0 un <a href=\"https:\/\/impactup.com\/glossaire\/cabinet-chasse-de-t%C3%AAte-beaut%C3%A9-paris\"><strong>cabinet de recrutement \u00e0 Paris<\/strong><\/a> ou ailleurs qui sera en mesure de d\u00e9nicher les meilleurs candidats pour tel ou tel poste. Dans ce cadre, <strong>ImpactUp<\/strong> est un prestataire de choix \u00e0 votre service.<\/p>\n<\/section>\n<p>[\/vc_column_text][\/vc_column][\/vc_row][vc_row][vc_column width=&#8221;1\/3&#8243;][vc_btn title=&#8221;Voir notre offre&#8221; color=&#8221;secondarycolor&#8221; align=&#8221;center&#8221; css=&#8221;&#8221; link=&#8221;url:https%3A%2F%2Fimpactup.com%2Frecrutement%2F&#8221;][\/vc_column][vc_column width=&#8221;1\/3&#8243;][vc_btn title=&#8221;Confiez-nous votre projet&#8221; color=&#8221;secondarycolor&#8221; align=&#8221;center&#8221; css=&#8221;&#8221; link=&#8221;url:https%3A%2F%2Fimpactup.com%2Fetude-personnalisee%2F&#8221;][\/vc_column][vc_column width=&#8221;1\/3&#8243;][vc_btn title=&#8221;Contactez-nous&#8221; color=&#8221;secondarycolor&#8221; align=&#8221;center&#8221; css=&#8221;&#8221; link=&#8221;url:https%3A%2F%2Fimpactup.com%2Fcontact%2F&#8221;][\/vc_column][\/vc_row][vc_row css=&#8221;.vc_custom_1717658445522{padding-top: 40px !important;}&#8221;][vc_column][vc_column_text css=&#8221;&#8221;]<\/p>\n<section style=\"text-align: justify;\">\n<h2><strong>Cabinet de recrutement beaut\u00e9 \u00e0 Paris\u00a0: bien d\u00e9finir le profil de poste<\/strong><\/h2>\n<p>Mener une <strong>campagne de recrutement<\/strong> dans le secteur de la mode et de la beaut\u00e9 n\u2019est pas une mince affaire. En effet, m\u00eame si les offres d\u2019emploi ne manquent pas, les candidats se font g\u00e9n\u00e9ralement rares du fait des exigences des entreprises et des comp\u00e9tences requises pour chaque poste. Ces derni\u00e8res ont d\u2019ailleurs du mal \u00e0 trouver des professionnels qui ma\u00eetrisent les sp\u00e9cificit\u00e9s et le mode de fonctionnement de ce secteur. Il s\u2019agit donc d\u2019un milieu \u00e0 part, \u00e0 la fois fascinant et complexe avec ces nombreux crit\u00e8res. Car pour pouvoir travailler et \u00e9voluer dans l\u2019univers de la beaut\u00e9, il faut avoir un dipl\u00f4me relatif aux m\u00e9tiers du commerce et de la vente, un bon sens de la communication, du charisme, une bonne capacit\u00e9 \u00e0 convaincre et \u00e0 s\u2019organiser, etc. Avoir un minimum de connaissance sur les produits et services propos\u00e9s est \u00e9galement n\u00e9cessaire pour mieux r\u00e9pondre aux demandes et aux besoins de la client\u00e8le.<\/p>\n<p>D\u00e9nicher le candidat id\u00e9al \u00e0 chaque poste constitue ainsi un enjeu majeur pour une entreprise. En effet, un recrutement r\u00e9ussi, tout comme un mauvais recrutement, aura un impact direct sur ses performances. Mais avant d\u2019esp\u00e9rer pouvoir d\u00e9busquer le bon collaborateur, il est essentiel de bien d\u00e9finir le profil de poste. Ce document d\u00e9crit l\u2019ensemble des crit\u00e8res de s\u00e9lection.<\/p>\n<p>Il permet de cibler au mieux le profil recherch\u00e9, ses futures responsabilit\u00e9s, ses comp\u00e9tences ou encore ses qualit\u00e9s. Il simplifie le recrutement, car le recruteur sera en mesure d\u2019estimer facilement si le candidat correspond ou non aux exigences du poste.<\/p>\n<p>Pour \u00e9laborer un bon profil de poste, les crit\u00e8res de l\u2019entreprise doivent \u00eatre pris en compte, en se basant sur les raisons qui l\u2019ont pouss\u00e9 \u00e0 se lancer dans un projet d\u2019embauche. Le lancement d\u2019un nouveau produit, le d\u00e9part d\u2019un ancien employ\u00e9 ou encore le besoin de g\u00e9rer efficacement les commandes sont autant de raisons qui peuvent amener une entreprise \u00e0 recruter de nouveaux collaborateurs.<\/p>\n<p>Mais quels que soient les motifs, faire appel \u00e0 un <a href=\"https:\/\/impactup.com\/glossaire\/cabinet-de-recrutement-marketing-paris\"><strong>cabinet de recrutement beaut\u00e9 \u00e0 Paris<\/strong><\/a> est le meilleur moyen de d\u00e9nicher les talents ad\u00e9quats. Un chasseur de t\u00eates offre de nombreux avantages aux recruteurs. Il s\u00e9lectionne sp\u00e9cifiquement les profils qui sont en accord avec la culture de l\u2019entreprise et le poste.<\/p>\n<h2><strong>Une agence de recrutement pour trouver les bons collaborateurs<\/strong><\/h2>\n<p>Le recrutement de nouveaux talents est indispensable pour les entreprises, dont l\u2019activit\u00e9 est en pleine mutation. Une soci\u00e9t\u00e9 qui se d\u00e9veloppe aura plus de contrat et de commandes \u00e0 honorer. Trouver les ressources humaines r\u00e9pondant aux exigences d\u2019une entreprise est une t\u00e2che fastidieuse. Parfois, les entreprises se rendent compte trop tard que le candidat retenu n\u2019a finalement pas les comp\u00e9tences requises par le poste. Pourtant, licencier un employ\u00e9 fra\u00eechement embauch\u00e9 co\u00fbte plus cher que le recrutement lui-m\u00eame.<\/p>\n<p>Heureusement, la recherche de nouveaux collaborateurs devient beaucoup plus simple lorsqu\u2019elle est confi\u00e9e \u00e0 un <a href=\"https:\/\/impactup.com\/glossaire\/cabinet-de-recrutement-business-developer-paris\"><strong>cabinet de recrutement beaut\u00e9 \u00e0 Paris<\/strong><\/a>. Ce dernier est compos\u00e9 d\u2019experts capables d\u2019identifier les profils qui concordent avec les besoins des entreprises. Il propose des services qui optimisent la chance de trouver les meilleurs talents. Peu importe le secteur d\u2019activit\u00e9 ou la zone g\u00e9ographique, <strong>ImpactUp<\/strong> recrute les professionnels ad\u00e9quats.<\/p>\n<p>Une agence de recrutement poss\u00e8de une large connaissance du domaine de l\u2019embauche. Sa forte exp\u00e9rience constitue un pr\u00e9cieux atout, car cela lui permet de d\u00e9terminer avec pr\u00e9cision les profils susceptibles de cadrer avec les exigences de l\u2019entreprise. Un cabinet de recrutement propose aussi un service de coaching d\u2019\u00e9quipes.<\/p>\n<h2><strong>ImpactUp, une nouvelle approche pour garantir les recrutements<\/strong><\/h2>\n<p>S\u2019appuyant sur un savoir-faire acquis au fil des ann\u00e9es, ImpactUp a pu mettre sur pieds une approche innovante pour un meilleur r\u00e9sultat dans les processus de recrutement.<\/p>\n<p>Nos ma\u00eetres mots sont\u00a0: pragmatisme, proximit\u00e9 et culture du r\u00e9sultat.<\/p>\n<p>Pragmatisme, car <a href=\"https:\/\/impactup.com\"><strong>ImpactUp<\/strong><\/a> est form\u00e9 de \u00ab\u2009professionnels de terrain\u2009\u00bb. Nos \u00e9quipes ont acquis des comp\u00e9tences applicables directement dans divers domaines, et sont conscientes des enjeux de diff\u00e9rents secteurs d\u2019activit\u00e9.<\/p>\n<p>Proximit\u00e9, car nous tenons \u00e0 c\u0153ur d\u2019offrir un accompagnement personnalis\u00e9 \u00e0 nos partenaires, clients et candidats. Nous travaillons chaque jour avec cet \u00e9tat d\u2019esprit pour que la relation que nous tissons avec nos collaborateurs soit la plus humaine et sinc\u00e8re possible.<\/p>\n<p>Culture du r\u00e9sultat, car apr\u00e8s tout, nos performances seront jug\u00e9es. Nous mettons ainsi un point d\u2019honneur sur le fait que nos clients soient satisfaits par nos services.<\/p>\n<\/section>\n<p>[\/vc_column_text][\/vc_column][\/vc_row]<\/p>\n<\/div>","protected":false},"excerpt":{"rendered":"<p>[vc_row][vc_column width=&#8221;1\/3&#8243;][vc_btn title=&#8221;Voir notre offre&#8221; color=&#8221;secondarycolor&#8221; align=&#8221;center&#8221; css=&#8221;&#8221; link=&#8221;url:https%3A%2F%2Fimpactup.com%2Frecrutement%2F&#8221;][\/vc_column][vc_column width=&#8221;1\/3&#8243;][vc_btn title=&#8221;Confiez-nous votre projet&#8221; color=&#8221;secondarycolor&#8221; align=&#8221;center&#8221; css=&#8221;&#8221; link=&#8221;url:https%3A%2F%2Fimpactup.com%2Fetude-personnalisee%2F&#8221;][\/vc_column][vc_column width=&#8221;1\/3&#8243;][vc_btn title=&#8221;Contactez-nous&#8221; color=&#8221;secondarycolor&#8221; align=&#8221;center&#8221; css=&#8221;&#8221; link=&#8221;url:https%3A%2F%2Fimpactup.com%2Fcontact%2F&#8221;][\/vc_column][\/vc_row][vc_row css=&#8221;.vc_custom_1717658386032{padding-top: 40px !important;padding-bottom: 20px !important;}&#8221;][vc_column][vc_column_text css=&#8221;&#8221;] \u00c0 la recherche d\u2019un cabinet de recrutement d\u00e9di\u00e9 \u00e0 l\u2019industrie de la beaut\u00e9 \u00e0 Paris\u00a0? Trouver des profils qualifi\u00e9s dans le domaine de la mode et [&hellip;]<\/p>\n","protected":false},"author":4,"featured_media":0,"parent":17218,"menu_order":0,"comment_status":"closed","ping_status":"closed","template":"","meta":{"_monsterinsights_skip_tracking":false,"_monsterinsights_sitenote_active":false,"_monsterinsights_sitenote_note":"","_monsterinsights_sitenote_category":0,"footnotes":""},"class_list":["post-26328","page","type-page","status-publish","hentry"],"yoast_head":"<!-- This site is optimized with the Yoast SEO plugin v27.0 - https:\/\/yoast.com\/product\/yoast-seo-wordpress\/ -->\n<title>Cabinet de recrutement beaut\u00e9 Paris - Secteur de la beaut\u00e9 : cabinet de recrutement \u00e0 Paris<\/title>\n<meta name=\"description\" content=\"Un cabinet de recrutement au service de l\u2019industrie de la beaut\u00e9 \u00e0 Paris. Implant\u00e9 \u00e0 Paris, ImpactUp est un cabinet de recrutement sp\u00e9cialis\u00e9 dans le secteur de la beaut\u00e9.\" \/>\n<meta name=\"robots\" content=\"index, follow, max-snippet:-1, max-image-preview:large, max-video-preview:-1\" \/>\n<link rel=\"canonical\" href=\"https:\/\/impactup.com\/en\/glossaire\/cabinet-de-recrutement-beaute-paris\/\" \/>\n<meta property=\"og:locale\" content=\"en_US\" \/>\n<meta property=\"og:type\" content=\"article\" \/>\n<meta property=\"og:title\" content=\"Cabinet de recrutement beaut\u00e9 Paris - Secteur de la beaut\u00e9 : cabinet de recrutement \u00e0 Paris\" \/>\n<meta property=\"og:description\" content=\"Un cabinet de recrutement au service de l\u2019industrie de la beaut\u00e9 \u00e0 Paris. Implant\u00e9 \u00e0 Paris, ImpactUp est un cabinet de recrutement sp\u00e9cialis\u00e9 dans le secteur de la beaut\u00e9.\" \/>\n<meta property=\"og:url\" content=\"https:\/\/impactup.com\/en\/glossaire\/cabinet-de-recrutement-beaute-paris\/\" \/>\n<meta property=\"og:site_name\" content=\"ImpactUp\" \/>\n<meta property=\"article:modified_time\" content=\"2024-06-12T08:54:08+00:00\" \/>\n<meta property=\"og:image\" content=\"https:\/\/impactup.com\/wp-content\/uploads\/2021\/01\/og.jpg\" \/>\n\t<meta property=\"og:image:width\" content=\"1067\" \/>\n\t<meta property=\"og:image:height\" content=\"600\" \/>\n\t<meta property=\"og:image:type\" content=\"image\/jpeg\" \/>\n<meta name=\"twitter:card\" content=\"summary_large_image\" \/>\n<meta name=\"twitter:label1\" content=\"Est. reading time\" \/>\n\t<meta name=\"twitter:data1\" content=\"5 minutes\" \/>\n<script type=\"application\/ld+json\" class=\"yoast-schema-graph\">{\"@context\":\"https:\/\/schema.org\",\"@graph\":[{\"@type\":\"WebPage\",\"@id\":\"https:\/\/impactup.com\/en\/glossaire\/cabinet-de-recrutement-beaute-paris\/\",\"url\":\"https:\/\/impactup.com\/en\/glossaire\/cabinet-de-recrutement-beaute-paris\/\",\"name\":\"Cabinet de recrutement beaut\u00e9 Paris - Secteur de la beaut\u00e9 : cabinet de recrutement \u00e0 Paris\",\"isPartOf\":{\"@id\":\"https:\/\/impactup.com\/en\/#website\"},\"datePublished\":\"2024-06-11T07:53:10+00:00\",\"dateModified\":\"2024-06-12T08:54:08+00:00\",\"description\":\"Un cabinet de recrutement au service de l\u2019industrie de la beaut\u00e9 \u00e0 Paris. Implant\u00e9 \u00e0 Paris, ImpactUp est un cabinet de recrutement sp\u00e9cialis\u00e9 dans le secteur de la beaut\u00e9.\",\"breadcrumb\":{\"@id\":\"https:\/\/impactup.com\/en\/glossaire\/cabinet-de-recrutement-beaute-paris\/#breadcrumb\"},\"inLanguage\":\"en-US\",\"potentialAction\":[{\"@type\":\"ReadAction\",\"target\":[\"https:\/\/impactup.com\/en\/glossaire\/cabinet-de-recrutement-beaute-paris\/\"]}]},{\"@type\":\"BreadcrumbList\",\"@id\":\"https:\/\/impactup.com\/en\/glossaire\/cabinet-de-recrutement-beaute-paris\/#breadcrumb\",\"itemListElement\":[{\"@type\":\"ListItem\",\"position\":1,\"name\":\"Accueil\",\"item\":\"https:\/\/impactup.com\/en\/\"},{\"@type\":\"ListItem\",\"position\":2,\"name\":\"Glossaire\",\"item\":\"https:\/\/impactup.com\/en\/glossaire\/\"},{\"@type\":\"ListItem\",\"position\":3,\"name\":\"\u00c0 la recherche d\u2019un cabinet de recrutement d\u00e9di\u00e9 \u00e0 l\u2019industrie de la beaut\u00e9 \u00e0 Paris ?\"}]},{\"@type\":\"WebSite\",\"@id\":\"https:\/\/impactup.com\/en\/#website\",\"url\":\"https:\/\/impactup.com\/en\/\",\"name\":\"ImpactUp\",\"description\":\"Recrutement commerciaux, directions commerciales et fonctions marketing\",\"potentialAction\":[{\"@type\":\"SearchAction\",\"target\":{\"@type\":\"EntryPoint\",\"urlTemplate\":\"https:\/\/impactup.com\/en\/?s={search_term_string}\"},\"query-input\":{\"@type\":\"PropertyValueSpecification\",\"valueRequired\":true,\"valueName\":\"search_term_string\"}}],\"inLanguage\":\"en-US\"}]}<\/script>\n<!-- \/ Yoast SEO plugin. -->","yoast_head_json":{"title":"Cabinet de recrutement beaut\u00e9 Paris - Secteur de la beaut\u00e9 : cabinet de recrutement \u00e0 Paris","description":"Un cabinet de recrutement au service de l\u2019industrie de la beaut\u00e9 \u00e0 Paris. Implant\u00e9 \u00e0 Paris, ImpactUp est un cabinet de recrutement sp\u00e9cialis\u00e9 dans le secteur de la beaut\u00e9.","robots":{"index":"index","follow":"follow","max-snippet":"max-snippet:-1","max-image-preview":"max-image-preview:large","max-video-preview":"max-video-preview:-1"},"canonical":"https:\/\/impactup.com\/en\/glossaire\/cabinet-de-recrutement-beaute-paris\/","og_locale":"en_US","og_type":"article","og_title":"Cabinet de recrutement beaut\u00e9 Paris - Secteur de la beaut\u00e9 : cabinet de recrutement \u00e0 Paris","og_description":"Un cabinet de recrutement au service de l\u2019industrie de la beaut\u00e9 \u00e0 Paris. Implant\u00e9 \u00e0 Paris, ImpactUp est un cabinet de recrutement sp\u00e9cialis\u00e9 dans le secteur de la beaut\u00e9.","og_url":"https:\/\/impactup.com\/en\/glossaire\/cabinet-de-recrutement-beaute-paris\/","og_site_name":"ImpactUp","article_modified_time":"2024-06-12T08:54:08+00:00","og_image":[{"width":1067,"height":600,"url":"https:\/\/impactup.com\/wp-content\/uploads\/2021\/01\/og.jpg","type":"image\/jpeg"}],"twitter_card":"summary_large_image","twitter_misc":{"Est. reading time":"5 minutes"},"schema":{"@context":"https:\/\/schema.org","@graph":[{"@type":"WebPage","@id":"https:\/\/impactup.com\/en\/glossaire\/cabinet-de-recrutement-beaute-paris\/","url":"https:\/\/impactup.com\/en\/glossaire\/cabinet-de-recrutement-beaute-paris\/","name":"Cabinet de recrutement beaut\u00e9 Paris - Secteur de la beaut\u00e9 : cabinet de recrutement \u00e0 Paris","isPartOf":{"@id":"https:\/\/impactup.com\/en\/#website"},"datePublished":"2024-06-11T07:53:10+00:00","dateModified":"2024-06-12T08:54:08+00:00","description":"Un cabinet de recrutement au service de l\u2019industrie de la beaut\u00e9 \u00e0 Paris. Implant\u00e9 \u00e0 Paris, ImpactUp est un cabinet de recrutement sp\u00e9cialis\u00e9 dans le secteur de la beaut\u00e9.","breadcrumb":{"@id":"https:\/\/impactup.com\/en\/glossaire\/cabinet-de-recrutement-beaute-paris\/#breadcrumb"},"inLanguage":"en-US","potentialAction":[{"@type":"ReadAction","target":["https:\/\/impactup.com\/en\/glossaire\/cabinet-de-recrutement-beaute-paris\/"]}]},{"@type":"BreadcrumbList","@id":"https:\/\/impactup.com\/en\/glossaire\/cabinet-de-recrutement-beaute-paris\/#breadcrumb","itemListElement":[{"@type":"ListItem","position":1,"name":"Accueil","item":"https:\/\/impactup.com\/en\/"},{"@type":"ListItem","position":2,"name":"Glossaire","item":"https:\/\/impactup.com\/en\/glossaire\/"},{"@type":"ListItem","position":3,"name":"\u00c0 la recherche d\u2019un cabinet de recrutement d\u00e9di\u00e9 \u00e0 l\u2019industrie de la beaut\u00e9 \u00e0 Paris ?"}]},{"@type":"WebSite","@id":"https:\/\/impactup.com\/en\/#website","url":"https:\/\/impactup.com\/en\/","name":"ImpactUp","description":"Recrutement commerciaux, directions commerciales et fonctions marketing","potentialAction":[{"@type":"SearchAction","target":{"@type":"EntryPoint","urlTemplate":"https:\/\/impactup.com\/en\/?s={search_term_string}"},"query-input":{"@type":"PropertyValueSpecification","valueRequired":true,"valueName":"search_term_string"}}],"inLanguage":"en-US"}]}},"_links":{"self":[{"href":"https:\/\/impactup.com\/en\/wp-json\/wp\/v2\/pages\/26328","targetHints":{"allow":["GET"]}}],"collection":[{"href":"https:\/\/impactup.com\/en\/wp-json\/wp\/v2\/pages"}],"about":[{"href":"https:\/\/impactup.com\/en\/wp-json\/wp\/v2\/types\/page"}],"author":[{"embeddable":true,"href":"https:\/\/impactup.com\/en\/wp-json\/wp\/v2\/users\/4"}],"replies":[{"embeddable":true,"href":"https:\/\/impactup.com\/en\/wp-json\/wp\/v2\/comments?post=26328"}],"version-history":[{"count":3,"href":"https:\/\/impactup.com\/en\/wp-json\/wp\/v2\/pages\/26328\/revisions"}],"predecessor-version":[{"id":26457,"href":"https:\/\/impactup.com\/en\/wp-json\/wp\/v2\/pages\/26328\/revisions\/26457"}],"up":[{"embeddable":true,"href":"https:\/\/impactup.com\/en\/wp-json\/wp\/v2\/pages\/17218"}],"wp:attachment":[{"href":"https:\/\/impactup.com\/en\/wp-json\/wp\/v2\/media?parent=26328"}],"curies":[{"name":"wp","href":"https:\/\/api.w.org\/{rel}","templated":true}]}}