{"id":26326,"date":"2024-06-11T09:49:11","date_gmt":"2024-06-11T07:49:11","guid":{"rendered":"https:\/\/impactup.niou.dev\/?page_id=26326"},"modified":"2025-06-02T15:16:49","modified_gmt":"2025-06-02T13:16:49","slug":"cabinet-de-recrutement-business-developer-bordeaux","status":"publish","type":"page","link":"https:\/\/impactup.com\/en\/glossaire\/cabinet-de-recrutement-business-developer-bordeaux\/","title":{"rendered":"Business developer \u00e0 Bordeaux, quel cabinet de recrutement contacter\u2009?"},"content":{"rendered":"<div class=\"wpb-content-wrapper\"><p>[vc_row][vc_column width=&#8221;1\/3&#8243;][vc_btn title=&#8221;Voir notre offre&#8221; color=&#8221;secondarycolor&#8221; align=&#8221;center&#8221; css=&#8221;&#8221; link=&#8221;url:https%3A%2F%2Fimpactup.com%2Frecrutement%2F&#8221;][\/vc_column][vc_column width=&#8221;1\/3&#8243;][vc_btn title=&#8221;Confiez-nous votre projet&#8221; color=&#8221;secondarycolor&#8221; align=&#8221;center&#8221; css=&#8221;&#8221; link=&#8221;url:https%3A%2F%2Fimpactup.com%2Fetude-personnalisee%2F&#8221;][\/vc_column][vc_column width=&#8221;1\/3&#8243;][vc_btn title=&#8221;Contactez-nous&#8221; color=&#8221;secondarycolor&#8221; align=&#8221;center&#8221; css=&#8221;&#8221; link=&#8221;url:https%3A%2F%2Fimpactup.com%2Fcontact%2F&#8221;][\/vc_column][\/vc_row][vc_row css=&#8221;.vc_custom_1717658386032{padding-top: 40px !important;padding-bottom: 20px !important;}&#8221;][vc_column][vc_column_text css=&#8221;&#8221;]<\/p>\n<section style=\"text-align: justify;\">\n<h2><strong>Business developer \u00e0 Bordeaux, quel cabinet de recrutement contacter\u2009?<\/strong><\/h2>\n<p style=\"text-align: justify;\">Vous n\u2019\u00eates pas sans savoir que le business developer tient un r\u00f4le pr\u00e9pond\u00e9rant dans le d\u00e9veloppement commercial d\u2019une entreprise. Le recrutement de celui-ci ne peut ainsi \u00eatre pris \u00e0 la l\u00e9g\u00e8re. Entre la r\u00e9daction d\u2019une annonce percutante, la constitution d\u2019une base de donn\u00e9es des profils bien solide, et l\u2019organisation des entrevues, la mission s\u2019av\u00e8re fastidieuse. C\u2019est pour cela que les professionnels du secteur de la vente se tournent vers des <a href=\"https:\/\/impactup.com\/glossaire\/cabinet-de-recrutement-commercial-export-bordeaux\"><strong>cabinets de recrutement<\/strong><\/a>. Avec ImpactUp, trouvez votre <a href=\"https:\/\/impactup.com\/glossaire\/cabinet-de-recrutement-commercial-export-bordeaux\"><strong>business developer<\/strong><\/a>, <a href=\"https:\/\/impactup.com\/glossaire\/cabinet-de-recrutement-commercial-export-bordeaux\"><strong>\u00e0 Bordeaux<\/strong><\/a>, comme partout en France.<\/p>\n<p>&nbsp;<\/p>\n<\/section>\n<p>[\/vc_column_text][\/vc_column][\/vc_row][vc_row][vc_column width=&#8221;1\/3&#8243;][vc_btn title=&#8221;Voir notre offre&#8221; color=&#8221;secondarycolor&#8221; align=&#8221;center&#8221; css=&#8221;&#8221; link=&#8221;url:https%3A%2F%2Fimpactup.com%2Frecrutement%2F&#8221;][\/vc_column][vc_column width=&#8221;1\/3&#8243;][vc_btn title=&#8221;Confiez-nous votre projet&#8221; color=&#8221;secondarycolor&#8221; align=&#8221;center&#8221; css=&#8221;&#8221; link=&#8221;url:https%3A%2F%2Fimpactup.com%2Fetude-personnalisee%2F&#8221;][\/vc_column][vc_column width=&#8221;1\/3&#8243;][vc_btn title=&#8221;Contactez-nous&#8221; color=&#8221;secondarycolor&#8221; align=&#8221;center&#8221; css=&#8221;&#8221; link=&#8221;url:https%3A%2F%2Fimpactup.com%2Fcontact%2F&#8221;][\/vc_column][\/vc_row][vc_row css=&#8221;.vc_custom_1717658445522{padding-top: 40px !important;}&#8221;][vc_column][vc_column_text css=&#8221;&#8221;]<\/p>\n<h2 style=\"text-align: justify;\"><strong>Recruter un business developer \u00e0 Bordeaux, un d\u00e9fi strat\u00e9gique pour les entreprises locales<\/strong><\/h2>\n<p style=\"text-align: justify;\">\u00c0 Bordeaux, comme partout ailleurs en France, le recrutement d\u2019un business developer r\u00e9ellement performant repr\u00e9sente un enjeu majeur pour les entreprises en qu\u00eate de croissance. V\u00e9ritable moteur du d\u00e9veloppement commercial, ce professionnel joue en effet un r\u00f4le strat\u00e9gique dans l\u2019acquisition de nouveaux clients et dans la p\u00e9rennisation de l\u2019activit\u00e9.<\/p>\n<p style=\"text-align: justify;\">Face \u00e0 une concurrence accrue et \u00e0 un march\u00e9 du travail tendu, de nombreuses entreprises peinent \u00e0 trouver le candidat id\u00e9al. C\u2019est dans ce contexte qu\u2019intervient ImpactUp, un <a href=\"https:\/\/impactup.com\/glossaire\/cabinet-de-recrutement-directeur-commercial-bordeaux\"><strong>cabinet de recrutement<\/strong><\/a> exp\u00e9riment\u00e9 pr\u00e9sent \u00e0 <a href=\"https:\/\/impactup.com\/glossaire\/cabinet-de-recrutement-directeur-commercial-bordeaux\"><strong>Bordeaux<\/strong><\/a> qui accompagne les organisations bordelaises dans la s\u00e9lection de profils de <a href=\"https:\/\/impactup.com\/glossaire\/cabinet-de-recrutement-directeur-commercial-bordeaux\"><strong>business developer<\/strong><\/a> et de commerciaux \u00e0 haut potentiel.<\/p>\n<p style=\"text-align: justify;\">En se basant sur une CVth\u00e8que r\u00e9guli\u00e8rement mise \u00e0 jour et riche de centaines de candidatures qualifi\u00e9es, <strong>ImpactUp<\/strong> permet aux employeurs d\u2019acc\u00e9der \u00e0 un vivier de talents difficilement accessible autrement. Que vous recherchiez un profil junior prometteur ou un professionnel aguerri capable de piloter une strat\u00e9gie commerciale complexe, le cabinet dispose de toutes ressources pour r\u00e9pondre \u00e0 chaque besoin.<\/p>\n<p style=\"text-align: justify;\">Confier ce processus \u00e0 des experts vous offre la possibilit\u00e9 de vous concentrer sur votre c\u0153ur de m\u00e9tier, tout en veillant \u00e0 ce que les meilleurs profils ne rejoignent pas la concurrence.<\/p>\n<h2 style=\"text-align: justify;\"><strong>Identifier le bon partenaire en recrutement \u00e0 Bordeaux\u00a0: crit\u00e8res et enjeux<\/strong><\/h2>\n<p style=\"text-align: justify;\">Avec pr\u00e8s d\u2019une trentaine d\u2019agences sp\u00e9cialis\u00e9es qui exercent dans la m\u00e9tropole bordelaise, il n\u2019est pas toujours \u00e9vident pour une entreprise de trouver le bon cabinet de recrutement. Pourtant, faire le bon choix peut faire toute la diff\u00e9rence dans la qualit\u00e9 des candidats s\u00e9lectionn\u00e9s et dans la rapidit\u00e9 du processus d\u2019embauche.<\/p>\n<p style=\"text-align: justify;\">Actif depuis plus de 15\u00a0ans, le <strong>cabinet<\/strong> ImpactUp s\u2019est impos\u00e9 comme une r\u00e9f\u00e9rence dans le domaine du <strong>recrutement<\/strong> <strong>de<\/strong> profils commerciaux et de <strong>business developers<\/strong> <strong>\u00e0<\/strong> <strong>Bordeaux<\/strong>, Paris, Lille, Toulouse, Lyon et La Rochelle. Son exp\u00e9rience du terrain, combin\u00e9e \u00e0 une approche pragmatique orient\u00e9e r\u00e9sultats, en fait un partenaire de confiance pour les entreprises, de la PME locale \u00e0 la grande structure nationale.<\/p>\n<p style=\"text-align: justify;\">Fond\u00e9e sur une connaissance fine des besoins m\u00e9tiers et des r\u00e9alit\u00e9s \u00e9conomiques r\u00e9gionales, la technique personnalis\u00e9e d\u2019<strong>ImpactUp<\/strong> lui permet de proposer des solutions sur mesure et efficaces. R\u00e9sultat\u00a0: les organisations qui font appel \u00e0 ses services gagnent en r\u00e9activit\u00e9 et en pertinence dans leurs recrutements.<\/p>\n<h2 style=\"text-align: justify;\"><strong>Une m\u00e9thode de recrutement centr\u00e9e sur l\u2019humain et l\u2019excellence<\/strong><\/h2>\n<p style=\"text-align: justify;\">ImpactUp se distingue par sa capacit\u00e9 \u00e0 conjuguer rigueur m\u00e9thodologique et sens de l\u2019humain. Plus qu\u2019une simple s\u00e9lection de CV, le cabinet mise sur une d\u00e9marche approfondie qui vise \u00e0 identifier les v\u00e9ritables moteurs de performance chez les candidats.<\/p>\n<p style=\"text-align: justify;\">Au-del\u00e0 des exp\u00e9riences professionnelles et des comp\u00e9tences techniques, ImpactUp s\u2019int\u00e9resse \u00e0 la personnalit\u00e9, aux motivations profondes et \u00e0 la compatibilit\u00e9 culturelle entre le candidat et l\u2019entreprise. Chaque processus de recrutement est pens\u00e9 comme une rencontre entre deux trajectoires de m\u00e9tier et non comme une simple r\u00e9ponse \u00e0 une fiche de poste.<\/p>\n<p style=\"text-align: justify;\">Les \u00e9tapes de s\u00e9lection incluent bien s\u00fbr l\u2019analyse des candidatures, des entretiens structur\u00e9s et des mises en situation professionnelles. Mais <a href=\"https:\/\/impactup.com\/\"><strong>ImpactUp<\/strong><\/a> va plus loin, en int\u00e9grant des outils d\u2019\u00e9valuation comportementale et cognitive qui permettent d\u2019affiner la compr\u00e9hension de chaque profil.<\/p>\n<p style=\"text-align: justify;\">Cette approche innovante du <strong>cabinet garantit aux entreprises de Bordeaux un recrutement de<\/strong> <strong>business developer<\/strong> plus pertinent, bas\u00e9 sur la compatibilit\u00e9 globale du candidat avec la mission propos\u00e9e, et non uniquement sur des crit\u00e8res techniques.<\/p>\n<h2 style=\"text-align: justify;\"><strong>Des outils d\u2019\u00e9valuation innovants pour mieux cerner les talents<\/strong><\/h2>\n<p style=\"text-align: justify;\">Afin de s\u00e9curiser ses recommandations et d\u2019optimiser l\u2019ad\u00e9quation entre le profil du candidat et le poste \u00e0 pourvoir, <strong>ImpactUp<\/strong> s\u2019appuie sur une s\u00e9rie de tests et d\u2019outils d\u2019analyse pointus, \u00e9labor\u00e9s \u00e0 partir des derni\u00e8res avanc\u00e9es scientifiques en psychologie du travail et en sciences cognitives.<\/p>\n<p style=\"text-align: justify;\">Ces \u00e9valuations s\u2019articulent autour de quatre grands axes\u00a0:<\/p>\n<ul style=\"text-align: justify;\">\n<li>Les capacit\u00e9s cognitives\u00a0: \u00e0 travers des tests sp\u00e9cifiques, le cabinet \u00e9value la facult\u00e9 d\u2019analyse, de r\u00e9solution de probl\u00e8mes et d\u2019adaptation du candidat \u00e0 des contextes professionnels exigeants. Ces indicateurs permettent de pr\u00e9dire la capacit\u00e9 \u00e0 performer dans des environnements dynamiques.<\/li>\n<li>Le profil psychologique\u00a0: gr\u00e2ce \u00e0 des outils reconnus comme le Big Five (BF5) et Profil Pro\u00a02, <strong>ImpactUp<\/strong> identifie les traits de personnalit\u00e9 majeurs, les leviers de motivation et les valeurs dominantes. Ces \u00e9l\u00e9ments sont essentiels pour estimer l\u2019aptitude d\u2019un candidat \u00e0 s\u2019int\u00e9grer et \u00e0 \u00e9voluer au sein d\u2019une culture d\u2019entreprise donn\u00e9e.<\/li>\n<li>Les comp\u00e9tences commerciales\u00a0: pour les postes li\u00e9s \u00e0 la vente et \u00e0 la n\u00e9gociation, ImpactUp recourt \u00e0 des r\u00e9f\u00e9rentiels m\u00e9tiers comme le Profil Vente-R ou le CTPI-R. Ces outils permettent d\u2019\u00e9valuer avec pr\u00e9cision l\u2019expertise concr\u00e8te des profils s\u00e9lectionn\u00e9s dans des contextes de vente\u00a0B2B ou B2C.<\/li>\n<li>La ma\u00eetrise de la communication orale\u00a0: En partenariat avec la plateforme Pipplet, des tests linguistiques sont propos\u00e9s pour mesurer l\u2019aisance verbale, y compris en langues \u00e9trang\u00e8res. Cette \u00e9valuation est particuli\u00e8rement pertinente pour les entreprises ayant une client\u00e8le internationale ou op\u00e9rant sur des march\u00e9s multilingues.<\/li>\n<\/ul>\n<p style=\"text-align: justify;\">En combinant ces diff\u00e9rentes dimensions d\u2019analyse, le <a href=\"https:\/\/impactup.com\/glossaire\/cabinet-de-recrutement-en-france\"><strong>cabinet de recrutement<\/strong><\/a> ImpactUp assure un niveau d\u2019exigence \u00e9lev\u00e9 tout au long du processus de <a href=\"https:\/\/impactup.com\/glossaire\/cabinet-de-recrutement-en-france\"><strong>recrutement<\/strong><\/a> et propose ainsi aux entreprises de <a href=\"https:\/\/impactup.com\/glossaire\/cabinet-de-recrutement-en-france\"><strong>Bordeaux<\/strong> <strong>des candidats business developer<\/strong><\/a> v\u00e9ritablement align\u00e9s avec leurs ambitions.<\/p>\n<p>[\/vc_column_text][\/vc_column][\/vc_row]<\/p>\n<\/div>","protected":false},"excerpt":{"rendered":"<p>[vc_row][vc_column width=&#8221;1\/3&#8243;][vc_btn title=&#8221;Voir notre offre&#8221; color=&#8221;secondarycolor&#8221; align=&#8221;center&#8221; css=&#8221;&#8221; link=&#8221;url:https%3A%2F%2Fimpactup.com%2Frecrutement%2F&#8221;][\/vc_column][vc_column width=&#8221;1\/3&#8243;][vc_btn title=&#8221;Confiez-nous votre projet&#8221; color=&#8221;secondarycolor&#8221; align=&#8221;center&#8221; css=&#8221;&#8221; link=&#8221;url:https%3A%2F%2Fimpactup.com%2Fetude-personnalisee%2F&#8221;][\/vc_column][vc_column width=&#8221;1\/3&#8243;][vc_btn title=&#8221;Contactez-nous&#8221; color=&#8221;secondarycolor&#8221; align=&#8221;center&#8221; css=&#8221;&#8221; link=&#8221;url:https%3A%2F%2Fimpactup.com%2Fcontact%2F&#8221;][\/vc_column][\/vc_row][vc_row css=&#8221;.vc_custom_1717658386032{padding-top: 40px !important;padding-bottom: 20px !important;}&#8221;][vc_column][vc_column_text css=&#8221;&#8221;] Business developer \u00e0 Bordeaux, quel cabinet de recrutement contacter\u2009? Vous n\u2019\u00eates pas sans savoir que le business developer tient un r\u00f4le pr\u00e9pond\u00e9rant dans le d\u00e9veloppement commercial [&hellip;]<\/p>\n","protected":false},"author":4,"featured_media":0,"parent":17218,"menu_order":0,"comment_status":"closed","ping_status":"closed","template":"","meta":{"_monsterinsights_skip_tracking":false,"_monsterinsights_sitenote_active":false,"_monsterinsights_sitenote_note":"","_monsterinsights_sitenote_category":0,"footnotes":""},"class_list":["post-26326","page","type-page","status-publish","hentry"],"yoast_head":"<!-- This site is optimized with the Yoast SEO plugin v27.0 - https:\/\/yoast.com\/product\/yoast-seo-wordpress\/ -->\n<title>Quel cabinet \u00e0 Bordeaux pour le recrutement d\u2019un business developper performant<\/title>\n<meta name=\"description\" content=\"Un cabinet de Bordeaux d\u00e9j\u00e0 prim\u00e9 6 fois pour ses techniques de recrutement de business developer et de commerciaux. Le cabinet ImpactUp est l\u2019interlocuteur \u00e0 privil\u00e9gier pour le recrutement d\u2019un business developper efficient.\" \/>\n<meta name=\"robots\" content=\"index, follow, max-snippet:-1, max-image-preview:large, max-video-preview:-1\" \/>\n<link rel=\"canonical\" href=\"https:\/\/impactup.com\/en\/glossaire\/cabinet-de-recrutement-business-developer-bordeaux\/\" \/>\n<meta property=\"og:locale\" content=\"en_US\" \/>\n<meta property=\"og:type\" content=\"article\" \/>\n<meta property=\"og:title\" content=\"Quel cabinet \u00e0 Bordeaux pour le recrutement d\u2019un business developper performant\" \/>\n<meta property=\"og:description\" content=\"Un cabinet de Bordeaux d\u00e9j\u00e0 prim\u00e9 6 fois pour ses techniques de recrutement de business developer et de commerciaux. Le cabinet ImpactUp est l\u2019interlocuteur \u00e0 privil\u00e9gier pour le recrutement d\u2019un business developper efficient.\" \/>\n<meta property=\"og:url\" content=\"https:\/\/impactup.com\/en\/glossaire\/cabinet-de-recrutement-business-developer-bordeaux\/\" \/>\n<meta property=\"og:site_name\" content=\"ImpactUp\" \/>\n<meta property=\"article:modified_time\" content=\"2025-06-02T13:16:49+00:00\" \/>\n<meta property=\"og:image\" content=\"https:\/\/impactup.com\/wp-content\/uploads\/2021\/01\/og.jpg\" \/>\n\t<meta property=\"og:image:width\" content=\"1067\" \/>\n\t<meta property=\"og:image:height\" content=\"600\" \/>\n\t<meta property=\"og:image:type\" content=\"image\/jpeg\" \/>\n<meta name=\"twitter:card\" content=\"summary_large_image\" \/>\n<meta name=\"twitter:label1\" content=\"Est. reading time\" \/>\n\t<meta name=\"twitter:data1\" content=\"4 minutes\" \/>\n<script type=\"application\/ld+json\" class=\"yoast-schema-graph\">{\"@context\":\"https:\/\/schema.org\",\"@graph\":[{\"@type\":\"WebPage\",\"@id\":\"https:\/\/impactup.com\/en\/glossaire\/cabinet-de-recrutement-business-developer-bordeaux\/\",\"url\":\"https:\/\/impactup.com\/en\/glossaire\/cabinet-de-recrutement-business-developer-bordeaux\/\",\"name\":\"Quel cabinet \u00e0 Bordeaux pour le recrutement d\u2019un business developper performant\",\"isPartOf\":{\"@id\":\"https:\/\/impactup.com\/en\/#website\"},\"datePublished\":\"2024-06-11T07:49:11+00:00\",\"dateModified\":\"2025-06-02T13:16:49+00:00\",\"description\":\"Un cabinet de Bordeaux d\u00e9j\u00e0 prim\u00e9 6 fois pour ses techniques de recrutement de business developer et de commerciaux. Le cabinet ImpactUp est l\u2019interlocuteur \u00e0 privil\u00e9gier pour le recrutement d\u2019un business developper efficient.\",\"breadcrumb\":{\"@id\":\"https:\/\/impactup.com\/en\/glossaire\/cabinet-de-recrutement-business-developer-bordeaux\/#breadcrumb\"},\"inLanguage\":\"en-US\",\"potentialAction\":[{\"@type\":\"ReadAction\",\"target\":[\"https:\/\/impactup.com\/en\/glossaire\/cabinet-de-recrutement-business-developer-bordeaux\/\"]}]},{\"@type\":\"BreadcrumbList\",\"@id\":\"https:\/\/impactup.com\/en\/glossaire\/cabinet-de-recrutement-business-developer-bordeaux\/#breadcrumb\",\"itemListElement\":[{\"@type\":\"ListItem\",\"position\":1,\"name\":\"Accueil\",\"item\":\"https:\/\/impactup.com\/en\/\"},{\"@type\":\"ListItem\",\"position\":2,\"name\":\"Glossaire\",\"item\":\"https:\/\/impactup.com\/en\/glossaire\/\"},{\"@type\":\"ListItem\",\"position\":3,\"name\":\"Business developer \u00e0 Bordeaux, quel cabinet de recrutement contacter\u2009?\"}]},{\"@type\":\"WebSite\",\"@id\":\"https:\/\/impactup.com\/en\/#website\",\"url\":\"https:\/\/impactup.com\/en\/\",\"name\":\"ImpactUp\",\"description\":\"Recrutement commerciaux, directions commerciales et fonctions marketing\",\"potentialAction\":[{\"@type\":\"SearchAction\",\"target\":{\"@type\":\"EntryPoint\",\"urlTemplate\":\"https:\/\/impactup.com\/en\/?s={search_term_string}\"},\"query-input\":{\"@type\":\"PropertyValueSpecification\",\"valueRequired\":true,\"valueName\":\"search_term_string\"}}],\"inLanguage\":\"en-US\"}]}<\/script>\n<!-- \/ Yoast SEO plugin. -->","yoast_head_json":{"title":"Quel cabinet \u00e0 Bordeaux pour le recrutement d\u2019un business developper performant","description":"Un cabinet de Bordeaux d\u00e9j\u00e0 prim\u00e9 6 fois pour ses techniques de recrutement de business developer et de commerciaux. Le cabinet ImpactUp est l\u2019interlocuteur \u00e0 privil\u00e9gier pour le recrutement d\u2019un business developper efficient.","robots":{"index":"index","follow":"follow","max-snippet":"max-snippet:-1","max-image-preview":"max-image-preview:large","max-video-preview":"max-video-preview:-1"},"canonical":"https:\/\/impactup.com\/en\/glossaire\/cabinet-de-recrutement-business-developer-bordeaux\/","og_locale":"en_US","og_type":"article","og_title":"Quel cabinet \u00e0 Bordeaux pour le recrutement d\u2019un business developper performant","og_description":"Un cabinet de Bordeaux d\u00e9j\u00e0 prim\u00e9 6 fois pour ses techniques de recrutement de business developer et de commerciaux. Le cabinet ImpactUp est l\u2019interlocuteur \u00e0 privil\u00e9gier pour le recrutement d\u2019un business developper efficient.","og_url":"https:\/\/impactup.com\/en\/glossaire\/cabinet-de-recrutement-business-developer-bordeaux\/","og_site_name":"ImpactUp","article_modified_time":"2025-06-02T13:16:49+00:00","og_image":[{"width":1067,"height":600,"url":"https:\/\/impactup.com\/wp-content\/uploads\/2021\/01\/og.jpg","type":"image\/jpeg"}],"twitter_card":"summary_large_image","twitter_misc":{"Est. reading time":"4 minutes"},"schema":{"@context":"https:\/\/schema.org","@graph":[{"@type":"WebPage","@id":"https:\/\/impactup.com\/en\/glossaire\/cabinet-de-recrutement-business-developer-bordeaux\/","url":"https:\/\/impactup.com\/en\/glossaire\/cabinet-de-recrutement-business-developer-bordeaux\/","name":"Quel cabinet \u00e0 Bordeaux pour le recrutement d\u2019un business developper performant","isPartOf":{"@id":"https:\/\/impactup.com\/en\/#website"},"datePublished":"2024-06-11T07:49:11+00:00","dateModified":"2025-06-02T13:16:49+00:00","description":"Un cabinet de Bordeaux d\u00e9j\u00e0 prim\u00e9 6 fois pour ses techniques de recrutement de business developer et de commerciaux. Le cabinet ImpactUp est l\u2019interlocuteur \u00e0 privil\u00e9gier pour le recrutement d\u2019un business developper efficient.","breadcrumb":{"@id":"https:\/\/impactup.com\/en\/glossaire\/cabinet-de-recrutement-business-developer-bordeaux\/#breadcrumb"},"inLanguage":"en-US","potentialAction":[{"@type":"ReadAction","target":["https:\/\/impactup.com\/en\/glossaire\/cabinet-de-recrutement-business-developer-bordeaux\/"]}]},{"@type":"BreadcrumbList","@id":"https:\/\/impactup.com\/en\/glossaire\/cabinet-de-recrutement-business-developer-bordeaux\/#breadcrumb","itemListElement":[{"@type":"ListItem","position":1,"name":"Accueil","item":"https:\/\/impactup.com\/en\/"},{"@type":"ListItem","position":2,"name":"Glossaire","item":"https:\/\/impactup.com\/en\/glossaire\/"},{"@type":"ListItem","position":3,"name":"Business developer \u00e0 Bordeaux, quel cabinet de recrutement contacter\u2009?"}]},{"@type":"WebSite","@id":"https:\/\/impactup.com\/en\/#website","url":"https:\/\/impactup.com\/en\/","name":"ImpactUp","description":"Recrutement commerciaux, directions commerciales et fonctions marketing","potentialAction":[{"@type":"SearchAction","target":{"@type":"EntryPoint","urlTemplate":"https:\/\/impactup.com\/en\/?s={search_term_string}"},"query-input":{"@type":"PropertyValueSpecification","valueRequired":true,"valueName":"search_term_string"}}],"inLanguage":"en-US"}]}},"_links":{"self":[{"href":"https:\/\/impactup.com\/en\/wp-json\/wp\/v2\/pages\/26326","targetHints":{"allow":["GET"]}}],"collection":[{"href":"https:\/\/impactup.com\/en\/wp-json\/wp\/v2\/pages"}],"about":[{"href":"https:\/\/impactup.com\/en\/wp-json\/wp\/v2\/types\/page"}],"author":[{"embeddable":true,"href":"https:\/\/impactup.com\/en\/wp-json\/wp\/v2\/users\/4"}],"replies":[{"embeddable":true,"href":"https:\/\/impactup.com\/en\/wp-json\/wp\/v2\/comments?post=26326"}],"version-history":[{"count":5,"href":"https:\/\/impactup.com\/en\/wp-json\/wp\/v2\/pages\/26326\/revisions"}],"predecessor-version":[{"id":29682,"href":"https:\/\/impactup.com\/en\/wp-json\/wp\/v2\/pages\/26326\/revisions\/29682"}],"up":[{"embeddable":true,"href":"https:\/\/impactup.com\/en\/wp-json\/wp\/v2\/pages\/17218"}],"wp:attachment":[{"href":"https:\/\/impactup.com\/en\/wp-json\/wp\/v2\/media?parent=26326"}],"curies":[{"name":"wp","href":"https:\/\/api.w.org\/{rel}","templated":true}]}}