{"id":26320,"date":"2024-06-11T09:40:59","date_gmt":"2024-06-11T07:40:59","guid":{"rendered":"https:\/\/impactup.niou.dev\/?page_id=26320"},"modified":"2024-06-12T16:21:56","modified_gmt":"2024-06-12T14:21:56","slug":"cabinet-de-recrutement-business-developer-nantes","status":"publish","type":"page","link":"https:\/\/impactup.com\/en\/glossaire\/cabinet-de-recrutement-business-developer-nantes\/","title":{"rendered":"Contacter un cabinet de recrutement pour d\u00e9nicher un business developer \u00e0 Nantes"},"content":{"rendered":"<div class=\"wpb-content-wrapper\"><p>[vc_row][vc_column width=&#8221;1\/3&#8243;][vc_btn title=&#8221;Voir notre offre&#8221; color=&#8221;secondarycolor&#8221; align=&#8221;center&#8221; css=&#8221;&#8221; link=&#8221;url:https%3A%2F%2Fimpactup.com%2Frecrutement%2F&#8221;][\/vc_column][vc_column width=&#8221;1\/3&#8243;][vc_btn title=&#8221;Confiez-nous votre projet&#8221; color=&#8221;secondarycolor&#8221; align=&#8221;center&#8221; css=&#8221;&#8221; link=&#8221;url:https%3A%2F%2Fimpactup.com%2Fetude-personnalisee%2F&#8221;][\/vc_column][vc_column width=&#8221;1\/3&#8243;][vc_btn title=&#8221;Contactez-nous&#8221; color=&#8221;secondarycolor&#8221; align=&#8221;center&#8221; css=&#8221;&#8221; link=&#8221;url:https%3A%2F%2Fimpactup.com%2Fcontact%2F&#8221;][\/vc_column][\/vc_row][vc_row css=&#8221;.vc_custom_1717658386032{padding-top: 40px !important;padding-bottom: 20px !important;}&#8221;][vc_column][vc_column_text css=&#8221;&#8221;]<\/p>\n<section style=\"text-align: justify;\">\n<h2><strong>Contacter un cabinet de recrutement pour d\u00e9nicher un business developer \u00e0 Nantes<\/strong><\/h2>\n<p>Dans le cadre d\u2019un <a href=\"https:\/\/impactup.com\/cabinet-de-recrutement-commercial-export-nantes\"><strong>recrutement de business developer \u00e0 Nantes<\/strong><\/a>, vous pouvez vous adresser \u00e0 un <a href=\"https:\/\/impactup.com\/cabinet-de-recrutement-commercial-export-nantes\"><strong>cabinet <\/strong><\/a>sp\u00e9cialis\u00e9 dans le domaine. <strong>ImpactUP<\/strong> vous propose des candidats comp\u00e9tents et s\u00e9rieux pour les postes de d\u00e9cideurs, d\u2019ex\u00e9cutants, de cadres dans la vente. Nous pouvons vous d\u00e9nicher la perle rare qui saura r\u00e9pondre \u00e0 vos attentes.<\/p>\n<\/section>\n<p>[\/vc_column_text][\/vc_column][\/vc_row][vc_row][vc_column width=&#8221;1\/3&#8243;][vc_btn title=&#8221;Voir notre offre&#8221; color=&#8221;secondarycolor&#8221; align=&#8221;center&#8221; css=&#8221;&#8221; link=&#8221;url:https%3A%2F%2Fimpactup.com%2Frecrutement%2F&#8221;][\/vc_column][vc_column width=&#8221;1\/3&#8243;][vc_btn title=&#8221;Confiez-nous votre projet&#8221; color=&#8221;secondarycolor&#8221; align=&#8221;center&#8221; css=&#8221;&#8221; link=&#8221;url:https%3A%2F%2Fimpactup.com%2Fetude-personnalisee%2F&#8221;][\/vc_column][vc_column width=&#8221;1\/3&#8243;][vc_btn title=&#8221;Contactez-nous&#8221; color=&#8221;secondarycolor&#8221; align=&#8221;center&#8221; css=&#8221;&#8221; link=&#8221;url:https%3A%2F%2Fimpactup.com%2Fcontact%2F&#8221;][\/vc_column][\/vc_row][vc_row css=&#8221;.vc_custom_1717658445522{padding-top: 40px !important;}&#8221;][vc_column][vc_column_text css=&#8221;&#8221;]<\/p>\n<section style=\"text-align: justify;\">\n<h2><strong>Le business developer, un collaborateur \u00e0 choisir avec soin<\/strong><\/h2>\n<p>Le r\u00f4le du business developer est de \u00ab\u00a0d\u00e9velopper votre business\u00a0\u00bb. Autrement dit, il se chargera de trouver les moyens d\u2019optimiser l\u2019\u00e9volution de vos activit\u00e9s de vente et commerciales\u00a0: choix des nouveaux produits et services \u00e0 lancer ou \u00e0 promouvoir, cr\u00e9ation de partenariats, prospection de nouveaux clients\u2026 Il sera \u00e9galement responsable de la conception des strat\u00e9gies \u00e0 mettre en \u0153uvre pour atteindre les objectifs de d\u00e9veloppement, de chiffres d\u2019affaires ou marketing fix\u00e9s. Ce professionnel devra ainsi \u00eatre non seulement un peu visionnaire, mais \u00e9galement un fin strat\u00e8ge.<\/p>\n<p>Compte tenu de la complexit\u00e9 du poste et du profil requis, faire appel \u00e0 un <a href=\"https:\/\/impactup.com\/cabinet-de-recrutement-directeur-commercial-nantes\"><strong>cabinet de recrutement pour l\u2019embauche de votre business developer \u00e0 Nantes<\/strong><\/a> sera plus sage. Pr\u00e9sent dans la Cit\u00e9 des Ducs depuis de nombreuses ann\u00e9es, ImpactUp est un partenaire fiable pour toute recherche de cadres de haut niveau pour les secteurs de la vente, du commerce et du marketing.<\/p>\n<h2><strong>Pourquoi faire appel \u00e0 un cabinet sp\u00e9cialis\u00e9\u00a0?<\/strong><\/h2>\n<p>Les comp\u00e9tences de professionnels aguerris vous seront d\u2019une aide pr\u00e9cieuse pour trouver le collaborateur parfait. Laisser un <strong>cabinet de recrutement <\/strong>sp\u00e9cialis\u00e9 choisir votre <strong>business developer<\/strong> \u00e0 <strong>Nantes <\/strong>vous permettra par ailleurs de vous d\u00e9lester des t\u00e2ches fastidieuses et chronophages de la gestion du processus de recrutement. Vous pourrez alors vous occuper de travaux plus productifs. Une agence experte dans votre domaine d\u2019activit\u00e9s saura par ailleurs rapidement d\u00e9tecter les meilleurs talents en fonction des attributions relatives au poste \u00e0 pourvoir. Il vous suffira d\u2019\u00eatre pr\u00e9cis dans le type de profil que vous recherchez.<\/p>\n<p>Certains cabinets de recrutement peuvent vous proposer la chasse de t\u00eate en cas de besoin urgent ou de p\u00e9nurie de candidats. Cette derni\u00e8re technique fait d\u2019ailleurs partie des m\u00e9thodes utilis\u00e9es par <strong>ImpactUp<\/strong>, ses consultants-recruteurs pouvant se convertir en chasseurs de t\u00eates redoutables s\u2019il le faut. Ils pourront vous d\u00e9nicher la perle rare l\u00e0 o\u00f9 vous n\u2019auriez jamais pens\u00e9 chercher.<\/p>\n<h2><strong>ImpactUp garantit un suivi des nouvelles recrues <\/strong><\/h2>\n<p>Nous effectuons un suivi r\u00e9gulier de nos actions pendant une dur\u00e9e limit\u00e9e jusqu\u2019\u00e0 ce que vous obteniez des r\u00e9sultats positifs et palpables. Apr\u00e8s le recrutement d\u2019un profil en particulier, nous le mettons \u00e0 l\u2019\u00e9preuve pour voir s\u2019il peut vous convenir. Il s\u2019agit en fait de v\u00e9rifier si le candidat dispose d\u2019un bon potentiel s\u2019il se trouve sur le terrain apr\u00e8s plusieurs mois de pratique. Notre <a href=\"https:\/\/impactup.com\/cabinet-de-recrutement-marketing-nantes\"><strong>cabinet de recrutement<\/strong> de <strong>business developer<\/strong> \u00e0 <strong>Nantes <\/strong><\/a>peut vous accompagner dans l\u2019accomplissement de cette t\u00e2che.<\/p>\n<p>Parfois, il est difficile de mettre \u00e0 l\u2019aise un candidat dans un nouvel environnement et il lui faut du temps avant qu\u2019il ne s\u2019\u00e9panouisse dans son domaine d\u2019action. Au cas o\u00f9 le profil n\u2019est pas \u00e0 la hauteur, nous vous aiderons \u00e0 recruter un autre pour l\u2019aider. Sinon, nous pouvons vous trouver quelqu\u2019un d\u2019autre pour le remplacer.<strong>\u00a0<\/strong><\/p>\n<h2><strong>ImpactUp, cabinet de recrutement et chasseur de t\u00eates fran\u00e7ais fiable<\/strong><\/h2>\n<p>En plus de quinze ans de pr\u00e9sence en France, <a href=\"https:\/\/impactup.com\/\"><strong>ImpactUp<\/strong><\/a> a rendu de pr\u00e9cieux services aux entreprises commerciales fran\u00e7aises, mais \u00e9galement aux soci\u00e9t\u00e9s \u00e9trang\u00e8res dans le cadre de l\u2019embauche de collaborateurs fran\u00e7ais comp\u00e9tents pour leurs filiales install\u00e9es dans l\u2019Hexagone. Si vous cherchez un <strong>cabinet de recrutement<\/strong> pour trouver votre <strong>business developer<\/strong> \u00e0<strong> Nantes<\/strong>, nous mettons notre savoir-faire \u00e0 votre disposition. Nous utilisons des m\u00e9thodes d\u2019\u00e9valuation des candidats bas\u00e9es sur l\u2019utilisation d\u2019outils performants et innovants comme TalentInitial\u00ae, TalentAttitude\u00ae, TalentBusiness\u00ae et TalentRelation\u00ae \u2013 pour les comp\u00e9tences et aptitudes personnelles \u2013 ou encore Pipplet \u2013 pour le niveau en langues \u00e9trang\u00e8res.<\/p>\n<p>Nos autres domaines de sp\u00e9cialit\u00e9 incluent l\u2019organisation commerciale, la strat\u00e9gie commerciale, la motivation commerciale et le pilotage des outils ou des strat\u00e9gies de d\u00e9finition des indicateurs de performance, d\u2019analyse comportementale Disc, de mise en \u0153uvre d\u2019outils CRM et d\u2019efficacit\u00e9 personnelle.<\/p>\n<\/section>\n<p>[\/vc_column_text][\/vc_column][\/vc_row]<\/p>\n<\/div>","protected":false},"excerpt":{"rendered":"<p>[vc_row][vc_column width=&#8221;1\/3&#8243;][vc_btn title=&#8221;Voir notre offre&#8221; color=&#8221;secondarycolor&#8221; align=&#8221;center&#8221; css=&#8221;&#8221; link=&#8221;url:https%3A%2F%2Fimpactup.com%2Frecrutement%2F&#8221;][\/vc_column][vc_column width=&#8221;1\/3&#8243;][vc_btn title=&#8221;Confiez-nous votre projet&#8221; color=&#8221;secondarycolor&#8221; align=&#8221;center&#8221; css=&#8221;&#8221; link=&#8221;url:https%3A%2F%2Fimpactup.com%2Fetude-personnalisee%2F&#8221;][\/vc_column][vc_column width=&#8221;1\/3&#8243;][vc_btn title=&#8221;Contactez-nous&#8221; color=&#8221;secondarycolor&#8221; align=&#8221;center&#8221; css=&#8221;&#8221; link=&#8221;url:https%3A%2F%2Fimpactup.com%2Fcontact%2F&#8221;][\/vc_column][\/vc_row][vc_row css=&#8221;.vc_custom_1717658386032{padding-top: 40px !important;padding-bottom: 20px !important;}&#8221;][vc_column][vc_column_text css=&#8221;&#8221;] Contacter un cabinet de recrutement pour d\u00e9nicher un business developer \u00e0 Nantes Dans le cadre d\u2019un recrutement de business developer \u00e0 Nantes, vous pouvez vous adresser [&hellip;]<\/p>\n","protected":false},"author":4,"featured_media":0,"parent":17218,"menu_order":0,"comment_status":"closed","ping_status":"closed","template":"","meta":{"_monsterinsights_skip_tracking":false,"_monsterinsights_sitenote_active":false,"_monsterinsights_sitenote_note":"","_monsterinsights_sitenote_category":0,"footnotes":""},"class_list":["post-26320","page","type-page","status-publish","hentry"],"yoast_head":"<!-- This site is optimized with the Yoast SEO plugin v27.0 - https:\/\/yoast.com\/product\/yoast-seo-wordpress\/ -->\n<title>Cabinet de recrutement business developer Nantes - Rechercher un business developer \u00e0 Nantes via un cabinet de recrutement<\/title>\n<meta name=\"description\" content=\"Un cabinet de recrutement \u00e0 Nantes peut vous trouver un business developer. Sollicitez les services de ImpactUp, cabinet de recrutement \u00e0 Nantes pour trouver un business developer.\" \/>\n<meta name=\"robots\" content=\"index, follow, max-snippet:-1, max-image-preview:large, max-video-preview:-1\" \/>\n<link rel=\"canonical\" href=\"https:\/\/impactup.com\/en\/glossaire\/cabinet-de-recrutement-business-developer-nantes\/\" \/>\n<meta property=\"og:locale\" content=\"en_US\" \/>\n<meta property=\"og:type\" content=\"article\" \/>\n<meta property=\"og:title\" content=\"Cabinet de recrutement business developer Nantes - Rechercher un business developer \u00e0 Nantes via un cabinet de recrutement\" \/>\n<meta property=\"og:description\" content=\"Un cabinet de recrutement \u00e0 Nantes peut vous trouver un business developer. Sollicitez les services de ImpactUp, cabinet de recrutement \u00e0 Nantes pour trouver un business developer.\" \/>\n<meta property=\"og:url\" content=\"https:\/\/impactup.com\/en\/glossaire\/cabinet-de-recrutement-business-developer-nantes\/\" \/>\n<meta property=\"og:site_name\" content=\"ImpactUp\" \/>\n<meta property=\"article:modified_time\" content=\"2024-06-12T14:21:56+00:00\" \/>\n<meta property=\"og:image\" content=\"https:\/\/impactup.com\/wp-content\/uploads\/2021\/01\/og.jpg\" \/>\n\t<meta property=\"og:image:width\" content=\"1067\" \/>\n\t<meta property=\"og:image:height\" content=\"600\" \/>\n\t<meta property=\"og:image:type\" content=\"image\/jpeg\" \/>\n<meta name=\"twitter:card\" content=\"summary_large_image\" \/>\n<meta name=\"twitter:label1\" content=\"Est. reading time\" \/>\n\t<meta name=\"twitter:data1\" content=\"4 minutes\" \/>\n<script type=\"application\/ld+json\" class=\"yoast-schema-graph\">{\"@context\":\"https:\/\/schema.org\",\"@graph\":[{\"@type\":\"WebPage\",\"@id\":\"https:\/\/impactup.com\/en\/glossaire\/cabinet-de-recrutement-business-developer-nantes\/\",\"url\":\"https:\/\/impactup.com\/en\/glossaire\/cabinet-de-recrutement-business-developer-nantes\/\",\"name\":\"Cabinet de recrutement business developer Nantes - Rechercher un business developer \u00e0 Nantes via un cabinet de recrutement\",\"isPartOf\":{\"@id\":\"https:\/\/impactup.com\/en\/#website\"},\"datePublished\":\"2024-06-11T07:40:59+00:00\",\"dateModified\":\"2024-06-12T14:21:56+00:00\",\"description\":\"Un cabinet de recrutement \u00e0 Nantes peut vous trouver un business developer. Sollicitez les services de ImpactUp, cabinet de recrutement \u00e0 Nantes pour trouver un business developer.\",\"breadcrumb\":{\"@id\":\"https:\/\/impactup.com\/en\/glossaire\/cabinet-de-recrutement-business-developer-nantes\/#breadcrumb\"},\"inLanguage\":\"en-US\",\"potentialAction\":[{\"@type\":\"ReadAction\",\"target\":[\"https:\/\/impactup.com\/en\/glossaire\/cabinet-de-recrutement-business-developer-nantes\/\"]}]},{\"@type\":\"BreadcrumbList\",\"@id\":\"https:\/\/impactup.com\/en\/glossaire\/cabinet-de-recrutement-business-developer-nantes\/#breadcrumb\",\"itemListElement\":[{\"@type\":\"ListItem\",\"position\":1,\"name\":\"Accueil\",\"item\":\"https:\/\/impactup.com\/en\/\"},{\"@type\":\"ListItem\",\"position\":2,\"name\":\"Glossaire\",\"item\":\"https:\/\/impactup.com\/en\/glossaire\/\"},{\"@type\":\"ListItem\",\"position\":3,\"name\":\"Contacter un cabinet de recrutement pour d\u00e9nicher un business developer \u00e0 Nantes\"}]},{\"@type\":\"WebSite\",\"@id\":\"https:\/\/impactup.com\/en\/#website\",\"url\":\"https:\/\/impactup.com\/en\/\",\"name\":\"ImpactUp\",\"description\":\"Recrutement commerciaux, directions commerciales et fonctions marketing\",\"potentialAction\":[{\"@type\":\"SearchAction\",\"target\":{\"@type\":\"EntryPoint\",\"urlTemplate\":\"https:\/\/impactup.com\/en\/?s={search_term_string}\"},\"query-input\":{\"@type\":\"PropertyValueSpecification\",\"valueRequired\":true,\"valueName\":\"search_term_string\"}}],\"inLanguage\":\"en-US\"}]}<\/script>\n<!-- \/ Yoast SEO plugin. -->","yoast_head_json":{"title":"Cabinet de recrutement business developer Nantes - Rechercher un business developer \u00e0 Nantes via un cabinet de recrutement","description":"Un cabinet de recrutement \u00e0 Nantes peut vous trouver un business developer. Sollicitez les services de ImpactUp, cabinet de recrutement \u00e0 Nantes pour trouver un business developer.","robots":{"index":"index","follow":"follow","max-snippet":"max-snippet:-1","max-image-preview":"max-image-preview:large","max-video-preview":"max-video-preview:-1"},"canonical":"https:\/\/impactup.com\/en\/glossaire\/cabinet-de-recrutement-business-developer-nantes\/","og_locale":"en_US","og_type":"article","og_title":"Cabinet de recrutement business developer Nantes - Rechercher un business developer \u00e0 Nantes via un cabinet de recrutement","og_description":"Un cabinet de recrutement \u00e0 Nantes peut vous trouver un business developer. Sollicitez les services de ImpactUp, cabinet de recrutement \u00e0 Nantes pour trouver un business developer.","og_url":"https:\/\/impactup.com\/en\/glossaire\/cabinet-de-recrutement-business-developer-nantes\/","og_site_name":"ImpactUp","article_modified_time":"2024-06-12T14:21:56+00:00","og_image":[{"width":1067,"height":600,"url":"https:\/\/impactup.com\/wp-content\/uploads\/2021\/01\/og.jpg","type":"image\/jpeg"}],"twitter_card":"summary_large_image","twitter_misc":{"Est. reading time":"4 minutes"},"schema":{"@context":"https:\/\/schema.org","@graph":[{"@type":"WebPage","@id":"https:\/\/impactup.com\/en\/glossaire\/cabinet-de-recrutement-business-developer-nantes\/","url":"https:\/\/impactup.com\/en\/glossaire\/cabinet-de-recrutement-business-developer-nantes\/","name":"Cabinet de recrutement business developer Nantes - Rechercher un business developer \u00e0 Nantes via un cabinet de recrutement","isPartOf":{"@id":"https:\/\/impactup.com\/en\/#website"},"datePublished":"2024-06-11T07:40:59+00:00","dateModified":"2024-06-12T14:21:56+00:00","description":"Un cabinet de recrutement \u00e0 Nantes peut vous trouver un business developer. Sollicitez les services de ImpactUp, cabinet de recrutement \u00e0 Nantes pour trouver un business developer.","breadcrumb":{"@id":"https:\/\/impactup.com\/en\/glossaire\/cabinet-de-recrutement-business-developer-nantes\/#breadcrumb"},"inLanguage":"en-US","potentialAction":[{"@type":"ReadAction","target":["https:\/\/impactup.com\/en\/glossaire\/cabinet-de-recrutement-business-developer-nantes\/"]}]},{"@type":"BreadcrumbList","@id":"https:\/\/impactup.com\/en\/glossaire\/cabinet-de-recrutement-business-developer-nantes\/#breadcrumb","itemListElement":[{"@type":"ListItem","position":1,"name":"Accueil","item":"https:\/\/impactup.com\/en\/"},{"@type":"ListItem","position":2,"name":"Glossaire","item":"https:\/\/impactup.com\/en\/glossaire\/"},{"@type":"ListItem","position":3,"name":"Contacter un cabinet de recrutement pour d\u00e9nicher un business developer \u00e0 Nantes"}]},{"@type":"WebSite","@id":"https:\/\/impactup.com\/en\/#website","url":"https:\/\/impactup.com\/en\/","name":"ImpactUp","description":"Recrutement commerciaux, directions commerciales et fonctions marketing","potentialAction":[{"@type":"SearchAction","target":{"@type":"EntryPoint","urlTemplate":"https:\/\/impactup.com\/en\/?s={search_term_string}"},"query-input":{"@type":"PropertyValueSpecification","valueRequired":true,"valueName":"search_term_string"}}],"inLanguage":"en-US"}]}},"_links":{"self":[{"href":"https:\/\/impactup.com\/en\/wp-json\/wp\/v2\/pages\/26320","targetHints":{"allow":["GET"]}}],"collection":[{"href":"https:\/\/impactup.com\/en\/wp-json\/wp\/v2\/pages"}],"about":[{"href":"https:\/\/impactup.com\/en\/wp-json\/wp\/v2\/types\/page"}],"author":[{"embeddable":true,"href":"https:\/\/impactup.com\/en\/wp-json\/wp\/v2\/users\/4"}],"replies":[{"embeddable":true,"href":"https:\/\/impactup.com\/en\/wp-json\/wp\/v2\/comments?post=26320"}],"version-history":[{"count":5,"href":"https:\/\/impactup.com\/en\/wp-json\/wp\/v2\/pages\/26320\/revisions"}],"predecessor-version":[{"id":26534,"href":"https:\/\/impactup.com\/en\/wp-json\/wp\/v2\/pages\/26320\/revisions\/26534"}],"up":[{"embeddable":true,"href":"https:\/\/impactup.com\/en\/wp-json\/wp\/v2\/pages\/17218"}],"wp:attachment":[{"href":"https:\/\/impactup.com\/en\/wp-json\/wp\/v2\/media?parent=26320"}],"curies":[{"name":"wp","href":"https:\/\/api.w.org\/{rel}","templated":true}]}}