{"id":26315,"date":"2024-06-11T09:31:49","date_gmt":"2024-06-11T07:31:49","guid":{"rendered":"https:\/\/impactup.niou.dev\/?page_id=26315"},"modified":"2024-06-12T16:22:22","modified_gmt":"2024-06-12T14:22:22","slug":"cabinet-de-recrutement-business-developer-paris","status":"publish","type":"page","link":"https:\/\/impactup.com\/en\/glossaire\/cabinet-de-recrutement-business-developer-paris\/","title":{"rendered":"ImpactUp, cabinet sp\u00e9cialiste du recrutement du business developer sur Paris"},"content":{"rendered":"<div class=\"wpb-content-wrapper\"><p>[vc_row][vc_column width=&#8221;1\/3&#8243;][vc_btn title=&#8221;Voir notre offre&#8221; color=&#8221;secondarycolor&#8221; align=&#8221;center&#8221; css=&#8221;&#8221; link=&#8221;url:https%3A%2F%2Fimpactup.com%2Frecrutement%2F&#8221;][\/vc_column][vc_column width=&#8221;1\/3&#8243;][vc_btn title=&#8221;Confiez-nous votre projet&#8221; color=&#8221;secondarycolor&#8221; align=&#8221;center&#8221; css=&#8221;&#8221; link=&#8221;url:https%3A%2F%2Fimpactup.com%2Fetude-personnalisee%2F&#8221;][\/vc_column][vc_column width=&#8221;1\/3&#8243;][vc_btn title=&#8221;Contactez-nous&#8221; color=&#8221;secondarycolor&#8221; align=&#8221;center&#8221; css=&#8221;&#8221; link=&#8221;url:https%3A%2F%2Fimpactup.com%2Fcontact%2F&#8221;][\/vc_column][\/vc_row][vc_row css=&#8221;.vc_custom_1717658386032{padding-top: 40px !important;padding-bottom: 20px !important;}&#8221;][vc_column][vc_column_text css=&#8221;&#8221;]<\/p>\n<section style=\"text-align: justify;\">\n<h2>ImpactUp, cabinet sp\u00e9cialiste du recrutement du business developer sur Paris<\/h2>\n<p>Vous souhaitez \u00e9toffer votre \u00e9quipe avec un business developer et vous \u00eates \u00e0 la recherche du meilleur talent. Pour cela, l\u2019assistance d\u2019un cabinet sp\u00e9cialiste des profils commerciaux comme <strong>ImpactUp<\/strong> vous sera n\u00e9cessaire. En effet, notre <a href=\"https:\/\/impactup.com\/glossaire\/cabinet-de-recrutement-beaut%c3%a9-Paris\"><strong>cabinet de recrutement \u00e0 Paris<\/strong><\/a> peut vous aider \u00e0 trouver rapidement votre futur <a href=\"https:\/\/impactup.com\/glossaire\/cabinet-de-recrutement-beaut%c3%a9-Paris\"><strong>business developer<\/strong><\/a> , et ce, dans le strict respect de vos consignes.<\/p>\n<\/section>\n<p>[\/vc_column_text][\/vc_column][\/vc_row][vc_row][vc_column width=&#8221;1\/3&#8243;][vc_btn title=&#8221;Voir notre offre&#8221; color=&#8221;secondarycolor&#8221; align=&#8221;center&#8221; css=&#8221;&#8221; link=&#8221;url:https%3A%2F%2Fimpactup.com%2Frecrutement%2F&#8221;][\/vc_column][vc_column width=&#8221;1\/3&#8243;][vc_btn title=&#8221;Confiez-nous votre projet&#8221; color=&#8221;secondarycolor&#8221; align=&#8221;center&#8221; css=&#8221;&#8221; link=&#8221;url:https%3A%2F%2Fimpactup.com%2Fetude-personnalisee%2F&#8221;][\/vc_column][vc_column width=&#8221;1\/3&#8243;][vc_btn title=&#8221;Contactez-nous&#8221; color=&#8221;secondarycolor&#8221; align=&#8221;center&#8221; css=&#8221;&#8221; link=&#8221;url:https%3A%2F%2Fimpactup.com%2Fcontact%2F&#8221;][\/vc_column][\/vc_row][vc_row css=&#8221;.vc_custom_1717658445522{padding-top: 40px !important;}&#8221;][vc_column][vc_column_text css=&#8221;&#8221;]<\/p>\n<section style=\"text-align: justify;\">\n<h2>Rechercher le profil capable d\u2019optimiser la comp\u00e9titivit\u00e9 de votre entreprise<\/h2>\n<p><strong>ImpactUp<\/strong> met \u00e0 votre service son expertise et sa solide exp\u00e9rience dans le recrutement de fonctions commerciales et marketing. Notre mission consiste ainsi \u00e0 rechercher le profil capable d\u2019optimiser la comp\u00e9titivit\u00e9 de votre entreprise. D\u2019autant plus qu\u2019il n\u2019est pas facile de trouver et d\u2019entrer en contact avec les profils les plus talentueux, lesquels devraient avoir, outre des comp\u00e9tences techniques, des qualit\u00e9s personnelles permettant d\u2019atteindre les objectifs que vous vous \u00eates fix\u00e9s.<\/p>\n<p>Gr\u00e2ce \u00e0 une connaissance parfaite du march\u00e9 et le savoir-faire de notre \u00e9quipe de consultants, notre cabinet de recrutement peut se charger de la recherche et de l\u2019\u00e9valuation des candidats potentiels. Et pour garantir un r\u00e9sultat \u00e0 la hauteur de vos attentes, nous recourons \u00e0 une m\u00e9thodologie associant des actions de chasse et de recrutement par annonces.<\/p>\n<p>Selon la nature de la mission, nous pouvons nous charger tout ou partie du processus de recrutement, mais dans tous les cas, notre d\u00e9marche inclut la d\u00e9finition du besoin en consultation avec votre d\u00e9partement RH, la r\u00e9daction des documents cl\u00e9s (offre d\u2019emploi et description du poste), la recherche (prises de contact direct et diffusion d\u2019annonces sur notre site et les supports de votre choix), la pr\u00e9s\u00e9lection, les entretiens et les tests d\u2019\u00e9valuation, l\u2019\u00e9tablissement du short-list (avec recommandations), et le suivi du candidat retenu jusqu\u2019\u00e0 son embauche d\u00e9finitive.<\/p>\n<p>Ayant d\u00e9j\u00e0 trait\u00e9 plus de 2000 missions de recrutement de managers et de commerciaux de terrain, notre <a href=\"https:\/\/impactup.com\/glossaire\/cabinet-de-recrutement-commercial-Paris\"><strong>cabinet de recrutement sur Paris<\/strong><\/a> est en mesure de trouver le meilleur profil pour occuper le poste de <a href=\"https:\/\/impactup.com\/glossaire\/cabinet-de-recrutement-commercial-Paris\"><strong>business developer<\/strong><\/a> dans votre entreprise.<\/p>\n<h2>Les r\u00e9f\u00e9rentiels m\u00e9tiers du business developer<\/h2>\n<p>\u00c0 la diff\u00e9rence du chef des ventes, le <strong>business developer<\/strong> a comme principales missions, la recherche de nouveaux clients et d\u2019opportunit\u00e9s permettant de p\u00e9renniser le d\u00e9veloppement des activit\u00e9s de l\u2019entreprise. Il doit ainsi poss\u00e9der une connaissance pointue de votre secteur et de solides comp\u00e9tences en mati\u00e8re de commerce. Un sens relationnel tr\u00e8s d\u00e9velopp\u00e9 de m\u00eame qu\u2019une grande capacit\u00e9 de n\u00e9gociation sont \u00e9galement des qualit\u00e9s requises pour assumer ces fonctions.<\/p>\n<p>Les sortants des \u00e9coles de commerce (Bac +3 ou Bac +5) sont tr\u00e8s recherch\u00e9s par les recruteurs, mais certains profils ayant suivi un parcours d\u2019ing\u00e9nieur int\u00e9ressent \u00e9galement les entreprises \u00e0 condition qu\u2019ils ma\u00eetrisent les rouages du syst\u00e8me du commerce, notamment les enjeux de la relation de l\u2019entreprise avec ses clients.<\/p>\n<p>Partenaire de nombreuses grandes structures et PME dans le cadre des missions de recrutement et de conseils depuis 2005, notre <a href=\"https:\/\/impactup.com\/glossaire\/cabinet-de-recrutement-commercial-export-Paris\"><strong>cabinet<\/strong><\/a> est reconnu comme expert dans le <a href=\"https:\/\/impactup.com\/glossaire\/cabinet-de-recrutement-commercial-export-Paris\"><strong>recrutement de business developer<\/strong><\/a> et d\u2019autres profils commerciaux et marketing sur <a href=\"https:\/\/impactup.com\/glossaire\/cabinet-de-recrutement-commercial-export-Paris\"><strong>Paris<\/strong><\/a> et dans tout le territoire national.<\/p>\n<p><strong>Pour avoir plus d&#8217;informations :<\/strong><\/p>\n<p><a href=\"https:\/\/impactup.com\/glossaire\/cabinet-de-recrutement-business-developer-paris\">Cabinet de recrutement business developer Paris<\/a><br \/>\n<a href=\"https:\/\/impactup.com\/glossaire\/cabinet-chasse-de-t\u00eate-beaut\u00e9-paris\">Cabinet chasse de t\u00eate beaut\u00e9 Paris<\/a><br \/>\n<a href=\"https:\/\/impactup.com\/glossaire\/cabinet-de-recrutement-beaute-directeur-commercial\/\">Cabinet de recrutement beaut\u00e9 commercial<\/a><br \/>\n<a href=\"https:\/\/impactup.com\/glossaire\/cabinet-de-recrutement-beaute-directeur-commercial\">Cabinet de recrutement beaut\u00e9 directeur commercial<\/a><br \/>\n<a href=\"https:\/\/impactup.com\/glossaire\/cabinet-de-recrutement-beaute-paris\">Cabinet de recrutement beaut\u00e9 Paris<\/a><br \/>\n<a href=\"https:\/\/impactup.com\/glossaire\/cabinet-de-recrutement-business-developer-bordeaux\">Cabinet de recrutement business developer Bordeaux<\/a><br \/>\n<a href=\"https:\/\/impactup.com\/glossaire\/cabinet-de-recrutement-business-developer-nantes\">Cabinet de recrutement business developer Nantes<\/a><br \/>\n<a href=\"https:\/\/impactup.com\/glossaire\/cabinet-de-recrutement-business-developer-toulouse\">Cabinet de recrutement business developer Toulouse<\/a><br \/>\n<a href=\"https:\/\/impactup.com\/glossaire\/cabinet-de-recrutement-cosmetique-paris\">Cabinet de recrutement cosm\u00e9tique Paris<\/a><br \/>\n<a href=\"https:\/\/impactup.com\/glossaire\/cabinet-recrutement-commercial-cosmetique\">Cabinet recrutement commercial cosm\u00e9tique<\/a><br \/>\n<a href=\"https:\/\/impactup.com\/glossaire\/recrutement-sales-digital\">Recrutement sales digital<\/a><br \/>\n<a href=\"https:\/\/impactup.com\/glossaire\/cabinet-de-developpement-commercial-grenoble-38\">Cabinet de d\u00e9veloppement commercial Grenoble 38<\/a><\/p>\n<\/section>\n<p>[\/vc_column_text][\/vc_column][\/vc_row]<\/p>\n<\/div>","protected":false},"excerpt":{"rendered":"<p>[vc_row][vc_column width=&#8221;1\/3&#8243;][vc_btn title=&#8221;Voir notre offre&#8221; color=&#8221;secondarycolor&#8221; align=&#8221;center&#8221; css=&#8221;&#8221; link=&#8221;url:https%3A%2F%2Fimpactup.com%2Frecrutement%2F&#8221;][\/vc_column][vc_column width=&#8221;1\/3&#8243;][vc_btn title=&#8221;Confiez-nous votre projet&#8221; color=&#8221;secondarycolor&#8221; align=&#8221;center&#8221; css=&#8221;&#8221; link=&#8221;url:https%3A%2F%2Fimpactup.com%2Fetude-personnalisee%2F&#8221;][\/vc_column][vc_column width=&#8221;1\/3&#8243;][vc_btn title=&#8221;Contactez-nous&#8221; color=&#8221;secondarycolor&#8221; align=&#8221;center&#8221; css=&#8221;&#8221; link=&#8221;url:https%3A%2F%2Fimpactup.com%2Fcontact%2F&#8221;][\/vc_column][\/vc_row][vc_row css=&#8221;.vc_custom_1717658386032{padding-top: 40px !important;padding-bottom: 20px !important;}&#8221;][vc_column][vc_column_text css=&#8221;&#8221;] ImpactUp, cabinet sp\u00e9cialiste du recrutement du business developer sur Paris Vous souhaitez \u00e9toffer votre \u00e9quipe avec un business developer et vous \u00eates \u00e0 la recherche du [&hellip;]<\/p>\n","protected":false},"author":4,"featured_media":0,"parent":17218,"menu_order":0,"comment_status":"closed","ping_status":"closed","template":"","meta":{"_monsterinsights_skip_tracking":false,"_monsterinsights_sitenote_active":false,"_monsterinsights_sitenote_note":"","_monsterinsights_sitenote_category":0,"footnotes":""},"class_list":["post-26315","page","type-page","status-publish","hentry"],"yoast_head":"<!-- This site is optimized with the Yoast SEO plugin v27.0 - https:\/\/yoast.com\/product\/yoast-seo-wordpress\/ -->\n<title>Cabinet sp\u00e9cialiste du recrutement du business developer sur Paris<\/title>\n<meta name=\"description\" content=\"Le cabinet ImpactUP est sp\u00e9cialiste du recrutement du business developer sur Paris. Confier le recrutement de votre futur business developer \u00e0 notre cabinet \u00e0 Paris.\" \/>\n<meta name=\"robots\" content=\"index, follow, max-snippet:-1, max-image-preview:large, max-video-preview:-1\" \/>\n<link rel=\"canonical\" href=\"https:\/\/impactup.com\/en\/glossaire\/cabinet-de-recrutement-business-developer-paris\/\" \/>\n<meta property=\"og:locale\" content=\"en_US\" \/>\n<meta property=\"og:type\" content=\"article\" \/>\n<meta property=\"og:title\" content=\"Cabinet sp\u00e9cialiste du recrutement du business developer sur Paris\" \/>\n<meta property=\"og:description\" content=\"Le cabinet ImpactUP est sp\u00e9cialiste du recrutement du business developer sur Paris. Confier le recrutement de votre futur business developer \u00e0 notre cabinet \u00e0 Paris.\" \/>\n<meta property=\"og:url\" content=\"https:\/\/impactup.com\/en\/glossaire\/cabinet-de-recrutement-business-developer-paris\/\" \/>\n<meta property=\"og:site_name\" content=\"ImpactUp\" \/>\n<meta property=\"article:modified_time\" content=\"2024-06-12T14:22:22+00:00\" \/>\n<meta property=\"og:image\" content=\"https:\/\/impactup.com\/wp-content\/uploads\/2021\/01\/og.jpg\" \/>\n\t<meta property=\"og:image:width\" content=\"1067\" \/>\n\t<meta property=\"og:image:height\" content=\"600\" \/>\n\t<meta property=\"og:image:type\" content=\"image\/jpeg\" \/>\n<meta name=\"twitter:card\" content=\"summary_large_image\" \/>\n<meta name=\"twitter:label1\" content=\"Est. reading time\" \/>\n\t<meta name=\"twitter:data1\" content=\"4 minutes\" \/>\n<script type=\"application\/ld+json\" class=\"yoast-schema-graph\">{\"@context\":\"https:\/\/schema.org\",\"@graph\":[{\"@type\":\"WebPage\",\"@id\":\"https:\/\/impactup.com\/en\/glossaire\/cabinet-de-recrutement-business-developer-paris\/\",\"url\":\"https:\/\/impactup.com\/en\/glossaire\/cabinet-de-recrutement-business-developer-paris\/\",\"name\":\"Cabinet sp\u00e9cialiste du recrutement du business developer sur Paris\",\"isPartOf\":{\"@id\":\"https:\/\/impactup.com\/en\/#website\"},\"datePublished\":\"2024-06-11T07:31:49+00:00\",\"dateModified\":\"2024-06-12T14:22:22+00:00\",\"description\":\"Le cabinet ImpactUP est sp\u00e9cialiste du recrutement du business developer sur Paris. Confier le recrutement de votre futur business developer \u00e0 notre cabinet \u00e0 Paris.\",\"breadcrumb\":{\"@id\":\"https:\/\/impactup.com\/en\/glossaire\/cabinet-de-recrutement-business-developer-paris\/#breadcrumb\"},\"inLanguage\":\"en-US\",\"potentialAction\":[{\"@type\":\"ReadAction\",\"target\":[\"https:\/\/impactup.com\/en\/glossaire\/cabinet-de-recrutement-business-developer-paris\/\"]}]},{\"@type\":\"BreadcrumbList\",\"@id\":\"https:\/\/impactup.com\/en\/glossaire\/cabinet-de-recrutement-business-developer-paris\/#breadcrumb\",\"itemListElement\":[{\"@type\":\"ListItem\",\"position\":1,\"name\":\"Accueil\",\"item\":\"https:\/\/impactup.com\/en\/\"},{\"@type\":\"ListItem\",\"position\":2,\"name\":\"Glossaire\",\"item\":\"https:\/\/impactup.com\/en\/glossaire\/\"},{\"@type\":\"ListItem\",\"position\":3,\"name\":\"ImpactUp, cabinet sp\u00e9cialiste du recrutement du business developer sur Paris\"}]},{\"@type\":\"WebSite\",\"@id\":\"https:\/\/impactup.com\/en\/#website\",\"url\":\"https:\/\/impactup.com\/en\/\",\"name\":\"ImpactUp\",\"description\":\"Recrutement commerciaux, directions commerciales et fonctions marketing\",\"potentialAction\":[{\"@type\":\"SearchAction\",\"target\":{\"@type\":\"EntryPoint\",\"urlTemplate\":\"https:\/\/impactup.com\/en\/?s={search_term_string}\"},\"query-input\":{\"@type\":\"PropertyValueSpecification\",\"valueRequired\":true,\"valueName\":\"search_term_string\"}}],\"inLanguage\":\"en-US\"}]}<\/script>\n<!-- \/ Yoast SEO plugin. -->","yoast_head_json":{"title":"Cabinet sp\u00e9cialiste du recrutement du business developer sur Paris","description":"Le cabinet ImpactUP est sp\u00e9cialiste du recrutement du business developer sur Paris. Confier le recrutement de votre futur business developer \u00e0 notre cabinet \u00e0 Paris.","robots":{"index":"index","follow":"follow","max-snippet":"max-snippet:-1","max-image-preview":"max-image-preview:large","max-video-preview":"max-video-preview:-1"},"canonical":"https:\/\/impactup.com\/en\/glossaire\/cabinet-de-recrutement-business-developer-paris\/","og_locale":"en_US","og_type":"article","og_title":"Cabinet sp\u00e9cialiste du recrutement du business developer sur Paris","og_description":"Le cabinet ImpactUP est sp\u00e9cialiste du recrutement du business developer sur Paris. Confier le recrutement de votre futur business developer \u00e0 notre cabinet \u00e0 Paris.","og_url":"https:\/\/impactup.com\/en\/glossaire\/cabinet-de-recrutement-business-developer-paris\/","og_site_name":"ImpactUp","article_modified_time":"2024-06-12T14:22:22+00:00","og_image":[{"width":1067,"height":600,"url":"https:\/\/impactup.com\/wp-content\/uploads\/2021\/01\/og.jpg","type":"image\/jpeg"}],"twitter_card":"summary_large_image","twitter_misc":{"Est. reading time":"4 minutes"},"schema":{"@context":"https:\/\/schema.org","@graph":[{"@type":"WebPage","@id":"https:\/\/impactup.com\/en\/glossaire\/cabinet-de-recrutement-business-developer-paris\/","url":"https:\/\/impactup.com\/en\/glossaire\/cabinet-de-recrutement-business-developer-paris\/","name":"Cabinet sp\u00e9cialiste du recrutement du business developer sur Paris","isPartOf":{"@id":"https:\/\/impactup.com\/en\/#website"},"datePublished":"2024-06-11T07:31:49+00:00","dateModified":"2024-06-12T14:22:22+00:00","description":"Le cabinet ImpactUP est sp\u00e9cialiste du recrutement du business developer sur Paris. Confier le recrutement de votre futur business developer \u00e0 notre cabinet \u00e0 Paris.","breadcrumb":{"@id":"https:\/\/impactup.com\/en\/glossaire\/cabinet-de-recrutement-business-developer-paris\/#breadcrumb"},"inLanguage":"en-US","potentialAction":[{"@type":"ReadAction","target":["https:\/\/impactup.com\/en\/glossaire\/cabinet-de-recrutement-business-developer-paris\/"]}]},{"@type":"BreadcrumbList","@id":"https:\/\/impactup.com\/en\/glossaire\/cabinet-de-recrutement-business-developer-paris\/#breadcrumb","itemListElement":[{"@type":"ListItem","position":1,"name":"Accueil","item":"https:\/\/impactup.com\/en\/"},{"@type":"ListItem","position":2,"name":"Glossaire","item":"https:\/\/impactup.com\/en\/glossaire\/"},{"@type":"ListItem","position":3,"name":"ImpactUp, cabinet sp\u00e9cialiste du recrutement du business developer sur Paris"}]},{"@type":"WebSite","@id":"https:\/\/impactup.com\/en\/#website","url":"https:\/\/impactup.com\/en\/","name":"ImpactUp","description":"Recrutement commerciaux, directions commerciales et fonctions marketing","potentialAction":[{"@type":"SearchAction","target":{"@type":"EntryPoint","urlTemplate":"https:\/\/impactup.com\/en\/?s={search_term_string}"},"query-input":{"@type":"PropertyValueSpecification","valueRequired":true,"valueName":"search_term_string"}}],"inLanguage":"en-US"}]}},"_links":{"self":[{"href":"https:\/\/impactup.com\/en\/wp-json\/wp\/v2\/pages\/26315","targetHints":{"allow":["GET"]}}],"collection":[{"href":"https:\/\/impactup.com\/en\/wp-json\/wp\/v2\/pages"}],"about":[{"href":"https:\/\/impactup.com\/en\/wp-json\/wp\/v2\/types\/page"}],"author":[{"embeddable":true,"href":"https:\/\/impactup.com\/en\/wp-json\/wp\/v2\/users\/4"}],"replies":[{"embeddable":true,"href":"https:\/\/impactup.com\/en\/wp-json\/wp\/v2\/comments?post=26315"}],"version-history":[{"count":4,"href":"https:\/\/impactup.com\/en\/wp-json\/wp\/v2\/pages\/26315\/revisions"}],"predecessor-version":[{"id":26535,"href":"https:\/\/impactup.com\/en\/wp-json\/wp\/v2\/pages\/26315\/revisions\/26535"}],"up":[{"embeddable":true,"href":"https:\/\/impactup.com\/en\/wp-json\/wp\/v2\/pages\/17218"}],"wp:attachment":[{"href":"https:\/\/impactup.com\/en\/wp-json\/wp\/v2\/media?parent=26315"}],"curies":[{"name":"wp","href":"https:\/\/api.w.org\/{rel}","templated":true}]}}