{"id":26300,"date":"2024-06-10T16:46:29","date_gmt":"2024-06-10T14:46:29","guid":{"rendered":"https:\/\/impactup.niou.dev\/?page_id=26300"},"modified":"2024-06-12T16:29:43","modified_gmt":"2024-06-12T14:29:43","slug":"cabinet-de-recrutement-de-commerciaux-a-la-rochelle","status":"publish","type":"page","link":"https:\/\/impactup.com\/en\/glossaire\/cabinet-de-recrutement-de-commerciaux-a-la-rochelle\/","title":{"rendered":"ImpactUp, le cabinet de recrutement pour les fonctions commerciales \u00e0 La Rochelle"},"content":{"rendered":"<div class=\"wpb-content-wrapper\"><p>[vc_row][vc_column width=&#8221;1\/3&#8243;][vc_btn title=&#8221;Voir notre offre&#8221; color=&#8221;secondarycolor&#8221; align=&#8221;center&#8221; css=&#8221;&#8221; link=&#8221;url:https%3A%2F%2Fimpactup.com%2Frecrutement%2F&#8221;][\/vc_column][vc_column width=&#8221;1\/3&#8243;][vc_btn title=&#8221;Confiez-nous votre projet&#8221; color=&#8221;secondarycolor&#8221; align=&#8221;center&#8221; css=&#8221;&#8221; link=&#8221;url:https%3A%2F%2Fimpactup.com%2Fetude-personnalisee%2F&#8221;][\/vc_column][vc_column width=&#8221;1\/3&#8243;][vc_btn title=&#8221;Contactez-nous&#8221; color=&#8221;secondarycolor&#8221; align=&#8221;center&#8221; css=&#8221;&#8221; link=&#8221;url:https%3A%2F%2Fimpactup.com%2Fcontact%2F&#8221;][\/vc_column][\/vc_row][vc_row css=&#8221;.vc_custom_1717658386032{padding-top: 40px !important;padding-bottom: 20px !important;}&#8221;][vc_column][vc_column_text css=&#8221;&#8221;]<\/p>\n<section style=\"text-align: justify;\">\n<h2><strong>ImpactUp, le cabinet de recrutement pour les fonctions commerciales \u00e0 La Rochelle<\/strong><\/h2>\n<p>Les entreprises de l\u2019industrie de la distribution ne cessent d\u2019innover pour accro\u00eetre leurs parts de march\u00e9 ann\u00e9e apr\u00e8s ann\u00e9e. Un des meilleurs moyens pour parvenir \u00e0 garder ce rythme effr\u00e9n\u00e9 est d\u2019avoir des collaborateurs qualifi\u00e9s. Ceci implique la mise en place solide d\u2019une politique d\u2019embauche. Les plus grandes enseignes pr\u00e9f\u00e8rent recourir aux services de <a href=\"https:\/\/impactup.com\/cabinet-de-chasse-de-t%C3%AAte\"><strong>cabinets de recrutement<\/strong><\/a> sp\u00e9cialis\u00e9s. Pour une ville qui a l\u2019envergure de <a href=\"https:\/\/impactup.com\/cabinet-de-chasse-de-t%C3%AAte\"><strong>La Rochelle<\/strong><\/a>, une agence comme <strong>ImpactUp<\/strong> peut \u00eatre d\u2019une pr\u00e9cieuse aide pour les soci\u00e9t\u00e9s. Expert des fonctions commerciales, <strong>ImpactUp<\/strong> a des antennes un peu partout sur le territoire fran\u00e7ais. Responsable marketing, directeur des ventes, chef de produit ou encore category manager, notre agence d\u00e9niche pour vous les meilleurs profils pour occuper ces postes cl\u00e9s. Nous accompagnons nos clients dans leurs processus de recrutement de A \u00e0 Z.<\/p>\n<\/section>\n<p>[\/vc_column_text][\/vc_column][\/vc_row][vc_row][vc_column width=&#8221;1\/3&#8243;][vc_btn title=&#8221;Voir notre offre&#8221; color=&#8221;secondarycolor&#8221; align=&#8221;center&#8221; css=&#8221;&#8221; link=&#8221;url:https%3A%2F%2Fimpactup.com%2Frecrutement%2F&#8221;][\/vc_column][vc_column width=&#8221;1\/3&#8243;][vc_btn title=&#8221;Confiez-nous votre projet&#8221; color=&#8221;secondarycolor&#8221; align=&#8221;center&#8221; css=&#8221;&#8221; link=&#8221;url:https%3A%2F%2Fimpactup.com%2Fetude-personnalisee%2F&#8221;][\/vc_column][vc_column width=&#8221;1\/3&#8243;][vc_btn title=&#8221;Contactez-nous&#8221; color=&#8221;secondarycolor&#8221; align=&#8221;center&#8221; css=&#8221;&#8221; link=&#8221;url:https%3A%2F%2Fimpactup.com%2Fcontact%2F&#8221;][\/vc_column][\/vc_row][vc_row css=&#8221;.vc_custom_1717658445522{padding-top: 40px !important;}&#8221;][vc_column][vc_column_text css=&#8221;&#8221;]<\/p>\n<section style=\"text-align: justify;\">\n<h2><strong>Pourquoi faire appel \u00e0 un cabinet de recrutement\u00a0?<\/strong><\/h2>\n<p>Concevoir, mettre en \u0153uvre et g\u00e9rer une campagne de recrutement pour d\u00e9nicher des sp\u00e9cialistes dans le commercial et le marketing est une t\u00e2che assez compliqu\u00e9e. En effet, le recrutement est une op\u00e9ration \u00e0 la fois chronophage et fastidieuse, n\u00e9cessitant par ailleurs la mobilisation de plusieurs personnes au sein de l\u2019entreprise. Faire appel \u00e0 un <strong>cabinet de recrutement<\/strong> de la <strong>Rochelle<\/strong> pour s\u2019occuper de la recherche et de l\u2019embauche de vos collaborateurs se pr\u00e9sente comme une solution pratique et avantageuse.<\/p>\n<p>Notre agence vous aidera dans la conception et la diffusion de votre offre d\u2019emploi en fonction de vos besoins et des canaux adapt\u00e9s. Elle prendra ensuite en charge les diff\u00e9rentes \u00e9tapes notamment la r\u00e9ception et le tri des dossiers de candidature ainsi que l\u2019appel des candidats dont le profil correspond aux postes vacants. L\u2019organisation des tests et la r\u00e9alisation des premiers entretiens qui permettront de s\u00e9lectionner les candidats de valeur sont \u00e9galement de son ressort.<\/p>\n<h2><strong>Du recrutement \u00e0 la chasse de t\u00eate<\/strong><\/h2>\n<p>Parfois, notre <a href=\"https:\/\/impactup.com\/meilleur-cabinet-de-recrutement-de-cadres-commerciaux\"><strong>cabinet de recrutement de La Rochelle <\/strong><\/a>n\u2019arrive pas \u00e0 trouver le candidat id\u00e9al en recourant \u00e0 la m\u00e9thode traditionnelle. Il peut y avoir plusieurs raisons \u00e0 cela, entre autres la p\u00e9nurie de candidats r\u00e9pondant au profil demand\u00e9; la complexit\u00e9 des missions relatives aux postes \u00e0 pourvoir ou encore la n\u00e9cessit\u00e9 de recruter en urgence. Tous ces \u00e9l\u00e9ments favorisent les risques d\u2019une p\u00e9nurie de candidats.<\/p>\n<p>Dans ce cas, nous passons \u00e0 l\u2019approche directe en confiant \u00e0 notre chasseur de t\u00eate la mission d\u2019entrer en contact avec les profils pouvant correspondre aux exigences du poste. Cette d\u00e9marche nous permet de solliciter la candidature des personnes qui ne pensaient pas postuler ou qui ont exerc\u00e9 un m\u00e9tier diff\u00e9rent, mais disposant des comp\u00e9tences et des aptitudes certaines pour assumer les postes avec succ\u00e8s.<\/p>\n<h2><strong>ImpactUP, sp\u00e9cialiste du recrutement de professionnels des fonctions commerciales et marketing<\/strong><\/h2>\n<p>Form\u00e9 par une \u00e9quipe de consultants experts des fonctions commerciales et marketing, <strong>ImpactUP<\/strong> est l\u2019une des r\u00e9f\u00e9rences dans la recherche des candidats de valeur. Pr\u00e9sent \u00e0 <a href=\"https:\/\/impactup.com\/cabinet-de-recrutement-en-france\"><strong>La Rochelle, notre cabinet de recrutement <\/strong><\/a>mise sur la proximit\u00e9, le pragmatisme et la culture de r\u00e9sultat pour assurer le succ\u00e8s de toutes ses missions.<\/p>\n<p>Comptant plus de 2000 recrutements \u00e0 notre actif, nous proposons des solutions sur mesure \u00e0 chacun de nos clients. Vous pouvez nous confier tout ou une partie du processus de recrutement de vos collaborateurs commerciaux (dirigeants, managers op\u00e9rationnels, commerciaux). Nous sommes le partenaire de confiance de nombreux groupes tricolores et internationaux, convaincus par notre professionnalisme. Gr\u00e2ce \u00e0 une m\u00e9thodologie innovante et des relations tiss\u00e9es avec les talents les plus reconnus dans le secteur de la vente, notre cabinet est en mesure de vous trouver en un minimum de d\u00e9lais les experts et techniciens qui pourraient contribuer activement dans le d\u00e9veloppement de votre chiffre d\u2019affaires.<\/p>\n<h2><strong>ImpactUp, une d\u00e9marche de recrutement unique<\/strong><\/h2>\n<p>Avec plus de quinze ann\u00e9es d\u2019existence, nous avons pu exp\u00e9rimenter tous les al\u00e9as du recrutement. Par cons\u00e9quent, notre m\u00e9thode de travail a pu \u00eatre fignol\u00e9e au fil du temps. Pour chaque mission d\u2019embauche par exemple, l\u2019\u00e9quipe <strong>ImpactUp<\/strong> adopte une approche \u00e0 7 \u00e9tapes. Non seulement, cela nous fait gagner un temps pr\u00e9cieux, mais cette d\u00e9marche nous permet surtout de garantir la qualit\u00e9 de notre travail aupr\u00e8s de nos collaborateurs.<\/p>\n<ul>\n<li>D\u00e9termination des besoins\u00a0: nous d\u00e9finissons les r\u00e9elles attentes du client\u2009;<\/li>\n<li>R\u00e9daction\u00a0: nous pr\u00e9parons les annonces et les fiches de poste\u2009;<\/li>\n<li>Recherche\u00a0: nous diffusons ladite annonce sur les plateformes d\u00e9di\u00e9es\u2009;<\/li>\n<li>Pr\u00e9-s\u00e9lection\u00a0: nous s\u00e9lectionnons les CV et proc\u00e9dons \u00e0 des entretiens t\u00e9l\u00e9phoniques\u2009;<\/li>\n<li>S\u00e9lection\u00a0: nos sp\u00e9cialistes font passer des tests aux candidats\u2009;<\/li>\n<li>Shortlist\u00a0: une liste des profils retenus est envoy\u00e9e au client\u2009;<\/li>\n<li>Suivi\u00a0: nous nous assurons que le candidat recrut\u00e9 est bien int\u00e9gr\u00e9 dans son nouveau poste.<\/li>\n<\/ul>\n<h2><strong>Des prestations vari\u00e9es<\/strong><\/h2>\n<p><strong>ImpactUP<\/strong> propose une large palette de prestations pour doter rapidement les entreprises de nouveaux talents :<\/p>\n<ul>\n<li>un service en ligne SaaS d\u2019\u00e9valuation qui donne l\u2019opportunit\u00e9 de valider les comp\u00e9tences dans une langue \u00e9trang\u00e8re et ainsi de renforcer ses capacit\u00e9s en langues \u00e9trang\u00e8res propos\u00e9 en collaboration avec Pipplet ;<\/li>\n<li>une plateforme d\u2019\u00e9valuation qui comporte 4 gammes d\u2019outils : TalentRelation\u00ae, TalentBusiness\u00ae, TalentAttitude\u00ae et TalentInitial\u00ae.<\/li>\n<\/ul>\n<p>Nous aussi pouvons traiter des missions pour des besoins ponctuels et vous permettre de b\u00e9n\u00e9ficier du savoir-faire des sp\u00e9cialistes externalis\u00e9s. Il nous est m\u00eame possible d\u2019intervenir comme une direction commerciale \u00e0 l\u2019aide de nos prestations de conseil et de d\u00e9veloppement commercial. Vous pouvez alors vous appuyer sur nos comp\u00e9tences dans l\u2019\u00e9laboration de la strat\u00e9gie commerciale, la r\u00e9alisation du plan d\u2019adressage, le pilotage du projet CRM ou encore les plans de formation ou les programmes incentives.<\/p>\n<p>Mais ce n\u2019est pas tout, nous avons aussi cr\u00e9\u00e9 une division retail, laquelle pourrait vous accompagner dans le recrutement des collaborateurs qui vont \u00eatre charg\u00e9s des fonctions de distribution (directeur de magasin, directeur des ventes, responsable merchandising, responsable identit\u00e9 visuelle&#8230;). Dans le domaine du conseil, notre domaine d\u2019interventions comprend l\u2019organisation et la reingeniering (mise en place de mode projet, modification de structures&#8230;), l\u2019accompagnement et la formation sur mesure.<\/p>\n<p>Enfin, l\u2019accompagnement des candidats est une autre des missions d\u2019<a href=\"https:\/\/impactup.com\"><strong>ImpactUP<\/strong><\/a> en tenant compte de leurs objectifs.<\/p>\n<\/section>\n<p>[\/vc_column_text][\/vc_column][\/vc_row]<\/p>\n<\/div>","protected":false},"excerpt":{"rendered":"<p>[vc_row][vc_column width=&#8221;1\/3&#8243;][vc_btn title=&#8221;Voir notre offre&#8221; color=&#8221;secondarycolor&#8221; align=&#8221;center&#8221; css=&#8221;&#8221; link=&#8221;url:https%3A%2F%2Fimpactup.com%2Frecrutement%2F&#8221;][\/vc_column][vc_column width=&#8221;1\/3&#8243;][vc_btn title=&#8221;Confiez-nous votre projet&#8221; color=&#8221;secondarycolor&#8221; align=&#8221;center&#8221; css=&#8221;&#8221; link=&#8221;url:https%3A%2F%2Fimpactup.com%2Fetude-personnalisee%2F&#8221;][\/vc_column][vc_column width=&#8221;1\/3&#8243;][vc_btn title=&#8221;Contactez-nous&#8221; color=&#8221;secondarycolor&#8221; align=&#8221;center&#8221; css=&#8221;&#8221; link=&#8221;url:https%3A%2F%2Fimpactup.com%2Fcontact%2F&#8221;][\/vc_column][\/vc_row][vc_row css=&#8221;.vc_custom_1717658386032{padding-top: 40px !important;padding-bottom: 20px !important;}&#8221;][vc_column][vc_column_text css=&#8221;&#8221;] ImpactUp, le cabinet de recrutement pour les fonctions commerciales \u00e0 La Rochelle Les entreprises de l\u2019industrie de la distribution ne cessent d\u2019innover pour accro\u00eetre leurs parts [&hellip;]<\/p>\n","protected":false},"author":4,"featured_media":0,"parent":17218,"menu_order":0,"comment_status":"closed","ping_status":"closed","template":"","meta":{"_monsterinsights_skip_tracking":false,"_monsterinsights_sitenote_active":false,"_monsterinsights_sitenote_note":"","_monsterinsights_sitenote_category":0,"footnotes":""},"class_list":["post-26300","page","type-page","status-publish","hentry"],"yoast_head":"<!-- This site is optimized with the Yoast SEO plugin v27.0 - https:\/\/yoast.com\/product\/yoast-seo-wordpress\/ -->\n<title>Cabinet de recrutement La Rochelle- Un cabinet de recrutement exp\u00e9riment\u00e9 \u00e0 La Rochelle<\/title>\n<meta name=\"description\" content=\"Un cabinet de recrutement pour les fonctions commerciales \u00e0 La Rochelle. ImpactUp est un cabinet de recrutement pl\u00e9biscit\u00e9 par les entreprises de La Rochelle.\" \/>\n<meta name=\"robots\" content=\"index, follow, max-snippet:-1, max-image-preview:large, max-video-preview:-1\" \/>\n<link rel=\"canonical\" href=\"https:\/\/impactup.com\/en\/glossaire\/cabinet-de-recrutement-de-commerciaux-a-la-rochelle\/\" \/>\n<meta property=\"og:locale\" content=\"en_US\" \/>\n<meta property=\"og:type\" content=\"article\" \/>\n<meta property=\"og:title\" content=\"Cabinet de recrutement La Rochelle- Un cabinet de recrutement exp\u00e9riment\u00e9 \u00e0 La Rochelle\" \/>\n<meta property=\"og:description\" content=\"Un cabinet de recrutement pour les fonctions commerciales \u00e0 La Rochelle. ImpactUp est un cabinet de recrutement pl\u00e9biscit\u00e9 par les entreprises de La Rochelle.\" \/>\n<meta property=\"og:url\" content=\"https:\/\/impactup.com\/en\/glossaire\/cabinet-de-recrutement-de-commerciaux-a-la-rochelle\/\" \/>\n<meta property=\"og:site_name\" content=\"ImpactUp\" \/>\n<meta property=\"article:modified_time\" content=\"2024-06-12T14:29:43+00:00\" \/>\n<meta property=\"og:image\" content=\"https:\/\/impactup.com\/wp-content\/uploads\/2021\/01\/og.jpg\" \/>\n\t<meta property=\"og:image:width\" content=\"1067\" \/>\n\t<meta property=\"og:image:height\" content=\"600\" \/>\n\t<meta property=\"og:image:type\" content=\"image\/jpeg\" \/>\n<meta name=\"twitter:card\" content=\"summary_large_image\" \/>\n<meta name=\"twitter:label1\" content=\"Est. reading time\" \/>\n\t<meta name=\"twitter:data1\" content=\"6 minutes\" \/>\n<script type=\"application\/ld+json\" class=\"yoast-schema-graph\">{\"@context\":\"https:\/\/schema.org\",\"@graph\":[{\"@type\":\"WebPage\",\"@id\":\"https:\/\/impactup.com\/en\/glossaire\/cabinet-de-recrutement-de-commerciaux-a-la-rochelle\/\",\"url\":\"https:\/\/impactup.com\/en\/glossaire\/cabinet-de-recrutement-de-commerciaux-a-la-rochelle\/\",\"name\":\"Cabinet de recrutement La Rochelle- Un cabinet de recrutement exp\u00e9riment\u00e9 \u00e0 La Rochelle\",\"isPartOf\":{\"@id\":\"https:\/\/impactup.com\/en\/#website\"},\"datePublished\":\"2024-06-10T14:46:29+00:00\",\"dateModified\":\"2024-06-12T14:29:43+00:00\",\"description\":\"Un cabinet de recrutement pour les fonctions commerciales \u00e0 La Rochelle. ImpactUp est un cabinet de recrutement pl\u00e9biscit\u00e9 par les entreprises de La Rochelle.\",\"breadcrumb\":{\"@id\":\"https:\/\/impactup.com\/en\/glossaire\/cabinet-de-recrutement-de-commerciaux-a-la-rochelle\/#breadcrumb\"},\"inLanguage\":\"en-US\",\"potentialAction\":[{\"@type\":\"ReadAction\",\"target\":[\"https:\/\/impactup.com\/en\/glossaire\/cabinet-de-recrutement-de-commerciaux-a-la-rochelle\/\"]}]},{\"@type\":\"BreadcrumbList\",\"@id\":\"https:\/\/impactup.com\/en\/glossaire\/cabinet-de-recrutement-de-commerciaux-a-la-rochelle\/#breadcrumb\",\"itemListElement\":[{\"@type\":\"ListItem\",\"position\":1,\"name\":\"Accueil\",\"item\":\"https:\/\/impactup.com\/en\/\"},{\"@type\":\"ListItem\",\"position\":2,\"name\":\"Glossaire\",\"item\":\"https:\/\/impactup.com\/en\/glossaire\/\"},{\"@type\":\"ListItem\",\"position\":3,\"name\":\"ImpactUp, le cabinet de recrutement pour les fonctions commerciales \u00e0 La Rochelle\"}]},{\"@type\":\"WebSite\",\"@id\":\"https:\/\/impactup.com\/en\/#website\",\"url\":\"https:\/\/impactup.com\/en\/\",\"name\":\"ImpactUp\",\"description\":\"Recrutement commerciaux, directions commerciales et fonctions marketing\",\"potentialAction\":[{\"@type\":\"SearchAction\",\"target\":{\"@type\":\"EntryPoint\",\"urlTemplate\":\"https:\/\/impactup.com\/en\/?s={search_term_string}\"},\"query-input\":{\"@type\":\"PropertyValueSpecification\",\"valueRequired\":true,\"valueName\":\"search_term_string\"}}],\"inLanguage\":\"en-US\"}]}<\/script>\n<!-- \/ Yoast SEO plugin. -->","yoast_head_json":{"title":"Cabinet de recrutement La Rochelle- Un cabinet de recrutement exp\u00e9riment\u00e9 \u00e0 La Rochelle","description":"Un cabinet de recrutement pour les fonctions commerciales \u00e0 La Rochelle. ImpactUp est un cabinet de recrutement pl\u00e9biscit\u00e9 par les entreprises de La Rochelle.","robots":{"index":"index","follow":"follow","max-snippet":"max-snippet:-1","max-image-preview":"max-image-preview:large","max-video-preview":"max-video-preview:-1"},"canonical":"https:\/\/impactup.com\/en\/glossaire\/cabinet-de-recrutement-de-commerciaux-a-la-rochelle\/","og_locale":"en_US","og_type":"article","og_title":"Cabinet de recrutement La Rochelle- Un cabinet de recrutement exp\u00e9riment\u00e9 \u00e0 La Rochelle","og_description":"Un cabinet de recrutement pour les fonctions commerciales \u00e0 La Rochelle. ImpactUp est un cabinet de recrutement pl\u00e9biscit\u00e9 par les entreprises de La Rochelle.","og_url":"https:\/\/impactup.com\/en\/glossaire\/cabinet-de-recrutement-de-commerciaux-a-la-rochelle\/","og_site_name":"ImpactUp","article_modified_time":"2024-06-12T14:29:43+00:00","og_image":[{"width":1067,"height":600,"url":"https:\/\/impactup.com\/wp-content\/uploads\/2021\/01\/og.jpg","type":"image\/jpeg"}],"twitter_card":"summary_large_image","twitter_misc":{"Est. reading time":"6 minutes"},"schema":{"@context":"https:\/\/schema.org","@graph":[{"@type":"WebPage","@id":"https:\/\/impactup.com\/en\/glossaire\/cabinet-de-recrutement-de-commerciaux-a-la-rochelle\/","url":"https:\/\/impactup.com\/en\/glossaire\/cabinet-de-recrutement-de-commerciaux-a-la-rochelle\/","name":"Cabinet de recrutement La Rochelle- Un cabinet de recrutement exp\u00e9riment\u00e9 \u00e0 La Rochelle","isPartOf":{"@id":"https:\/\/impactup.com\/en\/#website"},"datePublished":"2024-06-10T14:46:29+00:00","dateModified":"2024-06-12T14:29:43+00:00","description":"Un cabinet de recrutement pour les fonctions commerciales \u00e0 La Rochelle. ImpactUp est un cabinet de recrutement pl\u00e9biscit\u00e9 par les entreprises de La Rochelle.","breadcrumb":{"@id":"https:\/\/impactup.com\/en\/glossaire\/cabinet-de-recrutement-de-commerciaux-a-la-rochelle\/#breadcrumb"},"inLanguage":"en-US","potentialAction":[{"@type":"ReadAction","target":["https:\/\/impactup.com\/en\/glossaire\/cabinet-de-recrutement-de-commerciaux-a-la-rochelle\/"]}]},{"@type":"BreadcrumbList","@id":"https:\/\/impactup.com\/en\/glossaire\/cabinet-de-recrutement-de-commerciaux-a-la-rochelle\/#breadcrumb","itemListElement":[{"@type":"ListItem","position":1,"name":"Accueil","item":"https:\/\/impactup.com\/en\/"},{"@type":"ListItem","position":2,"name":"Glossaire","item":"https:\/\/impactup.com\/en\/glossaire\/"},{"@type":"ListItem","position":3,"name":"ImpactUp, le cabinet de recrutement pour les fonctions commerciales \u00e0 La Rochelle"}]},{"@type":"WebSite","@id":"https:\/\/impactup.com\/en\/#website","url":"https:\/\/impactup.com\/en\/","name":"ImpactUp","description":"Recrutement commerciaux, directions commerciales et fonctions marketing","potentialAction":[{"@type":"SearchAction","target":{"@type":"EntryPoint","urlTemplate":"https:\/\/impactup.com\/en\/?s={search_term_string}"},"query-input":{"@type":"PropertyValueSpecification","valueRequired":true,"valueName":"search_term_string"}}],"inLanguage":"en-US"}]}},"_links":{"self":[{"href":"https:\/\/impactup.com\/en\/wp-json\/wp\/v2\/pages\/26300","targetHints":{"allow":["GET"]}}],"collection":[{"href":"https:\/\/impactup.com\/en\/wp-json\/wp\/v2\/pages"}],"about":[{"href":"https:\/\/impactup.com\/en\/wp-json\/wp\/v2\/types\/page"}],"author":[{"embeddable":true,"href":"https:\/\/impactup.com\/en\/wp-json\/wp\/v2\/users\/4"}],"replies":[{"embeddable":true,"href":"https:\/\/impactup.com\/en\/wp-json\/wp\/v2\/comments?post=26300"}],"version-history":[{"count":4,"href":"https:\/\/impactup.com\/en\/wp-json\/wp\/v2\/pages\/26300\/revisions"}],"predecessor-version":[{"id":26546,"href":"https:\/\/impactup.com\/en\/wp-json\/wp\/v2\/pages\/26300\/revisions\/26546"}],"up":[{"embeddable":true,"href":"https:\/\/impactup.com\/en\/wp-json\/wp\/v2\/pages\/17218"}],"wp:attachment":[{"href":"https:\/\/impactup.com\/en\/wp-json\/wp\/v2\/media?parent=26300"}],"curies":[{"name":"wp","href":"https:\/\/api.w.org\/{rel}","templated":true}]}}