{"id":26299,"date":"2024-06-10T16:42:17","date_gmt":"2024-06-10T14:42:17","guid":{"rendered":"https:\/\/impactup.niou.dev\/?page_id=26299"},"modified":"2024-06-11T16:36:42","modified_gmt":"2024-06-11T14:36:42","slug":"cabinet-de-developpement-commercial-grenoble-38","status":"publish","type":"page","link":"https:\/\/impactup.com\/en\/glossaire\/cabinet-de-developpement-commercial-grenoble-38\/","title":{"rendered":"D\u00e9veloppement commercial : faites appel au cabinet de recrutement ImpactUp de Grenoble"},"content":{"rendered":"<div class=\"wpb-content-wrapper\"><p>[vc_row][vc_column width=&#8221;1\/3&#8243;][vc_btn title=&#8221;Voir notre offre&#8221; color=&#8221;secondarycolor&#8221; align=&#8221;center&#8221; css=&#8221;&#8221; link=&#8221;url:https%3A%2F%2Fimpactup.com%2Frecrutement%2F&#8221;][\/vc_column][vc_column width=&#8221;1\/3&#8243;][vc_btn title=&#8221;Confiez-nous votre projet&#8221; color=&#8221;secondarycolor&#8221; align=&#8221;center&#8221; css=&#8221;&#8221; link=&#8221;url:https%3A%2F%2Fimpactup.com%2Fetude-personnalisee%2F&#8221;][\/vc_column][vc_column width=&#8221;1\/3&#8243;][vc_btn title=&#8221;Contactez-nous&#8221; color=&#8221;secondarycolor&#8221; align=&#8221;center&#8221; css=&#8221;&#8221; link=&#8221;url:https%3A%2F%2Fimpactup.com%2Fcontact%2F&#8221;][\/vc_column][\/vc_row][vc_row css=&#8221;.vc_custom_1717658386032{padding-top: 40px !important;padding-bottom: 20px !important;}&#8221;][vc_column][vc_column_text css=&#8221;&#8221;]<\/p>\n<section style=\"text-align: justify;\">\n<h2>D\u00e9veloppement commercial : faites appel au cabinet de recrutement ImpactUp de Grenoble<\/h2>\n<p>Sp\u00e9cialiste des probl\u00e9matiques marketing et commerciales, le <a href=\"https:\/\/impactup.com\/glossaire\/cabinet-de-recrutement-cadre-commercial-grenoble-38\/\"><strong>cabinet ImpactUp du 38 propose le conseil en<\/strong> <strong>d\u00e9veloppement commercial<\/strong><\/a>. Cette offre de service comprend :<\/p>\n<ul>\n<li>La mise en place de strat\u00e9gie commerciale adapt\u00e9e ;<\/li>\n<li>L\u2019optimisation de l\u2019organisation commerciale ;<\/li>\n<li>La formation et motivation des \u00e9quipes commerciales ;<\/li>\n<li>Et\/ou le pilotage de l\u2019activit\u00e9 commerciale.<\/li>\n<\/ul>\n<p><a href=\"https:\/\/impactup.com\"><strong>ImpactUp<\/strong><\/a> est une agence de recrutement sp\u00e9cialis\u00e9e sur les postes marketing et commerciaux qui exerce sur toute la France depuis pr\u00e8s de 20 ans.<\/p>\n<\/section>\n<p>[\/vc_column_text][\/vc_column][\/vc_row][vc_row][vc_column width=&#8221;1\/3&#8243;][vc_btn title=&#8221;Voir notre offre&#8221; color=&#8221;secondarycolor&#8221; align=&#8221;center&#8221; css=&#8221;&#8221; link=&#8221;url:https%3A%2F%2Fimpactup.com%2Frecrutement%2F&#8221;][\/vc_column][vc_column width=&#8221;1\/3&#8243;][vc_btn title=&#8221;Confiez-nous votre projet&#8221; color=&#8221;secondarycolor&#8221; align=&#8221;center&#8221; css=&#8221;&#8221; link=&#8221;url:https%3A%2F%2Fimpactup.com%2Fetude-personnalisee%2F&#8221;][\/vc_column][vc_column width=&#8221;1\/3&#8243;][vc_btn title=&#8221;Contactez-nous&#8221; color=&#8221;secondarycolor&#8221; align=&#8221;center&#8221; css=&#8221;&#8221; link=&#8221;url:https%3A%2F%2Fimpactup.com%2Fcontact%2F&#8221;][\/vc_column][\/vc_row][vc_row css=&#8221;.vc_custom_1717658445522{padding-top: 40px !important;}&#8221;][vc_column][vc_column_text css=&#8221;&#8221;]<\/p>\n<section style=\"text-align: justify;\">\n<h2><strong>Le d\u00e9veloppement commercial \u00e0 Grenoble avec le cabinet de recrutement ImpactUp<\/strong><\/h2>\n<p>Cr\u00e9\u00e9e en 2005, l\u2019agence <strong>ImpactUp<\/strong> est enti\u00e8rement compos\u00e9e de consultants qui ont une solide exp\u00e9rience dans leur domaine d\u2019intervention. \u0152uvrant dans le recrutement et le conseil, le <a href=\"https:\/\/impactup.com\/glossaire\/cabinet-de-recrutement-commercial-grenoble-38\/\"><strong>cabinet propose un service de d\u00e9veloppement commercial dans le<\/strong> <strong>38 <\/strong><\/a>et dans la plupart des d\u00e9partements de France gr\u00e2ce \u00e0 ses 6 bureaux r\u00e9partis strat\u00e9giquement sur le territoire.<\/p>\n<p>Ce service de conseil en d\u00e9veloppement commercial s\u2019organise autour de 4 axes :<\/p>\n<ul>\n<li>La strat\u00e9gie commerciale avec un audit pour l\u2019analyse des possibilit\u00e9s, identifications des forces, faiblesses et opportunit\u00e9s, mise en place de business plan, plan d\u2019adressage de march\u00e9 et d\u00e9finition des axes pertinents et des actions commerciales ;<\/li>\n<li>L\u2019organisation du service commercial avec un plan de recrutement, formation des collaborateurs, int\u00e9gration des nouvelles recrues et la prospection d\u2019entreprises partenaires et\/ou distributrices ;<\/li>\n<li>La motivation des \u00e9quipes commerciales avec la r\u00e9vision des r\u00e9mun\u00e9rations, la mise en place de team building et la proposition d\u2019incentives et de s\u00e9minaires ;<\/li>\n<li>Le pilotage de l\u2019activit\u00e9 commerciale avec l\u2019identification d\u2019indicateurs de performances pertinents, le choix et la mise en place de solutions CRM adapt\u00e9es, l\u2019analyse comportementale Disc\u00ae et la mesure de l\u2019efficacit\u00e9 individuelle.<\/li>\n<\/ul>\n<p>Nos prestations sont propos\u00e9es comme service externalis\u00e9 ce qui permet d\u2019\u00eatre le moins intrusif possible tout en \u00e9tant op\u00e9rationnel et efficace rapidement. La tarification fonctionne au prorata des r\u00e9sultats.<\/p>\n<h2><strong>L\u2019expertise d\u2019un cabinet de recrutement et de d\u00e9veloppement commercial dans le 38<\/strong><\/h2>\n<p>ImpactUp est un des <a href=\"https:\/\/impactup.com\/glossaire\/recrutement-commerciaux-grenoble-38\/\"><strong>cabinets de recrutement et de d\u00e9veloppement commercial \u0153uvrant \u00e0 Grenoble<\/strong><\/a> les plus r\u00e9put\u00e9s de France. Avec des bureaux \u00e0 Paris, Lille, La Rochelle, Nantes, Toulouse et Lyon il peut intervenir dans toute la France.<\/p>\n<p>L\u2019entreprise est dirig\u00e9e par Pascal Larue et Emmanuel Laquerri\u00e8re, deux experts en direction commerciale et marketing et en management et retail ayant plus de 10 ans d\u2019exp\u00e9rience dans diff\u00e9rents secteurs d\u2019activit\u00e9. L\u2019expertise de l\u2019agence a \u00e9t\u00e9 reconnue et r\u00e9compens\u00e9e \u00e0 six reprises par Les \u00c9chos\/Statita qui l\u2019a class\u00e9e \u00ab Meilleur cabinet de recrutement \u00bb dans son palmar\u00e8s annuel cat\u00e9gorie Managers et sp\u00e9cialistes.<\/p>\n<p>Cette reconnaissance est le r\u00e9sultat d\u2019une culture du r\u00e9sultat appuy\u00e9e par des outils et techniques de recherche et de s\u00e9lection innovants. Ces outils et techniques associ\u00e9s \u00e0 l\u2019exp\u00e9rience et l\u2019expertise de nos consultants qui nous permettent de trouver les profils id\u00e9aux. Vous souhaitez recruter un profil pr\u00e9cis sur un poste strat\u00e9gique de votre service marketing ou commercial ? Vous d\u00e9sirez un conseil et un accompagnement pour optimiser votre service commercial ? Contactez-nous.<\/p>\n<\/section>\n<p>[\/vc_column_text][\/vc_column][\/vc_row]<\/p>\n<\/div>","protected":false},"excerpt":{"rendered":"<p>[vc_row][vc_column width=&#8221;1\/3&#8243;][vc_btn title=&#8221;Voir notre offre&#8221; color=&#8221;secondarycolor&#8221; align=&#8221;center&#8221; css=&#8221;&#8221; link=&#8221;url:https%3A%2F%2Fimpactup.com%2Frecrutement%2F&#8221;][\/vc_column][vc_column width=&#8221;1\/3&#8243;][vc_btn title=&#8221;Confiez-nous votre projet&#8221; color=&#8221;secondarycolor&#8221; align=&#8221;center&#8221; css=&#8221;&#8221; link=&#8221;url:https%3A%2F%2Fimpactup.com%2Fetude-personnalisee%2F&#8221;][\/vc_column][vc_column width=&#8221;1\/3&#8243;][vc_btn title=&#8221;Contactez-nous&#8221; color=&#8221;secondarycolor&#8221; align=&#8221;center&#8221; css=&#8221;&#8221; link=&#8221;url:https%3A%2F%2Fimpactup.com%2Fcontact%2F&#8221;][\/vc_column][\/vc_row][vc_row css=&#8221;.vc_custom_1717658386032{padding-top: 40px !important;padding-bottom: 20px !important;}&#8221;][vc_column][vc_column_text css=&#8221;&#8221;] D\u00e9veloppement commercial : faites appel au cabinet de recrutement ImpactUp de Grenoble Sp\u00e9cialiste des probl\u00e9matiques marketing et commerciales, le cabinet ImpactUp du 38 propose le conseil [&hellip;]<\/p>\n","protected":false},"author":4,"featured_media":0,"parent":17218,"menu_order":0,"comment_status":"closed","ping_status":"closed","template":"","meta":{"_monsterinsights_skip_tracking":false,"_monsterinsights_sitenote_active":false,"_monsterinsights_sitenote_note":"","_monsterinsights_sitenote_category":0,"footnotes":""},"class_list":["post-26299","page","type-page","status-publish","hentry"],"yoast_head":"<!-- This site is optimized with the Yoast SEO plugin v27.0 - https:\/\/yoast.com\/product\/yoast-seo-wordpress\/ -->\n<title>Trouver un cabinet de d\u00e9veloppement commercial sur Grenoble<\/title>\n<meta name=\"description\" content=\"Quel cabinet propose le d\u00e9veloppement commercial dans le 38 ? ImpactUp Grenoble, cabinet expert en d\u00e9veloppement commercial et recrutement.\" \/>\n<meta name=\"robots\" content=\"index, follow, max-snippet:-1, max-image-preview:large, max-video-preview:-1\" \/>\n<link rel=\"canonical\" href=\"https:\/\/impactup.com\/en\/glossaire\/cabinet-de-developpement-commercial-grenoble-38\/\" \/>\n<meta property=\"og:locale\" content=\"en_US\" \/>\n<meta property=\"og:type\" content=\"article\" \/>\n<meta property=\"og:title\" content=\"Trouver un cabinet de d\u00e9veloppement commercial sur Grenoble\" \/>\n<meta property=\"og:description\" content=\"Quel cabinet propose le d\u00e9veloppement commercial dans le 38 ? ImpactUp Grenoble, cabinet expert en d\u00e9veloppement commercial et recrutement.\" \/>\n<meta property=\"og:url\" content=\"https:\/\/impactup.com\/en\/glossaire\/cabinet-de-developpement-commercial-grenoble-38\/\" \/>\n<meta property=\"og:site_name\" content=\"ImpactUp\" \/>\n<meta property=\"article:modified_time\" content=\"2024-06-11T14:36:42+00:00\" \/>\n<meta property=\"og:image\" content=\"https:\/\/impactup.com\/wp-content\/uploads\/2021\/01\/og.jpg\" \/>\n\t<meta property=\"og:image:width\" content=\"1067\" \/>\n\t<meta property=\"og:image:height\" content=\"600\" \/>\n\t<meta property=\"og:image:type\" content=\"image\/jpeg\" \/>\n<meta name=\"twitter:card\" content=\"summary_large_image\" \/>\n<meta name=\"twitter:label1\" content=\"Est. reading time\" \/>\n\t<meta name=\"twitter:data1\" content=\"3 minutes\" \/>\n<script type=\"application\/ld+json\" class=\"yoast-schema-graph\">{\"@context\":\"https:\/\/schema.org\",\"@graph\":[{\"@type\":\"WebPage\",\"@id\":\"https:\/\/impactup.com\/en\/glossaire\/cabinet-de-developpement-commercial-grenoble-38\/\",\"url\":\"https:\/\/impactup.com\/en\/glossaire\/cabinet-de-developpement-commercial-grenoble-38\/\",\"name\":\"Trouver un cabinet de d\u00e9veloppement commercial sur Grenoble\",\"isPartOf\":{\"@id\":\"https:\/\/impactup.com\/en\/#website\"},\"datePublished\":\"2024-06-10T14:42:17+00:00\",\"dateModified\":\"2024-06-11T14:36:42+00:00\",\"description\":\"Quel cabinet propose le d\u00e9veloppement commercial dans le 38 ? ImpactUp Grenoble, cabinet expert en d\u00e9veloppement commercial et recrutement.\",\"breadcrumb\":{\"@id\":\"https:\/\/impactup.com\/en\/glossaire\/cabinet-de-developpement-commercial-grenoble-38\/#breadcrumb\"},\"inLanguage\":\"en-US\",\"potentialAction\":[{\"@type\":\"ReadAction\",\"target\":[\"https:\/\/impactup.com\/en\/glossaire\/cabinet-de-developpement-commercial-grenoble-38\/\"]}]},{\"@type\":\"BreadcrumbList\",\"@id\":\"https:\/\/impactup.com\/en\/glossaire\/cabinet-de-developpement-commercial-grenoble-38\/#breadcrumb\",\"itemListElement\":[{\"@type\":\"ListItem\",\"position\":1,\"name\":\"Accueil\",\"item\":\"https:\/\/impactup.com\/en\/\"},{\"@type\":\"ListItem\",\"position\":2,\"name\":\"Glossaire\",\"item\":\"https:\/\/impactup.com\/en\/glossaire\/\"},{\"@type\":\"ListItem\",\"position\":3,\"name\":\"D\u00e9veloppement commercial : faites appel au cabinet de recrutement ImpactUp de Grenoble\"}]},{\"@type\":\"WebSite\",\"@id\":\"https:\/\/impactup.com\/en\/#website\",\"url\":\"https:\/\/impactup.com\/en\/\",\"name\":\"ImpactUp\",\"description\":\"Recrutement commerciaux, directions commerciales et fonctions marketing\",\"potentialAction\":[{\"@type\":\"SearchAction\",\"target\":{\"@type\":\"EntryPoint\",\"urlTemplate\":\"https:\/\/impactup.com\/en\/?s={search_term_string}\"},\"query-input\":{\"@type\":\"PropertyValueSpecification\",\"valueRequired\":true,\"valueName\":\"search_term_string\"}}],\"inLanguage\":\"en-US\"}]}<\/script>\n<!-- \/ Yoast SEO plugin. -->","yoast_head_json":{"title":"Trouver un cabinet de d\u00e9veloppement commercial sur Grenoble","description":"Quel cabinet propose le d\u00e9veloppement commercial dans le 38 ? ImpactUp Grenoble, cabinet expert en d\u00e9veloppement commercial et recrutement.","robots":{"index":"index","follow":"follow","max-snippet":"max-snippet:-1","max-image-preview":"max-image-preview:large","max-video-preview":"max-video-preview:-1"},"canonical":"https:\/\/impactup.com\/en\/glossaire\/cabinet-de-developpement-commercial-grenoble-38\/","og_locale":"en_US","og_type":"article","og_title":"Trouver un cabinet de d\u00e9veloppement commercial sur Grenoble","og_description":"Quel cabinet propose le d\u00e9veloppement commercial dans le 38 ? ImpactUp Grenoble, cabinet expert en d\u00e9veloppement commercial et recrutement.","og_url":"https:\/\/impactup.com\/en\/glossaire\/cabinet-de-developpement-commercial-grenoble-38\/","og_site_name":"ImpactUp","article_modified_time":"2024-06-11T14:36:42+00:00","og_image":[{"width":1067,"height":600,"url":"https:\/\/impactup.com\/wp-content\/uploads\/2021\/01\/og.jpg","type":"image\/jpeg"}],"twitter_card":"summary_large_image","twitter_misc":{"Est. reading time":"3 minutes"},"schema":{"@context":"https:\/\/schema.org","@graph":[{"@type":"WebPage","@id":"https:\/\/impactup.com\/en\/glossaire\/cabinet-de-developpement-commercial-grenoble-38\/","url":"https:\/\/impactup.com\/en\/glossaire\/cabinet-de-developpement-commercial-grenoble-38\/","name":"Trouver un cabinet de d\u00e9veloppement commercial sur Grenoble","isPartOf":{"@id":"https:\/\/impactup.com\/en\/#website"},"datePublished":"2024-06-10T14:42:17+00:00","dateModified":"2024-06-11T14:36:42+00:00","description":"Quel cabinet propose le d\u00e9veloppement commercial dans le 38 ? ImpactUp Grenoble, cabinet expert en d\u00e9veloppement commercial et recrutement.","breadcrumb":{"@id":"https:\/\/impactup.com\/en\/glossaire\/cabinet-de-developpement-commercial-grenoble-38\/#breadcrumb"},"inLanguage":"en-US","potentialAction":[{"@type":"ReadAction","target":["https:\/\/impactup.com\/en\/glossaire\/cabinet-de-developpement-commercial-grenoble-38\/"]}]},{"@type":"BreadcrumbList","@id":"https:\/\/impactup.com\/en\/glossaire\/cabinet-de-developpement-commercial-grenoble-38\/#breadcrumb","itemListElement":[{"@type":"ListItem","position":1,"name":"Accueil","item":"https:\/\/impactup.com\/en\/"},{"@type":"ListItem","position":2,"name":"Glossaire","item":"https:\/\/impactup.com\/en\/glossaire\/"},{"@type":"ListItem","position":3,"name":"D\u00e9veloppement commercial : faites appel au cabinet de recrutement ImpactUp de Grenoble"}]},{"@type":"WebSite","@id":"https:\/\/impactup.com\/en\/#website","url":"https:\/\/impactup.com\/en\/","name":"ImpactUp","description":"Recrutement commerciaux, directions commerciales et fonctions marketing","potentialAction":[{"@type":"SearchAction","target":{"@type":"EntryPoint","urlTemplate":"https:\/\/impactup.com\/en\/?s={search_term_string}"},"query-input":{"@type":"PropertyValueSpecification","valueRequired":true,"valueName":"search_term_string"}}],"inLanguage":"en-US"}]}},"_links":{"self":[{"href":"https:\/\/impactup.com\/en\/wp-json\/wp\/v2\/pages\/26299","targetHints":{"allow":["GET"]}}],"collection":[{"href":"https:\/\/impactup.com\/en\/wp-json\/wp\/v2\/pages"}],"about":[{"href":"https:\/\/impactup.com\/en\/wp-json\/wp\/v2\/types\/page"}],"author":[{"embeddable":true,"href":"https:\/\/impactup.com\/en\/wp-json\/wp\/v2\/users\/4"}],"replies":[{"embeddable":true,"href":"https:\/\/impactup.com\/en\/wp-json\/wp\/v2\/comments?post=26299"}],"version-history":[{"count":2,"href":"https:\/\/impactup.com\/en\/wp-json\/wp\/v2\/pages\/26299\/revisions"}],"predecessor-version":[{"id":26443,"href":"https:\/\/impactup.com\/en\/wp-json\/wp\/v2\/pages\/26299\/revisions\/26443"}],"up":[{"embeddable":true,"href":"https:\/\/impactup.com\/en\/wp-json\/wp\/v2\/pages\/17218"}],"wp:attachment":[{"href":"https:\/\/impactup.com\/en\/wp-json\/wp\/v2\/media?parent=26299"}],"curies":[{"name":"wp","href":"https:\/\/api.w.org\/{rel}","templated":true}]}}