{"id":26293,"date":"2024-06-10T16:36:00","date_gmt":"2024-06-10T14:36:00","guid":{"rendered":"https:\/\/impactup.niou.dev\/?page_id=26293"},"modified":"2024-06-12T16:04:13","modified_gmt":"2024-06-12T14:04:13","slug":"cabinet-de-recrutement-exercant-dans-l-ouest","status":"publish","type":"page","link":"https:\/\/impactup.com\/en\/glossaire\/cabinet-de-recrutement-exercant-dans-l-ouest\/","title":{"rendered":"Un cabinet de recrutement dans l\u2019Ouest de la France"},"content":{"rendered":"<div class=\"wpb-content-wrapper\"><p>[vc_row][vc_column width=&#8221;1\/3&#8243;][vc_btn title=&#8221;Voir notre offre&#8221; color=&#8221;secondarycolor&#8221; align=&#8221;center&#8221; css=&#8221;&#8221; link=&#8221;url:https%3A%2F%2Fimpactup.com%2Frecrutement%2F&#8221;][\/vc_column][vc_column width=&#8221;1\/3&#8243;][vc_btn title=&#8221;Confiez-nous votre projet&#8221; color=&#8221;secondarycolor&#8221; align=&#8221;center&#8221; css=&#8221;&#8221; link=&#8221;url:https%3A%2F%2Fimpactup.com%2Fetude-personnalisee%2F&#8221;][\/vc_column][vc_column width=&#8221;1\/3&#8243;][vc_btn title=&#8221;Contactez-nous&#8221; color=&#8221;secondarycolor&#8221; align=&#8221;center&#8221; css=&#8221;&#8221; link=&#8221;url:https%3A%2F%2Fimpactup.com%2Fcontact%2F&#8221;][\/vc_column][\/vc_row][vc_row css=&#8221;.vc_custom_1717658386032{padding-top: 40px !important;padding-bottom: 20px !important;}&#8221;][vc_column][vc_column_text css=&#8221;&#8221;]<\/p>\n<section style=\"text-align: justify;\">\n<h2><strong>Un cabinet de recrutement dans l\u2019Ouest de la France<\/strong><\/h2>\n<p><a href=\"https:\/\/impactup.com\/cabinet-de-chasse-de-t%C3%AAte\"><strong>Le cabinet de recrutement<\/strong><\/a> exer\u00e7ant entre autres dans l\u2019<a href=\"https:\/\/impactup.com\/cabinet-de-chasse-de-t%C3%AAte\"><strong>Ouest<\/strong><\/a> de la France, <strong>ImpactUp<\/strong> est sp\u00e9cialis\u00e9 dans la recherche de candidats talentueux pour la vente et le marketing. Nous assurons les \u00e9tapes d\u2019une campagne de recrutement classique, avec la possibilit\u00e9 de recourir \u00e0 la chasse de t\u00eate pour trouver des profils rares. Notre efficacit\u00e9, largement reconnue aupr\u00e8s des professionnels, est bas\u00e9e sur notre capacit\u00e9 \u00e0 d\u00e9nicher des candidats de talents parfaitement taill\u00e9s pour chaque poste \u00e0 pourvoir, pour une int\u00e9gration performante et \u00e9panouissante, afin de satisfaire l\u2019entreprise et le nouveau collaborateur.<\/p>\n<\/section>\n<p>[\/vc_column_text][\/vc_column][\/vc_row][vc_row][vc_column width=&#8221;1\/3&#8243;][vc_btn title=&#8221;Voir notre offre&#8221; color=&#8221;secondarycolor&#8221; align=&#8221;center&#8221; css=&#8221;&#8221; link=&#8221;url:https%3A%2F%2Fimpactup.com%2Frecrutement%2F&#8221;][\/vc_column][vc_column width=&#8221;1\/3&#8243;][vc_btn title=&#8221;Confiez-nous votre projet&#8221; color=&#8221;secondarycolor&#8221; align=&#8221;center&#8221; css=&#8221;&#8221; link=&#8221;url:https%3A%2F%2Fimpactup.com%2Fetude-personnalisee%2F&#8221;][\/vc_column][vc_column width=&#8221;1\/3&#8243;][vc_btn title=&#8221;Contactez-nous&#8221; color=&#8221;secondarycolor&#8221; align=&#8221;center&#8221; css=&#8221;&#8221; link=&#8221;url:https%3A%2F%2Fimpactup.com%2Fcontact%2F&#8221;][\/vc_column][\/vc_row][vc_row css=&#8221;.vc_custom_1717658445522{padding-top: 40px !important;}&#8221;][vc_column][vc_column_text css=&#8221;&#8221;]<\/p>\n<section style=\"text-align: justify;\">\n<h2><strong>Le recrutement\u00a0pour les fonctions commerce et marketing : une t\u00e2che complexe et contraignante<\/strong><\/h2>\n<p>En cas d\u2019urgence ou de projet complexe, la vacance d\u2019un poste cl\u00e9 risque de paralyser tout ou partie d\u2019une activit\u00e9 de l\u2019entreprise, ou de son antenne nouvellement cr\u00e9\u00e9e dans une localit\u00e9 donn\u00e9e. Or, la recherche de personnes pour les postes commerciaux et marketing exige \u00e9galement une bonne connaissance du march\u00e9 et des consommateurs dans la zone d\u2019intervention.<\/p>\n<p>Il n\u2019est pas toujours facile de trouver des collaborateurs avec un profil r\u00e9pondant exactement aux besoins de ce type de poste. De plus, chronophage et fastidieux, la recherche et l\u2019embauche n\u00e9cessite parfois de mobiliser plusieurs personnes au sein de la soci\u00e9t\u00e9 notamment les responsables des ressources humaines, les cadres dirigeants et les dirigeants, etc. Par ailleurs, s\u2019il s\u2019agit de recruter pour une filiale dans une autre ville ou une autre r\u00e9gion, la t\u00e2che sera d\u2019autant plus complexe \u00e9tant donn\u00e9 qu\u2019i peut \u00eatre n\u00e9cessaire de d\u00e9p\u00eacher des responsables sur place pour s\u2019en occuper. Toutes ces raisons font que le recours \u00e0 un <strong>cabinet de recrutement de l\u2019Ouest<\/strong> est pr\u00e9f\u00e9rable, notamment pour \u00e9conomiser du temps et de l\u2019argent entre autres avantages. Par ailleurs, une agence sp\u00e9cialis\u00e9e peut \u00a0d\u00e9nicher des candidats talentueux qui pourront s\u2019int\u00e9grer dans votre entreprise sur le long terme, en identifiant des profils susceptibles de s\u2019\u00e9panouir dans votre environnement de travail. Ceci constitue une valeur ajout\u00e9e tr\u00e8s importante, \u00e0 l\u2019heure o\u00f9 retenir les profils de talent repr\u00e9sente pour chaque entreprise un v\u00e9ritable enjeu.<\/p>\n<p><a href=\"https:\/\/impactup.com\"><strong>ImpactUP<\/strong><\/a> est une structure sp\u00e9cialis\u00e9e dans la recherche et la s\u00e9lection de talents confirm\u00e9s et d\u2019experts m\u00e9tiers dans les m\u00e9tiers commerciaux et marketing comme charg\u00e9(e) de marketing direct, ing\u00e9nieur commercial, responsable de promotion des ventes, marchandiseur(euse), category manager, d\u00e9l\u00e9gu\u00e9 commercial, business developer, et \u00e0 toutes les fonctions-cl\u00e9s de l\u2019entreprise : key account manager, directeur(trice) de marque, directeur(trice) de magasin, directeur(trice) de la relation client, sales administrator, et bien d\u2019autres encore.<\/p>\n<h2><strong>Les avantages d\u2019un cabinet de recrutement sur place<\/strong><\/h2>\n<p>Laisser \u00e0 un <a href=\"https:\/\/impactup.com\/meilleur-cabinet-de-recrutement-de-cadres-commerciaux\"><strong>cabinet de recrutement dans l\u2019Ouest<\/strong><\/a> le soin de s\u2019occuper de la recherche de vos futurs collaborateurs est une solution cl\u00e9 en main. Ainsi vous aurez la chance de trouver les candidats r\u00e9pondant exactement aux besoins et aux objectifs de votre entreprise, et surtout si l\u2019op\u00e9ration consiste \u00e0 chercher des candidats pour votre antenne dans cette r\u00e9gion.<\/p>\n<p>En effet, l\u2019agence se chargera \u00e0 votre place de toutes les t\u00e2ches relatives au processus du recrutement\u00a0: conception et diffusion de l\u2019offre d\u2019emploi, r\u00e9ception et triage des dossiers de candidature re\u00e7us, premier entretien et tests des candidats retenus, etc. Il vous soumettra ensuite les candidats de valeur parmi lesquels vous pourrez s\u00e9lectionner ceux qui vous conviendront. Certaines agences proposent m\u00eame de prendre en charge toutes les d\u00e9marches relatives \u00e0 l\u2019embauche d\u00e9finitives de ceux que vous aurez choisis. Vous pourrez, ainsi que les personnes au sein de l\u2019entreprise qui pourraient \u00eatre \u00ab\u00a0d\u00e9rang\u00e9es\u00a0\u00bb pour prendre part au recrutement, vous concentrer sur des travaux plus urgents et plus productifs.<\/p>\n<h2><strong>Que faire en cas d\u2019\u00e9chec du recrutement\u00a0?<\/strong><\/h2>\n<p>Si le <strong>cabinet de recrutement de la r\u00e9gion Ouest<\/strong> auquel vous vous \u00eates adress\u00e9 a \u00e9puis\u00e9 toutes les m\u00e9thodes classiques de recrutement sans parvenir \u00e0 trouver les collaborateurs qu\u2019il vous faut, vous pouvez encore vous tourner vers une agence de chasseurs de t\u00eates. Ces derniers mettront en \u0153uvre une strat\u00e9gie de \u00ab\u00a0recrutement par approche directe\u00a0\u00bb pour d\u00e9nicher les personnes taill\u00e9es pour les postes \u00e0 pourvoir.<\/p>\n<p>La chasse de t\u00eate donne souvent de bons r\u00e9sultats d\u00e8s lors que vous vous adressez \u00e0 des professionnels. Les experts dans ce domaine \u00e9tant particuli\u00e8rement dou\u00e9s pour d\u00e9tecter les comp\u00e9tences et le profil de candidats l\u00e0 o\u00f9 l\u2019on ne s\u2019y attend pas. Gr\u00e2ce \u00e0 leur capacit\u00e9 de persuasion et leurs aptitudes \u00e0 n\u00e9gocier ils arrivent \u00e0 convaincre des personnes capables d\u2019assumer le poste avec succ\u00e8s m\u00eame si elles n\u2019ont pas postul\u00e9.<\/p>\n<p>Cependant, cette m\u00e9thode n\u00e9cessitant des comp\u00e9tences sp\u00e9cifiques et le respect d\u2019une certaine \u00e9thique, il est primordial de bien choisir votre chasseur de t\u00eates. Il existe des agences de recrutement qui proposent cette solution en recours pour les cas urgents et les postes atypiques ou ceux qui sont particuli\u00e8rement difficiles \u00e0 pourvoir.<\/p>\n<h2><strong>ImpactUP, cabinet de recrutement pr\u00e9sent dans la r\u00e9gion Ouest<\/strong><\/h2>\n<p><strong>ImpactUP<\/strong> est un <a href=\"https:\/\/impactup.com\/cabinet-de-recrutement-en-france\"><strong>cabinet de recrutement pr\u00e9sent dans l\u2019Ouest<\/strong><\/a> auquel vous pouvez vous adresser en toute confiance si vous comptez rechercher des personnes sp\u00e9cialis\u00e9es dans les fonctions commerciales et marketing pour l\u2019antenne de votre entreprise dans cette r\u00e9gion.<\/p>\n<p>Nous mettons \u00e0 votre disposition des consultants experts qui mettront en \u0153uvre une strat\u00e9gie adapt\u00e9e pour la prospection de vos collaborateurs. Nous disposons \u00e9galement de chasseurs de t\u00eates comp\u00e9tents et efficaces qui vous trouveront les personnes taill\u00e9es pour les postes vacants dans le cas o\u00f9 les techniques classiques de recrutement s\u2019av\u00e8rent infructueuses.<\/p>\n<p>Nous mettons en \u0153uvre des m\u00e9thodologies performantes pour r\u00e9pondre \u00e0 toutes les probl\u00e9matiques des chefs d\u2019entreprises en mati\u00e8re de ressources humaines :<\/p>\n<ul>\n<li>Un service en ligne SaaS d&#8217;\u00e9valuation qui permet de jauger les comp\u00e9tences du candidat dans une langue \u00e9trang\u00e8re et ainsi d\u2019am\u00e9liorer ses capacit\u00e9s en langues \u00e9trang\u00e8res propos\u00e9 en collaboration avec Pipplet. Avec une trentaine de langues disponibles en test, cette plateforme permet d\u2019\u00e9valuer les candidats parlant l\u2019espagnol, le chinois, le portugais, etc. La proc\u00e9dure et le contenu des \u00e9valuations respectent les normes CECRL, avec des tests corrig\u00e9s par des professeurs natifs, et des r\u00e9sultats clairs qui nous parviennent sous 24h.<\/li>\n<li>Une plateforme d\u2019\u00e9valuation qui repose sur 4 types d\u2019outils : TalentBusiness\u00ae, TalentInitial\u00ae, TalentRelation\u00ae et TalentAttitude\u00ae. Ces outils permettent de mieux conna\u00eetre les diff\u00e9rentes facettes d\u2019un candidat, allant de ses aptitudes commerciales (prospection, fid\u00e9lisation, n\u00e9gociation, etc.) \u00e0 sa personnalit\u00e9 (valeurs, motivations) en passant par ses capacit\u00e9s manag\u00e9riales, ses aptitudes cognitives et sa culture g\u00e9n\u00e9rale. Il s\u2019agit donc d\u2019un test tr\u00e8s complet, qui a pour objectif de d\u00e9nicher le candidat le plus ad\u00e9quat pour le poste vis\u00e9. cela garantit son int\u00e9gration, mais \u00e9galement et surtout sa performance au niveau de l\u2019entreprise.<\/li>\n<\/ul>\n<\/section>\n<p>[\/vc_column_text][\/vc_column][\/vc_row]<\/p>\n<\/div>","protected":false},"excerpt":{"rendered":"<p>[vc_row][vc_column width=&#8221;1\/3&#8243;][vc_btn title=&#8221;Voir notre offre&#8221; color=&#8221;secondarycolor&#8221; align=&#8221;center&#8221; css=&#8221;&#8221; link=&#8221;url:https%3A%2F%2Fimpactup.com%2Frecrutement%2F&#8221;][\/vc_column][vc_column width=&#8221;1\/3&#8243;][vc_btn title=&#8221;Confiez-nous votre projet&#8221; color=&#8221;secondarycolor&#8221; align=&#8221;center&#8221; css=&#8221;&#8221; link=&#8221;url:https%3A%2F%2Fimpactup.com%2Fetude-personnalisee%2F&#8221;][\/vc_column][vc_column width=&#8221;1\/3&#8243;][vc_btn title=&#8221;Contactez-nous&#8221; color=&#8221;secondarycolor&#8221; align=&#8221;center&#8221; css=&#8221;&#8221; link=&#8221;url:https%3A%2F%2Fimpactup.com%2Fcontact%2F&#8221;][\/vc_column][\/vc_row][vc_row css=&#8221;.vc_custom_1717658386032{padding-top: 40px !important;padding-bottom: 20px !important;}&#8221;][vc_column][vc_column_text css=&#8221;&#8221;] Un cabinet de recrutement dans l\u2019Ouest de la France Le cabinet de recrutement exer\u00e7ant entre autres dans l\u2019Ouest de la France, ImpactUp est sp\u00e9cialis\u00e9 dans la [&hellip;]<\/p>\n","protected":false},"author":4,"featured_media":0,"parent":17218,"menu_order":0,"comment_status":"closed","ping_status":"closed","template":"","meta":{"_monsterinsights_skip_tracking":false,"_monsterinsights_sitenote_active":false,"_monsterinsights_sitenote_note":"","_monsterinsights_sitenote_category":0,"footnotes":""},"class_list":["post-26293","page","type-page","status-publish","hentry"],"yoast_head":"<!-- This site is optimized with the Yoast SEO plugin v27.0 - https:\/\/yoast.com\/product\/yoast-seo-wordpress\/ -->\n<title>Cabinet de recrutement ouest - Un cabinet de recrutement et chasse de t\u00eate dans l\u2019Ouest de la France<\/title>\n<meta name=\"description\" content=\"ImpactUp, le cabinet de recrutement dans l\u2019Ouest de la France, utilise les m\u00e9thodes classiques et la chasse de t\u00eate pour trouver les candidats les plus talentueux.\" \/>\n<meta name=\"robots\" content=\"index, follow, max-snippet:-1, max-image-preview:large, max-video-preview:-1\" \/>\n<link rel=\"canonical\" href=\"https:\/\/impactup.com\/en\/glossaire\/cabinet-de-recrutement-exercant-dans-l-ouest\/\" \/>\n<meta property=\"og:locale\" content=\"en_US\" \/>\n<meta property=\"og:type\" content=\"article\" \/>\n<meta property=\"og:title\" content=\"Cabinet de recrutement ouest - Un cabinet de recrutement et chasse de t\u00eate dans l\u2019Ouest de la France\" \/>\n<meta property=\"og:description\" content=\"ImpactUp, le cabinet de recrutement dans l\u2019Ouest de la France, utilise les m\u00e9thodes classiques et la chasse de t\u00eate pour trouver les candidats les plus talentueux.\" \/>\n<meta property=\"og:url\" content=\"https:\/\/impactup.com\/en\/glossaire\/cabinet-de-recrutement-exercant-dans-l-ouest\/\" \/>\n<meta property=\"og:site_name\" content=\"ImpactUp\" \/>\n<meta property=\"article:modified_time\" content=\"2024-06-12T14:04:13+00:00\" \/>\n<meta property=\"og:image\" content=\"https:\/\/impactup.com\/wp-content\/uploads\/2021\/01\/og.jpg\" \/>\n\t<meta property=\"og:image:width\" content=\"1067\" \/>\n\t<meta property=\"og:image:height\" content=\"600\" \/>\n\t<meta property=\"og:image:type\" content=\"image\/jpeg\" \/>\n<meta name=\"twitter:card\" content=\"summary_large_image\" \/>\n<meta name=\"twitter:label1\" content=\"Est. reading time\" \/>\n\t<meta name=\"twitter:data1\" content=\"6 minutes\" \/>\n<script type=\"application\/ld+json\" class=\"yoast-schema-graph\">{\"@context\":\"https:\/\/schema.org\",\"@graph\":[{\"@type\":\"WebPage\",\"@id\":\"https:\/\/impactup.com\/en\/glossaire\/cabinet-de-recrutement-exercant-dans-l-ouest\/\",\"url\":\"https:\/\/impactup.com\/en\/glossaire\/cabinet-de-recrutement-exercant-dans-l-ouest\/\",\"name\":\"Cabinet de recrutement ouest - Un cabinet de recrutement et chasse de t\u00eate dans l\u2019Ouest de la France\",\"isPartOf\":{\"@id\":\"https:\/\/impactup.com\/en\/#website\"},\"datePublished\":\"2024-06-10T14:36:00+00:00\",\"dateModified\":\"2024-06-12T14:04:13+00:00\",\"description\":\"ImpactUp, le cabinet de recrutement dans l\u2019Ouest de la France, utilise les m\u00e9thodes classiques et la chasse de t\u00eate pour trouver les candidats les plus talentueux.\",\"breadcrumb\":{\"@id\":\"https:\/\/impactup.com\/en\/glossaire\/cabinet-de-recrutement-exercant-dans-l-ouest\/#breadcrumb\"},\"inLanguage\":\"en-US\",\"potentialAction\":[{\"@type\":\"ReadAction\",\"target\":[\"https:\/\/impactup.com\/en\/glossaire\/cabinet-de-recrutement-exercant-dans-l-ouest\/\"]}]},{\"@type\":\"BreadcrumbList\",\"@id\":\"https:\/\/impactup.com\/en\/glossaire\/cabinet-de-recrutement-exercant-dans-l-ouest\/#breadcrumb\",\"itemListElement\":[{\"@type\":\"ListItem\",\"position\":1,\"name\":\"Accueil\",\"item\":\"https:\/\/impactup.com\/en\/\"},{\"@type\":\"ListItem\",\"position\":2,\"name\":\"Glossaire\",\"item\":\"https:\/\/impactup.com\/en\/glossaire\/\"},{\"@type\":\"ListItem\",\"position\":3,\"name\":\"Un cabinet de recrutement dans l\u2019Ouest de la France\"}]},{\"@type\":\"WebSite\",\"@id\":\"https:\/\/impactup.com\/en\/#website\",\"url\":\"https:\/\/impactup.com\/en\/\",\"name\":\"ImpactUp\",\"description\":\"Recrutement commerciaux, directions commerciales et fonctions marketing\",\"potentialAction\":[{\"@type\":\"SearchAction\",\"target\":{\"@type\":\"EntryPoint\",\"urlTemplate\":\"https:\/\/impactup.com\/en\/?s={search_term_string}\"},\"query-input\":{\"@type\":\"PropertyValueSpecification\",\"valueRequired\":true,\"valueName\":\"search_term_string\"}}],\"inLanguage\":\"en-US\"}]}<\/script>\n<!-- \/ Yoast SEO plugin. -->","yoast_head_json":{"title":"Cabinet de recrutement ouest - Un cabinet de recrutement et chasse de t\u00eate dans l\u2019Ouest de la France","description":"ImpactUp, le cabinet de recrutement dans l\u2019Ouest de la France, utilise les m\u00e9thodes classiques et la chasse de t\u00eate pour trouver les candidats les plus talentueux.","robots":{"index":"index","follow":"follow","max-snippet":"max-snippet:-1","max-image-preview":"max-image-preview:large","max-video-preview":"max-video-preview:-1"},"canonical":"https:\/\/impactup.com\/en\/glossaire\/cabinet-de-recrutement-exercant-dans-l-ouest\/","og_locale":"en_US","og_type":"article","og_title":"Cabinet de recrutement ouest - Un cabinet de recrutement et chasse de t\u00eate dans l\u2019Ouest de la France","og_description":"ImpactUp, le cabinet de recrutement dans l\u2019Ouest de la France, utilise les m\u00e9thodes classiques et la chasse de t\u00eate pour trouver les candidats les plus talentueux.","og_url":"https:\/\/impactup.com\/en\/glossaire\/cabinet-de-recrutement-exercant-dans-l-ouest\/","og_site_name":"ImpactUp","article_modified_time":"2024-06-12T14:04:13+00:00","og_image":[{"width":1067,"height":600,"url":"https:\/\/impactup.com\/wp-content\/uploads\/2021\/01\/og.jpg","type":"image\/jpeg"}],"twitter_card":"summary_large_image","twitter_misc":{"Est. reading time":"6 minutes"},"schema":{"@context":"https:\/\/schema.org","@graph":[{"@type":"WebPage","@id":"https:\/\/impactup.com\/en\/glossaire\/cabinet-de-recrutement-exercant-dans-l-ouest\/","url":"https:\/\/impactup.com\/en\/glossaire\/cabinet-de-recrutement-exercant-dans-l-ouest\/","name":"Cabinet de recrutement ouest - Un cabinet de recrutement et chasse de t\u00eate dans l\u2019Ouest de la France","isPartOf":{"@id":"https:\/\/impactup.com\/en\/#website"},"datePublished":"2024-06-10T14:36:00+00:00","dateModified":"2024-06-12T14:04:13+00:00","description":"ImpactUp, le cabinet de recrutement dans l\u2019Ouest de la France, utilise les m\u00e9thodes classiques et la chasse de t\u00eate pour trouver les candidats les plus talentueux.","breadcrumb":{"@id":"https:\/\/impactup.com\/en\/glossaire\/cabinet-de-recrutement-exercant-dans-l-ouest\/#breadcrumb"},"inLanguage":"en-US","potentialAction":[{"@type":"ReadAction","target":["https:\/\/impactup.com\/en\/glossaire\/cabinet-de-recrutement-exercant-dans-l-ouest\/"]}]},{"@type":"BreadcrumbList","@id":"https:\/\/impactup.com\/en\/glossaire\/cabinet-de-recrutement-exercant-dans-l-ouest\/#breadcrumb","itemListElement":[{"@type":"ListItem","position":1,"name":"Accueil","item":"https:\/\/impactup.com\/en\/"},{"@type":"ListItem","position":2,"name":"Glossaire","item":"https:\/\/impactup.com\/en\/glossaire\/"},{"@type":"ListItem","position":3,"name":"Un cabinet de recrutement dans l\u2019Ouest de la France"}]},{"@type":"WebSite","@id":"https:\/\/impactup.com\/en\/#website","url":"https:\/\/impactup.com\/en\/","name":"ImpactUp","description":"Recrutement commerciaux, directions commerciales et fonctions marketing","potentialAction":[{"@type":"SearchAction","target":{"@type":"EntryPoint","urlTemplate":"https:\/\/impactup.com\/en\/?s={search_term_string}"},"query-input":{"@type":"PropertyValueSpecification","valueRequired":true,"valueName":"search_term_string"}}],"inLanguage":"en-US"}]}},"_links":{"self":[{"href":"https:\/\/impactup.com\/en\/wp-json\/wp\/v2\/pages\/26293","targetHints":{"allow":["GET"]}}],"collection":[{"href":"https:\/\/impactup.com\/en\/wp-json\/wp\/v2\/pages"}],"about":[{"href":"https:\/\/impactup.com\/en\/wp-json\/wp\/v2\/types\/page"}],"author":[{"embeddable":true,"href":"https:\/\/impactup.com\/en\/wp-json\/wp\/v2\/users\/4"}],"replies":[{"embeddable":true,"href":"https:\/\/impactup.com\/en\/wp-json\/wp\/v2\/comments?post=26293"}],"version-history":[{"count":4,"href":"https:\/\/impactup.com\/en\/wp-json\/wp\/v2\/pages\/26293\/revisions"}],"predecessor-version":[{"id":26528,"href":"https:\/\/impactup.com\/en\/wp-json\/wp\/v2\/pages\/26293\/revisions\/26528"}],"up":[{"embeddable":true,"href":"https:\/\/impactup.com\/en\/wp-json\/wp\/v2\/pages\/17218"}],"wp:attachment":[{"href":"https:\/\/impactup.com\/en\/wp-json\/wp\/v2\/media?parent=26293"}],"curies":[{"name":"wp","href":"https:\/\/api.w.org\/{rel}","templated":true}]}}