{"id":26287,"date":"2024-06-10T16:32:52","date_gmt":"2024-06-10T14:32:52","guid":{"rendered":"https:\/\/impactup.niou.dev\/?page_id=26287"},"modified":"2024-06-11T16:34:47","modified_gmt":"2024-06-11T14:34:47","slug":"chasseur-de-tete-commerciaux-grenoble-38","status":"publish","type":"page","link":"https:\/\/impactup.com\/en\/glossaire\/chasseur-de-tete-commerciaux-grenoble-38\/","title":{"rendered":"Recherche de commerciaux qualifi\u00e9s dans le 38 : quel chasseur de t\u00eate contacter ?"},"content":{"rendered":"<div class=\"wpb-content-wrapper\"><p>[vc_row][vc_column width=&#8221;1\/3&#8243;][vc_btn title=&#8221;Voir notre offre&#8221; color=&#8221;secondarycolor&#8221; align=&#8221;center&#8221; css=&#8221;&#8221; link=&#8221;url:https%3A%2F%2Fimpactup.com%2Frecrutement%2F&#8221;][\/vc_column][vc_column width=&#8221;1\/3&#8243;][vc_btn title=&#8221;Confiez-nous votre projet&#8221; color=&#8221;secondarycolor&#8221; align=&#8221;center&#8221; css=&#8221;&#8221; link=&#8221;url:https%3A%2F%2Fimpactup.com%2Fetude-personnalisee%2F&#8221;][\/vc_column][vc_column width=&#8221;1\/3&#8243;][vc_btn title=&#8221;Contactez-nous&#8221; color=&#8221;secondarycolor&#8221; align=&#8221;center&#8221; css=&#8221;&#8221; link=&#8221;url:https%3A%2F%2Fimpactup.com%2Fcontact%2F&#8221;][\/vc_column][\/vc_row][vc_row css=&#8221;.vc_custom_1717658386032{padding-top: 40px !important;padding-bottom: 20px !important;}&#8221;][vc_column][vc_column_text css=&#8221;&#8221;]<\/p>\n<section style=\"text-align: justify;\">\n<h2><strong>Recherche de commerciaux qualifi\u00e9s dans le 38 : quel chasseur de t\u00eate contacter ?<\/strong><\/h2>\n<p>Confier le recrutement de <a href=\"https:\/\/impactup.com\/glossaire\/cabinet-de-recrutement-commercial-grenoble-38\/\"><strong>commerciaux \u00e0 un chasseur de t\u00eate dans le<\/strong> <strong>38<\/strong><\/a> est une option plus avantageuse. Les postes commerciaux font, en effet, office de v\u00e9ritable moteur pour la croissance d\u2019une entreprise. Se posant comme de v\u00e9ritables partenaires, ils refl\u00e8tent aussi une image positive aupr\u00e8s des clients. Contrairement \u00e0 une agence de recrutement classique, le chasseur de t\u00eate privil\u00e9gie une approche directe impliquant la mise en place d\u2019une strat\u00e9gie de recrutement personnalis\u00e9 selon chaque poste et chaque entreprise.<\/p>\n<\/section>\n<p>[\/vc_column_text][\/vc_column][\/vc_row][vc_row][vc_column width=&#8221;1\/3&#8243;][vc_btn title=&#8221;Voir notre offre&#8221; color=&#8221;secondarycolor&#8221; align=&#8221;center&#8221; css=&#8221;&#8221; link=&#8221;url:https%3A%2F%2Fimpactup.com%2Frecrutement%2F&#8221;][\/vc_column][vc_column width=&#8221;1\/3&#8243;][vc_btn title=&#8221;Confiez-nous votre projet&#8221; color=&#8221;secondarycolor&#8221; align=&#8221;center&#8221; css=&#8221;&#8221; link=&#8221;url:https%3A%2F%2Fimpactup.com%2Fetude-personnalisee%2F&#8221;][\/vc_column][vc_column width=&#8221;1\/3&#8243;][vc_btn title=&#8221;Contactez-nous&#8221; color=&#8221;secondarycolor&#8221; align=&#8221;center&#8221; css=&#8221;&#8221; link=&#8221;url:https%3A%2F%2Fimpactup.com%2Fcontact%2F&#8221;][\/vc_column][\/vc_row][vc_row css=&#8221;.vc_custom_1717658445522{padding-top: 40px !important;}&#8221;][vc_column][vc_column_text css=&#8221;&#8221;]<\/p>\n<section style=\"text-align: justify;\">\n<h2><strong>Qu\u2019est-ce qu\u2019un bon commercial ? <\/strong><\/h2>\n<p>Agent commercial, technico-commercial, chefs de vente, vendeurs, ing\u00e9nieur commercial ou directeur commercial, les postes commerciaux sont actuellement consid\u00e9r\u00e9s comme des collaborateurs acteurs du d\u00e9veloppement \u00e9conomique d\u2019une entreprise pour laquelle ils travaillent.<\/p>\n<p>Les commerciaux comp\u00e9tents sont des professionnels poss\u00e9dant d\u2019excellentes qualit\u00e9s relationnelles et passionn\u00e9s par la prospection. Ils sont en mesure de structurer leurs arguments de fa\u00e7on \u00e0 mettre en valeur les atouts des services ou des produits qu\u2019ils proposent. Ainsi, ils optimisent l\u2019image de marque de l\u2019entreprise pour laquelle ils travaillent et permettent \u00e0 cette derni\u00e8re de se d\u00e9marquer de ses concurrents. \u00c9tant donn\u00e9 que les fonctions commerciales sont strat\u00e9giques au sein de toutes les entreprises, les chefs d\u2019entreprise accordent tr\u00e8s peu, voire pas du tout, de marge d\u2019erreur dans leur processus de recrutement. C\u2019est pourquoi ils font appel \u00e0 un <a href=\"https:\/\/impactup.com\/glossaire\/cabinet-chasseur-de-tete-grenoble-38\/\"><strong>chasseur de t\u00eates sp\u00e9cialis\u00e9 dans le recrutement de commerciaux \u00e0 Grenoble et dans le 38<\/strong><\/a>.<\/p>\n<h2><strong>Comment travaille un chasseur de t\u00eate ?<\/strong><\/h2>\n<p>La mission d\u2019un chasseur de t\u00eate consiste \u00e0 identifier puis \u00e0 contacter des profils pour rejoindre son entreprise cliente. La plupart du temps, il recherche des candidats pour des postes p\u00e9nuriques, tr\u00e8s techniques ou des cadres \u00e0 responsabilit\u00e9s ultra importantes.<\/p>\n<p>Ce professionnel se distingue du recruteur classique par l\u2019approche qu\u2019il utilise. Pour identifier les meilleurs <a href=\"https:\/\/impactup.com\/glossaire\/recrutement-commerciaux-grenoble-38\/\"><strong>commerciaux dans le 38, le<\/strong> <strong>chasseur de t\u00eate <\/strong><\/a>ne va pas attendre que les candidats qui ont rep\u00e9r\u00e9 ses offres d\u2019emploi viennent \u00e0 lui.<\/p>\n<p>Au lieu d\u2019utiliser cette d\u00e9marche passive, il va prendre l\u2019initiative de chercher lui-m\u00eame les candidats puis de les contacter pour les convaincre de quitter le poste qu\u2019ils occupent actuellement pour saisir une opportunit\u00e9 plus int\u00e9ressante pour leur carri\u00e8re professionnelle.<\/p>\n<p>Les CVth\u00e8ques, les bases de donn\u00e9es internes, les \u00e9v\u00e9nements et salons professionnels, son propre r\u00e9seau, mais aussi les r\u00e9seaux sociaux professionnels constituent de v\u00e9ritables sources lui permettant de trouver les meilleurs profils.<\/p>\n<h2><strong>ImpactUp : un cabinet chasseur de t\u00eate de commerciaux dans le 38<\/strong><\/h2>\n<p>Votre entreprise ne dispose pas d\u2019une \u00e9quipe RH en interne ? Votre \u00e9quipe RH est d\u00e9bord\u00e9e et ne peut pas prendre en charge la gestion d\u2019une campagne de recrutement ?<\/p>\n<p>Vous n\u2019avez pas encore re\u00e7u une candidature pertinente malgr\u00e9 les multitudes d\u2019offres d\u2019emploi que vous avez publi\u00e9es ? Il est temps de solliciter les services d\u2019un cabinet de <strong>chasseur de t\u00eate <\/strong>de <strong>commerciaux comme <a href=\"https:\/\/impactup.com\">ImpactUp<\/a> \u00e0<\/strong> <strong>Grenoble<\/strong>.<\/p>\n<p>Nous sommes sp\u00e9cialis\u00e9s dans les fonctions commerciales marketing et accompagnons depuis plus de 15 ans aussi bien les grands groupes que les petites structures pour le recrutement et le service de conseil. Nous recherchons et \u00e9valuons les talents qui vous permettent d\u2019accro\u00eetre vos parts de march\u00e9. D\u00e8s nos d\u00e9buts, nous avons \u00e9t\u00e9 class\u00e9s parmi les \u00ab Meilleurs cabinets de recrutement \u00bb, cat\u00e9gorie Managers et sp\u00e9cialistes.<\/p>\n<p>&nbsp;<\/p>\n<\/section>\n<p>[\/vc_column_text][\/vc_column][\/vc_row]<\/p>\n<\/div>","protected":false},"excerpt":{"rendered":"<p>[vc_row][vc_column width=&#8221;1\/3&#8243;][vc_btn title=&#8221;Voir notre offre&#8221; color=&#8221;secondarycolor&#8221; align=&#8221;center&#8221; css=&#8221;&#8221; link=&#8221;url:https%3A%2F%2Fimpactup.com%2Frecrutement%2F&#8221;][\/vc_column][vc_column width=&#8221;1\/3&#8243;][vc_btn title=&#8221;Confiez-nous votre projet&#8221; color=&#8221;secondarycolor&#8221; align=&#8221;center&#8221; css=&#8221;&#8221; link=&#8221;url:https%3A%2F%2Fimpactup.com%2Fetude-personnalisee%2F&#8221;][\/vc_column][vc_column width=&#8221;1\/3&#8243;][vc_btn title=&#8221;Contactez-nous&#8221; color=&#8221;secondarycolor&#8221; align=&#8221;center&#8221; css=&#8221;&#8221; link=&#8221;url:https%3A%2F%2Fimpactup.com%2Fcontact%2F&#8221;][\/vc_column][\/vc_row][vc_row css=&#8221;.vc_custom_1717658386032{padding-top: 40px !important;padding-bottom: 20px !important;}&#8221;][vc_column][vc_column_text css=&#8221;&#8221;] Recherche de commerciaux qualifi\u00e9s dans le 38 : quel chasseur de t\u00eate contacter ? Confier le recrutement de commerciaux \u00e0 un chasseur de t\u00eate dans le [&hellip;]<\/p>\n","protected":false},"author":4,"featured_media":0,"parent":17218,"menu_order":0,"comment_status":"closed","ping_status":"closed","template":"","meta":{"_monsterinsights_skip_tracking":false,"_monsterinsights_sitenote_active":false,"_monsterinsights_sitenote_note":"","_monsterinsights_sitenote_category":0,"footnotes":""},"class_list":["post-26287","page","type-page","status-publish","hentry"],"yoast_head":"<!-- This site is optimized with the Yoast SEO plugin v27.0 - https:\/\/yoast.com\/product\/yoast-seo-wordpress\/ -->\n<title>Un chasseur de t\u00eate pour trouver des commerciaux dans le 38<\/title>\n<meta name=\"description\" content=\"Embauchez des commerciaux qualifi\u00e9s avec l\u2019aide d\u2019un chasseur de t\u00eate \u00e0 Grenoble. ImpactUp est un cabinet chasseur de t\u00eate de commerciaux dans le 38.\" \/>\n<meta name=\"robots\" content=\"index, follow, max-snippet:-1, max-image-preview:large, max-video-preview:-1\" \/>\n<link rel=\"canonical\" href=\"https:\/\/impactup.com\/en\/glossaire\/chasseur-de-tete-commerciaux-grenoble-38\/\" \/>\n<meta property=\"og:locale\" content=\"en_US\" \/>\n<meta property=\"og:type\" content=\"article\" \/>\n<meta property=\"og:title\" content=\"Un chasseur de t\u00eate pour trouver des commerciaux dans le 38\" \/>\n<meta property=\"og:description\" content=\"Embauchez des commerciaux qualifi\u00e9s avec l\u2019aide d\u2019un chasseur de t\u00eate \u00e0 Grenoble. ImpactUp est un cabinet chasseur de t\u00eate de commerciaux dans le 38.\" \/>\n<meta property=\"og:url\" content=\"https:\/\/impactup.com\/en\/glossaire\/chasseur-de-tete-commerciaux-grenoble-38\/\" \/>\n<meta property=\"og:site_name\" content=\"ImpactUp\" \/>\n<meta property=\"article:modified_time\" content=\"2024-06-11T14:34:47+00:00\" \/>\n<meta property=\"og:image\" content=\"https:\/\/impactup.com\/wp-content\/uploads\/2021\/01\/og.jpg\" \/>\n\t<meta property=\"og:image:width\" content=\"1067\" \/>\n\t<meta property=\"og:image:height\" content=\"600\" \/>\n\t<meta property=\"og:image:type\" content=\"image\/jpeg\" \/>\n<meta name=\"twitter:card\" content=\"summary_large_image\" \/>\n<meta name=\"twitter:label1\" content=\"Est. reading time\" \/>\n\t<meta name=\"twitter:data1\" content=\"4 minutes\" \/>\n<script type=\"application\/ld+json\" class=\"yoast-schema-graph\">{\"@context\":\"https:\/\/schema.org\",\"@graph\":[{\"@type\":\"WebPage\",\"@id\":\"https:\/\/impactup.com\/en\/glossaire\/chasseur-de-tete-commerciaux-grenoble-38\/\",\"url\":\"https:\/\/impactup.com\/en\/glossaire\/chasseur-de-tete-commerciaux-grenoble-38\/\",\"name\":\"Un chasseur de t\u00eate pour trouver des commerciaux dans le 38\",\"isPartOf\":{\"@id\":\"https:\/\/impactup.com\/en\/#website\"},\"datePublished\":\"2024-06-10T14:32:52+00:00\",\"dateModified\":\"2024-06-11T14:34:47+00:00\",\"description\":\"Embauchez des commerciaux qualifi\u00e9s avec l\u2019aide d\u2019un chasseur de t\u00eate \u00e0 Grenoble. ImpactUp est un cabinet chasseur de t\u00eate de commerciaux dans le 38.\",\"breadcrumb\":{\"@id\":\"https:\/\/impactup.com\/en\/glossaire\/chasseur-de-tete-commerciaux-grenoble-38\/#breadcrumb\"},\"inLanguage\":\"en-US\",\"potentialAction\":[{\"@type\":\"ReadAction\",\"target\":[\"https:\/\/impactup.com\/en\/glossaire\/chasseur-de-tete-commerciaux-grenoble-38\/\"]}]},{\"@type\":\"BreadcrumbList\",\"@id\":\"https:\/\/impactup.com\/en\/glossaire\/chasseur-de-tete-commerciaux-grenoble-38\/#breadcrumb\",\"itemListElement\":[{\"@type\":\"ListItem\",\"position\":1,\"name\":\"Accueil\",\"item\":\"https:\/\/impactup.com\/en\/\"},{\"@type\":\"ListItem\",\"position\":2,\"name\":\"Glossaire\",\"item\":\"https:\/\/impactup.com\/en\/glossaire\/\"},{\"@type\":\"ListItem\",\"position\":3,\"name\":\"Recherche de commerciaux qualifi\u00e9s dans le 38 : quel chasseur de t\u00eate contacter ?\"}]},{\"@type\":\"WebSite\",\"@id\":\"https:\/\/impactup.com\/en\/#website\",\"url\":\"https:\/\/impactup.com\/en\/\",\"name\":\"ImpactUp\",\"description\":\"Recrutement commerciaux, directions commerciales et fonctions marketing\",\"potentialAction\":[{\"@type\":\"SearchAction\",\"target\":{\"@type\":\"EntryPoint\",\"urlTemplate\":\"https:\/\/impactup.com\/en\/?s={search_term_string}\"},\"query-input\":{\"@type\":\"PropertyValueSpecification\",\"valueRequired\":true,\"valueName\":\"search_term_string\"}}],\"inLanguage\":\"en-US\"}]}<\/script>\n<!-- \/ Yoast SEO plugin. -->","yoast_head_json":{"title":"Un chasseur de t\u00eate pour trouver des commerciaux dans le 38","description":"Embauchez des commerciaux qualifi\u00e9s avec l\u2019aide d\u2019un chasseur de t\u00eate \u00e0 Grenoble. ImpactUp est un cabinet chasseur de t\u00eate de commerciaux dans le 38.","robots":{"index":"index","follow":"follow","max-snippet":"max-snippet:-1","max-image-preview":"max-image-preview:large","max-video-preview":"max-video-preview:-1"},"canonical":"https:\/\/impactup.com\/en\/glossaire\/chasseur-de-tete-commerciaux-grenoble-38\/","og_locale":"en_US","og_type":"article","og_title":"Un chasseur de t\u00eate pour trouver des commerciaux dans le 38","og_description":"Embauchez des commerciaux qualifi\u00e9s avec l\u2019aide d\u2019un chasseur de t\u00eate \u00e0 Grenoble. ImpactUp est un cabinet chasseur de t\u00eate de commerciaux dans le 38.","og_url":"https:\/\/impactup.com\/en\/glossaire\/chasseur-de-tete-commerciaux-grenoble-38\/","og_site_name":"ImpactUp","article_modified_time":"2024-06-11T14:34:47+00:00","og_image":[{"width":1067,"height":600,"url":"https:\/\/impactup.com\/wp-content\/uploads\/2021\/01\/og.jpg","type":"image\/jpeg"}],"twitter_card":"summary_large_image","twitter_misc":{"Est. reading time":"4 minutes"},"schema":{"@context":"https:\/\/schema.org","@graph":[{"@type":"WebPage","@id":"https:\/\/impactup.com\/en\/glossaire\/chasseur-de-tete-commerciaux-grenoble-38\/","url":"https:\/\/impactup.com\/en\/glossaire\/chasseur-de-tete-commerciaux-grenoble-38\/","name":"Un chasseur de t\u00eate pour trouver des commerciaux dans le 38","isPartOf":{"@id":"https:\/\/impactup.com\/en\/#website"},"datePublished":"2024-06-10T14:32:52+00:00","dateModified":"2024-06-11T14:34:47+00:00","description":"Embauchez des commerciaux qualifi\u00e9s avec l\u2019aide d\u2019un chasseur de t\u00eate \u00e0 Grenoble. ImpactUp est un cabinet chasseur de t\u00eate de commerciaux dans le 38.","breadcrumb":{"@id":"https:\/\/impactup.com\/en\/glossaire\/chasseur-de-tete-commerciaux-grenoble-38\/#breadcrumb"},"inLanguage":"en-US","potentialAction":[{"@type":"ReadAction","target":["https:\/\/impactup.com\/en\/glossaire\/chasseur-de-tete-commerciaux-grenoble-38\/"]}]},{"@type":"BreadcrumbList","@id":"https:\/\/impactup.com\/en\/glossaire\/chasseur-de-tete-commerciaux-grenoble-38\/#breadcrumb","itemListElement":[{"@type":"ListItem","position":1,"name":"Accueil","item":"https:\/\/impactup.com\/en\/"},{"@type":"ListItem","position":2,"name":"Glossaire","item":"https:\/\/impactup.com\/en\/glossaire\/"},{"@type":"ListItem","position":3,"name":"Recherche de commerciaux qualifi\u00e9s dans le 38 : quel chasseur de t\u00eate contacter ?"}]},{"@type":"WebSite","@id":"https:\/\/impactup.com\/en\/#website","url":"https:\/\/impactup.com\/en\/","name":"ImpactUp","description":"Recrutement commerciaux, directions commerciales et fonctions marketing","potentialAction":[{"@type":"SearchAction","target":{"@type":"EntryPoint","urlTemplate":"https:\/\/impactup.com\/en\/?s={search_term_string}"},"query-input":{"@type":"PropertyValueSpecification","valueRequired":true,"valueName":"search_term_string"}}],"inLanguage":"en-US"}]}},"_links":{"self":[{"href":"https:\/\/impactup.com\/en\/wp-json\/wp\/v2\/pages\/26287","targetHints":{"allow":["GET"]}}],"collection":[{"href":"https:\/\/impactup.com\/en\/wp-json\/wp\/v2\/pages"}],"about":[{"href":"https:\/\/impactup.com\/en\/wp-json\/wp\/v2\/types\/page"}],"author":[{"embeddable":true,"href":"https:\/\/impactup.com\/en\/wp-json\/wp\/v2\/users\/4"}],"replies":[{"embeddable":true,"href":"https:\/\/impactup.com\/en\/wp-json\/wp\/v2\/comments?post=26287"}],"version-history":[{"count":1,"href":"https:\/\/impactup.com\/en\/wp-json\/wp\/v2\/pages\/26287\/revisions"}],"predecessor-version":[{"id":26292,"href":"https:\/\/impactup.com\/en\/wp-json\/wp\/v2\/pages\/26287\/revisions\/26292"}],"up":[{"embeddable":true,"href":"https:\/\/impactup.com\/en\/wp-json\/wp\/v2\/pages\/17218"}],"wp:attachment":[{"href":"https:\/\/impactup.com\/en\/wp-json\/wp\/v2\/media?parent=26287"}],"curies":[{"name":"wp","href":"https:\/\/api.w.org\/{rel}","templated":true}]}}