{"id":26285,"date":"2024-06-10T16:27:41","date_gmt":"2024-06-10T14:27:41","guid":{"rendered":"https:\/\/impactup.niou.dev\/?page_id=26285"},"modified":"2024-06-12T16:23:07","modified_gmt":"2024-06-12T14:23:07","slug":"cabinet-de-recrutement-business-developer-toulouse","status":"publish","type":"page","link":"https:\/\/impactup.com\/en\/glossaire\/cabinet-de-recrutement-business-developer-toulouse\/","title":{"rendered":"Pourquoi contacter un cabinet pour le recrutement de business developer \u00e0 Toulouse ?"},"content":{"rendered":"<div class=\"wpb-content-wrapper\"><p>[vc_row][vc_column width=&#8221;1\/3&#8243;][vc_btn title=&#8221;Voir notre offre&#8221; color=&#8221;secondarycolor&#8221; align=&#8221;center&#8221; css=&#8221;&#8221; link=&#8221;url:https%3A%2F%2Fimpactup.com%2Frecrutement%2F&#8221;][\/vc_column][vc_column width=&#8221;1\/3&#8243;][vc_btn title=&#8221;Confiez-nous votre projet&#8221; color=&#8221;secondarycolor&#8221; align=&#8221;center&#8221; css=&#8221;&#8221; link=&#8221;url:https%3A%2F%2Fimpactup.com%2Fetude-personnalisee%2F&#8221;][\/vc_column][vc_column width=&#8221;1\/3&#8243;][vc_btn title=&#8221;Contactez-nous&#8221; color=&#8221;secondarycolor&#8221; align=&#8221;center&#8221; css=&#8221;&#8221; link=&#8221;url:https%3A%2F%2Fimpactup.com%2Fcontact%2F&#8221;][\/vc_column][\/vc_row][vc_row css=&#8221;.vc_custom_1717658386032{padding-top: 40px !important;padding-bottom: 20px !important;}&#8221;][vc_column][vc_column_text css=&#8221;&#8221;]<\/p>\n<section style=\"text-align: justify;\">\n<h2><strong>Pourquoi contacter un cabinet pour le recrutement de business developer \u00e0 Toulouse\u00a0?<\/strong><\/h2>\n<p>Le business developer, un fin strat\u00e8ge occupe qui un poste cl\u00e9 dans une soci\u00e9t\u00e9. Il peut d\u00e9nicher les meilleures opportunit\u00e9s pour diff\u00e9rentes affaires. Il assure \u00e9galement une veille concurrentielle permanente pour qu\u2019une entreprise puisse rester comp\u00e9titive. ImpactUP, un <a href=\"https:\/\/impactup.com\/cabinet-de-recrutement-commercial-export-toulouse\"><strong>cabinet de recrutement de business developer \u00e0 Toulouse<\/strong><\/a> peut vous aider \u00e0 trouver le profil id\u00e9al pour cette fonction. <strong>\u00a0<\/strong><\/p>\n<\/section>\n<p>[\/vc_column_text][\/vc_column][\/vc_row][vc_row][vc_column width=&#8221;1\/3&#8243;][vc_btn title=&#8221;Voir notre offre&#8221; color=&#8221;secondarycolor&#8221; align=&#8221;center&#8221; css=&#8221;&#8221; link=&#8221;url:https%3A%2F%2Fimpactup.com%2Frecrutement%2F&#8221;][\/vc_column][vc_column width=&#8221;1\/3&#8243;][vc_btn title=&#8221;Confiez-nous votre projet&#8221; color=&#8221;secondarycolor&#8221; align=&#8221;center&#8221; css=&#8221;&#8221; link=&#8221;url:https%3A%2F%2Fimpactup.com%2Fetude-personnalisee%2F&#8221;][\/vc_column][vc_column width=&#8221;1\/3&#8243;][vc_btn title=&#8221;Contactez-nous&#8221; color=&#8221;secondarycolor&#8221; align=&#8221;center&#8221; css=&#8221;&#8221; link=&#8221;url:https%3A%2F%2Fimpactup.com%2Fcontact%2F&#8221;][\/vc_column][\/vc_row][vc_row css=&#8221;.vc_custom_1717658445522{padding-top: 40px !important;}&#8221;][vc_column][vc_column_text css=&#8221;&#8221;]<\/p>\n<section style=\"text-align: justify;\">\n<h2><strong>Le business developper, un \u00e9l\u00e9ment cl\u00e9 du d\u00e9veloppement de l\u2019entreprise<\/strong><\/h2>\n<p>Les missions d\u2019un business developper peuvent se r\u00e9sumer en trois points principaux\u00a0:<\/p>\n<ul>\n<li>d\u00e9tecter de nouvelles opportunit\u00e9s d\u2019affaires, autrement dit identifier de nouveaux march\u00e9s potentiels ;<\/li>\n<li>prospecter de nouveaux clients, am\u00e9liorer les produits existants ou en inventer de nouveaux ;<\/li>\n<li>g\u00e9rer la relation externe (avec les clients, les partenaires, le public\u2026).<\/li>\n<\/ul>\n<p>Pour mener \u00e0 bien ses missions, le business developer doit \u00eatre dou\u00e9 d\u2019un certain nombre de qualit\u00e9s.<\/p>\n<p>D\u2019abord, il doit avoir une parfaite ma\u00eetrise des strat\u00e9gies de d\u00e9veloppement d\u2019entreprise. En effet, toutes les opportunit\u00e9s ne sont pas toujours bonnes \u00e0 saisir. Il sera ainsi amen\u00e9 \u00e0 cerner les vraies opportunit\u00e9s des fausses.<\/p>\n<p>En cela, il aura besoin de comprendre les sp\u00e9cificit\u00e9s de son entreprise, mais \u00e9galement celles des clients, des partenaires ainsi que des concurrents. Cette \u00e9tape est essentielle pour pouvoir prendre des d\u00e9cisions judicieuses dans l\u2019\u00e9laboration d\u2019une strat\u00e9gie \u00e0 long terme.<\/p>\n<p>Ensuite, le business developer doit ma\u00eetriser toutes les composantes du marketing. Aussi bien lors du lancement d\u2019un nouveau produit que lors de la n\u00e9gociation d\u2019un nouveau partenariat, il sera amen\u00e9 \u00e0 \u00ab\u00a0vendre\u00a0\u00bb ou \u00e0 \u00ab\u00a0se vendre\u00a0\u00bb \u00e0 un moment donn\u00e9. Il doit donc avoir une fibre commerciale, de la \u00ab\u00a0tchatche\u00a0\u00bb ainsi qu\u2019une force de persuasion consid\u00e9rable.<\/p>\n<p>Enfin, la gestion des relations fait partie des principales responsabilit\u00e9s d\u2019un business developer. Disposer d\u2019un bon r\u00e9seau professionnel est essentiel pour se faire conna\u00eetre dans le petit monde des affaires. Les gros contrats de partenariat se nouent souvent lors de soir\u00e9es priv\u00e9es. A ce titre, il travaillera \u00e0 entretenir et \u00e9largir son r\u00e9seau.<\/p>\n<p>D\u2019autre part, il veillera \u00e0 soigner la relation avec les clients et les tiers (m\u00e9dias, administrations publiques\u2026). Dans certaines entreprises, le business developer peut \u00eatre amen\u00e9 \u00e0 assumer les t\u00e2ches d\u2019un community management.<\/p>\n<p>Compte tenu de tout ce qui pr\u00e9c\u00e8de, le business developer est un maillon essentiel dans le d\u00e9veloppement de l\u2019entreprise. Les profils r\u00e9pondant \u00e0 ces crit\u00e8res ne courent pas les rues et l\u2019aide d\u2019un <strong>cabinet<\/strong> sp\u00e9cialis\u00e9 sera fortement appr\u00e9ci\u00e9e lors du <a href=\"https:\/\/impactup.com\/cabinet-de-recrutement-marketing-toulouse\"><strong>recrutement d\u2019un business developer \u00e0 Toulouse<\/strong><\/a> ou dans une autre ville fran\u00e7aise. ImpactUp se tient \u00e0 vos c\u00f4t\u00e9s pour vous assister dans l\u2019embauche de votre futur business developper dans la ville rose.<\/p>\n<h2><strong>ImpactUp, cabinet de recrutement de business developer \u00e0 Toulouse<\/strong><\/h2>\n<p><a href=\"https:\/\/impactup.com\/\"><strong>ImpactUp<\/strong><\/a> existe depuis 2005. \u00c9pauler les entreprises dans le cadre de leur campagne de recrutement. Les accompagner dans ce processus d\u00e9licat pour \u00e9viter les \u00e9ventuelles erreurs de castings, souvent synonymes de pertes consid\u00e9rables. Les aider \u00e0 r\u00e9duire le co\u00fbt de leur op\u00e9ration d\u2019embauche et \u00e0 r\u00e9aliser un pr\u00e9cieux gain de temps\u2026 Tels sont les objectifs que s\u2019est fix\u00e9s notre \u00e9quipe de consultants exp\u00e9riment\u00e9s.<\/p>\n<p>Notre <strong>cabinet<\/strong> vous accompagne aussi bien dans le <strong>recrutement de votre futur business developper \u00e0 Toulouse<\/strong> que lors de l\u2019embauche d\u2019autres m\u00e9tiers \u00e0 vocation commerciale et marketing.<\/p>\n<p>Des questions\u00a0? <a href=\"https:\/\/impactup.com\/contact\/\">Contactez-nous<\/a>. Nous serons ravis de vous r\u00e9pondre dans les plus brefs d\u00e9lais.<\/p>\n<h2><strong>Les autres domaines d\u2019action de ImpactUP <\/strong><\/h2>\n<p>ImpactUP est un <a href=\"https:\/\/impactup.com\/cabinet-de-recrutement-en-france\"><strong>cabinet sp\u00e9cialis\u00e9 dans le recrutement de business developer<\/strong><\/a> et en m\u00eame temps un expert en marketing \u00e0 <strong>Toulouse<\/strong>. Nous nous permettons de conseiller le client gr\u00e2ce \u00e0 nos 10 ann\u00e9es d\u2019expertise dans le domaine. Si vous \u00eates un particulier \u00e0 la recherche d\u2019emploi, nous vous accompagnons pour trouver la voie qui peut vous mener vers le monde professionnel.<\/p>\n<p>Les d\u00e9marches commencent par les questions pratiques: Comment r\u00e9ussir l\u2019entretien\u00a0? Comment se comporter sur les r\u00e9seaux sociaux\u00a0pour \u00eatre embauch\u00e9 ? Comment r\u00e9diger un \u00a0CV comme un pro\u00a0? Que faut-il faire pour \u00eatre visible par les recruteurs\u00a0? M\u00eame des groupes nationaux ont recours \u00e0 notre service et nous demandent les directives \u00e0 suivre. N\u2019h\u00e9sitez pas \u00e0 demander aupr\u00e8s de notre cabinet \u00e0 Toulouse toutes les questions qui vous pr\u00e9occupent ou \u00e0 nous partager vos remarques. Nous mettons \u00e0 votre disposition une \u00e9quipe qualifi\u00e9e qui se fera un plaisir de vous r\u00e9pondre en toute franchise.<\/p>\n<\/section>\n<p>[\/vc_column_text][\/vc_column][\/vc_row]<\/p>\n<\/div>","protected":false},"excerpt":{"rendered":"<p>[vc_row][vc_column width=&#8221;1\/3&#8243;][vc_btn title=&#8221;Voir notre offre&#8221; color=&#8221;secondarycolor&#8221; align=&#8221;center&#8221; css=&#8221;&#8221; link=&#8221;url:https%3A%2F%2Fimpactup.com%2Frecrutement%2F&#8221;][\/vc_column][vc_column width=&#8221;1\/3&#8243;][vc_btn title=&#8221;Confiez-nous votre projet&#8221; color=&#8221;secondarycolor&#8221; align=&#8221;center&#8221; css=&#8221;&#8221; link=&#8221;url:https%3A%2F%2Fimpactup.com%2Fetude-personnalisee%2F&#8221;][\/vc_column][vc_column width=&#8221;1\/3&#8243;][vc_btn title=&#8221;Contactez-nous&#8221; color=&#8221;secondarycolor&#8221; align=&#8221;center&#8221; css=&#8221;&#8221; link=&#8221;url:https%3A%2F%2Fimpactup.com%2Fcontact%2F&#8221;][\/vc_column][\/vc_row][vc_row css=&#8221;.vc_custom_1717658386032{padding-top: 40px !important;padding-bottom: 20px !important;}&#8221;][vc_column][vc_column_text css=&#8221;&#8221;] Pourquoi contacter un cabinet pour le recrutement de business developer \u00e0 Toulouse\u00a0? Le business developer, un fin strat\u00e8ge occupe qui un poste cl\u00e9 dans une soci\u00e9t\u00e9. [&hellip;]<\/p>\n","protected":false},"author":4,"featured_media":0,"parent":17218,"menu_order":0,"comment_status":"closed","ping_status":"closed","template":"","meta":{"_monsterinsights_skip_tracking":false,"_monsterinsights_sitenote_active":false,"_monsterinsights_sitenote_note":"","_monsterinsights_sitenote_category":0,"footnotes":""},"class_list":["post-26285","page","type-page","status-publish","hentry"],"yoast_head":"<!-- This site is optimized with the Yoast SEO plugin v27.0 - https:\/\/yoast.com\/product\/yoast-seo-wordpress\/ -->\n<title>ImpactUP, cabinet de recrutement de business developer bas\u00e9 \u00e0 Toulouse<\/title>\n<meta name=\"description\" content=\"Contactez le cabinet de recrutement de business developer \u00e0 Toulouse. ImpactUP, le cabinet expert dans le recrutement de business developer \u00e0 Toulouse.\" \/>\n<meta name=\"robots\" content=\"index, follow, max-snippet:-1, max-image-preview:large, max-video-preview:-1\" \/>\n<link rel=\"canonical\" href=\"https:\/\/impactup.com\/en\/glossaire\/cabinet-de-recrutement-business-developer-toulouse\/\" \/>\n<meta property=\"og:locale\" content=\"en_US\" \/>\n<meta property=\"og:type\" content=\"article\" \/>\n<meta property=\"og:title\" content=\"ImpactUP, cabinet de recrutement de business developer bas\u00e9 \u00e0 Toulouse\" \/>\n<meta property=\"og:description\" content=\"Contactez le cabinet de recrutement de business developer \u00e0 Toulouse. ImpactUP, le cabinet expert dans le recrutement de business developer \u00e0 Toulouse.\" \/>\n<meta property=\"og:url\" content=\"https:\/\/impactup.com\/en\/glossaire\/cabinet-de-recrutement-business-developer-toulouse\/\" \/>\n<meta property=\"og:site_name\" content=\"ImpactUp\" \/>\n<meta property=\"article:modified_time\" content=\"2024-06-12T14:23:07+00:00\" \/>\n<meta property=\"og:image\" content=\"https:\/\/impactup.com\/wp-content\/uploads\/2021\/01\/og.jpg\" \/>\n\t<meta property=\"og:image:width\" content=\"1067\" \/>\n\t<meta property=\"og:image:height\" content=\"600\" \/>\n\t<meta property=\"og:image:type\" content=\"image\/jpeg\" \/>\n<meta name=\"twitter:card\" content=\"summary_large_image\" \/>\n<meta name=\"twitter:label1\" content=\"Est. reading time\" \/>\n\t<meta name=\"twitter:data1\" content=\"4 minutes\" \/>\n<script type=\"application\/ld+json\" class=\"yoast-schema-graph\">{\"@context\":\"https:\/\/schema.org\",\"@graph\":[{\"@type\":\"WebPage\",\"@id\":\"https:\/\/impactup.com\/en\/glossaire\/cabinet-de-recrutement-business-developer-toulouse\/\",\"url\":\"https:\/\/impactup.com\/en\/glossaire\/cabinet-de-recrutement-business-developer-toulouse\/\",\"name\":\"ImpactUP, cabinet de recrutement de business developer bas\u00e9 \u00e0 Toulouse\",\"isPartOf\":{\"@id\":\"https:\/\/impactup.com\/en\/#website\"},\"datePublished\":\"2024-06-10T14:27:41+00:00\",\"dateModified\":\"2024-06-12T14:23:07+00:00\",\"description\":\"Contactez le cabinet de recrutement de business developer \u00e0 Toulouse. ImpactUP, le cabinet expert dans le recrutement de business developer \u00e0 Toulouse.\",\"breadcrumb\":{\"@id\":\"https:\/\/impactup.com\/en\/glossaire\/cabinet-de-recrutement-business-developer-toulouse\/#breadcrumb\"},\"inLanguage\":\"en-US\",\"potentialAction\":[{\"@type\":\"ReadAction\",\"target\":[\"https:\/\/impactup.com\/en\/glossaire\/cabinet-de-recrutement-business-developer-toulouse\/\"]}]},{\"@type\":\"BreadcrumbList\",\"@id\":\"https:\/\/impactup.com\/en\/glossaire\/cabinet-de-recrutement-business-developer-toulouse\/#breadcrumb\",\"itemListElement\":[{\"@type\":\"ListItem\",\"position\":1,\"name\":\"Accueil\",\"item\":\"https:\/\/impactup.com\/en\/\"},{\"@type\":\"ListItem\",\"position\":2,\"name\":\"Glossaire\",\"item\":\"https:\/\/impactup.com\/en\/glossaire\/\"},{\"@type\":\"ListItem\",\"position\":3,\"name\":\"Pourquoi contacter un cabinet pour le recrutement de business developer \u00e0 Toulouse ?\"}]},{\"@type\":\"WebSite\",\"@id\":\"https:\/\/impactup.com\/en\/#website\",\"url\":\"https:\/\/impactup.com\/en\/\",\"name\":\"ImpactUp\",\"description\":\"Recrutement commerciaux, directions commerciales et fonctions marketing\",\"potentialAction\":[{\"@type\":\"SearchAction\",\"target\":{\"@type\":\"EntryPoint\",\"urlTemplate\":\"https:\/\/impactup.com\/en\/?s={search_term_string}\"},\"query-input\":{\"@type\":\"PropertyValueSpecification\",\"valueRequired\":true,\"valueName\":\"search_term_string\"}}],\"inLanguage\":\"en-US\"}]}<\/script>\n<!-- \/ Yoast SEO plugin. -->","yoast_head_json":{"title":"ImpactUP, cabinet de recrutement de business developer bas\u00e9 \u00e0 Toulouse","description":"Contactez le cabinet de recrutement de business developer \u00e0 Toulouse. ImpactUP, le cabinet expert dans le recrutement de business developer \u00e0 Toulouse.","robots":{"index":"index","follow":"follow","max-snippet":"max-snippet:-1","max-image-preview":"max-image-preview:large","max-video-preview":"max-video-preview:-1"},"canonical":"https:\/\/impactup.com\/en\/glossaire\/cabinet-de-recrutement-business-developer-toulouse\/","og_locale":"en_US","og_type":"article","og_title":"ImpactUP, cabinet de recrutement de business developer bas\u00e9 \u00e0 Toulouse","og_description":"Contactez le cabinet de recrutement de business developer \u00e0 Toulouse. ImpactUP, le cabinet expert dans le recrutement de business developer \u00e0 Toulouse.","og_url":"https:\/\/impactup.com\/en\/glossaire\/cabinet-de-recrutement-business-developer-toulouse\/","og_site_name":"ImpactUp","article_modified_time":"2024-06-12T14:23:07+00:00","og_image":[{"width":1067,"height":600,"url":"https:\/\/impactup.com\/wp-content\/uploads\/2021\/01\/og.jpg","type":"image\/jpeg"}],"twitter_card":"summary_large_image","twitter_misc":{"Est. reading time":"4 minutes"},"schema":{"@context":"https:\/\/schema.org","@graph":[{"@type":"WebPage","@id":"https:\/\/impactup.com\/en\/glossaire\/cabinet-de-recrutement-business-developer-toulouse\/","url":"https:\/\/impactup.com\/en\/glossaire\/cabinet-de-recrutement-business-developer-toulouse\/","name":"ImpactUP, cabinet de recrutement de business developer bas\u00e9 \u00e0 Toulouse","isPartOf":{"@id":"https:\/\/impactup.com\/en\/#website"},"datePublished":"2024-06-10T14:27:41+00:00","dateModified":"2024-06-12T14:23:07+00:00","description":"Contactez le cabinet de recrutement de business developer \u00e0 Toulouse. ImpactUP, le cabinet expert dans le recrutement de business developer \u00e0 Toulouse.","breadcrumb":{"@id":"https:\/\/impactup.com\/en\/glossaire\/cabinet-de-recrutement-business-developer-toulouse\/#breadcrumb"},"inLanguage":"en-US","potentialAction":[{"@type":"ReadAction","target":["https:\/\/impactup.com\/en\/glossaire\/cabinet-de-recrutement-business-developer-toulouse\/"]}]},{"@type":"BreadcrumbList","@id":"https:\/\/impactup.com\/en\/glossaire\/cabinet-de-recrutement-business-developer-toulouse\/#breadcrumb","itemListElement":[{"@type":"ListItem","position":1,"name":"Accueil","item":"https:\/\/impactup.com\/en\/"},{"@type":"ListItem","position":2,"name":"Glossaire","item":"https:\/\/impactup.com\/en\/glossaire\/"},{"@type":"ListItem","position":3,"name":"Pourquoi contacter un cabinet pour le recrutement de business developer \u00e0 Toulouse ?"}]},{"@type":"WebSite","@id":"https:\/\/impactup.com\/en\/#website","url":"https:\/\/impactup.com\/en\/","name":"ImpactUp","description":"Recrutement commerciaux, directions commerciales et fonctions marketing","potentialAction":[{"@type":"SearchAction","target":{"@type":"EntryPoint","urlTemplate":"https:\/\/impactup.com\/en\/?s={search_term_string}"},"query-input":{"@type":"PropertyValueSpecification","valueRequired":true,"valueName":"search_term_string"}}],"inLanguage":"en-US"}]}},"_links":{"self":[{"href":"https:\/\/impactup.com\/en\/wp-json\/wp\/v2\/pages\/26285","targetHints":{"allow":["GET"]}}],"collection":[{"href":"https:\/\/impactup.com\/en\/wp-json\/wp\/v2\/pages"}],"about":[{"href":"https:\/\/impactup.com\/en\/wp-json\/wp\/v2\/types\/page"}],"author":[{"embeddable":true,"href":"https:\/\/impactup.com\/en\/wp-json\/wp\/v2\/users\/4"}],"replies":[{"embeddable":true,"href":"https:\/\/impactup.com\/en\/wp-json\/wp\/v2\/comments?post=26285"}],"version-history":[{"count":4,"href":"https:\/\/impactup.com\/en\/wp-json\/wp\/v2\/pages\/26285\/revisions"}],"predecessor-version":[{"id":26536,"href":"https:\/\/impactup.com\/en\/wp-json\/wp\/v2\/pages\/26285\/revisions\/26536"}],"up":[{"embeddable":true,"href":"https:\/\/impactup.com\/en\/wp-json\/wp\/v2\/pages\/17218"}],"wp:attachment":[{"href":"https:\/\/impactup.com\/en\/wp-json\/wp\/v2\/media?parent=26285"}],"curies":[{"name":"wp","href":"https:\/\/api.w.org\/{rel}","templated":true}]}}