{"id":26279,"date":"2024-06-10T16:21:09","date_gmt":"2024-06-10T14:21:09","guid":{"rendered":"https:\/\/impactup.niou.dev\/?page_id=26279"},"modified":"2024-06-12T16:23:39","modified_gmt":"2024-06-12T14:23:39","slug":"cabinet-de-recrutement-commercial-export-bordeaux","status":"publish","type":"page","link":"https:\/\/impactup.com\/en\/glossaire\/cabinet-de-recrutement-commercial-export-bordeaux\/","title":{"rendered":"Passer par un cabinet de recrutement pour trouver un commercial export \u00e0 Bordeaux"},"content":{"rendered":"<div class=\"wpb-content-wrapper\"><p>[vc_row][vc_column width=&#8221;1\/3&#8243;][vc_btn title=&#8221;Voir notre offre&#8221; color=&#8221;secondarycolor&#8221; align=&#8221;center&#8221; css=&#8221;&#8221; link=&#8221;url:https%3A%2F%2Fimpactup.com%2Frecrutement%2F&#8221;][\/vc_column][vc_column width=&#8221;1\/3&#8243;][vc_btn title=&#8221;Confiez-nous votre projet&#8221; color=&#8221;secondarycolor&#8221; align=&#8221;center&#8221; css=&#8221;&#8221; link=&#8221;url:https%3A%2F%2Fimpactup.com%2Fetude-personnalisee%2F&#8221;][\/vc_column][vc_column width=&#8221;1\/3&#8243;][vc_btn title=&#8221;Contactez-nous&#8221; color=&#8221;secondarycolor&#8221; align=&#8221;center&#8221; css=&#8221;&#8221; link=&#8221;url:https%3A%2F%2Fimpactup.com%2Fcontact%2F&#8221;][\/vc_column][\/vc_row][vc_row css=&#8221;.vc_custom_1717658386032{padding-top: 40px !important;padding-bottom: 20px !important;}&#8221;][vc_column][vc_column_text css=&#8221;&#8221;]<\/p>\n<section style=\"text-align: justify;\">\n<h2><strong>Passer par un cabinet de recrutement pour trouver un commercial export \u00e0 Bordeaux<\/strong><\/h2>\n<p>Un <a href=\"https:\/\/impactup.com\/glossaire\/cabinet-de-recrutement-business-developer-bordeaux\"><strong>cabinet de recrutement <\/strong>\u00e0 <strong>Bordeaux est en mesure de trouver le<\/strong> <strong>commercial export<\/strong><\/a>, dont votre entreprise a besoin. Ayant \u00e0 son actif une \u00e9quipe de consultants-recruteurs chevronn\u00e9s, <strong>ImpactUp<\/strong> est en mesure de vous trouver le bon candidat qui d\u00e9veloppera les ventes de vos produits et services.<\/p>\n<\/section>\n<p>[\/vc_column_text][\/vc_column][\/vc_row][vc_row][vc_column width=&#8221;1\/3&#8243;][vc_btn title=&#8221;Voir notre offre&#8221; color=&#8221;secondarycolor&#8221; align=&#8221;center&#8221; css=&#8221;&#8221; link=&#8221;url:https%3A%2F%2Fimpactup.com%2Frecrutement%2F&#8221;][\/vc_column][vc_column width=&#8221;1\/3&#8243;][vc_btn title=&#8221;Confiez-nous votre projet&#8221; color=&#8221;secondarycolor&#8221; align=&#8221;center&#8221; css=&#8221;&#8221; link=&#8221;url:https%3A%2F%2Fimpactup.com%2Fetude-personnalisee%2F&#8221;][\/vc_column][vc_column width=&#8221;1\/3&#8243;][vc_btn title=&#8221;Contactez-nous&#8221; color=&#8221;secondarycolor&#8221; align=&#8221;center&#8221; css=&#8221;&#8221; link=&#8221;url:https%3A%2F%2Fimpactup.com%2Fcontact%2F&#8221;][\/vc_column][\/vc_row][vc_row css=&#8221;.vc_custom_1717658445522{padding-top: 40px !important;}&#8221;][vc_column][vc_column_text css=&#8221;&#8221;]<\/p>\n<section style=\"text-align: justify;\">\n<h2><strong>Qu\u2019est-ce qu\u2019un commercial export\u00a0?<\/strong><\/h2>\n<p>Le poste de commercial export est \u00e9galement connu sous l\u2019appellation technico-commercial export, responsable zone export, chef de secteur export, cadre export, etc. \u00c0 la diff\u00e9rence d\u2019un commercial classique, le commercial export recherche des clients sur la sc\u00e8ne internationale. Il se d\u00e9place aussi en dehors des fronti\u00e8res de son pays pour entretenir les relations avec les fournisseurs et v\u00e9rifier les d\u00e9marches de fabrication de la firme pour qui il travaille. M\u00eame en travaillant \u00e0 l\u2019\u00e9tranger, il reste en contact permanent avec celle-ci.<\/p>\n<p>Les PME tout comme les entreprises priv\u00e9es et les grandes firmes peuvent solliciter les services d\u2019un <a href=\"https:\/\/impactup.com\/glossaire\/cabinet-de-recrutement-directeur-commercial-bordeaux\"><strong>cabinet de recrutement \u00e0 Bordeaux pour trouver un<\/strong> <strong>commercial export<\/strong><\/a>. Aussi, toutes les structures qui veulent s\u2019ouvrir \u00e0 l\u2019\u00e9tranger ont besoin des services de ce professionnel. Dans les entreprises tr\u00e8s d\u00e9velopp\u00e9es, le commercial export peut remplacer le directeur export qui s\u2019occupe de la gestion de la direction de la filiale \u00ab\u00a0export\u00a0\u00bb.<\/p>\n<h2><strong>Pourquoi bien choisir le commercial sp\u00e9cialiste de l\u2019export\u00a0?<\/strong><\/h2>\n<p>Pour une entreprise commerciale dont les activit\u00e9s sont ax\u00e9es sur les ventes \u00e0 l\u2019international, ou qui souhaite se lancer dans cette activit\u00e9, trouver des collaborateurs disposant d\u2019une bonne connaissance des march\u00e9s \u00e0 l\u2019\u00e9tranger et qui en ma\u00eetrisent les sp\u00e9cificit\u00e9s est primordial. Un commercial charg\u00e9 des op\u00e9rations relatives \u00e0 l\u2019exportation aura ainsi de grandes responsabilit\u00e9s dans le d\u00e9veloppement des chiffres d\u2019affaires \u00e0 l\u2019international. Il devra entre autres t\u00e2ches nouer des partenariats, proc\u00e9der \u00e0 la prospection de nouveaux clients et fid\u00e9liser ceux d\u00e9j\u00e0 acquis, trouver les strat\u00e9gies de vente adapt\u00e9es en fonction des produits\/services et de la client\u00e8le cible\u2026<\/p>\n<p>\u00c9tant donn\u00e9 le caract\u00e8re complexe du poste, recourir \u00e0 l\u2019expertise d\u2019un <strong>cabinet de recrutement <\/strong>pour embaucher un <strong>commercial sp\u00e9cialiste en export \u00e0<\/strong> <strong>Bordeaux<\/strong> est pr\u00e9f\u00e9rable. Cette pr\u00e9caution augmentera vos chances de d\u00e9nicher la personne dont le profil r\u00e9pondra \u00e0 vos attentes et aux exigences du poste \u00e0 pourvoir. ImpactUp dispose d\u2019une \u00e9quipe de recruteurs chevronn\u00e9s dans son agence bordelaise. Ils se chargeront de concevoir la strat\u00e9gie de recrutement adapt\u00e9e \u00e0 vos besoins.<\/p>\n<h2><strong>Le cabinet de recrutement sp\u00e9cialis\u00e9, un atout pour trouver des collaborateurs comp\u00e9tents<\/strong><\/h2>\n<p>Faire appel \u00e0 un <strong>cabinet de recrutement<\/strong> <strong>pour trouver un commercial sp\u00e9cialiste en<\/strong> <strong>export <\/strong>\u00e0 <strong>Bordeaux<\/strong> vous permettra de profiter de diff\u00e9rents avantages pratiques. Ainsi, si vous cherchez un collaborateur pour pourvoir un poste au sein de votre filiale dans la Belle endormie, d\u00e9j\u00e0, vous n\u2019aurez pas \u00e0 vous d\u00e9placer pour proc\u00e9der aux recherches. En choisissant de travailler avec une agence sp\u00e9cialis\u00e9e dans votre domaine d\u2019activit\u00e9s, vous aurez l\u2019assurance de b\u00e9n\u00e9ficier de services de professionnels ma\u00eetrisant les sp\u00e9cificit\u00e9s techniques de votre m\u00e9tier et connaissant bien les contraintes relatives aux comp\u00e9tences de la personne \u00e0 embaucher.<\/p>\n<p>Vous n\u2019aurez pas \u00e0 mettre en place tout un syst\u00e8me pour la gestion du recrutement, ni \u00e0 investir du temps et \u00e0 bloquer des personnes pour vous aider dans cette t\u00e2che d\u00e9licate. Vous pourrez vous occuper de travaux plus productifs. Par ailleurs, <a href=\"https:\/\/impactup.com\"><strong>ImpactUp<\/strong><\/a> ne vous soumettra que les meilleures candidatures et il ne vous restera qu\u2019\u00e0 choisir la personne qui vous convient.<\/p>\n<h2><strong>ImpactUp, cabinet de recrutement de cadre commercial exp\u00e9riment\u00e9<\/strong><\/h2>\n<p>Depuis plus de 15 ans, <strong>ImpactUp<\/strong> accompagne les entreprises commerciales fran\u00e7aises dans la recherche de collaborateurs efficaces pour les m\u00e9tiers de la vente et du marketing. Notre <strong>cabinet de recrutement<\/strong> <strong>trouvera le commercial sp\u00e9cialiste en export \u00e0<\/strong> <strong>Bordeaux <\/strong>qu\u2019il vous faut. Sp\u00e9cialiste des fonctions commerciales et marketing, notre agence est constitu\u00e9e de consultants exp\u00e9riment\u00e9s et qualifi\u00e9s dans leurs domaines d\u2019intervention. Nous proposons aux grandes entreprises et aux PME un accompagnement optimal depuis 2005 dans le recrutement et le conseil. Notre mission consiste g\u00e9n\u00e9ralement \u00e0 la recherche et l\u2019\u00e9valuation des talents afin de permettre \u00e0 nos clients de d\u00e9velopper rapidement leurs activit\u00e9s et de prosp\u00e9rer dans leur domaine d\u2019expertise. Pour ce faire, nous nous appuyons sur le pragmatisme, la proximit\u00e9 ainsi que l\u2019exigence de r\u00e9sultat.<\/p>\n<p>En plus des comp\u00e9tences de nos consultants-recruteurs, nous utilisons des outils innovants pour assurer la qualit\u00e9 des profils et leur conformit\u00e9 aux attentes de nos clients.<\/p>\n<p>Nous nous servons notamment de TalentInitial\u00ae, TalentAttitude\u00ae, TalentBusiness\u00ae et TalentRelation\u00ae pour \u00e9valuer leurs aptitudes professionnelles et personnelles. Pipplet est mis \u00e0 profit pour la v\u00e9rification de leurs capacit\u00e9s en langues \u00e9trang\u00e8res. Et si les m\u00e9thodes classiques ne donnent pas de r\u00e9sultats escompt\u00e9s, nos recruteurs se transforment en chasseurs de t\u00eates redoutables. Nous sommes donc en mesure de mener \u00e0 bien votre projet de recrutement.<\/p>\n<p>Outre notre <a href=\"https:\/\/impactup.com\/glossaire\/cabinet-de-recrutement-marketing-bordeaux\"><strong>cabinet de recrutement<\/strong> <strong>de commercial export<\/strong> \u00e0 <strong>Bordeaux<\/strong><\/a>, vous pouvez nous consulter via nos bureaux situ\u00e9s \u00e0 Paris, Nantes, Toulouse, La Rochelle, Lyon et Lille. Notre \u00e9quipe est \u00e9galement disponible en temps r\u00e9el sur le site afin de r\u00e9pondre \u00e0 toutes vos demandes.<\/p>\n<\/section>\n<p>[\/vc_column_text][\/vc_column][\/vc_row]<\/p>\n<\/div>","protected":false},"excerpt":{"rendered":"<p>[vc_row][vc_column width=&#8221;1\/3&#8243;][vc_btn title=&#8221;Voir notre offre&#8221; color=&#8221;secondarycolor&#8221; align=&#8221;center&#8221; css=&#8221;&#8221; link=&#8221;url:https%3A%2F%2Fimpactup.com%2Frecrutement%2F&#8221;][\/vc_column][vc_column width=&#8221;1\/3&#8243;][vc_btn title=&#8221;Confiez-nous votre projet&#8221; color=&#8221;secondarycolor&#8221; align=&#8221;center&#8221; css=&#8221;&#8221; link=&#8221;url:https%3A%2F%2Fimpactup.com%2Fetude-personnalisee%2F&#8221;][\/vc_column][vc_column width=&#8221;1\/3&#8243;][vc_btn title=&#8221;Contactez-nous&#8221; color=&#8221;secondarycolor&#8221; align=&#8221;center&#8221; css=&#8221;&#8221; link=&#8221;url:https%3A%2F%2Fimpactup.com%2Fcontact%2F&#8221;][\/vc_column][\/vc_row][vc_row css=&#8221;.vc_custom_1717658386032{padding-top: 40px !important;padding-bottom: 20px !important;}&#8221;][vc_column][vc_column_text css=&#8221;&#8221;] Passer par un cabinet de recrutement pour trouver un commercial export \u00e0 Bordeaux Un cabinet de recrutement \u00e0 Bordeaux est en mesure de trouver le commercial [&hellip;]<\/p>\n","protected":false},"author":4,"featured_media":0,"parent":17218,"menu_order":0,"comment_status":"closed","ping_status":"closed","template":"","meta":{"_monsterinsights_skip_tracking":false,"_monsterinsights_sitenote_active":false,"_monsterinsights_sitenote_note":"","_monsterinsights_sitenote_category":0,"footnotes":""},"class_list":["post-26279","page","type-page","status-publish","hentry"],"yoast_head":"<!-- This site is optimized with the Yoast SEO plugin v27.0 - https:\/\/yoast.com\/product\/yoast-seo-wordpress\/ -->\n<title>Cabinet de recrutement commercial export Bordeaux - Chercher un commercial export \u00e0 Bordeaux via un cabinet de recrutement<\/title>\n<meta name=\"description\" content=\"Trouvez facilement un commercial export \u00e0 Bordeaux en contactant un cabinet de recrutement. Le cabinet de recrutement ImpactUp est en mesure de vous trouver un commercial export qualifi\u00e9.\" \/>\n<meta name=\"robots\" content=\"index, follow, max-snippet:-1, max-image-preview:large, max-video-preview:-1\" \/>\n<link rel=\"canonical\" href=\"https:\/\/impactup.com\/en\/glossaire\/cabinet-de-recrutement-commercial-export-bordeaux\/\" \/>\n<meta property=\"og:locale\" content=\"en_US\" \/>\n<meta property=\"og:type\" content=\"article\" \/>\n<meta property=\"og:title\" content=\"Cabinet de recrutement commercial export Bordeaux - Chercher un commercial export \u00e0 Bordeaux via un cabinet de recrutement\" \/>\n<meta property=\"og:description\" content=\"Trouvez facilement un commercial export \u00e0 Bordeaux en contactant un cabinet de recrutement. Le cabinet de recrutement ImpactUp est en mesure de vous trouver un commercial export qualifi\u00e9.\" \/>\n<meta property=\"og:url\" content=\"https:\/\/impactup.com\/en\/glossaire\/cabinet-de-recrutement-commercial-export-bordeaux\/\" \/>\n<meta property=\"og:site_name\" content=\"ImpactUp\" \/>\n<meta property=\"article:modified_time\" content=\"2024-06-12T14:23:39+00:00\" \/>\n<meta property=\"og:image\" content=\"https:\/\/impactup.com\/wp-content\/uploads\/2021\/01\/og.jpg\" \/>\n\t<meta property=\"og:image:width\" content=\"1067\" \/>\n\t<meta property=\"og:image:height\" content=\"600\" \/>\n\t<meta property=\"og:image:type\" content=\"image\/jpeg\" \/>\n<meta name=\"twitter:card\" content=\"summary_large_image\" \/>\n<meta name=\"twitter:label1\" content=\"Est. reading time\" \/>\n\t<meta name=\"twitter:data1\" content=\"5 minutes\" \/>\n<script type=\"application\/ld+json\" class=\"yoast-schema-graph\">{\"@context\":\"https:\/\/schema.org\",\"@graph\":[{\"@type\":\"WebPage\",\"@id\":\"https:\/\/impactup.com\/en\/glossaire\/cabinet-de-recrutement-commercial-export-bordeaux\/\",\"url\":\"https:\/\/impactup.com\/en\/glossaire\/cabinet-de-recrutement-commercial-export-bordeaux\/\",\"name\":\"Cabinet de recrutement commercial export Bordeaux - Chercher un commercial export \u00e0 Bordeaux via un cabinet de recrutement\",\"isPartOf\":{\"@id\":\"https:\/\/impactup.com\/en\/#website\"},\"datePublished\":\"2024-06-10T14:21:09+00:00\",\"dateModified\":\"2024-06-12T14:23:39+00:00\",\"description\":\"Trouvez facilement un commercial export \u00e0 Bordeaux en contactant un cabinet de recrutement. Le cabinet de recrutement ImpactUp est en mesure de vous trouver un commercial export qualifi\u00e9.\",\"breadcrumb\":{\"@id\":\"https:\/\/impactup.com\/en\/glossaire\/cabinet-de-recrutement-commercial-export-bordeaux\/#breadcrumb\"},\"inLanguage\":\"en-US\",\"potentialAction\":[{\"@type\":\"ReadAction\",\"target\":[\"https:\/\/impactup.com\/en\/glossaire\/cabinet-de-recrutement-commercial-export-bordeaux\/\"]}]},{\"@type\":\"BreadcrumbList\",\"@id\":\"https:\/\/impactup.com\/en\/glossaire\/cabinet-de-recrutement-commercial-export-bordeaux\/#breadcrumb\",\"itemListElement\":[{\"@type\":\"ListItem\",\"position\":1,\"name\":\"Accueil\",\"item\":\"https:\/\/impactup.com\/en\/\"},{\"@type\":\"ListItem\",\"position\":2,\"name\":\"Glossaire\",\"item\":\"https:\/\/impactup.com\/en\/glossaire\/\"},{\"@type\":\"ListItem\",\"position\":3,\"name\":\"Passer par un cabinet de recrutement pour trouver un commercial export \u00e0 Bordeaux\"}]},{\"@type\":\"WebSite\",\"@id\":\"https:\/\/impactup.com\/en\/#website\",\"url\":\"https:\/\/impactup.com\/en\/\",\"name\":\"ImpactUp\",\"description\":\"Recrutement commerciaux, directions commerciales et fonctions marketing\",\"potentialAction\":[{\"@type\":\"SearchAction\",\"target\":{\"@type\":\"EntryPoint\",\"urlTemplate\":\"https:\/\/impactup.com\/en\/?s={search_term_string}\"},\"query-input\":{\"@type\":\"PropertyValueSpecification\",\"valueRequired\":true,\"valueName\":\"search_term_string\"}}],\"inLanguage\":\"en-US\"}]}<\/script>\n<!-- \/ Yoast SEO plugin. -->","yoast_head_json":{"title":"Cabinet de recrutement commercial export Bordeaux - Chercher un commercial export \u00e0 Bordeaux via un cabinet de recrutement","description":"Trouvez facilement un commercial export \u00e0 Bordeaux en contactant un cabinet de recrutement. Le cabinet de recrutement ImpactUp est en mesure de vous trouver un commercial export qualifi\u00e9.","robots":{"index":"index","follow":"follow","max-snippet":"max-snippet:-1","max-image-preview":"max-image-preview:large","max-video-preview":"max-video-preview:-1"},"canonical":"https:\/\/impactup.com\/en\/glossaire\/cabinet-de-recrutement-commercial-export-bordeaux\/","og_locale":"en_US","og_type":"article","og_title":"Cabinet de recrutement commercial export Bordeaux - Chercher un commercial export \u00e0 Bordeaux via un cabinet de recrutement","og_description":"Trouvez facilement un commercial export \u00e0 Bordeaux en contactant un cabinet de recrutement. Le cabinet de recrutement ImpactUp est en mesure de vous trouver un commercial export qualifi\u00e9.","og_url":"https:\/\/impactup.com\/en\/glossaire\/cabinet-de-recrutement-commercial-export-bordeaux\/","og_site_name":"ImpactUp","article_modified_time":"2024-06-12T14:23:39+00:00","og_image":[{"width":1067,"height":600,"url":"https:\/\/impactup.com\/wp-content\/uploads\/2021\/01\/og.jpg","type":"image\/jpeg"}],"twitter_card":"summary_large_image","twitter_misc":{"Est. reading time":"5 minutes"},"schema":{"@context":"https:\/\/schema.org","@graph":[{"@type":"WebPage","@id":"https:\/\/impactup.com\/en\/glossaire\/cabinet-de-recrutement-commercial-export-bordeaux\/","url":"https:\/\/impactup.com\/en\/glossaire\/cabinet-de-recrutement-commercial-export-bordeaux\/","name":"Cabinet de recrutement commercial export Bordeaux - Chercher un commercial export \u00e0 Bordeaux via un cabinet de recrutement","isPartOf":{"@id":"https:\/\/impactup.com\/en\/#website"},"datePublished":"2024-06-10T14:21:09+00:00","dateModified":"2024-06-12T14:23:39+00:00","description":"Trouvez facilement un commercial export \u00e0 Bordeaux en contactant un cabinet de recrutement. Le cabinet de recrutement ImpactUp est en mesure de vous trouver un commercial export qualifi\u00e9.","breadcrumb":{"@id":"https:\/\/impactup.com\/en\/glossaire\/cabinet-de-recrutement-commercial-export-bordeaux\/#breadcrumb"},"inLanguage":"en-US","potentialAction":[{"@type":"ReadAction","target":["https:\/\/impactup.com\/en\/glossaire\/cabinet-de-recrutement-commercial-export-bordeaux\/"]}]},{"@type":"BreadcrumbList","@id":"https:\/\/impactup.com\/en\/glossaire\/cabinet-de-recrutement-commercial-export-bordeaux\/#breadcrumb","itemListElement":[{"@type":"ListItem","position":1,"name":"Accueil","item":"https:\/\/impactup.com\/en\/"},{"@type":"ListItem","position":2,"name":"Glossaire","item":"https:\/\/impactup.com\/en\/glossaire\/"},{"@type":"ListItem","position":3,"name":"Passer par un cabinet de recrutement pour trouver un commercial export \u00e0 Bordeaux"}]},{"@type":"WebSite","@id":"https:\/\/impactup.com\/en\/#website","url":"https:\/\/impactup.com\/en\/","name":"ImpactUp","description":"Recrutement commerciaux, directions commerciales et fonctions marketing","potentialAction":[{"@type":"SearchAction","target":{"@type":"EntryPoint","urlTemplate":"https:\/\/impactup.com\/en\/?s={search_term_string}"},"query-input":{"@type":"PropertyValueSpecification","valueRequired":true,"valueName":"search_term_string"}}],"inLanguage":"en-US"}]}},"_links":{"self":[{"href":"https:\/\/impactup.com\/en\/wp-json\/wp\/v2\/pages\/26279","targetHints":{"allow":["GET"]}}],"collection":[{"href":"https:\/\/impactup.com\/en\/wp-json\/wp\/v2\/pages"}],"about":[{"href":"https:\/\/impactup.com\/en\/wp-json\/wp\/v2\/types\/page"}],"author":[{"embeddable":true,"href":"https:\/\/impactup.com\/en\/wp-json\/wp\/v2\/users\/4"}],"replies":[{"embeddable":true,"href":"https:\/\/impactup.com\/en\/wp-json\/wp\/v2\/comments?post=26279"}],"version-history":[{"count":5,"href":"https:\/\/impactup.com\/en\/wp-json\/wp\/v2\/pages\/26279\/revisions"}],"predecessor-version":[{"id":26537,"href":"https:\/\/impactup.com\/en\/wp-json\/wp\/v2\/pages\/26279\/revisions\/26537"}],"up":[{"embeddable":true,"href":"https:\/\/impactup.com\/en\/wp-json\/wp\/v2\/pages\/17218"}],"wp:attachment":[{"href":"https:\/\/impactup.com\/en\/wp-json\/wp\/v2\/media?parent=26279"}],"curies":[{"name":"wp","href":"https:\/\/api.w.org\/{rel}","templated":true}]}}