{"id":26278,"date":"2024-06-10T16:21:43","date_gmt":"2024-06-10T14:21:43","guid":{"rendered":"https:\/\/impactup.niou.dev\/?page_id=26278"},"modified":"2024-06-11T16:33:30","modified_gmt":"2024-06-11T14:33:30","slug":"cabinet-chasseur-de-tete-grenoble-38","status":"publish","type":"page","link":"https:\/\/impactup.com\/en\/glossaire\/cabinet-chasseur-de-tete-grenoble-38\/","title":{"rendered":"Trouver un cabinet de recrutement chasseur de t\u00eate dans le 38"},"content":{"rendered":"<div class=\"wpb-content-wrapper\"><p>[vc_row][vc_column width=&#8221;1\/3&#8243;][vc_btn title=&#8221;Voir notre offre&#8221; color=&#8221;secondarycolor&#8221; align=&#8221;center&#8221; css=&#8221;&#8221; link=&#8221;url:https%3A%2F%2Fimpactup.com%2Frecrutement%2F&#8221;][\/vc_column][vc_column width=&#8221;1\/3&#8243;][vc_btn title=&#8221;Confiez-nous votre projet&#8221; color=&#8221;secondarycolor&#8221; align=&#8221;center&#8221; css=&#8221;&#8221; link=&#8221;url:https%3A%2F%2Fimpactup.com%2Fetude-personnalisee%2F&#8221;][\/vc_column][vc_column width=&#8221;1\/3&#8243;][vc_btn title=&#8221;Contactez-nous&#8221; color=&#8221;secondarycolor&#8221; align=&#8221;center&#8221; css=&#8221;&#8221; link=&#8221;url:https%3A%2F%2Fimpactup.com%2Fcontact%2F&#8221;][\/vc_column][\/vc_row][vc_row css=&#8221;.vc_custom_1717658386032{padding-top: 40px !important;padding-bottom: 20px !important;}&#8221;][vc_column][vc_column_text css=&#8221;&#8221;]<\/p>\n<section style=\"text-align: justify;\">\n<h2><strong>Trouver un cabinet de recrutement chasseur de t\u00eate dans le 38 <\/strong><\/h2>\n<p>L\u2019embauche de nouveaux employ\u00e9s est un processus souvent complexe et fastidieux d\u2019o\u00f9 l\u2019int\u00e9r\u00eat de faire appel \u00e0 un expert. <strong>ImpactUp<\/strong> est un <a href=\"https:\/\/impactup.com\/glossaire\/recrutement-commerciaux-grenoble-38\/\"><strong>cabinet<\/strong> <strong>de chasseur de t\u00eate<\/strong><\/a> de r\u00e9f\u00e9rence pour tout projet de <a href=\"https:\/\/impactup.com\/glossaire\/recrutement-commerciaux-grenoble-38\/\"><strong>recrutement \u00e0 Grenoble et dans l\u2019Is\u00e8re (38)<\/strong><\/a>. Quel que soit le profil recherch\u00e9, il dispose des moyens techniques et humains n\u00e9cessaires pour trouver les meilleurs candidats r\u00e9pondant aux exigences du recruteur et du poste \u00e0 pourvoir.<\/p>\n<\/section>\n<p>[\/vc_column_text][\/vc_column][\/vc_row][vc_row][vc_column width=&#8221;1\/3&#8243;][vc_btn title=&#8221;Voir notre offre&#8221; color=&#8221;secondarycolor&#8221; align=&#8221;center&#8221; css=&#8221;&#8221; link=&#8221;url:https%3A%2F%2Fimpactup.com%2Frecrutement%2F&#8221;][\/vc_column][vc_column width=&#8221;1\/3&#8243;][vc_btn title=&#8221;Confiez-nous votre projet&#8221; color=&#8221;secondarycolor&#8221; align=&#8221;center&#8221; css=&#8221;&#8221; link=&#8221;url:https%3A%2F%2Fimpactup.com%2Fetude-personnalisee%2F&#8221;][\/vc_column][vc_column width=&#8221;1\/3&#8243;][vc_btn title=&#8221;Contactez-nous&#8221; color=&#8221;secondarycolor&#8221; align=&#8221;center&#8221; css=&#8221;&#8221; link=&#8221;url:https%3A%2F%2Fimpactup.com%2Fcontact%2F&#8221;][\/vc_column][\/vc_row][vc_row css=&#8221;.vc_custom_1717658445522{padding-top: 40px !important;}&#8221;][vc_column][vc_column_text css=&#8221;&#8221;]<\/p>\n<section style=\"text-align: justify;\">\n<h2><strong>Pourquoi recourir aux services d\u2019un cabinet chasseur de t\u00eate ?<\/strong><\/h2>\n<p>Que ce soit pour combler un poste vacant ou pour assurer le bon fonctionnement et le d\u00e9veloppement de ses activit\u00e9s, une entreprise a besoin de recruter de nouveaux talents. D\u00e9nicher des candidats \u00e0 haut potentiel est toutefois l\u2019\u00eatre un exercice facile, surtout dans un milieu professionnel de plus en plus exigent et concurrentiel.<\/p>\n<p>De m\u00eame, il est de plus en plus difficile de trouver des profils r\u00e9pondant aux attentes des recruteurs pour les postes strat\u00e9giques \u00e0 tr\u00e8s forte valeur ajout\u00e9e. En effet, la majorit\u00e9 de ces personnes occupent d\u00e9j\u00e0 des postes importants au sein d\u2019autres entreprises.<\/p>\n<p>Le recours \u00e0 un <a href=\"https:\/\/impactup.com\/glossaire\/chasseur-de-tete-commerciaux-grenoble-38\/\"><strong>cabinet chasseur de t\u00eate \u00e0 Grenoble<\/strong><\/a> ou ailleurs constitue ainsi la meilleure option pour trouver facilement et rapidement des candidats aux comp\u00e9tences rares. Ce sp\u00e9cialiste du recrutement va utiliser, \u00e0 cet effet, la technique dite de l\u2019approche directe tout en respectant n\u00e9anmoins des r\u00e8gles de d\u00e9ontologie strictes. En effet, il va rencontrer directement des candidats potentiels (qui sont dans la plupart des cas en poste).<\/p>\n<p>En outre, il dispose d\u2019une base de donn\u00e9es compl\u00e8te qui lui permet de cibler facilement les profils susceptibles de r\u00e9pondre aux besoins et aux exigences de l\u2019employeur.<\/p>\n<p>Il va \u00e9galement mettre \u00e0 profit son r\u00e9seau tr\u00e8s d\u00e9velopp\u00e9 et ses connaissances du terrain, ainsi que la presse et diff\u00e9rents sites sp\u00e9cialis\u00e9s pour \u00ab sourcer \u00bb des profils rares. L\u2019intervention d\u2019un chasseur de t\u00eate acc\u00e9l\u00e8re donc le processus de recrutement et permet d\u2019obtenir des r\u00e9sultats rapides et satisfaisants. Pour vous aider \u00e0 trouver le candidat id\u00e9al, adressez-vous \u00e0 ImpactUp, <a href=\"https:\/\/impactup.com\/glossaire\/cabinet-de-developpement-commercial-grenoble-38\/\"><strong>cabinet chasseur de t\u00eate<\/strong> <strong>de r\u00e9f\u00e9rence \u00e0 Grenoble (38)<\/strong><\/a> et ses environs.<\/p>\n<h2><strong>Un cabinet chasseur de t\u00eate dans le 38 pour mener \u00e0 bien votre campagne de recrutement <\/strong><\/h2>\n<p><a href=\"https:\/\/impactup.com\"><strong>ImpactUp<\/strong><\/a> est une structure \u00e0 taille humaine sp\u00e9cialis\u00e9e dans les fonctions commerciales et marketing.<\/p>\n<p>Notre cabinet est constitu\u00e9 de consultants et de chasseurs de t\u00eate qualifi\u00e9s et exp\u00e9riment\u00e9s garantissant un service optimal et un accompagnement personnalis\u00e9 \u00e0 Paris, Toulouse, Lyon, Grenoble, Nantes, La Rochelle et sur tout le territoire national. Nous avons pour objectif de rechercher et d\u2019\u00e9valuer les profils correspondant \u00e0 la demande de nos clients tout en prenant compte des sp\u00e9cificit\u00e9s du secteur sur lequel nous intervenons.<\/p>\n<p>Gr\u00e2ce \u00e0 nos comp\u00e9tences et \u00e0 notre solide exp\u00e9rience, nous sommes en mesure de g\u00e9rer toutes les \u00e9tapes de votre projet, de la d\u00e9finition des besoins \u00e0 l\u2019int\u00e9gration des candidats retenus, en passant par la r\u00e9daction des documents, la recherche, la pr\u00e9-s\u00e9lection et la s\u00e9lection, ainsi que le suivi. Par ailleurs, nous r\u00e9alisons nos missions en veillant au respect de chaque candidat et des crit\u00e8res de non discrimination. Pour de plus amples informations, n\u2019h\u00e9sitez pas \u00e0 contacter notre \u00e9quipe sur le site.<\/p>\n<\/section>\n<p>[\/vc_column_text][\/vc_column][\/vc_row]<\/p>\n<\/div>","protected":false},"excerpt":{"rendered":"<p>[vc_row][vc_column width=&#8221;1\/3&#8243;][vc_btn title=&#8221;Voir notre offre&#8221; color=&#8221;secondarycolor&#8221; align=&#8221;center&#8221; css=&#8221;&#8221; link=&#8221;url:https%3A%2F%2Fimpactup.com%2Frecrutement%2F&#8221;][\/vc_column][vc_column width=&#8221;1\/3&#8243;][vc_btn title=&#8221;Confiez-nous votre projet&#8221; color=&#8221;secondarycolor&#8221; align=&#8221;center&#8221; css=&#8221;&#8221; link=&#8221;url:https%3A%2F%2Fimpactup.com%2Fetude-personnalisee%2F&#8221;][\/vc_column][vc_column width=&#8221;1\/3&#8243;][vc_btn title=&#8221;Contactez-nous&#8221; color=&#8221;secondarycolor&#8221; align=&#8221;center&#8221; css=&#8221;&#8221; link=&#8221;url:https%3A%2F%2Fimpactup.com%2Fcontact%2F&#8221;][\/vc_column][\/vc_row][vc_row css=&#8221;.vc_custom_1717658386032{padding-top: 40px !important;padding-bottom: 20px !important;}&#8221;][vc_column][vc_column_text css=&#8221;&#8221;] Trouver un cabinet de recrutement chasseur de t\u00eate dans le 38 L\u2019embauche de nouveaux employ\u00e9s est un processus souvent complexe et fastidieux d\u2019o\u00f9 l\u2019int\u00e9r\u00eat de faire [&hellip;]<\/p>\n","protected":false},"author":4,"featured_media":0,"parent":17218,"menu_order":0,"comment_status":"closed","ping_status":"closed","template":"","meta":{"_monsterinsights_skip_tracking":false,"_monsterinsights_sitenote_active":false,"_monsterinsights_sitenote_note":"","_monsterinsights_sitenote_category":0,"footnotes":""},"class_list":["post-26278","page","type-page","status-publish","hentry"],"yoast_head":"<!-- This site is optimized with the Yoast SEO plugin v27.0 - https:\/\/yoast.com\/product\/yoast-seo-wordpress\/ -->\n<title>Cabinet de recrutement chasseur de t\u00eate \u00e0 Grenoble (38)<\/title>\n<meta name=\"description\" content=\"Un cabinet de chasseur de t\u00eate \u00e0 Grenoble pour faciliter et optimiser votre campagne de recrutement. Cabinet de recrutement dans le 38, ImpactUp est compos\u00e9 de chasseurs de t\u00eate qualifi\u00e9s et exp\u00e9riment\u00e9s.\" \/>\n<meta name=\"robots\" content=\"index, follow, max-snippet:-1, max-image-preview:large, max-video-preview:-1\" \/>\n<link rel=\"canonical\" href=\"https:\/\/impactup.com\/en\/glossaire\/cabinet-chasseur-de-tete-grenoble-38\/\" \/>\n<meta property=\"og:locale\" content=\"en_US\" \/>\n<meta property=\"og:type\" content=\"article\" \/>\n<meta property=\"og:title\" content=\"Cabinet de recrutement chasseur de t\u00eate \u00e0 Grenoble (38)\" \/>\n<meta property=\"og:description\" content=\"Un cabinet de chasseur de t\u00eate \u00e0 Grenoble pour faciliter et optimiser votre campagne de recrutement. Cabinet de recrutement dans le 38, ImpactUp est compos\u00e9 de chasseurs de t\u00eate qualifi\u00e9s et exp\u00e9riment\u00e9s.\" \/>\n<meta property=\"og:url\" content=\"https:\/\/impactup.com\/en\/glossaire\/cabinet-chasseur-de-tete-grenoble-38\/\" \/>\n<meta property=\"og:site_name\" content=\"ImpactUp\" \/>\n<meta property=\"article:modified_time\" content=\"2024-06-11T14:33:30+00:00\" \/>\n<meta property=\"og:image\" content=\"https:\/\/impactup.com\/wp-content\/uploads\/2021\/01\/og.jpg\" \/>\n\t<meta property=\"og:image:width\" content=\"1067\" \/>\n\t<meta property=\"og:image:height\" content=\"600\" \/>\n\t<meta property=\"og:image:type\" content=\"image\/jpeg\" \/>\n<meta name=\"twitter:card\" content=\"summary_large_image\" \/>\n<meta name=\"twitter:label1\" content=\"Est. reading time\" \/>\n\t<meta name=\"twitter:data1\" content=\"3 minutes\" \/>\n<script type=\"application\/ld+json\" class=\"yoast-schema-graph\">{\"@context\":\"https:\/\/schema.org\",\"@graph\":[{\"@type\":\"WebPage\",\"@id\":\"https:\/\/impactup.com\/en\/glossaire\/cabinet-chasseur-de-tete-grenoble-38\/\",\"url\":\"https:\/\/impactup.com\/en\/glossaire\/cabinet-chasseur-de-tete-grenoble-38\/\",\"name\":\"Cabinet de recrutement chasseur de t\u00eate \u00e0 Grenoble (38)\",\"isPartOf\":{\"@id\":\"https:\/\/impactup.com\/en\/#website\"},\"datePublished\":\"2024-06-10T14:21:43+00:00\",\"dateModified\":\"2024-06-11T14:33:30+00:00\",\"description\":\"Un cabinet de chasseur de t\u00eate \u00e0 Grenoble pour faciliter et optimiser votre campagne de recrutement. Cabinet de recrutement dans le 38, ImpactUp est compos\u00e9 de chasseurs de t\u00eate qualifi\u00e9s et exp\u00e9riment\u00e9s.\",\"breadcrumb\":{\"@id\":\"https:\/\/impactup.com\/en\/glossaire\/cabinet-chasseur-de-tete-grenoble-38\/#breadcrumb\"},\"inLanguage\":\"en-US\",\"potentialAction\":[{\"@type\":\"ReadAction\",\"target\":[\"https:\/\/impactup.com\/en\/glossaire\/cabinet-chasseur-de-tete-grenoble-38\/\"]}]},{\"@type\":\"BreadcrumbList\",\"@id\":\"https:\/\/impactup.com\/en\/glossaire\/cabinet-chasseur-de-tete-grenoble-38\/#breadcrumb\",\"itemListElement\":[{\"@type\":\"ListItem\",\"position\":1,\"name\":\"Accueil\",\"item\":\"https:\/\/impactup.com\/en\/\"},{\"@type\":\"ListItem\",\"position\":2,\"name\":\"Glossaire\",\"item\":\"https:\/\/impactup.com\/en\/glossaire\/\"},{\"@type\":\"ListItem\",\"position\":3,\"name\":\"Trouver un cabinet de recrutement chasseur de t\u00eate dans le 38\"}]},{\"@type\":\"WebSite\",\"@id\":\"https:\/\/impactup.com\/en\/#website\",\"url\":\"https:\/\/impactup.com\/en\/\",\"name\":\"ImpactUp\",\"description\":\"Recrutement commerciaux, directions commerciales et fonctions marketing\",\"potentialAction\":[{\"@type\":\"SearchAction\",\"target\":{\"@type\":\"EntryPoint\",\"urlTemplate\":\"https:\/\/impactup.com\/en\/?s={search_term_string}\"},\"query-input\":{\"@type\":\"PropertyValueSpecification\",\"valueRequired\":true,\"valueName\":\"search_term_string\"}}],\"inLanguage\":\"en-US\"}]}<\/script>\n<!-- \/ Yoast SEO plugin. -->","yoast_head_json":{"title":"Cabinet de recrutement chasseur de t\u00eate \u00e0 Grenoble (38)","description":"Un cabinet de chasseur de t\u00eate \u00e0 Grenoble pour faciliter et optimiser votre campagne de recrutement. Cabinet de recrutement dans le 38, ImpactUp est compos\u00e9 de chasseurs de t\u00eate qualifi\u00e9s et exp\u00e9riment\u00e9s.","robots":{"index":"index","follow":"follow","max-snippet":"max-snippet:-1","max-image-preview":"max-image-preview:large","max-video-preview":"max-video-preview:-1"},"canonical":"https:\/\/impactup.com\/en\/glossaire\/cabinet-chasseur-de-tete-grenoble-38\/","og_locale":"en_US","og_type":"article","og_title":"Cabinet de recrutement chasseur de t\u00eate \u00e0 Grenoble (38)","og_description":"Un cabinet de chasseur de t\u00eate \u00e0 Grenoble pour faciliter et optimiser votre campagne de recrutement. Cabinet de recrutement dans le 38, ImpactUp est compos\u00e9 de chasseurs de t\u00eate qualifi\u00e9s et exp\u00e9riment\u00e9s.","og_url":"https:\/\/impactup.com\/en\/glossaire\/cabinet-chasseur-de-tete-grenoble-38\/","og_site_name":"ImpactUp","article_modified_time":"2024-06-11T14:33:30+00:00","og_image":[{"width":1067,"height":600,"url":"https:\/\/impactup.com\/wp-content\/uploads\/2021\/01\/og.jpg","type":"image\/jpeg"}],"twitter_card":"summary_large_image","twitter_misc":{"Est. reading time":"3 minutes"},"schema":{"@context":"https:\/\/schema.org","@graph":[{"@type":"WebPage","@id":"https:\/\/impactup.com\/en\/glossaire\/cabinet-chasseur-de-tete-grenoble-38\/","url":"https:\/\/impactup.com\/en\/glossaire\/cabinet-chasseur-de-tete-grenoble-38\/","name":"Cabinet de recrutement chasseur de t\u00eate \u00e0 Grenoble (38)","isPartOf":{"@id":"https:\/\/impactup.com\/en\/#website"},"datePublished":"2024-06-10T14:21:43+00:00","dateModified":"2024-06-11T14:33:30+00:00","description":"Un cabinet de chasseur de t\u00eate \u00e0 Grenoble pour faciliter et optimiser votre campagne de recrutement. Cabinet de recrutement dans le 38, ImpactUp est compos\u00e9 de chasseurs de t\u00eate qualifi\u00e9s et exp\u00e9riment\u00e9s.","breadcrumb":{"@id":"https:\/\/impactup.com\/en\/glossaire\/cabinet-chasseur-de-tete-grenoble-38\/#breadcrumb"},"inLanguage":"en-US","potentialAction":[{"@type":"ReadAction","target":["https:\/\/impactup.com\/en\/glossaire\/cabinet-chasseur-de-tete-grenoble-38\/"]}]},{"@type":"BreadcrumbList","@id":"https:\/\/impactup.com\/en\/glossaire\/cabinet-chasseur-de-tete-grenoble-38\/#breadcrumb","itemListElement":[{"@type":"ListItem","position":1,"name":"Accueil","item":"https:\/\/impactup.com\/en\/"},{"@type":"ListItem","position":2,"name":"Glossaire","item":"https:\/\/impactup.com\/en\/glossaire\/"},{"@type":"ListItem","position":3,"name":"Trouver un cabinet de recrutement chasseur de t\u00eate dans le 38"}]},{"@type":"WebSite","@id":"https:\/\/impactup.com\/en\/#website","url":"https:\/\/impactup.com\/en\/","name":"ImpactUp","description":"Recrutement commerciaux, directions commerciales et fonctions marketing","potentialAction":[{"@type":"SearchAction","target":{"@type":"EntryPoint","urlTemplate":"https:\/\/impactup.com\/en\/?s={search_term_string}"},"query-input":{"@type":"PropertyValueSpecification","valueRequired":true,"valueName":"search_term_string"}}],"inLanguage":"en-US"}]}},"_links":{"self":[{"href":"https:\/\/impactup.com\/en\/wp-json\/wp\/v2\/pages\/26278","targetHints":{"allow":["GET"]}}],"collection":[{"href":"https:\/\/impactup.com\/en\/wp-json\/wp\/v2\/pages"}],"about":[{"href":"https:\/\/impactup.com\/en\/wp-json\/wp\/v2\/types\/page"}],"author":[{"embeddable":true,"href":"https:\/\/impactup.com\/en\/wp-json\/wp\/v2\/users\/4"}],"replies":[{"embeddable":true,"href":"https:\/\/impactup.com\/en\/wp-json\/wp\/v2\/comments?post=26278"}],"version-history":[{"count":1,"href":"https:\/\/impactup.com\/en\/wp-json\/wp\/v2\/pages\/26278\/revisions"}],"predecessor-version":[{"id":26282,"href":"https:\/\/impactup.com\/en\/wp-json\/wp\/v2\/pages\/26278\/revisions\/26282"}],"up":[{"embeddable":true,"href":"https:\/\/impactup.com\/en\/wp-json\/wp\/v2\/pages\/17218"}],"wp:attachment":[{"href":"https:\/\/impactup.com\/en\/wp-json\/wp\/v2\/media?parent=26278"}],"curies":[{"name":"wp","href":"https:\/\/api.w.org\/{rel}","templated":true}]}}