{"id":26271,"date":"2024-06-10T16:15:24","date_gmt":"2024-06-10T14:15:24","guid":{"rendered":"https:\/\/impactup.niou.dev\/?page_id=26271"},"modified":"2024-06-11T16:26:28","modified_gmt":"2024-06-11T14:26:28","slug":"recrutement-commerciaux-grenoble-38","status":"publish","type":"page","link":"https:\/\/impactup.com\/en\/glossaire\/recrutement-commerciaux-grenoble-38\/","title":{"rendered":"R\u00e9ussir le recrutement de vos commerciaux sur Grenoble (38)"},"content":{"rendered":"<div class=\"wpb-content-wrapper\"><p>[vc_row][vc_column width=&#8221;1\/3&#8243;][vc_btn title=&#8221;Voir notre offre&#8221; color=&#8221;secondarycolor&#8221; align=&#8221;center&#8221; css=&#8221;&#8221; link=&#8221;url:https%3A%2F%2Fimpactup.com%2Frecrutement%2F&#8221;][\/vc_column][vc_column width=&#8221;1\/3&#8243;][vc_btn title=&#8221;Confiez-nous votre projet&#8221; color=&#8221;secondarycolor&#8221; align=&#8221;center&#8221; css=&#8221;&#8221; link=&#8221;url:https%3A%2F%2Fimpactup.com%2Fetude-personnalisee%2F&#8221;][\/vc_column][vc_column width=&#8221;1\/3&#8243;][vc_btn title=&#8221;Contactez-nous&#8221; color=&#8221;secondarycolor&#8221; align=&#8221;center&#8221; css=&#8221;&#8221; link=&#8221;url:https%3A%2F%2Fimpactup.com%2Fcontact%2F&#8221;][\/vc_column][\/vc_row][vc_row css=&#8221;.vc_custom_1717658386032{padding-top: 40px !important;padding-bottom: 20px !important;}&#8221;][vc_column][vc_column_text css=&#8221;&#8221;]<\/p>\n<section style=\"text-align: justify;\">\n<h2><strong>R\u00e9ussir le recrutement de vos commerciaux sur Grenoble (38)<\/strong><\/h2>\n<p>Adressez-vous \u00e0 un cabinet de <a href=\"https:\/\/impactup.com\/glossaire\/cabinet-chasseur-de-tete-grenoble-38\/\"><strong>recrutement<\/strong> <strong>sp\u00e9cialis\u00e9 pour l\u2019embauche de vos<\/strong> <strong>commerciaux<\/strong> \u00e0 <strong>Grenoble<\/strong> <strong>et dans l\u2019Is\u00e8re<\/strong> (<strong>38<\/strong>)<\/a>. Avec l\u2019expertise d\u2019<strong>ImpactUp<\/strong>, vous allez r\u00e9ussir \u00e0 d\u00e9nicher et \u00e0 int\u00e9grer les meilleurs profils de la r\u00e9gion, pour constituer une \u00e9quipe de vente performante et motiv\u00e9e.<\/p>\n<\/section>\n<p>[\/vc_column_text][\/vc_column][\/vc_row][vc_row][vc_column width=&#8221;1\/3&#8243;][vc_btn title=&#8221;Voir notre offre&#8221; color=&#8221;secondarycolor&#8221; align=&#8221;center&#8221; css=&#8221;&#8221; link=&#8221;url:https%3A%2F%2Fimpactup.com%2Frecrutement%2F&#8221;][\/vc_column][vc_column width=&#8221;1\/3&#8243;][vc_btn title=&#8221;Confiez-nous votre projet&#8221; color=&#8221;secondarycolor&#8221; align=&#8221;center&#8221; css=&#8221;&#8221; link=&#8221;url:https%3A%2F%2Fimpactup.com%2Fetude-personnalisee%2F&#8221;][\/vc_column][vc_column width=&#8221;1\/3&#8243;][vc_btn title=&#8221;Contactez-nous&#8221; color=&#8221;secondarycolor&#8221; align=&#8221;center&#8221; css=&#8221;&#8221; link=&#8221;url:https%3A%2F%2Fimpactup.com%2Fcontact%2F&#8221;][\/vc_column][\/vc_row][vc_row css=&#8221;.vc_custom_1717658445522{padding-top: 40px !important;}&#8221;][vc_column][vc_column_text css=&#8221;&#8221;]<\/p>\n<section style=\"text-align: justify;\">\n<h2><strong>Les \u00e9l\u00e9ments \u00e0 consid\u00e9rer lors d\u2019un recrutement de profils commerciaux<\/strong><\/h2>\n<p>Le processus de recrutement comporte des \u00e9tapes obligatoires, allant de la d\u00e9finition de la fiche de poste \u00e0 l\u2019embauche d\u00e9finitive. L\u2019ensemble des op\u00e9rations dure en moyenne 9 semaines, mais d\u00e9passe facilement les 3 mois pour les secteurs les plus concurrentiels.<\/p>\n<p>Pour vous faciliter le <a href=\"https:\/\/impactup.com\/glossaire\/cabinet-de-developpement-commercial-grenoble-38\/\"><strong>recrutement<\/strong> <strong>de commerciaux sur Grenoble et dans l\u2019Is\u00e8re<\/strong> (<strong>38<\/strong>)<\/a>, il convient de porter une attention particuli\u00e8re aux points suivants :<\/p>\n<ul>\n<li>Une fiche de poste pr\u00e9cise, qui d\u00e9termine entre autres le profil de commercial recherch\u00e9 : \u00ab chasseur \u00bb \u00e0 la conqu\u00eate du march\u00e9 ou \u00ab \u00e9leveur \u00bb destin\u00e9 \u00e0 d\u00e9velopper un portefeuille existant. Cette fiche permet aux candidats de se positionner, et d\u2019\u00e9viter les pertes de temps ;<\/li>\n<li>Une offre d\u2019emploi attractive, avec une description valorisante de votre entreprise, et une pr\u00e9sentation commerciale du poste \u00e0 pourvoir ;<\/li>\n<li>L\u2019usage de canaux efficaces pour la diffusion de votre annonce, notamment via les plateformes en ligne ;<\/li>\n<li>Une s\u00e9lection efficace lors du premier tri des CV : il faut se baser sur les chiffres exprimant les r\u00e9sultats ant\u00e9rieurs de chaque candidat (ex. : pourcentage d\u2019atteinte des objectifs) ;<\/li>\n<li>Un entretien r\u00e9ellement instructif : la s\u00e9ance doit vous permettre d\u2019appr\u00e9cier le potentiel de chaque candidat ;<\/li>\n<li>Un suivi favorable : une fois votre commercial embauch\u00e9, il faut l\u2019int\u00e9grer pour pouvoir le garder.<\/li>\n<\/ul>\n<h2><strong>Les enjeux d\u2019un recrutement pour votre entreprise<\/strong><\/h2>\n<p>Loin d\u2019\u00eatre un simple processus \u00e0 accomplir, le recrutement repr\u00e9sente pour chaque entreprise un investissement. Et c\u2019est particuli\u00e8rement valable lorsqu\u2019il s\u2019agit du <a href=\"https:\/\/impactup.com\/glossaire\/cabinet-de-recrutement-commerciaux-grenoble-38\/\"><strong>recrutement de commerciaux dans l\u2019Is\u00e8re (38)<\/strong><\/a> ou ailleurs. En effet, les forces de vente repr\u00e9sentent un pilier fondamental pour le d\u00e9veloppement du CA de l\u2019entreprise, et il est crucial d\u2019attirer les profils les plus talentueux afin d\u2019accompagner votre croissance.<\/p>\n<p>Par ailleurs, un recrutement rat\u00e9 peut entrainer des pertes cons\u00e9quentes. Par exemple, une rupture de contrat survenant durant la premi\u00e8re ann\u00e9e de travail d\u2019un commercial peut g\u00e9n\u00e9rer jusqu\u2019\u00e0 200 000 \u20ac de pertes selon l\u2019\u00e9tude men\u00e9e par un cabinet sp\u00e9cialis\u00e9. En effet, les pr\u00e9judices sont tr\u00e8s divers : co\u00fbt du maintien du poste (salaire, charges, etc.), co\u00fbts de formation et int\u00e9gration, co\u00fbt de licenciement, portefeuille clients non travaill\u00e9, opportunit\u00e9s business rat\u00e9es, image de l\u2019entreprise d\u00e9grad\u00e9e, etc.<\/p>\n<p>La r\u00e9ussite d\u2019un recrutement s\u2019av\u00e8re donc d\u00e9terminante pour l\u2019avenir sur le moyen terme de votre entreprise. Au lieu de risquer ces pertes difficiles \u00e0 rattraper, mieux vaut investir dans un recrutement r\u00e9ussi, conduit par un expert.<\/p>\n<p><a href=\"https:\/\/impactup.com\"><strong>ImpactUp<\/strong><\/a> est un cabinet sp\u00e9cialiste du <strong>recrutement<\/strong> <strong>de commerciaux pr\u00e9sent \u00e0<\/strong> <strong>Grenoble<\/strong>. Actifs depuis 2005, nous \u0153uvrons sur tout le territoire national, y compris l\u2019Is\u00e8re (<strong>38<\/strong>). Nous vous accompagnons dans la recherche, l\u2019embauche et l\u2019int\u00e9gration de profils r\u00e9pondant \u00e0 vos besoins et capables d\u2019\u00e9voluer durablement dans l\u2019environnement de votre entreprise.<\/p>\n<\/section>\n<p>[\/vc_column_text][\/vc_column][\/vc_row]<\/p>\n<\/div>","protected":false},"excerpt":{"rendered":"<p>[vc_row][vc_column width=&#8221;1\/3&#8243;][vc_btn title=&#8221;Voir notre offre&#8221; color=&#8221;secondarycolor&#8221; align=&#8221;center&#8221; css=&#8221;&#8221; link=&#8221;url:https%3A%2F%2Fimpactup.com%2Frecrutement%2F&#8221;][\/vc_column][vc_column width=&#8221;1\/3&#8243;][vc_btn title=&#8221;Confiez-nous votre projet&#8221; color=&#8221;secondarycolor&#8221; align=&#8221;center&#8221; css=&#8221;&#8221; link=&#8221;url:https%3A%2F%2Fimpactup.com%2Fetude-personnalisee%2F&#8221;][\/vc_column][vc_column width=&#8221;1\/3&#8243;][vc_btn title=&#8221;Contactez-nous&#8221; color=&#8221;secondarycolor&#8221; align=&#8221;center&#8221; css=&#8221;&#8221; link=&#8221;url:https%3A%2F%2Fimpactup.com%2Fcontact%2F&#8221;][\/vc_column][\/vc_row][vc_row css=&#8221;.vc_custom_1717658386032{padding-top: 40px !important;padding-bottom: 20px !important;}&#8221;][vc_column][vc_column_text css=&#8221;&#8221;] R\u00e9ussir le recrutement de vos commerciaux sur Grenoble (38) Adressez-vous \u00e0 un cabinet de recrutement sp\u00e9cialis\u00e9 pour l\u2019embauche de vos commerciaux \u00e0 Grenoble et dans l\u2019Is\u00e8re [&hellip;]<\/p>\n","protected":false},"author":4,"featured_media":0,"parent":17218,"menu_order":0,"comment_status":"closed","ping_status":"closed","template":"","meta":{"_monsterinsights_skip_tracking":false,"_monsterinsights_sitenote_active":false,"_monsterinsights_sitenote_note":"","_monsterinsights_sitenote_category":0,"footnotes":""},"class_list":["post-26271","page","type-page","status-publish","hentry"],"yoast_head":"<!-- This site is optimized with the Yoast SEO plugin v27.0 - https:\/\/yoast.com\/product\/yoast-seo-wordpress\/ -->\n<title>Recrutement de commerciaux sur Grenoble (38)<\/title>\n<meta name=\"description\" content=\"Confiez le recrutement de vos commerciaux sur Grenoble \u00e0 ImpactUp. Notre cabinet de recrutement sp\u00e9cialiste des profils commerciaux dispose d\u2019une antenne \u00e0 Grenoble dans l\u2019Is\u00e8re (38).\" \/>\n<meta name=\"robots\" content=\"index, follow, max-snippet:-1, max-image-preview:large, max-video-preview:-1\" \/>\n<link rel=\"canonical\" href=\"https:\/\/impactup.com\/en\/glossaire\/recrutement-commerciaux-grenoble-38\/\" \/>\n<meta property=\"og:locale\" content=\"en_US\" \/>\n<meta property=\"og:type\" content=\"article\" \/>\n<meta property=\"og:title\" content=\"Recrutement de commerciaux sur Grenoble (38)\" \/>\n<meta property=\"og:description\" content=\"Confiez le recrutement de vos commerciaux sur Grenoble \u00e0 ImpactUp. Notre cabinet de recrutement sp\u00e9cialiste des profils commerciaux dispose d\u2019une antenne \u00e0 Grenoble dans l\u2019Is\u00e8re (38).\" \/>\n<meta property=\"og:url\" content=\"https:\/\/impactup.com\/en\/glossaire\/recrutement-commerciaux-grenoble-38\/\" \/>\n<meta property=\"og:site_name\" content=\"ImpactUp\" \/>\n<meta property=\"article:modified_time\" content=\"2024-06-11T14:26:28+00:00\" \/>\n<meta property=\"og:image\" content=\"https:\/\/impactup.com\/wp-content\/uploads\/2021\/01\/og.jpg\" \/>\n\t<meta property=\"og:image:width\" content=\"1067\" \/>\n\t<meta property=\"og:image:height\" content=\"600\" \/>\n\t<meta property=\"og:image:type\" content=\"image\/jpeg\" \/>\n<meta name=\"twitter:card\" content=\"summary_large_image\" \/>\n<meta name=\"twitter:label1\" content=\"Est. reading time\" \/>\n\t<meta name=\"twitter:data1\" content=\"3 minutes\" \/>\n<script type=\"application\/ld+json\" class=\"yoast-schema-graph\">{\"@context\":\"https:\/\/schema.org\",\"@graph\":[{\"@type\":\"WebPage\",\"@id\":\"https:\/\/impactup.com\/en\/glossaire\/recrutement-commerciaux-grenoble-38\/\",\"url\":\"https:\/\/impactup.com\/en\/glossaire\/recrutement-commerciaux-grenoble-38\/\",\"name\":\"Recrutement de commerciaux sur Grenoble (38)\",\"isPartOf\":{\"@id\":\"https:\/\/impactup.com\/en\/#website\"},\"datePublished\":\"2024-06-10T14:15:24+00:00\",\"dateModified\":\"2024-06-11T14:26:28+00:00\",\"description\":\"Confiez le recrutement de vos commerciaux sur Grenoble \u00e0 ImpactUp. Notre cabinet de recrutement sp\u00e9cialiste des profils commerciaux dispose d\u2019une antenne \u00e0 Grenoble dans l\u2019Is\u00e8re (38).\",\"breadcrumb\":{\"@id\":\"https:\/\/impactup.com\/en\/glossaire\/recrutement-commerciaux-grenoble-38\/#breadcrumb\"},\"inLanguage\":\"en-US\",\"potentialAction\":[{\"@type\":\"ReadAction\",\"target\":[\"https:\/\/impactup.com\/en\/glossaire\/recrutement-commerciaux-grenoble-38\/\"]}]},{\"@type\":\"BreadcrumbList\",\"@id\":\"https:\/\/impactup.com\/en\/glossaire\/recrutement-commerciaux-grenoble-38\/#breadcrumb\",\"itemListElement\":[{\"@type\":\"ListItem\",\"position\":1,\"name\":\"Accueil\",\"item\":\"https:\/\/impactup.com\/en\/\"},{\"@type\":\"ListItem\",\"position\":2,\"name\":\"Glossaire\",\"item\":\"https:\/\/impactup.com\/en\/glossaire\/\"},{\"@type\":\"ListItem\",\"position\":3,\"name\":\"R\u00e9ussir le recrutement de vos commerciaux sur Grenoble (38)\"}]},{\"@type\":\"WebSite\",\"@id\":\"https:\/\/impactup.com\/en\/#website\",\"url\":\"https:\/\/impactup.com\/en\/\",\"name\":\"ImpactUp\",\"description\":\"Recrutement commerciaux, directions commerciales et fonctions marketing\",\"potentialAction\":[{\"@type\":\"SearchAction\",\"target\":{\"@type\":\"EntryPoint\",\"urlTemplate\":\"https:\/\/impactup.com\/en\/?s={search_term_string}\"},\"query-input\":{\"@type\":\"PropertyValueSpecification\",\"valueRequired\":true,\"valueName\":\"search_term_string\"}}],\"inLanguage\":\"en-US\"}]}<\/script>\n<!-- \/ Yoast SEO plugin. -->","yoast_head_json":{"title":"Recrutement de commerciaux sur Grenoble (38)","description":"Confiez le recrutement de vos commerciaux sur Grenoble \u00e0 ImpactUp. Notre cabinet de recrutement sp\u00e9cialiste des profils commerciaux dispose d\u2019une antenne \u00e0 Grenoble dans l\u2019Is\u00e8re (38).","robots":{"index":"index","follow":"follow","max-snippet":"max-snippet:-1","max-image-preview":"max-image-preview:large","max-video-preview":"max-video-preview:-1"},"canonical":"https:\/\/impactup.com\/en\/glossaire\/recrutement-commerciaux-grenoble-38\/","og_locale":"en_US","og_type":"article","og_title":"Recrutement de commerciaux sur Grenoble (38)","og_description":"Confiez le recrutement de vos commerciaux sur Grenoble \u00e0 ImpactUp. Notre cabinet de recrutement sp\u00e9cialiste des profils commerciaux dispose d\u2019une antenne \u00e0 Grenoble dans l\u2019Is\u00e8re (38).","og_url":"https:\/\/impactup.com\/en\/glossaire\/recrutement-commerciaux-grenoble-38\/","og_site_name":"ImpactUp","article_modified_time":"2024-06-11T14:26:28+00:00","og_image":[{"width":1067,"height":600,"url":"https:\/\/impactup.com\/wp-content\/uploads\/2021\/01\/og.jpg","type":"image\/jpeg"}],"twitter_card":"summary_large_image","twitter_misc":{"Est. reading time":"3 minutes"},"schema":{"@context":"https:\/\/schema.org","@graph":[{"@type":"WebPage","@id":"https:\/\/impactup.com\/en\/glossaire\/recrutement-commerciaux-grenoble-38\/","url":"https:\/\/impactup.com\/en\/glossaire\/recrutement-commerciaux-grenoble-38\/","name":"Recrutement de commerciaux sur Grenoble (38)","isPartOf":{"@id":"https:\/\/impactup.com\/en\/#website"},"datePublished":"2024-06-10T14:15:24+00:00","dateModified":"2024-06-11T14:26:28+00:00","description":"Confiez le recrutement de vos commerciaux sur Grenoble \u00e0 ImpactUp. Notre cabinet de recrutement sp\u00e9cialiste des profils commerciaux dispose d\u2019une antenne \u00e0 Grenoble dans l\u2019Is\u00e8re (38).","breadcrumb":{"@id":"https:\/\/impactup.com\/en\/glossaire\/recrutement-commerciaux-grenoble-38\/#breadcrumb"},"inLanguage":"en-US","potentialAction":[{"@type":"ReadAction","target":["https:\/\/impactup.com\/en\/glossaire\/recrutement-commerciaux-grenoble-38\/"]}]},{"@type":"BreadcrumbList","@id":"https:\/\/impactup.com\/en\/glossaire\/recrutement-commerciaux-grenoble-38\/#breadcrumb","itemListElement":[{"@type":"ListItem","position":1,"name":"Accueil","item":"https:\/\/impactup.com\/en\/"},{"@type":"ListItem","position":2,"name":"Glossaire","item":"https:\/\/impactup.com\/en\/glossaire\/"},{"@type":"ListItem","position":3,"name":"R\u00e9ussir le recrutement de vos commerciaux sur Grenoble (38)"}]},{"@type":"WebSite","@id":"https:\/\/impactup.com\/en\/#website","url":"https:\/\/impactup.com\/en\/","name":"ImpactUp","description":"Recrutement commerciaux, directions commerciales et fonctions marketing","potentialAction":[{"@type":"SearchAction","target":{"@type":"EntryPoint","urlTemplate":"https:\/\/impactup.com\/en\/?s={search_term_string}"},"query-input":{"@type":"PropertyValueSpecification","valueRequired":true,"valueName":"search_term_string"}}],"inLanguage":"en-US"}]}},"_links":{"self":[{"href":"https:\/\/impactup.com\/en\/wp-json\/wp\/v2\/pages\/26271","targetHints":{"allow":["GET"]}}],"collection":[{"href":"https:\/\/impactup.com\/en\/wp-json\/wp\/v2\/pages"}],"about":[{"href":"https:\/\/impactup.com\/en\/wp-json\/wp\/v2\/types\/page"}],"author":[{"embeddable":true,"href":"https:\/\/impactup.com\/en\/wp-json\/wp\/v2\/users\/4"}],"replies":[{"embeddable":true,"href":"https:\/\/impactup.com\/en\/wp-json\/wp\/v2\/comments?post=26271"}],"version-history":[{"count":1,"href":"https:\/\/impactup.com\/en\/wp-json\/wp\/v2\/pages\/26271\/revisions"}],"predecessor-version":[{"id":26275,"href":"https:\/\/impactup.com\/en\/wp-json\/wp\/v2\/pages\/26271\/revisions\/26275"}],"up":[{"embeddable":true,"href":"https:\/\/impactup.com\/en\/wp-json\/wp\/v2\/pages\/17218"}],"wp:attachment":[{"href":"https:\/\/impactup.com\/en\/wp-json\/wp\/v2\/media?parent=26271"}],"curies":[{"name":"wp","href":"https:\/\/api.w.org\/{rel}","templated":true}]}}