{"id":26270,"date":"2024-06-10T16:12:23","date_gmt":"2024-06-10T14:12:23","guid":{"rendered":"https:\/\/impactup.niou.dev\/?page_id=26270"},"modified":"2024-06-12T16:24:41","modified_gmt":"2024-06-12T14:24:41","slug":"cabinet-de-recrutement-commercial-export-nantes","status":"publish","type":"page","link":"https:\/\/impactup.com\/en\/glossaire\/cabinet-de-recrutement-commercial-export-nantes\/","title":{"rendered":"Trouver facilement un commercial export \u00e0 Nantes gr\u00e2ce \u00e0 un cabinet de recrutement"},"content":{"rendered":"<div class=\"wpb-content-wrapper\"><p>[vc_row][vc_column width=&#8221;1\/3&#8243;][vc_btn title=&#8221;Voir notre offre&#8221; color=&#8221;secondarycolor&#8221; align=&#8221;center&#8221; css=&#8221;&#8221; link=&#8221;url:https%3A%2F%2Fimpactup.com%2Frecrutement%2F&#8221;][\/vc_column][vc_column width=&#8221;1\/3&#8243;][vc_btn title=&#8221;Confiez-nous votre projet&#8221; color=&#8221;secondarycolor&#8221; align=&#8221;center&#8221; css=&#8221;&#8221; link=&#8221;url:https%3A%2F%2Fimpactup.com%2Fetude-personnalisee%2F&#8221;][\/vc_column][vc_column width=&#8221;1\/3&#8243;][vc_btn title=&#8221;Contactez-nous&#8221; color=&#8221;secondarycolor&#8221; align=&#8221;center&#8221; css=&#8221;&#8221; link=&#8221;url:https%3A%2F%2Fimpactup.com%2Fcontact%2F&#8221;][\/vc_column][\/vc_row][vc_row css=&#8221;.vc_custom_1717658386032{padding-top: 40px !important;padding-bottom: 20px !important;}&#8221;][vc_column][vc_column_text css=&#8221;&#8221;]<\/p>\n<section style=\"text-align: justify;\">\n<h2><strong>Trouver facilement un commercial export \u00e0 Nantes gr\u00e2ce \u00e0 un cabinet de recrutement<\/strong><\/h2>\n<p>Une entreprise qui a besoin d\u2019un <a href=\"https:\/\/impactup.com\/glossaire\/cabinet-de-recrutement-business-developer-nantes\"><strong>commercial export <\/strong>\u00e0 <strong>Nantes peut passer par un<\/strong> <strong>cabinet de recrutement<\/strong><\/a>. De ce professionnel d\u00e9pend le bon fonctionnement d\u2019une structure et de la performance de ses salari\u00e9s. Pour trouver le bon candidat, adressez-vous \u00e0 <strong>ImpactUp<\/strong>.<\/p>\n<\/section>\n<p>[\/vc_column_text][\/vc_column][\/vc_row][vc_row][vc_column width=&#8221;1\/3&#8243;][vc_btn title=&#8221;Voir notre offre&#8221; color=&#8221;secondarycolor&#8221; align=&#8221;center&#8221; css=&#8221;&#8221; link=&#8221;url:https%3A%2F%2Fimpactup.com%2Frecrutement%2F&#8221;][\/vc_column][vc_column width=&#8221;1\/3&#8243;][vc_btn title=&#8221;Confiez-nous votre projet&#8221; color=&#8221;secondarycolor&#8221; align=&#8221;center&#8221; css=&#8221;&#8221; link=&#8221;url:https%3A%2F%2Fimpactup.com%2Fetude-personnalisee%2F&#8221;][\/vc_column][vc_column width=&#8221;1\/3&#8243;][vc_btn title=&#8221;Contactez-nous&#8221; color=&#8221;secondarycolor&#8221; align=&#8221;center&#8221; css=&#8221;&#8221; link=&#8221;url:https%3A%2F%2Fimpactup.com%2Fcontact%2F&#8221;][\/vc_column][\/vc_row][vc_row css=&#8221;.vc_custom_1717658445522{padding-top: 40px !important;}&#8221;][vc_column][vc_column_text css=&#8221;&#8221;]<\/p>\n<section style=\"text-align: justify;\">\n<h2><strong>Quelles sont les qualit\u00e9s d\u2019un commercial export\u00a0? <\/strong><\/h2>\n<p>Un <strong>commercial export recrut\u00e9 par un<\/strong> <strong>cabinet de recrutement <\/strong>\u00e0 <strong>Nantes <\/strong>s\u2019occupe de la vente des produits et services de son entreprise \u00e0 l\u2019\u00e9tranger. Comme il s\u2019occupe principalement des parts importantes des march\u00e9s, il doit avoir certaines qualit\u00e9s.<\/p>\n<p>Il doit notamment avoir le sens du contact pour pouvoir prospecter les clients et mener \u00e0 bien les ventes dont il s\u2019occupe. Il doit \u00e9galement \u00eatre en mesure de d\u00e9velopper des offres adapt\u00e9es aux besoins des clients locaux en termes de prix, de quantit\u00e9, de service apr\u00e8s-vente et de d\u00e9lai. Il doit \u00e9galement avoir un sens aigu en argumentation pour donner l\u2019envie aux clients de poursuivre les \u00e9changes.<\/p>\n<p>Un commercial export repr\u00e9sente son entreprise aupr\u00e8s des fournisseurs et clients internationaux de l\u2019entreprise o\u00f9 il travaille. Aussi, il lui incombe de g\u00e9rer toutes les relations et op\u00e9rations financi\u00e8res. Donc, il avoir les qualit\u00e9s d\u2019un bon interm\u00e9diaire.<\/p>\n<h2><strong>Comment se d\u00e9roule le recrutement d\u2019un commercial export par un cabinet sp\u00e9cialis\u00e9 \u00e0 Nantes\u00a0?<\/strong><\/h2>\n<p>Le commercial export fait partie des professions en plein essor actuellement. De nombreuses entreprises sollicitent ses services pour d\u00e9velopper leurs parts de march\u00e9. Trouver un excellent commercial s\u2019av\u00e8re \u00eatre un v\u00e9ritable parcours du combattant pour les cabinets de recrutement.<\/p>\n<p>Dans sa d\u00e9marche, le cabinet de recrutement mettra en \u0153uvre un ensemble de dispositifs visant \u00e0 d\u00e9nicher dans les meilleurs d\u00e9lais le collaborateur id\u00e9al. Aussi et pour pouvoir mener \u00e0 bien sa mission, il doit au pr\u00e9alable \u00e9tudier les besoins de l\u2019entreprise et recueillir le maximum d\u2019informations \u00e0 son sujet (secteur d\u2019activit\u00e9, structure, organisation\u2026). Il prend ainsi en main tout le processus du recrutement depuis la consultation et la s\u00e9lection des CV jusqu\u2019\u00e0 l\u2019identification des profils adapt\u00e9s au poste \u00e0 pourvoir.<\/p>\n<p>Intervenant dans plusieurs secteurs d\u2019activit\u00e9, <strong>ImpactUp<\/strong>, le <a href=\"https:\/\/impactup.com\/glossaire\/cabinet-de-recrutement-marketing-nantes\"><strong>cabinet de recrutement pr\u00e9sent \u00e0 Nantes s\u2019engage \u00e0 vous trouver un commercial export<\/strong><\/a> exp\u00e9riment\u00e9.<\/p>\n<h2><strong>Cabinet de recrutement commercial \u00e0 Nantes\u00a0: les avantages et inconv\u00e9nients<\/strong><\/h2>\n<p>Le recours \u00e0 un cabinet de recrutement offre de multiples avantages aux soci\u00e9t\u00e9s. Cette pratique n\u2019est, cependant, pas d\u00e9pourvue d\u2019inconv\u00e9nients.<\/p>\n<p>Voici les principaux avantages dont vous pourriez b\u00e9n\u00e9ficier en faisant appel \u00e0 un <strong>cabinet<\/strong> situ\u00e9 \u00e0 <strong>Nantes, sp\u00e9cialis\u00e9 dans le<\/strong> <strong>recrutement <\/strong>de <strong>commercial export\u00a0:<\/strong><\/p>\n<ul>\n<li>L\u2019assurance d\u2019avoir dans un d\u00e9lai tr\u00e8s court un candidat de valeur conforme \u00e0 vos attentes<\/li>\n<li>Un gain de temps pour les \u00e9quipes DRH qui seront ainsi d\u00e9charg\u00e9es du long processus de recrutement<\/li>\n<li>Le savoir-faire et la r\u00e9activit\u00e9 des experts dans la d\u00e9tection des talents<\/li>\n<li>L\u2019\u00e9tablissement d\u2019une relation de confiance\u00a0: vous serez inform\u00e9s \u00e0 tout moment de l\u2019\u00e9volution des \u00e9tapes de recrutement.<\/li>\n<\/ul>\n<p>Les inconv\u00e9nients sont moins nombreux, mais m\u00e9ritent quand m\u00eame d\u2019\u00eatre soulev\u00e9s\u00a0:<\/p>\n<ul>\n<li>Un co\u00fbt suppl\u00e9mentaire \u00e0 supporter\u00a0: la mission sera factur\u00e9e et se fait sur la base d\u2019un forfait une fois la candidature valid\u00e9e<\/li>\n<li>Suivi de l\u2019int\u00e9gration du candidat\u00a0: les cabinets ne sont pas g\u00e9n\u00e9ralement tenus de suivre l\u2019\u00e9volution du parcours du salari\u00e9 apr\u00e8s son embauche<\/li>\n<\/ul>\n<p><a href=\"https:\/\/impactup.com\"><strong>ImpactUp<\/strong><\/a> fournit \u00e0 sa client\u00e8le une prestation de service personnalis\u00e9e et sur mesure. Son \u00e9quipe de consultants chevronn\u00e9s se tient \u00e0 votre disposition pour vos besoins en recrutement.<\/p>\n<h2><strong>ImpactUp, cabinet de recrutement orient\u00e9 aux activit\u00e9s commerciales<\/strong><\/h2>\n<p>ImpactUp excelle dans le domaine du recrutement de cadres commerciaux depuis plus de 10 ans avec sa filiale \u00e0 Nantes. Tr\u00e8s professionnels et engag\u00e9s dans leur m\u00e9tier, les sp\u00e9cialistes vous apportent l\u2019aide n\u00e9cessaire dont vous auriez besoin pour trouver votre commercial export.<\/p>\n<p>Le cabinet de recrutement se fixe pour but de trouver un candidat hors du commun. \u00c0 ce titre, il met en place toutes les strat\u00e9gies n\u00e9cessaires afin de s\u2019assurer de la parfaite ad\u00e9quation du profil du candidat au poste propos\u00e9. La mission consiste globalement \u00e0 la recherche et l\u2019\u00e9valuation des candidats pour qu\u2019ils puissent assurer le poste qui leur est propos\u00e9 et apporter leur contribution dans le d\u00e9veloppement et la productivit\u00e9 de l\u2019entreprise. Pour ce faire, <strong>ImpactUp<\/strong> combine les comp\u00e9tences de ses consultants-recruteurs et l\u2019utilisation d\u2019outils innovants pour garantir la qualit\u00e9 des profils et leur conformit\u00e9 aux attentes des clients. Le cabinet utilise entre autres TalentInitial\u00ae, TalentAttitude\u00ae, TalentBusiness\u00ae et TalentRelation\u00ae afin d\u2019\u00e9valuer leurs aptitudes professionnelles et personnelles. Pipplet est \u00e9galement mis \u00e0 profit pour v\u00e9rifier les capacit\u00e9s de chaque candidat en langues \u00e9trang\u00e8res.<\/p>\n<p>\u00c0 travers une technique de ciblage pr\u00e9cis des profils, <strong>ImpactUp<\/strong> accompagne les entreprises qui cherchent \u00e0 combler leur manque d\u2019effectifs, quel que soit leur domaine d\u2019activit\u00e9s. Dans l\u2019exercice de ses fonctions, la soci\u00e9t\u00e9 s\u2019appuie essentiellement sur le pragmatisme, la proximit\u00e9 et l\u2019exigence de r\u00e9sultat.<\/p>\n<p>Outre son <a href=\"https:\/\/impactup.com\/glossaire\/cabinet-de-recrutement-en-france\"><strong>cabinet de recrutement<\/strong> de <strong>commercial export<\/strong> <strong>\u00e0<\/strong> <strong>Nantes<\/strong><\/a>, ImpactUp est \u00e9galement pr\u00e9sent \u00e0 Paris, Bordeaux, Toulouse, La Rochelle, Lyon et Lille. De m\u00eame, les clients peuvent contacter directement l\u2019\u00e9quipe sur le site mis \u00e0 leur disposition en temps r\u00e9el.<\/p>\n<\/section>\n<p>[\/vc_column_text][\/vc_column][\/vc_row]<\/p>\n<\/div>","protected":false},"excerpt":{"rendered":"<p>[vc_row][vc_column width=&#8221;1\/3&#8243;][vc_btn title=&#8221;Voir notre offre&#8221; color=&#8221;secondarycolor&#8221; align=&#8221;center&#8221; css=&#8221;&#8221; link=&#8221;url:https%3A%2F%2Fimpactup.com%2Frecrutement%2F&#8221;][\/vc_column][vc_column width=&#8221;1\/3&#8243;][vc_btn title=&#8221;Confiez-nous votre projet&#8221; color=&#8221;secondarycolor&#8221; align=&#8221;center&#8221; css=&#8221;&#8221; link=&#8221;url:https%3A%2F%2Fimpactup.com%2Fetude-personnalisee%2F&#8221;][\/vc_column][vc_column width=&#8221;1\/3&#8243;][vc_btn title=&#8221;Contactez-nous&#8221; color=&#8221;secondarycolor&#8221; align=&#8221;center&#8221; css=&#8221;&#8221; link=&#8221;url:https%3A%2F%2Fimpactup.com%2Fcontact%2F&#8221;][\/vc_column][\/vc_row][vc_row css=&#8221;.vc_custom_1717658386032{padding-top: 40px !important;padding-bottom: 20px !important;}&#8221;][vc_column][vc_column_text css=&#8221;&#8221;] Trouver facilement un commercial export \u00e0 Nantes gr\u00e2ce \u00e0 un cabinet de recrutement Une entreprise qui a besoin d\u2019un commercial export \u00e0 Nantes peut passer par [&hellip;]<\/p>\n","protected":false},"author":4,"featured_media":0,"parent":17218,"menu_order":0,"comment_status":"closed","ping_status":"closed","template":"","meta":{"_monsterinsights_skip_tracking":false,"_monsterinsights_sitenote_active":false,"_monsterinsights_sitenote_note":"","_monsterinsights_sitenote_category":0,"footnotes":""},"class_list":["post-26270","page","type-page","status-publish","hentry"],"yoast_head":"<!-- This site is optimized with the Yoast SEO plugin v27.0 - https:\/\/yoast.com\/product\/yoast-seo-wordpress\/ -->\n<title>Cabinet de recrutement commercial export Nantes - Vers quel cabinet de recrutement \u00e0 Nantes se tourner pour trouver un commercial export ?<\/title>\n<meta name=\"description\" content=\"Un cabinet de recrutement \u00e0 Nantes peut trouver un commercial export pour votre entreprise. Faites confiance \u00e0 ImpactUp, cabinet de recrutement \u00e0 Nantes pour trouver un commercial export.\" \/>\n<meta name=\"robots\" content=\"index, follow, max-snippet:-1, max-image-preview:large, max-video-preview:-1\" \/>\n<link rel=\"canonical\" href=\"https:\/\/impactup.com\/en\/glossaire\/cabinet-de-recrutement-commercial-export-nantes\/\" \/>\n<meta property=\"og:locale\" content=\"en_US\" \/>\n<meta property=\"og:type\" content=\"article\" \/>\n<meta property=\"og:title\" content=\"Cabinet de recrutement commercial export Nantes - Vers quel cabinet de recrutement \u00e0 Nantes se tourner pour trouver un commercial export ?\" \/>\n<meta property=\"og:description\" content=\"Un cabinet de recrutement \u00e0 Nantes peut trouver un commercial export pour votre entreprise. Faites confiance \u00e0 ImpactUp, cabinet de recrutement \u00e0 Nantes pour trouver un commercial export.\" \/>\n<meta property=\"og:url\" content=\"https:\/\/impactup.com\/en\/glossaire\/cabinet-de-recrutement-commercial-export-nantes\/\" \/>\n<meta property=\"og:site_name\" content=\"ImpactUp\" \/>\n<meta property=\"article:modified_time\" content=\"2024-06-12T14:24:41+00:00\" \/>\n<meta property=\"og:image\" content=\"https:\/\/impactup.com\/wp-content\/uploads\/2021\/01\/og.jpg\" \/>\n\t<meta property=\"og:image:width\" content=\"1067\" \/>\n\t<meta property=\"og:image:height\" content=\"600\" \/>\n\t<meta property=\"og:image:type\" content=\"image\/jpeg\" \/>\n<meta name=\"twitter:card\" content=\"summary_large_image\" \/>\n<meta name=\"twitter:label1\" content=\"Est. reading time\" \/>\n\t<meta name=\"twitter:data1\" content=\"5 minutes\" \/>\n<script type=\"application\/ld+json\" class=\"yoast-schema-graph\">{\"@context\":\"https:\/\/schema.org\",\"@graph\":[{\"@type\":\"WebPage\",\"@id\":\"https:\/\/impactup.com\/en\/glossaire\/cabinet-de-recrutement-commercial-export-nantes\/\",\"url\":\"https:\/\/impactup.com\/en\/glossaire\/cabinet-de-recrutement-commercial-export-nantes\/\",\"name\":\"Cabinet de recrutement commercial export Nantes - Vers quel cabinet de recrutement \u00e0 Nantes se tourner pour trouver un commercial export ?\",\"isPartOf\":{\"@id\":\"https:\/\/impactup.com\/en\/#website\"},\"datePublished\":\"2024-06-10T14:12:23+00:00\",\"dateModified\":\"2024-06-12T14:24:41+00:00\",\"description\":\"Un cabinet de recrutement \u00e0 Nantes peut trouver un commercial export pour votre entreprise. Faites confiance \u00e0 ImpactUp, cabinet de recrutement \u00e0 Nantes pour trouver un commercial export.\",\"breadcrumb\":{\"@id\":\"https:\/\/impactup.com\/en\/glossaire\/cabinet-de-recrutement-commercial-export-nantes\/#breadcrumb\"},\"inLanguage\":\"en-US\",\"potentialAction\":[{\"@type\":\"ReadAction\",\"target\":[\"https:\/\/impactup.com\/en\/glossaire\/cabinet-de-recrutement-commercial-export-nantes\/\"]}]},{\"@type\":\"BreadcrumbList\",\"@id\":\"https:\/\/impactup.com\/en\/glossaire\/cabinet-de-recrutement-commercial-export-nantes\/#breadcrumb\",\"itemListElement\":[{\"@type\":\"ListItem\",\"position\":1,\"name\":\"Accueil\",\"item\":\"https:\/\/impactup.com\/en\/\"},{\"@type\":\"ListItem\",\"position\":2,\"name\":\"Glossaire\",\"item\":\"https:\/\/impactup.com\/en\/glossaire\/\"},{\"@type\":\"ListItem\",\"position\":3,\"name\":\"Trouver facilement un commercial export \u00e0 Nantes gr\u00e2ce \u00e0 un cabinet de recrutement\"}]},{\"@type\":\"WebSite\",\"@id\":\"https:\/\/impactup.com\/en\/#website\",\"url\":\"https:\/\/impactup.com\/en\/\",\"name\":\"ImpactUp\",\"description\":\"Recrutement commerciaux, directions commerciales et fonctions marketing\",\"potentialAction\":[{\"@type\":\"SearchAction\",\"target\":{\"@type\":\"EntryPoint\",\"urlTemplate\":\"https:\/\/impactup.com\/en\/?s={search_term_string}\"},\"query-input\":{\"@type\":\"PropertyValueSpecification\",\"valueRequired\":true,\"valueName\":\"search_term_string\"}}],\"inLanguage\":\"en-US\"}]}<\/script>\n<!-- \/ Yoast SEO plugin. -->","yoast_head_json":{"title":"Cabinet de recrutement commercial export Nantes - Vers quel cabinet de recrutement \u00e0 Nantes se tourner pour trouver un commercial export ?","description":"Un cabinet de recrutement \u00e0 Nantes peut trouver un commercial export pour votre entreprise. Faites confiance \u00e0 ImpactUp, cabinet de recrutement \u00e0 Nantes pour trouver un commercial export.","robots":{"index":"index","follow":"follow","max-snippet":"max-snippet:-1","max-image-preview":"max-image-preview:large","max-video-preview":"max-video-preview:-1"},"canonical":"https:\/\/impactup.com\/en\/glossaire\/cabinet-de-recrutement-commercial-export-nantes\/","og_locale":"en_US","og_type":"article","og_title":"Cabinet de recrutement commercial export Nantes - Vers quel cabinet de recrutement \u00e0 Nantes se tourner pour trouver un commercial export ?","og_description":"Un cabinet de recrutement \u00e0 Nantes peut trouver un commercial export pour votre entreprise. Faites confiance \u00e0 ImpactUp, cabinet de recrutement \u00e0 Nantes pour trouver un commercial export.","og_url":"https:\/\/impactup.com\/en\/glossaire\/cabinet-de-recrutement-commercial-export-nantes\/","og_site_name":"ImpactUp","article_modified_time":"2024-06-12T14:24:41+00:00","og_image":[{"width":1067,"height":600,"url":"https:\/\/impactup.com\/wp-content\/uploads\/2021\/01\/og.jpg","type":"image\/jpeg"}],"twitter_card":"summary_large_image","twitter_misc":{"Est. reading time":"5 minutes"},"schema":{"@context":"https:\/\/schema.org","@graph":[{"@type":"WebPage","@id":"https:\/\/impactup.com\/en\/glossaire\/cabinet-de-recrutement-commercial-export-nantes\/","url":"https:\/\/impactup.com\/en\/glossaire\/cabinet-de-recrutement-commercial-export-nantes\/","name":"Cabinet de recrutement commercial export Nantes - Vers quel cabinet de recrutement \u00e0 Nantes se tourner pour trouver un commercial export ?","isPartOf":{"@id":"https:\/\/impactup.com\/en\/#website"},"datePublished":"2024-06-10T14:12:23+00:00","dateModified":"2024-06-12T14:24:41+00:00","description":"Un cabinet de recrutement \u00e0 Nantes peut trouver un commercial export pour votre entreprise. Faites confiance \u00e0 ImpactUp, cabinet de recrutement \u00e0 Nantes pour trouver un commercial export.","breadcrumb":{"@id":"https:\/\/impactup.com\/en\/glossaire\/cabinet-de-recrutement-commercial-export-nantes\/#breadcrumb"},"inLanguage":"en-US","potentialAction":[{"@type":"ReadAction","target":["https:\/\/impactup.com\/en\/glossaire\/cabinet-de-recrutement-commercial-export-nantes\/"]}]},{"@type":"BreadcrumbList","@id":"https:\/\/impactup.com\/en\/glossaire\/cabinet-de-recrutement-commercial-export-nantes\/#breadcrumb","itemListElement":[{"@type":"ListItem","position":1,"name":"Accueil","item":"https:\/\/impactup.com\/en\/"},{"@type":"ListItem","position":2,"name":"Glossaire","item":"https:\/\/impactup.com\/en\/glossaire\/"},{"@type":"ListItem","position":3,"name":"Trouver facilement un commercial export \u00e0 Nantes gr\u00e2ce \u00e0 un cabinet de recrutement"}]},{"@type":"WebSite","@id":"https:\/\/impactup.com\/en\/#website","url":"https:\/\/impactup.com\/en\/","name":"ImpactUp","description":"Recrutement commerciaux, directions commerciales et fonctions marketing","potentialAction":[{"@type":"SearchAction","target":{"@type":"EntryPoint","urlTemplate":"https:\/\/impactup.com\/en\/?s={search_term_string}"},"query-input":{"@type":"PropertyValueSpecification","valueRequired":true,"valueName":"search_term_string"}}],"inLanguage":"en-US"}]}},"_links":{"self":[{"href":"https:\/\/impactup.com\/en\/wp-json\/wp\/v2\/pages\/26270","targetHints":{"allow":["GET"]}}],"collection":[{"href":"https:\/\/impactup.com\/en\/wp-json\/wp\/v2\/pages"}],"about":[{"href":"https:\/\/impactup.com\/en\/wp-json\/wp\/v2\/types\/page"}],"author":[{"embeddable":true,"href":"https:\/\/impactup.com\/en\/wp-json\/wp\/v2\/users\/4"}],"replies":[{"embeddable":true,"href":"https:\/\/impactup.com\/en\/wp-json\/wp\/v2\/comments?post=26270"}],"version-history":[{"count":6,"href":"https:\/\/impactup.com\/en\/wp-json\/wp\/v2\/pages\/26270\/revisions"}],"predecessor-version":[{"id":26538,"href":"https:\/\/impactup.com\/en\/wp-json\/wp\/v2\/pages\/26270\/revisions\/26538"}],"up":[{"embeddable":true,"href":"https:\/\/impactup.com\/en\/wp-json\/wp\/v2\/pages\/17218"}],"wp:attachment":[{"href":"https:\/\/impactup.com\/en\/wp-json\/wp\/v2\/media?parent=26270"}],"curies":[{"name":"wp","href":"https:\/\/api.w.org\/{rel}","templated":true}]}}