{"id":26265,"date":"2024-06-10T16:05:57","date_gmt":"2024-06-10T14:05:57","guid":{"rendered":"https:\/\/impactup.niou.dev\/?page_id=26265"},"modified":"2024-06-12T16:25:21","modified_gmt":"2024-06-12T14:25:21","slug":"cabinet-de-recrutement-commercial-export-paris","status":"publish","type":"page","link":"https:\/\/impactup.com\/en\/glossaire\/cabinet-de-recrutement-commercial-export-paris\/","title":{"rendered":"Un cabinet pour garantir le succ\u00e8s du recrutement de votre futur commercial export \u00e0 Paris"},"content":{"rendered":"<div class=\"wpb-content-wrapper\"><p>[vc_row][vc_column width=&#8221;1\/3&#8243;][vc_btn title=&#8221;Voir notre offre&#8221; color=&#8221;secondarycolor&#8221; align=&#8221;center&#8221; css=&#8221;&#8221; link=&#8221;url:https%3A%2F%2Fimpactup.com%2Frecrutement%2F&#8221;][\/vc_column][vc_column width=&#8221;1\/3&#8243;][vc_btn title=&#8221;Confiez-nous votre projet&#8221; color=&#8221;secondarycolor&#8221; align=&#8221;center&#8221; css=&#8221;&#8221; link=&#8221;url:https%3A%2F%2Fimpactup.com%2Fetude-personnalisee%2F&#8221;][\/vc_column][vc_column width=&#8221;1\/3&#8243;][vc_btn title=&#8221;Contactez-nous&#8221; color=&#8221;secondarycolor&#8221; align=&#8221;center&#8221; css=&#8221;&#8221; link=&#8221;url:https%3A%2F%2Fimpactup.com%2Fcontact%2F&#8221;][\/vc_column][\/vc_row][vc_row css=&#8221;.vc_custom_1717658386032{padding-top: 40px !important;padding-bottom: 20px !important;}&#8221;][vc_column][vc_column_text css=&#8221;&#8221;]<\/p>\n<section style=\"text-align: justify;\">\n<h2>Un cabinet pour garantir le succ\u00e8s du recrutement de votre futur commercial export \u00e0 Paris<\/h2>\n<p>Votre entreprise \u00e0 Paris bat de l\u2019aile et vous voil\u00e0 fin pr\u00eat \u00e0 prendre votre envol \u00e0 l\u2019international ? Pour garantir le succ\u00e8s de votre expansion hors des fronti\u00e8res, vous aurez besoin des comp\u00e9tences d\u2019un commercial export. Ses qualit\u00e9s de fin n\u00e9gociateur et de d\u00e9nicheur d\u2019opportunit\u00e9s d\u2019affaires \u00e0 l\u2019\u00e9tranger vous seront d\u2019une aide pr\u00e9cieuse, \u00e0 condition bien entendu de trouver le candidat id\u00e9al. Chez ImpactUp, <a href=\"https:\/\/impactup.com\/glossaire\/cabinet-de-recrutement-beaut%c3%a9-Paris\"><strong>cabinet<\/strong><\/a> reconnu en France, nous vous accompagnons dans le <a href=\"https:\/\/impactup.com\/glossaire\/cabinet-de-recrutement-beaut%c3%a9-Paris\"><strong>recrutement de votre futur commercial export \u00e0 Paris<\/strong><\/a> .<\/p>\n<\/section>\n<p>[\/vc_column_text][\/vc_column][\/vc_row][vc_row][vc_column width=&#8221;1\/3&#8243;][vc_btn title=&#8221;Voir notre offre&#8221; color=&#8221;secondarycolor&#8221; align=&#8221;center&#8221; css=&#8221;&#8221; link=&#8221;url:https%3A%2F%2Fimpactup.com%2Frecrutement%2F&#8221;][\/vc_column][vc_column width=&#8221;1\/3&#8243;][vc_btn title=&#8221;Confiez-nous votre projet&#8221; color=&#8221;secondarycolor&#8221; align=&#8221;center&#8221; css=&#8221;&#8221; link=&#8221;url:https%3A%2F%2Fimpactup.com%2Fetude-personnalisee%2F&#8221;][\/vc_column][vc_column width=&#8221;1\/3&#8243;][vc_btn title=&#8221;Contactez-nous&#8221; color=&#8221;secondarycolor&#8221; align=&#8221;center&#8221; css=&#8221;&#8221; link=&#8221;url:https%3A%2F%2Fimpactup.com%2Fcontact%2F&#8221;][\/vc_column][\/vc_row][vc_row css=&#8221;.vc_custom_1717658445522{padding-top: 40px !important;}&#8221;][vc_column][vc_column_text css=&#8221;&#8221;]<\/p>\n<section style=\"text-align: justify;\">\n<h2>Quel est le r\u00f4le d\u2019un commercial export ?<\/h2>\n<p>Le <strong>commercial export<\/strong> parcourt le monde \u00e0 la recherche de nouvelles opportunit\u00e9s d\u2019affaires. Il veille au d\u00e9veloppement de l\u2019entreprise \u00e0 l\u2019international en nouant des partenariats avec des clients \u00e9trangers et travaille \u00e0 consolider la pr\u00e9sence de la marque dans les pays cibl\u00e9s.<\/p>\n<p>Dans le cadre de l\u2019expansion de l\u2019entreprise hors des fronti\u00e8res, il se charge de la mise en \u0153uvre de la politique commerciale et coordonne les op\u00e9rations internationales entre les diff\u00e9rentes fonctions de l\u2019entreprise et\/ou des partenaires externes.<\/p>\n<p>Il assure aussi un r\u00f4le de veille permanente des march\u00e9s mondiaux. Gr\u00e2ce aux informations qu\u2019il recueille, l\u2019entreprise sera en mesure de r\u00e9agir promptement aux \u00e9volutions du commerce \u00e0 l\u2019international.<\/p>\n<p>Ce m\u00e9tier s\u2019exerce g\u00e9n\u00e9ralement au sein :<\/p>\n<ul>\n<li>de toutes entreprises industrielles et commerciales, en particulier les PME ;<\/li>\n<li>de soci\u00e9t\u00e9s commerciales (distributeurs, grossistes\u2026) ;<\/li>\n<li>de prestataires de services (soci\u00e9t\u00e9s de transport, agents de fret&#8230;) ;<\/li>\n<li>de bureau d\u2019\u00e9tudes ou de cabinet de consultance (chambres de commerce internationales et Industrie, collectivit\u00e9s locales) ;<\/li>\n<li>d\u2019entreprises fournissant un service d\u2019accompagnement au d\u00e9veloppement \u00e0 l\u2019international.<\/li>\n<\/ul>\n<p>Vous cherchez \u00e0 embaucher un <a href=\"https:\/\/impactup.com\/glossaire\/cabinet-de-recrutement-commerciaux-Paris\"><strong>commercial export \u00e0 Paris<\/strong><\/a> ? Faites appel \u00e0 un <a href=\"https:\/\/impactup.com\/glossaire\/cabinet-de-recrutement-commerciaux-Paris\"><strong>cabinet<\/strong><\/a> de recrutement sp\u00e9cialis\u00e9 comme <strong>ImpactUp<\/strong> . Nous mettons \u00e0 votre disposition notre solide expertise, fruit de plus de 15 ans d\u2019exp\u00e9rience, et vous aidons \u00e0 trouver le candidat id\u00e9al \u00e0 un co\u00fbt ma\u00eetris\u00e9.<\/p>\n<h2>Pourquoi faire appel \u00e0 un cabinet d\u2019embauche pour le recrutement d\u2019un commercial export \u00e0 Paris ?<\/h2>\n<p>Des co\u00fbts ma\u00eetris\u00e9s, un pr\u00e9cieux gain de temps, des erreurs de casting \u00e9vit\u00e9es\u2026 Ce sont autant de raisons qui ont conduit les responsables des ressources humaines \u00e0 s\u2019adresser \u00e0 un prestataire externe.<\/p>\n<p>Concr\u00e8tement, en recourant aux services d\u2019un <strong>cabinet sp\u00e9cialis\u00e9 pour le recrutement<\/strong> de votre futur <strong>commercial export<\/strong> , vous aurez plus de chances d\u2019acc\u00e9der aux meilleurs profils sur le march\u00e9. Les personnes qui recherchent activement de nouveaux postes sont plus susceptibles de s\u2019inscrire aupr\u00e8s d\u2019une agence comme <a href=\"https:\/\/impactup.com\/\"><strong>ImpactUp<\/strong><\/a> .<\/p>\n<p>En outre, les cabinets de recrutement disposent d\u2019un impressionnant cvth\u00e8que r\u00e9guli\u00e8rement mis \u00e0 jour et tri\u00e9 sur le volet. Vous aurez ainsi la certitude que le poste sera pourvu dans les plus brefs d\u00e9lais.<\/p>\n<p>Par ailleurs, les entreprises recourent aux services d\u2019une agence sp\u00e9cialis\u00e9e pour des raisons financi\u00e8res. Dans le cas d\u2019un processus d\u2019embauche classique, le recruteur devra s\u2019occuper lui-m\u00eame des diff\u00e9rentes op\u00e9rations administratives, comme la r\u00e9daction de l\u2019offre d\u2019emploi, la diffusion des annonces, le tri des candidatures ainsi que les entretiens. Non seulement ces t\u00e2ches sont chronophages et fastidieuses, mais en plus elles mobilisent d\u2019importantes ressources humaines. En effet, il faudrait y affecter une personne \u00e0 temps plein, ce qui est parfois contre-productif.<\/p>\n<p>En confiant \u00e0 notre <a href=\"https:\/\/impactup.com\/glossaire\/cabinet-chasse-de-t%c3%aate-beaut%c3%a9-Paris\"><strong>cabinet le recrutement de leur futur commercial export \u00e0 Paris<\/strong><\/a> , les entreprises font le choix de la tranquillit\u00e9 d\u2019esprit. Il n\u2019est pas exag\u00e9r\u00e9 de dire que notre \u00e9quipe est rompue \u00e0 ces missions, \u00e9tant donn\u00e9 que notre agente existe depuis 2005 et que nous avons accompagn\u00e9 des milliers d\u2019entreprises dans leur projet de recrutement. Alors, pourquoi pas vous ?<\/p>\n<p><strong>Pour avoir plus d&#8217;informations :<\/strong><\/p>\n<p><a href=\"https:\/\/impactup.com\/glossaire\/cabinet-de-recrutement-commercial-export-paris\">Cabinet de recrutement commercial export Paris<\/a><br \/>\n<a href=\"https:\/\/impactup.com\/glossaire\/cabinet-de-recrutement-commercial-export-bordeaux\">Cabinet de recrutement commercial export Bordeaux<\/a><br \/>\n<a href=\"https:\/\/impactup.com\/glossaire\/cabinet-de-recrutement-commercial-export-nantes\">Cabinet de recrutement commercial export Nantes<\/a><br \/>\n<a href=\"https:\/\/impactup.com\/glossaire\/cabinet-de-recrutement-commercial-export-toulouse\">Cabinet de recrutement commercial export Toulouse<\/a><br \/>\n<a href=\"https:\/\/impactup.com\/glossaire\/cabinet-de-recrutement-export-paris\">Cabinet de recrutement export Paris<\/a><br \/>\n<a href=\"https:\/\/impactup.com\/glossaire\/cabinet-de-recrutement-marketing-bordeaux\">Cabinet de recrutement marketing Bordeaux<\/a><br \/>\n<a href=\"https:\/\/impactup.com\/glossaire\/cabinet-de-recrutement-business-developer-nantes\/\">Cabinet de recrutement business developer Nantes<\/a><br \/>\n<a href=\"https:\/\/impactup.com\/glossaire\/cabinet-recrutement-commercial-logistique\">Cabinet recrutement commercial logistique<\/a><br \/>\n<a href=\"https:\/\/impactup.com\/glossaire\/cabinet-de-recrutement-directeur-commercial-paris\">Cabinet de recrutement directeur commercial Paris<\/a><br \/>\n<a href=\"https:\/\/impactup.com\/glossaire\/cabinet-de-recrutement-directeur-commercial-bordeaux\">Cabinet de recrutement directeur commercial Bordeaux<\/a><br \/>\n<a href=\"https:\/\/impactup.com\/glossaire\/cabinet-de-recrutement-directeur-commercial-nantes\">Cabinet de recrutement directeur commercial Nantes<\/a><br \/>\n<a href=\"https:\/\/impactup.com\/glossaire\/cabinet-de-recrutement-directeur-commercial-toulouse\">Cabinet de recrutement directeur commercial Toulouse<\/a><br \/>\n<a href=\"https:\/\/impactup.com\/glossaire\/cabinet-de-recrutement-marketing-paris\">Cabinet de recrutement marketing Paris<\/a><br \/>\n<a href=\"https:\/\/impactup.com\/glossaire\/cabinet-de-recrutement-marketing-toulouse\">Cabinet de recrutement marketing Toulouse<\/a><br \/>\n<a href=\"https:\/\/impactup.com\/glossaire\/chasseur-de-tete-commerciaux-grenoble-38\">Chasseur de t\u00eate commerciaux Grenoble 38<\/a><\/p>\n<\/section>\n<p>[\/vc_column_text][\/vc_column][\/vc_row]<\/p>\n<\/div>","protected":false},"excerpt":{"rendered":"<p>[vc_row][vc_column width=&#8221;1\/3&#8243;][vc_btn title=&#8221;Voir notre offre&#8221; color=&#8221;secondarycolor&#8221; align=&#8221;center&#8221; css=&#8221;&#8221; link=&#8221;url:https%3A%2F%2Fimpactup.com%2Frecrutement%2F&#8221;][\/vc_column][vc_column width=&#8221;1\/3&#8243;][vc_btn title=&#8221;Confiez-nous votre projet&#8221; color=&#8221;secondarycolor&#8221; align=&#8221;center&#8221; css=&#8221;&#8221; link=&#8221;url:https%3A%2F%2Fimpactup.com%2Fetude-personnalisee%2F&#8221;][\/vc_column][vc_column width=&#8221;1\/3&#8243;][vc_btn title=&#8221;Contactez-nous&#8221; color=&#8221;secondarycolor&#8221; align=&#8221;center&#8221; css=&#8221;&#8221; link=&#8221;url:https%3A%2F%2Fimpactup.com%2Fcontact%2F&#8221;][\/vc_column][\/vc_row][vc_row css=&#8221;.vc_custom_1717658386032{padding-top: 40px !important;padding-bottom: 20px !important;}&#8221;][vc_column][vc_column_text css=&#8221;&#8221;] Un cabinet pour garantir le succ\u00e8s du recrutement de votre futur commercial export \u00e0 Paris Votre entreprise \u00e0 Paris bat de l\u2019aile et vous voil\u00e0 fin [&hellip;]<\/p>\n","protected":false},"author":4,"featured_media":0,"parent":17218,"menu_order":0,"comment_status":"closed","ping_status":"closed","template":"","meta":{"_monsterinsights_skip_tracking":false,"_monsterinsights_sitenote_active":false,"_monsterinsights_sitenote_note":"","_monsterinsights_sitenote_category":0,"footnotes":""},"class_list":["post-26265","page","type-page","status-publish","hentry"],"yoast_head":"<!-- This site is optimized with the Yoast SEO plugin v27.0 - https:\/\/yoast.com\/product\/yoast-seo-wordpress\/ -->\n<title>ImpactUp - Cabinet de recrutement de commercial export \u00e0 Paris<\/title>\n<meta name=\"description\" content=\"Vous cherchez un cabinet de recrutement de commercial export \u00e0 Paris ? ImpactUp est votre cabinet de recrutement de commercial export \u00e0 Paris.\" \/>\n<meta name=\"robots\" content=\"index, follow, max-snippet:-1, max-image-preview:large, max-video-preview:-1\" \/>\n<link rel=\"canonical\" href=\"https:\/\/impactup.com\/en\/glossaire\/cabinet-de-recrutement-commercial-export-paris\/\" \/>\n<meta property=\"og:locale\" content=\"en_US\" \/>\n<meta property=\"og:type\" content=\"article\" \/>\n<meta property=\"og:title\" content=\"ImpactUp - Cabinet de recrutement de commercial export \u00e0 Paris\" \/>\n<meta property=\"og:description\" content=\"Vous cherchez un cabinet de recrutement de commercial export \u00e0 Paris ? ImpactUp est votre cabinet de recrutement de commercial export \u00e0 Paris.\" \/>\n<meta property=\"og:url\" content=\"https:\/\/impactup.com\/en\/glossaire\/cabinet-de-recrutement-commercial-export-paris\/\" \/>\n<meta property=\"og:site_name\" content=\"ImpactUp\" \/>\n<meta property=\"article:modified_time\" content=\"2024-06-12T14:25:21+00:00\" \/>\n<meta property=\"og:image\" content=\"https:\/\/impactup.com\/wp-content\/uploads\/2021\/01\/og.jpg\" \/>\n\t<meta property=\"og:image:width\" content=\"1067\" \/>\n\t<meta property=\"og:image:height\" content=\"600\" \/>\n\t<meta property=\"og:image:type\" content=\"image\/jpeg\" \/>\n<meta name=\"twitter:card\" content=\"summary_large_image\" \/>\n<meta name=\"twitter:label1\" content=\"Est. reading time\" \/>\n\t<meta name=\"twitter:data1\" content=\"4 minutes\" \/>\n<script type=\"application\/ld+json\" class=\"yoast-schema-graph\">{\"@context\":\"https:\/\/schema.org\",\"@graph\":[{\"@type\":\"WebPage\",\"@id\":\"https:\/\/impactup.com\/en\/glossaire\/cabinet-de-recrutement-commercial-export-paris\/\",\"url\":\"https:\/\/impactup.com\/en\/glossaire\/cabinet-de-recrutement-commercial-export-paris\/\",\"name\":\"ImpactUp - Cabinet de recrutement de commercial export \u00e0 Paris\",\"isPartOf\":{\"@id\":\"https:\/\/impactup.com\/en\/#website\"},\"datePublished\":\"2024-06-10T14:05:57+00:00\",\"dateModified\":\"2024-06-12T14:25:21+00:00\",\"description\":\"Vous cherchez un cabinet de recrutement de commercial export \u00e0 Paris ? ImpactUp est votre cabinet de recrutement de commercial export \u00e0 Paris.\",\"breadcrumb\":{\"@id\":\"https:\/\/impactup.com\/en\/glossaire\/cabinet-de-recrutement-commercial-export-paris\/#breadcrumb\"},\"inLanguage\":\"en-US\",\"potentialAction\":[{\"@type\":\"ReadAction\",\"target\":[\"https:\/\/impactup.com\/en\/glossaire\/cabinet-de-recrutement-commercial-export-paris\/\"]}]},{\"@type\":\"BreadcrumbList\",\"@id\":\"https:\/\/impactup.com\/en\/glossaire\/cabinet-de-recrutement-commercial-export-paris\/#breadcrumb\",\"itemListElement\":[{\"@type\":\"ListItem\",\"position\":1,\"name\":\"Accueil\",\"item\":\"https:\/\/impactup.com\/en\/\"},{\"@type\":\"ListItem\",\"position\":2,\"name\":\"Glossaire\",\"item\":\"https:\/\/impactup.com\/en\/glossaire\/\"},{\"@type\":\"ListItem\",\"position\":3,\"name\":\"Un cabinet pour garantir le succ\u00e8s du recrutement de votre futur commercial export \u00e0 Paris\"}]},{\"@type\":\"WebSite\",\"@id\":\"https:\/\/impactup.com\/en\/#website\",\"url\":\"https:\/\/impactup.com\/en\/\",\"name\":\"ImpactUp\",\"description\":\"Recrutement commerciaux, directions commerciales et fonctions marketing\",\"potentialAction\":[{\"@type\":\"SearchAction\",\"target\":{\"@type\":\"EntryPoint\",\"urlTemplate\":\"https:\/\/impactup.com\/en\/?s={search_term_string}\"},\"query-input\":{\"@type\":\"PropertyValueSpecification\",\"valueRequired\":true,\"valueName\":\"search_term_string\"}}],\"inLanguage\":\"en-US\"}]}<\/script>\n<!-- \/ Yoast SEO plugin. -->","yoast_head_json":{"title":"ImpactUp - Cabinet de recrutement de commercial export \u00e0 Paris","description":"Vous cherchez un cabinet de recrutement de commercial export \u00e0 Paris ? ImpactUp est votre cabinet de recrutement de commercial export \u00e0 Paris.","robots":{"index":"index","follow":"follow","max-snippet":"max-snippet:-1","max-image-preview":"max-image-preview:large","max-video-preview":"max-video-preview:-1"},"canonical":"https:\/\/impactup.com\/en\/glossaire\/cabinet-de-recrutement-commercial-export-paris\/","og_locale":"en_US","og_type":"article","og_title":"ImpactUp - Cabinet de recrutement de commercial export \u00e0 Paris","og_description":"Vous cherchez un cabinet de recrutement de commercial export \u00e0 Paris ? ImpactUp est votre cabinet de recrutement de commercial export \u00e0 Paris.","og_url":"https:\/\/impactup.com\/en\/glossaire\/cabinet-de-recrutement-commercial-export-paris\/","og_site_name":"ImpactUp","article_modified_time":"2024-06-12T14:25:21+00:00","og_image":[{"width":1067,"height":600,"url":"https:\/\/impactup.com\/wp-content\/uploads\/2021\/01\/og.jpg","type":"image\/jpeg"}],"twitter_card":"summary_large_image","twitter_misc":{"Est. reading time":"4 minutes"},"schema":{"@context":"https:\/\/schema.org","@graph":[{"@type":"WebPage","@id":"https:\/\/impactup.com\/en\/glossaire\/cabinet-de-recrutement-commercial-export-paris\/","url":"https:\/\/impactup.com\/en\/glossaire\/cabinet-de-recrutement-commercial-export-paris\/","name":"ImpactUp - Cabinet de recrutement de commercial export \u00e0 Paris","isPartOf":{"@id":"https:\/\/impactup.com\/en\/#website"},"datePublished":"2024-06-10T14:05:57+00:00","dateModified":"2024-06-12T14:25:21+00:00","description":"Vous cherchez un cabinet de recrutement de commercial export \u00e0 Paris ? ImpactUp est votre cabinet de recrutement de commercial export \u00e0 Paris.","breadcrumb":{"@id":"https:\/\/impactup.com\/en\/glossaire\/cabinet-de-recrutement-commercial-export-paris\/#breadcrumb"},"inLanguage":"en-US","potentialAction":[{"@type":"ReadAction","target":["https:\/\/impactup.com\/en\/glossaire\/cabinet-de-recrutement-commercial-export-paris\/"]}]},{"@type":"BreadcrumbList","@id":"https:\/\/impactup.com\/en\/glossaire\/cabinet-de-recrutement-commercial-export-paris\/#breadcrumb","itemListElement":[{"@type":"ListItem","position":1,"name":"Accueil","item":"https:\/\/impactup.com\/en\/"},{"@type":"ListItem","position":2,"name":"Glossaire","item":"https:\/\/impactup.com\/en\/glossaire\/"},{"@type":"ListItem","position":3,"name":"Un cabinet pour garantir le succ\u00e8s du recrutement de votre futur commercial export \u00e0 Paris"}]},{"@type":"WebSite","@id":"https:\/\/impactup.com\/en\/#website","url":"https:\/\/impactup.com\/en\/","name":"ImpactUp","description":"Recrutement commerciaux, directions commerciales et fonctions marketing","potentialAction":[{"@type":"SearchAction","target":{"@type":"EntryPoint","urlTemplate":"https:\/\/impactup.com\/en\/?s={search_term_string}"},"query-input":{"@type":"PropertyValueSpecification","valueRequired":true,"valueName":"search_term_string"}}],"inLanguage":"en-US"}]}},"_links":{"self":[{"href":"https:\/\/impactup.com\/en\/wp-json\/wp\/v2\/pages\/26265","targetHints":{"allow":["GET"]}}],"collection":[{"href":"https:\/\/impactup.com\/en\/wp-json\/wp\/v2\/pages"}],"about":[{"href":"https:\/\/impactup.com\/en\/wp-json\/wp\/v2\/types\/page"}],"author":[{"embeddable":true,"href":"https:\/\/impactup.com\/en\/wp-json\/wp\/v2\/users\/4"}],"replies":[{"embeddable":true,"href":"https:\/\/impactup.com\/en\/wp-json\/wp\/v2\/comments?post=26265"}],"version-history":[{"count":4,"href":"https:\/\/impactup.com\/en\/wp-json\/wp\/v2\/pages\/26265\/revisions"}],"predecessor-version":[{"id":26539,"href":"https:\/\/impactup.com\/en\/wp-json\/wp\/v2\/pages\/26265\/revisions\/26539"}],"up":[{"embeddable":true,"href":"https:\/\/impactup.com\/en\/wp-json\/wp\/v2\/pages\/17218"}],"wp:attachment":[{"href":"https:\/\/impactup.com\/en\/wp-json\/wp\/v2\/media?parent=26265"}],"curies":[{"name":"wp","href":"https:\/\/api.w.org\/{rel}","templated":true}]}}