{"id":26259,"date":"2024-06-10T15:59:06","date_gmt":"2024-06-10T13:59:06","guid":{"rendered":"https:\/\/impactup.niou.dev\/?page_id=26259"},"modified":"2024-06-12T16:26:01","modified_gmt":"2024-06-12T14:26:01","slug":"cabinet-de-recrutement-commercial-export-toulouse","status":"publish","type":"page","link":"https:\/\/impactup.com\/en\/glossaire\/cabinet-de-recrutement-commercial-export-toulouse\/","title":{"rendered":"Profitez des services d\u2019un cabinet de recrutement de commercial export \u00e0 Toulouse"},"content":{"rendered":"<div class=\"wpb-content-wrapper\"><p>[vc_row][vc_column width=&#8221;1\/3&#8243;][vc_btn title=&#8221;Voir notre offre&#8221; color=&#8221;secondarycolor&#8221; align=&#8221;center&#8221; css=&#8221;&#8221; link=&#8221;url:https%3A%2F%2Fimpactup.com%2Frecrutement%2F&#8221;][\/vc_column][vc_column width=&#8221;1\/3&#8243;][vc_btn title=&#8221;Confiez-nous votre projet&#8221; color=&#8221;secondarycolor&#8221; align=&#8221;center&#8221; css=&#8221;&#8221; link=&#8221;url:https%3A%2F%2Fimpactup.com%2Fetude-personnalisee%2F&#8221;][\/vc_column][vc_column width=&#8221;1\/3&#8243;][vc_btn title=&#8221;Contactez-nous&#8221; color=&#8221;secondarycolor&#8221; align=&#8221;center&#8221; css=&#8221;&#8221; link=&#8221;url:https%3A%2F%2Fimpactup.com%2Fcontact%2F&#8221;][\/vc_column][\/vc_row][vc_row css=&#8221;.vc_custom_1717658386032{padding-top: 40px !important;padding-bottom: 20px !important;}&#8221;][vc_column][vc_column_text css=&#8221;&#8221;]<\/p>\n<section style=\"text-align: justify;\">\n<h2>Profitez des services d\u2019un cabinet de recrutement de commercial export \u00e0 Toulouse<\/h2>\n<p>L\u2019embauche d\u2019un <a href=\"https:\/\/impactup.com\/glossaire\/cabinet-de-recrutement-business-developer-toulouse\"><strong>commercial export \u00e0 Toulouse<\/strong><\/a> devient beaucoup plus simple gr\u00e2ce \u00e0 l\u2019accompagnement d\u2019un <a href=\"https:\/\/impactup.com\/glossaire\/cabinet-de-recrutement-business-developer-toulouse\"><strong>cabinet de recrutement<\/strong><\/a> . Ce prestataire prend en charge les diverses proc\u00e9dures administratives et s\u2019engage \u00e0 d\u00e9tecter le candidat id\u00e9al dans les meilleurs d\u00e9lais. <a href=\"https:\/\/impactup.com\/\"><strong>ImpactUp<\/strong><\/a> , cabinet de recrutement de commercial en France, vous aide \u00e0 d\u00e9busquer les meilleurs profils.<\/p>\n<\/section>\n<p>[\/vc_column_text][\/vc_column][\/vc_row][vc_row][vc_column width=&#8221;1\/3&#8243;][vc_btn title=&#8221;Voir notre offre&#8221; color=&#8221;secondarycolor&#8221; align=&#8221;center&#8221; css=&#8221;&#8221; link=&#8221;url:https%3A%2F%2Fimpactup.com%2Frecrutement%2F&#8221;][\/vc_column][vc_column width=&#8221;1\/3&#8243;][vc_btn title=&#8221;Confiez-nous votre projet&#8221; color=&#8221;secondarycolor&#8221; align=&#8221;center&#8221; css=&#8221;&#8221; link=&#8221;url:https%3A%2F%2Fimpactup.com%2Fetude-personnalisee%2F&#8221;][\/vc_column][vc_column width=&#8221;1\/3&#8243;][vc_btn title=&#8221;Contactez-nous&#8221; color=&#8221;secondarycolor&#8221; align=&#8221;center&#8221; css=&#8221;&#8221; link=&#8221;url:https%3A%2F%2Fimpactup.com%2Fcontact%2F&#8221;][\/vc_column][\/vc_row][vc_row css=&#8221;.vc_custom_1717658445522{padding-top: 40px !important;}&#8221;][vc_column][vc_column_text css=&#8221;&#8221;]<\/p>\n<section style=\"text-align: justify;\">\n<h2>Embauche de commercial export \u00e0 Toulouse : b\u00e9n\u00e9ficier de l\u2019expertise d\u2019un cabinet de recrutement<\/h2>\n<p>Recruter des profils commerciaux est loin d\u2019\u00eatre une sin\u00e9cure. C\u2019est une t\u00e2che d\u00e9licate qui n\u00e9cessite le recours \u00e0 un <a href=\"https:\/\/impactup.com\/glossaire\/cabinet-de-recrutement-commercial-toulouse\"><strong>cabinet de recrutement de commercial export \u00e0 Toulouse<\/strong><\/a> . Une agence sp\u00e9cialis\u00e9e dans l\u2019embauche aide les entreprises \u00e0 trouver facilement et rapidement le candidat id\u00e9al. Elle r\u00e9sout la probl\u00e9matique des soci\u00e9t\u00e9s qui souhaitent attirer les meilleurs talents pour les accompagner dans leur d\u00e9veloppement.<\/p>\n<p>Les commerciaux sont essentiels \u00e0 l\u2019atteinte des objectifs de vente d\u2019une entreprise. Pour occuper ce poste, il faut non seulement avoir suivi plusieurs ann\u00e9es d\u2019\u00e9tudes aupr\u00e8s d\u2019une \u00e9cole de commerce, mais aussi disposer de comp\u00e9tences transversales ainsi que d\u2019autres qualit\u00e9s, comme l\u2019intelligence relationnelle, l\u2019enthousiasme ou l\u2019int\u00e9grit\u00e9. Ces derni\u00e8res ne s\u2019apprennent pas en cours, mais s\u2019acqui\u00e8rent notamment lors des stages ainsi qu\u2019\u00e0 travers la pratique sur terrain.<\/p>\n<p>Pour les entreprises, les commerciaux doivent \u00eatre performants et qualifi\u00e9s pour renforcer leur image aupr\u00e8s des clients et des partenaires. Passer par une agence de recrutement permet aux soci\u00e9t\u00e9s de s\u00e9lectionner les bons candidats. Cette solution simplifie la recherche des profils id\u00e9als, car les missions d\u2019un commercial peuvent s\u2019\u00e9tendre \u00e0 l\u2019\u00e9laboration d\u2019une strat\u00e9gie de vente pour fid\u00e9liser les prospects. L\u2019objectif est d\u2019entretenir une relation durable avec la client\u00e8le.<\/p>\n<h2>Cabinet de recrutement : un accompagnement expert<\/h2>\n<p>Le recrutement de commerciaux doit \u00eatre fait de mani\u00e8re consciencieuse. Il n\u2019est pas question d\u2019embaucher \u00e0 la h\u00e2te afin d\u2019\u00e9viter de faire des erreurs. S\u2019adresser \u00e0 un <a href=\"https:\/\/impactup.com\/glossaire\/cabinet-de-recrutement-directeur-commercial-toulouse\"><strong>cabinet de recrutement de commercial export \u00e0 Toulouse<\/strong><\/a> est n\u00e9cessaire pour les soci\u00e9t\u00e9s qui ont besoin de candidats qualifi\u00e9s et disposant d\u2019un excellent savoir-faire. Les bons profils auront un impact positif sur les r\u00e9sultats commerciaux de l\u2019entreprise, alors que recruter la mauvaise personne aura des cons\u00e9quences financi\u00e8res d\u00e9sastreuses, \u00e9tant donn\u00e9 qu\u2019un recrutement rat\u00e9 co\u00fbte toujours tr\u00e8s cher.<\/p>\n<p>\u00c0 ce titre, un cabinet chasseur de t\u00eates constitue un pr\u00e9cieux alli\u00e9 pour d\u00e9busquer la perle rare et pr\u00e9venir ainsi les co\u00fbteuses \u00ab erreurs de casting \u00bb. Ce sp\u00e9cialiste du recrutement dispose des comp\u00e9tences indispensables \u00e0 l\u2019embauche des profils correspondant au secteur d\u2019activit\u00e9 du recruteur.<\/p>\n<p>Par ailleurs, ce prestataire ma\u00eetrise tous les outils indispensables pour mener \u00e0 bien une mission d\u2019embauche. En un mot, le recrutement est remis entre les mains d\u2019expert.<\/p>\n<p>L\u2019externalisation du processus de recrutement offre donc \u00e0 l\u2019entreprise un pr\u00e9cieux gain de temps, puisque le cabinet se charge de toutes les formalit\u00e9s administratives (\u00e9laboration du profil de poste, r\u00e9daction de l\u2019offre d\u2019emploi, diffusion des annonces, tri des candidatures, entretien, accompagnement du candidat nouvellement embauch\u00e9\u2026).<\/p>\n<p>Enfin, une agence de recrutement peut accompagner les entreprises dans la mise en place d\u2019une strat\u00e9gie commerciale. Ses missions s\u2019\u00e9tendent aussi au coaching des \u00e9quipes.<\/p>\n<\/section>\n<p>[\/vc_column_text][\/vc_column][\/vc_row]<\/p>\n<\/div>","protected":false},"excerpt":{"rendered":"<p>[vc_row][vc_column width=&#8221;1\/3&#8243;][vc_btn title=&#8221;Voir notre offre&#8221; color=&#8221;secondarycolor&#8221; align=&#8221;center&#8221; css=&#8221;&#8221; link=&#8221;url:https%3A%2F%2Fimpactup.com%2Frecrutement%2F&#8221;][\/vc_column][vc_column width=&#8221;1\/3&#8243;][vc_btn title=&#8221;Confiez-nous votre projet&#8221; color=&#8221;secondarycolor&#8221; align=&#8221;center&#8221; css=&#8221;&#8221; link=&#8221;url:https%3A%2F%2Fimpactup.com%2Fetude-personnalisee%2F&#8221;][\/vc_column][vc_column width=&#8221;1\/3&#8243;][vc_btn title=&#8221;Contactez-nous&#8221; color=&#8221;secondarycolor&#8221; align=&#8221;center&#8221; css=&#8221;&#8221; link=&#8221;url:https%3A%2F%2Fimpactup.com%2Fcontact%2F&#8221;][\/vc_column][\/vc_row][vc_row css=&#8221;.vc_custom_1717658386032{padding-top: 40px !important;padding-bottom: 20px !important;}&#8221;][vc_column][vc_column_text css=&#8221;&#8221;] Profitez des services d\u2019un cabinet de recrutement de commercial export \u00e0 Toulouse L\u2019embauche d\u2019un commercial export \u00e0 Toulouse devient beaucoup plus simple gr\u00e2ce \u00e0 l\u2019accompagnement d\u2019un [&hellip;]<\/p>\n","protected":false},"author":4,"featured_media":0,"parent":17218,"menu_order":0,"comment_status":"closed","ping_status":"closed","template":"","meta":{"_monsterinsights_skip_tracking":false,"_monsterinsights_sitenote_active":false,"_monsterinsights_sitenote_note":"","_monsterinsights_sitenote_category":0,"footnotes":""},"class_list":["post-26259","page","type-page","status-publish","hentry"],"yoast_head":"<!-- This site is optimized with the Yoast SEO plugin v27.0 - https:\/\/yoast.com\/product\/yoast-seo-wordpress\/ -->\n<title>ImpactUp, cabinet de recrutement de commercial export \u00e0 Toulouse<\/title>\n<meta name=\"description\" content=\"Un cabinet de recrutement de commercial export \u00e0 Toulouse vous aide \u00e0 trouver rapidement les bons profils. ImpactUp, un cabinet de recrutement de commercial export \u00e0 Toulouse.\" \/>\n<meta name=\"robots\" content=\"index, follow, max-snippet:-1, max-image-preview:large, max-video-preview:-1\" \/>\n<link rel=\"canonical\" href=\"https:\/\/impactup.com\/en\/glossaire\/cabinet-de-recrutement-commercial-export-toulouse\/\" \/>\n<meta property=\"og:locale\" content=\"en_US\" \/>\n<meta property=\"og:type\" content=\"article\" \/>\n<meta property=\"og:title\" content=\"ImpactUp, cabinet de recrutement de commercial export \u00e0 Toulouse\" \/>\n<meta property=\"og:description\" content=\"Un cabinet de recrutement de commercial export \u00e0 Toulouse vous aide \u00e0 trouver rapidement les bons profils. ImpactUp, un cabinet de recrutement de commercial export \u00e0 Toulouse.\" \/>\n<meta property=\"og:url\" content=\"https:\/\/impactup.com\/en\/glossaire\/cabinet-de-recrutement-commercial-export-toulouse\/\" \/>\n<meta property=\"og:site_name\" content=\"ImpactUp\" \/>\n<meta property=\"article:modified_time\" content=\"2024-06-12T14:26:01+00:00\" \/>\n<meta property=\"og:image\" content=\"https:\/\/impactup.com\/wp-content\/uploads\/2021\/01\/og.jpg\" \/>\n\t<meta property=\"og:image:width\" content=\"1067\" \/>\n\t<meta property=\"og:image:height\" content=\"600\" \/>\n\t<meta property=\"og:image:type\" content=\"image\/jpeg\" \/>\n<meta name=\"twitter:card\" content=\"summary_large_image\" \/>\n<meta name=\"twitter:label1\" content=\"Est. reading time\" \/>\n\t<meta name=\"twitter:data1\" content=\"3 minutes\" \/>\n<script type=\"application\/ld+json\" class=\"yoast-schema-graph\">{\"@context\":\"https:\/\/schema.org\",\"@graph\":[{\"@type\":\"WebPage\",\"@id\":\"https:\/\/impactup.com\/en\/glossaire\/cabinet-de-recrutement-commercial-export-toulouse\/\",\"url\":\"https:\/\/impactup.com\/en\/glossaire\/cabinet-de-recrutement-commercial-export-toulouse\/\",\"name\":\"ImpactUp, cabinet de recrutement de commercial export \u00e0 Toulouse\",\"isPartOf\":{\"@id\":\"https:\/\/impactup.com\/en\/#website\"},\"datePublished\":\"2024-06-10T13:59:06+00:00\",\"dateModified\":\"2024-06-12T14:26:01+00:00\",\"description\":\"Un cabinet de recrutement de commercial export \u00e0 Toulouse vous aide \u00e0 trouver rapidement les bons profils. ImpactUp, un cabinet de recrutement de commercial export \u00e0 Toulouse.\",\"breadcrumb\":{\"@id\":\"https:\/\/impactup.com\/en\/glossaire\/cabinet-de-recrutement-commercial-export-toulouse\/#breadcrumb\"},\"inLanguage\":\"en-US\",\"potentialAction\":[{\"@type\":\"ReadAction\",\"target\":[\"https:\/\/impactup.com\/en\/glossaire\/cabinet-de-recrutement-commercial-export-toulouse\/\"]}]},{\"@type\":\"BreadcrumbList\",\"@id\":\"https:\/\/impactup.com\/en\/glossaire\/cabinet-de-recrutement-commercial-export-toulouse\/#breadcrumb\",\"itemListElement\":[{\"@type\":\"ListItem\",\"position\":1,\"name\":\"Accueil\",\"item\":\"https:\/\/impactup.com\/en\/\"},{\"@type\":\"ListItem\",\"position\":2,\"name\":\"Glossaire\",\"item\":\"https:\/\/impactup.com\/en\/glossaire\/\"},{\"@type\":\"ListItem\",\"position\":3,\"name\":\"Profitez des services d\u2019un cabinet de recrutement de commercial export \u00e0 Toulouse\"}]},{\"@type\":\"WebSite\",\"@id\":\"https:\/\/impactup.com\/en\/#website\",\"url\":\"https:\/\/impactup.com\/en\/\",\"name\":\"ImpactUp\",\"description\":\"Recrutement commerciaux, directions commerciales et fonctions marketing\",\"potentialAction\":[{\"@type\":\"SearchAction\",\"target\":{\"@type\":\"EntryPoint\",\"urlTemplate\":\"https:\/\/impactup.com\/en\/?s={search_term_string}\"},\"query-input\":{\"@type\":\"PropertyValueSpecification\",\"valueRequired\":true,\"valueName\":\"search_term_string\"}}],\"inLanguage\":\"en-US\"}]}<\/script>\n<!-- \/ Yoast SEO plugin. -->","yoast_head_json":{"title":"ImpactUp, cabinet de recrutement de commercial export \u00e0 Toulouse","description":"Un cabinet de recrutement de commercial export \u00e0 Toulouse vous aide \u00e0 trouver rapidement les bons profils. ImpactUp, un cabinet de recrutement de commercial export \u00e0 Toulouse.","robots":{"index":"index","follow":"follow","max-snippet":"max-snippet:-1","max-image-preview":"max-image-preview:large","max-video-preview":"max-video-preview:-1"},"canonical":"https:\/\/impactup.com\/en\/glossaire\/cabinet-de-recrutement-commercial-export-toulouse\/","og_locale":"en_US","og_type":"article","og_title":"ImpactUp, cabinet de recrutement de commercial export \u00e0 Toulouse","og_description":"Un cabinet de recrutement de commercial export \u00e0 Toulouse vous aide \u00e0 trouver rapidement les bons profils. ImpactUp, un cabinet de recrutement de commercial export \u00e0 Toulouse.","og_url":"https:\/\/impactup.com\/en\/glossaire\/cabinet-de-recrutement-commercial-export-toulouse\/","og_site_name":"ImpactUp","article_modified_time":"2024-06-12T14:26:01+00:00","og_image":[{"width":1067,"height":600,"url":"https:\/\/impactup.com\/wp-content\/uploads\/2021\/01\/og.jpg","type":"image\/jpeg"}],"twitter_card":"summary_large_image","twitter_misc":{"Est. reading time":"3 minutes"},"schema":{"@context":"https:\/\/schema.org","@graph":[{"@type":"WebPage","@id":"https:\/\/impactup.com\/en\/glossaire\/cabinet-de-recrutement-commercial-export-toulouse\/","url":"https:\/\/impactup.com\/en\/glossaire\/cabinet-de-recrutement-commercial-export-toulouse\/","name":"ImpactUp, cabinet de recrutement de commercial export \u00e0 Toulouse","isPartOf":{"@id":"https:\/\/impactup.com\/en\/#website"},"datePublished":"2024-06-10T13:59:06+00:00","dateModified":"2024-06-12T14:26:01+00:00","description":"Un cabinet de recrutement de commercial export \u00e0 Toulouse vous aide \u00e0 trouver rapidement les bons profils. ImpactUp, un cabinet de recrutement de commercial export \u00e0 Toulouse.","breadcrumb":{"@id":"https:\/\/impactup.com\/en\/glossaire\/cabinet-de-recrutement-commercial-export-toulouse\/#breadcrumb"},"inLanguage":"en-US","potentialAction":[{"@type":"ReadAction","target":["https:\/\/impactup.com\/en\/glossaire\/cabinet-de-recrutement-commercial-export-toulouse\/"]}]},{"@type":"BreadcrumbList","@id":"https:\/\/impactup.com\/en\/glossaire\/cabinet-de-recrutement-commercial-export-toulouse\/#breadcrumb","itemListElement":[{"@type":"ListItem","position":1,"name":"Accueil","item":"https:\/\/impactup.com\/en\/"},{"@type":"ListItem","position":2,"name":"Glossaire","item":"https:\/\/impactup.com\/en\/glossaire\/"},{"@type":"ListItem","position":3,"name":"Profitez des services d\u2019un cabinet de recrutement de commercial export \u00e0 Toulouse"}]},{"@type":"WebSite","@id":"https:\/\/impactup.com\/en\/#website","url":"https:\/\/impactup.com\/en\/","name":"ImpactUp","description":"Recrutement commerciaux, directions commerciales et fonctions marketing","potentialAction":[{"@type":"SearchAction","target":{"@type":"EntryPoint","urlTemplate":"https:\/\/impactup.com\/en\/?s={search_term_string}"},"query-input":{"@type":"PropertyValueSpecification","valueRequired":true,"valueName":"search_term_string"}}],"inLanguage":"en-US"}]}},"_links":{"self":[{"href":"https:\/\/impactup.com\/en\/wp-json\/wp\/v2\/pages\/26259","targetHints":{"allow":["GET"]}}],"collection":[{"href":"https:\/\/impactup.com\/en\/wp-json\/wp\/v2\/pages"}],"about":[{"href":"https:\/\/impactup.com\/en\/wp-json\/wp\/v2\/types\/page"}],"author":[{"embeddable":true,"href":"https:\/\/impactup.com\/en\/wp-json\/wp\/v2\/users\/4"}],"replies":[{"embeddable":true,"href":"https:\/\/impactup.com\/en\/wp-json\/wp\/v2\/comments?post=26259"}],"version-history":[{"count":5,"href":"https:\/\/impactup.com\/en\/wp-json\/wp\/v2\/pages\/26259\/revisions"}],"predecessor-version":[{"id":26540,"href":"https:\/\/impactup.com\/en\/wp-json\/wp\/v2\/pages\/26259\/revisions\/26540"}],"up":[{"embeddable":true,"href":"https:\/\/impactup.com\/en\/wp-json\/wp\/v2\/pages\/17218"}],"wp:attachment":[{"href":"https:\/\/impactup.com\/en\/wp-json\/wp\/v2\/media?parent=26259"}],"curies":[{"name":"wp","href":"https:\/\/api.w.org\/{rel}","templated":true}]}}