{"id":26250,"date":"2024-06-10T15:52:14","date_gmt":"2024-06-10T13:52:14","guid":{"rendered":"https:\/\/impactup.niou.dev\/?page_id=26250"},"modified":"2024-06-11T16:23:42","modified_gmt":"2024-06-11T14:23:42","slug":"cabinet-de-recrutement-cadre-commercial-lyon-69","status":"publish","type":"page","link":"https:\/\/impactup.com\/en\/glossaire\/cabinet-de-recrutement-cadre-commercial-lyon-69\/","title":{"rendered":"Trouver le meilleur profil de cadre commercial avec le cabinet de recrutement ImpactUp dans le 69"},"content":{"rendered":"<div class=\"wpb-content-wrapper\"><p>[vc_row][vc_column width=&#8221;1\/3&#8243;][vc_btn title=&#8221;Voir notre offre&#8221; color=&#8221;secondarycolor&#8221; align=&#8221;center&#8221; css=&#8221;&#8221; link=&#8221;url:https%3A%2F%2Fimpactup.com%2Frecrutement%2F&#8221;][\/vc_column][vc_column width=&#8221;1\/3&#8243;][vc_btn title=&#8221;Confiez-nous votre projet&#8221; color=&#8221;secondarycolor&#8221; align=&#8221;center&#8221; css=&#8221;&#8221; link=&#8221;url:https%3A%2F%2Fimpactup.com%2Fetude-personnalisee%2F&#8221;][\/vc_column][vc_column width=&#8221;1\/3&#8243;][vc_btn title=&#8221;Contactez-nous&#8221; color=&#8221;secondarycolor&#8221; align=&#8221;center&#8221; css=&#8221;&#8221; link=&#8221;url:https%3A%2F%2Fimpactup.com%2Fcontact%2F&#8221;][\/vc_column][\/vc_row][vc_row css=&#8221;.vc_custom_1717658386032{padding-top: 40px !important;padding-bottom: 20px !important;}&#8221;][vc_column][vc_column_text css=&#8221;&#8221;]<\/p>\n<section style=\"text-align: justify;\">\n<h2>Trouver le meilleur profil de cadre commercial avec le cabinet de recrutement ImpactUp dans le 69<\/h2>\n<p>Pourquoi solliciter les services d\u2019un<a href=\"https:\/\/impactup.com\/glossaire\/cabinet-de-recrutement-commercial-lyon-69\/\"><strong> cabinet de recrutement de cadre commercial \u00e0<\/strong><\/a> <strong><a href=\"https:\/\/impactup.com\/glossaire\/cabinet-de-recrutement-commercial-lyon-69\/\">Lyon<\/a> <\/strong>? La raison est simple. Il s\u2019agit d\u2019un poste strat\u00e9gique au sein d\u2019une entreprise alors que les bons profils se font de plus en plus rares. Ce professionnel est en charge d\u2019optimiser la force de vente et mettre en place la bonne strat\u00e9gie pour atteindre les chiffres de vente vis\u00e9s. Ainsi, un processus d\u2019embauche d\u00e9faillant peut engendrer une perte directe dans les chiffres d\u2019affaires. Si vous \u00eates \u00e0 la recherche d\u2019une agence fiable, faites confiance \u00e0 <a href=\"https:\/\/impactup.com\"><strong>ImpactUp<\/strong><\/a>. Nous sommes sp\u00e9cialis\u00e9s dans les fonctions commerciales et marketing.<\/p>\n<\/section>\n<p>[\/vc_column_text][\/vc_column][\/vc_row][vc_row][vc_column width=&#8221;1\/3&#8243;][vc_btn title=&#8221;Voir notre offre&#8221; color=&#8221;secondarycolor&#8221; align=&#8221;center&#8221; css=&#8221;&#8221; link=&#8221;url:https%3A%2F%2Fimpactup.com%2Frecrutement%2F&#8221;][\/vc_column][vc_column width=&#8221;1\/3&#8243;][vc_btn title=&#8221;Confiez-nous votre projet&#8221; color=&#8221;secondarycolor&#8221; align=&#8221;center&#8221; css=&#8221;&#8221; link=&#8221;url:https%3A%2F%2Fimpactup.com%2Fetude-personnalisee%2F&#8221;][\/vc_column][vc_column width=&#8221;1\/3&#8243;][vc_btn title=&#8221;Contactez-nous&#8221; color=&#8221;secondarycolor&#8221; align=&#8221;center&#8221; css=&#8221;&#8221; link=&#8221;url:https%3A%2F%2Fimpactup.com%2Fcontact%2F&#8221;][\/vc_column][\/vc_row][vc_row css=&#8221;.vc_custom_1717658445522{padding-top: 40px !important;}&#8221;][vc_column][vc_column_text css=&#8221;&#8221;]<\/p>\n<section style=\"text-align: justify;\">\n<h2><strong>De bonnes raisons de confier le recrutement d\u2019un cadre commercial \u00e0 un sp\u00e9cialiste <\/strong><\/h2>\n<p>Il n\u2019est pas toujours \u00e9vident de prendre en main le recrutement de commerciaux surtout lorsqu\u2019il s\u2019agit d\u2019un cadre qui occupe un poste cl\u00e9. Il faudra, en effet, d\u00e9finir ce que vous attendez de votre futur collaborateur (objectifs et p\u00e9rim\u00e8tre du poste, profil du candidat id\u00e9al, qualit\u00e9s humaines requises).<\/p>\n<p>Il est tout aussi important de trouver les bonnes techniques pour attirer les bonnes cibles. Cela peut passer par la r\u00e9daction d\u2019une offre d\u2019emploi pertinente, la diffusion des annonces sur les bons sites, etc. Votre service RH doit aussi proc\u00e9der au tri des candidatures potentielles via des entretiens, etc. Bref, il s\u2019agit d\u2019une t\u00e2che complexe et chronophage qui peut emp\u00eacher vos collaborateurs de se concentrer sur le c\u0153ur de leur m\u00e9tier.<\/p>\n<p>Pour pallier les difficult\u00e9s li\u00e9es au recrutement, le plus judicieux est de se faire accompagner par un <a href=\"https:\/\/impactup.com\/glossaire\/recrutement-commerciaux-lyon-69\/\"><strong>cabinet de recrutement de cadre commercial dans le <\/strong><\/a><strong>69. <\/strong>Cette option vous permet de gagner du temps en plus d\u2019avoir une garantie sur les qualifications des candidats gr\u00e2ce \u00e0 l\u2019expertise d\u2019un consultant sp\u00e9cialis\u00e9. De m\u00eame, vous rationalisez les co\u00fbts li\u00e9s au processus de recrutement.<\/p>\n<p>Une agence sp\u00e9cialis\u00e9e est en possession d\u2019une base de donn\u00e9es de candidats dont les comp\u00e9tences et l\u2019exp\u00e9rience ont \u00e9t\u00e9 \u00e9tudi\u00e9es en amont. Sa compr\u00e9hension des m\u00e9tiers ainsi que sa m\u00e9thodologie personnalis\u00e9e et \u00e9prouv\u00e9e acc\u00e9l\u00e8rent l\u2019aboutissement du projet.<\/p>\n<h2><strong>Comment travaille ImpactUp pour le recrutement de cadre commercial dans le 69 ?<\/strong><\/h2>\n<p>Pour trouver un <a href=\"https:\/\/impactup.com\/glossaire\/cabinet-de-developpement-commercial-lyon-69\/\"><strong>cadre commercial<\/strong>, <strong>notre cabinet de recrutement \u00e0<\/strong> <strong>Lyon <\/strong><\/a>s\u2019occupe d\u2019une partie ou de l\u2019int\u00e9gralit\u00e9 de la d\u00e9marche de recrutement. Nous choisissons minutieusement les candidats en suivant une m\u00e9thodologie rigoureuse combinant des actions de chasse de t\u00eate et de recrutement par annonces.<\/p>\n<p>Chaque projet que nous prenons en main est soumis \u00e0 une proc\u00e9dure subdivis\u00e9e en plusieurs \u00e9tapes :<\/p>\n<ul>\n<li>D\u00e9finir les besoins du poste (missions, profil, personnalit\u00e9, formation, exp\u00e9rience, etc.) ;<\/li>\n<li>R\u00e9diger l\u2019offre d\u2019emploi et la description du poste ;<\/li>\n<li>Rechercher le bon profil en publiant l\u2019offre sur notre site, en diffusant les annonces sur les canaux pr\u00e9f\u00e9r\u00e9s du client et d\u00e9ployer une strat\u00e9gie de chasse de t\u00eate ;<\/li>\n<li>\u00c9tudier les CV et r\u00e9aliser une pr\u00e9-s\u00e9lection des meilleurs profils ;<\/li>\n<li>Proc\u00e9der \u00e0 la s\u00e9lection des candidats via les entretiens, les tests et les prises de r\u00e9f\u00e9rence ;<\/li>\n<li>Pr\u00e9senter les candidats retenus au client et r\u00e9aliser des recommandations ;<\/li>\n<li>Faire un suivi d\u2019int\u00e9gration du candidat jusqu\u2019\u00e0 son embauche d\u00e9finitive.<\/li>\n<\/ul>\n<\/section>\n<p>[\/vc_column_text][\/vc_column][\/vc_row]<\/p>\n<\/div>","protected":false},"excerpt":{"rendered":"<p>[vc_row][vc_column width=&#8221;1\/3&#8243;][vc_btn title=&#8221;Voir notre offre&#8221; color=&#8221;secondarycolor&#8221; align=&#8221;center&#8221; css=&#8221;&#8221; link=&#8221;url:https%3A%2F%2Fimpactup.com%2Frecrutement%2F&#8221;][\/vc_column][vc_column width=&#8221;1\/3&#8243;][vc_btn title=&#8221;Confiez-nous votre projet&#8221; color=&#8221;secondarycolor&#8221; align=&#8221;center&#8221; css=&#8221;&#8221; link=&#8221;url:https%3A%2F%2Fimpactup.com%2Fetude-personnalisee%2F&#8221;][\/vc_column][vc_column width=&#8221;1\/3&#8243;][vc_btn title=&#8221;Contactez-nous&#8221; color=&#8221;secondarycolor&#8221; align=&#8221;center&#8221; css=&#8221;&#8221; link=&#8221;url:https%3A%2F%2Fimpactup.com%2Fcontact%2F&#8221;][\/vc_column][\/vc_row][vc_row css=&#8221;.vc_custom_1717658386032{padding-top: 40px !important;padding-bottom: 20px !important;}&#8221;][vc_column][vc_column_text css=&#8221;&#8221;] Trouver le meilleur profil de cadre commercial avec le cabinet de recrutement ImpactUp dans le 69 Pourquoi solliciter les services d\u2019un cabinet de recrutement de cadre [&hellip;]<\/p>\n","protected":false},"author":4,"featured_media":0,"parent":17218,"menu_order":0,"comment_status":"closed","ping_status":"closed","template":"","meta":{"_monsterinsights_skip_tracking":false,"_monsterinsights_sitenote_active":false,"_monsterinsights_sitenote_note":"","_monsterinsights_sitenote_category":0,"footnotes":""},"class_list":["post-26250","page","type-page","status-publish","hentry"],"yoast_head":"<!-- This site is optimized with the Yoast SEO plugin v27.0 - https:\/\/yoast.com\/product\/yoast-seo-wordpress\/ -->\n<title>Embaucher un cadre commercial avec l\u2019aide d\u2019un cabinet de recrutement dans le 69<\/title>\n<meta name=\"description\" content=\"Embaucher un cadre commercial qualifi\u00e9 avec l\u2019aide d\u2019un cabinet de recrutement \u00e0 Lyon. ImpactUp, cabinet de recrutement dans le 69, pour trouver un cadre commercial comp\u00e9tent.\" \/>\n<meta name=\"robots\" content=\"index, follow, max-snippet:-1, max-image-preview:large, max-video-preview:-1\" \/>\n<link rel=\"canonical\" href=\"https:\/\/impactup.com\/en\/glossaire\/cabinet-de-recrutement-cadre-commercial-lyon-69\/\" \/>\n<meta property=\"og:locale\" content=\"en_US\" \/>\n<meta property=\"og:type\" content=\"article\" \/>\n<meta property=\"og:title\" content=\"Embaucher un cadre commercial avec l\u2019aide d\u2019un cabinet de recrutement dans le 69\" \/>\n<meta property=\"og:description\" content=\"Embaucher un cadre commercial qualifi\u00e9 avec l\u2019aide d\u2019un cabinet de recrutement \u00e0 Lyon. ImpactUp, cabinet de recrutement dans le 69, pour trouver un cadre commercial comp\u00e9tent.\" \/>\n<meta property=\"og:url\" content=\"https:\/\/impactup.com\/en\/glossaire\/cabinet-de-recrutement-cadre-commercial-lyon-69\/\" \/>\n<meta property=\"og:site_name\" content=\"ImpactUp\" \/>\n<meta property=\"article:modified_time\" content=\"2024-06-11T14:23:42+00:00\" \/>\n<meta property=\"og:image\" content=\"https:\/\/impactup.com\/wp-content\/uploads\/2021\/01\/og.jpg\" \/>\n\t<meta property=\"og:image:width\" content=\"1067\" \/>\n\t<meta property=\"og:image:height\" content=\"600\" \/>\n\t<meta property=\"og:image:type\" content=\"image\/jpeg\" \/>\n<meta name=\"twitter:card\" content=\"summary_large_image\" \/>\n<meta name=\"twitter:label1\" content=\"Est. reading time\" \/>\n\t<meta name=\"twitter:data1\" content=\"3 minutes\" \/>\n<script type=\"application\/ld+json\" class=\"yoast-schema-graph\">{\"@context\":\"https:\/\/schema.org\",\"@graph\":[{\"@type\":\"WebPage\",\"@id\":\"https:\/\/impactup.com\/en\/glossaire\/cabinet-de-recrutement-cadre-commercial-lyon-69\/\",\"url\":\"https:\/\/impactup.com\/en\/glossaire\/cabinet-de-recrutement-cadre-commercial-lyon-69\/\",\"name\":\"Embaucher un cadre commercial avec l\u2019aide d\u2019un cabinet de recrutement dans le 69\",\"isPartOf\":{\"@id\":\"https:\/\/impactup.com\/en\/#website\"},\"datePublished\":\"2024-06-10T13:52:14+00:00\",\"dateModified\":\"2024-06-11T14:23:42+00:00\",\"description\":\"Embaucher un cadre commercial qualifi\u00e9 avec l\u2019aide d\u2019un cabinet de recrutement \u00e0 Lyon. ImpactUp, cabinet de recrutement dans le 69, pour trouver un cadre commercial comp\u00e9tent.\",\"breadcrumb\":{\"@id\":\"https:\/\/impactup.com\/en\/glossaire\/cabinet-de-recrutement-cadre-commercial-lyon-69\/#breadcrumb\"},\"inLanguage\":\"en-US\",\"potentialAction\":[{\"@type\":\"ReadAction\",\"target\":[\"https:\/\/impactup.com\/en\/glossaire\/cabinet-de-recrutement-cadre-commercial-lyon-69\/\"]}]},{\"@type\":\"BreadcrumbList\",\"@id\":\"https:\/\/impactup.com\/en\/glossaire\/cabinet-de-recrutement-cadre-commercial-lyon-69\/#breadcrumb\",\"itemListElement\":[{\"@type\":\"ListItem\",\"position\":1,\"name\":\"Accueil\",\"item\":\"https:\/\/impactup.com\/en\/\"},{\"@type\":\"ListItem\",\"position\":2,\"name\":\"Glossaire\",\"item\":\"https:\/\/impactup.com\/en\/glossaire\/\"},{\"@type\":\"ListItem\",\"position\":3,\"name\":\"Trouver le meilleur profil de cadre commercial avec le cabinet de recrutement ImpactUp dans le 69\"}]},{\"@type\":\"WebSite\",\"@id\":\"https:\/\/impactup.com\/en\/#website\",\"url\":\"https:\/\/impactup.com\/en\/\",\"name\":\"ImpactUp\",\"description\":\"Recrutement commerciaux, directions commerciales et fonctions marketing\",\"potentialAction\":[{\"@type\":\"SearchAction\",\"target\":{\"@type\":\"EntryPoint\",\"urlTemplate\":\"https:\/\/impactup.com\/en\/?s={search_term_string}\"},\"query-input\":{\"@type\":\"PropertyValueSpecification\",\"valueRequired\":true,\"valueName\":\"search_term_string\"}}],\"inLanguage\":\"en-US\"}]}<\/script>\n<!-- \/ Yoast SEO plugin. -->","yoast_head_json":{"title":"Embaucher un cadre commercial avec l\u2019aide d\u2019un cabinet de recrutement dans le 69","description":"Embaucher un cadre commercial qualifi\u00e9 avec l\u2019aide d\u2019un cabinet de recrutement \u00e0 Lyon. ImpactUp, cabinet de recrutement dans le 69, pour trouver un cadre commercial comp\u00e9tent.","robots":{"index":"index","follow":"follow","max-snippet":"max-snippet:-1","max-image-preview":"max-image-preview:large","max-video-preview":"max-video-preview:-1"},"canonical":"https:\/\/impactup.com\/en\/glossaire\/cabinet-de-recrutement-cadre-commercial-lyon-69\/","og_locale":"en_US","og_type":"article","og_title":"Embaucher un cadre commercial avec l\u2019aide d\u2019un cabinet de recrutement dans le 69","og_description":"Embaucher un cadre commercial qualifi\u00e9 avec l\u2019aide d\u2019un cabinet de recrutement \u00e0 Lyon. ImpactUp, cabinet de recrutement dans le 69, pour trouver un cadre commercial comp\u00e9tent.","og_url":"https:\/\/impactup.com\/en\/glossaire\/cabinet-de-recrutement-cadre-commercial-lyon-69\/","og_site_name":"ImpactUp","article_modified_time":"2024-06-11T14:23:42+00:00","og_image":[{"width":1067,"height":600,"url":"https:\/\/impactup.com\/wp-content\/uploads\/2021\/01\/og.jpg","type":"image\/jpeg"}],"twitter_card":"summary_large_image","twitter_misc":{"Est. reading time":"3 minutes"},"schema":{"@context":"https:\/\/schema.org","@graph":[{"@type":"WebPage","@id":"https:\/\/impactup.com\/en\/glossaire\/cabinet-de-recrutement-cadre-commercial-lyon-69\/","url":"https:\/\/impactup.com\/en\/glossaire\/cabinet-de-recrutement-cadre-commercial-lyon-69\/","name":"Embaucher un cadre commercial avec l\u2019aide d\u2019un cabinet de recrutement dans le 69","isPartOf":{"@id":"https:\/\/impactup.com\/en\/#website"},"datePublished":"2024-06-10T13:52:14+00:00","dateModified":"2024-06-11T14:23:42+00:00","description":"Embaucher un cadre commercial qualifi\u00e9 avec l\u2019aide d\u2019un cabinet de recrutement \u00e0 Lyon. ImpactUp, cabinet de recrutement dans le 69, pour trouver un cadre commercial comp\u00e9tent.","breadcrumb":{"@id":"https:\/\/impactup.com\/en\/glossaire\/cabinet-de-recrutement-cadre-commercial-lyon-69\/#breadcrumb"},"inLanguage":"en-US","potentialAction":[{"@type":"ReadAction","target":["https:\/\/impactup.com\/en\/glossaire\/cabinet-de-recrutement-cadre-commercial-lyon-69\/"]}]},{"@type":"BreadcrumbList","@id":"https:\/\/impactup.com\/en\/glossaire\/cabinet-de-recrutement-cadre-commercial-lyon-69\/#breadcrumb","itemListElement":[{"@type":"ListItem","position":1,"name":"Accueil","item":"https:\/\/impactup.com\/en\/"},{"@type":"ListItem","position":2,"name":"Glossaire","item":"https:\/\/impactup.com\/en\/glossaire\/"},{"@type":"ListItem","position":3,"name":"Trouver le meilleur profil de cadre commercial avec le cabinet de recrutement ImpactUp dans le 69"}]},{"@type":"WebSite","@id":"https:\/\/impactup.com\/en\/#website","url":"https:\/\/impactup.com\/en\/","name":"ImpactUp","description":"Recrutement commerciaux, directions commerciales et fonctions marketing","potentialAction":[{"@type":"SearchAction","target":{"@type":"EntryPoint","urlTemplate":"https:\/\/impactup.com\/en\/?s={search_term_string}"},"query-input":{"@type":"PropertyValueSpecification","valueRequired":true,"valueName":"search_term_string"}}],"inLanguage":"en-US"}]}},"_links":{"self":[{"href":"https:\/\/impactup.com\/en\/wp-json\/wp\/v2\/pages\/26250","targetHints":{"allow":["GET"]}}],"collection":[{"href":"https:\/\/impactup.com\/en\/wp-json\/wp\/v2\/pages"}],"about":[{"href":"https:\/\/impactup.com\/en\/wp-json\/wp\/v2\/types\/page"}],"author":[{"embeddable":true,"href":"https:\/\/impactup.com\/en\/wp-json\/wp\/v2\/users\/4"}],"replies":[{"embeddable":true,"href":"https:\/\/impactup.com\/en\/wp-json\/wp\/v2\/comments?post=26250"}],"version-history":[{"count":3,"href":"https:\/\/impactup.com\/en\/wp-json\/wp\/v2\/pages\/26250\/revisions"}],"predecessor-version":[{"id":26256,"href":"https:\/\/impactup.com\/en\/wp-json\/wp\/v2\/pages\/26250\/revisions\/26256"}],"up":[{"embeddable":true,"href":"https:\/\/impactup.com\/en\/wp-json\/wp\/v2\/pages\/17218"}],"wp:attachment":[{"href":"https:\/\/impactup.com\/en\/wp-json\/wp\/v2\/media?parent=26250"}],"curies":[{"name":"wp","href":"https:\/\/api.w.org\/{rel}","templated":true}]}}