{"id":26248,"date":"2024-06-10T15:49:32","date_gmt":"2024-06-10T13:49:32","guid":{"rendered":"https:\/\/impactup.niou.dev\/?page_id=26248"},"modified":"2024-06-12T16:28:29","modified_gmt":"2024-06-12T14:28:29","slug":"cabinet-de-recrutement-cosmetique-paris","status":"publish","type":"page","link":"https:\/\/impactup.com\/en\/glossaire\/cabinet-de-recrutement-cosmetique-paris\/","title":{"rendered":"Embaucher des commerciaux en cosm\u00e9tique \u00e0 Paris : faites confiance au cabinet de recrutement ImpactUp"},"content":{"rendered":"<div class=\"wpb-content-wrapper\"><p>[vc_row][vc_column width=&#8221;1\/3&#8243;][vc_btn title=&#8221;Voir notre offre&#8221; color=&#8221;secondarycolor&#8221; align=&#8221;center&#8221; css=&#8221;&#8221; link=&#8221;url:https%3A%2F%2Fimpactup.com%2Frecrutement%2F&#8221;][\/vc_column][vc_column width=&#8221;1\/3&#8243;][vc_btn title=&#8221;Confiez-nous votre projet&#8221; color=&#8221;secondarycolor&#8221; align=&#8221;center&#8221; css=&#8221;&#8221; link=&#8221;url:https%3A%2F%2Fimpactup.com%2Fetude-personnalisee%2F&#8221;][\/vc_column][vc_column width=&#8221;1\/3&#8243;][vc_btn title=&#8221;Contactez-nous&#8221; color=&#8221;secondarycolor&#8221; align=&#8221;center&#8221; css=&#8221;&#8221; link=&#8221;url:https%3A%2F%2Fimpactup.com%2Fcontact%2F&#8221;][\/vc_column][\/vc_row][vc_row css=&#8221;.vc_custom_1717658386032{padding-top: 40px !important;padding-bottom: 20px !important;}&#8221;][vc_column][vc_column_text css=&#8221;&#8221;]<\/p>\n<section style=\"text-align: justify;\">\n<h2><strong>Embaucher des commerciaux en cosm\u00e9tique \u00e0 Paris\u00a0: faites confiance au cabinet de recrutement ImpactUp<\/strong><\/h2>\n<p>Engager un commercial comp\u00e9tent peut vous aider \u00e0 d\u00e9velopper les chiffres de ventes de vos produits <a href=\"https:\/\/impactup.com\/glossaire\/cabinet-de-recrutement-business-developer-paris\"><strong>cosm\u00e9tiques<\/strong><\/a>. <a href=\"https:\/\/impactup.com\/glossaire\/cabinet-de-recrutement-business-developer-paris\"><strong>Le cabinet de recrutement ImpactUp \u00e0 Paris <\/strong><\/a>peut vous aider \u00e0 trouver les meilleurs candidats \u00e0 ce poste.\u00a0Nous utilisons une d\u00e9marche sp\u00e9cifique et \u00e9prouv\u00e9e pour r\u00e9pondre au mieux \u00e0 vos besoins.<\/p>\n<\/section>\n<p>[\/vc_column_text][\/vc_column][\/vc_row][vc_row][vc_column width=&#8221;1\/3&#8243;][vc_btn title=&#8221;Voir notre offre&#8221; color=&#8221;secondarycolor&#8221; align=&#8221;center&#8221; css=&#8221;&#8221; link=&#8221;url:https%3A%2F%2Fimpactup.com%2Frecrutement%2F&#8221;][\/vc_column][vc_column width=&#8221;1\/3&#8243;][vc_btn title=&#8221;Confiez-nous votre projet&#8221; color=&#8221;secondarycolor&#8221; align=&#8221;center&#8221; css=&#8221;&#8221; link=&#8221;url:https%3A%2F%2Fimpactup.com%2Fetude-personnalisee%2F&#8221;][\/vc_column][vc_column width=&#8221;1\/3&#8243;][vc_btn title=&#8221;Contactez-nous&#8221; color=&#8221;secondarycolor&#8221; align=&#8221;center&#8221; css=&#8221;&#8221; link=&#8221;url:https%3A%2F%2Fimpactup.com%2Fcontact%2F&#8221;][\/vc_column][\/vc_row][vc_row css=&#8221;.vc_custom_1717658445522{padding-top: 40px !important;}&#8221;][vc_column][vc_column_text css=&#8221;&#8221;]<\/p>\n<section style=\"text-align: justify;\">\n<h2><strong>Quelles sont les missions d\u2019un commercial en cosm\u00e9tique\u00a0? <\/strong><\/h2>\n<p>Comme tout autre commercial, l\u2019objectif d\u2019un commercial en cosm\u00e9tique est d\u2019augmenter les ventes de l\u2019entreprise pour laquelle il travaille via des actions comme la prospection, le d\u00e9veloppement du portefeuille clients, les n\u00e9gociations commerciales, etc. Il doit \u00e9galement g\u00e9rer son \u00e9quipe et mettre en place des plans de formation efficace pour les motiver si besoin.<\/p>\n<p>Par ailleurs, un commercial en cosm\u00e9tique doit planifier ses visites clients et ses rendez-vous de prospection. Aussi, il se doit d\u2019\u00eatre organis\u00e9, r\u00e9sistant face aux diff\u00e9rentes pressions. Il rel\u00e8ve aussi de sa responsabilit\u00e9 de v\u00e9rifier en permanence la disponibilit\u00e9 des produits au stock, mais aussi dans tous les magasins.<\/p>\n<p>Pour pouvoir r\u00e9pondre aux r\u00e9elles attentes des clients, un bon commercial en <a href=\"https:\/\/impactup.com\/glossaire\/cabinet-de-recrutement-commercial-export-paris\"><strong>cosm\u00e9tique d\u00e9nich\u00e9 par un cabinet de recrutement \u00e0 Paris<\/strong><\/a> doit ma\u00eetriser les caract\u00e9ristiques de ses produits. Pour cela, il doit suivre des formations aupr\u00e8s des fabricants et des distributeurs.<\/p>\n<h2><strong>ImpactUp, expert dans le recrutement de talent commercial<\/strong><\/h2>\n<p><strong>ImpactUp<\/strong> est sp\u00e9cialis\u00e9 dans le <strong>recrutement de profils commerciaux<\/strong> pour des secteurs aussi sp\u00e9cifiques que le <strong>cosm\u00e9tique<\/strong>. Disposant d\u2019un cabinet \u00e0 Paris, nous justifions de plus de 15\u00a0ans d\u2019exp\u00e9rience. Une long\u00e9vit\u00e9 qui nous a permis de nous forger une solide expertise dans ce domaine.<\/p>\n<p>Depuis notre lancement en 2005, nous avons accompagn\u00e9 de nombreuses entreprises en France dans le recrutement de profils commerciaux et avons d\u00e9j\u00e0 recrut\u00e9 pas moins de 2\u00a0000\u00a0candidats.<\/p>\n<p>Notre d\u00e9marche est simple. Nous soumettons tous les candidats \u00e0 des tests de comp\u00e9tence pouss\u00e9s. Puis, seuls ceux dont le profil correspond aux attentes de l\u2019entreprise sont retenus.<\/p>\n<p>Notre m\u00e9thodologie s\u2019articule ainsi autour de quatre axes, \u00e0 savoir\u00a0:<\/p>\n<ul>\n<li>l\u2019analyse de la situation de l\u2019entreprise ;<\/li>\n<li>la d\u00e9finition de ses besoins ;<\/li>\n<li>l\u2019embauche du candidat ;<\/li>\n<li>le suivi de performance.<\/li>\n<\/ul>\n<p>Gr\u00e2ce \u00e0 cette strat\u00e9gie, notre cabinet ne cesse de gagner en notori\u00e9t\u00e9 et est actuellement devenu une r\u00e9f\u00e9rence pour toutes les missions de recrutement.<\/p>\n<h2><strong>Miser sur les forces de vente pour maximiser les ventes<\/strong><\/h2>\n<p>Avec la forte concurrence qui existe dans l\u2019univers de la mode et de la beaut\u00e9, les entreprises dont les activit\u00e9s consistent \u00e0 commercialiser des produits cosm\u00e9tiques doivent se d\u00e9marquer pour optimiser leurs chiffres d\u2019affaires. Les strat\u00e9gies publicitaires et marketing servent \u00e0 se faire connaitre et reconnaitre. Elles aident \u00e9galement \u00e0 vendre, en s\u00e9duisant les consommateurs et en les poussant \u00e0 l\u2019achat.<\/p>\n<p>Mais des forces de vente efficaces restent leurs meilleurs atouts pour atteindre et d\u00e9passer leurs objectifs financiers. Elles doivent de ce fait bien choisir leurs collaborateurs impliqu\u00e9s de pr\u00e8s dans les op\u00e9rations de commercialisation\u00a0notamment les commerciaux et les vendeurs, qu\u2019ils soient itin\u00e9rants, d\u00e9localis\u00e9s ou en magasin.<\/p>\n<p>Voil\u00e0 pourquoi il est pr\u00e9f\u00e9rable pour ces entreprises de faire appel \u00e0 un <a href=\"https:\/\/impactup.com\/glossaire\/cabinet-de-recrutement-directeur-commercial-paris\"><strong>cabinet sp\u00e9cialis\u00e9 pour le recrutement de commerciaux sp\u00e9cialistes en cosm\u00e9tique \u00e0 Paris<\/strong><\/a> si elles veulent conqu\u00e9rir le march\u00e9 parisien ou fran\u00e7ais, ou s\u2019y faire une place de choix. <strong>ImpactUp<\/strong> peut vous accompagner dans la recherche de professionnels de la vente dont le profil r\u00e9pondra \u00e0 vos attentes et aux exigences de vos activit\u00e9s commerciales.<\/p>\n<h2><strong>Pourquoi confier le recrutement \u00e0 une agence\u00a0?<\/strong><\/h2>\n<p>Il n\u2019est pas toujours facile de proc\u00e9der \u00e0 un recrutement en interne. Quel que soit le nombre de personnes \u00e0 chercher, l\u2019entreprise devra consacrer du temps, mais \u00e9galement des ressources humaines \u00e0 ce projet. De plus, l\u2019on ne peut jamais \u00eatre s\u00fbr de trouver rapidement des candidats de valeur. Les postes peuvent rester vacants longtemps et les activit\u00e9s suspendues.<\/p>\n<p>Afin d\u2019\u00e9viter ce genre de d\u00e9sagr\u00e9ment et de pouvoir se consacrer \u00e0 des t\u00e2ches plus productrices, s\u2019adresser \u00e0 un <strong>cabinet de recrutement<\/strong> pour embaucher des sp\u00e9cialistes en vente de <strong>cosm\u00e9tique <\/strong>\u00e0 <strong>Paris<\/strong> constitue l\u2019option la plus sage. Cette agence pourra prendre en charge la totalit\u00e9 du processus de recrutement, depuis la publication de l\u2019offre d\u2019emploi jusqu\u2019aux divers tests et entretiens des candidats retenus. Elle proposera ensuite les meilleurs \u00e0 l\u2019entreprise.<\/p>\n<p>Certains cabinets proposent m\u00eame de s\u2019occuper des d\u00e9marches d\u2019embauche une fois que leur client a approuv\u00e9 les candidats propos\u00e9s. Pour sa part, <strong>ImpactUp<\/strong> dispose d\u2019une m\u00e9thode de recrutement innovante et efficace et peut proc\u00e9der \u00e0 la chasse de t\u00eate si les moyens classiques s\u2019av\u00e8rent infructueux.<\/p>\n<h2><strong>Comment identifier le bon cabinet de recrutement\u00a0?<\/strong><\/h2>\n<p>L\u2019embauche d\u2019un agent <strong>cosm\u00e9tique efficace <\/strong>d\u00e9pend de l\u2019expertise du <strong>cabinet de recrutement<\/strong>. Alors, comment savoir s\u2019il s\u2019agit d\u2019une agence fiable\u00a0? Voici les param\u00e8tres \u00e0 consid\u00e9rer\u00a0:<\/p>\n<ul>\n<li>Les techniques de recrutement<\/li>\n<\/ul>\n<p>Certains cabinets se sp\u00e9cialisent sur un type de profil ou un secteur d\u2019activit\u00e9 en particulier tandis que d\u2019autres sont g\u00e9n\u00e9ralistes. Il existe aussi des cabinets qui privil\u00e9gient l\u2019utilisation de supports digitaux tandis que d\u2019autres utilisent les canaux classiques pour d\u00e9ployer leurs campagnes de recrutement.<\/p>\n<ul>\n<li>La garantie propos\u00e9e<\/li>\n<\/ul>\n<p>Hormis la r\u00e9putation du cabinet v\u00e9rifiable via les avis laiss\u00e9s par ces clients sur la toile, il est tout aussi important de savoir s\u2019il propose une garantie en cas de recrutement d\u00e9faillant.<\/p>\n<ul>\n<li>La r\u00e9mun\u00e9ration<\/li>\n<\/ul>\n<p>Certains cabinets proposent la r\u00e9mun\u00e9ration par recrutement r\u00e9ussi (success fees) tandis que d\u2019autres demandent un acompte avant le lancement du processus (retainer fees). La r\u00e9mun\u00e9ration peut aussi varier du simple au double en fonction de la notori\u00e9t\u00e9, de l\u2019exp\u00e9rience et de la sp\u00e9cialit\u00e9 du cabinet.<\/p>\n<h2><strong>ImpactUp, sp\u00e9cialiste du recrutement de cadres commerciaux en France<\/strong><\/h2>\n<p>Pour tout projet d\u2019embauche de commerciaux sp\u00e9cialistes du <strong>cosm\u00e9tique \u00e0 Paris, le cabinet de recrutement <a href=\"https:\/\/impactup.com\">ImpactUp<\/a><\/strong> met \u00e0 votre disposition une \u00e9quipe de consultants-recruteurs chevronn\u00e9s. Nos m\u00e9thodes de s\u00e9lection de candidats reposent sur une technique bien rod\u00e9e et des outils technologiques. Nous utilisons entre autres TalentInitial\u00ae, TalentAttitude\u00ae, TalentBusiness\u00ae et TalentRelation\u00ae ainsi que Pipplet pour l\u2019\u00e9valuation des comp\u00e9tences professionnelles et les aptitudes personnelles des postulants. Outre Paris, nous disposons \u00e9galement d\u2019antennes dans plusieurs villes de France notamment \u00e0 Lyon, La Rochelle, Lille, Nantes, Bordeaux et Toulouse.<\/p>\n<\/section>\n<p>[\/vc_column_text][\/vc_column][\/vc_row]<\/p>\n<\/div>","protected":false},"excerpt":{"rendered":"<p>[vc_row][vc_column width=&#8221;1\/3&#8243;][vc_btn title=&#8221;Voir notre offre&#8221; color=&#8221;secondarycolor&#8221; align=&#8221;center&#8221; css=&#8221;&#8221; link=&#8221;url:https%3A%2F%2Fimpactup.com%2Frecrutement%2F&#8221;][\/vc_column][vc_column width=&#8221;1\/3&#8243;][vc_btn title=&#8221;Confiez-nous votre projet&#8221; color=&#8221;secondarycolor&#8221; align=&#8221;center&#8221; css=&#8221;&#8221; link=&#8221;url:https%3A%2F%2Fimpactup.com%2Fetude-personnalisee%2F&#8221;][\/vc_column][vc_column width=&#8221;1\/3&#8243;][vc_btn title=&#8221;Contactez-nous&#8221; color=&#8221;secondarycolor&#8221; align=&#8221;center&#8221; css=&#8221;&#8221; link=&#8221;url:https%3A%2F%2Fimpactup.com%2Fcontact%2F&#8221;][\/vc_column][\/vc_row][vc_row css=&#8221;.vc_custom_1717658386032{padding-top: 40px !important;padding-bottom: 20px !important;}&#8221;][vc_column][vc_column_text css=&#8221;&#8221;] Embaucher des commerciaux en cosm\u00e9tique \u00e0 Paris\u00a0: faites confiance au cabinet de recrutement ImpactUp Engager un commercial comp\u00e9tent peut vous aider \u00e0 d\u00e9velopper les chiffres de [&hellip;]<\/p>\n","protected":false},"author":4,"featured_media":0,"parent":17218,"menu_order":0,"comment_status":"closed","ping_status":"closed","template":"","meta":{"_monsterinsights_skip_tracking":false,"_monsterinsights_sitenote_active":false,"_monsterinsights_sitenote_note":"","_monsterinsights_sitenote_category":0,"footnotes":""},"class_list":["post-26248","page","type-page","status-publish","hentry"],"yoast_head":"<!-- This site is optimized with the Yoast SEO plugin v27.0 - https:\/\/yoast.com\/product\/yoast-seo-wordpress\/ -->\n<title>Cabinet de recrutement cosm\u00e9tique Paris - Un cabinet de recrutement sp\u00e9cialis\u00e9 dans le cosm\u00e9tique \u00e0 Paris<\/title>\n<meta name=\"description\" content=\"Solliciter l\u2019aide d\u2019un cabinet de recrutement pour trouver un commercial en cosm\u00e9tique \u00e0 Paris. ImpactUp est un cabinet de recrutement expert dans le cosm\u00e9tique \u00e0 Paris.\" \/>\n<meta name=\"robots\" content=\"index, follow, max-snippet:-1, max-image-preview:large, max-video-preview:-1\" \/>\n<link rel=\"canonical\" href=\"https:\/\/impactup.com\/en\/glossaire\/cabinet-de-recrutement-cosmetique-paris\/\" \/>\n<meta property=\"og:locale\" content=\"en_US\" \/>\n<meta property=\"og:type\" content=\"article\" \/>\n<meta property=\"og:title\" content=\"Cabinet de recrutement cosm\u00e9tique Paris - Un cabinet de recrutement sp\u00e9cialis\u00e9 dans le cosm\u00e9tique \u00e0 Paris\" \/>\n<meta property=\"og:description\" content=\"Solliciter l\u2019aide d\u2019un cabinet de recrutement pour trouver un commercial en cosm\u00e9tique \u00e0 Paris. ImpactUp est un cabinet de recrutement expert dans le cosm\u00e9tique \u00e0 Paris.\" \/>\n<meta property=\"og:url\" content=\"https:\/\/impactup.com\/en\/glossaire\/cabinet-de-recrutement-cosmetique-paris\/\" \/>\n<meta property=\"og:site_name\" content=\"ImpactUp\" \/>\n<meta property=\"article:modified_time\" content=\"2024-06-12T14:28:29+00:00\" \/>\n<meta property=\"og:image\" content=\"https:\/\/impactup.com\/wp-content\/uploads\/2021\/01\/og.jpg\" \/>\n\t<meta property=\"og:image:width\" content=\"1067\" \/>\n\t<meta property=\"og:image:height\" content=\"600\" \/>\n\t<meta property=\"og:image:type\" content=\"image\/jpeg\" \/>\n<meta name=\"twitter:card\" content=\"summary_large_image\" \/>\n<meta name=\"twitter:label1\" content=\"Est. reading time\" \/>\n\t<meta name=\"twitter:data1\" content=\"6 minutes\" \/>\n<script type=\"application\/ld+json\" class=\"yoast-schema-graph\">{\"@context\":\"https:\/\/schema.org\",\"@graph\":[{\"@type\":\"WebPage\",\"@id\":\"https:\/\/impactup.com\/en\/glossaire\/cabinet-de-recrutement-cosmetique-paris\/\",\"url\":\"https:\/\/impactup.com\/en\/glossaire\/cabinet-de-recrutement-cosmetique-paris\/\",\"name\":\"Cabinet de recrutement cosm\u00e9tique Paris - Un cabinet de recrutement sp\u00e9cialis\u00e9 dans le cosm\u00e9tique \u00e0 Paris\",\"isPartOf\":{\"@id\":\"https:\/\/impactup.com\/en\/#website\"},\"datePublished\":\"2024-06-10T13:49:32+00:00\",\"dateModified\":\"2024-06-12T14:28:29+00:00\",\"description\":\"Solliciter l\u2019aide d\u2019un cabinet de recrutement pour trouver un commercial en cosm\u00e9tique \u00e0 Paris. ImpactUp est un cabinet de recrutement expert dans le cosm\u00e9tique \u00e0 Paris.\",\"breadcrumb\":{\"@id\":\"https:\/\/impactup.com\/en\/glossaire\/cabinet-de-recrutement-cosmetique-paris\/#breadcrumb\"},\"inLanguage\":\"en-US\",\"potentialAction\":[{\"@type\":\"ReadAction\",\"target\":[\"https:\/\/impactup.com\/en\/glossaire\/cabinet-de-recrutement-cosmetique-paris\/\"]}]},{\"@type\":\"BreadcrumbList\",\"@id\":\"https:\/\/impactup.com\/en\/glossaire\/cabinet-de-recrutement-cosmetique-paris\/#breadcrumb\",\"itemListElement\":[{\"@type\":\"ListItem\",\"position\":1,\"name\":\"Accueil\",\"item\":\"https:\/\/impactup.com\/en\/\"},{\"@type\":\"ListItem\",\"position\":2,\"name\":\"Glossaire\",\"item\":\"https:\/\/impactup.com\/en\/glossaire\/\"},{\"@type\":\"ListItem\",\"position\":3,\"name\":\"Embaucher des commerciaux en cosm\u00e9tique \u00e0 Paris : faites confiance au cabinet de recrutement ImpactUp\"}]},{\"@type\":\"WebSite\",\"@id\":\"https:\/\/impactup.com\/en\/#website\",\"url\":\"https:\/\/impactup.com\/en\/\",\"name\":\"ImpactUp\",\"description\":\"Recrutement commerciaux, directions commerciales et fonctions marketing\",\"potentialAction\":[{\"@type\":\"SearchAction\",\"target\":{\"@type\":\"EntryPoint\",\"urlTemplate\":\"https:\/\/impactup.com\/en\/?s={search_term_string}\"},\"query-input\":{\"@type\":\"PropertyValueSpecification\",\"valueRequired\":true,\"valueName\":\"search_term_string\"}}],\"inLanguage\":\"en-US\"}]}<\/script>\n<!-- \/ Yoast SEO plugin. -->","yoast_head_json":{"title":"Cabinet de recrutement cosm\u00e9tique Paris - Un cabinet de recrutement sp\u00e9cialis\u00e9 dans le cosm\u00e9tique \u00e0 Paris","description":"Solliciter l\u2019aide d\u2019un cabinet de recrutement pour trouver un commercial en cosm\u00e9tique \u00e0 Paris. ImpactUp est un cabinet de recrutement expert dans le cosm\u00e9tique \u00e0 Paris.","robots":{"index":"index","follow":"follow","max-snippet":"max-snippet:-1","max-image-preview":"max-image-preview:large","max-video-preview":"max-video-preview:-1"},"canonical":"https:\/\/impactup.com\/en\/glossaire\/cabinet-de-recrutement-cosmetique-paris\/","og_locale":"en_US","og_type":"article","og_title":"Cabinet de recrutement cosm\u00e9tique Paris - Un cabinet de recrutement sp\u00e9cialis\u00e9 dans le cosm\u00e9tique \u00e0 Paris","og_description":"Solliciter l\u2019aide d\u2019un cabinet de recrutement pour trouver un commercial en cosm\u00e9tique \u00e0 Paris. ImpactUp est un cabinet de recrutement expert dans le cosm\u00e9tique \u00e0 Paris.","og_url":"https:\/\/impactup.com\/en\/glossaire\/cabinet-de-recrutement-cosmetique-paris\/","og_site_name":"ImpactUp","article_modified_time":"2024-06-12T14:28:29+00:00","og_image":[{"width":1067,"height":600,"url":"https:\/\/impactup.com\/wp-content\/uploads\/2021\/01\/og.jpg","type":"image\/jpeg"}],"twitter_card":"summary_large_image","twitter_misc":{"Est. reading time":"6 minutes"},"schema":{"@context":"https:\/\/schema.org","@graph":[{"@type":"WebPage","@id":"https:\/\/impactup.com\/en\/glossaire\/cabinet-de-recrutement-cosmetique-paris\/","url":"https:\/\/impactup.com\/en\/glossaire\/cabinet-de-recrutement-cosmetique-paris\/","name":"Cabinet de recrutement cosm\u00e9tique Paris - Un cabinet de recrutement sp\u00e9cialis\u00e9 dans le cosm\u00e9tique \u00e0 Paris","isPartOf":{"@id":"https:\/\/impactup.com\/en\/#website"},"datePublished":"2024-06-10T13:49:32+00:00","dateModified":"2024-06-12T14:28:29+00:00","description":"Solliciter l\u2019aide d\u2019un cabinet de recrutement pour trouver un commercial en cosm\u00e9tique \u00e0 Paris. ImpactUp est un cabinet de recrutement expert dans le cosm\u00e9tique \u00e0 Paris.","breadcrumb":{"@id":"https:\/\/impactup.com\/en\/glossaire\/cabinet-de-recrutement-cosmetique-paris\/#breadcrumb"},"inLanguage":"en-US","potentialAction":[{"@type":"ReadAction","target":["https:\/\/impactup.com\/en\/glossaire\/cabinet-de-recrutement-cosmetique-paris\/"]}]},{"@type":"BreadcrumbList","@id":"https:\/\/impactup.com\/en\/glossaire\/cabinet-de-recrutement-cosmetique-paris\/#breadcrumb","itemListElement":[{"@type":"ListItem","position":1,"name":"Accueil","item":"https:\/\/impactup.com\/en\/"},{"@type":"ListItem","position":2,"name":"Glossaire","item":"https:\/\/impactup.com\/en\/glossaire\/"},{"@type":"ListItem","position":3,"name":"Embaucher des commerciaux en cosm\u00e9tique \u00e0 Paris : faites confiance au cabinet de recrutement ImpactUp"}]},{"@type":"WebSite","@id":"https:\/\/impactup.com\/en\/#website","url":"https:\/\/impactup.com\/en\/","name":"ImpactUp","description":"Recrutement commerciaux, directions commerciales et fonctions marketing","potentialAction":[{"@type":"SearchAction","target":{"@type":"EntryPoint","urlTemplate":"https:\/\/impactup.com\/en\/?s={search_term_string}"},"query-input":{"@type":"PropertyValueSpecification","valueRequired":true,"valueName":"search_term_string"}}],"inLanguage":"en-US"}]}},"_links":{"self":[{"href":"https:\/\/impactup.com\/en\/wp-json\/wp\/v2\/pages\/26248","targetHints":{"allow":["GET"]}}],"collection":[{"href":"https:\/\/impactup.com\/en\/wp-json\/wp\/v2\/pages"}],"about":[{"href":"https:\/\/impactup.com\/en\/wp-json\/wp\/v2\/types\/page"}],"author":[{"embeddable":true,"href":"https:\/\/impactup.com\/en\/wp-json\/wp\/v2\/users\/4"}],"replies":[{"embeddable":true,"href":"https:\/\/impactup.com\/en\/wp-json\/wp\/v2\/comments?post=26248"}],"version-history":[{"count":4,"href":"https:\/\/impactup.com\/en\/wp-json\/wp\/v2\/pages\/26248\/revisions"}],"predecessor-version":[{"id":26545,"href":"https:\/\/impactup.com\/en\/wp-json\/wp\/v2\/pages\/26248\/revisions\/26545"}],"up":[{"embeddable":true,"href":"https:\/\/impactup.com\/en\/wp-json\/wp\/v2\/pages\/17218"}],"wp:attachment":[{"href":"https:\/\/impactup.com\/en\/wp-json\/wp\/v2\/media?parent=26248"}],"curies":[{"name":"wp","href":"https:\/\/api.w.org\/{rel}","templated":true}]}}