{"id":26243,"date":"2024-06-10T15:41:41","date_gmt":"2024-06-10T13:41:41","guid":{"rendered":"https:\/\/impactup.niou.dev\/?page_id=26243"},"modified":"2024-06-12T15:24:09","modified_gmt":"2024-06-12T13:24:09","slug":"cabinet-de-recrutement-export-paris","status":"publish","type":"page","link":"https:\/\/impactup.com\/en\/glossaire\/cabinet-de-recrutement-export-paris\/","title":{"rendered":"Un cabinet de recrutement pour l\u2019export \u00e0 Paris"},"content":{"rendered":"<div class=\"wpb-content-wrapper\"><p>[vc_row][vc_column width=&#8221;1\/3&#8243;][vc_btn title=&#8221;Voir notre offre&#8221; color=&#8221;secondarycolor&#8221; align=&#8221;center&#8221; css=&#8221;&#8221; link=&#8221;url:https%3A%2F%2Fimpactup.com%2Frecrutement%2F&#8221;][\/vc_column][vc_column width=&#8221;1\/3&#8243;][vc_btn title=&#8221;Confiez-nous votre projet&#8221; color=&#8221;secondarycolor&#8221; align=&#8221;center&#8221; css=&#8221;&#8221; link=&#8221;url:https%3A%2F%2Fimpactup.com%2Fetude-personnalisee%2F&#8221;][\/vc_column][vc_column width=&#8221;1\/3&#8243;][vc_btn title=&#8221;Contactez-nous&#8221; color=&#8221;secondarycolor&#8221; align=&#8221;center&#8221; css=&#8221;&#8221; link=&#8221;url:https%3A%2F%2Fimpactup.com%2Fcontact%2F&#8221;][\/vc_column][\/vc_row][vc_row css=&#8221;.vc_custom_1717658386032{padding-top: 40px !important;padding-bottom: 20px !important;}&#8221;][vc_column][vc_column_text css=&#8221;&#8221;]<\/p>\n<section style=\"text-align: justify;\">\n<h2><strong>Un cabinet de recrutement pour l\u2019export \u00e0 Paris<\/strong><\/h2>\n<p>Pour les entreprises qui ont des collaborateurs en constante relation avec les clients, le recrutement est une \u00e9tape qui ne peut pas \u00eatre prise \u00e0 la l\u00e9g\u00e8re. En fait, ces agents repr\u00e9senteront la marque, le produit, voire l\u2019entreprise \u00e0 l\u2019ext\u00e9rieur. Le <strong>cabinet<\/strong> <a href=\"https:\/\/impactup.com\/\"><strong>ImpactUp<\/strong><\/a> propose ses services de <strong>recrutement <\/strong>dans les grandes villes fran\u00e7aises, comme <strong>Paris<\/strong>. Sp\u00e9cialis\u00e9e dans les fonctions commerciales, l\u2019agence op\u00e8re dans des secteurs sp\u00e9cifiques, comme l\u2019<strong>export<\/strong>, l\u2019industrie de la beaut\u00e9, etc.<\/p>\n<\/section>\n<p>[\/vc_column_text][\/vc_column][\/vc_row][vc_row][vc_column width=&#8221;1\/3&#8243;][vc_btn title=&#8221;Voir notre offre&#8221; color=&#8221;secondarycolor&#8221; align=&#8221;center&#8221; css=&#8221;&#8221; link=&#8221;url:https%3A%2F%2Fimpactup.com%2Frecrutement%2F&#8221;][\/vc_column][vc_column width=&#8221;1\/3&#8243;][vc_btn title=&#8221;Confiez-nous votre projet&#8221; color=&#8221;secondarycolor&#8221; align=&#8221;center&#8221; css=&#8221;&#8221; link=&#8221;url:https%3A%2F%2Fimpactup.com%2Fetude-personnalisee%2F&#8221;][\/vc_column][vc_column width=&#8221;1\/3&#8243;][vc_btn title=&#8221;Contactez-nous&#8221; color=&#8221;secondarycolor&#8221; align=&#8221;center&#8221; css=&#8221;&#8221; link=&#8221;url:https%3A%2F%2Fimpactup.com%2Fcontact%2F&#8221;][\/vc_column][\/vc_row][vc_row css=&#8221;.vc_custom_1717658445522{padding-top: 40px !important;}&#8221;][vc_column][vc_column_text css=&#8221;&#8221;]<\/p>\n<section style=\"text-align: justify;\">\n<h2><strong>Les activit\u00e9s d\u2019exportation n\u00e9cessitent des comp\u00e9tences d\u2019experts<\/strong><\/h2>\n<p>L\u2019exportation est un secteur d\u00e9licat. R\u00e9ussir dans ce domaine requiert un certain savoir-faire. En plus de gros efforts sur la publicit\u00e9 et le marketing, trouver la bonne strat\u00e9gie commerciale s\u2019impose \u00e9galement. Pour chacun de ces domaines, l\u2019entreprise souhaitant se lancer dans les activit\u00e9s des ventes \u00e0 l\u2019international doit avoir une bonne connaissance du march\u00e9 relatif aux produits qu\u2019elle propose, du comportement des consommateurs dans le pays cibl\u00e9 et de la concurrence. Elle doit de ce fait se doter de collaborateurs qui ma\u00eetrisent les particularit\u00e9s et les contraintes, mais aussi les r\u00e9glementations applicables \u00e0 l\u2019exportation.<\/p>\n<p>Or, trouver des candidats comp\u00e9tents n\u2019est pas toujours \u00e9vident. Recourir aux prestations d\u2019une <a href=\"https:\/\/impactup.com\/cabinet-de-recrutement-directeur-commercial-paris\"><strong>agence de recrutement sp\u00e9cialiste des entreprises d\u2019export de Paris <\/strong><\/a>s\u2019impose pour en d\u00e9nicher dans la capitale. <strong>ImpactUp<\/strong> est au service des soci\u00e9t\u00e9s commerciales fran\u00e7aises et \u00e9trang\u00e8res \u2013 qui souhaitent s\u2019implanter en France \u2013 depuis plus de quinze ans. Vous y b\u00e9n\u00e9ficierez de l\u2019expertise de recruteurs chevronn\u00e9s pour la recherche de vos collaborateurs parisiens.<\/p>\n<h2><strong>Une agence de recrutement trouvera vos collaborateurs sur Paris<\/strong><\/h2>\n<p>Vous adresser \u00e0 un <a href=\"https:\/\/impactup.com\/cabinet-de-recrutement-marketing-paris\"><strong>cabinet de recrutement sp\u00e9cialiste des activit\u00e9s li\u00e9es \u00e0 l\u2019export \u00e0 Paris<\/strong><\/a> vous sera d\u2019une aide pr\u00e9cieuse si vous souhaitez embaucher des collaborateurs pour travailler dans cette ville ou en r\u00e9gion parisienne. D\u00e9j\u00e0, vous n\u2019aurez pas \u00e0 faire le d\u00e9placement pour proc\u00e9der \u00e0 la prospection. Et si vous \u00eates \u00e0 Paris, vous \u00e9viterez les travaux fastidieux et chronophages relatifs \u00e0 la gestion d\u2019une campagne de recrutement. L\u2019agence se chargera d\u2019effectuer toutes les proc\u00e9dures de recherche et de s\u00e9lection des candidats. Elle retiendra les meilleurs et vous les soumettra. Une fois vos choix effectu\u00e9s, elle pourra \u00e9galement s\u2019occuper des d\u00e9marches pour l\u2019embauche d\u00e9finitive.<\/p>\n<p>L\u2019autre avantage de faire appel \u00e0 un cabinet de recrutement sp\u00e9cialis\u00e9 est qu\u2019il pourra envisager la chasse de t\u00eate si les m\u00e9thodes classiques \u00e9chouent. <strong>ImpactUp<\/strong> fait partie des agences qui n\u2019h\u00e9sitent pas \u00e0 recourir \u00e0 cette technique, sur accord de l\u2019entreprise cliente, en cas de besoin. Nos recruteurs poss\u00e8dent un savoir-faire aguerri pour trouver des candidats de valeur l\u00e0 o\u00f9 l\u2019on ne s\u2019y attend pas toujours.<\/p>\n<h2><strong>ImpactUp recrute des cadres de haut niveau pour les entreprises commerciales<\/strong><\/h2>\n<p><strong>ImpactUp<\/strong> est une agence de recrutement qui a fait de la recherche de cadres de haut niveau pour les m\u00e9tiers du commerce, de la vente et du marketing son c\u0153ur de m\u00e9tier. Au service des entreprises commerciales fran\u00e7aises et \u00e9trang\u00e8res depuis plus d\u2019une d\u00e9cennie, nous avons enrichi et perfectionn\u00e9 nos m\u00e9thodes de prospection et de s\u00e9lection de candidat de valeur par l\u2019usage de technologies diverses et d\u2019outils digitaux (TalentInitial\u00ae, TalentAttitude\u00ae, TalentBusiness\u00ae et TalentRelation\u00ae ou encore Pipplet). Vous pouvez vous adresser \u00e0 notre <a href=\"https:\/\/impactup.com\/cabinet-de-recrutement-en-france\"><strong>cabinet de recrutement pour trouver des sp\u00e9cialistes de l\u2019export \u00e0 Paris<\/strong><\/a>. Nous disposons \u00e9galement d\u2019antennes dans d\u2019autres villes de France notamment \u00e0 Lyon, Lille, Nantes, La Rochelle, Toulouse et Bordeaux.<\/p>\n<h2>\u00a0<strong>ImpactUp, une entreprise qui a des valeurs<\/strong><\/h2>\n<p>Le cabinet a d\u00fb lutter contre vents et mar\u00e9es pour arriver \u00e0 son statut actuel. Sans les valeurs que nous pr\u00f4nons, qui sont d\u2019ailleurs traduites par des promesses que nous faisons \u00e0 nos clients, il nous est tout simplement impossible d\u2019avancer. Nos mots d\u2019ordre sont\u00a0: pragmatisme, proximit\u00e9 et r\u00e9sultat.<\/p>\n<ul>\n<li>\u00ab\u2009Pragmatisme\u2009\u00bb, car nous ma\u00eetrisons notre sujet. Nos comp\u00e9tences sont issues de nos acquis sur le terrain et en situation r\u00e9elle. En d\u2019autres termes, nous adoptons une d\u00e9marche 100\u00a0% empirique.<\/li>\n<li>\u00ab\u2009Proximit\u00e9\u2009\u00bb, car nous nous effor\u00e7ons d\u2019instaurer une relation de confiance avec nos collaborateurs, clients ou candidats. Nous les accompagnons sur le long terme, g\u00e9n\u00e9ralement au-del\u00e0 de simples conseils professionnels.<\/li>\n<li>\u00ab\u2009Culture du r\u00e9sultat\u2009\u00bb, car cette constante envie de satisfaire nous fait avancer. C\u2019est pour cela que nous n\u2019arr\u00eatons pas de rechercher, d\u2019adapter et d\u2019innover. En fait, notre objectif premier est d\u2019offrir \u00e0 nos clients les moyens d\u2019int\u00e9grer le meilleur profil possible.<\/li>\n<\/ul>\n<\/section>\n<p>[\/vc_column_text][\/vc_column][\/vc_row]<\/p>\n<\/div>","protected":false},"excerpt":{"rendered":"<p>[vc_row][vc_column width=&#8221;1\/3&#8243;][vc_btn title=&#8221;Voir notre offre&#8221; color=&#8221;secondarycolor&#8221; align=&#8221;center&#8221; css=&#8221;&#8221; link=&#8221;url:https%3A%2F%2Fimpactup.com%2Frecrutement%2F&#8221;][\/vc_column][vc_column width=&#8221;1\/3&#8243;][vc_btn title=&#8221;Confiez-nous votre projet&#8221; color=&#8221;secondarycolor&#8221; align=&#8221;center&#8221; css=&#8221;&#8221; link=&#8221;url:https%3A%2F%2Fimpactup.com%2Fetude-personnalisee%2F&#8221;][\/vc_column][vc_column width=&#8221;1\/3&#8243;][vc_btn title=&#8221;Contactez-nous&#8221; color=&#8221;secondarycolor&#8221; align=&#8221;center&#8221; css=&#8221;&#8221; link=&#8221;url:https%3A%2F%2Fimpactup.com%2Fcontact%2F&#8221;][\/vc_column][\/vc_row][vc_row css=&#8221;.vc_custom_1717658386032{padding-top: 40px !important;padding-bottom: 20px !important;}&#8221;][vc_column][vc_column_text css=&#8221;&#8221;] Un cabinet de recrutement pour l\u2019export \u00e0 Paris Pour les entreprises qui ont des collaborateurs en constante relation avec les clients, le recrutement est une \u00e9tape [&hellip;]<\/p>\n","protected":false},"author":4,"featured_media":0,"parent":17218,"menu_order":0,"comment_status":"closed","ping_status":"closed","template":"","meta":{"_monsterinsights_skip_tracking":false,"_monsterinsights_sitenote_active":false,"_monsterinsights_sitenote_note":"","_monsterinsights_sitenote_category":0,"footnotes":""},"class_list":["post-26243","page","type-page","status-publish","hentry"],"yoast_head":"<!-- This site is optimized with the Yoast SEO plugin v27.0 - https:\/\/yoast.com\/product\/yoast-seo-wordpress\/ -->\n<title>Un cabinet de recrutement \u00e0 Paris sp\u00e9cialis\u00e9 dans l\u2019export.<\/title>\n<meta name=\"description\" content=\"Le recrutement dans l\u2019export : Paris vous propose un cabinet d\u2019expert. ImpactUp est le cabinet sp\u00e9cialiste du recrutement dans l\u2019export, sis \u00e0 Paris.\" \/>\n<meta name=\"robots\" content=\"index, follow, max-snippet:-1, max-image-preview:large, max-video-preview:-1\" \/>\n<link rel=\"canonical\" href=\"https:\/\/impactup.com\/en\/glossaire\/cabinet-de-recrutement-export-paris\/\" \/>\n<meta property=\"og:locale\" content=\"en_US\" \/>\n<meta property=\"og:type\" content=\"article\" \/>\n<meta property=\"og:title\" content=\"Un cabinet de recrutement \u00e0 Paris sp\u00e9cialis\u00e9 dans l\u2019export.\" \/>\n<meta property=\"og:description\" content=\"Le recrutement dans l\u2019export : Paris vous propose un cabinet d\u2019expert. ImpactUp est le cabinet sp\u00e9cialiste du recrutement dans l\u2019export, sis \u00e0 Paris.\" \/>\n<meta property=\"og:url\" content=\"https:\/\/impactup.com\/en\/glossaire\/cabinet-de-recrutement-export-paris\/\" \/>\n<meta property=\"og:site_name\" content=\"ImpactUp\" \/>\n<meta property=\"article:modified_time\" content=\"2024-06-12T13:24:09+00:00\" \/>\n<meta property=\"og:image\" content=\"https:\/\/impactup.com\/wp-content\/uploads\/2021\/01\/og.jpg\" \/>\n\t<meta property=\"og:image:width\" content=\"1067\" \/>\n\t<meta property=\"og:image:height\" content=\"600\" \/>\n\t<meta property=\"og:image:type\" content=\"image\/jpeg\" \/>\n<meta name=\"twitter:card\" content=\"summary_large_image\" \/>\n<meta name=\"twitter:label1\" content=\"Est. reading time\" \/>\n\t<meta name=\"twitter:data1\" content=\"4 minutes\" \/>\n<script type=\"application\/ld+json\" class=\"yoast-schema-graph\">{\"@context\":\"https:\/\/schema.org\",\"@graph\":[{\"@type\":\"WebPage\",\"@id\":\"https:\/\/impactup.com\/en\/glossaire\/cabinet-de-recrutement-export-paris\/\",\"url\":\"https:\/\/impactup.com\/en\/glossaire\/cabinet-de-recrutement-export-paris\/\",\"name\":\"Un cabinet de recrutement \u00e0 Paris sp\u00e9cialis\u00e9 dans l\u2019export.\",\"isPartOf\":{\"@id\":\"https:\/\/impactup.com\/en\/#website\"},\"datePublished\":\"2024-06-10T13:41:41+00:00\",\"dateModified\":\"2024-06-12T13:24:09+00:00\",\"description\":\"Le recrutement dans l\u2019export : Paris vous propose un cabinet d\u2019expert. ImpactUp est le cabinet sp\u00e9cialiste du recrutement dans l\u2019export, sis \u00e0 Paris.\",\"breadcrumb\":{\"@id\":\"https:\/\/impactup.com\/en\/glossaire\/cabinet-de-recrutement-export-paris\/#breadcrumb\"},\"inLanguage\":\"en-US\",\"potentialAction\":[{\"@type\":\"ReadAction\",\"target\":[\"https:\/\/impactup.com\/en\/glossaire\/cabinet-de-recrutement-export-paris\/\"]}]},{\"@type\":\"BreadcrumbList\",\"@id\":\"https:\/\/impactup.com\/en\/glossaire\/cabinet-de-recrutement-export-paris\/#breadcrumb\",\"itemListElement\":[{\"@type\":\"ListItem\",\"position\":1,\"name\":\"Accueil\",\"item\":\"https:\/\/impactup.com\/en\/\"},{\"@type\":\"ListItem\",\"position\":2,\"name\":\"Glossaire\",\"item\":\"https:\/\/impactup.com\/en\/glossaire\/\"},{\"@type\":\"ListItem\",\"position\":3,\"name\":\"Un cabinet de recrutement pour l\u2019export \u00e0 Paris\"}]},{\"@type\":\"WebSite\",\"@id\":\"https:\/\/impactup.com\/en\/#website\",\"url\":\"https:\/\/impactup.com\/en\/\",\"name\":\"ImpactUp\",\"description\":\"Recrutement commerciaux, directions commerciales et fonctions marketing\",\"potentialAction\":[{\"@type\":\"SearchAction\",\"target\":{\"@type\":\"EntryPoint\",\"urlTemplate\":\"https:\/\/impactup.com\/en\/?s={search_term_string}\"},\"query-input\":{\"@type\":\"PropertyValueSpecification\",\"valueRequired\":true,\"valueName\":\"search_term_string\"}}],\"inLanguage\":\"en-US\"}]}<\/script>\n<!-- \/ Yoast SEO plugin. -->","yoast_head_json":{"title":"Un cabinet de recrutement \u00e0 Paris sp\u00e9cialis\u00e9 dans l\u2019export.","description":"Le recrutement dans l\u2019export : Paris vous propose un cabinet d\u2019expert. ImpactUp est le cabinet sp\u00e9cialiste du recrutement dans l\u2019export, sis \u00e0 Paris.","robots":{"index":"index","follow":"follow","max-snippet":"max-snippet:-1","max-image-preview":"max-image-preview:large","max-video-preview":"max-video-preview:-1"},"canonical":"https:\/\/impactup.com\/en\/glossaire\/cabinet-de-recrutement-export-paris\/","og_locale":"en_US","og_type":"article","og_title":"Un cabinet de recrutement \u00e0 Paris sp\u00e9cialis\u00e9 dans l\u2019export.","og_description":"Le recrutement dans l\u2019export : Paris vous propose un cabinet d\u2019expert. ImpactUp est le cabinet sp\u00e9cialiste du recrutement dans l\u2019export, sis \u00e0 Paris.","og_url":"https:\/\/impactup.com\/en\/glossaire\/cabinet-de-recrutement-export-paris\/","og_site_name":"ImpactUp","article_modified_time":"2024-06-12T13:24:09+00:00","og_image":[{"width":1067,"height":600,"url":"https:\/\/impactup.com\/wp-content\/uploads\/2021\/01\/og.jpg","type":"image\/jpeg"}],"twitter_card":"summary_large_image","twitter_misc":{"Est. reading time":"4 minutes"},"schema":{"@context":"https:\/\/schema.org","@graph":[{"@type":"WebPage","@id":"https:\/\/impactup.com\/en\/glossaire\/cabinet-de-recrutement-export-paris\/","url":"https:\/\/impactup.com\/en\/glossaire\/cabinet-de-recrutement-export-paris\/","name":"Un cabinet de recrutement \u00e0 Paris sp\u00e9cialis\u00e9 dans l\u2019export.","isPartOf":{"@id":"https:\/\/impactup.com\/en\/#website"},"datePublished":"2024-06-10T13:41:41+00:00","dateModified":"2024-06-12T13:24:09+00:00","description":"Le recrutement dans l\u2019export : Paris vous propose un cabinet d\u2019expert. ImpactUp est le cabinet sp\u00e9cialiste du recrutement dans l\u2019export, sis \u00e0 Paris.","breadcrumb":{"@id":"https:\/\/impactup.com\/en\/glossaire\/cabinet-de-recrutement-export-paris\/#breadcrumb"},"inLanguage":"en-US","potentialAction":[{"@type":"ReadAction","target":["https:\/\/impactup.com\/en\/glossaire\/cabinet-de-recrutement-export-paris\/"]}]},{"@type":"BreadcrumbList","@id":"https:\/\/impactup.com\/en\/glossaire\/cabinet-de-recrutement-export-paris\/#breadcrumb","itemListElement":[{"@type":"ListItem","position":1,"name":"Accueil","item":"https:\/\/impactup.com\/en\/"},{"@type":"ListItem","position":2,"name":"Glossaire","item":"https:\/\/impactup.com\/en\/glossaire\/"},{"@type":"ListItem","position":3,"name":"Un cabinet de recrutement pour l\u2019export \u00e0 Paris"}]},{"@type":"WebSite","@id":"https:\/\/impactup.com\/en\/#website","url":"https:\/\/impactup.com\/en\/","name":"ImpactUp","description":"Recrutement commerciaux, directions commerciales et fonctions marketing","potentialAction":[{"@type":"SearchAction","target":{"@type":"EntryPoint","urlTemplate":"https:\/\/impactup.com\/en\/?s={search_term_string}"},"query-input":{"@type":"PropertyValueSpecification","valueRequired":true,"valueName":"search_term_string"}}],"inLanguage":"en-US"}]}},"_links":{"self":[{"href":"https:\/\/impactup.com\/en\/wp-json\/wp\/v2\/pages\/26243","targetHints":{"allow":["GET"]}}],"collection":[{"href":"https:\/\/impactup.com\/en\/wp-json\/wp\/v2\/pages"}],"about":[{"href":"https:\/\/impactup.com\/en\/wp-json\/wp\/v2\/types\/page"}],"author":[{"embeddable":true,"href":"https:\/\/impactup.com\/en\/wp-json\/wp\/v2\/users\/4"}],"replies":[{"embeddable":true,"href":"https:\/\/impactup.com\/en\/wp-json\/wp\/v2\/comments?post=26243"}],"version-history":[{"count":5,"href":"https:\/\/impactup.com\/en\/wp-json\/wp\/v2\/pages\/26243\/revisions"}],"predecessor-version":[{"id":26515,"href":"https:\/\/impactup.com\/en\/wp-json\/wp\/v2\/pages\/26243\/revisions\/26515"}],"up":[{"embeddable":true,"href":"https:\/\/impactup.com\/en\/wp-json\/wp\/v2\/pages\/17218"}],"wp:attachment":[{"href":"https:\/\/impactup.com\/en\/wp-json\/wp\/v2\/media?parent=26243"}],"curies":[{"name":"wp","href":"https:\/\/api.w.org\/{rel}","templated":true}]}}