{"id":26236,"date":"2024-06-10T15:32:14","date_gmt":"2024-06-10T13:32:14","guid":{"rendered":"https:\/\/impactup.niou.dev\/?page_id=26236"},"modified":"2024-06-12T14:07:06","modified_gmt":"2024-06-12T12:07:06","slug":"recrutement-manager-de-transition","status":"publish","type":"page","link":"https:\/\/impactup.com\/en\/glossaire\/recrutement-manager-de-transition\/","title":{"rendered":"Recrutement de votre manager de transition avec ImpactUp"},"content":{"rendered":"<div class=\"wpb-content-wrapper\"><p>[vc_row][vc_column width=&#8221;1\/3&#8243;][vc_btn title=&#8221;Voir notre offre&#8221; color=&#8221;secondarycolor&#8221; align=&#8221;center&#8221; css=&#8221;&#8221; link=&#8221;url:https%3A%2F%2Fimpactup.com%2Frecrutement%2F&#8221;][\/vc_column][vc_column width=&#8221;1\/3&#8243;][vc_btn title=&#8221;Confiez-nous votre projet&#8221; color=&#8221;secondarycolor&#8221; align=&#8221;center&#8221; css=&#8221;&#8221; link=&#8221;url:https%3A%2F%2Fimpactup.com%2Fetude-personnalisee%2F&#8221;][\/vc_column][vc_column width=&#8221;1\/3&#8243;][vc_btn title=&#8221;Contactez-nous&#8221; color=&#8221;secondarycolor&#8221; align=&#8221;center&#8221; css=&#8221;&#8221; link=&#8221;url:https%3A%2F%2Fimpactup.com%2Fcontact%2F&#8221;][\/vc_column][\/vc_row][vc_row css=&#8221;.vc_custom_1717658386032{padding-top: 40px !important;padding-bottom: 20px !important;}&#8221;][vc_column][vc_column_text css=&#8221;&#8221;]<\/p>\n<section style=\"text-align: justify;\">\n<h2><strong>Recrutement de votre manager de transition\u00a0avec ImpactUp<\/strong><\/h2>\n<p>Le <a href=\"https:\/\/impactup.com\/glossaire\/management-relais\"><strong>recrutement d\u2019un manager de transition<\/strong><\/a> n\u2019est pas une mince affaire puisqu\u2019il occupe un poste strat\u00e9gique. Il est ainsi vivement recommand\u00e9 de faire appel \u00e0 un cabinet de recrutement sp\u00e9cialis\u00e9 pour trouver le candidat id\u00e9al, correspondant \u00e0 vos attentes et besoins. <strong>ImpactUp<\/strong> est une agence de recrutement experte qui vous accompagne dans le recrutement de votre manager de transition et tout autre profil du commerce, du marketing et de la vente.<\/p>\n<\/section>\n<p>[\/vc_column_text][\/vc_column][\/vc_row][vc_row][vc_column width=&#8221;1\/3&#8243;][vc_btn title=&#8221;Voir notre offre&#8221; color=&#8221;secondarycolor&#8221; align=&#8221;center&#8221; css=&#8221;&#8221; link=&#8221;url:https%3A%2F%2Fimpactup.com%2Frecrutement%2F&#8221;][\/vc_column][vc_column width=&#8221;1\/3&#8243;][vc_btn title=&#8221;Confiez-nous votre projet&#8221; color=&#8221;secondarycolor&#8221; align=&#8221;center&#8221; css=&#8221;&#8221; link=&#8221;url:https%3A%2F%2Fimpactup.com%2Fetude-personnalisee%2F&#8221;][\/vc_column][vc_column width=&#8221;1\/3&#8243;][vc_btn title=&#8221;Contactez-nous&#8221; color=&#8221;secondarycolor&#8221; align=&#8221;center&#8221; css=&#8221;&#8221; link=&#8221;url:https%3A%2F%2Fimpactup.com%2Fcontact%2F&#8221;][\/vc_column][\/vc_row][vc_row css=&#8221;.vc_custom_1717658445522{padding-top: 40px !important;}&#8221;][vc_column][vc_column_text css=&#8221;&#8221;]<\/p>\n<section style=\"text-align: justify;\">\n<h2><strong>Recrutement de manager de transition\u00a0: les enjeux <\/strong><\/h2>\n<p>Lorsqu\u2019une entreprise est confront\u00e9e \u00e0 une probl\u00e9matique in\u00e9dite, par exemple une restructuration, elle a la possibilit\u00e9 de faire appel \u00e0 un intervenant externe pour l\u2019accompagner pendant cette p\u00e9riode d\u00e9licate. Le recours \u00e0 un manager ext\u00e9rieur \u00e0 l\u2019entreprise est \u00e9galement courant dans le cadre d\u2019un projet de transformation majeur tel qu\u2019une fusion-acquisition. Le manager de transition occupe un r\u00f4le-cl\u00e9 dans la gestion de ces situations.<\/p>\n<p>Intervenant dans le cadre d\u2019une mission pr\u00e9cise et ponctuelle, le manager de transition apporte son expertise et son savoir-faire dans la gestion des probl\u00e9matiques ou changements importants auxquels fait face une entreprise. Son exp\u00e9rience manag\u00e9riale et sa parfaite connaissance du secteur constituent des atouts pr\u00e9cieux pour mener \u00e0 bien sa mission.<\/p>\n<p>\u00c0 la diff\u00e9rence d\u2019un dirigeant classique, le manager de transition est focalis\u00e9 sur un objectif pr\u00e9cis et la dur\u00e9e de sa mission limit\u00e9e dans le temps.<\/p>\n<p>Il va de soi que l\u2019exp\u00e9rience dans la gestion des changements est un crit\u00e8re fondamental au <a href=\"https:\/\/impactup.com\/glossaire\/meilleur-cabinet-de-recrutement-de-cadres-commerciaux\"><strong>recrutement d\u2019un manager de transition<\/strong><\/a>. Le profil typique du manager de transition compte d\u2019ailleurs une dizaine d\u2019ann\u00e9es d\u2019exp\u00e9rience av\u00e9r\u00e9e en tant qu\u2019ind\u00e9pendant ou salari\u00e9 port\u00e9.<\/p>\n<p>Compte tenu du fait des enjeux li\u00e9s \u00e0 la fonction de manager de transition, le recrutement de ce type de profil ne doit pas se faire \u00e0 la l\u00e9g\u00e8re. Le cabinet de recrutement et de conseil <strong>ImpactUp<\/strong> se propose de vous accompagner dans cette mission en prenant en main tout ou partie du processus de recrutement.<\/p>\n<h2><strong>Recrutement de manager de transition\u00a0: l\u2019expertise ImpactUp<\/strong><\/h2>\n<p>Embaucher un manager de transition ne se limite pas \u00e0 recourir aux outils de recrutement classique\u00a0: une v\u00e9ritable strat\u00e9gie personnalis\u00e9e \u00e0 votre contexte est essentielle pour \u00e9viter toute erreur d\u2019appr\u00e9ciation.\u00a0Faire appel \u00e0 un cabinet de recrutement sp\u00e9cialis\u00e9 tel qu\u2019<a href=\"https:\/\/impactup.com\"><strong>ImpactUp<\/strong><\/a> repr\u00e9sente le meilleur moyen de garantir le succ\u00e8s de votre projet.<\/p>\n<p>Parce que l\u2019exp\u00e9rience est d\u00e9terminante pour exercer la fonction de manager de transition, le candidat s\u00e9lectionn\u00e9 doit pouvoir justifier de nombreuses ann\u00e9es de m\u00e9tier dans des fonctions \u00e0 responsabilit\u00e9 techniques ou manag\u00e9riales. Par ailleurs, le leadership, la r\u00e9activit\u00e9 et l\u2019adaptabilit\u00e9 sont des qualit\u00e9s essentielles\u00e0 l\u2019exercice de cette activit\u00e9.<\/p>\n<p>Dans le cadre de notre accompagnement, nous proc\u00e9dons en amont \u00e0 la d\u00e9finition du poste et du profil recherch\u00e9\u00a0: ses missions, objectif(s), t\u00e2ches, ou encore son exp\u00e9rience.<\/p>\n<p>Une fois ces \u00e9l\u00e9ments d\u00e9finis, notre \u00e9quipe de recruteurs effectue les d\u00e9marches n\u00e9cessaires pour trouver les candidats potentiels (annonces sur des plateformes sp\u00e9cialis\u00e9es, CVth\u00e8que, activation de notre r\u00e9seau) et proc\u00e9der \u00e0 leur sourcing.<\/p>\n<p>Des phases de pr\u00e9-selection\u00a0et s\u00e9lection nous permettent ensuite d\u2019affiner le processus de <a href=\"https:\/\/impactup.com\/glossaire\/chasseur-de-t%C3%AAte\"><strong>recrutement de manager de transition<\/strong><\/a>, auquel la d\u00e9cision finale d\u2019embauche vous revient.<\/p>\n<h2><strong>Focus sur ImpactUp<\/strong><\/h2>\n<p>Cr\u00e9\u00e9e en 2005, notre agence se sp\u00e9cialise dans les fonctions commerciales et de marketing. Nous comptons d\u00e9j\u00e0 plus de 2000 managers et commerciaux recrut\u00e9s. Pr\u00e9sente \u00e0 Paris, Nantes, La Rochelle, Toulouse, Lyon et Lille, notre agence est class\u00e9e dans l\u2019enqu\u00eate des meilleurs cabinets de recrutement et figure au Palmar\u00e8s dans la cat\u00e9gorie Managers et sp\u00e9cialistes.<\/p>\n<p>Nous misons tout sur notre pragmatisme avec nos \u00e9quipes issues \u00e0 100\u00a0% du terrain et notre proximit\u00e9 aussi bien avec les entreprises clientes qu\u2019avec les candidats, pour garantir la r\u00e9ussite de toutes nos missions. De plus, nous disposons des meilleures techniques de recherche et de s\u00e9lection afin de garantir un processus rapide et efficace, tout en continuant chaque ann\u00e9e d\u2019investir dans les outils les plus performants du march\u00e9.<\/p>\n<\/section>\n<p>[\/vc_column_text][\/vc_column][\/vc_row]<\/p>\n<\/div>","protected":false},"excerpt":{"rendered":"<p>[vc_row][vc_column width=&#8221;1\/3&#8243;][vc_btn title=&#8221;Voir notre offre&#8221; color=&#8221;secondarycolor&#8221; align=&#8221;center&#8221; css=&#8221;&#8221; link=&#8221;url:https%3A%2F%2Fimpactup.com%2Frecrutement%2F&#8221;][\/vc_column][vc_column width=&#8221;1\/3&#8243;][vc_btn title=&#8221;Confiez-nous votre projet&#8221; color=&#8221;secondarycolor&#8221; align=&#8221;center&#8221; css=&#8221;&#8221; link=&#8221;url:https%3A%2F%2Fimpactup.com%2Fetude-personnalisee%2F&#8221;][\/vc_column][vc_column width=&#8221;1\/3&#8243;][vc_btn title=&#8221;Contactez-nous&#8221; color=&#8221;secondarycolor&#8221; align=&#8221;center&#8221; css=&#8221;&#8221; link=&#8221;url:https%3A%2F%2Fimpactup.com%2Fcontact%2F&#8221;][\/vc_column][\/vc_row][vc_row css=&#8221;.vc_custom_1717658386032{padding-top: 40px !important;padding-bottom: 20px !important;}&#8221;][vc_column][vc_column_text css=&#8221;&#8221;] Recrutement de votre manager de transition\u00a0avec ImpactUp Le recrutement d\u2019un manager de transition n\u2019est pas une mince affaire puisqu\u2019il occupe un poste strat\u00e9gique. Il est ainsi [&hellip;]<\/p>\n","protected":false},"author":4,"featured_media":0,"parent":17218,"menu_order":0,"comment_status":"closed","ping_status":"closed","template":"","meta":{"_monsterinsights_skip_tracking":false,"_monsterinsights_sitenote_active":false,"_monsterinsights_sitenote_note":"","_monsterinsights_sitenote_category":0,"footnotes":""},"class_list":["post-26236","page","type-page","status-publish","hentry"],"yoast_head":"<!-- This site is optimized with the Yoast SEO plugin v27.0 - https:\/\/yoast.com\/product\/yoast-seo-wordpress\/ -->\n<title>Recrutement manager de transition - Le recrutement d\u2019un manager de transition avec un cabinet sp\u00e9cialis\u00e9<\/title>\n<meta name=\"description\" content=\"Trouver un cabinet sp\u00e9cialis\u00e9 pour le recrutement d\u2019un manager de transition. ImpactUp s\u2019occupe de A \u00e0 Z du recrutement de votre manager de transition.\" \/>\n<meta name=\"robots\" content=\"index, follow, max-snippet:-1, max-image-preview:large, max-video-preview:-1\" \/>\n<link rel=\"canonical\" href=\"https:\/\/impactup.com\/en\/glossaire\/recrutement-manager-de-transition\/\" \/>\n<meta property=\"og:locale\" content=\"en_US\" \/>\n<meta property=\"og:type\" content=\"article\" \/>\n<meta property=\"og:title\" content=\"Recrutement manager de transition - Le recrutement d\u2019un manager de transition avec un cabinet sp\u00e9cialis\u00e9\" \/>\n<meta property=\"og:description\" content=\"Trouver un cabinet sp\u00e9cialis\u00e9 pour le recrutement d\u2019un manager de transition. ImpactUp s\u2019occupe de A \u00e0 Z du recrutement de votre manager de transition.\" \/>\n<meta property=\"og:url\" content=\"https:\/\/impactup.com\/en\/glossaire\/recrutement-manager-de-transition\/\" \/>\n<meta property=\"og:site_name\" content=\"ImpactUp\" \/>\n<meta property=\"article:modified_time\" content=\"2024-06-12T12:07:06+00:00\" \/>\n<meta property=\"og:image\" content=\"https:\/\/impactup.com\/wp-content\/uploads\/2021\/01\/og.jpg\" \/>\n\t<meta property=\"og:image:width\" content=\"1067\" \/>\n\t<meta property=\"og:image:height\" content=\"600\" \/>\n\t<meta property=\"og:image:type\" content=\"image\/jpeg\" \/>\n<meta name=\"twitter:card\" content=\"summary_large_image\" \/>\n<meta name=\"twitter:label1\" content=\"Est. reading time\" \/>\n\t<meta name=\"twitter:data1\" content=\"4 minutes\" \/>\n<script type=\"application\/ld+json\" class=\"yoast-schema-graph\">{\"@context\":\"https:\/\/schema.org\",\"@graph\":[{\"@type\":\"WebPage\",\"@id\":\"https:\/\/impactup.com\/en\/glossaire\/recrutement-manager-de-transition\/\",\"url\":\"https:\/\/impactup.com\/en\/glossaire\/recrutement-manager-de-transition\/\",\"name\":\"Recrutement manager de transition - Le recrutement d\u2019un manager de transition avec un cabinet sp\u00e9cialis\u00e9\",\"isPartOf\":{\"@id\":\"https:\/\/impactup.com\/en\/#website\"},\"datePublished\":\"2024-06-10T13:32:14+00:00\",\"dateModified\":\"2024-06-12T12:07:06+00:00\",\"description\":\"Trouver un cabinet sp\u00e9cialis\u00e9 pour le recrutement d\u2019un manager de transition. ImpactUp s\u2019occupe de A \u00e0 Z du recrutement de votre manager de transition.\",\"breadcrumb\":{\"@id\":\"https:\/\/impactup.com\/en\/glossaire\/recrutement-manager-de-transition\/#breadcrumb\"},\"inLanguage\":\"en-US\",\"potentialAction\":[{\"@type\":\"ReadAction\",\"target\":[\"https:\/\/impactup.com\/en\/glossaire\/recrutement-manager-de-transition\/\"]}]},{\"@type\":\"BreadcrumbList\",\"@id\":\"https:\/\/impactup.com\/en\/glossaire\/recrutement-manager-de-transition\/#breadcrumb\",\"itemListElement\":[{\"@type\":\"ListItem\",\"position\":1,\"name\":\"Accueil\",\"item\":\"https:\/\/impactup.com\/en\/\"},{\"@type\":\"ListItem\",\"position\":2,\"name\":\"Glossaire\",\"item\":\"https:\/\/impactup.com\/en\/glossaire\/\"},{\"@type\":\"ListItem\",\"position\":3,\"name\":\"Recrutement de votre manager de transition avec ImpactUp\"}]},{\"@type\":\"WebSite\",\"@id\":\"https:\/\/impactup.com\/en\/#website\",\"url\":\"https:\/\/impactup.com\/en\/\",\"name\":\"ImpactUp\",\"description\":\"Recrutement commerciaux, directions commerciales et fonctions marketing\",\"potentialAction\":[{\"@type\":\"SearchAction\",\"target\":{\"@type\":\"EntryPoint\",\"urlTemplate\":\"https:\/\/impactup.com\/en\/?s={search_term_string}\"},\"query-input\":{\"@type\":\"PropertyValueSpecification\",\"valueRequired\":true,\"valueName\":\"search_term_string\"}}],\"inLanguage\":\"en-US\"}]}<\/script>\n<!-- \/ Yoast SEO plugin. -->","yoast_head_json":{"title":"Recrutement manager de transition - Le recrutement d\u2019un manager de transition avec un cabinet sp\u00e9cialis\u00e9","description":"Trouver un cabinet sp\u00e9cialis\u00e9 pour le recrutement d\u2019un manager de transition. ImpactUp s\u2019occupe de A \u00e0 Z du recrutement de votre manager de transition.","robots":{"index":"index","follow":"follow","max-snippet":"max-snippet:-1","max-image-preview":"max-image-preview:large","max-video-preview":"max-video-preview:-1"},"canonical":"https:\/\/impactup.com\/en\/glossaire\/recrutement-manager-de-transition\/","og_locale":"en_US","og_type":"article","og_title":"Recrutement manager de transition - Le recrutement d\u2019un manager de transition avec un cabinet sp\u00e9cialis\u00e9","og_description":"Trouver un cabinet sp\u00e9cialis\u00e9 pour le recrutement d\u2019un manager de transition. ImpactUp s\u2019occupe de A \u00e0 Z du recrutement de votre manager de transition.","og_url":"https:\/\/impactup.com\/en\/glossaire\/recrutement-manager-de-transition\/","og_site_name":"ImpactUp","article_modified_time":"2024-06-12T12:07:06+00:00","og_image":[{"width":1067,"height":600,"url":"https:\/\/impactup.com\/wp-content\/uploads\/2021\/01\/og.jpg","type":"image\/jpeg"}],"twitter_card":"summary_large_image","twitter_misc":{"Est. reading time":"4 minutes"},"schema":{"@context":"https:\/\/schema.org","@graph":[{"@type":"WebPage","@id":"https:\/\/impactup.com\/en\/glossaire\/recrutement-manager-de-transition\/","url":"https:\/\/impactup.com\/en\/glossaire\/recrutement-manager-de-transition\/","name":"Recrutement manager de transition - Le recrutement d\u2019un manager de transition avec un cabinet sp\u00e9cialis\u00e9","isPartOf":{"@id":"https:\/\/impactup.com\/en\/#website"},"datePublished":"2024-06-10T13:32:14+00:00","dateModified":"2024-06-12T12:07:06+00:00","description":"Trouver un cabinet sp\u00e9cialis\u00e9 pour le recrutement d\u2019un manager de transition. ImpactUp s\u2019occupe de A \u00e0 Z du recrutement de votre manager de transition.","breadcrumb":{"@id":"https:\/\/impactup.com\/en\/glossaire\/recrutement-manager-de-transition\/#breadcrumb"},"inLanguage":"en-US","potentialAction":[{"@type":"ReadAction","target":["https:\/\/impactup.com\/en\/glossaire\/recrutement-manager-de-transition\/"]}]},{"@type":"BreadcrumbList","@id":"https:\/\/impactup.com\/en\/glossaire\/recrutement-manager-de-transition\/#breadcrumb","itemListElement":[{"@type":"ListItem","position":1,"name":"Accueil","item":"https:\/\/impactup.com\/en\/"},{"@type":"ListItem","position":2,"name":"Glossaire","item":"https:\/\/impactup.com\/en\/glossaire\/"},{"@type":"ListItem","position":3,"name":"Recrutement de votre manager de transition avec ImpactUp"}]},{"@type":"WebSite","@id":"https:\/\/impactup.com\/en\/#website","url":"https:\/\/impactup.com\/en\/","name":"ImpactUp","description":"Recrutement commerciaux, directions commerciales et fonctions marketing","potentialAction":[{"@type":"SearchAction","target":{"@type":"EntryPoint","urlTemplate":"https:\/\/impactup.com\/en\/?s={search_term_string}"},"query-input":{"@type":"PropertyValueSpecification","valueRequired":true,"valueName":"search_term_string"}}],"inLanguage":"en-US"}]}},"_links":{"self":[{"href":"https:\/\/impactup.com\/en\/wp-json\/wp\/v2\/pages\/26236","targetHints":{"allow":["GET"]}}],"collection":[{"href":"https:\/\/impactup.com\/en\/wp-json\/wp\/v2\/pages"}],"about":[{"href":"https:\/\/impactup.com\/en\/wp-json\/wp\/v2\/types\/page"}],"author":[{"embeddable":true,"href":"https:\/\/impactup.com\/en\/wp-json\/wp\/v2\/users\/4"}],"replies":[{"embeddable":true,"href":"https:\/\/impactup.com\/en\/wp-json\/wp\/v2\/comments?post=26236"}],"version-history":[{"count":5,"href":"https:\/\/impactup.com\/en\/wp-json\/wp\/v2\/pages\/26236\/revisions"}],"predecessor-version":[{"id":26491,"href":"https:\/\/impactup.com\/en\/wp-json\/wp\/v2\/pages\/26236\/revisions\/26491"}],"up":[{"embeddable":true,"href":"https:\/\/impactup.com\/en\/wp-json\/wp\/v2\/pages\/17218"}],"wp:attachment":[{"href":"https:\/\/impactup.com\/en\/wp-json\/wp\/v2\/media?parent=26236"}],"curies":[{"name":"wp","href":"https:\/\/api.w.org\/{rel}","templated":true}]}}