{"id":26230,"date":"2024-06-10T15:35:05","date_gmt":"2024-06-10T13:35:05","guid":{"rendered":"https:\/\/impactup.niou.dev\/?page_id=26230"},"modified":"2024-06-12T15:33:57","modified_gmt":"2024-06-12T13:33:57","slug":"cabinet-de-recrutement-commerciaux-lyon-69","status":"publish","type":"page","link":"https:\/\/impactup.com\/en\/glossaire\/cabinet-de-recrutement-commerciaux-lyon-69\/","title":{"rendered":"Trouver les bons commerciaux dans le 69 avec un cabinet de recrutement sp\u00e9cialis\u00e9"},"content":{"rendered":"<div class=\"wpb-content-wrapper\"><p>[vc_row][vc_column width=&#8221;1\/3&#8243;][vc_btn title=&#8221;Voir notre offre&#8221; color=&#8221;secondarycolor&#8221; align=&#8221;center&#8221; css=&#8221;&#8221; link=&#8221;url:https%3A%2F%2Fimpactup.com%2Frecrutement%2F&#8221;][\/vc_column][vc_column width=&#8221;1\/3&#8243;][vc_btn title=&#8221;Confiez-nous votre projet&#8221; color=&#8221;secondarycolor&#8221; align=&#8221;center&#8221; css=&#8221;&#8221; link=&#8221;url:https%3A%2F%2Fimpactup.com%2Fetude-personnalisee%2F&#8221;][\/vc_column][vc_column width=&#8221;1\/3&#8243;][vc_btn title=&#8221;Contactez-nous&#8221; color=&#8221;secondarycolor&#8221; align=&#8221;center&#8221; css=&#8221;&#8221; link=&#8221;url:https%3A%2F%2Fimpactup.com%2Fcontact%2F&#8221;][\/vc_column][\/vc_row][vc_row css=&#8221;.vc_custom_1717658386032{padding-top: 40px !important;padding-bottom: 20px !important;}&#8221;][vc_column][vc_column_text css=&#8221;&#8221;]<\/p>\n<section>\n<section style=\"text-align: justify;\">\n<h2>Trouver les bons commerciaux dans le 69 avec un cabinet de recrutement sp\u00e9cialis\u00e9<\/h2>\n<\/section>\n<section style=\"text-align: justify;\">Si une entreprise est un tout et que chaque poste et chaque \u00e9l\u00e9ment a un r\u00f4le \u00e0 jouer pour son bon fonctionnement, certains m\u00e9tiers ont tout de m\u00eame un r\u00f4le plus d\u00e9terminant que les autres. C\u2019est notamment le cas des commerciaux qui \u0153uvrent pour la croissance de l\u2019activit\u00e9 en fid\u00e9lisant les clients et en gonflant le portefeuille client. Faire appel \u00e0 un <a href=\"https:\/\/impactup.com\/glossaire\/cabinet-chasseur-de-tete-lyon-69\/\"><strong>cabinet<\/strong> <strong>sp\u00e9cialis\u00e9 dans le recrutement de commerciaux \u00e0<\/strong> <strong>Lyon <\/strong><\/a>tel qu\u2019<strong>ImpactUp <\/strong>est la meilleure garantie de se constituer une \u00e9quipe comp\u00e9tente et efficace.<\/section>\n<p>[\/vc_column_text][\/vc_column][\/vc_row][vc_row][vc_column width=&#8221;1\/3&#8243;][vc_btn title=&#8221;Voir notre offre&#8221; color=&#8221;secondarycolor&#8221; align=&#8221;center&#8221; css=&#8221;&#8221; link=&#8221;url:https%3A%2F%2Fimpactup.com%2Frecrutement%2F&#8221;][\/vc_column][vc_column width=&#8221;1\/3&#8243;][vc_btn title=&#8221;Confiez-nous votre projet&#8221; color=&#8221;secondarycolor&#8221; align=&#8221;center&#8221; css=&#8221;&#8221; link=&#8221;url:https%3A%2F%2Fimpactup.com%2Fetude-personnalisee%2F&#8221;][\/vc_column][vc_column width=&#8221;1\/3&#8243;][vc_btn title=&#8221;Contactez-nous&#8221; color=&#8221;secondarycolor&#8221; align=&#8221;center&#8221; css=&#8221;&#8221; link=&#8221;url:https%3A%2F%2Fimpactup.com%2Fcontact%2F&#8221;][\/vc_column][\/vc_row][vc_row css=&#8221;.vc_custom_1717658445522{padding-top: 40px !important;}&#8221;][vc_column][vc_column_text css=&#8221;&#8221;]<\/p>\n<section style=\"text-align: justify;\">\n<h2><strong>R\u00f4le et qualit\u00e9s d\u2019un commercial selon le cabinet de recrutement de commerciaux ImpactUp 69<\/strong><\/h2>\n<p>Le r\u00f4le du commercial ne se limite pas \u00e0 vendre et faire signer des contrats. Il a \u00e9galement pour mission de mettre en place des strat\u00e9gies de dynamisation des ventes, de d\u00e9marcher les prospects, de n\u00e9gocier les prix, d\u2019effectuer un suivi commercial pour fid\u00e9liser les clients ou encore de g\u00e9rer le portefeuille client.<\/p>\n<p>\u00c0 cette fin, le <a href=\"https:\/\/impactup.com\/glossaire\/cabinet-de-developpement-commercial-lyon-69\/\"><strong>cabinet de recrutement sp\u00e9cialis\u00e9 commercial ImpactUp de<\/strong> <strong>Lyon <\/strong><\/a>pr\u00e9cise qu\u2019un bon commercial doit cumuler certaines qualit\u00e9s humaines et de communication :<\/p>\n<ul>\n<li>Une certaine confiance en soi pour rassurer les interlocuteurs sur ses comp\u00e9tences et les produits ou services propos\u00e9s et \u00e9galement pour savoir encaisser les refus ;<\/li>\n<li>Une capacit\u00e9 de communication et de synth\u00e9tisation pour attirer et convaincre ;<\/li>\n<li>L\u2019\u00e9coute et un minimum d\u2019empathie afin de pouvoir comprendre ce dont a r\u00e9ellement besoin l\u2019interlocuteur et pouvoir ainsi adapter son discours et son offre ;<\/li>\n<li>La capacit\u00e9 d\u2019adaptation et de cr\u00e9ativit\u00e9 pour pouvoir r\u00e9pondre \u00e0 toutes situations inattendues ou incongrues ;<\/li>\n<li>La pers\u00e9v\u00e9rance, car dans la vie d\u2019un commercial, pour un contrat qui aboutit, il y en a eu plusieurs qui ont \u00e9chou\u00e9 ;<\/li>\n<li>L\u2019envie constante d\u2019apprendre pour conna\u00eetre toujours mieux ses produits ou services, le march\u00e9 et les concurrents afin de perfectionner constamment son discours.<\/li>\n<\/ul>\n<h2><strong>ImpactUp, cabinet expert en recrutement de commerciaux dans le 69<\/strong><\/h2>\n<p><a href=\"https:\/\/impactup.com\"><strong>ImpactUp<\/strong><\/a>, c\u2019est pr\u00e8s de 20 ans d\u2019exp\u00e9rience dans le recrutement de commerciaux et de sp\u00e9cialistes du marketing pour les entreprises de toutes tailles avec plus de 2 000 recrutements r\u00e9ussis \u00e0 son actif. Avec des bureaux \u00e0 Paris, Nantes, La Rochelle, Lille, Toulouse et <a href=\"https:\/\/impactup.com\/glossaire\/chasseur-de-tete-commerciaux-lyon-69\/\"><strong>Lyon<\/strong>, <strong>ce cabinet de recrutement de<\/strong> <strong>commerciaux <\/strong><\/a>propose un accompagnement personnalis\u00e9 avec un interlocuteur unique pour chaque entreprise. Ce consultant d\u00e9di\u00e9 est s\u00e9lectionn\u00e9 selon ses comp\u00e9tences acquises sur le terrain puisque chacun des collaborateurs de la soci\u00e9t\u00e9 a d\u00e9j\u00e0 exerc\u00e9 une fonction commerciale ou marketing. Vous avez ainsi la garantie d\u2019un interlocuteur \u00e0 l\u2019\u00e9coute qui saura identifier les besoins de votre entreprise et le profil du candidat id\u00e9al pour le poste recherch\u00e9.<\/p>\n<p>Nous assurons tout le processus de recrutement jusqu\u2018\u00e0 l\u2019int\u00e9gration au sein de l\u2019\u00e9quipe avec des techniques de s\u00e9lection \u00e9prouv\u00e9es et propres \u00e0 l\u2019agence.<\/p>\n<p>Nous pouvons \u00e9galement r\u00e9pondre aux besoins de recrutement volumique et RPO que ce soit de mani\u00e8re r\u00e9currente, ponctuelle et\/ou rapide. Et enfin, nous proposons un service de management de transition pour projet particulier, situation de crise ou la prise de relais et le conseil en d\u00e9veloppement commercial.<\/p>\n<\/section>\n<p>[\/vc_column_text][\/vc_column][\/vc_row]<\/p>\n<\/section>\n<\/div>","protected":false},"excerpt":{"rendered":"<p>[vc_row][vc_column width=&#8221;1\/3&#8243;][vc_btn title=&#8221;Voir notre offre&#8221; color=&#8221;secondarycolor&#8221; align=&#8221;center&#8221; css=&#8221;&#8221; link=&#8221;url:https%3A%2F%2Fimpactup.com%2Frecrutement%2F&#8221;][\/vc_column][vc_column width=&#8221;1\/3&#8243;][vc_btn title=&#8221;Confiez-nous votre projet&#8221; color=&#8221;secondarycolor&#8221; align=&#8221;center&#8221; css=&#8221;&#8221; link=&#8221;url:https%3A%2F%2Fimpactup.com%2Fetude-personnalisee%2F&#8221;][\/vc_column][vc_column width=&#8221;1\/3&#8243;][vc_btn title=&#8221;Contactez-nous&#8221; color=&#8221;secondarycolor&#8221; align=&#8221;center&#8221; css=&#8221;&#8221; link=&#8221;url:https%3A%2F%2Fimpactup.com%2Fcontact%2F&#8221;][\/vc_column][\/vc_row][vc_row css=&#8221;.vc_custom_1717658386032{padding-top: 40px !important;padding-bottom: 20px !important;}&#8221;][vc_column][vc_column_text css=&#8221;&#8221;] Trouver les bons commerciaux dans le 69 avec un cabinet de recrutement sp\u00e9cialis\u00e9 Si une entreprise est un tout et que chaque poste et chaque \u00e9l\u00e9ment [&hellip;]<\/p>\n","protected":false},"author":4,"featured_media":0,"parent":17218,"menu_order":0,"comment_status":"closed","ping_status":"closed","template":"","meta":{"_monsterinsights_skip_tracking":false,"_monsterinsights_sitenote_active":false,"_monsterinsights_sitenote_note":"","_monsterinsights_sitenote_category":0,"footnotes":""},"class_list":["post-26230","page","type-page","status-publish","hentry"],"yoast_head":"<!-- This site is optimized with the Yoast SEO plugin v27.0 - https:\/\/yoast.com\/product\/yoast-seo-wordpress\/ -->\n<title>Quel cabinet de recrutement de commerciaux choisir \u00e0 Lyon ?<\/title>\n<meta name=\"description\" content=\"Recrutement de commerciaux dans le 69 : faites appel \u00e0 un cabinet sp\u00e9cialis\u00e9. ImpactUp, cabinet de recrutement de commerciaux \u00e0 Lyon avec pr\u00e8s de 20 ans d\u2019exp\u00e9rience.\" \/>\n<meta name=\"robots\" content=\"index, follow, max-snippet:-1, max-image-preview:large, max-video-preview:-1\" \/>\n<link rel=\"canonical\" href=\"https:\/\/impactup.com\/en\/glossaire\/cabinet-de-recrutement-commerciaux-lyon-69\/\" \/>\n<meta property=\"og:locale\" content=\"en_US\" \/>\n<meta property=\"og:type\" content=\"article\" \/>\n<meta property=\"og:title\" content=\"Quel cabinet de recrutement de commerciaux choisir \u00e0 Lyon ?\" \/>\n<meta property=\"og:description\" content=\"Recrutement de commerciaux dans le 69 : faites appel \u00e0 un cabinet sp\u00e9cialis\u00e9. ImpactUp, cabinet de recrutement de commerciaux \u00e0 Lyon avec pr\u00e8s de 20 ans d\u2019exp\u00e9rience.\" \/>\n<meta property=\"og:url\" content=\"https:\/\/impactup.com\/en\/glossaire\/cabinet-de-recrutement-commerciaux-lyon-69\/\" \/>\n<meta property=\"og:site_name\" content=\"ImpactUp\" \/>\n<meta property=\"article:modified_time\" content=\"2024-06-12T13:33:57+00:00\" \/>\n<meta property=\"og:image\" content=\"https:\/\/impactup.com\/wp-content\/uploads\/2021\/01\/og.jpg\" \/>\n\t<meta property=\"og:image:width\" content=\"1067\" \/>\n\t<meta property=\"og:image:height\" content=\"600\" \/>\n\t<meta property=\"og:image:type\" content=\"image\/jpeg\" \/>\n<meta name=\"twitter:card\" content=\"summary_large_image\" \/>\n<meta name=\"twitter:label1\" content=\"Est. reading time\" \/>\n\t<meta name=\"twitter:data1\" content=\"3 minutes\" \/>\n<script type=\"application\/ld+json\" class=\"yoast-schema-graph\">{\"@context\":\"https:\/\/schema.org\",\"@graph\":[{\"@type\":\"WebPage\",\"@id\":\"https:\/\/impactup.com\/en\/glossaire\/cabinet-de-recrutement-commerciaux-lyon-69\/\",\"url\":\"https:\/\/impactup.com\/en\/glossaire\/cabinet-de-recrutement-commerciaux-lyon-69\/\",\"name\":\"Quel cabinet de recrutement de commerciaux choisir \u00e0 Lyon ?\",\"isPartOf\":{\"@id\":\"https:\/\/impactup.com\/en\/#website\"},\"datePublished\":\"2024-06-10T13:35:05+00:00\",\"dateModified\":\"2024-06-12T13:33:57+00:00\",\"description\":\"Recrutement de commerciaux dans le 69 : faites appel \u00e0 un cabinet sp\u00e9cialis\u00e9. ImpactUp, cabinet de recrutement de commerciaux \u00e0 Lyon avec pr\u00e8s de 20 ans d\u2019exp\u00e9rience.\",\"breadcrumb\":{\"@id\":\"https:\/\/impactup.com\/en\/glossaire\/cabinet-de-recrutement-commerciaux-lyon-69\/#breadcrumb\"},\"inLanguage\":\"en-US\",\"potentialAction\":[{\"@type\":\"ReadAction\",\"target\":[\"https:\/\/impactup.com\/en\/glossaire\/cabinet-de-recrutement-commerciaux-lyon-69\/\"]}]},{\"@type\":\"BreadcrumbList\",\"@id\":\"https:\/\/impactup.com\/en\/glossaire\/cabinet-de-recrutement-commerciaux-lyon-69\/#breadcrumb\",\"itemListElement\":[{\"@type\":\"ListItem\",\"position\":1,\"name\":\"Accueil\",\"item\":\"https:\/\/impactup.com\/en\/\"},{\"@type\":\"ListItem\",\"position\":2,\"name\":\"Glossaire\",\"item\":\"https:\/\/impactup.com\/en\/glossaire\/\"},{\"@type\":\"ListItem\",\"position\":3,\"name\":\"Trouver les bons commerciaux dans le 69 avec un cabinet de recrutement sp\u00e9cialis\u00e9\"}]},{\"@type\":\"WebSite\",\"@id\":\"https:\/\/impactup.com\/en\/#website\",\"url\":\"https:\/\/impactup.com\/en\/\",\"name\":\"ImpactUp\",\"description\":\"Recrutement commerciaux, directions commerciales et fonctions marketing\",\"potentialAction\":[{\"@type\":\"SearchAction\",\"target\":{\"@type\":\"EntryPoint\",\"urlTemplate\":\"https:\/\/impactup.com\/en\/?s={search_term_string}\"},\"query-input\":{\"@type\":\"PropertyValueSpecification\",\"valueRequired\":true,\"valueName\":\"search_term_string\"}}],\"inLanguage\":\"en-US\"}]}<\/script>\n<!-- \/ Yoast SEO plugin. -->","yoast_head_json":{"title":"Quel cabinet de recrutement de commerciaux choisir \u00e0 Lyon ?","description":"Recrutement de commerciaux dans le 69 : faites appel \u00e0 un cabinet sp\u00e9cialis\u00e9. ImpactUp, cabinet de recrutement de commerciaux \u00e0 Lyon avec pr\u00e8s de 20 ans d\u2019exp\u00e9rience.","robots":{"index":"index","follow":"follow","max-snippet":"max-snippet:-1","max-image-preview":"max-image-preview:large","max-video-preview":"max-video-preview:-1"},"canonical":"https:\/\/impactup.com\/en\/glossaire\/cabinet-de-recrutement-commerciaux-lyon-69\/","og_locale":"en_US","og_type":"article","og_title":"Quel cabinet de recrutement de commerciaux choisir \u00e0 Lyon ?","og_description":"Recrutement de commerciaux dans le 69 : faites appel \u00e0 un cabinet sp\u00e9cialis\u00e9. ImpactUp, cabinet de recrutement de commerciaux \u00e0 Lyon avec pr\u00e8s de 20 ans d\u2019exp\u00e9rience.","og_url":"https:\/\/impactup.com\/en\/glossaire\/cabinet-de-recrutement-commerciaux-lyon-69\/","og_site_name":"ImpactUp","article_modified_time":"2024-06-12T13:33:57+00:00","og_image":[{"width":1067,"height":600,"url":"https:\/\/impactup.com\/wp-content\/uploads\/2021\/01\/og.jpg","type":"image\/jpeg"}],"twitter_card":"summary_large_image","twitter_misc":{"Est. reading time":"3 minutes"},"schema":{"@context":"https:\/\/schema.org","@graph":[{"@type":"WebPage","@id":"https:\/\/impactup.com\/en\/glossaire\/cabinet-de-recrutement-commerciaux-lyon-69\/","url":"https:\/\/impactup.com\/en\/glossaire\/cabinet-de-recrutement-commerciaux-lyon-69\/","name":"Quel cabinet de recrutement de commerciaux choisir \u00e0 Lyon ?","isPartOf":{"@id":"https:\/\/impactup.com\/en\/#website"},"datePublished":"2024-06-10T13:35:05+00:00","dateModified":"2024-06-12T13:33:57+00:00","description":"Recrutement de commerciaux dans le 69 : faites appel \u00e0 un cabinet sp\u00e9cialis\u00e9. ImpactUp, cabinet de recrutement de commerciaux \u00e0 Lyon avec pr\u00e8s de 20 ans d\u2019exp\u00e9rience.","breadcrumb":{"@id":"https:\/\/impactup.com\/en\/glossaire\/cabinet-de-recrutement-commerciaux-lyon-69\/#breadcrumb"},"inLanguage":"en-US","potentialAction":[{"@type":"ReadAction","target":["https:\/\/impactup.com\/en\/glossaire\/cabinet-de-recrutement-commerciaux-lyon-69\/"]}]},{"@type":"BreadcrumbList","@id":"https:\/\/impactup.com\/en\/glossaire\/cabinet-de-recrutement-commerciaux-lyon-69\/#breadcrumb","itemListElement":[{"@type":"ListItem","position":1,"name":"Accueil","item":"https:\/\/impactup.com\/en\/"},{"@type":"ListItem","position":2,"name":"Glossaire","item":"https:\/\/impactup.com\/en\/glossaire\/"},{"@type":"ListItem","position":3,"name":"Trouver les bons commerciaux dans le 69 avec un cabinet de recrutement sp\u00e9cialis\u00e9"}]},{"@type":"WebSite","@id":"https:\/\/impactup.com\/en\/#website","url":"https:\/\/impactup.com\/en\/","name":"ImpactUp","description":"Recrutement commerciaux, directions commerciales et fonctions marketing","potentialAction":[{"@type":"SearchAction","target":{"@type":"EntryPoint","urlTemplate":"https:\/\/impactup.com\/en\/?s={search_term_string}"},"query-input":{"@type":"PropertyValueSpecification","valueRequired":true,"valueName":"search_term_string"}}],"inLanguage":"en-US"}]}},"_links":{"self":[{"href":"https:\/\/impactup.com\/en\/wp-json\/wp\/v2\/pages\/26230","targetHints":{"allow":["GET"]}}],"collection":[{"href":"https:\/\/impactup.com\/en\/wp-json\/wp\/v2\/pages"}],"about":[{"href":"https:\/\/impactup.com\/en\/wp-json\/wp\/v2\/types\/page"}],"author":[{"embeddable":true,"href":"https:\/\/impactup.com\/en\/wp-json\/wp\/v2\/users\/4"}],"replies":[{"embeddable":true,"href":"https:\/\/impactup.com\/en\/wp-json\/wp\/v2\/comments?post=26230"}],"version-history":[{"count":4,"href":"https:\/\/impactup.com\/en\/wp-json\/wp\/v2\/pages\/26230\/revisions"}],"predecessor-version":[{"id":26518,"href":"https:\/\/impactup.com\/en\/wp-json\/wp\/v2\/pages\/26230\/revisions\/26518"}],"up":[{"embeddable":true,"href":"https:\/\/impactup.com\/en\/wp-json\/wp\/v2\/pages\/17218"}],"wp:attachment":[{"href":"https:\/\/impactup.com\/en\/wp-json\/wp\/v2\/media?parent=26230"}],"curies":[{"name":"wp","href":"https:\/\/api.w.org\/{rel}","templated":true}]}}