{"id":26224,"date":"2024-06-10T15:22:24","date_gmt":"2024-06-10T13:22:24","guid":{"rendered":"https:\/\/impactup.niou.dev\/?page_id=26224"},"modified":"2024-06-12T14:04:28","modified_gmt":"2024-06-12T12:04:28","slug":"recrutement-responsable-e-commerce","status":"publish","type":"page","link":"https:\/\/impactup.com\/en\/glossaire\/recrutement-responsable-e-commerce\/","title":{"rendered":"Trouver le meilleur responsable e-commerce avec le cabinet de recrutement ImpactUp"},"content":{"rendered":"<div class=\"wpb-content-wrapper\"><p>[vc_row][vc_column width=&#8221;1\/3&#8243;][vc_btn title=&#8221;Voir notre offre&#8221; color=&#8221;secondarycolor&#8221; align=&#8221;center&#8221; css=&#8221;&#8221; link=&#8221;url:https%3A%2F%2Fimpactup.com%2Frecrutement%2F&#8221;][\/vc_column][vc_column width=&#8221;1\/3&#8243;][vc_btn title=&#8221;Confiez-nous votre projet&#8221; color=&#8221;secondarycolor&#8221; align=&#8221;center&#8221; css=&#8221;&#8221; link=&#8221;url:https%3A%2F%2Fimpactup.com%2Fetude-personnalisee%2F&#8221;][\/vc_column][vc_column width=&#8221;1\/3&#8243;][vc_btn title=&#8221;Contactez-nous&#8221; color=&#8221;secondarycolor&#8221; align=&#8221;center&#8221; css=&#8221;&#8221; link=&#8221;url:https%3A%2F%2Fimpactup.com%2Fcontact%2F&#8221;][\/vc_column][\/vc_row][vc_row css=&#8221;.vc_custom_1717658386032{padding-top: 40px !important;padding-bottom: 20px !important;}&#8221;][vc_column][vc_column_text css=&#8221;&#8221;]<\/p>\n<section style=\"text-align: justify;\">\n<h2><strong>Trouver le meilleur responsable e-commerce avec le cabinet de recrutement ImpactUp<\/strong><\/h2>\n<p>Vous souhaitez constituer des \u00e9quipes efficaces? Commencez par rechercher les responsables et managers de talent. Ils \u00a0pourront coordonner et motiver les \u00e9quipes pour leur\u00a0 permettre de se surpasser. Au m\u00eame titre, pour r\u00e9ussir le <a href=\"https:\/\/impactup.com\/glossaire\/recrutement-business-developer-digital\"><strong>recrutement du bon responsable e-commerce<\/strong><\/a> ou tout autre poste de responsabilit\u00e9, il est fortement conseill\u00e9 de confier l\u2019exercice \u00e0 un sp\u00e9cialiste tel qu\u2019<strong>ImpactUp<\/strong>. Le cabinet est expert dans la recherche de commerciaux, responsables et managers de talents depuis deux d\u00e9cennies.<\/p>\n<\/section>\n<p>[\/vc_column_text][\/vc_column][\/vc_row][vc_row][vc_column width=&#8221;1\/3&#8243;][vc_btn title=&#8221;Voir notre offre&#8221; color=&#8221;secondarycolor&#8221; align=&#8221;center&#8221; css=&#8221;&#8221; link=&#8221;url:https%3A%2F%2Fimpactup.com%2Frecrutement%2F&#8221;][\/vc_column][vc_column width=&#8221;1\/3&#8243;][vc_btn title=&#8221;Confiez-nous votre projet&#8221; color=&#8221;secondarycolor&#8221; align=&#8221;center&#8221; css=&#8221;&#8221; link=&#8221;url:https%3A%2F%2Fimpactup.com%2Fetude-personnalisee%2F&#8221;][\/vc_column][vc_column width=&#8221;1\/3&#8243;][vc_btn title=&#8221;Contactez-nous&#8221; color=&#8221;secondarycolor&#8221; align=&#8221;center&#8221; css=&#8221;&#8221; link=&#8221;url:https%3A%2F%2Fimpactup.com%2Fcontact%2F&#8221;][\/vc_column][\/vc_row][vc_row css=&#8221;.vc_custom_1717658445522{padding-top: 40px !important;}&#8221;][vc_column][vc_column_text css=&#8221;&#8221;]<\/p>\n<section style=\"text-align: justify;\">\n<h2><strong>Confiez le recrutement de votre responsable e-commerce \u00e0 un sp\u00e9cialiste<\/strong><\/h2>\n<p>Cabinet de recrutement sp\u00e9cialiste des fonctions commerciales et marketing, <strong>ImpactUp\u00a0<\/strong>apporte aux entreprises des solutions sur-mesure dans leurs probl\u00e9matiques de recrutement.\u00a0Nous intervenons \u00e0 chaque \u00e9tape du processus de <a href=\"https:\/\/impactup.com\/glossaire\/recrutement-sales-digital\"><strong>recrutement<\/strong><\/a> pour permettre \u00e0 nos clients d\u2019int\u00e9grer le meilleur profil et les meilleurs talents commerciaux. <a href=\"https:\/\/impactup.com\/glossaire\/recrutement-sales-digital\"><strong>Responsable e-commerce<\/strong><\/a>, directeur commercial, ing\u00e9nieur d\u2019affaires\u2026 confiez-nous le recrutement de vos futurs collaborateurs strat\u00e9giques.<\/p>\n<h2><strong>Recrutement de responsable e-commerce\u00a0: les enjeux<\/strong><\/h2>\n<p>Charg\u00e9 d\u2019\u00e9laborer et de piloter la strat\u00e9gie e-commerce de l\u2019entreprise, le responsable e-commerce joue un r\u00f4le central dans le d\u00e9veloppement du chiffre d\u2019affaires et du portefeuille clients.<\/p>\n<p>Cet expert de la vente et du marketing g\u00e8re au quotidien le ou les sites marchands d\u2019une entreprise dans le but d\u2019en accro\u00eetre le trafic et la notori\u00e9t\u00e9, mais surtout d\u2019augmenter les ventes en ligne.<\/p>\n<p>Pour l\u2019aider dans sa mission, le responsable e-commerce travaille en collaboration avec l\u2019\u00e9quipe de marketing digital \u2014traffic manager, data analyst, community manager, etc. \u2014 et s\u2019appuie de plus en plus sur les r\u00e9seaux sociaux pour renforcer la visibilit\u00e9 de l\u2019entreprise sur le web.<\/p>\n<p>Un bon responsable e-commerce, c\u2019est avant tout un strat\u00e8ge qui r\u00e9alise ses objectifs sur le plan quantitatif et qualitatif.<\/p>\n<p>Promotion des produits et services, analyse des KPI, d\u00e9veloppement des ventes&#8230; son expertise et ses comp\u00e9tences sont de pr\u00e9cieux atouts pour atteindre les objectifs commerciaux de l\u2019entreprise.<\/p>\n<p>De ce fait, les employeurs ont \u00e9lev\u00e9 leur niveau d\u2019exigence quant au profil de leur futur responsable e-commerce.<\/p>\n<p>Les entreprises, lorsqu\u2019elles g\u00e8rent en interne le recrutement de leur responsable e-commerce, se heurtent cependant \u00e0 un s\u00e9rieux \u00e9cueil\u00a0: les profils de qualit\u00e9 sont rares et les comp\u00e9tences requises \u00e9voluent constamment.<\/p>\n<p>Le recours \u00e0 un cabinet de recrutement sp\u00e9cialis\u00e9 tel qu\u2019<a href=\"https:\/\/impactup.com\"><strong>ImpactUp<\/strong><\/a> se pr\u00e9sente d\u00e8s lors comme la meilleure alternative.<\/p>\n<h2><strong>Recrutement de responsable e-commerce avec le cabinet ImpactUp<\/strong><\/h2>\n<p>Vous \u00eates \u00e0 la recherche d\u2019un <strong>responsable e-commerce<\/strong>\u00a0? Le cabinet de <strong>recrutement <\/strong>ImpactUp peut vous aider \u00e0 trouver la perle rare. Nous accompagnons les grandes entreprises et les PME dans le processus de recrutement de leurs talents commerciaux, quel que soit le secteur d\u2019activit\u00e9.<\/p>\n<p>Le recrutement des meilleurs talents commerciaux et marketing, dont le responsable e-commerce, une probl\u00e9matique cl\u00e9 des entreprises.<\/p>\n<p>Bien souvent, l\u2019intervention d\u2019un expert en recrutement est incontournable pour s\u2019assurer de trouver le bon candidat.<\/p>\n<p>L\u2019atout majeur des recruteurs externes r\u00e9side dans leur capacit\u00e9 \u00e0 d\u00e9busquer et analyser les profils \u00e0 fort potentiel. Ces professionnels du march\u00e9 de l\u2019emploi ont une maitrise affin\u00e9e des secteurs d\u2019activit\u00e9 dans lesquels ils interviennent et savent quel type de profil est en ad\u00e9quation avec les besoins du client.<\/p>\n<p>Pour le recrutement de votre responsable e-commerce, nous proposons une approche pragmatique associant des actions de \u00ab\u00a0chasse\u00a0\u00bbet de recrutement par annonces.<\/p>\n<p>Gr\u00e2ce \u00e0 notre base de donn\u00e9es, nous sommes \u00e9galement en mesure de pr\u00e9s\u00e9lectionner les candidats \u00e0 fort potentiel, tant sur le plan des comp\u00e9tences techniques que des soft skills.<\/p>\n<p>Lors de la mise en comp\u00e9tition de candidats pr\u00e9sentant les m\u00eames comp\u00e9tences, nos consultants leur font passer toute une batterie de tests (de personnalit\u00e9, cognitifs, linguistiques, comportementaux\u2026) et un entretien pour les d\u00e9partager. Nous proposons\u00a0 syst\u00e9matiquement un short list et\u00a0 le dernier mot revient au dirigeant et responsables. Nous assurons toutes les d\u00e9marches li\u00e9es \u00e0 l\u2019embauche (r\u00e9daction du contrat selon un cahier des charges, n\u00e9gociation\u2026) et nous accompagnons le ou les candidats pour r\u00e9ussir leur int\u00e9gration \u00a0au sein des \u00e9quipes.<\/p>\n<p>Notre cabinet peut s\u2019appuyer sur une solide \u00e9quipe de consultants issus des fonctions pour lesquelles ils interviennent pour mener \u00e0 bien ses missions. Celles-ci sont trait\u00e9es \u00e9tape par \u00e9tape, de la d\u00e9finition du besoin du client \u00e0 l\u2019embauche d\u00e9finitive du candidat.<\/p>\n<h2><strong>Autres prestations d\u00e9livr\u00e9es par \u00a0ImpactUp<\/strong><\/h2>\n<p>Outre le <a href=\"https:\/\/impactup.com\/glossaire\/recrutement-marketing-digital\"><strong>recrutement individuel de responsable e-commerce<\/strong><\/a> et de tout autre responsable strat\u00e9gique et manager, nous proposons\u00a0:<\/p>\n<ul>\n<li>Le recrutement volumique saisonnier, ponctuel ou d\u00e9finitif\u00a0;<\/li>\n<li>L\u2019audit des \u00e9quipes pour r\u00e9v\u00e9ler les talents cach\u00e9s, identifier les besoins en formation ou encore pour assurer une passation de poste \u00e0 responsabilit\u00e9 en interne\u00a0;<\/li>\n<li>Des formations sur mesure pour les collaborateurs ou candidats sur les m\u00e9thodes de communication verbale et non verbale pour les fonctions commerciales et manag\u00e9riales et une troisi\u00e8me formation uniquement ax\u00e9e sur les techniques manag\u00e9riales\u00a0;<\/li>\n<li>le conseil en pilotage commercial.<\/li>\n<\/ul>\n<\/section>\n<p>[\/vc_column_text][\/vc_column][\/vc_row]<\/p>\n<\/div>","protected":false},"excerpt":{"rendered":"<p>[vc_row][vc_column width=&#8221;1\/3&#8243;][vc_btn title=&#8221;Voir notre offre&#8221; color=&#8221;secondarycolor&#8221; align=&#8221;center&#8221; css=&#8221;&#8221; link=&#8221;url:https%3A%2F%2Fimpactup.com%2Frecrutement%2F&#8221;][\/vc_column][vc_column width=&#8221;1\/3&#8243;][vc_btn title=&#8221;Confiez-nous votre projet&#8221; color=&#8221;secondarycolor&#8221; align=&#8221;center&#8221; css=&#8221;&#8221; link=&#8221;url:https%3A%2F%2Fimpactup.com%2Fetude-personnalisee%2F&#8221;][\/vc_column][vc_column width=&#8221;1\/3&#8243;][vc_btn title=&#8221;Contactez-nous&#8221; color=&#8221;secondarycolor&#8221; align=&#8221;center&#8221; css=&#8221;&#8221; link=&#8221;url:https%3A%2F%2Fimpactup.com%2Fcontact%2F&#8221;][\/vc_column][\/vc_row][vc_row css=&#8221;.vc_custom_1717658386032{padding-top: 40px !important;padding-bottom: 20px !important;}&#8221;][vc_column][vc_column_text css=&#8221;&#8221;] Trouver le meilleur responsable e-commerce avec le cabinet de recrutement ImpactUp Vous souhaitez constituer des \u00e9quipes efficaces? Commencez par rechercher les responsables et managers de talent. [&hellip;]<\/p>\n","protected":false},"author":4,"featured_media":0,"parent":17218,"menu_order":0,"comment_status":"closed","ping_status":"closed","template":"","meta":{"_monsterinsights_skip_tracking":false,"_monsterinsights_sitenote_active":false,"_monsterinsights_sitenote_note":"","_monsterinsights_sitenote_category":0,"footnotes":""},"class_list":["post-26224","page","type-page","status-publish","hentry"],"yoast_head":"<!-- This site is optimized with the Yoast SEO plugin v27.0 - https:\/\/yoast.com\/product\/yoast-seo-wordpress\/ -->\n<title>Recrutement responsable e-commerce - Des techniques de recrutement de responsable e-commerce innovantes<\/title>\n<meta name=\"description\" content=\"D\u00e9l\u00e9guer le recrutement de responsable e-commerce \u00e0 un expert. ImpactUp, des m\u00e9thodes de recrutement de responsable e-commerce \u00e9prouv\u00e9es et reconnues.\" \/>\n<meta name=\"robots\" content=\"index, follow, max-snippet:-1, max-image-preview:large, max-video-preview:-1\" \/>\n<link rel=\"canonical\" href=\"https:\/\/impactup.com\/en\/glossaire\/recrutement-responsable-e-commerce\/\" \/>\n<meta property=\"og:locale\" content=\"en_US\" \/>\n<meta property=\"og:type\" content=\"article\" \/>\n<meta property=\"og:title\" content=\"Recrutement responsable e-commerce - Des techniques de recrutement de responsable e-commerce innovantes\" \/>\n<meta property=\"og:description\" content=\"D\u00e9l\u00e9guer le recrutement de responsable e-commerce \u00e0 un expert. ImpactUp, des m\u00e9thodes de recrutement de responsable e-commerce \u00e9prouv\u00e9es et reconnues.\" \/>\n<meta property=\"og:url\" content=\"https:\/\/impactup.com\/en\/glossaire\/recrutement-responsable-e-commerce\/\" \/>\n<meta property=\"og:site_name\" content=\"ImpactUp\" \/>\n<meta property=\"article:modified_time\" content=\"2024-06-12T12:04:28+00:00\" \/>\n<meta property=\"og:image\" content=\"https:\/\/impactup.com\/wp-content\/uploads\/2021\/01\/og.jpg\" \/>\n\t<meta property=\"og:image:width\" content=\"1067\" \/>\n\t<meta property=\"og:image:height\" content=\"600\" \/>\n\t<meta property=\"og:image:type\" content=\"image\/jpeg\" \/>\n<meta name=\"twitter:card\" content=\"summary_large_image\" \/>\n<meta name=\"twitter:label1\" content=\"Est. reading time\" \/>\n\t<meta name=\"twitter:data1\" content=\"5 minutes\" \/>\n<script type=\"application\/ld+json\" class=\"yoast-schema-graph\">{\"@context\":\"https:\/\/schema.org\",\"@graph\":[{\"@type\":\"WebPage\",\"@id\":\"https:\/\/impactup.com\/en\/glossaire\/recrutement-responsable-e-commerce\/\",\"url\":\"https:\/\/impactup.com\/en\/glossaire\/recrutement-responsable-e-commerce\/\",\"name\":\"Recrutement responsable e-commerce - Des techniques de recrutement de responsable e-commerce innovantes\",\"isPartOf\":{\"@id\":\"https:\/\/impactup.com\/en\/#website\"},\"datePublished\":\"2024-06-10T13:22:24+00:00\",\"dateModified\":\"2024-06-12T12:04:28+00:00\",\"description\":\"D\u00e9l\u00e9guer le recrutement de responsable e-commerce \u00e0 un expert. ImpactUp, des m\u00e9thodes de recrutement de responsable e-commerce \u00e9prouv\u00e9es et reconnues.\",\"breadcrumb\":{\"@id\":\"https:\/\/impactup.com\/en\/glossaire\/recrutement-responsable-e-commerce\/#breadcrumb\"},\"inLanguage\":\"en-US\",\"potentialAction\":[{\"@type\":\"ReadAction\",\"target\":[\"https:\/\/impactup.com\/en\/glossaire\/recrutement-responsable-e-commerce\/\"]}]},{\"@type\":\"BreadcrumbList\",\"@id\":\"https:\/\/impactup.com\/en\/glossaire\/recrutement-responsable-e-commerce\/#breadcrumb\",\"itemListElement\":[{\"@type\":\"ListItem\",\"position\":1,\"name\":\"Accueil\",\"item\":\"https:\/\/impactup.com\/en\/\"},{\"@type\":\"ListItem\",\"position\":2,\"name\":\"Glossaire\",\"item\":\"https:\/\/impactup.com\/en\/glossaire\/\"},{\"@type\":\"ListItem\",\"position\":3,\"name\":\"Trouver le meilleur responsable e-commerce avec le cabinet de recrutement ImpactUp\"}]},{\"@type\":\"WebSite\",\"@id\":\"https:\/\/impactup.com\/en\/#website\",\"url\":\"https:\/\/impactup.com\/en\/\",\"name\":\"ImpactUp\",\"description\":\"Recrutement commerciaux, directions commerciales et fonctions marketing\",\"potentialAction\":[{\"@type\":\"SearchAction\",\"target\":{\"@type\":\"EntryPoint\",\"urlTemplate\":\"https:\/\/impactup.com\/en\/?s={search_term_string}\"},\"query-input\":{\"@type\":\"PropertyValueSpecification\",\"valueRequired\":true,\"valueName\":\"search_term_string\"}}],\"inLanguage\":\"en-US\"}]}<\/script>\n<!-- \/ Yoast SEO plugin. -->","yoast_head_json":{"title":"Recrutement responsable e-commerce - Des techniques de recrutement de responsable e-commerce innovantes","description":"D\u00e9l\u00e9guer le recrutement de responsable e-commerce \u00e0 un expert. ImpactUp, des m\u00e9thodes de recrutement de responsable e-commerce \u00e9prouv\u00e9es et reconnues.","robots":{"index":"index","follow":"follow","max-snippet":"max-snippet:-1","max-image-preview":"max-image-preview:large","max-video-preview":"max-video-preview:-1"},"canonical":"https:\/\/impactup.com\/en\/glossaire\/recrutement-responsable-e-commerce\/","og_locale":"en_US","og_type":"article","og_title":"Recrutement responsable e-commerce - Des techniques de recrutement de responsable e-commerce innovantes","og_description":"D\u00e9l\u00e9guer le recrutement de responsable e-commerce \u00e0 un expert. ImpactUp, des m\u00e9thodes de recrutement de responsable e-commerce \u00e9prouv\u00e9es et reconnues.","og_url":"https:\/\/impactup.com\/en\/glossaire\/recrutement-responsable-e-commerce\/","og_site_name":"ImpactUp","article_modified_time":"2024-06-12T12:04:28+00:00","og_image":[{"width":1067,"height":600,"url":"https:\/\/impactup.com\/wp-content\/uploads\/2021\/01\/og.jpg","type":"image\/jpeg"}],"twitter_card":"summary_large_image","twitter_misc":{"Est. reading time":"5 minutes"},"schema":{"@context":"https:\/\/schema.org","@graph":[{"@type":"WebPage","@id":"https:\/\/impactup.com\/en\/glossaire\/recrutement-responsable-e-commerce\/","url":"https:\/\/impactup.com\/en\/glossaire\/recrutement-responsable-e-commerce\/","name":"Recrutement responsable e-commerce - Des techniques de recrutement de responsable e-commerce innovantes","isPartOf":{"@id":"https:\/\/impactup.com\/en\/#website"},"datePublished":"2024-06-10T13:22:24+00:00","dateModified":"2024-06-12T12:04:28+00:00","description":"D\u00e9l\u00e9guer le recrutement de responsable e-commerce \u00e0 un expert. ImpactUp, des m\u00e9thodes de recrutement de responsable e-commerce \u00e9prouv\u00e9es et reconnues.","breadcrumb":{"@id":"https:\/\/impactup.com\/en\/glossaire\/recrutement-responsable-e-commerce\/#breadcrumb"},"inLanguage":"en-US","potentialAction":[{"@type":"ReadAction","target":["https:\/\/impactup.com\/en\/glossaire\/recrutement-responsable-e-commerce\/"]}]},{"@type":"BreadcrumbList","@id":"https:\/\/impactup.com\/en\/glossaire\/recrutement-responsable-e-commerce\/#breadcrumb","itemListElement":[{"@type":"ListItem","position":1,"name":"Accueil","item":"https:\/\/impactup.com\/en\/"},{"@type":"ListItem","position":2,"name":"Glossaire","item":"https:\/\/impactup.com\/en\/glossaire\/"},{"@type":"ListItem","position":3,"name":"Trouver le meilleur responsable e-commerce avec le cabinet de recrutement ImpactUp"}]},{"@type":"WebSite","@id":"https:\/\/impactup.com\/en\/#website","url":"https:\/\/impactup.com\/en\/","name":"ImpactUp","description":"Recrutement commerciaux, directions commerciales et fonctions marketing","potentialAction":[{"@type":"SearchAction","target":{"@type":"EntryPoint","urlTemplate":"https:\/\/impactup.com\/en\/?s={search_term_string}"},"query-input":{"@type":"PropertyValueSpecification","valueRequired":true,"valueName":"search_term_string"}}],"inLanguage":"en-US"}]}},"_links":{"self":[{"href":"https:\/\/impactup.com\/en\/wp-json\/wp\/v2\/pages\/26224","targetHints":{"allow":["GET"]}}],"collection":[{"href":"https:\/\/impactup.com\/en\/wp-json\/wp\/v2\/pages"}],"about":[{"href":"https:\/\/impactup.com\/en\/wp-json\/wp\/v2\/types\/page"}],"author":[{"embeddable":true,"href":"https:\/\/impactup.com\/en\/wp-json\/wp\/v2\/users\/4"}],"replies":[{"embeddable":true,"href":"https:\/\/impactup.com\/en\/wp-json\/wp\/v2\/comments?post=26224"}],"version-history":[{"count":5,"href":"https:\/\/impactup.com\/en\/wp-json\/wp\/v2\/pages\/26224\/revisions"}],"predecessor-version":[{"id":26489,"href":"https:\/\/impactup.com\/en\/wp-json\/wp\/v2\/pages\/26224\/revisions\/26489"}],"up":[{"embeddable":true,"href":"https:\/\/impactup.com\/en\/wp-json\/wp\/v2\/pages\/17218"}],"wp:attachment":[{"href":"https:\/\/impactup.com\/en\/wp-json\/wp\/v2\/media?parent=26224"}],"curies":[{"name":"wp","href":"https:\/\/api.w.org\/{rel}","templated":true}]}}