{"id":26215,"date":"2024-06-10T15:12:48","date_gmt":"2024-06-10T13:12:48","guid":{"rendered":"https:\/\/impactup.niou.dev\/?page_id=26215"},"modified":"2024-06-12T13:39:27","modified_gmt":"2024-06-12T11:39:27","slug":"cabinet-de-recrutement-commercial-lyon-69","status":"publish","type":"page","link":"https:\/\/impactup.com\/en\/glossaire\/cabinet-de-recrutement-commercial-lyon-69\/","title":{"rendered":"Cabinet de recrutement pour l\u2019embauche d\u2019un commercial \u00e0 Lyon (69)"},"content":{"rendered":"<div class=\"wpb-content-wrapper\"><p>[vc_row][vc_column width=&#8221;1\/3&#8243;][vc_btn title=&#8221;Voir notre offre&#8221; color=&#8221;secondarycolor&#8221; align=&#8221;center&#8221; css=&#8221;&#8221; link=&#8221;url:https%3A%2F%2Fimpactup.com%2Frecrutement%2F&#8221;][\/vc_column][vc_column width=&#8221;1\/3&#8243;][vc_btn title=&#8221;Confiez-nous votre projet&#8221; color=&#8221;secondarycolor&#8221; align=&#8221;center&#8221; css=&#8221;&#8221; link=&#8221;url:https%3A%2F%2Fimpactup.com%2Fetude-personnalisee%2F&#8221;][\/vc_column][vc_column width=&#8221;1\/3&#8243;][vc_btn title=&#8221;Contactez-nous&#8221; color=&#8221;secondarycolor&#8221; align=&#8221;center&#8221; css=&#8221;&#8221; link=&#8221;url:https%3A%2F%2Fimpactup.com%2Fcontact%2F&#8221;][\/vc_column][\/vc_row][vc_row css=&#8221;.vc_custom_1717658386032{padding-top: 40px !important;padding-bottom: 20px !important;}&#8221;][vc_column][vc_column_text css=&#8221;&#8221;]<\/p>\n<section style=\"text-align: justify;\">\n<h2><strong>Cabinet de recrutement pour l\u2019embauche d\u2019un commercial \u00e0 Lyon (69)<\/strong><\/h2>\n<p>Faire appel \u00e0 un <a href=\"https:\/\/impactup.com\/glossaire\/cabinet-de-developpement-commercial-lyon-69\/\"><strong>cabinet de recrutement<\/strong> <strong>sp\u00e9cialis\u00e9 dans le profil<\/strong> <strong>commercial<\/strong><\/a> repr\u00e9sente le meilleur moyen de d\u00e9nicher un vendeur de talent \u00e0 <a href=\"https:\/\/impactup.com\/glossaire\/cabinet-de-developpement-commercial-lyon-69\/\"><strong>Lyon<\/strong> (<strong>69<\/strong>)<\/a>. <strong>ImpactUp<\/strong>, agence de recrutement et de chasse de t\u00eate pr\u00e9sente dans le Rh\u00f4ne, accompagne les PME et grandes compagnies dans la recherche, l\u2019embauche et la fid\u00e9lisation de commerciaux de talent.<\/p>\n<\/section>\n<p>[\/vc_column_text][\/vc_column][\/vc_row][vc_row][vc_column width=&#8221;1\/3&#8243;][vc_btn title=&#8221;Voir notre offre&#8221; color=&#8221;secondarycolor&#8221; align=&#8221;center&#8221; css=&#8221;&#8221; link=&#8221;url:https%3A%2F%2Fimpactup.com%2Frecrutement%2F&#8221;][\/vc_column][vc_column width=&#8221;1\/3&#8243;][vc_btn title=&#8221;Confiez-nous votre projet&#8221; color=&#8221;secondarycolor&#8221; align=&#8221;center&#8221; css=&#8221;&#8221; link=&#8221;url:https%3A%2F%2Fimpactup.com%2Fetude-personnalisee%2F&#8221;][\/vc_column][vc_column width=&#8221;1\/3&#8243;][vc_btn title=&#8221;Contactez-nous&#8221; color=&#8221;secondarycolor&#8221; align=&#8221;center&#8221; css=&#8221;&#8221; link=&#8221;url:https%3A%2F%2Fimpactup.com%2Fcontact%2F&#8221;][\/vc_column][\/vc_row][vc_row css=&#8221;.vc_custom_1717658445522{padding-top: 40px !important;}&#8221;][vc_column][vc_column_text css=&#8221;&#8221;]<\/p>\n<section style=\"text-align: justify;\">\n<h2><strong>Les enjeux du recrutement d\u2019un commercial<\/strong><\/h2>\n<p>Le m\u00e9tier de commercial consiste \u00e0 vendre. Il s\u2019agit d\u2019une fonction incontournable dans toute entreprise, quels que soient les produits et services propos\u00e9s. C\u2019est gr\u00e2ce \u00e0 sa force de vente qu\u2019une soci\u00e9t\u00e9 r\u00e9ussit \u00e0 d\u00e9velopper son chiffre d\u2019affaires et \u00e0 asseoir la p\u00e9rennit\u00e9 de son activit\u00e9. Il est donc imp\u00e9ratif de choisir un profil comp\u00e9tent et talentueux au moment de l\u2019embauche. Notre <a href=\"https:\/\/impactup.com\/glossaire\/cabinet-chasseur-de-tete-lyon-69\/\"><strong>cabinet de recrutement de commercial \u00e0 Lyon<\/strong><\/a> vous guide dans ce sens. Nous vous aidons \u00e0 identifier le candidat capable de propulser vos parts de march\u00e9, et qui sera motiv\u00e9 pour promouvoir l\u2019image de votre entreprise.<\/p>\n<p>En effet, le recrutement repr\u00e9sente d\u00e9j\u00e0 un processus complexe, mais l\u2019enjeu se trouve \u00e9galement dans la fid\u00e9lisation de votre nouveau collaborateur. Notre cabinet assure un suivi de l\u2019int\u00e9gration de nouveaux membres dans votre \u00e9quipe, pour un partenariat productif \u00e9tabli sur le long terme.<\/p>\n<h2><strong>Pourquoi faire appel \u00e0 un cabinet de recrutement pour l\u2019embauche d\u2019un commercial ?<\/strong><\/h2>\n<p>Le recrutement repr\u00e9sente une op\u00e9ration longue et co\u00fbteuse. La pr\u00e9paration des documents n\u00e9cessaires, l\u2019examen des CV re\u00e7us et la conduite des entretiens et tests divers mobilisent de nombreuses ressources en interne, et obligent le manager responsable \u00e0 y consacrer une grande partie de son temps jusqu\u2019\u00e0 l\u2019embauche d\u00e9finitive.<\/p>\n<p>D\u00e9j\u00e0, pour vous \u00e9pargner ce processus fastidieux, afin que vos collaborateurs puissent affecter leur temps \u00e0 des op\u00e9rations plus centr\u00e9es sur votre m\u00e9tier, mieux vaut confier \u00e0 un <a href=\"https:\/\/impactup.com\/glossaire\/cabinet-de-recrutement-cadre-commercial-lyon-69\/\"><strong>cabinet de recrutement<\/strong><\/a> la recherche de votre nouveau <a href=\"https:\/\/impactup.com\/glossaire\/cabinet-de-recrutement-cadre-commercial-lyon-69\/\"><strong>commercial <\/strong><strong>dans le Rh\u00f4ne<\/strong> (<strong>69<\/strong>)<\/a>.<\/p>\n<p>Par ailleurs, compte tenu des enjeux que repr\u00e9sente la fonction commerciale, il est important de cibler les meilleurs candidats et de les retenir. Si ces derniers ne rejoignent pas votre entreprise, vos concurrents tireront profit de leurs comp\u00e9tences. Seule une \u00e9quipe ayant une connaissance approfondie de l\u2019univers commercial est capable d\u2019identifier, convaincre et fid\u00e9liser un vendeur talentueux.<\/p>\n<p>Avec nos consultants issus des m\u00e9tiers pour lesquels ils recrutent, vous b\u00e9n\u00e9ficiez d\u2019une intervention d\u2019experts dans votre processus de recrutement.<\/p>\n<h2><strong>Pourquoi choisir ImpactUp pour le recrutement d\u2019un commercial sur Lyon ?<\/strong><\/h2>\n<p><a href=\"https:\/\/impactup.com\"><strong>ImpactUp<\/strong><\/a> est une agence sp\u00e9cialis\u00e9e dans les fonctions commerciales. Nous sommes actifs depuis 2005 et op\u00e9rons \u00e0 l\u2019\u00e9chelle nationale. Notre <strong>cabinet de recrutement<\/strong> de <strong>commercial<\/strong> <strong>dispose d\u2019un<\/strong> <strong>bureau \u00e0<\/strong> <strong>Lyon<\/strong> pour accueillir les entreprises et candidats du <strong>d\u00e9partement du Rh\u00f4ne<\/strong> (<strong>69<\/strong>).<\/p>\n<p>Notre approche se r\u00e9sume en 3 mots : proximit\u00e9, pragmatisme et r\u00e9sultat. Cela signifie que nous recherchons des candidats capables de d\u00e9velopper votre part de march\u00e9, en mettant \u00e0 profit notre expertise en ressources humaines, nos connaissances sur le m\u00e9tier de commercial, ainsi que notre appr\u00e9ciation du tissu \u00e9conomique local et du march\u00e9 du travail. L\u2019ensemble du processus de recrutement s\u2019effectue de mani\u00e8re \u00e0 favoriser l\u2019int\u00e9gration du nouveau collaborateur, afin que l\u2019embauche r\u00e9alis\u00e9e avec <strong>ImpactUp<\/strong> puisse repr\u00e9senter un investissement int\u00e9ressant pour votre entreprise.<\/p>\n<\/section>\n<p>[\/vc_column_text][\/vc_column][\/vc_row]<\/p>\n<\/div>","protected":false},"excerpt":{"rendered":"<p>[vc_row][vc_column width=&#8221;1\/3&#8243;][vc_btn title=&#8221;Voir notre offre&#8221; color=&#8221;secondarycolor&#8221; align=&#8221;center&#8221; css=&#8221;&#8221; link=&#8221;url:https%3A%2F%2Fimpactup.com%2Frecrutement%2F&#8221;][\/vc_column][vc_column width=&#8221;1\/3&#8243;][vc_btn title=&#8221;Confiez-nous votre projet&#8221; color=&#8221;secondarycolor&#8221; align=&#8221;center&#8221; css=&#8221;&#8221; link=&#8221;url:https%3A%2F%2Fimpactup.com%2Fetude-personnalisee%2F&#8221;][\/vc_column][vc_column width=&#8221;1\/3&#8243;][vc_btn title=&#8221;Contactez-nous&#8221; color=&#8221;secondarycolor&#8221; align=&#8221;center&#8221; css=&#8221;&#8221; link=&#8221;url:https%3A%2F%2Fimpactup.com%2Fcontact%2F&#8221;][\/vc_column][\/vc_row][vc_row css=&#8221;.vc_custom_1717658386032{padding-top: 40px !important;padding-bottom: 20px !important;}&#8221;][vc_column][vc_column_text css=&#8221;&#8221;] Cabinet de recrutement pour l\u2019embauche d\u2019un commercial \u00e0 Lyon (69) Faire appel \u00e0 un cabinet de recrutement sp\u00e9cialis\u00e9 dans le profil commercial repr\u00e9sente le meilleur moyen [&hellip;]<\/p>\n","protected":false},"author":4,"featured_media":0,"parent":17218,"menu_order":0,"comment_status":"closed","ping_status":"closed","template":"","meta":{"_monsterinsights_skip_tracking":false,"_monsterinsights_sitenote_active":false,"_monsterinsights_sitenote_note":"","_monsterinsights_sitenote_category":0,"footnotes":""},"class_list":["post-26215","page","type-page","status-publish","hentry"],"yoast_head":"<!-- This site is optimized with the Yoast SEO plugin v27.0 - https:\/\/yoast.com\/product\/yoast-seo-wordpress\/ -->\n<title>Cabinet de recrutement commercial \u00e0 Lyon et dans le Rh\u00f4ne (69)<\/title>\n<meta name=\"description\" content=\"Cabinet de recrutement expert en profil commercial \u00e0 Lyon (69). ImpactUp est un cabinet de recrutement sp\u00e9cialis\u00e9 dans les fonctions commerciales, prenez contact avec notre bureau \u00e0 Lyon.\" \/>\n<meta name=\"robots\" content=\"index, follow, max-snippet:-1, max-image-preview:large, max-video-preview:-1\" \/>\n<link rel=\"canonical\" href=\"https:\/\/impactup.com\/en\/glossaire\/cabinet-de-recrutement-commercial-lyon-69\/\" \/>\n<meta property=\"og:locale\" content=\"en_US\" \/>\n<meta property=\"og:type\" content=\"article\" \/>\n<meta property=\"og:title\" content=\"Cabinet de recrutement commercial \u00e0 Lyon et dans le Rh\u00f4ne (69)\" \/>\n<meta property=\"og:description\" content=\"Cabinet de recrutement expert en profil commercial \u00e0 Lyon (69). ImpactUp est un cabinet de recrutement sp\u00e9cialis\u00e9 dans les fonctions commerciales, prenez contact avec notre bureau \u00e0 Lyon.\" \/>\n<meta property=\"og:url\" content=\"https:\/\/impactup.com\/en\/glossaire\/cabinet-de-recrutement-commercial-lyon-69\/\" \/>\n<meta property=\"og:site_name\" content=\"ImpactUp\" \/>\n<meta property=\"article:modified_time\" content=\"2024-06-12T11:39:27+00:00\" \/>\n<meta property=\"og:image\" content=\"https:\/\/impactup.com\/wp-content\/uploads\/2021\/01\/og.jpg\" \/>\n\t<meta property=\"og:image:width\" content=\"1067\" \/>\n\t<meta property=\"og:image:height\" content=\"600\" \/>\n\t<meta property=\"og:image:type\" content=\"image\/jpeg\" \/>\n<meta name=\"twitter:card\" content=\"summary_large_image\" \/>\n<meta name=\"twitter:label1\" content=\"Est. reading time\" \/>\n\t<meta name=\"twitter:data1\" content=\"3 minutes\" \/>\n<script type=\"application\/ld+json\" class=\"yoast-schema-graph\">{\"@context\":\"https:\/\/schema.org\",\"@graph\":[{\"@type\":\"WebPage\",\"@id\":\"https:\/\/impactup.com\/en\/glossaire\/cabinet-de-recrutement-commercial-lyon-69\/\",\"url\":\"https:\/\/impactup.com\/en\/glossaire\/cabinet-de-recrutement-commercial-lyon-69\/\",\"name\":\"Cabinet de recrutement commercial \u00e0 Lyon et dans le Rh\u00f4ne (69)\",\"isPartOf\":{\"@id\":\"https:\/\/impactup.com\/en\/#website\"},\"datePublished\":\"2024-06-10T13:12:48+00:00\",\"dateModified\":\"2024-06-12T11:39:27+00:00\",\"description\":\"Cabinet de recrutement expert en profil commercial \u00e0 Lyon (69). ImpactUp est un cabinet de recrutement sp\u00e9cialis\u00e9 dans les fonctions commerciales, prenez contact avec notre bureau \u00e0 Lyon.\",\"breadcrumb\":{\"@id\":\"https:\/\/impactup.com\/en\/glossaire\/cabinet-de-recrutement-commercial-lyon-69\/#breadcrumb\"},\"inLanguage\":\"en-US\",\"potentialAction\":[{\"@type\":\"ReadAction\",\"target\":[\"https:\/\/impactup.com\/en\/glossaire\/cabinet-de-recrutement-commercial-lyon-69\/\"]}]},{\"@type\":\"BreadcrumbList\",\"@id\":\"https:\/\/impactup.com\/en\/glossaire\/cabinet-de-recrutement-commercial-lyon-69\/#breadcrumb\",\"itemListElement\":[{\"@type\":\"ListItem\",\"position\":1,\"name\":\"Accueil\",\"item\":\"https:\/\/impactup.com\/en\/\"},{\"@type\":\"ListItem\",\"position\":2,\"name\":\"Glossaire\",\"item\":\"https:\/\/impactup.com\/en\/glossaire\/\"},{\"@type\":\"ListItem\",\"position\":3,\"name\":\"Cabinet de recrutement pour l\u2019embauche d\u2019un commercial \u00e0 Lyon (69)\"}]},{\"@type\":\"WebSite\",\"@id\":\"https:\/\/impactup.com\/en\/#website\",\"url\":\"https:\/\/impactup.com\/en\/\",\"name\":\"ImpactUp\",\"description\":\"Recrutement commerciaux, directions commerciales et fonctions marketing\",\"potentialAction\":[{\"@type\":\"SearchAction\",\"target\":{\"@type\":\"EntryPoint\",\"urlTemplate\":\"https:\/\/impactup.com\/en\/?s={search_term_string}\"},\"query-input\":{\"@type\":\"PropertyValueSpecification\",\"valueRequired\":true,\"valueName\":\"search_term_string\"}}],\"inLanguage\":\"en-US\"}]}<\/script>\n<!-- \/ Yoast SEO plugin. -->","yoast_head_json":{"title":"Cabinet de recrutement commercial \u00e0 Lyon et dans le Rh\u00f4ne (69)","description":"Cabinet de recrutement expert en profil commercial \u00e0 Lyon (69). ImpactUp est un cabinet de recrutement sp\u00e9cialis\u00e9 dans les fonctions commerciales, prenez contact avec notre bureau \u00e0 Lyon.","robots":{"index":"index","follow":"follow","max-snippet":"max-snippet:-1","max-image-preview":"max-image-preview:large","max-video-preview":"max-video-preview:-1"},"canonical":"https:\/\/impactup.com\/en\/glossaire\/cabinet-de-recrutement-commercial-lyon-69\/","og_locale":"en_US","og_type":"article","og_title":"Cabinet de recrutement commercial \u00e0 Lyon et dans le Rh\u00f4ne (69)","og_description":"Cabinet de recrutement expert en profil commercial \u00e0 Lyon (69). ImpactUp est un cabinet de recrutement sp\u00e9cialis\u00e9 dans les fonctions commerciales, prenez contact avec notre bureau \u00e0 Lyon.","og_url":"https:\/\/impactup.com\/en\/glossaire\/cabinet-de-recrutement-commercial-lyon-69\/","og_site_name":"ImpactUp","article_modified_time":"2024-06-12T11:39:27+00:00","og_image":[{"width":1067,"height":600,"url":"https:\/\/impactup.com\/wp-content\/uploads\/2021\/01\/og.jpg","type":"image\/jpeg"}],"twitter_card":"summary_large_image","twitter_misc":{"Est. reading time":"3 minutes"},"schema":{"@context":"https:\/\/schema.org","@graph":[{"@type":"WebPage","@id":"https:\/\/impactup.com\/en\/glossaire\/cabinet-de-recrutement-commercial-lyon-69\/","url":"https:\/\/impactup.com\/en\/glossaire\/cabinet-de-recrutement-commercial-lyon-69\/","name":"Cabinet de recrutement commercial \u00e0 Lyon et dans le Rh\u00f4ne (69)","isPartOf":{"@id":"https:\/\/impactup.com\/en\/#website"},"datePublished":"2024-06-10T13:12:48+00:00","dateModified":"2024-06-12T11:39:27+00:00","description":"Cabinet de recrutement expert en profil commercial \u00e0 Lyon (69). ImpactUp est un cabinet de recrutement sp\u00e9cialis\u00e9 dans les fonctions commerciales, prenez contact avec notre bureau \u00e0 Lyon.","breadcrumb":{"@id":"https:\/\/impactup.com\/en\/glossaire\/cabinet-de-recrutement-commercial-lyon-69\/#breadcrumb"},"inLanguage":"en-US","potentialAction":[{"@type":"ReadAction","target":["https:\/\/impactup.com\/en\/glossaire\/cabinet-de-recrutement-commercial-lyon-69\/"]}]},{"@type":"BreadcrumbList","@id":"https:\/\/impactup.com\/en\/glossaire\/cabinet-de-recrutement-commercial-lyon-69\/#breadcrumb","itemListElement":[{"@type":"ListItem","position":1,"name":"Accueil","item":"https:\/\/impactup.com\/en\/"},{"@type":"ListItem","position":2,"name":"Glossaire","item":"https:\/\/impactup.com\/en\/glossaire\/"},{"@type":"ListItem","position":3,"name":"Cabinet de recrutement pour l\u2019embauche d\u2019un commercial \u00e0 Lyon (69)"}]},{"@type":"WebSite","@id":"https:\/\/impactup.com\/en\/#website","url":"https:\/\/impactup.com\/en\/","name":"ImpactUp","description":"Recrutement commerciaux, directions commerciales et fonctions marketing","potentialAction":[{"@type":"SearchAction","target":{"@type":"EntryPoint","urlTemplate":"https:\/\/impactup.com\/en\/?s={search_term_string}"},"query-input":{"@type":"PropertyValueSpecification","valueRequired":true,"valueName":"search_term_string"}}],"inLanguage":"en-US"}]}},"_links":{"self":[{"href":"https:\/\/impactup.com\/en\/wp-json\/wp\/v2\/pages\/26215","targetHints":{"allow":["GET"]}}],"collection":[{"href":"https:\/\/impactup.com\/en\/wp-json\/wp\/v2\/pages"}],"about":[{"href":"https:\/\/impactup.com\/en\/wp-json\/wp\/v2\/types\/page"}],"author":[{"embeddable":true,"href":"https:\/\/impactup.com\/en\/wp-json\/wp\/v2\/users\/4"}],"replies":[{"embeddable":true,"href":"https:\/\/impactup.com\/en\/wp-json\/wp\/v2\/comments?post=26215"}],"version-history":[{"count":2,"href":"https:\/\/impactup.com\/en\/wp-json\/wp\/v2\/pages\/26215\/revisions"}],"predecessor-version":[{"id":26483,"href":"https:\/\/impactup.com\/en\/wp-json\/wp\/v2\/pages\/26215\/revisions\/26483"}],"up":[{"embeddable":true,"href":"https:\/\/impactup.com\/en\/wp-json\/wp\/v2\/pages\/17218"}],"wp:attachment":[{"href":"https:\/\/impactup.com\/en\/wp-json\/wp\/v2\/media?parent=26215"}],"curies":[{"name":"wp","href":"https:\/\/api.w.org\/{rel}","templated":true}]}}