{"id":26212,"date":"2024-06-10T14:42:29","date_gmt":"2024-06-10T12:42:29","guid":{"rendered":"https:\/\/impactup.niou.dev\/?page_id=26212"},"modified":"2024-06-10T14:57:04","modified_gmt":"2024-06-10T12:57:04","slug":"cabinet-de-chasse-de-tete-2","status":"publish","type":"page","link":"https:\/\/impactup.com\/en\/glossaire\/cabinet-de-chasse-de-tete-2\/","title":{"rendered":"Le cabinet de chasse de t\u00eate : un recruteur efficace"},"content":{"rendered":"<div class=\"wpb-content-wrapper\"><p>[vc_row][vc_column width=&#8221;1\/3&#8243;][vc_btn title=&#8221;Voir notre offre&#8221; color=&#8221;secondarycolor&#8221; align=&#8221;center&#8221; css=&#8221;&#8221; link=&#8221;url:https%3A%2F%2Fimpactup.com%2Frecrutement%2F&#8221;][\/vc_column][vc_column width=&#8221;1\/3&#8243;][vc_btn title=&#8221;Confiez-nous votre projet&#8221; color=&#8221;secondarycolor&#8221; align=&#8221;center&#8221; css=&#8221;&#8221; link=&#8221;url:https%3A%2F%2Fimpactup.com%2Fetude-personnalisee%2F&#8221;][\/vc_column][vc_column width=&#8221;1\/3&#8243;][vc_btn title=&#8221;Contactez-nous&#8221; color=&#8221;secondarycolor&#8221; align=&#8221;center&#8221; css=&#8221;&#8221; link=&#8221;url:https%3A%2F%2Fimpactup.com%2Fcontact%2F&#8221;][\/vc_column][\/vc_row][vc_row css=&#8221;.vc_custom_1717658386032{padding-top: 40px !important;padding-bottom: 20px !important;}&#8221;][vc_column][vc_column_text css=&#8221;&#8221;]<\/p>\n<section style=\"text-align: justify;\">\n<h2><strong>Le cabinet de chasse de t\u00eate\u00a0: un recruteur efficace<\/strong><\/h2>\n<p>Le <a href=\"https:\/\/impactup.com\/glossaire\/meilleur-cabinet-de-recrutement-de-cadres-commerciaux\"><strong>cabinet de chasse de t\u00eate<\/strong><\/a> fait partie des alternatives \u00e0 envisager pour la recherche de collaborateurs pouvant r\u00e9pondre exactement \u00e0 vos attentes et aux exigences des postes \u00e0 pourvoir. Si vous \u00eates \u00e0 la recherche de personnes pour assumer des fonctions commerciales ou marketing au sein de votre entreprise, <strong>ImpactUp<\/strong> est un partenaire de r\u00e9f\u00e9rence.<\/p>\n<\/section>\n<p>[\/vc_column_text][\/vc_column][\/vc_row][vc_row][vc_column width=&#8221;1\/3&#8243;][vc_btn title=&#8221;Voir notre offre&#8221; color=&#8221;secondarycolor&#8221; align=&#8221;center&#8221; css=&#8221;&#8221; link=&#8221;url:https%3A%2F%2Fimpactup.com%2Frecrutement%2F&#8221;][\/vc_column][vc_column width=&#8221;1\/3&#8243;][vc_btn title=&#8221;Confiez-nous votre projet&#8221; color=&#8221;secondarycolor&#8221; align=&#8221;center&#8221; css=&#8221;&#8221; link=&#8221;url:https%3A%2F%2Fimpactup.com%2Fetude-personnalisee%2F&#8221;][\/vc_column][vc_column width=&#8221;1\/3&#8243;][vc_btn title=&#8221;Contactez-nous&#8221; color=&#8221;secondarycolor&#8221; align=&#8221;center&#8221; css=&#8221;&#8221; link=&#8221;url:https%3A%2F%2Fimpactup.com%2Fcontact%2F&#8221;][\/vc_column][\/vc_row][vc_row css=&#8221;.vc_custom_1717658445522{padding-top: 40px !important;}&#8221;][vc_column][vc_column_text css=&#8221;&#8221;]<\/p>\n<section style=\"text-align: justify;\">\n<h2><strong>Assurer le succ\u00e8s du processus de recrutement avec un cabinet sp\u00e9cialis\u00e9<\/strong><\/h2>\n<p>Une entreprise qui ne dispose pas des comp\u00e9tences et des ressources n\u00e9cessaires pour trouver des collaborateurs peut se tourner vers un <a href=\"https:\/\/impactup.com\/glossaire\/cabinet-de-recrutement-en-france\"><strong>cabinet de recrutement ou de chasse de t\u00eate<\/strong><\/a> pour pourvoir les postes vacants au sein de leur structure. Le recours \u00e0 ce prestataire externe ne manque d\u2019ailleurs pas d\u2019avantages pratiques, et \u00e9conomiques. En effet, le processus de recrutement est aussi fastidieux que chronophage. Outre les capacit\u00e9s \u00e0 \u00e9tudier les dossiers de candidature et la r\u00e9alisation des entretiens pr\u00e9liminaires, il peut aussi n\u00e9cessiter la mobilisation de plusieurs personnes.<\/p>\n<p>Miser sur un recruteur sp\u00e9cialis\u00e9 vous permettra de vous concentrer sur les travaux plus productifs et urgents. Il se chargera de mener le recrutement dans les r\u00e8gles de l\u2019art et vous soumettra ensuite les candidatures les plus pertinentes en fonction de vos attentes et des exigences du poste. Sp\u00e9cialiste des fonctions commerciales et marketing, <strong>ImpactUp<\/strong> est une agence de recrutement dont les consultants peuvent endosser le r\u00f4le de chasseur de t\u00eate lorsque la situation l\u2019impose.<strong>\u00a0<\/strong><\/p>\n<h2><strong>Qu\u2019est-ce que la chasse de t\u00eate\u00a0?<\/strong><\/h2>\n<p>La chasse de t\u00eate est une technique de recrutement sortant des sentiers battus. \u00c9galement appel\u00e9 \u00ab\u00a0recrutement par approche directe\u00a0\u00bb, elle consiste \u00e0 aller \u00e0 la recherche des candidats de valeur pour un poste vacant et difficile \u00e0 pourvoir. En d\u2019autres termes, le <strong>cabinet de chasse de t\u00eate<\/strong> met en place une strat\u00e9gie de recrutement proactive qui consiste \u00e0 entrer directement en contact avec les personnes dont les comp\u00e9tences et le profil r\u00e9pondent aux besoins du poste \u00e0 pourvoir, m\u00eame si les candidats qu\u2019il a choisis n\u2019ont pas postul\u00e9.<\/p>\n<p>Il peut \u00e9galement s\u2019adresser \u00e0 des personnes dont le m\u00e9tier ou le profil professionnel ne semble pas \u00e0 premi\u00e8re vue correspondre \u00e0 celui requis pour le poste vacant.<\/p>\n<h2><strong>Quand s\u2019adresser \u00e0 un cabinet de chasse de t\u00eate\u00a0?<\/strong><\/h2>\n<p>La chasse de t\u00eate reste souvent le dernier recours lorsque les responsables du recrutement et\/ou les cabinets de recrutement ont us\u00e9 des m\u00e9thodes classiques servant \u00e0 trouver la personne id\u00e9ale pour les postes \u00e0 pourvoir au sein de votre entreprise. Il peut arriver en effet que les sp\u00e9cificit\u00e9s de ces derniers, notamment les profils requis pour leur prise en charge sont peu communs. C\u2019est par exemple le cas pour des postes qui ont sp\u00e9cifiquement \u00e9t\u00e9 cr\u00e9\u00e9s pour des projets particuliers.<\/p>\n<p>Lorsqu\u2019il y a une p\u00e9nurie de candidats, il est \u00e9galement possible de recourir \u00e0 un <a href=\"https:\/\/impactup.com\/glossaire\/sp%C3%A9cialiste-fonctions-commerciales\"><strong>cabinet de chasse de t\u00eate<\/strong><\/a>. C\u2019est souvent le cas pour des postes tr\u00e8s courants ou d\u00e9licats. La derni\u00e8re raison qui pousse les entreprises \u00e0 rechercher des collaborateurs avec cette m\u00e9thode est l\u2019urgence, notamment lorsqu\u2019il faut pourvoir rapidement un poste.<\/p>\n<p>Dans toutes ces situations, la chasse de t\u00eate reste l\u2019unique option pour recruter des personnes taill\u00e9es pour les postes vacants au sein d\u2019une entreprise dans les meilleurs d\u00e9lais. Le chasseur de t\u00eate arrive \u00e0 identifier rapidement le profil id\u00e9al en fonction des comp\u00e9tences exig\u00e9es pour le poste \u00e0 pourvoir ainsi que des besoins et des attentes de l\u2019entreprise.<\/p>\n<p>Comme c\u2019est \u00e9galement un n\u00e9gociateur hors pair, il sait convaincre les candidats. Son intervention est donc utile, voire indispensable notamment dans certains cas o\u00f9 il faut aller chercher et persuader un\u00a0candidat\u00a0qui occupe d\u00e9j\u00e0 un poste dans une autre soci\u00e9t\u00e9. Quoi qu\u2019il en soit, il est vivement recommand\u00e9 de trouver un <strong>cabinet de chasse de t\u00eate<\/strong> sp\u00e9cialis\u00e9 qui poss\u00e8de les comp\u00e9tences et la main-d\u2019\u0153uvre n\u00e9cessaires pour r\u00e9aliser ce genre de missions.<\/p>\n<h2><strong>La chasse de t\u00eate et les fonctions commerciales<\/strong><\/h2>\n<p>Pour une entreprise qui vend des produits et services, proposer les meilleures offres ne suffit pas pour s\u2019imposer sur le march\u00e9 et pour se d\u00e9marquer de la concurrence. En effet, il y a d\u2019autres facteurs \u00e0 consid\u00e9rer comme la strat\u00e9gie commerciale ou encore les comp\u00e9tences du personnel. Dans ce sens, il convient de souligner que le bon fonctionnement, le d\u00e9veloppement et la p\u00e9rennit\u00e9 des activit\u00e9s de l\u2019entreprise vont surtout d\u00e9pendre de ses commerciaux. Ils sont en communication et en relation directe avec les clients dans le but de les fid\u00e9liser et d\u2019attirer des prospects. Outre la vente, leurs missions sont tr\u00e8s diverses comme la prospection commerciale, l\u2019accueil client\u00e8le, la prise de contact avec les collaborateurs, le suivi des commandes\u2026 En g\u00e9n\u00e9ral, leurs interventions visent \u00e0 promouvoir les activit\u00e9s de leur soci\u00e9t\u00e9.<\/p>\n<p>Compte tenu des enjeux des fonctions commerciales, elles exigent ainsi des comp\u00e9tences techniques tr\u00e8s pouss\u00e9es pour piloter la strat\u00e9gie de l\u2019entreprise. Les cadres commerciaux doivent faire preuve d\u2019une bonne capacit\u00e9 d\u2019\u00e9coute et d\u2019observation tout en ma\u00eetrisant les m\u00e9thodes et outils mis en \u0153uvre dans le d\u00e9veloppement de chaque projet, dans le but d\u2019atteindre les objectifs.<\/p>\n<p>Ils doivent \u00e9galement poss\u00e9der de solides aptitudes relationnelles, car ils sont amen\u00e9s \u00e0 diriger une \u00e9quipe de commerciaux, et doivent aussi g\u00e9rer la relation avec la client\u00e8le.<\/p>\n<p>Tout cela implique une formation adapt\u00e9e, mais aussi et surtout une forte personnalit\u00e9 qui allie agressivit\u00e9 et capacit\u00e9 de n\u00e9gociation, afin de mener avec brio sa mission, qui consiste en premier lieu \u00e0 booster les performances de l\u2019entreprise.<\/p>\n<p>Trouver de tels candidats n\u2019est pas ais\u00e9, il faut des recruteurs capables d\u2019\u00e9valuer chaque postulant par rapport aux enjeux du m\u00e9tier. La <strong>chasse de t\u00eate<\/strong> repr\u00e9sente la solution id\u00e9ale, car les consultants sont des professionnels du domaine commercial, et sont \u00e0 m\u00eame de trouver le candidat qui correspond au profil technique et psychologique recherch\u00e9.<\/p>\n<p>C\u2019est \u00e9galement int\u00e9ressant pour acc\u00e9der aux experts d\u00e9j\u00e0 en poste, puisque l\u2019entreprise n\u2019a pas le droit de d\u00e9baucher les salari\u00e9s des autres soci\u00e9t\u00e9s.<\/p>\n<h2><strong>ImpactUP, cabinet de recrutement et de chasse de t\u00eate pour les fonctions commerciales et marketing<\/strong><\/h2>\n<p><a href=\"https:\/\/impactup.com\/\"><strong>ImpactUP<\/strong><\/a> est une agence de recrutement sp\u00e9cialis\u00e9e dans la recherche de professionnels du secteur commercial et marketing\u00a0; elle propose \u00e9galement la <strong>chasse de t\u00eate<\/strong>. Notre <strong>cabinet<\/strong> est la r\u00e9f\u00e9rence pour de nombreuses entreprises en mati\u00e8re de ciblage et de s\u00e9lection de profils de haut niveau et experts m\u00e9tiers) sur des p\u00f4les d\u2019expertise relatifs au marketing et au commerce : charg\u00e9(e) de marketing direct, d\u00e9l\u00e9gu\u00e9 commercial, marchandiseur(euse), responsable webmarketing, responsable de promotion des ventes, ing\u00e9nieur commercial, category manager, et de tous les postes strat\u00e9giques de l\u2019entreprise : directeur(trice) commercial(e)digital marketing manager, sales administrator, directeur(trice) de magasin, key account manager, et bien d\u2019autres encore<\/p>\n<p>Nous d\u00e9ployons des solutions adapt\u00e9es pour attirer le candidat id\u00e9al, conform\u00e9ment \u00e0 votre requ\u00eate\u00a0:<\/p>\n<ul>\n<li>une plateforme d\u2019\u00e9valuation qui repose sur 4 familles d\u2019outils : TalentInitial\u00ae, TalentAttitude\u00ae, TalentBusiness\u00ae et TalentRelation\u00ae ;<\/li>\n<li>un outil en ligne SaaS d\u2019\u00e9valuation propos\u00e9 en collaboration avec Pipplet qui permet de v\u00e9rifier les comp\u00e9tences dans une langue \u00e9trang\u00e8re et d&#8217;am\u00e9liorer ses capacit\u00e9s en langues \u00e9trang\u00e8res.<\/li>\n<\/ul>\n<p>Si vous avez \u00e9puis\u00e9 les strat\u00e9gies classiques de recrutement pour trouver vos commerciaux ou vos cadres commerciaux et marketing, nos chasseurs de t\u00eates sont des experts qui ma\u00eetrisent parfaitement les sp\u00e9cificit\u00e9s techniques et l\u2019\u00e9thique r\u00e9gissant cette m\u00e9thode de recrutement atypique et pourtant si efficace. Nous mettons \u00e0 votre disposition leur expertise et leur exp\u00e9rience pour combler rapidement vos postes vacants.<\/p>\n<p>Nous pouvons proc\u00e9der \u00e0 une recherche dans toute la France. Pour plus de proximit\u00e9, nous avons \u00e9tabli des bureaux \u00e0 Paris, Nantes, Lyon, La Rochelle, Bordeaux et Marseille. Nous collaborons \u00e9galement avec l\u2019agence de recrutement allemande Market Mission depuis plusieurs ann\u00e9es. Ce partenariat nous permet de pourvoir les entreprises internationales qui cherchent des candidats de valeur en Suisse, en Autriche ou en Allemagne. Gr\u00e2ce \u00e0 notre large r\u00e9seau, nous effectuons des missions de chasse de t\u00eate dans toutes les r\u00e9gions de la France et ces pays europ\u00e9ens, assurant la r\u00e9ussite d\u2019un recrutement de qualit\u00e9. D&#8217;ailleurs, des entreprises de toute taille nationales et internationales nous font confiance, convaincues par notre professionnalisme.<\/p>\n<p>En parall\u00e8le, <strong>ImpactUP<\/strong> aide \u00e9galement les candidats \u00e0 d\u00e9velopper des possibilit\u00e9s d\u2019\u00e9volution de leurs carri\u00e8res.<\/p>\n<p>Outre le recrutement de profils commerciaux, nous assurons diverses missions comme l\u2019organisation commerciale, le pilotage de projet CRM, la d\u00e9finition des strat\u00e9gies commerciales, la supervision et motivation des \u00e9quipes commerciales, etc. De plus, notre \u00e9quipe peut prendre en charge le coaching de vos collaborateurs\u00a0: directeur de magasin, directeur export, responsable de boutique, responsable merchandising&#8230;<\/p>\n<\/section>\n<p>[\/vc_column_text][\/vc_column][\/vc_row]<\/p>\n<\/div>","protected":false},"excerpt":{"rendered":"<p>[vc_row][vc_column width=&#8221;1\/3&#8243;][vc_btn title=&#8221;Voir notre offre&#8221; color=&#8221;secondarycolor&#8221; align=&#8221;center&#8221; css=&#8221;&#8221; link=&#8221;url:https%3A%2F%2Fimpactup.com%2Frecrutement%2F&#8221;][\/vc_column][vc_column width=&#8221;1\/3&#8243;][vc_btn title=&#8221;Confiez-nous votre projet&#8221; color=&#8221;secondarycolor&#8221; align=&#8221;center&#8221; css=&#8221;&#8221; link=&#8221;url:https%3A%2F%2Fimpactup.com%2Fetude-personnalisee%2F&#8221;][\/vc_column][vc_column width=&#8221;1\/3&#8243;][vc_btn title=&#8221;Contactez-nous&#8221; color=&#8221;secondarycolor&#8221; align=&#8221;center&#8221; css=&#8221;&#8221; link=&#8221;url:https%3A%2F%2Fimpactup.com%2Fcontact%2F&#8221;][\/vc_column][\/vc_row][vc_row css=&#8221;.vc_custom_1717658386032{padding-top: 40px !important;padding-bottom: 20px !important;}&#8221;][vc_column][vc_column_text css=&#8221;&#8221;] Le cabinet de chasse de t\u00eate\u00a0: un recruteur efficace Le cabinet de chasse de t\u00eate fait partie des alternatives \u00e0 envisager pour la recherche de collaborateurs [&hellip;]<\/p>\n","protected":false},"author":4,"featured_media":0,"parent":17218,"menu_order":0,"comment_status":"closed","ping_status":"closed","template":"","meta":{"_monsterinsights_skip_tracking":false,"_monsterinsights_sitenote_active":false,"_monsterinsights_sitenote_note":"","_monsterinsights_sitenote_category":0,"footnotes":""},"class_list":["post-26212","page","type-page","status-publish","hentry"],"yoast_head":"<!-- This site is optimized with the Yoast SEO plugin v27.0 - https:\/\/yoast.com\/product\/yoast-seo-wordpress\/ -->\n<title>Cabinet de chasse de t\u00eate exp\u00e9riment\u00e9<\/title>\n<meta name=\"description\" content=\"Le cabinet de chasse de t\u00eate est un recruteur aux m\u00e9thodes particuli\u00e8res. ImpactUp est un cabinet de chasse de t\u00eate sp\u00e9cialiste des fonctions commerciales et marketing.\" \/>\n<meta name=\"robots\" content=\"index, follow, max-snippet:-1, max-image-preview:large, max-video-preview:-1\" \/>\n<link rel=\"canonical\" href=\"https:\/\/impactup.com\/en\/glossaire\/cabinet-de-chasse-de-tete-2\/\" \/>\n<meta property=\"og:locale\" content=\"en_US\" \/>\n<meta property=\"og:type\" content=\"article\" \/>\n<meta property=\"og:title\" content=\"Cabinet de chasse de t\u00eate exp\u00e9riment\u00e9\" \/>\n<meta property=\"og:description\" content=\"Le cabinet de chasse de t\u00eate est un recruteur aux m\u00e9thodes particuli\u00e8res. ImpactUp est un cabinet de chasse de t\u00eate sp\u00e9cialiste des fonctions commerciales et marketing.\" \/>\n<meta property=\"og:url\" content=\"https:\/\/impactup.com\/en\/glossaire\/cabinet-de-chasse-de-tete-2\/\" \/>\n<meta property=\"og:site_name\" content=\"ImpactUp\" \/>\n<meta property=\"article:modified_time\" content=\"2024-06-10T12:57:04+00:00\" \/>\n<meta property=\"og:image\" content=\"https:\/\/impactup.com\/wp-content\/uploads\/2021\/01\/og.jpg\" \/>\n\t<meta property=\"og:image:width\" content=\"1067\" \/>\n\t<meta property=\"og:image:height\" content=\"600\" \/>\n\t<meta property=\"og:image:type\" content=\"image\/jpeg\" \/>\n<meta name=\"twitter:card\" content=\"summary_large_image\" \/>\n<meta name=\"twitter:label1\" content=\"Est. reading time\" \/>\n\t<meta name=\"twitter:data1\" content=\"8 minutes\" \/>\n<script type=\"application\/ld+json\" class=\"yoast-schema-graph\">{\"@context\":\"https:\/\/schema.org\",\"@graph\":[{\"@type\":\"WebPage\",\"@id\":\"https:\/\/impactup.com\/en\/glossaire\/cabinet-de-chasse-de-tete-2\/\",\"url\":\"https:\/\/impactup.com\/en\/glossaire\/cabinet-de-chasse-de-tete-2\/\",\"name\":\"Cabinet de chasse de t\u00eate exp\u00e9riment\u00e9\",\"isPartOf\":{\"@id\":\"https:\/\/impactup.com\/en\/#website\"},\"datePublished\":\"2024-06-10T12:42:29+00:00\",\"dateModified\":\"2024-06-10T12:57:04+00:00\",\"description\":\"Le cabinet de chasse de t\u00eate est un recruteur aux m\u00e9thodes particuli\u00e8res. ImpactUp est un cabinet de chasse de t\u00eate sp\u00e9cialiste des fonctions commerciales et marketing.\",\"breadcrumb\":{\"@id\":\"https:\/\/impactup.com\/en\/glossaire\/cabinet-de-chasse-de-tete-2\/#breadcrumb\"},\"inLanguage\":\"en-US\",\"potentialAction\":[{\"@type\":\"ReadAction\",\"target\":[\"https:\/\/impactup.com\/en\/glossaire\/cabinet-de-chasse-de-tete-2\/\"]}]},{\"@type\":\"BreadcrumbList\",\"@id\":\"https:\/\/impactup.com\/en\/glossaire\/cabinet-de-chasse-de-tete-2\/#breadcrumb\",\"itemListElement\":[{\"@type\":\"ListItem\",\"position\":1,\"name\":\"Accueil\",\"item\":\"https:\/\/impactup.com\/en\/\"},{\"@type\":\"ListItem\",\"position\":2,\"name\":\"Glossaire\",\"item\":\"https:\/\/impactup.com\/en\/glossaire\/\"},{\"@type\":\"ListItem\",\"position\":3,\"name\":\"Le cabinet de chasse de t\u00eate : un recruteur efficace\"}]},{\"@type\":\"WebSite\",\"@id\":\"https:\/\/impactup.com\/en\/#website\",\"url\":\"https:\/\/impactup.com\/en\/\",\"name\":\"ImpactUp\",\"description\":\"Recrutement commerciaux, directions commerciales et fonctions marketing\",\"potentialAction\":[{\"@type\":\"SearchAction\",\"target\":{\"@type\":\"EntryPoint\",\"urlTemplate\":\"https:\/\/impactup.com\/en\/?s={search_term_string}\"},\"query-input\":{\"@type\":\"PropertyValueSpecification\",\"valueRequired\":true,\"valueName\":\"search_term_string\"}}],\"inLanguage\":\"en-US\"}]}<\/script>\n<!-- \/ Yoast SEO plugin. -->","yoast_head_json":{"title":"Cabinet de chasse de t\u00eate exp\u00e9riment\u00e9","description":"Le cabinet de chasse de t\u00eate est un recruteur aux m\u00e9thodes particuli\u00e8res. ImpactUp est un cabinet de chasse de t\u00eate sp\u00e9cialiste des fonctions commerciales et marketing.","robots":{"index":"index","follow":"follow","max-snippet":"max-snippet:-1","max-image-preview":"max-image-preview:large","max-video-preview":"max-video-preview:-1"},"canonical":"https:\/\/impactup.com\/en\/glossaire\/cabinet-de-chasse-de-tete-2\/","og_locale":"en_US","og_type":"article","og_title":"Cabinet de chasse de t\u00eate exp\u00e9riment\u00e9","og_description":"Le cabinet de chasse de t\u00eate est un recruteur aux m\u00e9thodes particuli\u00e8res. ImpactUp est un cabinet de chasse de t\u00eate sp\u00e9cialiste des fonctions commerciales et marketing.","og_url":"https:\/\/impactup.com\/en\/glossaire\/cabinet-de-chasse-de-tete-2\/","og_site_name":"ImpactUp","article_modified_time":"2024-06-10T12:57:04+00:00","og_image":[{"width":1067,"height":600,"url":"https:\/\/impactup.com\/wp-content\/uploads\/2021\/01\/og.jpg","type":"image\/jpeg"}],"twitter_card":"summary_large_image","twitter_misc":{"Est. reading time":"8 minutes"},"schema":{"@context":"https:\/\/schema.org","@graph":[{"@type":"WebPage","@id":"https:\/\/impactup.com\/en\/glossaire\/cabinet-de-chasse-de-tete-2\/","url":"https:\/\/impactup.com\/en\/glossaire\/cabinet-de-chasse-de-tete-2\/","name":"Cabinet de chasse de t\u00eate exp\u00e9riment\u00e9","isPartOf":{"@id":"https:\/\/impactup.com\/en\/#website"},"datePublished":"2024-06-10T12:42:29+00:00","dateModified":"2024-06-10T12:57:04+00:00","description":"Le cabinet de chasse de t\u00eate est un recruteur aux m\u00e9thodes particuli\u00e8res. ImpactUp est un cabinet de chasse de t\u00eate sp\u00e9cialiste des fonctions commerciales et marketing.","breadcrumb":{"@id":"https:\/\/impactup.com\/en\/glossaire\/cabinet-de-chasse-de-tete-2\/#breadcrumb"},"inLanguage":"en-US","potentialAction":[{"@type":"ReadAction","target":["https:\/\/impactup.com\/en\/glossaire\/cabinet-de-chasse-de-tete-2\/"]}]},{"@type":"BreadcrumbList","@id":"https:\/\/impactup.com\/en\/glossaire\/cabinet-de-chasse-de-tete-2\/#breadcrumb","itemListElement":[{"@type":"ListItem","position":1,"name":"Accueil","item":"https:\/\/impactup.com\/en\/"},{"@type":"ListItem","position":2,"name":"Glossaire","item":"https:\/\/impactup.com\/en\/glossaire\/"},{"@type":"ListItem","position":3,"name":"Le cabinet de chasse de t\u00eate : un recruteur efficace"}]},{"@type":"WebSite","@id":"https:\/\/impactup.com\/en\/#website","url":"https:\/\/impactup.com\/en\/","name":"ImpactUp","description":"Recrutement commerciaux, directions commerciales et fonctions marketing","potentialAction":[{"@type":"SearchAction","target":{"@type":"EntryPoint","urlTemplate":"https:\/\/impactup.com\/en\/?s={search_term_string}"},"query-input":{"@type":"PropertyValueSpecification","valueRequired":true,"valueName":"search_term_string"}}],"inLanguage":"en-US"}]}},"_links":{"self":[{"href":"https:\/\/impactup.com\/en\/wp-json\/wp\/v2\/pages\/26212","targetHints":{"allow":["GET"]}}],"collection":[{"href":"https:\/\/impactup.com\/en\/wp-json\/wp\/v2\/pages"}],"about":[{"href":"https:\/\/impactup.com\/en\/wp-json\/wp\/v2\/types\/page"}],"author":[{"embeddable":true,"href":"https:\/\/impactup.com\/en\/wp-json\/wp\/v2\/users\/4"}],"replies":[{"embeddable":true,"href":"https:\/\/impactup.com\/en\/wp-json\/wp\/v2\/comments?post=26212"}],"version-history":[{"count":3,"href":"https:\/\/impactup.com\/en\/wp-json\/wp\/v2\/pages\/26212\/revisions"}],"predecessor-version":[{"id":26217,"href":"https:\/\/impactup.com\/en\/wp-json\/wp\/v2\/pages\/26212\/revisions\/26217"}],"up":[{"embeddable":true,"href":"https:\/\/impactup.com\/en\/wp-json\/wp\/v2\/pages\/17218"}],"wp:attachment":[{"href":"https:\/\/impactup.com\/en\/wp-json\/wp\/v2\/media?parent=26212"}],"curies":[{"name":"wp","href":"https:\/\/api.w.org\/{rel}","templated":true}]}}