{"id":26206,"date":"2024-06-10T14:40:53","date_gmt":"2024-06-10T12:40:53","guid":{"rendered":"https:\/\/impactup.niou.dev\/?page_id=26206"},"modified":"2024-06-12T13:40:58","modified_gmt":"2024-06-12T11:40:58","slug":"cabinet-de-developpement-commercial-lyon-69","status":"publish","type":"page","link":"https:\/\/impactup.com\/en\/glossaire\/cabinet-de-developpement-commercial-lyon-69\/","title":{"rendered":"ImpactUp, un cabinet de d\u00e9veloppement commercial dans le 69 \u00e0 votre service"},"content":{"rendered":"<div class=\"wpb-content-wrapper\"><p>[vc_row][vc_column width=&#8221;1\/3&#8243;][vc_btn title=&#8221;Voir notre offre&#8221; color=&#8221;secondarycolor&#8221; align=&#8221;center&#8221; css=&#8221;&#8221; link=&#8221;url:https%3A%2F%2Fimpactup.com%2Frecrutement%2F&#8221;][\/vc_column][vc_column width=&#8221;1\/3&#8243;][vc_btn title=&#8221;Confiez-nous votre projet&#8221; color=&#8221;secondarycolor&#8221; align=&#8221;center&#8221; css=&#8221;&#8221; link=&#8221;url:https%3A%2F%2Fimpactup.com%2Fetude-personnalisee%2F&#8221;][\/vc_column][vc_column width=&#8221;1\/3&#8243;][vc_btn title=&#8221;Contactez-nous&#8221; color=&#8221;secondarycolor&#8221; align=&#8221;center&#8221; css=&#8221;&#8221; link=&#8221;url:https%3A%2F%2Fimpactup.com%2Fcontact%2F&#8221;][\/vc_column][\/vc_row][vc_row css=&#8221;.vc_custom_1717658386032{padding-top: 40px !important;padding-bottom: 20px !important;}&#8221;][vc_column][vc_column_text css=&#8221;&#8221;]<\/p>\n<section style=\"text-align: justify;\">\n<h2>ImpactUp, un cabinet de d\u00e9veloppement commercial dans le 69 \u00e0 votre service<\/h2>\n<p>Un <a href=\"https:\/\/impactup.com\/glossaire\/cabinet-de-recrutement-cadre-commercial-lyon-69\/\"><strong>cabinet de d\u00e9veloppement commercial \u00e0 Lyon<\/strong><\/a> est en mesure d\u2019examiner la situation de votre entreprise, de rep\u00e9rer vos potentiels et de proposer des axes d\u2019am\u00e9lioration afin de vous aider \u00e0 atteindre vos objectifs de vente. Si vous \u00eates \u00e0 la recherche d\u2019un interlocuteur fiable pouvant apporter une vision neuve dans votre entreprise, adressez-vous \u00e0 <strong>ImpactUp<\/strong>. Nous avons \u00e0 notre actif une \u00e9quipe d\u2019experts qualifi\u00e9s et exp\u00e9riment\u00e9s qui ma\u00eetrise pleinement le processus de d\u00e9veloppement commercial et capable de vous proposer son accompagnement sur les probl\u00e9matiques auxquelles vous \u00eates confront\u00e9s.<\/p>\n<\/section>\n<p>[\/vc_column_text][\/vc_column][\/vc_row][vc_row][vc_column width=&#8221;1\/3&#8243;][vc_btn title=&#8221;Voir notre offre&#8221; color=&#8221;secondarycolor&#8221; align=&#8221;center&#8221; css=&#8221;&#8221; link=&#8221;url:https%3A%2F%2Fimpactup.com%2Frecrutement%2F&#8221;][\/vc_column][vc_column width=&#8221;1\/3&#8243;][vc_btn title=&#8221;Confiez-nous votre projet&#8221; color=&#8221;secondarycolor&#8221; align=&#8221;center&#8221; css=&#8221;&#8221; link=&#8221;url:https%3A%2F%2Fimpactup.com%2Fetude-personnalisee%2F&#8221;][\/vc_column][vc_column width=&#8221;1\/3&#8243;][vc_btn title=&#8221;Contactez-nous&#8221; color=&#8221;secondarycolor&#8221; align=&#8221;center&#8221; css=&#8221;&#8221; link=&#8221;url:https%3A%2F%2Fimpactup.com%2Fcontact%2F&#8221;][\/vc_column][\/vc_row][vc_row css=&#8221;.vc_custom_1717658445522{padding-top: 40px !important;}&#8221;][vc_column][vc_column_text css=&#8221;&#8221;]<\/p>\n<section style=\"text-align: justify;\">\n<h2><strong>D\u00e9veloppement commercial : de quoi s\u2019agit-il ?<\/strong><\/h2>\n<p>Il s\u2019agit d\u2019une strat\u00e9gie permettant de conjuguer les ressources d\u2019une entreprise avec ses objectifs. Il implique la mise en place d\u2019un plan d\u2019action qui consid\u00e8re tous les composants du cycle de vente. Un <strong><a href=\"https:\/\/impactup.com\/glossaire\/cabinet-de-recrutement-commercial-lyon-69\/\">cabinet de d\u00e9veloppement commercial dans le 69 <\/a><\/strong>utilise des m\u00e9thodes tir\u00e9es de l\u2019action des services Business Development &amp; Sales qui s\u2019unissent pour garantir la viabilit\u00e9 et la p\u00e9rennit\u00e9 de l\u2019entreprise.<\/p>\n<p>R\u00e9aliser un d\u00e9veloppement personnel est primordial dans la mesure o\u00f9 le nombre d\u2019entreprises exer\u00e7ant la m\u00eame activit\u00e9 que soi sur le march\u00e9 monte en fl\u00e8che. Ainsi, il est primordial de se d\u00e9marquer dans son secteur et d\u2019\u00eatre en ad\u00e9quation aux valeurs actuelles tout en regardant vers le futur.<\/p>\n<p>Cette d\u00e9marche est aussi essentielle pour permettre \u00e0 une entreprise de suivre les \u00e9volutions technologiques et soci\u00e9tales sans quoi elle sera pi\u00e9tin\u00e9e par la concurrence qui est mieux inform\u00e9e et pr\u00e9par\u00e9e. Il est donc primordial pour une structure de se r\u00e9inventer pour garder son statut.<\/p>\n<h2><strong>Comment fonctionne un cabinet de conseil en d\u00e9veloppement commercial \u00e0 Lyon ?<\/strong><\/h2>\n<p>La mission d\u2019un <a href=\"https:\/\/impactup.com\"><strong>cabinet de d\u00e9veloppement commercial dans le 69 <\/strong><\/a>peut durer quelques semaines \u00e0 quelques mois. Il est, en effet, essentiel de proposer un accompagnement continu afin d\u2019optimiser l\u2019efficience commerciale de l\u2019entreprise.<\/p>\n<p>La mission de conseil en d\u00e9veloppement commercial tourne autour des axes suivants :<\/p>\n<ul>\n<li>Am\u00e9liorer le processus de d\u00e9marchage de nouveaux comptes<\/li>\n<\/ul>\n<p>Cette t\u00e2che consiste \u00e0 aider les entreprises \u00e0 conna\u00eetre leurs cibles et mettre en place une m\u00e9thode de prospection efficace.<\/p>\n<ul>\n<li>Adapter les techniques de vente au contexte<\/li>\n<\/ul>\n<p>Les consultants doivent proc\u00e9der \u00e0 l\u2019\u00e9tude du march\u00e9 et des offres de l\u2019entreprise. Ils doivent aussi revoir la pr\u00e9sentation de cette derni\u00e8re pour qu\u2019elle soit adapt\u00e9e aux besoins des clients.<\/p>\n<ul>\n<li>S\u2019assurer de la performance des \u00e9quipes commerciales<\/li>\n<\/ul>\n<p>Le cabinet aide les \u00e9quipes \u00e0 perfectionner leurs comp\u00e9tences et leur performance pendant la prise de poste.<\/p>\n<h2><strong>Pourquoi faire confiance \u00e0 ImpactUp ?<\/strong><\/h2>\n<p>Pour notre service de conseil en d\u00e9veloppement commercial, nous nous posons comme une v\u00e9ritable direction commerciale externalis\u00e9e pour nos clients. La d\u00e9marche de travail que nous utilisons fait notre particularit\u00e9.<\/p>\n<p>Pour chaque projet, nous agissons avec pragmatisme en d\u00e9ployant des \u00e9quipes issues \u00e0 100 % du terrain. Notre cabinet \u00e0 taille humaine nous permet d\u2019apporter \u00e0 nos clients une solution personnalis\u00e9e et un accompagnement int\u00e9gral jusqu\u2019\u00e0 l\u2019atteinte de vos objectifs. C\u2019est la raison pour laquelle les grands groupes tout comme les PME ont fait confiance \u00e0 notre <a href=\"https:\/\/impactup.com\/glossaire\/cabinet-de-recrutement-cadre-commercial-lyon-69\/\"><strong>cabinet de d\u00e9veloppement commercial dans le 69<\/strong><\/a>. Nous pr\u00f4nons aussi la culture du r\u00e9sultat.<\/p>\n<\/section>\n<p>[\/vc_column_text][\/vc_column][\/vc_row]<\/p>\n<\/div>","protected":false},"excerpt":{"rendered":"<p>[vc_row][vc_column width=&#8221;1\/3&#8243;][vc_btn title=&#8221;Voir notre offre&#8221; color=&#8221;secondarycolor&#8221; align=&#8221;center&#8221; css=&#8221;&#8221; link=&#8221;url:https%3A%2F%2Fimpactup.com%2Frecrutement%2F&#8221;][\/vc_column][vc_column width=&#8221;1\/3&#8243;][vc_btn title=&#8221;Confiez-nous votre projet&#8221; color=&#8221;secondarycolor&#8221; align=&#8221;center&#8221; css=&#8221;&#8221; link=&#8221;url:https%3A%2F%2Fimpactup.com%2Fetude-personnalisee%2F&#8221;][\/vc_column][vc_column width=&#8221;1\/3&#8243;][vc_btn title=&#8221;Contactez-nous&#8221; color=&#8221;secondarycolor&#8221; align=&#8221;center&#8221; css=&#8221;&#8221; link=&#8221;url:https%3A%2F%2Fimpactup.com%2Fcontact%2F&#8221;][\/vc_column][\/vc_row][vc_row css=&#8221;.vc_custom_1717658386032{padding-top: 40px !important;padding-bottom: 20px !important;}&#8221;][vc_column][vc_column_text css=&#8221;&#8221;] ImpactUp, un cabinet de d\u00e9veloppement commercial dans le 69 \u00e0 votre service Un cabinet de d\u00e9veloppement commercial \u00e0 Lyon est en mesure d\u2019examiner la situation de [&hellip;]<\/p>\n","protected":false},"author":4,"featured_media":0,"parent":17218,"menu_order":0,"comment_status":"closed","ping_status":"closed","template":"","meta":{"_monsterinsights_skip_tracking":false,"_monsterinsights_sitenote_active":false,"_monsterinsights_sitenote_note":"","_monsterinsights_sitenote_category":0,"footnotes":""},"class_list":["post-26206","page","type-page","status-publish","hentry"],"yoast_head":"<!-- This site is optimized with the Yoast SEO plugin v27.0 - https:\/\/yoast.com\/product\/yoast-seo-wordpress\/ -->\n<title>Quel cabinet de d\u00e9veloppement commercial \u00e0 Lyon contacter<\/title>\n<meta name=\"description\" content=\"Un cabinet de d\u00e9veloppement commercial \u00e0 Lyon vous aide \u00e0 \u00e9largir vos parts de march\u00e9 et accompagne votre croissance. ImpactUp est un cabinet de d\u00e9veloppement commercial dans le 69.\" \/>\n<meta name=\"robots\" content=\"index, follow, max-snippet:-1, max-image-preview:large, max-video-preview:-1\" \/>\n<link rel=\"canonical\" href=\"https:\/\/impactup.com\/en\/glossaire\/cabinet-de-developpement-commercial-lyon-69\/\" \/>\n<meta property=\"og:locale\" content=\"en_US\" \/>\n<meta property=\"og:type\" content=\"article\" \/>\n<meta property=\"og:title\" content=\"Quel cabinet de d\u00e9veloppement commercial \u00e0 Lyon contacter\" \/>\n<meta property=\"og:description\" content=\"Un cabinet de d\u00e9veloppement commercial \u00e0 Lyon vous aide \u00e0 \u00e9largir vos parts de march\u00e9 et accompagne votre croissance. ImpactUp est un cabinet de d\u00e9veloppement commercial dans le 69.\" \/>\n<meta property=\"og:url\" content=\"https:\/\/impactup.com\/en\/glossaire\/cabinet-de-developpement-commercial-lyon-69\/\" \/>\n<meta property=\"og:site_name\" content=\"ImpactUp\" \/>\n<meta property=\"article:modified_time\" content=\"2024-06-12T11:40:58+00:00\" \/>\n<meta property=\"og:image\" content=\"https:\/\/impactup.com\/wp-content\/uploads\/2021\/01\/og.jpg\" \/>\n\t<meta property=\"og:image:width\" content=\"1067\" \/>\n\t<meta property=\"og:image:height\" content=\"600\" \/>\n\t<meta property=\"og:image:type\" content=\"image\/jpeg\" \/>\n<meta name=\"twitter:card\" content=\"summary_large_image\" \/>\n<meta name=\"twitter:label1\" content=\"Est. reading time\" \/>\n\t<meta name=\"twitter:data1\" content=\"3 minutes\" \/>\n<script type=\"application\/ld+json\" class=\"yoast-schema-graph\">{\"@context\":\"https:\/\/schema.org\",\"@graph\":[{\"@type\":\"WebPage\",\"@id\":\"https:\/\/impactup.com\/en\/glossaire\/cabinet-de-developpement-commercial-lyon-69\/\",\"url\":\"https:\/\/impactup.com\/en\/glossaire\/cabinet-de-developpement-commercial-lyon-69\/\",\"name\":\"Quel cabinet de d\u00e9veloppement commercial \u00e0 Lyon contacter\",\"isPartOf\":{\"@id\":\"https:\/\/impactup.com\/en\/#website\"},\"datePublished\":\"2024-06-10T12:40:53+00:00\",\"dateModified\":\"2024-06-12T11:40:58+00:00\",\"description\":\"Un cabinet de d\u00e9veloppement commercial \u00e0 Lyon vous aide \u00e0 \u00e9largir vos parts de march\u00e9 et accompagne votre croissance. ImpactUp est un cabinet de d\u00e9veloppement commercial dans le 69.\",\"breadcrumb\":{\"@id\":\"https:\/\/impactup.com\/en\/glossaire\/cabinet-de-developpement-commercial-lyon-69\/#breadcrumb\"},\"inLanguage\":\"en-US\",\"potentialAction\":[{\"@type\":\"ReadAction\",\"target\":[\"https:\/\/impactup.com\/en\/glossaire\/cabinet-de-developpement-commercial-lyon-69\/\"]}]},{\"@type\":\"BreadcrumbList\",\"@id\":\"https:\/\/impactup.com\/en\/glossaire\/cabinet-de-developpement-commercial-lyon-69\/#breadcrumb\",\"itemListElement\":[{\"@type\":\"ListItem\",\"position\":1,\"name\":\"Accueil\",\"item\":\"https:\/\/impactup.com\/en\/\"},{\"@type\":\"ListItem\",\"position\":2,\"name\":\"Glossaire\",\"item\":\"https:\/\/impactup.com\/en\/glossaire\/\"},{\"@type\":\"ListItem\",\"position\":3,\"name\":\"ImpactUp, un cabinet de d\u00e9veloppement commercial dans le 69 \u00e0 votre service\"}]},{\"@type\":\"WebSite\",\"@id\":\"https:\/\/impactup.com\/en\/#website\",\"url\":\"https:\/\/impactup.com\/en\/\",\"name\":\"ImpactUp\",\"description\":\"Recrutement commerciaux, directions commerciales et fonctions marketing\",\"potentialAction\":[{\"@type\":\"SearchAction\",\"target\":{\"@type\":\"EntryPoint\",\"urlTemplate\":\"https:\/\/impactup.com\/en\/?s={search_term_string}\"},\"query-input\":{\"@type\":\"PropertyValueSpecification\",\"valueRequired\":true,\"valueName\":\"search_term_string\"}}],\"inLanguage\":\"en-US\"}]}<\/script>\n<!-- \/ Yoast SEO plugin. -->","yoast_head_json":{"title":"Quel cabinet de d\u00e9veloppement commercial \u00e0 Lyon contacter","description":"Un cabinet de d\u00e9veloppement commercial \u00e0 Lyon vous aide \u00e0 \u00e9largir vos parts de march\u00e9 et accompagne votre croissance. ImpactUp est un cabinet de d\u00e9veloppement commercial dans le 69.","robots":{"index":"index","follow":"follow","max-snippet":"max-snippet:-1","max-image-preview":"max-image-preview:large","max-video-preview":"max-video-preview:-1"},"canonical":"https:\/\/impactup.com\/en\/glossaire\/cabinet-de-developpement-commercial-lyon-69\/","og_locale":"en_US","og_type":"article","og_title":"Quel cabinet de d\u00e9veloppement commercial \u00e0 Lyon contacter","og_description":"Un cabinet de d\u00e9veloppement commercial \u00e0 Lyon vous aide \u00e0 \u00e9largir vos parts de march\u00e9 et accompagne votre croissance. ImpactUp est un cabinet de d\u00e9veloppement commercial dans le 69.","og_url":"https:\/\/impactup.com\/en\/glossaire\/cabinet-de-developpement-commercial-lyon-69\/","og_site_name":"ImpactUp","article_modified_time":"2024-06-12T11:40:58+00:00","og_image":[{"width":1067,"height":600,"url":"https:\/\/impactup.com\/wp-content\/uploads\/2021\/01\/og.jpg","type":"image\/jpeg"}],"twitter_card":"summary_large_image","twitter_misc":{"Est. reading time":"3 minutes"},"schema":{"@context":"https:\/\/schema.org","@graph":[{"@type":"WebPage","@id":"https:\/\/impactup.com\/en\/glossaire\/cabinet-de-developpement-commercial-lyon-69\/","url":"https:\/\/impactup.com\/en\/glossaire\/cabinet-de-developpement-commercial-lyon-69\/","name":"Quel cabinet de d\u00e9veloppement commercial \u00e0 Lyon contacter","isPartOf":{"@id":"https:\/\/impactup.com\/en\/#website"},"datePublished":"2024-06-10T12:40:53+00:00","dateModified":"2024-06-12T11:40:58+00:00","description":"Un cabinet de d\u00e9veloppement commercial \u00e0 Lyon vous aide \u00e0 \u00e9largir vos parts de march\u00e9 et accompagne votre croissance. ImpactUp est un cabinet de d\u00e9veloppement commercial dans le 69.","breadcrumb":{"@id":"https:\/\/impactup.com\/en\/glossaire\/cabinet-de-developpement-commercial-lyon-69\/#breadcrumb"},"inLanguage":"en-US","potentialAction":[{"@type":"ReadAction","target":["https:\/\/impactup.com\/en\/glossaire\/cabinet-de-developpement-commercial-lyon-69\/"]}]},{"@type":"BreadcrumbList","@id":"https:\/\/impactup.com\/en\/glossaire\/cabinet-de-developpement-commercial-lyon-69\/#breadcrumb","itemListElement":[{"@type":"ListItem","position":1,"name":"Accueil","item":"https:\/\/impactup.com\/en\/"},{"@type":"ListItem","position":2,"name":"Glossaire","item":"https:\/\/impactup.com\/en\/glossaire\/"},{"@type":"ListItem","position":3,"name":"ImpactUp, un cabinet de d\u00e9veloppement commercial dans le 69 \u00e0 votre service"}]},{"@type":"WebSite","@id":"https:\/\/impactup.com\/en\/#website","url":"https:\/\/impactup.com\/en\/","name":"ImpactUp","description":"Recrutement commerciaux, directions commerciales et fonctions marketing","potentialAction":[{"@type":"SearchAction","target":{"@type":"EntryPoint","urlTemplate":"https:\/\/impactup.com\/en\/?s={search_term_string}"},"query-input":{"@type":"PropertyValueSpecification","valueRequired":true,"valueName":"search_term_string"}}],"inLanguage":"en-US"}]}},"_links":{"self":[{"href":"https:\/\/impactup.com\/en\/wp-json\/wp\/v2\/pages\/26206","targetHints":{"allow":["GET"]}}],"collection":[{"href":"https:\/\/impactup.com\/en\/wp-json\/wp\/v2\/pages"}],"about":[{"href":"https:\/\/impactup.com\/en\/wp-json\/wp\/v2\/types\/page"}],"author":[{"embeddable":true,"href":"https:\/\/impactup.com\/en\/wp-json\/wp\/v2\/users\/4"}],"replies":[{"embeddable":true,"href":"https:\/\/impactup.com\/en\/wp-json\/wp\/v2\/comments?post=26206"}],"version-history":[{"count":2,"href":"https:\/\/impactup.com\/en\/wp-json\/wp\/v2\/pages\/26206\/revisions"}],"predecessor-version":[{"id":26484,"href":"https:\/\/impactup.com\/en\/wp-json\/wp\/v2\/pages\/26206\/revisions\/26484"}],"up":[{"embeddable":true,"href":"https:\/\/impactup.com\/en\/wp-json\/wp\/v2\/pages\/17218"}],"wp:attachment":[{"href":"https:\/\/impactup.com\/en\/wp-json\/wp\/v2\/media?parent=26206"}],"curies":[{"name":"wp","href":"https:\/\/api.w.org\/{rel}","templated":true}]}}