{"id":26205,"date":"2024-06-10T14:36:05","date_gmt":"2024-06-10T12:36:05","guid":{"rendered":"https:\/\/impactup.niou.dev\/?page_id=26205"},"modified":"2024-06-12T16:28:08","modified_gmt":"2024-06-12T14:28:08","slug":"cabinet-de-recrutement-commerciaux-toulouse","status":"publish","type":"page","link":"https:\/\/impactup.com\/en\/glossaire\/cabinet-de-recrutement-commerciaux-toulouse\/","title":{"rendered":"ImpactUp, un acteur majeur dans le recrutement de commerciaux \u00e0 Toulouse"},"content":{"rendered":"<div class=\"wpb-content-wrapper\"><p>[vc_row][vc_column width=&#8221;1\/3&#8243;][vc_btn title=&#8221;Voir notre offre&#8221; color=&#8221;secondarycolor&#8221; align=&#8221;center&#8221; css=&#8221;&#8221; link=&#8221;url:https%3A%2F%2Fimpactup.com%2Frecrutement%2F&#8221;][\/vc_column][vc_column width=&#8221;1\/3&#8243;][vc_btn title=&#8221;Confiez-nous votre projet&#8221; color=&#8221;secondarycolor&#8221; align=&#8221;center&#8221; css=&#8221;&#8221; link=&#8221;url:https%3A%2F%2Fimpactup.com%2Fetude-personnalisee%2F&#8221;][\/vc_column][vc_column width=&#8221;1\/3&#8243;][vc_btn title=&#8221;Contactez-nous&#8221; color=&#8221;secondarycolor&#8221; align=&#8221;center&#8221; css=&#8221;&#8221; link=&#8221;url:https%3A%2F%2Fimpactup.com%2Fcontact%2F&#8221;][\/vc_column][\/vc_row][vc_row css=&#8221;.vc_custom_1717658386032{padding-top: 40px !important;padding-bottom: 20px !important;}&#8221;][vc_column][vc_column_text css=&#8221;&#8221;]<\/p>\n<section style=\"text-align: justify;\">\n<h2><strong>ImpactUp, un acteur majeur dans le recrutement de commerciaux \u00e0 Toulouse <\/strong><\/h2>\n<p>L\u2019embauche de profils commerciaux comp\u00e9tents est une t\u00e2che difficile qui demande beaucoup de temps. Pour esp\u00e9rer trouver rapidement le candidat id\u00e9al, faites appel \u00e0 ImpactUp. Nous sommes un <a href=\"https:\/\/impactup.com\/cabinet-de-recrutement-toulouse\"><strong>cabinet sp\u00e9cialis\u00e9 dans le recrutement de commerciaux \u00e0 Toulouse<\/strong><\/a> et nous vous aidons \u00e0 d\u00e9busquer la perle rare dans les d\u00e9lais impartis.<\/p>\n<\/section>\n<p>[\/vc_column_text][\/vc_column][\/vc_row][vc_row][vc_column width=&#8221;1\/3&#8243;][vc_btn title=&#8221;Voir notre offre&#8221; color=&#8221;secondarycolor&#8221; align=&#8221;center&#8221; css=&#8221;&#8221; link=&#8221;url:https%3A%2F%2Fimpactup.com%2Frecrutement%2F&#8221;][\/vc_column][vc_column width=&#8221;1\/3&#8243;][vc_btn title=&#8221;Confiez-nous votre projet&#8221; color=&#8221;secondarycolor&#8221; align=&#8221;center&#8221; css=&#8221;&#8221; link=&#8221;url:https%3A%2F%2Fimpactup.com%2Fetude-personnalisee%2F&#8221;][\/vc_column][vc_column width=&#8221;1\/3&#8243;][vc_btn title=&#8221;Contactez-nous&#8221; color=&#8221;secondarycolor&#8221; align=&#8221;center&#8221; css=&#8221;&#8221; link=&#8221;url:https%3A%2F%2Fimpactup.com%2Fcontact%2F&#8221;][\/vc_column][\/vc_row][vc_row css=&#8221;.vc_custom_1717658445522{padding-top: 40px !important;}&#8221;][vc_column][vc_column_text css=&#8221;&#8221;]<\/p>\n<section style=\"text-align: justify;\">\n<h2><strong>Recruter des commerciaux, une t\u00e2che complexe<\/strong><\/h2>\n<p>Le recrutement de commerciaux fait partie des missions les plus complexes des responsables des ressources humaines des soci\u00e9t\u00e9s commerciales. En effet, le nombre d\u2019entreprises de vente de produits ou de services qui \u00e0 la recherche de professionnels de la vente et de la prospection de clients est en nette croissance de sorte qu\u2019il n\u2019est pas facile de trouver des personnes comp\u00e9tentes.<\/p>\n<p>L\u2019op\u00e9ration est d\u2019autant plus complexe lorsqu\u2019il s\u2019agit de recruter des personnes qui iront travailler dans une autre ville ou dans une autre localit\u00e9 \u00e9tant donn\u00e9 qu\u2019il faudra peut-\u00eatre effectuer un recrutement sur place. Faire appel \u00e0 un <strong>cabinet de recrutement de commerciaux \u00e0 Toulouse<\/strong> se pr\u00e9sente ainsi comme la meilleure option si vous comptez ouvrir une antenne dans cette ville ou ses alentours ou si vous comptez y fonder une entreprise.<\/p>\n<h2><strong>Que fait un cabinet de recrutement\u00a0?<\/strong><\/h2>\n<p>Se tourner vers un <a href=\"https:\/\/impactup.com\/cabinet-de-recrutement-responsable-commercial\"><strong>cabinet de recrutement pour embaucher des commerciaux \u00e0 Toulouse<\/strong><\/a> ne peut \u00eatre qu\u2019une bonne id\u00e9e pour toute entreprise qui souhaite s\u2019y implanter ou qui souhaite \u00e9toffer son \u00e9quipe de force de vente dans cette ville. Une telle agence vous \u00e9vitera en effet les t\u00e2ches chronophages, complexes et fastidieuses relatives \u00e0 une campagne de recrutement. Elle peut prendre en charge toute la proc\u00e9dure, de A \u00e0 Z, autrement dit, depuis la r\u00e9daction et la diffusion de l\u2019offre d\u2019emploi jusqu\u2019\u00e0 l\u2019embauche d\u00e9finitive des candidats s\u00e9lectionn\u00e9s. Par ailleurs, si vous n\u2019\u00eates pas bas\u00e9 \u00e0 Toulouse, vous n\u2019aurez pas \u00e0 d\u00e9p\u00eacher des personnes sur place pour proc\u00e9der au recrutement. Faire appel \u00e0 une agence sp\u00e9cialis\u00e9e vous fera \u00e9conomiser \u00e0 la fois du temps et de l\u2019argent.<\/p>\n<h2><strong>Recrutement de commerciaux\u00a0\u00e0 Toulouse\u00a0: les autres avantages du recours \u00e0 un cabinet\u00a0?<\/strong><\/h2>\n<p>Les dirigeants d\u2019entreprise s\u2019accordent \u00e0 dire que la fonction commerciale est la plus indispensable de toutes. Une assertion \u00e9tay\u00e9e par les r\u00e9alit\u00e9s du terrain, \u00e0 Toulouse comme ailleurs.<\/p>\n<p>Un bon commercial, c\u2019est un agent qui r\u00e9alise ses objectifs sur le plan quantitatif et qualitatif. Prospection, vente, fid\u00e9lisation des clients&#8230; Ses rendements sur chacune de ses missions vont impacter directement les r\u00e9sultats de l\u2019entreprise. De ce fait, les employeurs ont \u00e9lev\u00e9 leur niveau d\u2019exigence \u2013 \u00e0 juste titre \u2013 quant au profil de leurs futurs commerciaux.<\/p>\n<p>Les contraintes actuelles de comp\u00e9titivit\u00e9 am\u00e8nent les entreprises \u00e0 se doter de moyens, humains et autres, pour faire des r\u00e9sultats dans des d\u00e9lais relativement courts.\u00a0Voil\u00e0 pourquoi elles confient le recrutement de leurs agents commerciaux \u00e0 des cabinets sp\u00e9cialis\u00e9s comme Impactup. Les cabinets de recrutement ont les techniques et les outils de recherche n\u00e9cessaires qui leur permettent d\u2019acc\u00e9l\u00e9rer les processus et de s\u00e9curiser au maximum les d\u00e9cisions de leurs clients.<\/p>\n<p>Mais le v\u00e9ritable atout des recruteurs externes, c\u2019est leur expertise et leur savoir-faire pour identifier les talents. Ces professionnels du march\u00e9 de l\u2019emploi ont une maitrise circonstanci\u00e9e des secteurs d\u2019activit\u00e9 dans lesquels ils interviennent et savent quel type de profil est en ad\u00e9quation avec les besoins du client.<\/p>\n<p>Vous recherchez des <a href=\"https:\/\/impactup.com\/cabinet-de-recrutement-directeur-commercial\"><strong>commerciaux \u00e0 Toulouse\u00a0? Le cabinet de recrutement<\/strong><\/a> Impactup vous aide \u00e0 d\u00e9nicher les perles rares.<\/p>\n<h2><strong>Recrutement commerciaux \u00e0 Toulouse avec Impactup<\/strong><\/h2>\n<p><strong>Impactup<\/strong> accompagne les grandes entreprises et les PME dans le cadre de missions de recrutement et de conseil. Notre cabinet a ax\u00e9 son expertise sur le recrutement des talents commerciaux.<\/p>\n<p>Sp\u00e9cialiste des fonctions commerciales, <strong>Impactup<\/strong> a su s\u2019appuyer sur une solide \u00e9quipe de consultants et de charg\u00e9s de recherches pour mener \u00e0 bien ses missions. Missions qui sont trait\u00e9es \u00e9tape par \u00e9tape, de la d\u00e9finition du besoin du client \u00e0 l\u2019embauche d\u00e9finitive du candidat.<\/p>\n<p>ImpactUP dispose d\u2019une offre de services compl\u00e8te pour r\u00e9pondre \u00e0 tous les enjeux des chefs d\u2019entreprises en mati\u00e8re de ressources humaines\u00a0:<\/p>\n<ul>\n<li>une plateforme d\u2019\u00e9valuation qui comporte 4 familles d\u2019outils : TalentRelation\u00ae, TalentBusiness\u00ae, TalentAttitude\u00ae et TalentInitial\u00ae ;<\/li>\n<li>un service en ligne SaaS d\u2019\u00e9valuation qui permet de valider les comp\u00e9tences dans une langue \u00e9trang\u00e8re, propos\u00e9 en collaboration avec Pipplet.<\/li>\n<\/ul>\n<p>Pour le recrutement de vos commerciaux \u00e0 Toulouse, nous proposons une approche pragmatique associant des actions de \u00ab\u00a0chasse\u00a0\u00bb et de recrutement par annonces. Gr\u00e2ce \u00e0 notre base de donn\u00e9es, nous sommes \u00e9galement \u00e0 m\u00eame de pr\u00e9s\u00e9lectionner les candidats selon vos crit\u00e8res sp\u00e9cifiques. Nous nous engageons par ailleurs \u00e0 vous faire un compte rendu r\u00e9gulier de nos recherches assorti des recommandations de nos experts. D\u2019autre part, <strong>ImpactUP<\/strong> guide \u00e9galement les candidats en respectant leurs souhaits.<\/p>\n<p>Recruter est un m\u00e9tier. Confiez vos besoins \u00e0 un sp\u00e9cialiste des profils commerciaux et profitez d\u2019une prestation sur mesure \u00e0 la hauteur de vos attentes. Notre cabinet est en effet une structure sp\u00e9cialis\u00e9e dans le recrutement de profils de haut niveau et experts m\u00e9tiers) dans les fonctions commerciales et marketing comme le charg\u00e9(e) de marketing direct, responsable de promotion des ventes, responsable webmarketing, d\u00e9l\u00e9gu\u00e9 commercial, marchandiseur(euse), business developer, ing\u00e9nieur commercial, et de toutes les fonctions-cl\u00e9s de l\u2019entreprise\u00a0: directeur(trice) de la relation client, sales administrator, directeur(trice) de magasin, key account manager, directeur(trice) de marque, et bien d\u2019autres encore<\/p>\n<p>Outre le recrutement, <strong>Impactup<\/strong> propose un accompagnement expert en Conseil et d\u00e9veloppement commercial (strat\u00e9gie commerciale, Organisation commerciale, Motivation des \u00e9quipes commerciales), Division Distribution et Retail, Evaluations des candidats.\u00a0Nous sommes partenaires du cabinet allemand \u00ab\u00a0Market Mission\u00a0\u00bb, acteur cl\u00e9 du recrutement sp\u00e9cialis\u00e9 en Europe. Notre client\u00e8le inclut d\u2019ailleurs des entreprises de toute taille de France et d\u2019ailleurs, convaincues par notre professionnalisme.<\/p>\n<h2><strong>ImpactUp, la r\u00e9ussite de votre recrutement<\/strong><\/h2>\n<p>Le succ\u00e8s d\u2019<a href=\"https:\/\/impactup.com\/\"><strong>ImpactUp<\/strong><\/a> repose sur sa forte expertise et son savoir-faire. Notre <strong>cabinet bas\u00e9 \u00e0 Toulouse<\/strong> vous fait b\u00e9n\u00e9ficier de plus de dix ans d\u2019exp\u00e9rience dans le <strong>recrutement de profils commerciaux<\/strong>. Notre capacit\u00e9 \u00e0 respecter nos engagements nous a valu la confiance de nombreuses entreprises op\u00e9rant dans toute la France.<\/p>\n<p>Nous prenons en charge chaque \u00e9tape du processus de recrutement. Ainsi, les annonces sont r\u00e9dig\u00e9es par des consultants exp\u00e9riment\u00e9s, qui pour la plupart ont eux-m\u00eames occup\u00e9s de direction commerciale et marketing.<\/p>\n<p>Il faut savoir que nous avons d\u00e9j\u00e0 recrut\u00e9 plus de 2\u00a0000\u00a0commerciaux, managers, chef de vente, commercial de terrain\u2026 et accompagn\u00e9 des milliers d\u2019entreprises depuis 2005. Alors, pourquoi pas la v\u00f4tre\u00a0?<\/p>\n<\/section>\n<p>[\/vc_column_text][\/vc_column][\/vc_row]<\/p>\n<\/div>","protected":false},"excerpt":{"rendered":"<p>[vc_row][vc_column width=&#8221;1\/3&#8243;][vc_btn title=&#8221;Voir notre offre&#8221; color=&#8221;secondarycolor&#8221; align=&#8221;center&#8221; css=&#8221;&#8221; link=&#8221;url:https%3A%2F%2Fimpactup.com%2Frecrutement%2F&#8221;][\/vc_column][vc_column width=&#8221;1\/3&#8243;][vc_btn title=&#8221;Confiez-nous votre projet&#8221; color=&#8221;secondarycolor&#8221; align=&#8221;center&#8221; css=&#8221;&#8221; link=&#8221;url:https%3A%2F%2Fimpactup.com%2Fetude-personnalisee%2F&#8221;][\/vc_column][vc_column width=&#8221;1\/3&#8243;][vc_btn title=&#8221;Contactez-nous&#8221; color=&#8221;secondarycolor&#8221; align=&#8221;center&#8221; css=&#8221;&#8221; link=&#8221;url:https%3A%2F%2Fimpactup.com%2Fcontact%2F&#8221;][\/vc_column][\/vc_row][vc_row css=&#8221;.vc_custom_1717658386032{padding-top: 40px !important;padding-bottom: 20px !important;}&#8221;][vc_column][vc_column_text css=&#8221;&#8221;] ImpactUp, un acteur majeur dans le recrutement de commerciaux \u00e0 Toulouse L\u2019embauche de profils commerciaux comp\u00e9tents est une t\u00e2che difficile qui demande beaucoup de temps. Pour [&hellip;]<\/p>\n","protected":false},"author":4,"featured_media":0,"parent":17218,"menu_order":0,"comment_status":"closed","ping_status":"closed","template":"","meta":{"_monsterinsights_skip_tracking":false,"_monsterinsights_sitenote_active":false,"_monsterinsights_sitenote_note":"","_monsterinsights_sitenote_category":0,"footnotes":""},"class_list":["post-26205","page","type-page","status-publish","hentry"],"yoast_head":"<!-- This site is optimized with the Yoast SEO plugin v27.0 - https:\/\/yoast.com\/product\/yoast-seo-wordpress\/ -->\n<title>Un cabinet \u00e0 Toulouse pour le recrutement de cadres marketing et commerciaux<\/title>\n<meta name=\"description\" content=\"Faites appel \u00e0 un cabinet de recrutement de commerciaux \u00e0 Toulouse. ImpactUP, un cabinet expert en mati\u00e8re de recrutement de commerciaux \u00e0 Toulouse.\" \/>\n<meta name=\"robots\" content=\"index, follow, max-snippet:-1, max-image-preview:large, max-video-preview:-1\" \/>\n<link rel=\"canonical\" href=\"https:\/\/impactup.com\/en\/glossaire\/cabinet-de-recrutement-commerciaux-toulouse\/\" \/>\n<meta property=\"og:locale\" content=\"en_US\" \/>\n<meta property=\"og:type\" content=\"article\" \/>\n<meta property=\"og:title\" content=\"Un cabinet \u00e0 Toulouse pour le recrutement de cadres marketing et commerciaux\" \/>\n<meta property=\"og:description\" content=\"Faites appel \u00e0 un cabinet de recrutement de commerciaux \u00e0 Toulouse. ImpactUP, un cabinet expert en mati\u00e8re de recrutement de commerciaux \u00e0 Toulouse.\" \/>\n<meta property=\"og:url\" content=\"https:\/\/impactup.com\/en\/glossaire\/cabinet-de-recrutement-commerciaux-toulouse\/\" \/>\n<meta property=\"og:site_name\" content=\"ImpactUp\" \/>\n<meta property=\"article:modified_time\" content=\"2024-06-12T14:28:08+00:00\" \/>\n<meta property=\"og:image\" content=\"https:\/\/impactup.com\/wp-content\/uploads\/2021\/01\/og.jpg\" \/>\n\t<meta property=\"og:image:width\" content=\"1067\" \/>\n\t<meta property=\"og:image:height\" content=\"600\" \/>\n\t<meta property=\"og:image:type\" content=\"image\/jpeg\" \/>\n<meta name=\"twitter:card\" content=\"summary_large_image\" \/>\n<meta name=\"twitter:label1\" content=\"Est. reading time\" \/>\n\t<meta name=\"twitter:data1\" content=\"6 minutes\" \/>\n<script type=\"application\/ld+json\" class=\"yoast-schema-graph\">{\"@context\":\"https:\/\/schema.org\",\"@graph\":[{\"@type\":\"WebPage\",\"@id\":\"https:\/\/impactup.com\/en\/glossaire\/cabinet-de-recrutement-commerciaux-toulouse\/\",\"url\":\"https:\/\/impactup.com\/en\/glossaire\/cabinet-de-recrutement-commerciaux-toulouse\/\",\"name\":\"Un cabinet \u00e0 Toulouse pour le recrutement de cadres marketing et commerciaux\",\"isPartOf\":{\"@id\":\"https:\/\/impactup.com\/en\/#website\"},\"datePublished\":\"2024-06-10T12:36:05+00:00\",\"dateModified\":\"2024-06-12T14:28:08+00:00\",\"description\":\"Faites appel \u00e0 un cabinet de recrutement de commerciaux \u00e0 Toulouse. ImpactUP, un cabinet expert en mati\u00e8re de recrutement de commerciaux \u00e0 Toulouse.\",\"breadcrumb\":{\"@id\":\"https:\/\/impactup.com\/en\/glossaire\/cabinet-de-recrutement-commerciaux-toulouse\/#breadcrumb\"},\"inLanguage\":\"en-US\",\"potentialAction\":[{\"@type\":\"ReadAction\",\"target\":[\"https:\/\/impactup.com\/en\/glossaire\/cabinet-de-recrutement-commerciaux-toulouse\/\"]}]},{\"@type\":\"BreadcrumbList\",\"@id\":\"https:\/\/impactup.com\/en\/glossaire\/cabinet-de-recrutement-commerciaux-toulouse\/#breadcrumb\",\"itemListElement\":[{\"@type\":\"ListItem\",\"position\":1,\"name\":\"Accueil\",\"item\":\"https:\/\/impactup.com\/en\/\"},{\"@type\":\"ListItem\",\"position\":2,\"name\":\"Glossaire\",\"item\":\"https:\/\/impactup.com\/en\/glossaire\/\"},{\"@type\":\"ListItem\",\"position\":3,\"name\":\"ImpactUp, un acteur majeur dans le recrutement de commerciaux \u00e0 Toulouse\"}]},{\"@type\":\"WebSite\",\"@id\":\"https:\/\/impactup.com\/en\/#website\",\"url\":\"https:\/\/impactup.com\/en\/\",\"name\":\"ImpactUp\",\"description\":\"Recrutement commerciaux, directions commerciales et fonctions marketing\",\"potentialAction\":[{\"@type\":\"SearchAction\",\"target\":{\"@type\":\"EntryPoint\",\"urlTemplate\":\"https:\/\/impactup.com\/en\/?s={search_term_string}\"},\"query-input\":{\"@type\":\"PropertyValueSpecification\",\"valueRequired\":true,\"valueName\":\"search_term_string\"}}],\"inLanguage\":\"en-US\"}]}<\/script>\n<!-- \/ Yoast SEO plugin. -->","yoast_head_json":{"title":"Un cabinet \u00e0 Toulouse pour le recrutement de cadres marketing et commerciaux","description":"Faites appel \u00e0 un cabinet de recrutement de commerciaux \u00e0 Toulouse. ImpactUP, un cabinet expert en mati\u00e8re de recrutement de commerciaux \u00e0 Toulouse.","robots":{"index":"index","follow":"follow","max-snippet":"max-snippet:-1","max-image-preview":"max-image-preview:large","max-video-preview":"max-video-preview:-1"},"canonical":"https:\/\/impactup.com\/en\/glossaire\/cabinet-de-recrutement-commerciaux-toulouse\/","og_locale":"en_US","og_type":"article","og_title":"Un cabinet \u00e0 Toulouse pour le recrutement de cadres marketing et commerciaux","og_description":"Faites appel \u00e0 un cabinet de recrutement de commerciaux \u00e0 Toulouse. ImpactUP, un cabinet expert en mati\u00e8re de recrutement de commerciaux \u00e0 Toulouse.","og_url":"https:\/\/impactup.com\/en\/glossaire\/cabinet-de-recrutement-commerciaux-toulouse\/","og_site_name":"ImpactUp","article_modified_time":"2024-06-12T14:28:08+00:00","og_image":[{"width":1067,"height":600,"url":"https:\/\/impactup.com\/wp-content\/uploads\/2021\/01\/og.jpg","type":"image\/jpeg"}],"twitter_card":"summary_large_image","twitter_misc":{"Est. reading time":"6 minutes"},"schema":{"@context":"https:\/\/schema.org","@graph":[{"@type":"WebPage","@id":"https:\/\/impactup.com\/en\/glossaire\/cabinet-de-recrutement-commerciaux-toulouse\/","url":"https:\/\/impactup.com\/en\/glossaire\/cabinet-de-recrutement-commerciaux-toulouse\/","name":"Un cabinet \u00e0 Toulouse pour le recrutement de cadres marketing et commerciaux","isPartOf":{"@id":"https:\/\/impactup.com\/en\/#website"},"datePublished":"2024-06-10T12:36:05+00:00","dateModified":"2024-06-12T14:28:08+00:00","description":"Faites appel \u00e0 un cabinet de recrutement de commerciaux \u00e0 Toulouse. ImpactUP, un cabinet expert en mati\u00e8re de recrutement de commerciaux \u00e0 Toulouse.","breadcrumb":{"@id":"https:\/\/impactup.com\/en\/glossaire\/cabinet-de-recrutement-commerciaux-toulouse\/#breadcrumb"},"inLanguage":"en-US","potentialAction":[{"@type":"ReadAction","target":["https:\/\/impactup.com\/en\/glossaire\/cabinet-de-recrutement-commerciaux-toulouse\/"]}]},{"@type":"BreadcrumbList","@id":"https:\/\/impactup.com\/en\/glossaire\/cabinet-de-recrutement-commerciaux-toulouse\/#breadcrumb","itemListElement":[{"@type":"ListItem","position":1,"name":"Accueil","item":"https:\/\/impactup.com\/en\/"},{"@type":"ListItem","position":2,"name":"Glossaire","item":"https:\/\/impactup.com\/en\/glossaire\/"},{"@type":"ListItem","position":3,"name":"ImpactUp, un acteur majeur dans le recrutement de commerciaux \u00e0 Toulouse"}]},{"@type":"WebSite","@id":"https:\/\/impactup.com\/en\/#website","url":"https:\/\/impactup.com\/en\/","name":"ImpactUp","description":"Recrutement commerciaux, directions commerciales et fonctions marketing","potentialAction":[{"@type":"SearchAction","target":{"@type":"EntryPoint","urlTemplate":"https:\/\/impactup.com\/en\/?s={search_term_string}"},"query-input":{"@type":"PropertyValueSpecification","valueRequired":true,"valueName":"search_term_string"}}],"inLanguage":"en-US"}]}},"_links":{"self":[{"href":"https:\/\/impactup.com\/en\/wp-json\/wp\/v2\/pages\/26205","targetHints":{"allow":["GET"]}}],"collection":[{"href":"https:\/\/impactup.com\/en\/wp-json\/wp\/v2\/pages"}],"about":[{"href":"https:\/\/impactup.com\/en\/wp-json\/wp\/v2\/types\/page"}],"author":[{"embeddable":true,"href":"https:\/\/impactup.com\/en\/wp-json\/wp\/v2\/users\/4"}],"replies":[{"embeddable":true,"href":"https:\/\/impactup.com\/en\/wp-json\/wp\/v2\/comments?post=26205"}],"version-history":[{"count":5,"href":"https:\/\/impactup.com\/en\/wp-json\/wp\/v2\/pages\/26205\/revisions"}],"predecessor-version":[{"id":26544,"href":"https:\/\/impactup.com\/en\/wp-json\/wp\/v2\/pages\/26205\/revisions\/26544"}],"up":[{"embeddable":true,"href":"https:\/\/impactup.com\/en\/wp-json\/wp\/v2\/pages\/17218"}],"wp:attachment":[{"href":"https:\/\/impactup.com\/en\/wp-json\/wp\/v2\/media?parent=26205"}],"curies":[{"name":"wp","href":"https:\/\/api.w.org\/{rel}","templated":true}]}}