{"id":26200,"date":"2024-06-10T14:30:28","date_gmt":"2024-06-10T12:30:28","guid":{"rendered":"https:\/\/impactup.niou.dev\/?page_id=26200"},"modified":"2024-06-12T16:27:42","modified_gmt":"2024-06-12T14:27:42","slug":"cabinet-de-recrutement-commerciaux-paris","status":"publish","type":"page","link":"https:\/\/impactup.com\/en\/glossaire\/cabinet-de-recrutement-commerciaux-paris\/","title":{"rendered":"Cabinet sp\u00e9cialis\u00e9 dans le recrutement de profil commercial \u00e0 Paris"},"content":{"rendered":"<div class=\"wpb-content-wrapper\"><p>[vc_row][vc_column width=&#8221;1\/3&#8243;][vc_btn title=&#8221;Voir notre offre&#8221; color=&#8221;secondarycolor&#8221; align=&#8221;center&#8221; css=&#8221;&#8221; link=&#8221;url:https%3A%2F%2Fimpactup.com%2Frecrutement%2F&#8221;][\/vc_column][vc_column width=&#8221;1\/3&#8243;][vc_btn title=&#8221;Confiez-nous votre projet&#8221; color=&#8221;secondarycolor&#8221; align=&#8221;center&#8221; css=&#8221;&#8221; link=&#8221;url:https%3A%2F%2Fimpactup.com%2Fetude-personnalisee%2F&#8221;][\/vc_column][vc_column width=&#8221;1\/3&#8243;][vc_btn title=&#8221;Contactez-nous&#8221; color=&#8221;secondarycolor&#8221; align=&#8221;center&#8221; css=&#8221;&#8221; link=&#8221;url:https%3A%2F%2Fimpactup.com%2Fcontact%2F&#8221;][\/vc_column][\/vc_row][vc_row css=&#8221;.vc_custom_1717658386032{padding-top: 40px !important;padding-bottom: 20px !important;}&#8221;][vc_column][vc_column_text css=&#8221;&#8221;]<\/p>\n<section style=\"text-align: justify;\">\n<h2><strong>Cabinet sp\u00e9cialis\u00e9 dans le recrutement de profil commercial \u00e0 Paris<\/strong><\/h2>\n<p>ImpactUp est un <a href=\"https:\/\/impactup.com\/cabinet-de-recrutement-paris\"><strong>cabinet sp\u00e9cialis\u00e9 en conseil et recrutement de profils commerciaux \u00e0 Paris<\/strong><\/a>. Si vous recherchez de nouveaux talents pour renforcer votre \u00e9quipe de vente, nous pouvons vous accompagner pendant le processus d\u2019embauche. Nos experts en commerce et marketing vous aident \u00e0 d\u00e9nicher la perle rare.<\/p>\n<\/section>\n<p>[\/vc_column_text][\/vc_column][\/vc_row][vc_row][vc_column width=&#8221;1\/3&#8243;][vc_btn title=&#8221;Voir notre offre&#8221; color=&#8221;secondarycolor&#8221; align=&#8221;center&#8221; css=&#8221;&#8221; link=&#8221;url:https%3A%2F%2Fimpactup.com%2Frecrutement%2F&#8221;][\/vc_column][vc_column width=&#8221;1\/3&#8243;][vc_btn title=&#8221;Confiez-nous votre projet&#8221; color=&#8221;secondarycolor&#8221; align=&#8221;center&#8221; css=&#8221;&#8221; link=&#8221;url:https%3A%2F%2Fimpactup.com%2Fetude-personnalisee%2F&#8221;][\/vc_column][vc_column width=&#8221;1\/3&#8243;][vc_btn title=&#8221;Contactez-nous&#8221; color=&#8221;secondarycolor&#8221; align=&#8221;center&#8221; css=&#8221;&#8221; link=&#8221;url:https%3A%2F%2Fimpactup.com%2Fcontact%2F&#8221;][\/vc_column][\/vc_row][vc_row css=&#8221;.vc_custom_1717658445522{padding-top: 40px !important;}&#8221;][vc_column][vc_column_text css=&#8221;&#8221;]<\/p>\n<section style=\"text-align: justify;\">\n<h2><strong>En ce qui concerne le m\u00e9tier de commercial<\/strong><\/h2>\n<p>Le commercial est un professionnel charg\u00e9 de d\u00e9velopper les ventes d\u2019une entreprise selon la politique v\u00e9hicul\u00e9e par cette derni\u00e8re. Principal interlocuteur des clients, il r\u00e9pond \u00e0 leurs exigences en proposant des produits ou services appropri\u00e9s. Pour pouvoir assurer ses diverses missions (prospection, communication, vente, fid\u00e9lisation de la client\u00e8le\u2026) \u00e0 la perfection, certaines qualit\u00e9s sont indispensables\u00a0: sens de l\u2019organisation et de la persuasion, patience, pers\u00e9v\u00e9rance, dynamisme ou encore la courtoisie.<\/p>\n<p>Si vous \u00eates une entreprise implant\u00e9e \u00e0 <strong>Paris et en qu\u00eate de commerciaux, adressez-vous \u00e0 un cabinet de recrutement<\/strong> sp\u00e9cialis\u00e9 tel qu\u2019ImpactUp.<\/p>\n<p>L\u2019\u00e9quipe du cabinet ImpactUP justifie d\u2019une exp\u00e9rience confirm\u00e9e dans l\u2019identification et la s\u00e9lection de profils de haut niveau et experts m\u00e9tiers) sur les secteurs commerciaux et marketing\u00a0: business developer, responsable de promotion des ventes, d\u00e9l\u00e9gu\u00e9 commercial, charg\u00e9(e) de marketing direct, ing\u00e9nieur commercial, marchandiseur(euse), responsable webmarketing, et \u00e0 toutes les fonctions strat\u00e9giques de l\u2019organisation\u00a0: directeur(trice) de magasin, directeur(trice) de marque, key account manager, directeur(trice) de la relation client, digital marketing manager, etc. <strong>ImpactUP<\/strong> propose aussi son accompagnement aux candidats dans l\u2019\u00e9volution de leur carri\u00e8re.<\/p>\n<h2><strong>Recruter des commerciaux \u00e0 Paris n\u2019est pas facile<\/strong><\/h2>\n<p>Pour une nouvelle PME commerciale qui se lance sur le march\u00e9 parisien, mais \u00e9galement pour les entreprises d\u00e9j\u00e0 pr\u00e9sentes dans la capitale et sa r\u00e9gion, le recrutement de commerciaux, s\u00e9dentaires ou itin\u00e9rant, est loin d\u2019\u00eatre une op\u00e9ration ais\u00e9e. Outre la concurrence pour gagner les meilleurs candidats, ces derniers se font de moins en moins nombreux. Cette rar\u00e9faction est notamment due \u00e0 la multiplication des soci\u00e9t\u00e9s qui sont \u00e0 la recherche de collaborateurs.<\/p>\n<p>Pour celles qui souhaitent ouvrir une antenne en r\u00e9gion parisienne, la t\u00e2che est encore plus ardue \u00e9tant donn\u00e9 qu\u2019il faut d\u00e9p\u00eacher des responsables sur place pour proc\u00e9der au recrutement. Toutefois, toutes les contraintes peuvent \u00eatre balay\u00e9es par le recours \u00e0 un <a href=\"https:\/\/impactup.com\/cabinet-de-recrutement-dirigeant-commercial\"><strong>cabinet de recrutement de commerciaux exer\u00e7ant \u00e0 Paris<\/strong><\/a>.<\/p>\n<h2><strong>Faire appel \u00e0 un cabinet de recrutement de commerciaux \u00e0 Paris, pour quelles raisons\u00a0?<\/strong><\/h2>\n<p>Une campagne de recrutement en interne engendre des co\u00fbts cach\u00e9s que les dirigeants oublient souvent de prendre en compte. En effet, il importe de d\u00e9crire avec pr\u00e9cision les missions et les responsabilit\u00e9s des commerciaux, avant de r\u00e9diger l\u2019offre d\u2019emploi. Ce n\u2019est qu\u2019apr\u00e8s qu\u2019il convient de diffuser les annonces sur les diff\u00e9rents supports de communication.<\/p>\n<p>Une fois les offres d\u2019emplois publi\u00e9es, le recruteur devra encore g\u00e9rer les retours, recevoir, trier et \u00e9valuer les CV, v\u00e9rifier les informations fournies dans les documents pour identifier les profils les plus int\u00e9ressants. Il doit aussi prendre le temps de r\u00e9pondre aux questions que les candidats peuvent poser concernant le poste \u00e0 pourvoir. En fonction du nombre de dossiers re\u00e7us, cette t\u00e2che peut s\u2019av\u00e9rer particuli\u00e8rement contraignante et harassante pour quelqu\u2019un qui n\u2019a pas assez d\u2019exp\u00e9rience. De plus, il faudra \u00e9galement convoquer les candidats potentiels pour les entretiens et l\u2019\u00e9valuation, avant de s\u00e9lectionner le candidat ad\u00e9quat. Tout cela prend naturellement du temps et p\u00e8se lourd sur le planning de l\u2019\u00e9quipe en charge du recrutement.<\/p>\n<p>En d\u00e9l\u00e9guant vos d\u00e9marches de <a href=\"https:\/\/impactup.com\/cabinet-de-recrutement-directeur-commercial\"><strong>recrutement de commerciaux \u00e0 un cabinet qualifi\u00e9 \u00e0 Paris<\/strong><\/a> ou ailleurs, vous pourrez mieux vous consacrer \u00e0 des t\u00e2ches plus strat\u00e9giques, en rapport avec le c\u0153ur d\u2019activit\u00e9 de votre entreprise. C\u2019est aussi un moyen d\u2019\u00e9viter tout risque de recrutement rat\u00e9 et d\u2019avoir \u00e0 refaire tout ce travail au cas o\u00f9 le candidat s\u00e9lectionn\u00e9 ne convient pas.<\/p>\n<p>D\u2019ailleurs, c\u2019est l\u00e0 tout l\u2019int\u00e9r\u00eat de recourir \u00e0 une agence sp\u00e9cialis\u00e9e pour l\u2019embauche de nouvelles recrues. En faisant appel \u00e0 ce professionnel, vous aurez ainsi l\u2019assurance d\u2019une prestation de qualit\u00e9. Chaque \u00e9tape du processus est men\u00e9e avec s\u00e9rieux et attention suivant des crit\u00e8res d\u2019\u00e9valuation pertinents et non \u00e0 la va-vite.<\/p>\n<p>De plus, en tant que professionnel, ce type de cabinet dispose de l\u2019exp\u00e9rience, des comp\u00e9tences, et des ressources requises pour trouver des collaborateurs qualifi\u00e9s dans les meilleurs d\u00e9lais.<\/p>\n<h2><strong>Un cabinet pour faciliter vos processus de recrutement de commerciaux \u00e0 Paris<\/strong><\/h2>\n<p>Sp\u00e9cialiste des fonctions commerciales et marketing depuis 2005, <a href=\"https:\/\/impactup.com\/\"><strong>ImpactUp<\/strong><\/a> est un <strong>cabinet de recrutement de commerciaux qualifi\u00e9s \u00e0 Paris<\/strong>. Nous mettons \u00e0 votre profit notre exp\u00e9rience et notre savoir-faire en la mati\u00e8re.<\/p>\n<p>ImpactUP dispose d\u2019une offre de services compl\u00e8te pour satisfaire \u00e0 toutes les requ\u00eates des chefs d\u2019entreprises en mati\u00e8re de ressources humaines\u00a0:<\/p>\n<ul>\n<li>Un service en ligne SaaS d\u2019\u00e9valuation qui donne la possibilit\u00e9 de valider les comp\u00e9tences dans une langue \u00e9trang\u00e8re propos\u00e9 en partenariat avec Pipplet ;<\/li>\n<li>Une plateforme d\u2019\u00e9valuation qui repose sur 4 types d\u2019outils : TalentInitial\u00ae, TalentAttitude\u00ae, TalentBusiness\u00ae et TalentRelation\u00ae.<\/li>\n<\/ul>\n<p>Que vous ayez besoin de commerciaux s\u00e9dentaires ou de commerciaux itin\u00e9rants, nous saurons vous d\u00e9nicher les meilleurs profils dans le plus bref d\u00e9lai. \u00c0 cet effet, nous sommes \u00e0 l\u2019\u00e9coute de vos dol\u00e9ances et nous faisons tout pour comprendre vos besoins, avant de mettre en \u0153uvre les strat\u00e9gies de sourcing et d\u2019\u00e9valuation les plus adapt\u00e9es compte tenu de vos crit\u00e8res de s\u00e9lection et de vos conditions d\u2019embauche. De nombreux groupes issus de diff\u00e9rents pays nous font confiance, convaincus par notre professionnalisme.<\/p>\n<h2><strong>Pourquoi faire appel \u00e0 ImpactUp\u00a0?<\/strong><\/h2>\n<p>Notre <strong>cabinet de recrutement de commerciaux \u00e0 Paris<\/strong> ne se contente pas de trouver le candidat id\u00e9al. Nous nous chargeons \u00e9galement de le coacher pour faciliter son int\u00e9gration au sein de votre entreprise. Nos formateurs accompagneront les nouveaux candidats pour qu\u2019ils puissent mettre tout leur potentiel et leurs comp\u00e9tences \u00e0 votre service. Une fois pleinement int\u00e9gr\u00e9, il lui sera plus facile de d\u00e9velopper un sentiment d\u2019appartenance et sera plus engag\u00e9 dans l\u2019atteinte des objectifs. Nous nous assurons que chaque individu soit productif dans son nouveau poste.<\/p>\n<p>Faites confiance \u00e0 notre expertise et aux comp\u00e9tences de nos sp\u00e9cialistes pour toute mission de recrutement de commerciaux et d\u2019embauche de cadres marketing. Nous avons d\u00e9j\u00e0 remport\u00e9 \u00e0 plusieurs reprises le Palmar\u00e8s du meilleur manager et sp\u00e9cialiste de l\u2019\u00c9cho\/Statica.<\/p>\n<\/section>\n<p>[\/vc_column_text][\/vc_column][\/vc_row]<\/p>\n<\/div>","protected":false},"excerpt":{"rendered":"<p>[vc_row][vc_column width=&#8221;1\/3&#8243;][vc_btn title=&#8221;Voir notre offre&#8221; color=&#8221;secondarycolor&#8221; align=&#8221;center&#8221; css=&#8221;&#8221; link=&#8221;url:https%3A%2F%2Fimpactup.com%2Frecrutement%2F&#8221;][\/vc_column][vc_column width=&#8221;1\/3&#8243;][vc_btn title=&#8221;Confiez-nous votre projet&#8221; color=&#8221;secondarycolor&#8221; align=&#8221;center&#8221; css=&#8221;&#8221; link=&#8221;url:https%3A%2F%2Fimpactup.com%2Fetude-personnalisee%2F&#8221;][\/vc_column][vc_column width=&#8221;1\/3&#8243;][vc_btn title=&#8221;Contactez-nous&#8221; color=&#8221;secondarycolor&#8221; align=&#8221;center&#8221; css=&#8221;&#8221; link=&#8221;url:https%3A%2F%2Fimpactup.com%2Fcontact%2F&#8221;][\/vc_column][\/vc_row][vc_row css=&#8221;.vc_custom_1717658386032{padding-top: 40px !important;padding-bottom: 20px !important;}&#8221;][vc_column][vc_column_text css=&#8221;&#8221;] Cabinet sp\u00e9cialis\u00e9 dans le recrutement de profil commercial \u00e0 Paris ImpactUp est un cabinet sp\u00e9cialis\u00e9 en conseil et recrutement de profils commerciaux \u00e0 Paris. Si vous [&hellip;]<\/p>\n","protected":false},"author":4,"featured_media":0,"parent":17218,"menu_order":0,"comment_status":"closed","ping_status":"closed","template":"","meta":{"_monsterinsights_skip_tracking":false,"_monsterinsights_sitenote_active":false,"_monsterinsights_sitenote_note":"","_monsterinsights_sitenote_category":0,"footnotes":""},"class_list":["post-26200","page","type-page","status-publish","hentry"],"yoast_head":"<!-- This site is optimized with the Yoast SEO plugin v27.0 - https:\/\/yoast.com\/product\/yoast-seo-wordpress\/ -->\n<title>Un cabinet de recrutement de commerciaux \u00e0 Paris<\/title>\n<meta name=\"description\" content=\"Besoin d\u2019un cabinet de recrutement de commerciaux \u00e0 Paris ? ImpactUP et un cabinet professionnel dans le recrutement de commerciaux \u00e0 Paris.\" \/>\n<meta name=\"robots\" content=\"index, follow, max-snippet:-1, max-image-preview:large, max-video-preview:-1\" \/>\n<link rel=\"canonical\" href=\"https:\/\/impactup.com\/en\/glossaire\/cabinet-de-recrutement-commerciaux-paris\/\" \/>\n<meta property=\"og:locale\" content=\"en_US\" \/>\n<meta property=\"og:type\" content=\"article\" \/>\n<meta property=\"og:title\" content=\"Un cabinet de recrutement de commerciaux \u00e0 Paris\" \/>\n<meta property=\"og:description\" content=\"Besoin d\u2019un cabinet de recrutement de commerciaux \u00e0 Paris ? ImpactUP et un cabinet professionnel dans le recrutement de commerciaux \u00e0 Paris.\" \/>\n<meta property=\"og:url\" content=\"https:\/\/impactup.com\/en\/glossaire\/cabinet-de-recrutement-commerciaux-paris\/\" \/>\n<meta property=\"og:site_name\" content=\"ImpactUp\" \/>\n<meta property=\"article:modified_time\" content=\"2024-06-12T14:27:42+00:00\" \/>\n<meta property=\"og:image\" content=\"https:\/\/impactup.com\/wp-content\/uploads\/2021\/01\/og.jpg\" \/>\n\t<meta property=\"og:image:width\" content=\"1067\" \/>\n\t<meta property=\"og:image:height\" content=\"600\" \/>\n\t<meta property=\"og:image:type\" content=\"image\/jpeg\" \/>\n<meta name=\"twitter:card\" content=\"summary_large_image\" \/>\n<meta name=\"twitter:label1\" content=\"Est. reading time\" \/>\n\t<meta name=\"twitter:data1\" content=\"6 minutes\" \/>\n<script type=\"application\/ld+json\" class=\"yoast-schema-graph\">{\"@context\":\"https:\/\/schema.org\",\"@graph\":[{\"@type\":\"WebPage\",\"@id\":\"https:\/\/impactup.com\/en\/glossaire\/cabinet-de-recrutement-commerciaux-paris\/\",\"url\":\"https:\/\/impactup.com\/en\/glossaire\/cabinet-de-recrutement-commerciaux-paris\/\",\"name\":\"Un cabinet de recrutement de commerciaux \u00e0 Paris\",\"isPartOf\":{\"@id\":\"https:\/\/impactup.com\/en\/#website\"},\"datePublished\":\"2024-06-10T12:30:28+00:00\",\"dateModified\":\"2024-06-12T14:27:42+00:00\",\"description\":\"Besoin d\u2019un cabinet de recrutement de commerciaux \u00e0 Paris ? ImpactUP et un cabinet professionnel dans le recrutement de commerciaux \u00e0 Paris.\",\"breadcrumb\":{\"@id\":\"https:\/\/impactup.com\/en\/glossaire\/cabinet-de-recrutement-commerciaux-paris\/#breadcrumb\"},\"inLanguage\":\"en-US\",\"potentialAction\":[{\"@type\":\"ReadAction\",\"target\":[\"https:\/\/impactup.com\/en\/glossaire\/cabinet-de-recrutement-commerciaux-paris\/\"]}]},{\"@type\":\"BreadcrumbList\",\"@id\":\"https:\/\/impactup.com\/en\/glossaire\/cabinet-de-recrutement-commerciaux-paris\/#breadcrumb\",\"itemListElement\":[{\"@type\":\"ListItem\",\"position\":1,\"name\":\"Accueil\",\"item\":\"https:\/\/impactup.com\/en\/\"},{\"@type\":\"ListItem\",\"position\":2,\"name\":\"Glossaire\",\"item\":\"https:\/\/impactup.com\/en\/glossaire\/\"},{\"@type\":\"ListItem\",\"position\":3,\"name\":\"Cabinet sp\u00e9cialis\u00e9 dans le recrutement de profil commercial \u00e0 Paris\"}]},{\"@type\":\"WebSite\",\"@id\":\"https:\/\/impactup.com\/en\/#website\",\"url\":\"https:\/\/impactup.com\/en\/\",\"name\":\"ImpactUp\",\"description\":\"Recrutement commerciaux, directions commerciales et fonctions marketing\",\"potentialAction\":[{\"@type\":\"SearchAction\",\"target\":{\"@type\":\"EntryPoint\",\"urlTemplate\":\"https:\/\/impactup.com\/en\/?s={search_term_string}\"},\"query-input\":{\"@type\":\"PropertyValueSpecification\",\"valueRequired\":true,\"valueName\":\"search_term_string\"}}],\"inLanguage\":\"en-US\"}]}<\/script>\n<!-- \/ Yoast SEO plugin. -->","yoast_head_json":{"title":"Un cabinet de recrutement de commerciaux \u00e0 Paris","description":"Besoin d\u2019un cabinet de recrutement de commerciaux \u00e0 Paris ? ImpactUP et un cabinet professionnel dans le recrutement de commerciaux \u00e0 Paris.","robots":{"index":"index","follow":"follow","max-snippet":"max-snippet:-1","max-image-preview":"max-image-preview:large","max-video-preview":"max-video-preview:-1"},"canonical":"https:\/\/impactup.com\/en\/glossaire\/cabinet-de-recrutement-commerciaux-paris\/","og_locale":"en_US","og_type":"article","og_title":"Un cabinet de recrutement de commerciaux \u00e0 Paris","og_description":"Besoin d\u2019un cabinet de recrutement de commerciaux \u00e0 Paris ? ImpactUP et un cabinet professionnel dans le recrutement de commerciaux \u00e0 Paris.","og_url":"https:\/\/impactup.com\/en\/glossaire\/cabinet-de-recrutement-commerciaux-paris\/","og_site_name":"ImpactUp","article_modified_time":"2024-06-12T14:27:42+00:00","og_image":[{"width":1067,"height":600,"url":"https:\/\/impactup.com\/wp-content\/uploads\/2021\/01\/og.jpg","type":"image\/jpeg"}],"twitter_card":"summary_large_image","twitter_misc":{"Est. reading time":"6 minutes"},"schema":{"@context":"https:\/\/schema.org","@graph":[{"@type":"WebPage","@id":"https:\/\/impactup.com\/en\/glossaire\/cabinet-de-recrutement-commerciaux-paris\/","url":"https:\/\/impactup.com\/en\/glossaire\/cabinet-de-recrutement-commerciaux-paris\/","name":"Un cabinet de recrutement de commerciaux \u00e0 Paris","isPartOf":{"@id":"https:\/\/impactup.com\/en\/#website"},"datePublished":"2024-06-10T12:30:28+00:00","dateModified":"2024-06-12T14:27:42+00:00","description":"Besoin d\u2019un cabinet de recrutement de commerciaux \u00e0 Paris ? ImpactUP et un cabinet professionnel dans le recrutement de commerciaux \u00e0 Paris.","breadcrumb":{"@id":"https:\/\/impactup.com\/en\/glossaire\/cabinet-de-recrutement-commerciaux-paris\/#breadcrumb"},"inLanguage":"en-US","potentialAction":[{"@type":"ReadAction","target":["https:\/\/impactup.com\/en\/glossaire\/cabinet-de-recrutement-commerciaux-paris\/"]}]},{"@type":"BreadcrumbList","@id":"https:\/\/impactup.com\/en\/glossaire\/cabinet-de-recrutement-commerciaux-paris\/#breadcrumb","itemListElement":[{"@type":"ListItem","position":1,"name":"Accueil","item":"https:\/\/impactup.com\/en\/"},{"@type":"ListItem","position":2,"name":"Glossaire","item":"https:\/\/impactup.com\/en\/glossaire\/"},{"@type":"ListItem","position":3,"name":"Cabinet sp\u00e9cialis\u00e9 dans le recrutement de profil commercial \u00e0 Paris"}]},{"@type":"WebSite","@id":"https:\/\/impactup.com\/en\/#website","url":"https:\/\/impactup.com\/en\/","name":"ImpactUp","description":"Recrutement commerciaux, directions commerciales et fonctions marketing","potentialAction":[{"@type":"SearchAction","target":{"@type":"EntryPoint","urlTemplate":"https:\/\/impactup.com\/en\/?s={search_term_string}"},"query-input":{"@type":"PropertyValueSpecification","valueRequired":true,"valueName":"search_term_string"}}],"inLanguage":"en-US"}]}},"_links":{"self":[{"href":"https:\/\/impactup.com\/en\/wp-json\/wp\/v2\/pages\/26200","targetHints":{"allow":["GET"]}}],"collection":[{"href":"https:\/\/impactup.com\/en\/wp-json\/wp\/v2\/pages"}],"about":[{"href":"https:\/\/impactup.com\/en\/wp-json\/wp\/v2\/types\/page"}],"author":[{"embeddable":true,"href":"https:\/\/impactup.com\/en\/wp-json\/wp\/v2\/users\/4"}],"replies":[{"embeddable":true,"href":"https:\/\/impactup.com\/en\/wp-json\/wp\/v2\/comments?post=26200"}],"version-history":[{"count":5,"href":"https:\/\/impactup.com\/en\/wp-json\/wp\/v2\/pages\/26200\/revisions"}],"predecessor-version":[{"id":26543,"href":"https:\/\/impactup.com\/en\/wp-json\/wp\/v2\/pages\/26200\/revisions\/26543"}],"up":[{"embeddable":true,"href":"https:\/\/impactup.com\/en\/wp-json\/wp\/v2\/pages\/17218"}],"wp:attachment":[{"href":"https:\/\/impactup.com\/en\/wp-json\/wp\/v2\/media?parent=26200"}],"curies":[{"name":"wp","href":"https:\/\/api.w.org\/{rel}","templated":true}]}}