{"id":26194,"date":"2024-06-10T14:26:14","date_gmt":"2024-06-10T12:26:14","guid":{"rendered":"https:\/\/impactup.niou.dev\/?page_id=26194"},"modified":"2024-06-12T16:26:58","modified_gmt":"2024-06-12T14:26:58","slug":"cabinet-de-recrutement-commerciaux-bordeaux","status":"publish","type":"page","link":"https:\/\/impactup.com\/en\/glossaire\/cabinet-de-recrutement-commerciaux-bordeaux\/","title":{"rendered":"Un cabinet de recrutement pour la recherche et l\u2019embauche de commerciaux \u00e0 Bordeaux"},"content":{"rendered":"<div class=\"wpb-content-wrapper\"><p>[vc_row][vc_column width=&#8221;1\/3&#8243;][vc_btn title=&#8221;Voir notre offre&#8221; color=&#8221;secondarycolor&#8221; align=&#8221;center&#8221; css=&#8221;&#8221; link=&#8221;url:https%3A%2F%2Fimpactup.com%2Frecrutement%2F&#8221;][\/vc_column][vc_column width=&#8221;1\/3&#8243;][vc_btn title=&#8221;Confiez-nous votre projet&#8221; color=&#8221;secondarycolor&#8221; align=&#8221;center&#8221; css=&#8221;&#8221; link=&#8221;url:https%3A%2F%2Fimpactup.com%2Fetude-personnalisee%2F&#8221;][\/vc_column][vc_column width=&#8221;1\/3&#8243;][vc_btn title=&#8221;Contactez-nous&#8221; color=&#8221;secondarycolor&#8221; align=&#8221;center&#8221; css=&#8221;&#8221; link=&#8221;url:https%3A%2F%2Fimpactup.com%2Fcontact%2F&#8221;][\/vc_column][\/vc_row][vc_row css=&#8221;.vc_custom_1717658386032{padding-top: 40px !important;padding-bottom: 20px !important;}&#8221;][vc_column][vc_column_text css=&#8221;&#8221;]<\/p>\n<section style=\"text-align: justify;\">\n<h2><strong>Un cabinet de recrutement pour la recherche et l\u2019embauche de commerciaux \u00e0 Bordeaux<\/strong><\/h2>\n<p>Les entreprises font g\u00e9n\u00e9ralement appel \u00e0 des agences sp\u00e9cialis\u00e9es dans l\u2019organisation et la gestion de projet de recrutement. Il s\u2019agit en effet d\u2019une formule efficace et fiable pour d\u00e9nicher des profils qualifi\u00e9s, comp\u00e9tents et de haut niveau. Si vous cherchez un <strong><a href=\"https:\/\/impactup.com\/cabinet-de-recrutement-bordeaux\">cabinet de recrutement de commerciaux \u00e0 Bordeaux<\/a>, <\/strong>ImpactUp se pr\u00e9sente comme un prestataire de r\u00e9f\u00e9rence avec plus de dix ans d\u2019expertise dans ce domaine.<\/p>\n<\/section>\n<p>[\/vc_column_text][\/vc_column][\/vc_row][vc_row][vc_column width=&#8221;1\/3&#8243;][vc_btn title=&#8221;Voir notre offre&#8221; color=&#8221;secondarycolor&#8221; align=&#8221;center&#8221; css=&#8221;&#8221; link=&#8221;url:https%3A%2F%2Fimpactup.com%2Frecrutement%2F&#8221;][\/vc_column][vc_column width=&#8221;1\/3&#8243;][vc_btn title=&#8221;Confiez-nous votre projet&#8221; color=&#8221;secondarycolor&#8221; align=&#8221;center&#8221; css=&#8221;&#8221; link=&#8221;url:https%3A%2F%2Fimpactup.com%2Fetude-personnalisee%2F&#8221;][\/vc_column][vc_column width=&#8221;1\/3&#8243;][vc_btn title=&#8221;Contactez-nous&#8221; color=&#8221;secondarycolor&#8221; align=&#8221;center&#8221; css=&#8221;&#8221; link=&#8221;url:https%3A%2F%2Fimpactup.com%2Fcontact%2F&#8221;][\/vc_column][\/vc_row][vc_row css=&#8221;.vc_custom_1717658445522{padding-top: 40px !important;}&#8221;][vc_column][vc_column_text css=&#8221;&#8221;]<\/p>\n<section style=\"text-align: justify;\">\n<h2><strong>Recrutement de commerciaux, une t\u00e2che de moins en moins facile<\/strong><\/h2>\n<p>Ces derni\u00e8res ann\u00e9es, trouver des commerciaux comp\u00e9tents et fiables est de plus en plus difficile. La t\u00e2che est d\u2019autant plus compliqu\u00e9e si les produits et services propos\u00e9s par votre entreprise sont des nouveaut\u00e9s ou sont atypiques. En effet, compte tenu de la multiplication des PME commerciales et de la forte demande en commerciaux des grands groupes, d\u00e9nicher des candidats de valeur, ou d\u00e9nicher des candidats tout court s\u2019apparente parfois \u00e0 un parcours du combattant. La demande d\u2019emploi dans les fonctions ventes, commerce et marketing est souvent inf\u00e9rieure \u00e0 l\u2019offre de sorte que dans certaines r\u00e9gions, on assiste \u00e0 ce qu\u2019on appelle une p\u00e9nurie de candidats.<\/p>\n<p>Faire appel \u00e0 un <a href=\"https:\/\/impactup.com\/recrutement-commercial\"><strong>cabinet de recrutement sp\u00e9cialiste des commerciaux de Bordeaux<\/strong><\/a> se pr\u00e9sente ainsi comme la solution la plus pratique et la plus avantageuse pour optimiser vos chances de trouver les personnes qu\u2019il vous faut. Et si vous faites partie de ceux qui souhaitent venir s\u2019implanter dans la r\u00e9gion, cette pr\u00e9caution s\u2019impose.<\/p>\n<h2><strong>Des experts qui connaissent parfaitement la r\u00e9gion et les contraintes du m\u00e9tier<\/strong><\/h2>\n<p>Chaque entreprise doit adopter une strat\u00e9gie marketing efficace pour prosp\u00e9rer et se d\u00e9marquer de la concurrence qui est de plus en plus rude. De m\u00eame, elle doit mettre en avant la promotion de ses produits et services afin de satisfaire les exigences de la client\u00e8le et de ses partenaires. Le bon fonctionnement, la productivit\u00e9 et l\u2019\u00e9panouissement d\u2019une entreprise d\u00e9pendent \u00e9galement des comp\u00e9tences de ses employ\u00e9s. Parmi les diff\u00e9rents acteurs au sein de cette derni\u00e8re, les commerciaux jouent un r\u00f4le essentiel dans le d\u00e9veloppement de ses activit\u00e9s. Il leur appartient d\u2019\u00e9tudier le march\u00e9, de convertir les prospects en clients et d\u2019\u0153uvrer en permanence \u00e0 leur satisfaction et \u00e0 leur fid\u00e9lisation. Ce sont donc vos premiers ambassadeurs et les garants de l\u2019atteinte de vos objectifs financiers.<\/p>\n<p>Pour pouvoir effectuer les diff\u00e9rentes t\u00e2ches qui leur incombent, les commerciaux doivent poss\u00e9der des comp\u00e9tences et des qualit\u00e9s personnelles sp\u00e9cifiques, mais aussi faire preuve d\u2019esprit d\u2019\u00e9quipe.<\/p>\n<p>Pour ces raisons, lorsque vous souhaitez \u00e9toffer votre \u00e9quipe commerciale, il est plus judicieux de passer par un <strong>cabinet <\/strong>de <strong>Bordeaux<\/strong> sp\u00e9cialiste<strong> du recrutement <\/strong>des <strong>commerciaux<\/strong>. En plus d\u2019une parfaite connaissance de la r\u00e9gion, son \u00e9quipe de consultants ma\u00eetrise les caract\u00e9ristiques et contraintes de nombreux secteurs d\u2019activit\u00e9s, m\u00eame tr\u00e8s techniques.<\/p>\n<p>Mais l\u2019avantage majeur de l\u2019externalisation se situe dans la capacit\u00e9 du chasseur de t\u00eates \u00e0 localiser et entrer en contact avec les meilleurs candidats. En effet, il a acc\u00e8s \u00e0 de nombreuses sources\u00a0: annonces, CV-th\u00e8que, cooptation, r\u00e9seaux professionnels, etc. M\u00eame si certaines recrues potentielles sont encore en poste, et peut-\u00eatre peu d\u00e9sireuses de changer d\u2019employeur, le cabinet de recrutement a le savoir-faire n\u00e9cessaire pour les convaincre. Et une fois que les candidats, dont le profil satisfait \u00e0 vos crit\u00e8res, sont identifi\u00e9s, le recruteur \u00e9value leurs r\u00e9elles aptitudes ainsi que leur capacit\u00e9 \u00e0 s\u2019int\u00e9grer \u00e0 vos \u00e9quipes.<\/p>\n<h2><strong>ImpactUP, le cabinet de recrutement sp\u00e9cialis\u00e9 dans les fonctions commerciales<\/strong><\/h2>\n<p>Ne prenez aucun risque avec le recrutement, il en va de l\u2019image de votre entreprise, d\u2019autant que la d\u00e9marche est longue et co\u00fbteuse. Afin de minimiser les risques, il vous faut l\u2019accompagnement d\u2019un cabinet de recrutement sp\u00e9cialis\u00e9 comme <a href=\"https:\/\/impactup.com\"><strong>ImpactUP<\/strong><\/a>. Reconnue \u00e0 Bordeaux et dans diff\u00e9rentes autres r\u00e9gions du pays pour son efficacit\u00e9 et sa fiabilit\u00e9, notre agence a d\u00e9j\u00e0 fait ses preuves aupr\u00e8s de nombreuses entreprises aussi bien des PME que de grandes structures. Notre approche consiste \u00e0 \u00a0miser essentiellement sur le pragmatisme, la proximit\u00e9 et l\u2019exigence de r\u00e9sultat nous permettant de mener \u00e0 bien un projet de recrutement et de r\u00e9pondre \u00e0 tous les besoins de la client\u00e8le.<\/p>\n<p>Vous aussi, quel que soit votre m\u00e9tier, ou la taille de votre soci\u00e9t\u00e9, vous pouvez b\u00e9n\u00e9ficier de l\u2019expertise du cabinet <strong>ImpactUP.<\/strong> En effet, la recherche de collaborateurs de valeur pour renforcer votre \u00e9quipe commerciale est notre sp\u00e9cialit\u00e9, avec 2000 commerciaux et managers\u00a0recrut\u00e9s depuis 2005.<\/p>\n<p>A ce sujet, les consultants au sein d\u2019<strong>ImpactUP<\/strong> justifient d\u2019une exp\u00e9rience av\u00e9r\u00e9e dans le recrutement de talents confirm\u00e9s et d\u2019experts m\u00e9tiers dans les m\u00e9tiers commerciaux et marketing comme d\u00e9l\u00e9gu\u00e9 commercial, responsable webmarketing, charg\u00e9(e) de marketing direct, business developer, marchandiseur(euse), ing\u00e9nieur commercial, category manager, et \u00e0 toutes les fonctions strat\u00e9giques de l\u2019entreprise : sales administrator, directeur(trice) commercial(e)key account manager, directeur(trice) de magasin, directeur(trice) de marque\u2026<\/p>\n<p>Outre les talents de nos consultants en interne et en externe et nos m\u00e9thodes de recherche, d\u2019approche et d\u2019\u00e9valuation \u00e9prouv\u00e9es, nous mobilisons des outils modernes ultraperformants.<\/p>\n<p><strong>ImpactUP<\/strong> a d\u00e9velopp\u00e9 une offre de services compl\u00e8te afin de doter rapidement les entreprises d\u2019une \u00e9quipe qualifi\u00e9e :<\/p>\n<ul>\n<li>Une plateforme d\u2019\u00e9valuation qui repose sur 4 gammes d\u2019outils : TalentBusiness\u00ae, TalentInitial\u00ae, TalentRelation\u00ae et TalentAttitude\u00ae ;<\/li>\n<li>Un service en ligne SaaS d&#8217;\u00e9valuation qui permet de jauger les bases de comp\u00e9tences dans une langue \u00e9trang\u00e8re et ainsi de d\u00e9velopper ses capacit\u00e9s linguistiques propos\u00e9 en partenariat avec Pipplet.<\/li>\n<\/ul>\n<p>Lorsque votre requ\u00eate l\u2019exige, nous faisons m\u00eame intervenir des partenaires ind\u00e9pendants experts de professions ou d\u2019environnements bien pr\u00e9cis, y compris \u00e0 l\u2019international. Efficaces et rapides, ils vous donnent les meilleures chances de d\u00e9nicher les professionnelles de la vente dont vous avez besoin. Ce gain de temps minimise les impacts sur vos activit\u00e9s quotidiennes, ainsi que les r\u00e9percussions financi\u00e8res. Une vraie solution gagnante pour votre entreprise comme pour vos futurs employ\u00e9s, lesquels peuvent aussi b\u00e9n\u00e9ficier d\u2019un coaching personnalis\u00e9, qui fait partie de nos domaines de comp\u00e9tences, dans ce moment cl\u00e9 de leur vie professionnelle.<\/p>\n<p>Nous pouvons aussi \u00eatre votre partenaire pour le d\u00e9veloppement et l\u2019organisation commerciale. Pour cela, nos consultants interviennent comme votre direction commerciale externalis\u00e9e et s\u2019occupent de la d\u00e9finition de votre strat\u00e9gie, du recrutement de vos \u00e9quipes, le pilotage du projet CRM, les plans de formation et de r\u00e9mun\u00e9ration, etc.<\/p>\n<p>Dans tous les cas, vous disposez d\u2019une solution sur mesure et d\u2019un accompagnement dans la dur\u00e9e assur\u00e9e par des experts en recrutement et en management d\u2019\u00e9quipes commerciales et marketing.\u00a0 Notre client\u00e8le inclut de nombreux groupes bas\u00e9s en France comme \u00e0 l\u2019international, convaincus par notre professionnalisme.<\/p>\n<p>Outre notre <a href=\"https:\/\/impactup.com\/recrutement-commerciaux\"><strong>cabinet de recrutement<\/strong> de <strong>commerciaux<\/strong> \u00e0 <strong>Bordeaux<\/strong><\/a>, nous sommes \u00e9galement pr\u00e9sents \u00e0 Paris, Nantes, Toulouse, La Rochelle, Lyon et Lille. De m\u00eame notre \u00e9quipe est mise \u00e0 votre disposition sur le site en temps r\u00e9el.<\/p>\n<\/section>\n<p>[\/vc_column_text][\/vc_column][\/vc_row]<\/p>\n<\/div>","protected":false},"excerpt":{"rendered":"<p>[vc_row][vc_column width=&#8221;1\/3&#8243;][vc_btn title=&#8221;Voir notre offre&#8221; color=&#8221;secondarycolor&#8221; align=&#8221;center&#8221; css=&#8221;&#8221; link=&#8221;url:https%3A%2F%2Fimpactup.com%2Frecrutement%2F&#8221;][\/vc_column][vc_column width=&#8221;1\/3&#8243;][vc_btn title=&#8221;Confiez-nous votre projet&#8221; color=&#8221;secondarycolor&#8221; align=&#8221;center&#8221; css=&#8221;&#8221; link=&#8221;url:https%3A%2F%2Fimpactup.com%2Fetude-personnalisee%2F&#8221;][\/vc_column][vc_column width=&#8221;1\/3&#8243;][vc_btn title=&#8221;Contactez-nous&#8221; color=&#8221;secondarycolor&#8221; align=&#8221;center&#8221; css=&#8221;&#8221; link=&#8221;url:https%3A%2F%2Fimpactup.com%2Fcontact%2F&#8221;][\/vc_column][\/vc_row][vc_row css=&#8221;.vc_custom_1717658386032{padding-top: 40px !important;padding-bottom: 20px !important;}&#8221;][vc_column][vc_column_text css=&#8221;&#8221;] Un cabinet de recrutement pour la recherche et l\u2019embauche de commerciaux \u00e0 Bordeaux Les entreprises font g\u00e9n\u00e9ralement appel \u00e0 des agences sp\u00e9cialis\u00e9es dans l\u2019organisation et la [&hellip;]<\/p>\n","protected":false},"author":4,"featured_media":0,"parent":17218,"menu_order":0,"comment_status":"closed","ping_status":"closed","template":"","meta":{"_monsterinsights_skip_tracking":false,"_monsterinsights_sitenote_active":false,"_monsterinsights_sitenote_note":"","_monsterinsights_sitenote_category":0,"footnotes":""},"class_list":["post-26194","page","type-page","status-publish","hentry"],"yoast_head":"<!-- This site is optimized with the Yoast SEO plugin v27.0 - https:\/\/yoast.com\/product\/yoast-seo-wordpress\/ -->\n<title>Cabinet de recrutement de commerciaux comp\u00e9tents \u00e0 Bordeaux<\/title>\n<meta name=\"description\" content=\"Vous \u00eates \u00e0 la recherche d\u2019un cabinet de recrutement de commerciaux \u00e0 Bordeaux ? ImpactUp est un cabinet sp\u00e9cialis\u00e9 dans le recrutement de commerciaux \u00e0 Bordeaux \u00e0 votre service.\" \/>\n<meta name=\"robots\" content=\"index, follow, max-snippet:-1, max-image-preview:large, max-video-preview:-1\" \/>\n<link rel=\"canonical\" href=\"https:\/\/impactup.com\/en\/glossaire\/cabinet-de-recrutement-commerciaux-bordeaux\/\" \/>\n<meta property=\"og:locale\" content=\"en_US\" \/>\n<meta property=\"og:type\" content=\"article\" \/>\n<meta property=\"og:title\" content=\"Cabinet de recrutement de commerciaux comp\u00e9tents \u00e0 Bordeaux\" \/>\n<meta property=\"og:description\" content=\"Vous \u00eates \u00e0 la recherche d\u2019un cabinet de recrutement de commerciaux \u00e0 Bordeaux ? ImpactUp est un cabinet sp\u00e9cialis\u00e9 dans le recrutement de commerciaux \u00e0 Bordeaux \u00e0 votre service.\" \/>\n<meta property=\"og:url\" content=\"https:\/\/impactup.com\/en\/glossaire\/cabinet-de-recrutement-commerciaux-bordeaux\/\" \/>\n<meta property=\"og:site_name\" content=\"ImpactUp\" \/>\n<meta property=\"article:modified_time\" content=\"2024-06-12T14:26:58+00:00\" \/>\n<meta property=\"og:image\" content=\"https:\/\/impactup.com\/wp-content\/uploads\/2021\/01\/og.jpg\" \/>\n\t<meta property=\"og:image:width\" content=\"1067\" \/>\n\t<meta property=\"og:image:height\" content=\"600\" \/>\n\t<meta property=\"og:image:type\" content=\"image\/jpeg\" \/>\n<meta name=\"twitter:card\" content=\"summary_large_image\" \/>\n<meta name=\"twitter:label1\" content=\"Est. reading time\" \/>\n\t<meta name=\"twitter:data1\" content=\"6 minutes\" \/>\n<script type=\"application\/ld+json\" class=\"yoast-schema-graph\">{\"@context\":\"https:\/\/schema.org\",\"@graph\":[{\"@type\":\"WebPage\",\"@id\":\"https:\/\/impactup.com\/en\/glossaire\/cabinet-de-recrutement-commerciaux-bordeaux\/\",\"url\":\"https:\/\/impactup.com\/en\/glossaire\/cabinet-de-recrutement-commerciaux-bordeaux\/\",\"name\":\"Cabinet de recrutement de commerciaux comp\u00e9tents \u00e0 Bordeaux\",\"isPartOf\":{\"@id\":\"https:\/\/impactup.com\/en\/#website\"},\"datePublished\":\"2024-06-10T12:26:14+00:00\",\"dateModified\":\"2024-06-12T14:26:58+00:00\",\"description\":\"Vous \u00eates \u00e0 la recherche d\u2019un cabinet de recrutement de commerciaux \u00e0 Bordeaux ? ImpactUp est un cabinet sp\u00e9cialis\u00e9 dans le recrutement de commerciaux \u00e0 Bordeaux \u00e0 votre service.\",\"breadcrumb\":{\"@id\":\"https:\/\/impactup.com\/en\/glossaire\/cabinet-de-recrutement-commerciaux-bordeaux\/#breadcrumb\"},\"inLanguage\":\"en-US\",\"potentialAction\":[{\"@type\":\"ReadAction\",\"target\":[\"https:\/\/impactup.com\/en\/glossaire\/cabinet-de-recrutement-commerciaux-bordeaux\/\"]}]},{\"@type\":\"BreadcrumbList\",\"@id\":\"https:\/\/impactup.com\/en\/glossaire\/cabinet-de-recrutement-commerciaux-bordeaux\/#breadcrumb\",\"itemListElement\":[{\"@type\":\"ListItem\",\"position\":1,\"name\":\"Accueil\",\"item\":\"https:\/\/impactup.com\/en\/\"},{\"@type\":\"ListItem\",\"position\":2,\"name\":\"Glossaire\",\"item\":\"https:\/\/impactup.com\/en\/glossaire\/\"},{\"@type\":\"ListItem\",\"position\":3,\"name\":\"Un cabinet de recrutement pour la recherche et l\u2019embauche de commerciaux \u00e0 Bordeaux\"}]},{\"@type\":\"WebSite\",\"@id\":\"https:\/\/impactup.com\/en\/#website\",\"url\":\"https:\/\/impactup.com\/en\/\",\"name\":\"ImpactUp\",\"description\":\"Recrutement commerciaux, directions commerciales et fonctions marketing\",\"potentialAction\":[{\"@type\":\"SearchAction\",\"target\":{\"@type\":\"EntryPoint\",\"urlTemplate\":\"https:\/\/impactup.com\/en\/?s={search_term_string}\"},\"query-input\":{\"@type\":\"PropertyValueSpecification\",\"valueRequired\":true,\"valueName\":\"search_term_string\"}}],\"inLanguage\":\"en-US\"}]}<\/script>\n<!-- \/ Yoast SEO plugin. -->","yoast_head_json":{"title":"Cabinet de recrutement de commerciaux comp\u00e9tents \u00e0 Bordeaux","description":"Vous \u00eates \u00e0 la recherche d\u2019un cabinet de recrutement de commerciaux \u00e0 Bordeaux ? ImpactUp est un cabinet sp\u00e9cialis\u00e9 dans le recrutement de commerciaux \u00e0 Bordeaux \u00e0 votre service.","robots":{"index":"index","follow":"follow","max-snippet":"max-snippet:-1","max-image-preview":"max-image-preview:large","max-video-preview":"max-video-preview:-1"},"canonical":"https:\/\/impactup.com\/en\/glossaire\/cabinet-de-recrutement-commerciaux-bordeaux\/","og_locale":"en_US","og_type":"article","og_title":"Cabinet de recrutement de commerciaux comp\u00e9tents \u00e0 Bordeaux","og_description":"Vous \u00eates \u00e0 la recherche d\u2019un cabinet de recrutement de commerciaux \u00e0 Bordeaux ? ImpactUp est un cabinet sp\u00e9cialis\u00e9 dans le recrutement de commerciaux \u00e0 Bordeaux \u00e0 votre service.","og_url":"https:\/\/impactup.com\/en\/glossaire\/cabinet-de-recrutement-commerciaux-bordeaux\/","og_site_name":"ImpactUp","article_modified_time":"2024-06-12T14:26:58+00:00","og_image":[{"width":1067,"height":600,"url":"https:\/\/impactup.com\/wp-content\/uploads\/2021\/01\/og.jpg","type":"image\/jpeg"}],"twitter_card":"summary_large_image","twitter_misc":{"Est. reading time":"6 minutes"},"schema":{"@context":"https:\/\/schema.org","@graph":[{"@type":"WebPage","@id":"https:\/\/impactup.com\/en\/glossaire\/cabinet-de-recrutement-commerciaux-bordeaux\/","url":"https:\/\/impactup.com\/en\/glossaire\/cabinet-de-recrutement-commerciaux-bordeaux\/","name":"Cabinet de recrutement de commerciaux comp\u00e9tents \u00e0 Bordeaux","isPartOf":{"@id":"https:\/\/impactup.com\/en\/#website"},"datePublished":"2024-06-10T12:26:14+00:00","dateModified":"2024-06-12T14:26:58+00:00","description":"Vous \u00eates \u00e0 la recherche d\u2019un cabinet de recrutement de commerciaux \u00e0 Bordeaux ? ImpactUp est un cabinet sp\u00e9cialis\u00e9 dans le recrutement de commerciaux \u00e0 Bordeaux \u00e0 votre service.","breadcrumb":{"@id":"https:\/\/impactup.com\/en\/glossaire\/cabinet-de-recrutement-commerciaux-bordeaux\/#breadcrumb"},"inLanguage":"en-US","potentialAction":[{"@type":"ReadAction","target":["https:\/\/impactup.com\/en\/glossaire\/cabinet-de-recrutement-commerciaux-bordeaux\/"]}]},{"@type":"BreadcrumbList","@id":"https:\/\/impactup.com\/en\/glossaire\/cabinet-de-recrutement-commerciaux-bordeaux\/#breadcrumb","itemListElement":[{"@type":"ListItem","position":1,"name":"Accueil","item":"https:\/\/impactup.com\/en\/"},{"@type":"ListItem","position":2,"name":"Glossaire","item":"https:\/\/impactup.com\/en\/glossaire\/"},{"@type":"ListItem","position":3,"name":"Un cabinet de recrutement pour la recherche et l\u2019embauche de commerciaux \u00e0 Bordeaux"}]},{"@type":"WebSite","@id":"https:\/\/impactup.com\/en\/#website","url":"https:\/\/impactup.com\/en\/","name":"ImpactUp","description":"Recrutement commerciaux, directions commerciales et fonctions marketing","potentialAction":[{"@type":"SearchAction","target":{"@type":"EntryPoint","urlTemplate":"https:\/\/impactup.com\/en\/?s={search_term_string}"},"query-input":{"@type":"PropertyValueSpecification","valueRequired":true,"valueName":"search_term_string"}}],"inLanguage":"en-US"}]}},"_links":{"self":[{"href":"https:\/\/impactup.com\/en\/wp-json\/wp\/v2\/pages\/26194","targetHints":{"allow":["GET"]}}],"collection":[{"href":"https:\/\/impactup.com\/en\/wp-json\/wp\/v2\/pages"}],"about":[{"href":"https:\/\/impactup.com\/en\/wp-json\/wp\/v2\/types\/page"}],"author":[{"embeddable":true,"href":"https:\/\/impactup.com\/en\/wp-json\/wp\/v2\/users\/4"}],"replies":[{"embeddable":true,"href":"https:\/\/impactup.com\/en\/wp-json\/wp\/v2\/comments?post=26194"}],"version-history":[{"count":5,"href":"https:\/\/impactup.com\/en\/wp-json\/wp\/v2\/pages\/26194\/revisions"}],"predecessor-version":[{"id":26541,"href":"https:\/\/impactup.com\/en\/wp-json\/wp\/v2\/pages\/26194\/revisions\/26541"}],"up":[{"embeddable":true,"href":"https:\/\/impactup.com\/en\/wp-json\/wp\/v2\/pages\/17218"}],"wp:attachment":[{"href":"https:\/\/impactup.com\/en\/wp-json\/wp\/v2\/media?parent=26194"}],"curies":[{"name":"wp","href":"https:\/\/api.w.org\/{rel}","templated":true}]}}