{"id":26187,"date":"2024-06-10T14:24:14","date_gmt":"2024-06-10T12:24:14","guid":{"rendered":"https:\/\/impactup.niou.dev\/?page_id=26187"},"modified":"2025-06-02T14:05:48","modified_gmt":"2025-06-02T12:05:48","slug":"chasseur-de-tete-commerciaux-lyon-69","status":"publish","type":"page","link":"https:\/\/impactup.com\/en\/glossaire\/chasseur-de-tete-commerciaux-lyon-69\/","title":{"rendered":"ImpactUp, votre chasseur de t\u00eate de profils commerciaux \u00e0 Lyon (69)"},"content":{"rendered":"<div class=\"wpb-content-wrapper\"><p>[vc_row][vc_column width=&#8221;1\/3&#8243;][vc_btn title=&#8221;Voir notre offre&#8221; color=&#8221;secondarycolor&#8221; align=&#8221;center&#8221; css=&#8221;&#8221; link=&#8221;url:https%3A%2F%2Fimpactup.com%2Frecrutement%2F&#8221;][\/vc_column][vc_column width=&#8221;1\/3&#8243;][vc_btn title=&#8221;Confiez-nous votre projet&#8221; color=&#8221;secondarycolor&#8221; align=&#8221;center&#8221; css=&#8221;&#8221; link=&#8221;url:https%3A%2F%2Fimpactup.com%2Fetude-personnalisee%2F&#8221;][\/vc_column][vc_column width=&#8221;1\/3&#8243;][vc_btn title=&#8221;Contactez-nous&#8221; color=&#8221;secondarycolor&#8221; align=&#8221;center&#8221; css=&#8221;&#8221; link=&#8221;url:https%3A%2F%2Fimpactup.com%2Fcontact%2F&#8221;][\/vc_column][\/vc_row][vc_row css=&#8221;.vc_custom_1717658386032{padding-top: 40px !important;padding-bottom: 20px !important;}&#8221;][vc_column][vc_column_text css=&#8221;&#8221;]<\/p>\n<section style=\"text-align: justify;\">\n<h2><strong>ImpactUp, votre chasseur de t\u00eate de profils commerciaux \u00e0 Lyon (69)<\/strong><\/h2>\n<p style=\"text-align: justify;\"><strong>ImpactUp<\/strong> d\u00e9ploie son savoir-faire pour vous aider \u00e0 recruter les candidats \u00e0 fort potentiel. Gr\u00e2ce \u00e0 une m\u00e9thodologie rigoureuse et \u00e0 une connaissance approfondie du tissu \u00e9conomique local, notre <a href=\"https:\/\/impactup.com\/glossaire\/recrutement-commerciaux-lyon-69\"><strong>chasseur de t\u00eate<\/strong><\/a> identifie les meilleurs talents <a href=\"https:\/\/impactup.com\/glossaire\/recrutement-commerciaux-lyon-69\"><strong>commerciaux<\/strong> \u00e0 <strong>Lyon (69)<\/strong><\/a> pour renforcer vos \u00e9quipes de vente. Qu\u2019il s\u2019agisse d\u2019embaucher des managers, des cadres ou des profils op\u00e9rationnels, nous vous accompagnons \u00e0 chaque \u00e9tape du processus.<\/p>\n<\/section>\n<p>[\/vc_column_text][\/vc_column][\/vc_row][vc_row][vc_column width=&#8221;1\/3&#8243;][vc_btn title=&#8221;Voir notre offre&#8221; color=&#8221;secondarycolor&#8221; align=&#8221;center&#8221; css=&#8221;&#8221; link=&#8221;url:https%3A%2F%2Fimpactup.com%2Frecrutement%2F&#8221;][\/vc_column][vc_column width=&#8221;1\/3&#8243;][vc_btn title=&#8221;Confiez-nous votre projet&#8221; color=&#8221;secondarycolor&#8221; align=&#8221;center&#8221; css=&#8221;&#8221; link=&#8221;url:https%3A%2F%2Fimpactup.com%2Fetude-personnalisee%2F&#8221;][\/vc_column][vc_column width=&#8221;1\/3&#8243;][vc_btn title=&#8221;Contactez-nous&#8221; color=&#8221;secondarycolor&#8221; align=&#8221;center&#8221; css=&#8221;&#8221; link=&#8221;url:https%3A%2F%2Fimpactup.com%2Fcontact%2F&#8221;][\/vc_column][\/vc_row][vc_row css=&#8221;.vc_custom_1717658445522{padding-top: 40px !important;}&#8221;][vc_column][vc_column_text css=&#8221;&#8221;]<\/p>\n<section style=\"text-align: justify;\">\n<h2 style=\"text-align: justify;\"><strong>L\u2019\u00e9quipe commerciale, moteur de la performance de l\u2019entreprise<\/strong><\/h2>\n<p style=\"text-align: justify;\">Dans un environnement \u00e9conomique en constante mutation, marqu\u00e9 par l\u2019intensification de la concurrence et l\u2019\u00e9volution des comportements d\u2019achat, l\u2019\u00e9quipe commerciale demeure un levier central du d\u00e9veloppement de toute organisation.<\/p>\n<p style=\"text-align: justify;\">Bien au-del\u00e0 de la simple fonction de vente, elle incarne une force strat\u00e9gique, v\u00e9ritable trait d\u2019union entre l\u2019entreprise et ses march\u00e9s. Son r\u00f4le d\u00e9passe la prospection ou la conclusion de contrat\u00a0: elle v\u00e9hicule l\u2019image, porte les valeurs et soutient durablement la croissance de l\u2019activit\u00e9.<\/p>\n<p style=\"text-align: justify;\">La performance d\u2019une entreprise d\u00e9pend largement de sa facult\u00e9 \u00e0 assurer une croissance r\u00e9guli\u00e8re de ses revenus. Dans cette dynamique, la force commerciale occupe une place d\u00e9terminante, tant pour attirer de nouveaux clients que pour entretenir la relation avec ceux d\u00e9j\u00e0 acquis.<\/p>\n<p style=\"text-align: justify;\">V\u00e9ritable relais du terrain, elle capte et transmet des informations cl\u00e9s sur les attentes des consommateurs, l\u2019\u00e9volution de la concurrence ou les mutations du secteur. Cette interaction constante avec le terrain \u00e9claire les d\u00e9cisions strat\u00e9giques, oriente l\u2019adaptation des offres et permet \u00e0 l\u2019organisation de r\u00e9agir avec agilit\u00e9 aux \u00e9volutions du march\u00e9.<\/p>\n<p style=\"text-align: justify;\">Au-del\u00e0 des r\u00e9sultats financiers, elle agit comme un vecteur d\u2019opportunit\u00e9s. Elle influence la notori\u00e9t\u00e9 de la marque, renforce la relation client et soutient l\u2019innovation par une connaissance fine des besoins exprim\u00e9s sur le terrain. Son impact sur la rentabilit\u00e9 est \u00e0 la fois mesurable et direct, mais celui-ci se traduit \u00e9galement par une contribution qualitative, notamment en mati\u00e8re d\u2019exp\u00e9rience client et de perception de la qualit\u00e9.<\/p>\n<p style=\"text-align: justify;\">Une \u00e9quipe commerciale efficacement structur\u00e9e repose sur une r\u00e9partition claire des r\u00f4les, chacun \u00e9tant en charge de missions sp\u00e9cifiques. En tant que responsable de la strat\u00e9gie globale, le directeur commercial d\u00e9finit les objectifs, supervise les \u00e9quipes et veille \u00e0 l\u2019alignement entre les priorit\u00e9s de l\u2019entreprise et les actions sur le terrain. Aux c\u00f4t\u00e9s de ce dernier, les managers de secteur assurent la gestion op\u00e9rationnelle, accompagnent les \u00e9quipes au quotidien, suivent les indicateurs de performance et ajustent les actions en fonction des r\u00e9alit\u00e9s locales.<\/p>\n<p style=\"text-align: justify;\">Les commerciaux, quant \u00e0 eux, constituent la premi\u00e8re ligne. Ils sont en charge de la prospection, de la n\u00e9gociation et du suivi des clients. Certains se sp\u00e9cialisent dans la conqu\u00eate de nouveaux march\u00e9s (profils \u00ab\u202fchasseurs\u202f\u00bb), tandis que d\u2019autres excellent dans la gestion et la fid\u00e9lisation d\u2019un portefeuille existant (profils \u00ab\u202f\u00e9leveurs\u202f\u00bb).<\/p>\n<p style=\"text-align: justify;\">Des fonctions support telles que les assistants commerciaux ou les analystes de performance viennent renforcer cette organisation, en apportant un soutien logistique ou strat\u00e9gique indispensable \u00e0 la fluidit\u00e9 des op\u00e9rations.<\/p>\n<p style=\"text-align: justify;\"><strong>ImpactUp<\/strong> s\u2019affirme comme un leader dans le domaine du recrutement de profils <a href=\"https:\/\/impactup.com\/glossaire\/cabinet-chasseur-de-tete-lyon-69\"><strong>commerciaux \u00e0 Lyon<\/strong> <strong>et dans ses environs<\/strong> (<strong>69<\/strong>)<\/a>. Nos <strong>chasseurs de t\u00eates<\/strong> privil\u00e9gient une approche qui va bien au-del\u00e0 de la simple mise en relation entre candidats et entreprises. Celle-ci repose sur une connaissance approfondie des enjeux commerciaux et des comp\u00e9tences cl\u00e9s n\u00e9cessaires pour r\u00e9ussir dans ce secteur.<\/p>\n<p style=\"text-align: justify;\">Gr\u00e2ce \u00e0 une exp\u00e9rience op\u00e9rationnelle solide au sein d\u2019entreprises nationales et internationales, ces experts ma\u00eetrisent les d\u00e9fis uniques auxquels font face les \u00e9quipes de vente et sont en mesure d\u2019identifier les talents capables de faire la diff\u00e9rence.<\/p>\n<h2 style=\"text-align: justify;\"><strong>Confiez le recrutement de vos talents commerciaux \u00e0 nos chasseurs de t\u00eates \u00e0 Lyon (69)<\/strong><\/h2>\n<p style=\"text-align: justify;\">Le recrutement de professionnels comp\u00e9tents pour \u00e9toffer les \u00e9quipes de vente repr\u00e9sente un enjeu de taille pour les entreprises. La comp\u00e9titivit\u00e9 du march\u00e9, qui attire des entreprises de secteurs vari\u00e9s, rend cette t\u00e2che d\u2019autant plus complexe. Ces derni\u00e8res se retrouvent en concurrence directe pour attirer les meilleurs talents, dans un contexte o\u00f9 les profils recherch\u00e9s sont souvent rares et fortement demand\u00e9s.<\/p>\n<p style=\"text-align: justify;\">De plus, la diversit\u00e9 des m\u00e9tiers commerciaux \u2014 du chasseur au gestionnaire de comptes, en passant par les profils techniques ou les profils de management \u2014 n\u00e9cessite une approche de recrutement fine et cibl\u00e9e. Le recours \u00e0 un <a href=\"https:\/\/impactup.com\/glossaire\/cabinet-de-recrutement-cadre-commercial-lyon-69\"><strong>chasseur de t\u00eate<\/strong><\/a> sp\u00e9cialis\u00e9 pour l\u2019embauche de talents <a href=\"https:\/\/impactup.com\/glossaire\/cabinet-de-recrutement-cadre-commercial-lyon-69\"><strong>commerciaux<\/strong> <strong>\u00e0 Lyon (69) <\/strong><\/a>devient alors une solution strat\u00e9gique pour identifier, attirer et recruter les profils les plus adapt\u00e9s.<\/p>\n<p style=\"text-align: justify;\">Chez <a href=\"https:\/\/impactup.com\/\"><strong>ImpactUp<\/strong><\/a>, le recrutement de profils commerciaux \u00e0 Lyon s\u2019appuie sur une m\u00e9thodologie rigoureuse et \u00e9prouv\u00e9e, qui garantit des r\u00e9sultats de qualit\u00e9. Chaque mission est abord\u00e9e avec une approche personnalis\u00e9e, adapt\u00e9e aux besoins sp\u00e9cifiques de chaque entreprise, qu\u2019il s\u2019agisse de PME locales ou de grands groupes nationaux et internationaux.<\/p>\n<p style=\"text-align: justify;\">Issue de diff\u00e9rents secteurs d\u2019activit\u00e9s, l\u2019\u00e9quipe de consultants met \u00e0 la disposition des recruteurs son expertise pour identifier les talents les plus performants et les plus align\u00e9s avec les objectifs de l\u2019entreprise.<\/p>\n<p style=\"text-align: justify;\">Notre approche repose sur plusieurs \u00e9tapes cl\u00e9s, \u00e0 commencer par une d\u00e9finition claire et pr\u00e9cise des besoins. Le cabinet s\u2019attache \u00e0 comprendre la mission, les objectifs, ainsi que les qualit\u00e9s sp\u00e9cifiques recherch\u00e9es pour chaque profil. Ensuite, un processus de s\u00e9lection rigoureux est mis en place, combinant des recherches de candidatures sur des plateformes sp\u00e9cialis\u00e9es, des approches directes (chasse de t\u00eates) et la diffusion d\u2019annonces.<\/p>\n<p style=\"text-align: justify;\">Une fois la pr\u00e9s\u00e9lection achev\u00e9e, nous proc\u00e9dons \u00e0 des entretiens approfondis, des tests de personnalit\u00e9 et des \u00e9valuations de comp\u00e9tences, permettant de valider leur ad\u00e9quation avec le poste. Enfin, les candidats retenus sont pr\u00e9sent\u00e9s \u00e0 l\u2019entreprise, accompagn\u00e9s de recommandations d\u00e9taill\u00e9es et d\u2019une analyse des r\u00e9sultats obtenus lors des \u00e9valuations.<\/p>\n<\/section>\n<p>[\/vc_column_text][\/vc_column][\/vc_row]<\/p>\n<\/div>","protected":false},"excerpt":{"rendered":"<p>[vc_row][vc_column width=&#8221;1\/3&#8243;][vc_btn title=&#8221;Voir notre offre&#8221; color=&#8221;secondarycolor&#8221; align=&#8221;center&#8221; css=&#8221;&#8221; link=&#8221;url:https%3A%2F%2Fimpactup.com%2Frecrutement%2F&#8221;][\/vc_column][vc_column width=&#8221;1\/3&#8243;][vc_btn title=&#8221;Confiez-nous votre projet&#8221; color=&#8221;secondarycolor&#8221; align=&#8221;center&#8221; css=&#8221;&#8221; link=&#8221;url:https%3A%2F%2Fimpactup.com%2Fetude-personnalisee%2F&#8221;][\/vc_column][vc_column width=&#8221;1\/3&#8243;][vc_btn title=&#8221;Contactez-nous&#8221; color=&#8221;secondarycolor&#8221; align=&#8221;center&#8221; css=&#8221;&#8221; link=&#8221;url:https%3A%2F%2Fimpactup.com%2Fcontact%2F&#8221;][\/vc_column][\/vc_row][vc_row css=&#8221;.vc_custom_1717658386032{padding-top: 40px !important;padding-bottom: 20px !important;}&#8221;][vc_column][vc_column_text css=&#8221;&#8221;] ImpactUp, votre chasseur de t\u00eate de profils commerciaux \u00e0 Lyon (69) ImpactUp d\u00e9ploie son savoir-faire pour vous aider \u00e0 recruter les candidats \u00e0 fort potentiel. Gr\u00e2ce [&hellip;]<\/p>\n","protected":false},"author":4,"featured_media":0,"parent":17218,"menu_order":0,"comment_status":"closed","ping_status":"closed","template":"","meta":{"_monsterinsights_skip_tracking":false,"_monsterinsights_sitenote_active":false,"_monsterinsights_sitenote_note":"","_monsterinsights_sitenote_category":0,"footnotes":""},"class_list":["post-26187","page","type-page","status-publish","hentry"],"yoast_head":"<!-- This site is optimized with the Yoast SEO plugin v27.0 - https:\/\/yoast.com\/product\/yoast-seo-wordpress\/ -->\n<title>Acc\u00e9l\u00e9rez le recrutement de vos talents commerciaux avec notre chasseur de t\u00eates \u00e0 Lyon (69)<\/title>\n<meta name=\"description\" content=\"\u00c0 Lyon (69), trouvez facilement vos talents commerciaux avec notre chasseur de t\u00eates expert. Avec ImpactUp, notre chasseur de t\u00eate vous aide \u00e0 structurer des \u00e9quipes performantes en identifiant les meilleurs profils commerciaux \u00e0 Lyon (69).\" \/>\n<meta name=\"robots\" content=\"index, follow, max-snippet:-1, max-image-preview:large, max-video-preview:-1\" \/>\n<link rel=\"canonical\" href=\"https:\/\/impactup.com\/en\/glossaire\/chasseur-de-tete-commerciaux-lyon-69\/\" \/>\n<meta property=\"og:locale\" content=\"en_US\" \/>\n<meta property=\"og:type\" content=\"article\" \/>\n<meta property=\"og:title\" content=\"Acc\u00e9l\u00e9rez le recrutement de vos talents commerciaux avec notre chasseur de t\u00eates \u00e0 Lyon (69)\" \/>\n<meta property=\"og:description\" content=\"\u00c0 Lyon (69), trouvez facilement vos talents commerciaux avec notre chasseur de t\u00eates expert. Avec ImpactUp, notre chasseur de t\u00eate vous aide \u00e0 structurer des \u00e9quipes performantes en identifiant les meilleurs profils commerciaux \u00e0 Lyon (69).\" \/>\n<meta property=\"og:url\" content=\"https:\/\/impactup.com\/en\/glossaire\/chasseur-de-tete-commerciaux-lyon-69\/\" \/>\n<meta property=\"og:site_name\" content=\"ImpactUp\" \/>\n<meta property=\"article:modified_time\" content=\"2025-06-02T12:05:48+00:00\" \/>\n<meta property=\"og:image\" content=\"https:\/\/impactup.com\/wp-content\/uploads\/2021\/01\/og.jpg\" \/>\n\t<meta property=\"og:image:width\" content=\"1067\" \/>\n\t<meta property=\"og:image:height\" content=\"600\" \/>\n\t<meta property=\"og:image:type\" content=\"image\/jpeg\" \/>\n<meta name=\"twitter:card\" content=\"summary_large_image\" \/>\n<meta name=\"twitter:label1\" content=\"Est. reading time\" \/>\n\t<meta name=\"twitter:data1\" content=\"3 minutes\" \/>\n<script type=\"application\/ld+json\" class=\"yoast-schema-graph\">{\"@context\":\"https:\/\/schema.org\",\"@graph\":[{\"@type\":\"WebPage\",\"@id\":\"https:\/\/impactup.com\/en\/glossaire\/chasseur-de-tete-commerciaux-lyon-69\/\",\"url\":\"https:\/\/impactup.com\/en\/glossaire\/chasseur-de-tete-commerciaux-lyon-69\/\",\"name\":\"Acc\u00e9l\u00e9rez le recrutement de vos talents commerciaux avec notre chasseur de t\u00eates \u00e0 Lyon (69)\",\"isPartOf\":{\"@id\":\"https:\/\/impactup.com\/en\/#website\"},\"datePublished\":\"2024-06-10T12:24:14+00:00\",\"dateModified\":\"2025-06-02T12:05:48+00:00\",\"description\":\"\u00c0 Lyon (69), trouvez facilement vos talents commerciaux avec notre chasseur de t\u00eates expert. Avec ImpactUp, notre chasseur de t\u00eate vous aide \u00e0 structurer des \u00e9quipes performantes en identifiant les meilleurs profils commerciaux \u00e0 Lyon (69).\",\"breadcrumb\":{\"@id\":\"https:\/\/impactup.com\/en\/glossaire\/chasseur-de-tete-commerciaux-lyon-69\/#breadcrumb\"},\"inLanguage\":\"en-US\",\"potentialAction\":[{\"@type\":\"ReadAction\",\"target\":[\"https:\/\/impactup.com\/en\/glossaire\/chasseur-de-tete-commerciaux-lyon-69\/\"]}]},{\"@type\":\"BreadcrumbList\",\"@id\":\"https:\/\/impactup.com\/en\/glossaire\/chasseur-de-tete-commerciaux-lyon-69\/#breadcrumb\",\"itemListElement\":[{\"@type\":\"ListItem\",\"position\":1,\"name\":\"Accueil\",\"item\":\"https:\/\/impactup.com\/en\/\"},{\"@type\":\"ListItem\",\"position\":2,\"name\":\"Glossaire\",\"item\":\"https:\/\/impactup.com\/en\/glossaire\/\"},{\"@type\":\"ListItem\",\"position\":3,\"name\":\"ImpactUp, votre chasseur de t\u00eate de profils commerciaux \u00e0 Lyon (69)\"}]},{\"@type\":\"WebSite\",\"@id\":\"https:\/\/impactup.com\/en\/#website\",\"url\":\"https:\/\/impactup.com\/en\/\",\"name\":\"ImpactUp\",\"description\":\"Recrutement commerciaux, directions commerciales et fonctions marketing\",\"potentialAction\":[{\"@type\":\"SearchAction\",\"target\":{\"@type\":\"EntryPoint\",\"urlTemplate\":\"https:\/\/impactup.com\/en\/?s={search_term_string}\"},\"query-input\":{\"@type\":\"PropertyValueSpecification\",\"valueRequired\":true,\"valueName\":\"search_term_string\"}}],\"inLanguage\":\"en-US\"}]}<\/script>\n<!-- \/ Yoast SEO plugin. -->","yoast_head_json":{"title":"Acc\u00e9l\u00e9rez le recrutement de vos talents commerciaux avec notre chasseur de t\u00eates \u00e0 Lyon (69)","description":"\u00c0 Lyon (69), trouvez facilement vos talents commerciaux avec notre chasseur de t\u00eates expert. Avec ImpactUp, notre chasseur de t\u00eate vous aide \u00e0 structurer des \u00e9quipes performantes en identifiant les meilleurs profils commerciaux \u00e0 Lyon (69).","robots":{"index":"index","follow":"follow","max-snippet":"max-snippet:-1","max-image-preview":"max-image-preview:large","max-video-preview":"max-video-preview:-1"},"canonical":"https:\/\/impactup.com\/en\/glossaire\/chasseur-de-tete-commerciaux-lyon-69\/","og_locale":"en_US","og_type":"article","og_title":"Acc\u00e9l\u00e9rez le recrutement de vos talents commerciaux avec notre chasseur de t\u00eates \u00e0 Lyon (69)","og_description":"\u00c0 Lyon (69), trouvez facilement vos talents commerciaux avec notre chasseur de t\u00eates expert. Avec ImpactUp, notre chasseur de t\u00eate vous aide \u00e0 structurer des \u00e9quipes performantes en identifiant les meilleurs profils commerciaux \u00e0 Lyon (69).","og_url":"https:\/\/impactup.com\/en\/glossaire\/chasseur-de-tete-commerciaux-lyon-69\/","og_site_name":"ImpactUp","article_modified_time":"2025-06-02T12:05:48+00:00","og_image":[{"width":1067,"height":600,"url":"https:\/\/impactup.com\/wp-content\/uploads\/2021\/01\/og.jpg","type":"image\/jpeg"}],"twitter_card":"summary_large_image","twitter_misc":{"Est. reading time":"3 minutes"},"schema":{"@context":"https:\/\/schema.org","@graph":[{"@type":"WebPage","@id":"https:\/\/impactup.com\/en\/glossaire\/chasseur-de-tete-commerciaux-lyon-69\/","url":"https:\/\/impactup.com\/en\/glossaire\/chasseur-de-tete-commerciaux-lyon-69\/","name":"Acc\u00e9l\u00e9rez le recrutement de vos talents commerciaux avec notre chasseur de t\u00eates \u00e0 Lyon (69)","isPartOf":{"@id":"https:\/\/impactup.com\/en\/#website"},"datePublished":"2024-06-10T12:24:14+00:00","dateModified":"2025-06-02T12:05:48+00:00","description":"\u00c0 Lyon (69), trouvez facilement vos talents commerciaux avec notre chasseur de t\u00eates expert. Avec ImpactUp, notre chasseur de t\u00eate vous aide \u00e0 structurer des \u00e9quipes performantes en identifiant les meilleurs profils commerciaux \u00e0 Lyon (69).","breadcrumb":{"@id":"https:\/\/impactup.com\/en\/glossaire\/chasseur-de-tete-commerciaux-lyon-69\/#breadcrumb"},"inLanguage":"en-US","potentialAction":[{"@type":"ReadAction","target":["https:\/\/impactup.com\/en\/glossaire\/chasseur-de-tete-commerciaux-lyon-69\/"]}]},{"@type":"BreadcrumbList","@id":"https:\/\/impactup.com\/en\/glossaire\/chasseur-de-tete-commerciaux-lyon-69\/#breadcrumb","itemListElement":[{"@type":"ListItem","position":1,"name":"Accueil","item":"https:\/\/impactup.com\/en\/"},{"@type":"ListItem","position":2,"name":"Glossaire","item":"https:\/\/impactup.com\/en\/glossaire\/"},{"@type":"ListItem","position":3,"name":"ImpactUp, votre chasseur de t\u00eate de profils commerciaux \u00e0 Lyon (69)"}]},{"@type":"WebSite","@id":"https:\/\/impactup.com\/en\/#website","url":"https:\/\/impactup.com\/en\/","name":"ImpactUp","description":"Recrutement commerciaux, directions commerciales et fonctions marketing","potentialAction":[{"@type":"SearchAction","target":{"@type":"EntryPoint","urlTemplate":"https:\/\/impactup.com\/en\/?s={search_term_string}"},"query-input":{"@type":"PropertyValueSpecification","valueRequired":true,"valueName":"search_term_string"}}],"inLanguage":"en-US"}]}},"_links":{"self":[{"href":"https:\/\/impactup.com\/en\/wp-json\/wp\/v2\/pages\/26187","targetHints":{"allow":["GET"]}}],"collection":[{"href":"https:\/\/impactup.com\/en\/wp-json\/wp\/v2\/pages"}],"about":[{"href":"https:\/\/impactup.com\/en\/wp-json\/wp\/v2\/types\/page"}],"author":[{"embeddable":true,"href":"https:\/\/impactup.com\/en\/wp-json\/wp\/v2\/users\/4"}],"replies":[{"embeddable":true,"href":"https:\/\/impactup.com\/en\/wp-json\/wp\/v2\/comments?post=26187"}],"version-history":[{"count":5,"href":"https:\/\/impactup.com\/en\/wp-json\/wp\/v2\/pages\/26187\/revisions"}],"predecessor-version":[{"id":29666,"href":"https:\/\/impactup.com\/en\/wp-json\/wp\/v2\/pages\/26187\/revisions\/29666"}],"up":[{"embeddable":true,"href":"https:\/\/impactup.com\/en\/wp-json\/wp\/v2\/pages\/17218"}],"wp:attachment":[{"href":"https:\/\/impactup.com\/en\/wp-json\/wp\/v2\/media?parent=26187"}],"curies":[{"name":"wp","href":"https:\/\/api.w.org\/{rel}","templated":true}]}}