{"id":26186,"date":"2024-06-10T14:20:42","date_gmt":"2024-06-10T12:20:42","guid":{"rendered":"https:\/\/impactup.niou.dev\/?page_id=26186"},"modified":"2024-06-12T16:27:20","modified_gmt":"2024-06-12T14:27:20","slug":"cabinet-de-recrutement-commerciaux-lille","status":"publish","type":"page","link":"https:\/\/impactup.com\/en\/glossaire\/cabinet-de-recrutement-commerciaux-lille\/","title":{"rendered":"ImpactUp, le cabinet sp\u00e9cialis\u00e9 dans le recrutement de profil commercial \u00e0 Lille"},"content":{"rendered":"<div class=\"wpb-content-wrapper\"><p>[vc_row][vc_column width=&#8221;1\/3&#8243;][vc_btn title=&#8221;Voir notre offre&#8221; color=&#8221;secondarycolor&#8221; align=&#8221;center&#8221; css=&#8221;&#8221; link=&#8221;url:https%3A%2F%2Fimpactup.com%2Frecrutement%2F&#8221;][\/vc_column][vc_column width=&#8221;1\/3&#8243;][vc_btn title=&#8221;Confiez-nous votre projet&#8221; color=&#8221;secondarycolor&#8221; align=&#8221;center&#8221; css=&#8221;&#8221; link=&#8221;url:https%3A%2F%2Fimpactup.com%2Fetude-personnalisee%2F&#8221;][\/vc_column][vc_column width=&#8221;1\/3&#8243;][vc_btn title=&#8221;Contactez-nous&#8221; color=&#8221;secondarycolor&#8221; align=&#8221;center&#8221; css=&#8221;&#8221; link=&#8221;url:https%3A%2F%2Fimpactup.com%2Fcontact%2F&#8221;][\/vc_column][\/vc_row][vc_row css=&#8221;.vc_custom_1717658386032{padding-top: 40px !important;padding-bottom: 20px !important;}&#8221;][vc_column][vc_column_text css=&#8221;&#8221;]<\/p>\n<section style=\"text-align: justify;\">\n<h2><strong>ImpactUp, le cabinet sp\u00e9cialis\u00e9 dans le recrutement de profil commercial \u00e0 Lille<\/strong><\/h2>\n<p>Les commerciaux font partie des fonctions cl\u00e9s jug\u00e9es indispensables au sein d\u2019une entreprise. En effet, les PME comme les grands comptes ont besoin d\u2019excellents commerciaux pour promouvoir efficacement leurs produits et services et conforter leur positionnement sur le march\u00e9. D\u00e8s lors, une mauvaise embauche risque d\u2019\u00eatre fortement pr\u00e9judiciable pour la soci\u00e9t\u00e9. Pour \u00e9viter toute erreur de casting, il est judicieux de vous faire assister par un <a href=\"https:\/\/impactup.com\/recrutement-commercial\"><strong>cabinet de recrutement de commerciaux \u00e0 Lille<\/strong><\/a>. Compos\u00e9 de consultants ayant eux-m\u00eames occup\u00e9 des postes commerciaux, <strong>ImpactUP<\/strong> vous aide \u00e0 trouver la perle rare.<\/p>\n<\/section>\n<p>[\/vc_column_text][\/vc_column][\/vc_row][vc_row][vc_column width=&#8221;1\/3&#8243;][vc_btn title=&#8221;Voir notre offre&#8221; color=&#8221;secondarycolor&#8221; align=&#8221;center&#8221; css=&#8221;&#8221; link=&#8221;url:https%3A%2F%2Fimpactup.com%2Frecrutement%2F&#8221;][\/vc_column][vc_column width=&#8221;1\/3&#8243;][vc_btn title=&#8221;Confiez-nous votre projet&#8221; color=&#8221;secondarycolor&#8221; align=&#8221;center&#8221; css=&#8221;&#8221; link=&#8221;url:https%3A%2F%2Fimpactup.com%2Fetude-personnalisee%2F&#8221;][\/vc_column][vc_column width=&#8221;1\/3&#8243;][vc_btn title=&#8221;Contactez-nous&#8221; color=&#8221;secondarycolor&#8221; align=&#8221;center&#8221; css=&#8221;&#8221; link=&#8221;url:https%3A%2F%2Fimpactup.com%2Fcontact%2F&#8221;][\/vc_column][\/vc_row][vc_row css=&#8221;.vc_custom_1717658445522{padding-top: 40px !important;}&#8221;][vc_column][vc_column_text css=&#8221;&#8221;]<\/p>\n<section style=\"text-align: justify;\">\n<h2><strong>Trouver des collaborateurs \u00e0 Lille<\/strong><\/h2>\n<p>Recruter des commerciaux destin\u00e9s \u00e0 travailler dans des villes ou des r\u00e9gions diff\u00e9rentes de celles o\u00f9 le si\u00e8ge est install\u00e9 est loin d\u2019\u00eatre une t\u00e2che ais\u00e9e. Certaines entreprises, notamment celles qui en ont les moyens, peuvent d\u00e9p\u00eacher des personnes habilit\u00e9es sur place pour proc\u00e9der \u00e0 la recherche et \u00e0 l\u2019embauche.<\/p>\n<p>Mais de nombreuses soci\u00e9t\u00e9s, notamment les petites structures comme les PME, n\u2019ont pas la possibilit\u00e9 de mettre en place un syst\u00e8me de recrutement en interne ou ne peuvent pas se permettre de d\u00e9penser de l\u2019argent dans une telle mission. De plus, cette derni\u00e8re peut prendre plus de temps que pr\u00e9vu. L\u2019option la plus sage pour les petites entreprises commerciales qui souhaitent ouvrir une antenne dans cette ville reste le recours \u00e0 un <a href=\"https:\/\/impactup.com\/recrutement-commerciaux\"><strong>cabinet sp\u00e9cialiste du recrutement de commerciaux de Lille<\/strong><\/a>. Les avantages offerts par cette solution ne sont pas n\u00e9gligeables, aussi bien au niveau organisationnel que financier.<\/p>\n<h2><strong>Pourquoi confier le recrutement de commerciaux \u00e0 un cabinet\u00a0?<\/strong><\/h2>\n<p>Les commerciaux sont des personnes-cl\u00e9s dans la mesure o\u00f9 ils constituent une v\u00e9ritable interface qui relie votre entreprise avec vos clients. Ils sont souvent le premier contact avec les clients et prospects et repr\u00e9sentent l\u2019entreprise. Loin d\u2019\u00eatre de simples vendeurs, ils constituent actuellement une force vivante et leur r\u00f4le peut aller de la prospection \u00e0 la fid\u00e9lisation des clients, en passant par la communication, le service apr\u00e8s-vente, etc. Bien entendu, leur principale mission de maximiser votre chiffre d\u2019affaires et b\u00e9n\u00e9fices, et d\u00e9velopper vos parts de march\u00e9 ainsi que votre activit\u00e9.<\/p>\n<p>Or, les meilleurs dans ce domaine ne sont pas faciles \u00e0 trouver, car contrairement \u00e0 ce que l\u2019on pourrait croire, il ne suffit pas de bien parler pour \u00eatre un commercial efficace et un bon co\u00e9quipier.<\/p>\n<p>L\u2019exp\u00e9rience d\u2019un <strong>cabinet de recrutement <\/strong>est recommand\u00e9e pour rep\u00e9rer les meilleurs <strong>commerciaux<\/strong> \u00e0 <strong>Lille<\/strong>. Outre une CV-th\u00e8que riche, il poss\u00e8de une connaissance approfondie du march\u00e9, qui lui permet de trouver les perles rares. En effet, celles-ci sont parfois en poste ou en transition, dans la r\u00e9gion ou ailleurs. Et les plus performants sont \u00e9videmment tr\u00e8s disput\u00e9s, la plupart des organisations ayant besoin des services de tels professionnels.<\/p>\n<p>Le recruteur a donc un double r\u00f4le\u00a0: rep\u00e9rer les candidats qui satisfont \u00e0 vos crit\u00e8res et \u00e9valuer rapidement leurs r\u00e9elles comp\u00e9tences pour les t\u00e2ches qui leur seront d\u00e9volues. D\u2019autre part, les candidats profitent des conseils d\u2019experts d\u2019ImpactUP pour la r\u00e9ussite de leur vie professionnelle.<\/p>\n<h2><strong>ImpactUp, votre partenaire pour le recrutement de commerciaux \u00e0 Lille<\/strong><\/h2>\n<p>Depuis 10 ans, avec plus de 2000 commerciaux et managers recrut\u00e9s, ImpactUp aide les entreprises de tous domaines \u00e0 renforcer leurs fonctions commerciales. PME et grands groupes peuvent \u00e9galement solliciter ses conseils en d\u00e9veloppement et organisation commerciale. Cr\u00e9\u00e9 par un expert du recrutement et de l\u2019encadrement d\u2019\u00e9quipes commerciales et marketing, c\u2019est le <a href=\"https:\/\/impactup.com\/cabinet-de-recrutement-commercial-de-haut-niveau\"><strong>cabinet de recrutement de r\u00e9f\u00e9rence pour trouver des commerciaux \u00e0 Lille<\/strong><\/a>.<\/p>\n<p>Quelle que soit votre probl\u00e9matique, qu\u2019elle soit ponctuelle ou r\u00e9currente, notre \u00e9quipe se mobilise pour identifier, contacter et \u00e9valuer les potentielles recrues jusqu\u2019\u00e0 leur int\u00e9gration au sein de votre entreprise. Pour un r\u00e9sultat optimal, c\u2019est une solution sur mesure que nous \u00e9laborons pour vous, et notre accompagnement se fait sur le long terme.<\/p>\n<p>ImpactUP est une structure sp\u00e9cialis\u00e9e dans le recrutement de profils de haut niveau et experts m\u00e9tiers) dans les m\u00e9tiers commerciaux et marketing tels que charg\u00e9(e) de marketing direct, responsable webmarketing, d\u00e9l\u00e9gu\u00e9 commercial, marchandiseur(euse), responsable de promotion des ventes, business developer, ing\u00e9nieur commercial, et \u00e0 tous les postes-cl\u00e9s de l\u2019organisation\u00a0: key account manager, directeur(trice) de magasin, directeur(trice) commercial(e)sales administrator, directeur(trice) de la relation client\u2026<\/p>\n<p>Des partenaires ind\u00e9pendants compl\u00e8tent parfaitement nos consultants et charg\u00e9s de recherches. Ma\u00eetrisant les sp\u00e9cificit\u00e9s de nombreux m\u00e9tiers et milieux, ils vous donnent la chance de choisir les p\u00e9pites qui sauront \u00e9voluer avec vous.<\/p>\n<p>Outre le savoir-faire de nos intervenants en interne et en externe, ainsi que l\u2019efficacit\u00e9 de notre approche et de nos m\u00e9thodes, nous utilisons des outils technologiques modernes et performants. Nous avons ainsi d\u00e9velopp\u00e9 notre propre plateforme d\u2019\u00e9valuation afin de r\u00e9duire la dur\u00e9e du processus.<\/p>\n<p><a href=\"https:\/\/impactup.com\/\"><strong>ImpactUP<\/strong><\/a> d\u00e9ploie un large \u00e9ventail de services afin de doter rapidement les entreprises de nouveaux talents\u00a0:<\/p>\n<ul>\n<li>Une plateforme d\u2019\u00e9valuation qui comporte 4 familles d\u2019outils : TalentRelation\u00ae, TalentBusiness\u00ae, TalentAttitude\u00ae et TalentInitial\u00ae ;<\/li>\n<li>Un outil en ligne SaaS d\u2019\u00e9valuation qui permet d\u2019estimer la maitrise d\u2019une langue \u00e9trang\u00e8re propos\u00e9 en collaboration avec Pipplet.<\/li>\n<\/ul>\n<p>Avec des professionnels dont le profil s\u2019accorde avec vos attentes, vous minimisez votre turn-over et renforcez votre notori\u00e9t\u00e9, qui devient aujourd\u2019hui un crit\u00e8re essentiel de choix d\u2019un employeur pour vos futurs collaborateurs. De nombreux groupes nous ont choisis, convaincus par notre professionnalisme.<\/p>\n<h2><strong>La m\u00e9thode d\u2019ImpactUp<\/strong><\/h2>\n<p>Nous avons mis au point une m\u00e9thodologie efficace pour la s\u00e9lection des profils appropri\u00e9s\u00a0et garantissons les r\u00e9sultats. Au cours de la derni\u00e8re d\u00e9cennie, nous avons pu aider des centaines de soci\u00e9t\u00e9s \u00e0 embaucher de nouveaux collaborateurs. Nous disposons de <strong>cabinets<\/strong> de <strong>recrutement de commerciaux<\/strong> \u00e0 <strong>Lille<\/strong>, Paris, Nantes et Toulouse.<\/p>\n<p>Pour information, la m\u00e9thode <strong>ImpactUp<\/strong> s\u2019articule autour de sept \u00e9tapes\u00a0:<\/p>\n<ul>\n<li>La d\u00e9finition des besoins de votre soci\u00e9t\u00e9\u00a0;<\/li>\n<li>La description de l\u2019offre\u00a0;<\/li>\n<li>L\u2019approche directe comprenant la diffusion de l\u2019annonce sur les r\u00e9seaux de communication\u00a0;<\/li>\n<li>La pr\u00e9s\u00e9lection incluant le triage du CV et l\u2019entretien t\u00e9l\u00e9phonique\u00a0;<\/li>\n<li>La prise de rendez-vous pour le test ;<\/li>\n<li>La pr\u00e9sentation du ou des candidats au client\u00a0;<\/li>\n<li>Et le suivi du candidat pour qu\u2019il s\u2019int\u00e8gre pleinement dans votre soci\u00e9t\u00e9\u00a0;<\/li>\n<\/ul>\n<p>Cette d\u00e9marche nous permet d\u2019identifier les meilleurs profils parmi les candidats s\u00e9lectionn\u00e9s. Une fois bien int\u00e9gr\u00e9s au sein de votre entreprise, ces derniers pourront d\u00e9ployer tout leur potentiel et accompagner le d\u00e9veloppement de votre business.<\/p>\n<\/section>\n<p>[\/vc_column_text][\/vc_column][\/vc_row]<\/p>\n<\/div>","protected":false},"excerpt":{"rendered":"<p>[vc_row][vc_column width=&#8221;1\/3&#8243;][vc_btn title=&#8221;Voir notre offre&#8221; color=&#8221;secondarycolor&#8221; align=&#8221;center&#8221; css=&#8221;&#8221; link=&#8221;url:https%3A%2F%2Fimpactup.com%2Frecrutement%2F&#8221;][\/vc_column][vc_column width=&#8221;1\/3&#8243;][vc_btn title=&#8221;Confiez-nous votre projet&#8221; color=&#8221;secondarycolor&#8221; align=&#8221;center&#8221; css=&#8221;&#8221; link=&#8221;url:https%3A%2F%2Fimpactup.com%2Fetude-personnalisee%2F&#8221;][\/vc_column][vc_column width=&#8221;1\/3&#8243;][vc_btn title=&#8221;Contactez-nous&#8221; color=&#8221;secondarycolor&#8221; align=&#8221;center&#8221; css=&#8221;&#8221; link=&#8221;url:https%3A%2F%2Fimpactup.com%2Fcontact%2F&#8221;][\/vc_column][\/vc_row][vc_row css=&#8221;.vc_custom_1717658386032{padding-top: 40px !important;padding-bottom: 20px !important;}&#8221;][vc_column][vc_column_text css=&#8221;&#8221;] ImpactUp, le cabinet sp\u00e9cialis\u00e9 dans le recrutement de profil commercial \u00e0 Lille Les commerciaux font partie des fonctions cl\u00e9s jug\u00e9es indispensables au sein d\u2019une entreprise. En [&hellip;]<\/p>\n","protected":false},"author":4,"featured_media":0,"parent":17218,"menu_order":0,"comment_status":"closed","ping_status":"closed","template":"","meta":{"_monsterinsights_skip_tracking":false,"_monsterinsights_sitenote_active":false,"_monsterinsights_sitenote_note":"","_monsterinsights_sitenote_category":0,"footnotes":""},"class_list":["post-26186","page","type-page","status-publish","hentry"],"yoast_head":"<!-- This site is optimized with the Yoast SEO plugin v27.0 - https:\/\/yoast.com\/product\/yoast-seo-wordpress\/ -->\n<title>Cabinet de recrutement commerciaux Lille - Passer par un cabinet de recrutement pour trouver des commerciaux \u00e0 Lille<\/title>\n<meta name=\"description\" content=\"Faites confiance \u00e0 un cabinet de recrutement de commerciaux \u00e0 Lille pour disposer d\u2019une \u00e9quipe commerciale productive. ImpactUp, cabinet de recrutement \u00e0 Lille peut vous trouver des commerciaux qualifi\u00e9s.\" \/>\n<meta name=\"robots\" content=\"index, follow, max-snippet:-1, max-image-preview:large, max-video-preview:-1\" \/>\n<link rel=\"canonical\" href=\"https:\/\/impactup.com\/en\/glossaire\/cabinet-de-recrutement-commerciaux-lille\/\" \/>\n<meta property=\"og:locale\" content=\"en_US\" \/>\n<meta property=\"og:type\" content=\"article\" \/>\n<meta property=\"og:title\" content=\"Cabinet de recrutement commerciaux Lille - Passer par un cabinet de recrutement pour trouver des commerciaux \u00e0 Lille\" \/>\n<meta property=\"og:description\" content=\"Faites confiance \u00e0 un cabinet de recrutement de commerciaux \u00e0 Lille pour disposer d\u2019une \u00e9quipe commerciale productive. ImpactUp, cabinet de recrutement \u00e0 Lille peut vous trouver des commerciaux qualifi\u00e9s.\" \/>\n<meta property=\"og:url\" content=\"https:\/\/impactup.com\/en\/glossaire\/cabinet-de-recrutement-commerciaux-lille\/\" \/>\n<meta property=\"og:site_name\" content=\"ImpactUp\" \/>\n<meta property=\"article:modified_time\" content=\"2024-06-12T14:27:20+00:00\" \/>\n<meta property=\"og:image\" content=\"https:\/\/impactup.com\/wp-content\/uploads\/2021\/01\/og.jpg\" \/>\n\t<meta property=\"og:image:width\" content=\"1067\" \/>\n\t<meta property=\"og:image:height\" content=\"600\" \/>\n\t<meta property=\"og:image:type\" content=\"image\/jpeg\" \/>\n<meta name=\"twitter:card\" content=\"summary_large_image\" \/>\n<meta name=\"twitter:label1\" content=\"Est. reading time\" \/>\n\t<meta name=\"twitter:data1\" content=\"6 minutes\" \/>\n<script type=\"application\/ld+json\" class=\"yoast-schema-graph\">{\"@context\":\"https:\/\/schema.org\",\"@graph\":[{\"@type\":\"WebPage\",\"@id\":\"https:\/\/impactup.com\/en\/glossaire\/cabinet-de-recrutement-commerciaux-lille\/\",\"url\":\"https:\/\/impactup.com\/en\/glossaire\/cabinet-de-recrutement-commerciaux-lille\/\",\"name\":\"Cabinet de recrutement commerciaux Lille - Passer par un cabinet de recrutement pour trouver des commerciaux \u00e0 Lille\",\"isPartOf\":{\"@id\":\"https:\/\/impactup.com\/en\/#website\"},\"datePublished\":\"2024-06-10T12:20:42+00:00\",\"dateModified\":\"2024-06-12T14:27:20+00:00\",\"description\":\"Faites confiance \u00e0 un cabinet de recrutement de commerciaux \u00e0 Lille pour disposer d\u2019une \u00e9quipe commerciale productive. ImpactUp, cabinet de recrutement \u00e0 Lille peut vous trouver des commerciaux qualifi\u00e9s.\",\"breadcrumb\":{\"@id\":\"https:\/\/impactup.com\/en\/glossaire\/cabinet-de-recrutement-commerciaux-lille\/#breadcrumb\"},\"inLanguage\":\"en-US\",\"potentialAction\":[{\"@type\":\"ReadAction\",\"target\":[\"https:\/\/impactup.com\/en\/glossaire\/cabinet-de-recrutement-commerciaux-lille\/\"]}]},{\"@type\":\"BreadcrumbList\",\"@id\":\"https:\/\/impactup.com\/en\/glossaire\/cabinet-de-recrutement-commerciaux-lille\/#breadcrumb\",\"itemListElement\":[{\"@type\":\"ListItem\",\"position\":1,\"name\":\"Accueil\",\"item\":\"https:\/\/impactup.com\/en\/\"},{\"@type\":\"ListItem\",\"position\":2,\"name\":\"Glossaire\",\"item\":\"https:\/\/impactup.com\/en\/glossaire\/\"},{\"@type\":\"ListItem\",\"position\":3,\"name\":\"ImpactUp, le cabinet sp\u00e9cialis\u00e9 dans le recrutement de profil commercial \u00e0 Lille\"}]},{\"@type\":\"WebSite\",\"@id\":\"https:\/\/impactup.com\/en\/#website\",\"url\":\"https:\/\/impactup.com\/en\/\",\"name\":\"ImpactUp\",\"description\":\"Recrutement commerciaux, directions commerciales et fonctions marketing\",\"potentialAction\":[{\"@type\":\"SearchAction\",\"target\":{\"@type\":\"EntryPoint\",\"urlTemplate\":\"https:\/\/impactup.com\/en\/?s={search_term_string}\"},\"query-input\":{\"@type\":\"PropertyValueSpecification\",\"valueRequired\":true,\"valueName\":\"search_term_string\"}}],\"inLanguage\":\"en-US\"}]}<\/script>\n<!-- \/ Yoast SEO plugin. -->","yoast_head_json":{"title":"Cabinet de recrutement commerciaux Lille - Passer par un cabinet de recrutement pour trouver des commerciaux \u00e0 Lille","description":"Faites confiance \u00e0 un cabinet de recrutement de commerciaux \u00e0 Lille pour disposer d\u2019une \u00e9quipe commerciale productive. ImpactUp, cabinet de recrutement \u00e0 Lille peut vous trouver des commerciaux qualifi\u00e9s.","robots":{"index":"index","follow":"follow","max-snippet":"max-snippet:-1","max-image-preview":"max-image-preview:large","max-video-preview":"max-video-preview:-1"},"canonical":"https:\/\/impactup.com\/en\/glossaire\/cabinet-de-recrutement-commerciaux-lille\/","og_locale":"en_US","og_type":"article","og_title":"Cabinet de recrutement commerciaux Lille - Passer par un cabinet de recrutement pour trouver des commerciaux \u00e0 Lille","og_description":"Faites confiance \u00e0 un cabinet de recrutement de commerciaux \u00e0 Lille pour disposer d\u2019une \u00e9quipe commerciale productive. ImpactUp, cabinet de recrutement \u00e0 Lille peut vous trouver des commerciaux qualifi\u00e9s.","og_url":"https:\/\/impactup.com\/en\/glossaire\/cabinet-de-recrutement-commerciaux-lille\/","og_site_name":"ImpactUp","article_modified_time":"2024-06-12T14:27:20+00:00","og_image":[{"width":1067,"height":600,"url":"https:\/\/impactup.com\/wp-content\/uploads\/2021\/01\/og.jpg","type":"image\/jpeg"}],"twitter_card":"summary_large_image","twitter_misc":{"Est. reading time":"6 minutes"},"schema":{"@context":"https:\/\/schema.org","@graph":[{"@type":"WebPage","@id":"https:\/\/impactup.com\/en\/glossaire\/cabinet-de-recrutement-commerciaux-lille\/","url":"https:\/\/impactup.com\/en\/glossaire\/cabinet-de-recrutement-commerciaux-lille\/","name":"Cabinet de recrutement commerciaux Lille - Passer par un cabinet de recrutement pour trouver des commerciaux \u00e0 Lille","isPartOf":{"@id":"https:\/\/impactup.com\/en\/#website"},"datePublished":"2024-06-10T12:20:42+00:00","dateModified":"2024-06-12T14:27:20+00:00","description":"Faites confiance \u00e0 un cabinet de recrutement de commerciaux \u00e0 Lille pour disposer d\u2019une \u00e9quipe commerciale productive. ImpactUp, cabinet de recrutement \u00e0 Lille peut vous trouver des commerciaux qualifi\u00e9s.","breadcrumb":{"@id":"https:\/\/impactup.com\/en\/glossaire\/cabinet-de-recrutement-commerciaux-lille\/#breadcrumb"},"inLanguage":"en-US","potentialAction":[{"@type":"ReadAction","target":["https:\/\/impactup.com\/en\/glossaire\/cabinet-de-recrutement-commerciaux-lille\/"]}]},{"@type":"BreadcrumbList","@id":"https:\/\/impactup.com\/en\/glossaire\/cabinet-de-recrutement-commerciaux-lille\/#breadcrumb","itemListElement":[{"@type":"ListItem","position":1,"name":"Accueil","item":"https:\/\/impactup.com\/en\/"},{"@type":"ListItem","position":2,"name":"Glossaire","item":"https:\/\/impactup.com\/en\/glossaire\/"},{"@type":"ListItem","position":3,"name":"ImpactUp, le cabinet sp\u00e9cialis\u00e9 dans le recrutement de profil commercial \u00e0 Lille"}]},{"@type":"WebSite","@id":"https:\/\/impactup.com\/en\/#website","url":"https:\/\/impactup.com\/en\/","name":"ImpactUp","description":"Recrutement commerciaux, directions commerciales et fonctions marketing","potentialAction":[{"@type":"SearchAction","target":{"@type":"EntryPoint","urlTemplate":"https:\/\/impactup.com\/en\/?s={search_term_string}"},"query-input":{"@type":"PropertyValueSpecification","valueRequired":true,"valueName":"search_term_string"}}],"inLanguage":"en-US"}]}},"_links":{"self":[{"href":"https:\/\/impactup.com\/en\/wp-json\/wp\/v2\/pages\/26186","targetHints":{"allow":["GET"]}}],"collection":[{"href":"https:\/\/impactup.com\/en\/wp-json\/wp\/v2\/pages"}],"about":[{"href":"https:\/\/impactup.com\/en\/wp-json\/wp\/v2\/types\/page"}],"author":[{"embeddable":true,"href":"https:\/\/impactup.com\/en\/wp-json\/wp\/v2\/users\/4"}],"replies":[{"embeddable":true,"href":"https:\/\/impactup.com\/en\/wp-json\/wp\/v2\/comments?post=26186"}],"version-history":[{"count":6,"href":"https:\/\/impactup.com\/en\/wp-json\/wp\/v2\/pages\/26186\/revisions"}],"predecessor-version":[{"id":26542,"href":"https:\/\/impactup.com\/en\/wp-json\/wp\/v2\/pages\/26186\/revisions\/26542"}],"up":[{"embeddable":true,"href":"https:\/\/impactup.com\/en\/wp-json\/wp\/v2\/pages\/17218"}],"wp:attachment":[{"href":"https:\/\/impactup.com\/en\/wp-json\/wp\/v2\/media?parent=26186"}],"curies":[{"name":"wp","href":"https:\/\/api.w.org\/{rel}","templated":true}]}}