{"id":26177,"date":"2024-06-10T14:08:30","date_gmt":"2024-06-10T12:08:30","guid":{"rendered":"https:\/\/impactup.niou.dev\/?page_id=26177"},"modified":"2024-06-12T16:43:23","modified_gmt":"2024-06-12T14:43:23","slug":"specialiste-fonctions-commerciales","status":"publish","type":"page","link":"https:\/\/impactup.com\/en\/glossaire\/specialiste-fonctions-commerciales\/","title":{"rendered":"Cabinet de recrutement sp\u00e9cialiste des fonctions commerciales"},"content":{"rendered":"<div class=\"wpb-content-wrapper\"><p>[vc_row][vc_column width=&#8221;1\/3&#8243;][vc_btn title=&#8221;Voir notre offre&#8221; color=&#8221;secondarycolor&#8221; align=&#8221;center&#8221; css=&#8221;&#8221; link=&#8221;url:https%3A%2F%2Fimpactup.com%2Frecrutement%2F&#8221;][\/vc_column][vc_column width=&#8221;1\/3&#8243;][vc_btn title=&#8221;Confiez-nous votre projet&#8221; color=&#8221;secondarycolor&#8221; align=&#8221;center&#8221; css=&#8221;&#8221; link=&#8221;url:https%3A%2F%2Fimpactup.com%2Fetude-personnalisee%2F&#8221;][\/vc_column][vc_column width=&#8221;1\/3&#8243;][vc_btn title=&#8221;Contactez-nous&#8221; color=&#8221;secondarycolor&#8221; align=&#8221;center&#8221; css=&#8221;&#8221; link=&#8221;url:https%3A%2F%2Fimpactup.com%2Fcontact%2F&#8221;][\/vc_column][\/vc_row][vc_row css=&#8221;.vc_custom_1717658386032{padding-top: 40px !important;padding-bottom: 20px !important;}&#8221;][vc_column][vc_column_text css=&#8221;&#8221;]<\/p>\n<section style=\"text-align: justify;\">\n<h2><strong>Cabinet de recrutement sp\u00e9cialiste des fonctions commerciales <\/strong><\/h2>\n<p>Une grande majorit\u00e9 d\u2019entreprises confient le <a href=\"https:\/\/impactup.com\/glossaire\/cabinet-de-recrutement-technico-commercial-b-b\"><strong>recrutement de leurs profils commerciaux<\/strong><\/a> &#8211;\u00a0 responsable commercial, ing\u00e9nieur technico-commercial, Business manager \u2013 \u00e0 des cabinets sp\u00e9cialis\u00e9s dont c\u2019est le c\u0153ur de m\u00e9tier. <strong>ImpactUp<\/strong> est une agence de recrutement pr\u00e9sente dans plusieurs villes de France et sp\u00e9cialis\u00e9e dans le ciblage, la s\u00e9lection et l\u2019\u00e9valuation des talents commerciaux.<\/p>\n<\/section>\n<p>[\/vc_column_text][\/vc_column][\/vc_row][vc_row][vc_column width=&#8221;1\/3&#8243;][vc_btn title=&#8221;Voir notre offre&#8221; color=&#8221;secondarycolor&#8221; align=&#8221;center&#8221; css=&#8221;&#8221; link=&#8221;url:https%3A%2F%2Fimpactup.com%2Frecrutement%2F&#8221;][\/vc_column][vc_column width=&#8221;1\/3&#8243;][vc_btn title=&#8221;Confiez-nous votre projet&#8221; color=&#8221;secondarycolor&#8221; align=&#8221;center&#8221; css=&#8221;&#8221; link=&#8221;url:https%3A%2F%2Fimpactup.com%2Fetude-personnalisee%2F&#8221;][\/vc_column][vc_column width=&#8221;1\/3&#8243;][vc_btn title=&#8221;Contactez-nous&#8221; color=&#8221;secondarycolor&#8221; align=&#8221;center&#8221; css=&#8221;&#8221; link=&#8221;url:https%3A%2F%2Fimpactup.com%2Fcontact%2F&#8221;][\/vc_column][\/vc_row][vc_row css=&#8221;.vc_custom_1717658445522{padding-top: 40px !important;}&#8221;][vc_column][vc_column_text css=&#8221;&#8221;]<\/p>\n<section style=\"text-align: justify;\">\n<h2><strong>Qu\u2019est-ce qu\u2019on entend par sp\u00e9cialiste de la fonction commerciale\u2009?<\/strong><\/h2>\n<p>Le <strong>sp\u00e9cialiste<\/strong> des <strong>fonctions commerciales<\/strong> est souvent un expert dans un ou plusieurs domaines touchant de pr\u00e8s ou de loin les activit\u00e9s commerciales de l\u2019entreprise. Il s\u2019agit de cadres ex\u00e9cutants ou dirigeants dont les missions englobent plusieurs t\u00e2ches et responsabilit\u00e9s dans le cadre de l\u2019optimisation des ventes et des relations avec les clients.<\/p>\n<p>Ce peut \u00eatre le responsable des d\u00e9cisions et des strat\u00e9gies dans les bureaux (directeurs commerciaux, responsables marketing, responsables r\u00e9gionaux ou de secteurs, etc.) tout comme ce peut \u00eatre un technicien de terrain comme les commerciaux, les repr\u00e9sentants ou les responsables des ventes. Ils poss\u00e8dent tous de comp\u00e9tences av\u00e9r\u00e9es et plusieurs ann\u00e9es d\u2019exp\u00e9rience dans le domaine commercial. Recruter un commercial comp\u00e9tent est cependant loin d\u2019\u00eatre une sin\u00e9cure, car si une bonne formation est indispensable pour r\u00e9ussir, elle ne suffit pas pour garantir le succ\u00e8s.<\/p>\n<h2><strong>Comment proc\u00e9der au recrutement de sp\u00e9cialistes de la fonction commerciale\u2009?<\/strong><\/h2>\n<p>Il n\u2019est pas facile de trouver des <a href=\"https:\/\/impactup.com\/glossaire\/conseil-recrutement-commercial\"><strong>sp\u00e9cialistes de la fonction commerciale<\/strong><\/a> qui r\u00e9pondent exactement aux besoins et exigences de votre activit\u00e9. La p\u00e9nurie de candidats se fait par ailleurs sentir dans ce secteur, rendant encore plus compliqu\u00e9e la recherche de candidats de valeur. En effet, soit les professionnels comp\u00e9tents travaillant dans le secteur commercial sont d\u00e9j\u00e0 occup\u00e9s ailleurs, soit les candidats ne disposent pas encore d\u2019assez d\u2019exp\u00e9rience ou ne sont pas int\u00e9ress\u00e9s par les offres des entreprises.<\/p>\n<p>Recourir \u00e0 un cabinet sp\u00e9cialis\u00e9 vous permettra de faire des \u00e9conomies de temps et d\u2019argent fort appr\u00e9ciables. Cette agence vous aidera \u00e0 identifier les meilleures strat\u00e9gies et tactiques marketing pour trouver les collaborateurs qu\u2019il vous faut.<\/p>\n<p>Le cabinet ImpactUP est la r\u00e9f\u00e9rence pour les entreprises (grandes entreprises ou PME) pour la recherche et le recrutement de talents confirm\u00e9s et d\u2019experts m\u00e9tiers sur des p\u00f4les d\u2019expertise relatifs au marketing et au commerce : d\u00e9l\u00e9gu\u00e9 commercial, business developer, charg\u00e9(e) de marketing direct, responsable de promotion des ventes, responsable webmarketing, ing\u00e9nieur commercial, category manager, et \u00e0 toutes les fonctions-cl\u00e9s de l\u2019entreprise : directeur(trice) de la relation client, directeur(trice) de magasin, digital marketing manager, directeur(trice) de marque, directeur(trice) commercial\u2026<\/p>\n<p>Afin d\u2019accompagner au mieux les entreprises, nous avons d\u00e9velopp\u00e9 une offre de services compl\u00e8te acc\u00e9l\u00e9rant le processus de\u00a0 recrutement de nouveaux collaborateurs \u00e0 la hauteur de vos exigences :<\/p>\n<ul>\n<li>Une plateforme d\u2019\u00e9valuation qui comporte 4 types d\u2019outils : TalentRelation\u00ae, TalentBusiness\u00ae, TalentAttitude\u00ae et TalentInitial\u00ae ;<\/li>\n<li>Un service en ligne SaaS d\u2019\u00e9valuation qui donne la possibilit\u00e9 de valider les comp\u00e9tences dans une langue \u00e9trang\u00e8re et ainsi de renforcer ses capacit\u00e9s en langues \u00e9trang\u00e8res propos\u00e9 en collaboration avec Pipplet.<\/li>\n<\/ul>\n<h2><strong>Les autres avantages de l\u2019externalisation du recrutement<\/strong><\/h2>\n<p>Recourir aux services d\u2019un cabinet de recrutement <strong>sp\u00e9cialiste<\/strong> des <strong>fonctions commerciales<\/strong> offre d\u2019autres avantages ind\u00e9niables. En effet, vous pourrez vous concentrer sur les t\u00e2ches productives pendant que l\u2019agence s\u2019occupe de vous trouver les personnes id\u00e9ales pour les postes \u00e0 pourvoir au sein de votre entreprise. Externaliser la recherche de vos collaborateurs vous \u00e9vitera en effet toutes les d\u00e9marches fastidieuses relatives \u00e0 une campagne de recrutement\u00a0: conception et diffusion de l\u2019offre, tri des dossiers de candidature, r\u00e9ception et entretien des postulants s\u00e9lectionn\u00e9s, etc. Le cabinet prendre en charge la proc\u00e9dure de A \u00e0 Z et vous soumettra uniquement les meilleurs candidats. Par ailleurs, dans le cas o\u00f9 vous \u00eates \u00e0 la recherche de collaborateurs dans une autre ville o\u00f9 vous projetez de vous implanter, faire appel \u00e0 une agence locale est \u00e9galement pr\u00e9f\u00e9rable.<\/p>\n<p>Pour les candidats, ils b\u00e9n\u00e9ficient des conseils d\u2019experts d\u2019ImpactUP pour la r\u00e9ussite de leur vie professionnelle.<\/p>\n<h2><strong>Du personnel commercial comp\u00e9tent avec Impactup<\/strong><\/h2>\n<p>Heureusement, gr\u00e2ce \u00e0 Impactup, le <a href=\"https:\/\/impactup.com\/glossaire\/cabinet-de-recrutement-responsable-commercial\"><strong>sp\u00e9cialiste des fonctions commerciales<\/strong><\/a>, recruter des cadres commerciaux devient beaucoup plus facile. Fort de plus de 15 ans d\u2019exp\u00e9rience dans le domaine du recrutement, Impactup est compos\u00e9 d\u2019une \u00e9quipe de consultants ayant eux-m\u00eames occup\u00e9 des postes commerciaux. Gr\u00e2ce \u00e0 leur v\u00e9cu, ils sont capables d\u2019identifier les candidats pr\u00e9sentant un profil ad\u00e9quat pour r\u00e9pondre de mani\u00e8re p\u00e9renne \u00e0 vos besoins.<\/p>\n<p>Leader dans son secteur, <strong>Impactup<\/strong> peut aussi vous aider \u00e0 \u00e9laborer une strat\u00e9gie commerciale et vous assister dans toutes les t\u00e2ches li\u00e9es au d\u00e9partement commercial. Nous pouvons m\u00eame prendre les r\u00eanes de votre direction commerciale ou nous occuper de la formation de vos \u00e9quipes. N\u2019h\u00e9sitez pas \u00e0 nous faire part de vos probl\u00e9matiques, pour que notre \u00e9quipe vous apporte la solution adapt\u00e9e.<\/p>\n<p>La satisfaction de nos clients \u00e9tant notre leitmotiv, nous avons organis\u00e9 notre m\u00e9thode de travail de mani\u00e8re \u00e0 ce que la bonne personne occupe le bon poste au sein de votre structure. Pour chaque mission de recrutement, notre \u00e9quipe d\u00e9finira vos besoins en mettant en exergue la mission, les objectifs et les t\u00e2ches de votre futur collaborateur. Nous r\u00e9digerons aussi \u00e0 votre place la description du poste ainsi que l\u2019offre d\u2019emploi. Complets, nos services incluent \u00e9galement la recherche et la prise de contact directe avec les profils les plus convaincants, leur pr\u00e9s\u00e9lection et leur s\u00e9lection \u00e0 travers des interviews et des tests. \u00c0 l\u2019issue de ces \u00e9tapes, nous vous pr\u00e9senterons une liste limitative des candidats retenus avec leurs dossiers ainsi que nos recommandations.<\/p>\n<p>Nous sommes le partenaire privil\u00e9gi\u00e9 de nombreux groupes et de diff\u00e9rentes nationalit\u00e9s, convaincus par notre professionnalisme. Pour des informations suppl\u00e9mentaires, <a href=\"https:\/\/impactup.com\"><strong>contactez-nous<\/strong><\/a>.<\/p>\n<\/section>\n<p>[\/vc_column_text][\/vc_column][\/vc_row][vc_row][vc_column][\/vc_column][\/vc_row]<\/p>\n<\/div>","protected":false},"excerpt":{"rendered":"<p>[vc_row][vc_column width=&#8221;1\/3&#8243;][vc_btn title=&#8221;Voir notre offre&#8221; color=&#8221;secondarycolor&#8221; align=&#8221;center&#8221; css=&#8221;&#8221; link=&#8221;url:https%3A%2F%2Fimpactup.com%2Frecrutement%2F&#8221;][\/vc_column][vc_column width=&#8221;1\/3&#8243;][vc_btn title=&#8221;Confiez-nous votre projet&#8221; color=&#8221;secondarycolor&#8221; align=&#8221;center&#8221; css=&#8221;&#8221; link=&#8221;url:https%3A%2F%2Fimpactup.com%2Fetude-personnalisee%2F&#8221;][\/vc_column][vc_column width=&#8221;1\/3&#8243;][vc_btn title=&#8221;Contactez-nous&#8221; color=&#8221;secondarycolor&#8221; align=&#8221;center&#8221; css=&#8221;&#8221; link=&#8221;url:https%3A%2F%2Fimpactup.com%2Fcontact%2F&#8221;][\/vc_column][\/vc_row][vc_row css=&#8221;.vc_custom_1717658386032{padding-top: 40px !important;padding-bottom: 20px !important;}&#8221;][vc_column][vc_column_text css=&#8221;&#8221;] Cabinet de recrutement sp\u00e9cialiste des fonctions commerciales Une grande majorit\u00e9 d\u2019entreprises confient le recrutement de leurs profils commerciaux &#8211;\u00a0 responsable commercial, ing\u00e9nieur technico-commercial, Business manager \u2013 [&hellip;]<\/p>\n","protected":false},"author":4,"featured_media":0,"parent":17218,"menu_order":0,"comment_status":"closed","ping_status":"closed","template":"","meta":{"_monsterinsights_skip_tracking":false,"_monsterinsights_sitenote_active":false,"_monsterinsights_sitenote_note":"","_monsterinsights_sitenote_category":0,"footnotes":""},"class_list":["post-26177","page","type-page","status-publish","hentry"],"yoast_head":"<!-- This site is optimized with the Yoast SEO plugin v27.0 - https:\/\/yoast.com\/product\/yoast-seo-wordpress\/ -->\n<title>Sp\u00e9cialiste fonctions commerciales - Cabinet de recrutement sp\u00e9cialiste des fonctions commerciales<\/title>\n<meta name=\"description\" content=\"Cabinet de recrutement et de conseil sp\u00e9cialiste des fonctions commerciales et marketing. ImpatcUp est un cabinet de recrutement sp\u00e9cialiste des fonctions commerciales et marketing.\" \/>\n<meta name=\"robots\" content=\"index, follow, max-snippet:-1, max-image-preview:large, max-video-preview:-1\" \/>\n<link rel=\"canonical\" href=\"https:\/\/impactup.com\/en\/glossaire\/specialiste-fonctions-commerciales\/\" \/>\n<meta property=\"og:locale\" content=\"en_US\" \/>\n<meta property=\"og:type\" content=\"article\" \/>\n<meta property=\"og:title\" content=\"Sp\u00e9cialiste fonctions commerciales - Cabinet de recrutement sp\u00e9cialiste des fonctions commerciales\" \/>\n<meta property=\"og:description\" content=\"Cabinet de recrutement et de conseil sp\u00e9cialiste des fonctions commerciales et marketing. ImpatcUp est un cabinet de recrutement sp\u00e9cialiste des fonctions commerciales et marketing.\" \/>\n<meta property=\"og:url\" content=\"https:\/\/impactup.com\/en\/glossaire\/specialiste-fonctions-commerciales\/\" \/>\n<meta property=\"og:site_name\" content=\"ImpactUp\" \/>\n<meta property=\"article:modified_time\" content=\"2024-06-12T14:43:23+00:00\" \/>\n<meta property=\"og:image\" content=\"https:\/\/impactup.com\/wp-content\/uploads\/2021\/01\/og.jpg\" \/>\n\t<meta property=\"og:image:width\" content=\"1067\" \/>\n\t<meta property=\"og:image:height\" content=\"600\" \/>\n\t<meta property=\"og:image:type\" content=\"image\/jpeg\" \/>\n<meta name=\"twitter:card\" content=\"summary_large_image\" \/>\n<meta name=\"twitter:label1\" content=\"Est. reading time\" \/>\n\t<meta name=\"twitter:data1\" content=\"5 minutes\" \/>\n<script type=\"application\/ld+json\" class=\"yoast-schema-graph\">{\"@context\":\"https:\/\/schema.org\",\"@graph\":[{\"@type\":\"WebPage\",\"@id\":\"https:\/\/impactup.com\/en\/glossaire\/specialiste-fonctions-commerciales\/\",\"url\":\"https:\/\/impactup.com\/en\/glossaire\/specialiste-fonctions-commerciales\/\",\"name\":\"Sp\u00e9cialiste fonctions commerciales - Cabinet de recrutement sp\u00e9cialiste des fonctions commerciales\",\"isPartOf\":{\"@id\":\"https:\/\/impactup.com\/en\/#website\"},\"datePublished\":\"2024-06-10T12:08:30+00:00\",\"dateModified\":\"2024-06-12T14:43:23+00:00\",\"description\":\"Cabinet de recrutement et de conseil sp\u00e9cialiste des fonctions commerciales et marketing. ImpatcUp est un cabinet de recrutement sp\u00e9cialiste des fonctions commerciales et marketing.\",\"breadcrumb\":{\"@id\":\"https:\/\/impactup.com\/en\/glossaire\/specialiste-fonctions-commerciales\/#breadcrumb\"},\"inLanguage\":\"en-US\",\"potentialAction\":[{\"@type\":\"ReadAction\",\"target\":[\"https:\/\/impactup.com\/en\/glossaire\/specialiste-fonctions-commerciales\/\"]}]},{\"@type\":\"BreadcrumbList\",\"@id\":\"https:\/\/impactup.com\/en\/glossaire\/specialiste-fonctions-commerciales\/#breadcrumb\",\"itemListElement\":[{\"@type\":\"ListItem\",\"position\":1,\"name\":\"Accueil\",\"item\":\"https:\/\/impactup.com\/en\/\"},{\"@type\":\"ListItem\",\"position\":2,\"name\":\"Glossaire\",\"item\":\"https:\/\/impactup.com\/en\/glossaire\/\"},{\"@type\":\"ListItem\",\"position\":3,\"name\":\"Cabinet de recrutement sp\u00e9cialiste des fonctions commerciales\"}]},{\"@type\":\"WebSite\",\"@id\":\"https:\/\/impactup.com\/en\/#website\",\"url\":\"https:\/\/impactup.com\/en\/\",\"name\":\"ImpactUp\",\"description\":\"Recrutement commerciaux, directions commerciales et fonctions marketing\",\"potentialAction\":[{\"@type\":\"SearchAction\",\"target\":{\"@type\":\"EntryPoint\",\"urlTemplate\":\"https:\/\/impactup.com\/en\/?s={search_term_string}\"},\"query-input\":{\"@type\":\"PropertyValueSpecification\",\"valueRequired\":true,\"valueName\":\"search_term_string\"}}],\"inLanguage\":\"en-US\"}]}<\/script>\n<!-- \/ Yoast SEO plugin. -->","yoast_head_json":{"title":"Sp\u00e9cialiste fonctions commerciales - Cabinet de recrutement sp\u00e9cialiste des fonctions commerciales","description":"Cabinet de recrutement et de conseil sp\u00e9cialiste des fonctions commerciales et marketing. ImpatcUp est un cabinet de recrutement sp\u00e9cialiste des fonctions commerciales et marketing.","robots":{"index":"index","follow":"follow","max-snippet":"max-snippet:-1","max-image-preview":"max-image-preview:large","max-video-preview":"max-video-preview:-1"},"canonical":"https:\/\/impactup.com\/en\/glossaire\/specialiste-fonctions-commerciales\/","og_locale":"en_US","og_type":"article","og_title":"Sp\u00e9cialiste fonctions commerciales - Cabinet de recrutement sp\u00e9cialiste des fonctions commerciales","og_description":"Cabinet de recrutement et de conseil sp\u00e9cialiste des fonctions commerciales et marketing. ImpatcUp est un cabinet de recrutement sp\u00e9cialiste des fonctions commerciales et marketing.","og_url":"https:\/\/impactup.com\/en\/glossaire\/specialiste-fonctions-commerciales\/","og_site_name":"ImpactUp","article_modified_time":"2024-06-12T14:43:23+00:00","og_image":[{"width":1067,"height":600,"url":"https:\/\/impactup.com\/wp-content\/uploads\/2021\/01\/og.jpg","type":"image\/jpeg"}],"twitter_card":"summary_large_image","twitter_misc":{"Est. reading time":"5 minutes"},"schema":{"@context":"https:\/\/schema.org","@graph":[{"@type":"WebPage","@id":"https:\/\/impactup.com\/en\/glossaire\/specialiste-fonctions-commerciales\/","url":"https:\/\/impactup.com\/en\/glossaire\/specialiste-fonctions-commerciales\/","name":"Sp\u00e9cialiste fonctions commerciales - Cabinet de recrutement sp\u00e9cialiste des fonctions commerciales","isPartOf":{"@id":"https:\/\/impactup.com\/en\/#website"},"datePublished":"2024-06-10T12:08:30+00:00","dateModified":"2024-06-12T14:43:23+00:00","description":"Cabinet de recrutement et de conseil sp\u00e9cialiste des fonctions commerciales et marketing. ImpatcUp est un cabinet de recrutement sp\u00e9cialiste des fonctions commerciales et marketing.","breadcrumb":{"@id":"https:\/\/impactup.com\/en\/glossaire\/specialiste-fonctions-commerciales\/#breadcrumb"},"inLanguage":"en-US","potentialAction":[{"@type":"ReadAction","target":["https:\/\/impactup.com\/en\/glossaire\/specialiste-fonctions-commerciales\/"]}]},{"@type":"BreadcrumbList","@id":"https:\/\/impactup.com\/en\/glossaire\/specialiste-fonctions-commerciales\/#breadcrumb","itemListElement":[{"@type":"ListItem","position":1,"name":"Accueil","item":"https:\/\/impactup.com\/en\/"},{"@type":"ListItem","position":2,"name":"Glossaire","item":"https:\/\/impactup.com\/en\/glossaire\/"},{"@type":"ListItem","position":3,"name":"Cabinet de recrutement sp\u00e9cialiste des fonctions commerciales"}]},{"@type":"WebSite","@id":"https:\/\/impactup.com\/en\/#website","url":"https:\/\/impactup.com\/en\/","name":"ImpactUp","description":"Recrutement commerciaux, directions commerciales et fonctions marketing","potentialAction":[{"@type":"SearchAction","target":{"@type":"EntryPoint","urlTemplate":"https:\/\/impactup.com\/en\/?s={search_term_string}"},"query-input":{"@type":"PropertyValueSpecification","valueRequired":true,"valueName":"search_term_string"}}],"inLanguage":"en-US"}]}},"_links":{"self":[{"href":"https:\/\/impactup.com\/en\/wp-json\/wp\/v2\/pages\/26177","targetHints":{"allow":["GET"]}}],"collection":[{"href":"https:\/\/impactup.com\/en\/wp-json\/wp\/v2\/pages"}],"about":[{"href":"https:\/\/impactup.com\/en\/wp-json\/wp\/v2\/types\/page"}],"author":[{"embeddable":true,"href":"https:\/\/impactup.com\/en\/wp-json\/wp\/v2\/users\/4"}],"replies":[{"embeddable":true,"href":"https:\/\/impactup.com\/en\/wp-json\/wp\/v2\/comments?post=26177"}],"version-history":[{"count":7,"href":"https:\/\/impactup.com\/en\/wp-json\/wp\/v2\/pages\/26177\/revisions"}],"predecessor-version":[{"id":26564,"href":"https:\/\/impactup.com\/en\/wp-json\/wp\/v2\/pages\/26177\/revisions\/26564"}],"up":[{"embeddable":true,"href":"https:\/\/impactup.com\/en\/wp-json\/wp\/v2\/pages\/17218"}],"wp:attachment":[{"href":"https:\/\/impactup.com\/en\/wp-json\/wp\/v2\/media?parent=26177"}],"curies":[{"name":"wp","href":"https:\/\/api.w.org\/{rel}","templated":true}]}}