{"id":26162,"date":"2024-06-10T13:54:54","date_gmt":"2024-06-10T11:54:54","guid":{"rendered":"https:\/\/impactup.niou.dev\/?page_id=26162"},"modified":"2024-06-12T16:34:19","modified_gmt":"2024-06-12T14:34:19","slug":"cabinet-de-recrutement-vendeur-confirme","status":"publish","type":"page","link":"https:\/\/impactup.com\/en\/glossaire\/cabinet-de-recrutement-vendeur-confirme\/","title":{"rendered":"Trouver des vendeurs confirm\u00e9s avec le cabinet de recrutement ImpactUP"},"content":{"rendered":"<div class=\"wpb-content-wrapper\"><p>[vc_row][vc_column width=&#8221;1\/3&#8243;][vc_btn title=&#8221;Voir notre offre&#8221; color=&#8221;secondarycolor&#8221; align=&#8221;center&#8221; css=&#8221;&#8221; link=&#8221;url:https%3A%2F%2Fimpactup.com%2Frecrutement%2F&#8221;][\/vc_column][vc_column width=&#8221;1\/3&#8243;][vc_btn title=&#8221;Confiez-nous votre projet&#8221; color=&#8221;secondarycolor&#8221; align=&#8221;center&#8221; css=&#8221;&#8221; link=&#8221;url:https%3A%2F%2Fimpactup.com%2Fetude-personnalisee%2F&#8221;][\/vc_column][vc_column width=&#8221;1\/3&#8243;][vc_btn title=&#8221;Contactez-nous&#8221; color=&#8221;secondarycolor&#8221; align=&#8221;center&#8221; css=&#8221;&#8221; link=&#8221;url:https%3A%2F%2Fimpactup.com%2Fcontact%2F&#8221;][\/vc_column][\/vc_row][vc_row css=&#8221;.vc_custom_1717658386032{padding-top: 40px !important;padding-bottom: 20px !important;}&#8221;][vc_column][vc_column_text css=&#8221;&#8221;]<\/p>\n<section style=\"text-align: justify;\">\n<h2><strong>Trouver des vendeurs confirm\u00e9s avec le cabinet de recrutement ImpactUP<\/strong><\/h2>\n<p>Les <a href=\"https:\/\/impactup.com\/glossaire\/cabinet-sp%C3%A9cialis%C3%A9-recrutement-commerciaux\"><strong>vendeurs confirm\u00e9s<\/strong><\/a> sont rares, g\u00e9n\u00e9ralement d\u00e9j\u00e0 embauch\u00e9s et la plupart du temps tr\u00e8s difficiles \u00e0 d\u00e9baucher, car les entreprises qui ont eu la chance de tomber sur eux ne veulent surtout pas les l\u00e2cher et font tout pour les garder.<\/p>\n<p><strong>ImpactUP<\/strong>, avec une approche proactive et multicanale, une notori\u00e9t\u00e9 bien assise et des techniques de recrutement \u00e9prouv\u00e9es est le cabinet de recrutement qui saura vous d\u00e9nicher les vendeurs confirm\u00e9s qui n\u2019ont pas encore \u00e9t\u00e9 r\u00e9v\u00e9l\u00e9s.<\/p>\n<\/section>\n<p>[\/vc_column_text][\/vc_column][\/vc_row][vc_row][vc_column width=&#8221;1\/3&#8243;][vc_btn title=&#8221;Voir notre offre&#8221; color=&#8221;secondarycolor&#8221; align=&#8221;center&#8221; css=&#8221;&#8221; link=&#8221;url:https%3A%2F%2Fimpactup.com%2Frecrutement%2F&#8221;][\/vc_column][vc_column width=&#8221;1\/3&#8243;][vc_btn title=&#8221;Confiez-nous votre projet&#8221; color=&#8221;secondarycolor&#8221; align=&#8221;center&#8221; css=&#8221;&#8221; link=&#8221;url:https%3A%2F%2Fimpactup.com%2Fetude-personnalisee%2F&#8221;][\/vc_column][vc_column width=&#8221;1\/3&#8243;][vc_btn title=&#8221;Contactez-nous&#8221; color=&#8221;secondarycolor&#8221; align=&#8221;center&#8221; css=&#8221;&#8221; link=&#8221;url:https%3A%2F%2Fimpactup.com%2Fcontact%2F&#8221;][\/vc_column][\/vc_row][vc_row css=&#8221;.vc_custom_1717658445522{padding-top: 40px !important;}&#8221;][vc_column][vc_column_text css=&#8221;&#8221;]<\/p>\n<section style=\"text-align: justify;\">\n<h2><strong>En quoi consiste le m\u00e9tier de vendeur\u00a0?<\/strong><\/h2>\n<p>Un m\u00e9tier vieux comme le monde, \u00eatre un vendeur consiste \u00e0 \u00e9changer un bien de consommation ou un service marchand contre de l\u2019argent. Il peut exercer ses activit\u00e9s de vente pour son propre compte ou bien pour le compte d\u2019une entreprise. Pour la 2<sup>e<\/sup> option, ses missions d\u00e9pendront en partie du secteur commercial, du type et de la taille de son magasin (boutique, hypermarch\u00e9, grande distribution\u2026). Il peut \u00eatre amen\u00e9 \u00e0 pr\u00e9senter tous les produits et s\u2019assurer qu\u2019ils sont disponibles sur les rayons, accueillir et conseiller la client\u00e8le, dresser l\u2019inventaire des stocks et leur r\u00e9approvisionnement, etc.<\/p>\n<p>En principe, ce m\u00e9tier ne n\u00e9cessite pas de longues \u00e9tudes et un dipl\u00f4me tr\u00e8s \u00e9lev\u00e9. Toutefois, il existe des qualit\u00e9s qui sont indispensables aux vendeurs\u00a0: une connaissance parfaite des produits mis en vente, la courtoisie, le sourire, la tenue, la capacit\u00e9 de n\u00e9gociation, une bonne condition physique, le sens de l\u2019observation et de l\u2019analyse\u2026<\/p>\n<p>Bref, cette profession exige \u00e0 la fois de la technique et des capacit\u00e9s personnelles \u00e0 attirer la client\u00e8le. Compte tenu de ces nombreux crit\u00e8res, la recherche et le choix d\u2019un <strong>vendeur confirm\u00e9<\/strong> ne peuvent donc se faire sans l\u2019intervention d\u2019un <strong>c<\/strong><strong>abinet de recrutement<\/strong>. En effet, une agence sp\u00e9cialis\u00e9e dispose de consultants issus du m\u00e9tier concern\u00e9, et qui poss\u00e8dent donc des connaissances avanc\u00e9es sur les exigences et les enjeux du poste. Ils ont \u00e9galement une bonne connaissance du march\u00e9 en g\u00e9n\u00e9ral, et peuvent identifier les candidats capables d\u2019\u00eatre r\u00e9ellement performants dans le secteur de l\u2019entreprise qui recrute. Le <strong>cabinet de recrutement<\/strong> ImpactUp, vous propose un <strong>vendeur confirm\u00e9\u00a0<\/strong>; il vous garantit un candidat comp\u00e9tent avec un profil correspondant exactement \u00e0 vos besoins et aux exigences du poste \u00e0 pourvoir. En effet, il s\u2019agit d\u2019une structure sp\u00e9cialis\u00e9e dans le recrutement de talents de haut niveau pour diff\u00e9rents postes : responsable de promotion des ventes, responsable webmarketing, category manager, marchandiseur(euse), ing\u00e9nieur commercial, d\u00e9l\u00e9gu\u00e9 commercial, charg\u00e9(e) de marketing direct ainsi que toutes les fonctions-cl\u00e9s de l\u2019entreprise\u00a0: directeur(trice) de marque, directeur(trice) de magasin, directeur(trice) de la relation client, sales administrator, key account manager, etc.<\/p>\n<h2><strong>Cabinet de recrutement de vendeur confirm\u00e9, faire appel \u00e0 ImpactUP<\/strong><\/h2>\n<p>L\u2019optimisation des forces de ventes est de nos jours une n\u00e9cessit\u00e9 pour les entreprises qui souhaitent d\u2019une part am\u00e9liorer leur sant\u00e9 financi\u00e8re et d\u2019autre part \u00eatre comp\u00e9titives sur le march\u00e9. Or, sans l\u2019accompagnement d\u2019un <a href=\"https:\/\/impactup.com\/glossaire\/cabinet-de-recrutement-vendeur\"><strong>cabinet de recrutement<\/strong> <strong>sp\u00e9cialis\u00e9, trouver un<\/strong> <strong>vendeur confirm\u00e9<\/strong><\/a> pour vous aider \u00e0 atteindre vos objectifs de vente et de performances ne sera pas un travail de tout repos. En effet, la p\u00e9nurie de professionnels experts se fait grandement sentir dans le secteur commercial.<\/p>\n<p>Acteur reconnu dans le domaine commercial et marketing, ImpactUP vous propose un service optimal et une solution taill\u00e9e \u00e0 vos besoins. Nous adaptons notre strat\u00e9gie de recrutement selon vos crit\u00e8res de recherche afin de s\u2019assurer que le candidat retenu convient parfaitement au poste. Notre atout r\u00e9side dans notre approche bas\u00e9e sur le pragmatisme et la proximit\u00e9 avec nos clients et nos partenaires ainsi que notre culture du r\u00e9sultat, qui nous pousse \u00e0 rechercher uniquement les candidats qui puissent vous aider \u00e0 accro\u00eetre vos parts de march\u00e9. Chaque recrutement devrait \u00eatre pour l\u2019entreprise un investissement rentable, tout en repr\u00e9sentant une opportunit\u00e9 d\u2019\u00e9panouissement pour le nouveau collaborateur.<\/p>\n<p>ImpactUP a d\u00e9velopp\u00e9 une offre de services compl\u00e8te pour satisfaire \u00e0 toutes les attentes des chefs d\u2019entreprises en mati\u00e8re de ressources humaines :<\/p>\n<ul>\n<li>un service en ligne SaaS d\u2019\u00e9valuation qui donne l\u2019opportunit\u00e9 d\u2019estimer les comp\u00e9tences dans une langue \u00e9trang\u00e8re et ainsi de d\u00e9velopper ses capacit\u00e9s linguistiques propos\u00e9 en collaboration avec Pipplet ;<\/li>\n<li>une plateforme d\u2019\u00e9valuation qui repose sur 4 familles d\u2019outils : TalentRelation\u00ae, TalentBusiness\u00ae, TalentAttitude\u00ae et TalentInitial\u00ae.<\/li>\n<\/ul>\n<h2><strong>Les avantages du recours \u00e0 une agence experte<\/strong><\/h2>\n<p>En faisant appel \u00e0 nos services, vous vous d\u00e9lestez de cette t\u00e2che fastidieuse tout en vous recentrant sur votre c\u0153ur de m\u00e9tier. Il faut savoir en effet que mobiliser l\u2019ensemble de votre personnel dans vos campagnes de recrutement est synonyme de perte de temps et d\u2019argent. En choisissant d\u2019externaliser, vos collaborateurs pourront se concentrer sur des t\u00e2ches plus valorisantes, alors que vous b\u00e9n\u00e9ficierez d\u2019une prise en charge par une \u00e9quipe qualifi\u00e9e et exp\u00e9riment\u00e9e. Nous sommes le partenaire privil\u00e9gi\u00e9 de nombreux groupes et situ\u00e9s dans diff\u00e9rents pays, convaincus par notre professionnalisme. Profitez \u00e9galement des prestations de qualit\u00e9 gr\u00e2ce \u00e0 notre r\u00e9seau de professionnels dans les grandes villes de France. Vous pouvez nous solliciter dans nos bureaux \u00e0 Paris, Bordeaux, Nantes, Toulouse, La Rochelle, Lyon et Lille. Nous collaborons \u00e9galement avec notre confr\u00e8re allemand Market Mission, ce qui nous donne la possibilit\u00e9 de trouver des candidats de valeur en Allemagne, en Autriche et en Suisse. C\u2019est particuli\u00e8rement int\u00e9ressant pour les entreprises qui font appel \u00e0 un <a href=\"https:\/\/impactup.com\/glossaire\/recrutement-commercial\"><strong>cabinet de recrutement pour chercher un vendeur confirm\u00e9<\/strong><\/a> dans ces pays d\u2019Europe.<\/p>\n<h2><strong>\u00c9galement chasseur de t\u00eate<\/strong><\/h2>\n<p>Nos consultants recruteurs ma\u00eetrisent les ficelles de leurs m\u00e9tiers. Mais ils peuvent aussi se transformer en chasseurs de t\u00eates redoutables en cas de besoin. Chez ImpactUP, vous profiterez de l\u2019expertise de recruteurs exp\u00e9riment\u00e9s et disposant d\u2019un carnet d\u2019adresses bien fourni.<\/p>\n<p>Nous disposons en effet de plusieurs consultants issus des fonctions commerciales et de marketing. Ces professionnels chevronn\u00e9s sont charg\u00e9s de mettre en \u0153uvre une m\u00e9thodologie pr\u00e9cise qui permet de d\u00e9tecter les candidatures les plus probantes. Outre les \u00e9valuations portant sur les capacit\u00e9s techniques des candidats, nous proc\u00e9dons \u00e0 diff\u00e9rents tests afin de d\u00e9terminer les postulants dont la personnalit\u00e9 pr\u00e9sente une plus grande affinit\u00e9 avec le poste \u00e0 pourvoir.<\/p>\n<h2><strong>Des services aux entreprises complets<\/strong><\/h2>\n<p>En outre, leur exp\u00e9rience du terrain leur permet d\u2019identifier les profils qui pr\u00e9sentent un potentiel \u00e9lev\u00e9. Nous intervenons aussi bien pour des besoins r\u00e9currents que ponctuels. Nous accompagnons le candidat dans son int\u00e9gration au sein de votre entreprise, afin d\u2019assurer une collaboration p\u00e9renne et productive. Le coaching des nouvelles recrues est un autre des domaines de comp\u00e9tences d\u2019<a href=\"https:\/\/impactup.com\"><strong>ImpactUP<\/strong><\/a> dans ce moment important de leur parcours professionnel. Notre agence est \u00e9galement sp\u00e9cialis\u00e9e dans le conseil et le d\u00e9veloppement commercial au niveau des PME et des grands comptes.<\/p>\n<p>Remettez-vous donc \u00e0 l\u2019exp\u00e9rience et au savoir-faire d\u2019un <strong>cabinet de recrutement tel qu\u2019ImpactUP pour trouver le vendeur confirm\u00e9 <\/strong>id\u00e9al.<\/p>\n<h2><strong>Des formations sur mesure<\/strong><\/h2>\n<p>Souhaitant aider et accompagner au mieux les entreprises fran\u00e7aises dans leur d\u00e9veloppement en toute autonomie en partageant notre savoir-faire et notre expertise, outre l\u2019activit\u00e9 de <strong>cabinet de recrutement<\/strong> sp\u00e9cialis\u00e9 en <strong>vendeur<\/strong>s <strong>confirm\u00e9<\/strong>s et postes commerciaux et marketing qualifi\u00e9s et le conseil en d\u00e9veloppement commercial, nous proposons aussi des formations portant sur le recrutement, le style comportemental et le management.<\/p>\n<p>La formation sur le recrutement a pour but d\u2019apporter toutes les connaissances n\u00e9cessaires \u00e0 votre \u00e9quipe RH pour la mise en place et le pilotage d\u2019un process de recrutement en accord avec les besoins de l\u2019entreprise et son image.<\/p>\n<p>La formation sur le style comportemental a pour but d\u2019am\u00e9liorer le comportement des \u00e9quipes en les familiarisant avec les techniques d\u2019analyse du comportement afin qu\u2019ils apprennent \u00e0 mieux travailler en synergie, \u00e0 mieux r\u00e9ussir dans les ventes et\/ou \u00e0 mieux manager.<\/p>\n<p>Et la formation sur le management a pour but d\u2019apprendre les derni\u00e8res techniques de management les plus humaines pour les futurs managers et\/ou am\u00e9liorer les techniques de management des managers d\u00e9j\u00e0 en poste qui auraient besoin d\u2019\u00eatre boost\u00e9s de nouveau.<\/p>\n<p>Ces trois formations sont modulables et peuvent donc \u00eatre adapt\u00e9es sur mesure en fonction des besoins et des attentes de l\u2019entreprise et des candidats.<\/p>\n<p>Vous pouvez aussi nous contacter directement sur le site pour vos demandes sp\u00e9cifiques.<\/p>\n<\/section>\n<p>[\/vc_column_text][\/vc_column][\/vc_row]<\/p>\n<\/div>","protected":false},"excerpt":{"rendered":"<p>[vc_row][vc_column width=&#8221;1\/3&#8243;][vc_btn title=&#8221;Voir notre offre&#8221; color=&#8221;secondarycolor&#8221; align=&#8221;center&#8221; css=&#8221;&#8221; link=&#8221;url:https%3A%2F%2Fimpactup.com%2Frecrutement%2F&#8221;][\/vc_column][vc_column width=&#8221;1\/3&#8243;][vc_btn title=&#8221;Confiez-nous votre projet&#8221; color=&#8221;secondarycolor&#8221; align=&#8221;center&#8221; css=&#8221;&#8221; link=&#8221;url:https%3A%2F%2Fimpactup.com%2Fetude-personnalisee%2F&#8221;][\/vc_column][vc_column width=&#8221;1\/3&#8243;][vc_btn title=&#8221;Contactez-nous&#8221; color=&#8221;secondarycolor&#8221; align=&#8221;center&#8221; css=&#8221;&#8221; link=&#8221;url:https%3A%2F%2Fimpactup.com%2Fcontact%2F&#8221;][\/vc_column][\/vc_row][vc_row css=&#8221;.vc_custom_1717658386032{padding-top: 40px !important;padding-bottom: 20px !important;}&#8221;][vc_column][vc_column_text css=&#8221;&#8221;] Trouver des vendeurs confirm\u00e9s avec le cabinet de recrutement ImpactUP Les vendeurs confirm\u00e9s sont rares, g\u00e9n\u00e9ralement d\u00e9j\u00e0 embauch\u00e9s et la plupart du temps tr\u00e8s difficiles \u00e0 [&hellip;]<\/p>\n","protected":false},"author":4,"featured_media":0,"parent":17218,"menu_order":0,"comment_status":"closed","ping_status":"closed","template":"","meta":{"_monsterinsights_skip_tracking":false,"_monsterinsights_sitenote_active":false,"_monsterinsights_sitenote_note":"","_monsterinsights_sitenote_category":0,"footnotes":""},"class_list":["post-26162","page","type-page","status-publish","hentry"],"yoast_head":"<!-- This site is optimized with the Yoast SEO plugin v27.0 - https:\/\/yoast.com\/product\/yoast-seo-wordpress\/ -->\n<title>Cabinet de recrutement vendeur confirm\u00e9 - Prestation personnalis\u00e9e de recrutement de vendeur confirm\u00e9 avec le cabinet ImpactUp<\/title>\n<meta name=\"description\" content=\"Vous cherchez vendeur confirm\u00e9 ? ImpactUP est le cabinet de recrutement sp\u00e9cialis\u00e9 qu\u2019il vous faut. Garantir le recrutement de vendeurs confirm\u00e9s avec le cabinet ImpactUP.\" \/>\n<meta name=\"robots\" content=\"index, follow, max-snippet:-1, max-image-preview:large, max-video-preview:-1\" \/>\n<link rel=\"canonical\" href=\"https:\/\/impactup.com\/en\/glossaire\/cabinet-de-recrutement-vendeur-confirme\/\" \/>\n<meta property=\"og:locale\" content=\"en_US\" \/>\n<meta property=\"og:type\" content=\"article\" \/>\n<meta property=\"og:title\" content=\"Cabinet de recrutement vendeur confirm\u00e9 - Prestation personnalis\u00e9e de recrutement de vendeur confirm\u00e9 avec le cabinet ImpactUp\" \/>\n<meta property=\"og:description\" content=\"Vous cherchez vendeur confirm\u00e9 ? ImpactUP est le cabinet de recrutement sp\u00e9cialis\u00e9 qu\u2019il vous faut. Garantir le recrutement de vendeurs confirm\u00e9s avec le cabinet ImpactUP.\" \/>\n<meta property=\"og:url\" content=\"https:\/\/impactup.com\/en\/glossaire\/cabinet-de-recrutement-vendeur-confirme\/\" \/>\n<meta property=\"og:site_name\" content=\"ImpactUp\" \/>\n<meta property=\"article:modified_time\" content=\"2024-06-12T14:34:19+00:00\" \/>\n<meta property=\"og:image\" content=\"https:\/\/impactup.com\/wp-content\/uploads\/2021\/01\/og.jpg\" \/>\n\t<meta property=\"og:image:width\" content=\"1067\" \/>\n\t<meta property=\"og:image:height\" content=\"600\" \/>\n\t<meta property=\"og:image:type\" content=\"image\/jpeg\" \/>\n<meta name=\"twitter:card\" content=\"summary_large_image\" \/>\n<meta name=\"twitter:label1\" content=\"Est. reading time\" \/>\n\t<meta name=\"twitter:data1\" content=\"8 minutes\" \/>\n<script type=\"application\/ld+json\" class=\"yoast-schema-graph\">{\"@context\":\"https:\/\/schema.org\",\"@graph\":[{\"@type\":\"WebPage\",\"@id\":\"https:\/\/impactup.com\/en\/glossaire\/cabinet-de-recrutement-vendeur-confirme\/\",\"url\":\"https:\/\/impactup.com\/en\/glossaire\/cabinet-de-recrutement-vendeur-confirme\/\",\"name\":\"Cabinet de recrutement vendeur confirm\u00e9 - Prestation personnalis\u00e9e de recrutement de vendeur confirm\u00e9 avec le cabinet ImpactUp\",\"isPartOf\":{\"@id\":\"https:\/\/impactup.com\/en\/#website\"},\"datePublished\":\"2024-06-10T11:54:54+00:00\",\"dateModified\":\"2024-06-12T14:34:19+00:00\",\"description\":\"Vous cherchez vendeur confirm\u00e9 ? ImpactUP est le cabinet de recrutement sp\u00e9cialis\u00e9 qu\u2019il vous faut. Garantir le recrutement de vendeurs confirm\u00e9s avec le cabinet ImpactUP.\",\"breadcrumb\":{\"@id\":\"https:\/\/impactup.com\/en\/glossaire\/cabinet-de-recrutement-vendeur-confirme\/#breadcrumb\"},\"inLanguage\":\"en-US\",\"potentialAction\":[{\"@type\":\"ReadAction\",\"target\":[\"https:\/\/impactup.com\/en\/glossaire\/cabinet-de-recrutement-vendeur-confirme\/\"]}]},{\"@type\":\"BreadcrumbList\",\"@id\":\"https:\/\/impactup.com\/en\/glossaire\/cabinet-de-recrutement-vendeur-confirme\/#breadcrumb\",\"itemListElement\":[{\"@type\":\"ListItem\",\"position\":1,\"name\":\"Accueil\",\"item\":\"https:\/\/impactup.com\/en\/\"},{\"@type\":\"ListItem\",\"position\":2,\"name\":\"Glossaire\",\"item\":\"https:\/\/impactup.com\/en\/glossaire\/\"},{\"@type\":\"ListItem\",\"position\":3,\"name\":\"Trouver des vendeurs confirm\u00e9s avec le cabinet de recrutement ImpactUP\"}]},{\"@type\":\"WebSite\",\"@id\":\"https:\/\/impactup.com\/en\/#website\",\"url\":\"https:\/\/impactup.com\/en\/\",\"name\":\"ImpactUp\",\"description\":\"Recrutement commerciaux, directions commerciales et fonctions marketing\",\"potentialAction\":[{\"@type\":\"SearchAction\",\"target\":{\"@type\":\"EntryPoint\",\"urlTemplate\":\"https:\/\/impactup.com\/en\/?s={search_term_string}\"},\"query-input\":{\"@type\":\"PropertyValueSpecification\",\"valueRequired\":true,\"valueName\":\"search_term_string\"}}],\"inLanguage\":\"en-US\"}]}<\/script>\n<!-- \/ Yoast SEO plugin. -->","yoast_head_json":{"title":"Cabinet de recrutement vendeur confirm\u00e9 - Prestation personnalis\u00e9e de recrutement de vendeur confirm\u00e9 avec le cabinet ImpactUp","description":"Vous cherchez vendeur confirm\u00e9 ? ImpactUP est le cabinet de recrutement sp\u00e9cialis\u00e9 qu\u2019il vous faut. Garantir le recrutement de vendeurs confirm\u00e9s avec le cabinet ImpactUP.","robots":{"index":"index","follow":"follow","max-snippet":"max-snippet:-1","max-image-preview":"max-image-preview:large","max-video-preview":"max-video-preview:-1"},"canonical":"https:\/\/impactup.com\/en\/glossaire\/cabinet-de-recrutement-vendeur-confirme\/","og_locale":"en_US","og_type":"article","og_title":"Cabinet de recrutement vendeur confirm\u00e9 - Prestation personnalis\u00e9e de recrutement de vendeur confirm\u00e9 avec le cabinet ImpactUp","og_description":"Vous cherchez vendeur confirm\u00e9 ? ImpactUP est le cabinet de recrutement sp\u00e9cialis\u00e9 qu\u2019il vous faut. Garantir le recrutement de vendeurs confirm\u00e9s avec le cabinet ImpactUP.","og_url":"https:\/\/impactup.com\/en\/glossaire\/cabinet-de-recrutement-vendeur-confirme\/","og_site_name":"ImpactUp","article_modified_time":"2024-06-12T14:34:19+00:00","og_image":[{"width":1067,"height":600,"url":"https:\/\/impactup.com\/wp-content\/uploads\/2021\/01\/og.jpg","type":"image\/jpeg"}],"twitter_card":"summary_large_image","twitter_misc":{"Est. reading time":"8 minutes"},"schema":{"@context":"https:\/\/schema.org","@graph":[{"@type":"WebPage","@id":"https:\/\/impactup.com\/en\/glossaire\/cabinet-de-recrutement-vendeur-confirme\/","url":"https:\/\/impactup.com\/en\/glossaire\/cabinet-de-recrutement-vendeur-confirme\/","name":"Cabinet de recrutement vendeur confirm\u00e9 - Prestation personnalis\u00e9e de recrutement de vendeur confirm\u00e9 avec le cabinet ImpactUp","isPartOf":{"@id":"https:\/\/impactup.com\/en\/#website"},"datePublished":"2024-06-10T11:54:54+00:00","dateModified":"2024-06-12T14:34:19+00:00","description":"Vous cherchez vendeur confirm\u00e9 ? ImpactUP est le cabinet de recrutement sp\u00e9cialis\u00e9 qu\u2019il vous faut. Garantir le recrutement de vendeurs confirm\u00e9s avec le cabinet ImpactUP.","breadcrumb":{"@id":"https:\/\/impactup.com\/en\/glossaire\/cabinet-de-recrutement-vendeur-confirme\/#breadcrumb"},"inLanguage":"en-US","potentialAction":[{"@type":"ReadAction","target":["https:\/\/impactup.com\/en\/glossaire\/cabinet-de-recrutement-vendeur-confirme\/"]}]},{"@type":"BreadcrumbList","@id":"https:\/\/impactup.com\/en\/glossaire\/cabinet-de-recrutement-vendeur-confirme\/#breadcrumb","itemListElement":[{"@type":"ListItem","position":1,"name":"Accueil","item":"https:\/\/impactup.com\/en\/"},{"@type":"ListItem","position":2,"name":"Glossaire","item":"https:\/\/impactup.com\/en\/glossaire\/"},{"@type":"ListItem","position":3,"name":"Trouver des vendeurs confirm\u00e9s avec le cabinet de recrutement ImpactUP"}]},{"@type":"WebSite","@id":"https:\/\/impactup.com\/en\/#website","url":"https:\/\/impactup.com\/en\/","name":"ImpactUp","description":"Recrutement commerciaux, directions commerciales et fonctions marketing","potentialAction":[{"@type":"SearchAction","target":{"@type":"EntryPoint","urlTemplate":"https:\/\/impactup.com\/en\/?s={search_term_string}"},"query-input":{"@type":"PropertyValueSpecification","valueRequired":true,"valueName":"search_term_string"}}],"inLanguage":"en-US"}]}},"_links":{"self":[{"href":"https:\/\/impactup.com\/en\/wp-json\/wp\/v2\/pages\/26162","targetHints":{"allow":["GET"]}}],"collection":[{"href":"https:\/\/impactup.com\/en\/wp-json\/wp\/v2\/pages"}],"about":[{"href":"https:\/\/impactup.com\/en\/wp-json\/wp\/v2\/types\/page"}],"author":[{"embeddable":true,"href":"https:\/\/impactup.com\/en\/wp-json\/wp\/v2\/users\/4"}],"replies":[{"embeddable":true,"href":"https:\/\/impactup.com\/en\/wp-json\/wp\/v2\/comments?post=26162"}],"version-history":[{"count":5,"href":"https:\/\/impactup.com\/en\/wp-json\/wp\/v2\/pages\/26162\/revisions"}],"predecessor-version":[{"id":26555,"href":"https:\/\/impactup.com\/en\/wp-json\/wp\/v2\/pages\/26162\/revisions\/26555"}],"up":[{"embeddable":true,"href":"https:\/\/impactup.com\/en\/wp-json\/wp\/v2\/pages\/17218"}],"wp:attachment":[{"href":"https:\/\/impactup.com\/en\/wp-json\/wp\/v2\/media?parent=26162"}],"curies":[{"name":"wp","href":"https:\/\/api.w.org\/{rel}","templated":true}]}}