{"id":26157,"date":"2024-06-10T13:45:04","date_gmt":"2024-06-10T11:45:04","guid":{"rendered":"https:\/\/impactup.niou.dev\/?page_id=26157"},"modified":"2024-06-12T16:33:55","modified_gmt":"2024-06-12T14:33:55","slug":"cabinet-de-recrutement-vendeur","status":"publish","type":"page","link":"https:\/\/impactup.com\/en\/glossaire\/cabinet-de-recrutement-vendeur\/","title":{"rendered":"Pour le recrutement de vendeurs, le cabinet ImpactUp propose son expertise"},"content":{"rendered":"<div class=\"wpb-content-wrapper\"><p>[vc_row][vc_column width=&#8221;1\/3&#8243;][vc_btn title=&#8221;Voir notre offre&#8221; color=&#8221;secondarycolor&#8221; align=&#8221;center&#8221; css=&#8221;&#8221; link=&#8221;url:https%3A%2F%2Fimpactup.com%2Frecrutement%2F&#8221;][\/vc_column][vc_column width=&#8221;1\/3&#8243;][vc_btn title=&#8221;Confiez-nous votre projet&#8221; color=&#8221;secondarycolor&#8221; align=&#8221;center&#8221; css=&#8221;&#8221; link=&#8221;url:https%3A%2F%2Fimpactup.com%2Fetude-personnalisee%2F&#8221;][\/vc_column][vc_column width=&#8221;1\/3&#8243;][vc_btn title=&#8221;Contactez-nous&#8221; color=&#8221;secondarycolor&#8221; align=&#8221;center&#8221; css=&#8221;&#8221; link=&#8221;url:https%3A%2F%2Fimpactup.com%2Fcontact%2F&#8221;][\/vc_column][\/vc_row][vc_row css=&#8221;.vc_custom_1717658386032{padding-top: 40px !important;padding-bottom: 20px !important;}&#8221;][vc_column][vc_column_text css=&#8221;&#8221;]<\/p>\n<section style=\"text-align: justify;\">\n<h2><strong>Pour le recrutement de vendeurs, le cabinet ImpactUp propose son expertise<\/strong><\/h2>\n<p>Il existe beaucoup de vendeurs sur le march\u00e9 du travail, mais il n\u2019est pas facile de trouver le bon vendeur, d\u2019autant plus que cela d\u00e9pend plus de la personnalit\u00e9 que de l\u2019exp\u00e9rience ou la formation.<\/p>\n<p><strong>ImpactUp<\/strong>, avec des consultants experts ayant d\u00e9j\u00e0 exerc\u00e9 en tant que vendeurs et\/ou responsables des ventes, est le <a href=\"https:\/\/impactup.com\/glossaire\/cabinet-sp%C3%A9cialis%C3%A9-recrutement-commerciaux\"><strong>cabinet de recrutement privil\u00e9gi\u00e9 pour le recrutement des vendeurs<\/strong><\/a> qui sauront faire exploser vos ventes.<\/p>\n<\/section>\n<p>[\/vc_column_text][\/vc_column][\/vc_row][vc_row][vc_column width=&#8221;1\/3&#8243;][vc_btn title=&#8221;Voir notre offre&#8221; color=&#8221;secondarycolor&#8221; align=&#8221;center&#8221; css=&#8221;&#8221; link=&#8221;url:https%3A%2F%2Fimpactup.com%2Frecrutement%2F&#8221;][\/vc_column][vc_column width=&#8221;1\/3&#8243;][vc_btn title=&#8221;Confiez-nous votre projet&#8221; color=&#8221;secondarycolor&#8221; align=&#8221;center&#8221; css=&#8221;&#8221; link=&#8221;url:https%3A%2F%2Fimpactup.com%2Fetude-personnalisee%2F&#8221;][\/vc_column][vc_column width=&#8221;1\/3&#8243;][vc_btn title=&#8221;Contactez-nous&#8221; color=&#8221;secondarycolor&#8221; align=&#8221;center&#8221; css=&#8221;&#8221; link=&#8221;url:https%3A%2F%2Fimpactup.com%2Fcontact%2F&#8221;][\/vc_column][\/vc_row][vc_row css=&#8221;.vc_custom_1717658445522{padding-top: 40px !important;}&#8221;][vc_column][vc_column_text css=&#8221;&#8221;]<\/p>\n<section style=\"text-align: justify;\">\n<h2><strong>Les avantages du recours \u00e0 une agence de recrutement<\/strong><\/h2>\n<p>Une entreprise \u00e9voluant dans le domaine du commerce et marketing consacre la majeure partie de ses activit\u00e9s \u00e0 la promotion et la vente de produits et services. Pour ce faire, elle s\u2019appuie activement sur les comp\u00e9tences de ses salari\u00e9s. Il est donc \u00e9vident que la recherche d\u2019un candidat pour un poste de commercial peut \u00eatre complexe et ardue compte tenu de l\u2019importance des missions \u00e0 entreprendre et des exigences de chaque soci\u00e9t\u00e9, d\u2019o\u00f9 l\u2019int\u00e9r\u00eat de recourir \u00e0 un professionnel de l\u2019embauche de profils commerciaux. Par ailleurs, si de nos jours, peu d\u2019entreprises (toutes tailles confondues) r\u00e9alisent le recrutement de leurs collaborateurs par leurs propres moyens, c\u2019est surtout parce que l\u2019externalisation de cette t\u00e2che aupr\u00e8s d\u2019une agence sp\u00e9cialis\u00e9e offre plus d\u2019avantages et plus de chances de d\u00e9nicher des candidats de valeur.<\/p>\n<p>En effet, recourir aux services d\u2019un <a href=\"https:\/\/impactup.com\/glossaire\/cabinet-de-recrutement-vendeur-confirm%C3%A9\"><strong>cabinet de recrutement<\/strong> <strong>pour trouver un<\/strong> <strong>vendeur<\/strong><\/a> permet de faire des \u00e9conomies de temps et d\u2019argent. L\u2019organisation et la gestion d\u2019une campagne de recrutement sont en effet aussi chronophages que fastidieuses et n\u00e9cessite des comp\u00e9tences particuli\u00e8res, notamment pour trier les dossiers de candidature et pour faire passer les entretiens. De plus, en cas d\u2019\u00e9chec des m\u00e9thodes de recrutement classiques, certaines agences n\u2019h\u00e9sitent pas \u00e0 appliquer la m\u00e9thode dite \u00ab\u00a0par approche directe\u00a0\u00bb, celle utilis\u00e9e par les chasseurs de t\u00eate. Miser sur un cabinet de ce type multipliera les possibilit\u00e9s de trouver des personnes taill\u00e9es pour les postes \u00e0 pourvoir.<\/p>\n<h2><strong>Le choix du vendeur\u00a0: une op\u00e9ration d\u00e9licate<\/strong><\/h2>\n<p>Faire appel \u00e0 un <strong>cabinet de recrutement<\/strong> <strong>pour embaucher un<\/strong> <strong>vendeur<\/strong> est pr\u00e9f\u00e9rable compte tenu des enjeux de l\u2019efficacit\u00e9 et du savoir-faire de celui qui occupera le poste. En effet, ses missions et les comp\u00e9tences qui lui seront demand\u00e9es seront fonction de la sp\u00e9cialit\u00e9 de l\u2019entreprise et des particularit\u00e9s de produits qu\u2019elle propose. D\u2019autre part, il faut \u00e9galement tenir compte de la pr\u00e9sentation et des qualit\u00e9s personnelles des candidats.<\/p>\n<p>Un bon vendeur est une personne qui dispose de plusieurs cordes \u00e0 son arc. Il doit avant tout avoir une bonne connaissance du domaine d\u2019activit\u00e9 de son employeur et des produits de l&#8217;entreprise. Ensuite, il doit disposer de certaines qualit\u00e9s humaines qui lui permettront de mener \u00e0 bien sa mission \u00e0 savoir une excellente expression orale et un physique avenant, du charisme, mais \u00e9galement une bonne capacit\u00e9 de n\u00e9gociation. Tous ces \u00e9l\u00e9ments seront pris en compte par le <strong>cabinet de recrutement<\/strong> <strong>lors de la s\u00e9lection des<\/strong> <strong>vendeurs<\/strong> qui viendront postuler \u00e0 l\u2019agence.<\/p>\n<p>De plus, un cabinet de recrutement reste un gage d\u2019efficience pour tous les dirigeants en qu\u00eate de performance. Certaines agences de recrutement, comme la n\u00f4tre peuvent aussi accompagner leur client dans la d\u00e9finition d\u2019une strat\u00e9gie sur le moyen terme.<\/p>\n<p>ImpactUP dispose d\u2019une offre de services compl\u00e8te pour r\u00e9pondre \u00e0 tous les enjeux des chefs d\u2019entreprises en mati\u00e8re de ressources humaines :<\/p>\n<ul>\n<li>une plateforme d\u2019\u00e9valuation qui comporte 4 types d\u2019outils : TalentRelation\u00ae, TalentBusiness\u00ae, TalentAttitude\u00ae et TalentInitial\u00ae ;<\/li>\n<li>un service en ligne SaaS d\u2019\u00e9valuation qui permet de valider les comp\u00e9tences dans une langue \u00e9trang\u00e8re propos\u00e9 en collaboration avec Pipplet.<\/li>\n<\/ul>\n<h2><strong>ImpactUP, le sp\u00e9cialiste du recrutement de cadres et de commerciaux<\/strong><\/h2>\n<p>Rechercher un <a href=\"https:\/\/impactup.com\/glossaire\/recrutement-commercial\"><strong>vendeur via le cabinet de recrutement<\/strong> <\/a>ImpactUP vous garantit d&#8217;embaucher la personne id\u00e9ale pour ce poste. Notre agence est sp\u00e9cialis\u00e9e dans le recrutement de cadres commerciaux et des employ\u00e9s destin\u00e9s \u00e0 occuper des postes dans la vente.<\/p>\n<p>Les consultants au sein d\u2019<strong>ImpactUP<\/strong> justifient d\u2019une solide exp\u00e9rience dans le recrutement de talents confirm\u00e9s et d\u2019experts m\u00e9tiers sur des p\u00f4les d\u2019expertise li\u00e9s au marketing et au commerce : responsable de promotion des ventes, d\u00e9l\u00e9gu\u00e9 commercial, responsable webmarketing, ing\u00e9nieur commercial, charg\u00e9(e) de marketing direct, marchandiseur(euse), business developer, et \u00e0 tous les postes strat\u00e9giques de l\u2019entreprise : directeur(trice) commercial(e)digital marketing manager, directeur(trice) de magasin, directeur(trice) de marque, key account manager, etc.<\/p>\n<h2><strong>Une strat\u00e9gie de recrutement bien pens\u00e9e<\/strong><\/h2>\n<p>Chez ImpactUP, nous ne nous contentons pas de lire le CV et la lettre de motivation des candidats. Nous nous servons de ces documents comme base de s\u00e9lection pour trier les meilleurs. Ces derniers passeront ensuite une s\u00e9rie de tests destin\u00e9s \u00e0 d\u00e9terminer si leur personnalit\u00e9 correspond bien au poste qu\u2019il souhaite occuper. De ce fait, nous ne proposons \u00e0 nos clients que des candidats tri\u00e9s sur le volet et qui correspondent au profil requis.<\/p>\n<p>Le processus de s\u00e9lection vise un objectif unique\u00a0: vous aider \u00e0 int\u00e9grer le meilleur profil. Cette culture du r\u00e9sultat nous a pouss\u00e9s \u00e0 choisir des collaborateurs issus du terrain, qui ont occup\u00e9 des postes de top management dans leurs domaines respectifs. Cela signifie que chacun d\u2019eux poss\u00e8de une connaissance avanc\u00e9e du m\u00e9tier en question et du contexte de l\u2019activit\u00e9. Nous proc\u00e9dons au pr\u00e9alable \u00e0 l\u2019analyse de vos besoins\u00a0: objectifs, personnalit\u00e9, exp\u00e9riences, formations ou encore conditions d\u2019embauche afin que le profil choisi soit taill\u00e9 \u00e0 vos attentes. Et si n\u00e9cessaire, notre \u00e9quipe peut effectuer des actions de \u00ab\u2009chasse\u2009\u00bb pour rep\u00e9rer les candidats id\u00e9aux.<\/p>\n<p>Par ailleurs, nous investissons r\u00e9guli\u00e8rement dans de nouveaux outils technologiques afin de toujours innover et \u00eatre plus performants dans le sourcing et le traitement des candidatures. Ces diff\u00e9rents atouts, et bien entendu notre sp\u00e9cialisation dans les fonctions commerciales et marketing, font d\u2019<a href=\"https:\/\/impactup.com\"><strong>ImpactUP<\/strong><\/a> un <strong>cabinet de recrutement<\/strong> <strong>de r\u00e9f\u00e9rence pour trouver un vendeur<\/strong> de talent.<\/p>\n<p>Nous sommes \u00e9galement en train de d\u00e9velopper notre r\u00e9seau europ\u00e9en gr\u00e2ce \u00e0 la collaboration avec des homologues \u00e9trangers, comme Market Mission (Allamagne). Ce partenariat nous permet aujourd\u2019hui de proposer des solutions aux clients internationaux en Suisse, Autriche et bien s\u00fbr en Allemagne. Ce d\u00e9veloppement s\u2019inscrit dans notre d\u00e9marche pour devenir une r\u00e9f\u00e9rence europ\u00e9enne dans le recrutement de professionnels de la vente.<\/p>\n<h2><strong>ImpactUp, cabinet de recrutement et de conseil<\/strong><\/h2>\n<p>Outre notre activit\u00e9 de cabinet de recrutement de vendeurs et de cadres commerciaux et marketing, nous assurons \u00e9galement une activit\u00e9 de consulting en d\u00e9veloppement commercial.<\/p>\n<p>Agissant comme une v\u00e9ritable Direction commerciale le temps de la bonne mise en route de la nouvelle strat\u00e9gie commerciale, notre intervention consiste en\u00a0:<\/p>\n<ul>\n<li>La mise en place d\u2019une strat\u00e9gie commerciale coh\u00e9rente avec l\u2019analyse du potentiel et du SWOT, l\u2019\u00e9laboration d\u2019un business plan et d\u2019un plan d\u2019adressage march\u00e9 et la d\u00e9finition des objectifs cl\u00e9s et des plans d\u2019actions commerciales<\/li>\n<li>L\u2019organisation d\u2019une \u00e9quipe commerciale efficace avec un plan de recrutement, un plan de formation, l\u2019int\u00e9gration des populations commerciales et la recherche de partenaires et\/ou distributeurs<\/li>\n<li>La motivation des \u00e9quipes commerciales avec la cr\u00e9ation de plans de r\u00e9mun\u00e9ration et la mise en place de s\u00e9minaires, d\u2019incentives et\/ou de teambuildings<\/li>\n<li>Le pilotage avec la d\u00e9finition des indicateurs de performances, la mise en place d\u2019outils CRM, l\u2019analyse comportementale et d\u2019efficacit\u00e9 personnelle.<\/li>\n<\/ul>\n<p>Nous pouvons \u00e9galement former vos \u00e9quipes en vous proposant des modules sur mesure portant sur le recrutement, le style comportemental et le management.<\/p>\n<p>Si vous avez des demandes sp\u00e9cifiques, nos conseillers sur le site sont \u00e0 votre disposition en temps r\u00e9el.<\/p>\n<\/section>\n<p>[\/vc_column_text][\/vc_column][\/vc_row]<\/p>\n<\/div>","protected":false},"excerpt":{"rendered":"<p>[vc_row][vc_column width=&#8221;1\/3&#8243;][vc_btn title=&#8221;Voir notre offre&#8221; color=&#8221;secondarycolor&#8221; align=&#8221;center&#8221; css=&#8221;&#8221; link=&#8221;url:https%3A%2F%2Fimpactup.com%2Frecrutement%2F&#8221;][\/vc_column][vc_column width=&#8221;1\/3&#8243;][vc_btn title=&#8221;Confiez-nous votre projet&#8221; color=&#8221;secondarycolor&#8221; align=&#8221;center&#8221; css=&#8221;&#8221; link=&#8221;url:https%3A%2F%2Fimpactup.com%2Fetude-personnalisee%2F&#8221;][\/vc_column][vc_column width=&#8221;1\/3&#8243;][vc_btn title=&#8221;Contactez-nous&#8221; color=&#8221;secondarycolor&#8221; align=&#8221;center&#8221; css=&#8221;&#8221; link=&#8221;url:https%3A%2F%2Fimpactup.com%2Fcontact%2F&#8221;][\/vc_column][\/vc_row][vc_row css=&#8221;.vc_custom_1717658386032{padding-top: 40px !important;padding-bottom: 20px !important;}&#8221;][vc_column][vc_column_text css=&#8221;&#8221;] Pour le recrutement de vendeurs, le cabinet ImpactUp propose son expertise Il existe beaucoup de vendeurs sur le march\u00e9 du travail, mais il n\u2019est pas facile [&hellip;]<\/p>\n","protected":false},"author":4,"featured_media":0,"parent":17218,"menu_order":0,"comment_status":"closed","ping_status":"closed","template":"","meta":{"_monsterinsights_skip_tracking":false,"_monsterinsights_sitenote_active":false,"_monsterinsights_sitenote_note":"","_monsterinsights_sitenote_category":0,"footnotes":""},"class_list":["post-26157","page","type-page","status-publish","hentry"],"yoast_head":"<!-- This site is optimized with the Yoast SEO plugin v27.0 - https:\/\/yoast.com\/product\/yoast-seo-wordpress\/ -->\n<title>Cabinet de recrutement de vendeurs efficaces<\/title>\n<meta name=\"description\" content=\"ImpactUp, le cabinet sp\u00e9cialis\u00e9 dans le recrutement de vendeurs qui garantit le r\u00e9sultat. Des vendeurs sp\u00e9cialis\u00e9s avec le cabinet de recrutement ImpactUp.\" \/>\n<meta name=\"robots\" content=\"index, follow, max-snippet:-1, max-image-preview:large, max-video-preview:-1\" \/>\n<link rel=\"canonical\" href=\"https:\/\/impactup.com\/en\/glossaire\/cabinet-de-recrutement-vendeur\/\" \/>\n<meta property=\"og:locale\" content=\"en_US\" \/>\n<meta property=\"og:type\" content=\"article\" \/>\n<meta property=\"og:title\" content=\"Cabinet de recrutement de vendeurs efficaces\" \/>\n<meta property=\"og:description\" content=\"ImpactUp, le cabinet sp\u00e9cialis\u00e9 dans le recrutement de vendeurs qui garantit le r\u00e9sultat. Des vendeurs sp\u00e9cialis\u00e9s avec le cabinet de recrutement ImpactUp.\" \/>\n<meta property=\"og:url\" content=\"https:\/\/impactup.com\/en\/glossaire\/cabinet-de-recrutement-vendeur\/\" \/>\n<meta property=\"og:site_name\" content=\"ImpactUp\" \/>\n<meta property=\"article:modified_time\" content=\"2024-06-12T14:33:55+00:00\" \/>\n<meta property=\"og:image\" content=\"https:\/\/impactup.com\/wp-content\/uploads\/2021\/01\/og.jpg\" \/>\n\t<meta property=\"og:image:width\" content=\"1067\" \/>\n\t<meta property=\"og:image:height\" content=\"600\" \/>\n\t<meta property=\"og:image:type\" content=\"image\/jpeg\" \/>\n<meta name=\"twitter:card\" content=\"summary_large_image\" \/>\n<meta name=\"twitter:label1\" content=\"Est. reading time\" \/>\n\t<meta name=\"twitter:data1\" content=\"7 minutes\" \/>\n<script type=\"application\/ld+json\" class=\"yoast-schema-graph\">{\"@context\":\"https:\/\/schema.org\",\"@graph\":[{\"@type\":\"WebPage\",\"@id\":\"https:\/\/impactup.com\/en\/glossaire\/cabinet-de-recrutement-vendeur\/\",\"url\":\"https:\/\/impactup.com\/en\/glossaire\/cabinet-de-recrutement-vendeur\/\",\"name\":\"Cabinet de recrutement de vendeurs efficaces\",\"isPartOf\":{\"@id\":\"https:\/\/impactup.com\/en\/#website\"},\"datePublished\":\"2024-06-10T11:45:04+00:00\",\"dateModified\":\"2024-06-12T14:33:55+00:00\",\"description\":\"ImpactUp, le cabinet sp\u00e9cialis\u00e9 dans le recrutement de vendeurs qui garantit le r\u00e9sultat. Des vendeurs sp\u00e9cialis\u00e9s avec le cabinet de recrutement ImpactUp.\",\"breadcrumb\":{\"@id\":\"https:\/\/impactup.com\/en\/glossaire\/cabinet-de-recrutement-vendeur\/#breadcrumb\"},\"inLanguage\":\"en-US\",\"potentialAction\":[{\"@type\":\"ReadAction\",\"target\":[\"https:\/\/impactup.com\/en\/glossaire\/cabinet-de-recrutement-vendeur\/\"]}]},{\"@type\":\"BreadcrumbList\",\"@id\":\"https:\/\/impactup.com\/en\/glossaire\/cabinet-de-recrutement-vendeur\/#breadcrumb\",\"itemListElement\":[{\"@type\":\"ListItem\",\"position\":1,\"name\":\"Accueil\",\"item\":\"https:\/\/impactup.com\/en\/\"},{\"@type\":\"ListItem\",\"position\":2,\"name\":\"Glossaire\",\"item\":\"https:\/\/impactup.com\/en\/glossaire\/\"},{\"@type\":\"ListItem\",\"position\":3,\"name\":\"Pour le recrutement de vendeurs, le cabinet ImpactUp propose son expertise\"}]},{\"@type\":\"WebSite\",\"@id\":\"https:\/\/impactup.com\/en\/#website\",\"url\":\"https:\/\/impactup.com\/en\/\",\"name\":\"ImpactUp\",\"description\":\"Recrutement commerciaux, directions commerciales et fonctions marketing\",\"potentialAction\":[{\"@type\":\"SearchAction\",\"target\":{\"@type\":\"EntryPoint\",\"urlTemplate\":\"https:\/\/impactup.com\/en\/?s={search_term_string}\"},\"query-input\":{\"@type\":\"PropertyValueSpecification\",\"valueRequired\":true,\"valueName\":\"search_term_string\"}}],\"inLanguage\":\"en-US\"}]}<\/script>\n<!-- \/ Yoast SEO plugin. -->","yoast_head_json":{"title":"Cabinet de recrutement de vendeurs efficaces","description":"ImpactUp, le cabinet sp\u00e9cialis\u00e9 dans le recrutement de vendeurs qui garantit le r\u00e9sultat. Des vendeurs sp\u00e9cialis\u00e9s avec le cabinet de recrutement ImpactUp.","robots":{"index":"index","follow":"follow","max-snippet":"max-snippet:-1","max-image-preview":"max-image-preview:large","max-video-preview":"max-video-preview:-1"},"canonical":"https:\/\/impactup.com\/en\/glossaire\/cabinet-de-recrutement-vendeur\/","og_locale":"en_US","og_type":"article","og_title":"Cabinet de recrutement de vendeurs efficaces","og_description":"ImpactUp, le cabinet sp\u00e9cialis\u00e9 dans le recrutement de vendeurs qui garantit le r\u00e9sultat. Des vendeurs sp\u00e9cialis\u00e9s avec le cabinet de recrutement ImpactUp.","og_url":"https:\/\/impactup.com\/en\/glossaire\/cabinet-de-recrutement-vendeur\/","og_site_name":"ImpactUp","article_modified_time":"2024-06-12T14:33:55+00:00","og_image":[{"width":1067,"height":600,"url":"https:\/\/impactup.com\/wp-content\/uploads\/2021\/01\/og.jpg","type":"image\/jpeg"}],"twitter_card":"summary_large_image","twitter_misc":{"Est. reading time":"7 minutes"},"schema":{"@context":"https:\/\/schema.org","@graph":[{"@type":"WebPage","@id":"https:\/\/impactup.com\/en\/glossaire\/cabinet-de-recrutement-vendeur\/","url":"https:\/\/impactup.com\/en\/glossaire\/cabinet-de-recrutement-vendeur\/","name":"Cabinet de recrutement de vendeurs efficaces","isPartOf":{"@id":"https:\/\/impactup.com\/en\/#website"},"datePublished":"2024-06-10T11:45:04+00:00","dateModified":"2024-06-12T14:33:55+00:00","description":"ImpactUp, le cabinet sp\u00e9cialis\u00e9 dans le recrutement de vendeurs qui garantit le r\u00e9sultat. Des vendeurs sp\u00e9cialis\u00e9s avec le cabinet de recrutement ImpactUp.","breadcrumb":{"@id":"https:\/\/impactup.com\/en\/glossaire\/cabinet-de-recrutement-vendeur\/#breadcrumb"},"inLanguage":"en-US","potentialAction":[{"@type":"ReadAction","target":["https:\/\/impactup.com\/en\/glossaire\/cabinet-de-recrutement-vendeur\/"]}]},{"@type":"BreadcrumbList","@id":"https:\/\/impactup.com\/en\/glossaire\/cabinet-de-recrutement-vendeur\/#breadcrumb","itemListElement":[{"@type":"ListItem","position":1,"name":"Accueil","item":"https:\/\/impactup.com\/en\/"},{"@type":"ListItem","position":2,"name":"Glossaire","item":"https:\/\/impactup.com\/en\/glossaire\/"},{"@type":"ListItem","position":3,"name":"Pour le recrutement de vendeurs, le cabinet ImpactUp propose son expertise"}]},{"@type":"WebSite","@id":"https:\/\/impactup.com\/en\/#website","url":"https:\/\/impactup.com\/en\/","name":"ImpactUp","description":"Recrutement commerciaux, directions commerciales et fonctions marketing","potentialAction":[{"@type":"SearchAction","target":{"@type":"EntryPoint","urlTemplate":"https:\/\/impactup.com\/en\/?s={search_term_string}"},"query-input":{"@type":"PropertyValueSpecification","valueRequired":true,"valueName":"search_term_string"}}],"inLanguage":"en-US"}]}},"_links":{"self":[{"href":"https:\/\/impactup.com\/en\/wp-json\/wp\/v2\/pages\/26157","targetHints":{"allow":["GET"]}}],"collection":[{"href":"https:\/\/impactup.com\/en\/wp-json\/wp\/v2\/pages"}],"about":[{"href":"https:\/\/impactup.com\/en\/wp-json\/wp\/v2\/types\/page"}],"author":[{"embeddable":true,"href":"https:\/\/impactup.com\/en\/wp-json\/wp\/v2\/users\/4"}],"replies":[{"embeddable":true,"href":"https:\/\/impactup.com\/en\/wp-json\/wp\/v2\/comments?post=26157"}],"version-history":[{"count":5,"href":"https:\/\/impactup.com\/en\/wp-json\/wp\/v2\/pages\/26157\/revisions"}],"predecessor-version":[{"id":26554,"href":"https:\/\/impactup.com\/en\/wp-json\/wp\/v2\/pages\/26157\/revisions\/26554"}],"up":[{"embeddable":true,"href":"https:\/\/impactup.com\/en\/wp-json\/wp\/v2\/pages\/17218"}],"wp:attachment":[{"href":"https:\/\/impactup.com\/en\/wp-json\/wp\/v2\/media?parent=26157"}],"curies":[{"name":"wp","href":"https:\/\/api.w.org\/{rel}","templated":true}]}}